{"id":4823,"date":"2024-05-03T06:33:58","date_gmt":"2024-05-03T06:33:58","guid":{"rendered":"https:\/\/elfsight.com\/pl\/?page_id=4823"},"modified":"2024-10-23T13:33:50","modified_gmt":"2024-10-23T13:33:50","slug":"prestashop","status":"publish","type":"page","link":"https:\/\/elfsight.com\/pl\/countdown-timer-widget\/prestashop\/","title":{"rendered":"Countdown Timer &#8211; PrestaShop"},"content":{"rendered":"<div class=\"application-platform-content-item-description application-platform-content-item\" id=\"description\" data-nav-section=\"description\"><h2>Opis<\/h2><p>Wy\u015bwietlaj odliczanie zwi\u0119kszaj\u0105ce sprzeda\u017c w Twojej witrynie za pomoc\u0105 licznika czasu Elfsight. Podkr\u0119\u0107 atmosfer\u0119 i wywo\u0142aj poczucie deficytu swoich ofert, pokazuj\u0105c, jak szybko s\u0105 one wyprzedane na oczach u\u017cytkownik\u00f3w. Zwi\u0119ksz pilno\u015b\u0107 ich zdobycia wraz z odliczaniem czasu do ko\u0144ca okresu oferty specjalnej. Przyci\u0105gnij uwag\u0119 do swoich przysz\u0142ych wydarze\u0144.<\/p><\/div> <div class=\"application-platform-content-item-features application-platform-content-item\" id=\"features\" data-nav-section=\"features\"> <h2>Poznaj list\u0119 najlepszych funkcji: <\/h2> <ul><li>Wykorzystuj przyciski CTA, aby kierowa\u0107 u\u017cytkownikami w kierunku nawr\u00f3cenia. <\/li><li>Zmie\u0144 czas trwania zmiany slajdu. <\/li><li>Wybierz jedn\u0105 z wielu opcji. <\/li><li>Umie\u015b\u0107 tekst w dowolnym miejscu na stronie, korzystaj\u0105c z zaawansowanej pozycji. <\/li><li>Zmodyfikuj pi\u0119\u0107 element\u00f3w tre\u015bci. <\/li><\/ul><p><a href=\"#demo\">Pe\u0142ne mo\u017cliwo\u015bci wid\u017cetu mo\u017cesz odkry\u0107 w wersji demonstracyjnej na tej stronie<\/a><\/p> <\/div> <div class=\"application-platform-content-item-installation application-platform-content-item\" id=\"installation\" data-nav-section=\"installation\"> <h2>Jak doda\u0107 licznik czasu do mojej strony internetowej PrestaShop? <\/h2> <p>Wystarczy wykona\u0107 kilka krok\u00f3w opisanych poni\u017cej, aby osadzi\u0107 narz\u0119dzie. <\/p> <ol><li><b>Otw\u00f3rz nasze bezp\u0142atne demo i zacznij tworzy\u0107 sw\u00f3j spersonalizowany instrument. <\/b><br> Wybierz niestandardowy interfejs i cechy funkcjonalne wid\u017cetu, a nast\u0119pnie zastosuj zmiany. <\/li> <li><b>Zdob\u0105d\u017a osobisty kod pokazany w oknie aplikacji Elfsight. <\/b><br> Po zako\u0144czeniu tworzenia osobistego wid\u017cetu skopiuj ekskluzywny kod z wy\u015bwietlonego wyskakuj\u0105cego okienka i zapisz go do dalszego wykorzystania. <\/li> <li><b>Rozpocznij korzystanie z wid\u017cetu na swojej stronie g\u0142\u00f3wnej PrestaShop. <\/b><br> Umie\u015b\u0107 skopiowany wcze\u015bniej kod na swojej stronie internetowej i zapisz zmiany. <\/li> <li><b>Instalacja zosta\u0142a w pe\u0142ni przeprowadzona. <\/b><br> Odwied\u017a swoj\u0105 witryn\u0119, aby zobaczy\u0107 w akcji, jak dzia\u0142a widget. <\/li><\/ol> <p>Je\u015bli masz do czynienia z zapytaniami lub napotkasz przeszkody, skontaktuj si\u0119 z naszym personelem pomocniczym. Nasi ludzie ch\u0119tnie pomog\u0105 Ci we wszystkich pytaniach zwi\u0105zanych z widgetem. <\/p> <div class=\"faq\" data-component=\"FAQ\"> <div class=\"faq-item\">\r\n\t\t\t\t\t<div class=\"faq-item-question\">\r\n\t\t\t\t\t\t<h3 class=\"faq-item-question-text\">Jak doda\u0107 licznik czasu do mojej witryny PrestaShop bez umiej\u0119tno\u015bci kodowania?<\/h3>\r\n\r\n\t\t\t\t\t\t<div class=\"faq-item-question-icon\"><\/div>\r\n\t\t\t\t\t<\/div>\r\n\r\n\t\t\t\t\t<div class=\"faq-item-answer\">\r\n\t\t\t\t\t\t<div class=\"faq-item-answer-text\"> <p>Elfsight zapewnia rozwi\u0105zanie SaaS, kt\u00f3re pozwala na samodzielne utworzenie wid\u017cetu licznika czasu. Zobacz, jak \u0142atwo proces jest nast\u0119puj\u0105cy: Pracuj bezpo\u015brednio w edytorze online, aby utworzy\u0107 wid\u017cet licznika czasu, kt\u00f3ry chcia\u0142by\u015b zobaczy\u0107 na swojej stronie PrestaShop. Wybierz jeden z gotowych szablon\u00f3w i dostosuj ustawienia licznika czasu, dodaj tre\u015b\u0107, zmie\u0144 uk\u0142ad i kolory bez umiej\u0119tno\u015bci kodowania. Zapisz licznik czasu i skopiuj jego kod instalacyjny, aby\u015b m\u00f3g\u0142 bez wysi\u0142ku doda\u0107 swoj\u0105 witryn\u0119 PrestaShop bez konieczno\u015bci kupowania wersji p\u0142atnej. Dzi\u0119ki naszemu intuicyjnemu edytorowi ka\u017cdy u\u017cytkownik Internetu mo\u017ce stworzy\u0107 wid\u017cet Minutnik online i \u0142atwo osadzi\u0107 go na swojej stronie PrestaShop. Aby uzyska\u0107 dost\u0119p do us\u0142ugi, nie trzeba p\u0142aci\u0107 ani wprowadza\u0107 danych uwierzytelniaj\u0105cych karty. Je\u015bli na kt\u00f3rymkolwiek etapie napotkasz jakiekolwiek problemy, skontaktuj si\u0119 z naszym zespo\u0142em pomocy technicznej.<\/p> <\/div>\r\n\t\t\t\t\t<\/div>\r\n\t\t\t\t<\/div> <\/div> <\/div>","protected":false},"excerpt":{"rendered":"","protected":false},"author":9,"featured_media":0,"parent":1879,"menu_order":0,"comment_status":"closed","ping_status":"closed","template":"templates\/template-application-platform.php","meta":{"publish_to_discourse":"","publish_post_category":"","wpdc_auto_publish_overridden":"","wpdc_topic_tags":"","wpdc_pin_topic":"","wpdc_pin_until":"","discourse_post_id":"","discourse_permalink":"","wpdc_publishing_response":"","wpdc_publishing_error":"","footnotes":""},"class_list":["post-4823","page","type-page","status-publish","hentry"],"yoast_head":"<!-- This site is optimized with the Yoast SEO plugin v25.3.1 - https:\/\/yoast.com\/wordpress\/plugins\/seo\/ -->\n<title>Najlepszy dodatek do licznika czasu PrestaShop dla witryny internetowej (2025)<\/title>\n<meta name=\"description\" content=\"Dowiedz si\u0119, jak bezp\u0142atnie doda\u0107 licznik czasu do PrestaShop. U\u017cyj najlepszego interaktywnego zegara odliczaj\u0105cego, aby stworzy\u0107 piln\u0105 potrzeb\u0119 sprzeda\u017cy na stronie internetowej.\" \/>\n<meta name=\"robots\" content=\"index, follow, max-snippet:-1, max-image-preview:large, max-video-preview:-1\" \/>\n<link rel=\"canonical\" href=\"https:\/\/elfsight.com\/pl\/countdown-timer-widget\/prestashop\/\" \/>\n<meta property=\"og:locale\" content=\"pl_PL\" \/>\n<meta property=\"og:type\" content=\"article\" \/>\n<meta property=\"og:title\" content=\"Najlepszy dodatek do licznika czasu PrestaShop dla witryny internetowej (2025)\" \/>\n<meta property=\"og:description\" content=\"Dowiedz si\u0119, jak bezp\u0142atnie doda\u0107 licznik czasu do PrestaShop. U\u017cyj najlepszego interaktywnego zegara odliczaj\u0105cego, aby stworzy\u0107 piln\u0105 potrzeb\u0119 sprzeda\u017cy na stronie internetowej.\" \/>\n<meta property=\"og:url\" content=\"https:\/\/elfsight.com\/pl\/countdown-timer-widget\/prestashop\/\" \/>\n<meta property=\"og:site_name\" content=\"Elfsight PL\" \/>\n<meta property=\"article:modified_time\" content=\"2024-10-23T13:33:50+00:00\" \/>\n<meta name=\"twitter:card\" content=\"summary_large_image\" \/>\n<meta name=\"twitter:label1\" content=\"Szacowany czas czytania\" \/>\n\t<meta name=\"twitter:data1\" content=\"2 minuty\" \/>\n<!-- \/ Yoast SEO plugin. -->","yoast_head_json":{"title":"Najlepszy dodatek do licznika czasu PrestaShop dla witryny internetowej (2025)","description":"Dowiedz si\u0119, jak bezp\u0142atnie doda\u0107 licznik czasu do PrestaShop. U\u017cyj najlepszego interaktywnego zegara odliczaj\u0105cego, aby stworzy\u0107 piln\u0105 potrzeb\u0119 sprzeda\u017cy na stronie internetowej.","robots":{"index":"index","follow":"follow","max-snippet":"max-snippet:-1","max-image-preview":"max-image-preview:large","max-video-preview":"max-video-preview:-1"},"canonical":"https:\/\/elfsight.com\/pl\/countdown-timer-widget\/prestashop\/","og_locale":"pl_PL","og_type":"article","og_title":"Najlepszy dodatek do licznika czasu PrestaShop dla witryny internetowej (2025)","og_description":"Dowiedz si\u0119, jak bezp\u0142atnie doda\u0107 licznik czasu do PrestaShop. U\u017cyj najlepszego interaktywnego zegara odliczaj\u0105cego, aby stworzy\u0107 piln\u0105 potrzeb\u0119 sprzeda\u017cy na stronie internetowej.","og_url":"https:\/\/elfsight.com\/pl\/countdown-timer-widget\/prestashop\/","og_site_name":"Elfsight PL","article_modified_time":"2024-10-23T13:33:50+00:00","twitter_card":"summary_large_image","twitter_misc":{"Szacowany czas czytania":"2 minuty"},"schema":{"@context":"https:\/\/schema.org","@graph":[{"@type":"WebPage","@id":"https:\/\/elfsight.com\/pl\/countdown-timer-widget\/prestashop\/","url":"https:\/\/elfsight.com\/pl\/countdown-timer-widget\/prestashop\/","name":"Najlepszy dodatek do licznika czasu PrestaShop dla witryny internetowej (2025)","isPartOf":{"@id":"https:\/\/elfsight.com\/pl\/#website"},"datePublished":"2024-05-03T06:33:58+00:00","dateModified":"2024-10-23T13:33:50+00:00","description":"Dowiedz si\u0119, jak bezp\u0142atnie doda\u0107 licznik czasu do PrestaShop. U\u017cyj najlepszego interaktywnego zegara odliczaj\u0105cego, aby stworzy\u0107 piln\u0105 potrzeb\u0119 sprzeda\u017cy na stronie internetowej.","breadcrumb":{"@id":"https:\/\/elfsight.com\/pl\/countdown-timer-widget\/prestashop\/#breadcrumb"},"inLanguage":"pl-PL","potentialAction":[{"@type":"ReadAction","target":["https:\/\/elfsight.com\/pl\/countdown-timer-widget\/prestashop\/"]}]},{"@type":"BreadcrumbList","@id":"https:\/\/elfsight.com\/pl\/countdown-timer-widget\/prestashop\/#breadcrumb","itemListElement":[{"@type":"ListItem","position":1,"name":"Home","item":"https:\/\/elfsight.com\/pl\/"},{"@type":"ListItem","position":2,"name":"Countdown Timer","item":"https:\/\/elfsight.com\/pl\/countdown-timer-widget\/"},{"@type":"ListItem","position":3,"name":"Countdown Timer &#8211; PrestaShop"}]},{"@type":"WebSite","@id":"https:\/\/elfsight.com\/pl\/#website","url":"https:\/\/elfsight.com\/pl\/","name":"Elfsight PL","description":"Just another Elfsight Sites site","potentialAction":[{"@type":"SearchAction","target":{"@type":"EntryPoint","urlTemplate":"https:\/\/elfsight.com\/pl\/?s={search_term_string}"},"query-input":{"@type":"PropertyValueSpecification","valueRequired":true,"valueName":"search_term_string"}}],"inLanguage":"pl-PL"}]}},"meta_box":{"industry":"","seo_heading":"","heading":"","description":"","cta_heading":"","cta_description":"","application":"1878","h1":"Dodatek do minutnika PrestaShop","h1_caption":"Ustaw odliczanie do wa\u017cnych wydarze\u0144 lub promocji, aby bez wysi\u0142ku wywo\u0142a\u0107 u os\u00f3b odwiedzaj\u0105cych Twoj\u0105 witryn\u0119 Prestashop poczucie pilno\u015bci.","application_category":[],"applications_title":"","applications_request_title":"","applications_request_button_text":"","hero_text":"","hero_video":"","hero_video_schema_markup":"","selling_points_title":"","selling_points_caption":"","selling_points":[],"selling_points_cta_text":"","features_title":"","features":"","ed_cta_examples_text":"","ed_cta_examples_hidden":"","ed_cta_demo_text":"","ed_cta_demo_hidden":"","why_caption":"","why_editor_title":"","why_editor_text":"","why_team_title":"","why_team_text":"","why_service_title":"","why_service_text":"","template_catalog_visible":"","template_catalog_title":"","template_catalog_text":"","template_catalog_categories_visible":"","demo_title":"Wygeneruj tutaj sw\u00f3j w\u0142asny licznik czasu PrestaShop!","demo_caption":"Spersonalizuj go i zintegruj dodatek ze swoj\u0105 witryn\u0105 po wyj\u0119ciu z wersji demonstracyjnej","default_faq_hidden":"","app_template_category":[],"platform":"586","template_public_id":"","codecanyon_url":"","codecanyon_item_id":"","codecanyon_price":"","pricing_caption":"","pricing_elfsight_apps_hide_column":"","pricing_elfsight_apps_url":"","pricing_codecanyon_price_caption":"","integration_category":[],"integration_request_title":"","integration_request_cta":"","integration_platform":"","integrations":[],"platform_category":[],"video_schema_markup":"","price":"od 0 USD \/ miesi\u0105c","trial":"","benefits":[{"text":"Bezp\u0142atna pomoc w monta\u017cu"},{"text":"Do\u015bwiadczona obs\u0142uga klienta"},{"text":"14-dniowa gwarancja zwrotu pieni\u0119dzy"}],"button_url":"#demo","button_target_blank":"","button_nofollow":"","attributes":[{"name":"Instaluje"},{"name":"Czu\u0142y"},{"name":"Kompatybilne przegl\u0105darki"}],"tags":[],"tags_disable_links":"","hide_more_platforms":"","video_object":"","demo_hide_cta":"","demo_hide_cloud_options":"","pricing_title":"","pricing":[{"pricing_icon":"platform","pricing_title":"Elfsight Apps","pricing_title_caption":"Oprogramowanie niezale\u017cne od platformy, kt\u00f3re dzia\u0142a na ka\u017cdej stronie internetowej","pricing_price":"od 0 USD \/ miesi\u0105c","pricing_price_caption":"zacznij od bezp\u0142atnego planu","pricing_benefits":[{"text":"Nielimitowane strony internetowe"},{"text":"Ca\u0142odobowa obs\u0142uga klienta"},{"text":"Bezp\u0142atna us\u0142uga monta\u017cu"},{"text":"Elastyczny projekt"}],"pricing_button_text":"Dodaj do witryny","pricing_button_url":"#demo"}],"related_apps_title":"","related_apps_hidden":"","author":"","image":[],"title":"","job":"","social_networks":[]},"_links":{"self":[{"href":"https:\/\/elfsight.com\/pl\/wp-json\/wp\/v2\/pages\/4823","targetHints":{"allow":["GET"]}}],"collection":[{"href":"https:\/\/elfsight.com\/pl\/wp-json\/wp\/v2\/pages"}],"about":[{"href":"https:\/\/elfsight.com\/pl\/wp-json\/wp\/v2\/types\/page"}],"author":[{"embeddable":true,"href":"https:\/\/elfsight.com\/pl\/wp-json\/wp\/v2\/users\/9"}],"replies":[{"embeddable":true,"href":"https:\/\/elfsight.com\/pl\/wp-json\/wp\/v2\/comments?post=4823"}],"version-history":[{"count":1,"href":"https:\/\/elfsight.com\/pl\/wp-json\/wp\/v2\/pages\/4823\/revisions"}],"predecessor-version":[{"id":4827,"href":"https:\/\/elfsight.com\/pl\/wp-json\/wp\/v2\/pages\/4823\/revisions\/4827"}],"up":[{"embeddable":true,"href":"https:\/\/elfsight.com\/pl\/wp-json\/wp\/v2\/pages\/1879"}],"wp:attachment":[{"href":"https:\/\/elfsight.com\/pl\/wp-json\/wp\/v2\/media?parent=4823"}],"curies":[{"name":"wp","href":"https:\/\/api.w.org\/{rel}","templated":true}]}}