{"id":4822,"date":"2024-05-03T06:33:57","date_gmt":"2024-05-03T06:33:57","guid":{"rendered":"https:\/\/elfsight.com\/pl\/?page_id=4822"},"modified":"2024-10-23T13:34:07","modified_gmt":"2024-10-23T13:34:07","slug":"jimdo","status":"publish","type":"page","link":"https:\/\/elfsight.com\/pl\/countdown-timer-widget\/jimdo\/","title":{"rendered":"Countdown Timer &#8211; Jimdo"},"content":{"rendered":"<div class=\"application-platform-content-item-description application-platform-content-item\" id=\"description\" data-nav-section=\"description\"> <h2>Opis<\/h2> <p>Skonfiguruj liczniki promuj\u0105ce sprzeda\u017c w swojej witrynie za pomoc\u0105 licznika czasu Elfsight. Podkr\u0119\u0107 atmosfer\u0119 i wywo\u0142aj poczucie niedoboru swoich ofert, pokazuj\u0105c, jak szybko s\u0105 one kupowane na oczach odbiorc\u00f3w. Przekonaj u\u017cytkownik\u00f3w w trybie pilnym do ich zakupu, a\u017c do ko\u0144ca okresu oferty specjalnej. Przyci\u0105gnij uwag\u0119 do swojej przysz\u0142o\u015bci lub wakacji i spraw, aby Twoi klienci z niecierpliwo\u015bci\u0105 czekali na pocz\u0105tek, wy\u015bwietlaj\u0105c minutnik. U\u017cyj licznika czasu Elfsight, aby utworzy\u0107 r\u00f3\u017cnorodne typy licznik\u00f3w i licznik\u00f3w czasu, kt\u00f3re zach\u0119c\u0105 odbiorc\u00f3w do zakup\u00f3w. Liczenie zapas\u00f3w lub sprzeda\u017cy zbuduje poczucie deficytu i konkurencji; odliczanie sprzeda\u017cy zach\u0119ci klient\u00f3w do zakupu, zanim strac\u0105 op\u0142acaln\u0105 ofert\u0119. Indywidualne odliczanie pobudzi ka\u017cd\u0105 osob\u0119 do szybszego skorzystania z osobistej oferty; \u015bwi\u0105teczne bary przyci\u0105gn\u0105 uwag\u0119 za pomoc\u0105 motywu przewodniego. <\/p><p><b>Zwi\u0119ksz skuteczno\u015b\u0107 swojej witryny w celach e-commerce za pomoc\u0105 licznika czasu.<\/b><\/p> <\/div> <div class=\"application-platform-content-item-features application-platform-content-item\" id=\"features\" data-nav-section=\"features\"> <h2> Oto tylko kilka cennych funkcji wid\u017cetu: <\/h2> <ul><li>Trzy typy licznik\u00f3w czasu: liczba od pocz\u0105tku do ko\u0144ca, pozosta\u0142y czas na odwiedzaj\u0105cego, od pocz\u0105tku do ko\u0144ca<\/li><li> Liczniki w g\u00f3r\u0119 i w d\u00f3\u0142<\/li><li>Opcja ustawienia godziny i daty rozpocz\u0119cia i zako\u0144czenia<\/li><li>Spersonalizowany tekst wiadomo\u015bci timera z formatowaniem<\/li><li>Utw\u00f3rz niestandardowy przycisk pod timerem&lt;\/li <\/ul><p><a href=\"#demo\">Po prostu wypr\u00f3buj t\u0119 wersj\u0119 demonstracyjn\u0105, aby zobaczy\u0107, jak to dzia\u0142a<\/a><\/p> <\/div> <div class=\"application-platform-content-item-installation application-platform-content-item\" id=\"installation\" data-nav-section=\"installation\"> <h2>Jak czy mam osadzi\u0107 licznik czasu na mojej stronie internetowej Jimdo <\/h2> <p>Wystarczy wykona\u0107 poni\u017csze kroki, aby rozpocz\u0105\u0107 korzystanie z tego narz\u0119dzia. <\/p> <ol><li><b>Zarz\u0105dzaj naszym bezp\u0142atnym konfiguratorem i zacznij tworzy\u0107 instrument szyty na miar\u0119. <\/b><br> Znajd\u017a preferowany uk\u0142ad i funkcje wid\u017cetu i zapisz zmiany. <\/li> <li><b>Skopiuj indywidualny kod ujawniony w specjalnym formularzu w aplikacjach Elfsight. <\/b><br> Zaraz po utworzeniu osobistego narz\u0119dzia skopiuj ekskluzywny kod z wy\u015bwietlonego pola i zapisz go na p\u00f3\u017aniej. <\/li> <li><b>Rozpocznij korzystanie z wid\u017cetu na swojej stronie Jimdo. <\/b><br> Wstaw kod, kt\u00f3ry ostatnio zapisa\u0142e\u015b na swojej stronie i zastosuj zmiany. <\/li> <li><b>Gotowe! Integracja zosta\u0142a pomy\u015blnie przeprowadzona. <\/b><br> Przejd\u017a do swojej witryny i sprawd\u017a dzia\u0142anie widgetu. <\/li><\/ol> <p>Je\u015bli napotkasz jakiekolwiek trudno\u015bci, mo\u017cesz zwr\u00f3ci\u0107 si\u0119 o pomoc do naszego personelu obs\u0142ugi klienta. Nasi konsultanci ch\u0119tnie pomog\u0105 Ci we wszystkich pytaniach zwi\u0105zanych z widgetem. <\/p> <div class=\"faq\" data-component=\"FAQ\"> <div class=\"faq-item\">\r\n\t\t\t\t\t<div class=\"faq-item-question\">\r\n\t\t\t\t\t\t<h3 class=\"faq-item-question-text\">Jak doda\u0107 licznik czasu do mojej witryny Jimdo bez umiej\u0119tno\u015bci kodowania?<\/h3>\r\n\r\n\t\t\t\t\t\t<div class=\"faq-item-question-icon\"><\/div>\r\n\t\t\t\t\t<\/div>\r\n\r\n\t\t\t\t\t<div class=\"faq-item-answer\">\r\n\t\t\t\t\t\t<div class=\"faq-item-answer-text\"> <p>Elfsight zapewnia rozwi\u0105zanie SaaS, kt\u00f3re pozwala na samodzielne utworzenie wid\u017cetu minutnika. Zobacz, jak \u0142atwo proces jest nast\u0119puj\u0105cy: Pracuj bezpo\u015brednio w edytorze online, aby utworzy\u0107 wid\u017cet licznika czasu, kt\u00f3ry chcia\u0142by\u015b zobaczy\u0107 na swojej stronie internetowej Jimdo. Wybierz jeden z gotowych szablon\u00f3w i dostosuj ustawienia licznika czasu, dodaj tre\u015b\u0107, zmie\u0144 uk\u0142ad i schemat kolor\u00f3w bez umiej\u0119tno\u015bci kodowania. Zapisz licznik czasu i skopiuj jego kod instalacyjny, kt\u00f3ry mo\u017cesz po prostu osadzi\u0107 na swojej stronie internetowej Jimdo bez konieczno\u015bci zakupu p\u0142atnego planu. Dzi\u0119ki naszemu intuicyjnemu edytorowi ka\u017cdy u\u017cytkownik Internetu mo\u017ce stworzy\u0107 wid\u017cet Minutnik online i \u0142atwo osadzi\u0107 go na swojej stronie internetowej Jimdo. Aby uzyska\u0107 dost\u0119p do us\u0142ugi, nie trzeba p\u0142aci\u0107 ani wprowadza\u0107 danych uwierzytelniaj\u0105cych karty. Je\u015bli na kt\u00f3rymkolwiek etapie napotkasz jakiekolwiek problemy, skontaktuj si\u0119 z naszym zespo\u0142em pomocy technicznej.<\/p> <\/div>\r\n\t\t\t\t\t<\/div>\r\n\t\t\t\t<\/div> <\/div> <\/div>","protected":false},"excerpt":{"rendered":"","protected":false},"author":9,"featured_media":0,"parent":1879,"menu_order":0,"comment_status":"closed","ping_status":"closed","template":"templates\/template-application-platform.php","meta":{"publish_to_discourse":"","publish_post_category":"","wpdc_auto_publish_overridden":"","wpdc_topic_tags":"","wpdc_pin_topic":"","wpdc_pin_until":"","discourse_post_id":"","discourse_permalink":"","wpdc_publishing_response":"","wpdc_publishing_error":"","footnotes":""},"class_list":["post-4822","page","type-page","status-publish","hentry"],"yoast_head":"<!-- This site is optimized with the Yoast SEO plugin v25.3.1 - https:\/\/yoast.com\/wordpress\/plugins\/seo\/ -->\n<title>Najlepszy widget licznika czasu Jimdo na stron\u0119 internetow\u0105 (2026)<\/title>\n<meta name=\"description\" content=\"Dowiedz si\u0119, jak bezp\u0142atnie doda\u0107 licznik czasu do Jimdo. U\u017cyj najlepszego interaktywnego zegara odliczaj\u0105cego, aby stworzy\u0107 piln\u0105 potrzeb\u0119 sprzeda\u017cy na stronie internetowej.\" \/>\n<meta name=\"robots\" content=\"index, follow, max-snippet:-1, max-image-preview:large, max-video-preview:-1\" \/>\n<link rel=\"canonical\" href=\"https:\/\/elfsight.com\/pl\/countdown-timer-widget\/jimdo\/\" \/>\n<meta property=\"og:locale\" content=\"pl_PL\" \/>\n<meta property=\"og:type\" content=\"article\" \/>\n<meta property=\"og:title\" content=\"Najlepszy widget licznika czasu Jimdo na stron\u0119 internetow\u0105 (2026)\" \/>\n<meta property=\"og:description\" content=\"Dowiedz si\u0119, jak bezp\u0142atnie doda\u0107 licznik czasu do Jimdo. U\u017cyj najlepszego interaktywnego zegara odliczaj\u0105cego, aby stworzy\u0107 piln\u0105 potrzeb\u0119 sprzeda\u017cy na stronie internetowej.\" \/>\n<meta property=\"og:url\" content=\"https:\/\/elfsight.com\/pl\/countdown-timer-widget\/jimdo\/\" \/>\n<meta property=\"og:site_name\" content=\"Elfsight PL\" \/>\n<meta property=\"article:modified_time\" content=\"2024-10-23T13:34:07+00:00\" \/>\n<meta name=\"twitter:card\" content=\"summary_large_image\" \/>\n<meta name=\"twitter:label1\" content=\"Szacowany czas czytania\" \/>\n\t<meta name=\"twitter:data1\" content=\"3 minuty\" \/>\n<!-- \/ Yoast SEO plugin. -->","yoast_head_json":{"title":"Najlepszy widget licznika czasu Jimdo na stron\u0119 internetow\u0105 (2026)","description":"Dowiedz si\u0119, jak bezp\u0142atnie doda\u0107 licznik czasu do Jimdo. U\u017cyj najlepszego interaktywnego zegara odliczaj\u0105cego, aby stworzy\u0107 piln\u0105 potrzeb\u0119 sprzeda\u017cy na stronie internetowej.","robots":{"index":"index","follow":"follow","max-snippet":"max-snippet:-1","max-image-preview":"max-image-preview:large","max-video-preview":"max-video-preview:-1"},"canonical":"https:\/\/elfsight.com\/pl\/countdown-timer-widget\/jimdo\/","og_locale":"pl_PL","og_type":"article","og_title":"Najlepszy widget licznika czasu Jimdo na stron\u0119 internetow\u0105 (2026)","og_description":"Dowiedz si\u0119, jak bezp\u0142atnie doda\u0107 licznik czasu do Jimdo. U\u017cyj najlepszego interaktywnego zegara odliczaj\u0105cego, aby stworzy\u0107 piln\u0105 potrzeb\u0119 sprzeda\u017cy na stronie internetowej.","og_url":"https:\/\/elfsight.com\/pl\/countdown-timer-widget\/jimdo\/","og_site_name":"Elfsight PL","article_modified_time":"2024-10-23T13:34:07+00:00","twitter_card":"summary_large_image","twitter_misc":{"Szacowany czas czytania":"3 minuty"},"schema":{"@context":"https:\/\/schema.org","@graph":[{"@type":"WebPage","@id":"https:\/\/elfsight.com\/pl\/countdown-timer-widget\/jimdo\/","url":"https:\/\/elfsight.com\/pl\/countdown-timer-widget\/jimdo\/","name":"Najlepszy widget licznika czasu Jimdo na stron\u0119 internetow\u0105 (2026)","isPartOf":{"@id":"https:\/\/elfsight.com\/pl\/#website"},"datePublished":"2024-05-03T06:33:57+00:00","dateModified":"2024-10-23T13:34:07+00:00","description":"Dowiedz si\u0119, jak bezp\u0142atnie doda\u0107 licznik czasu do Jimdo. U\u017cyj najlepszego interaktywnego zegara odliczaj\u0105cego, aby stworzy\u0107 piln\u0105 potrzeb\u0119 sprzeda\u017cy na stronie internetowej.","breadcrumb":{"@id":"https:\/\/elfsight.com\/pl\/countdown-timer-widget\/jimdo\/#breadcrumb"},"inLanguage":"pl-PL","potentialAction":[{"@type":"ReadAction","target":["https:\/\/elfsight.com\/pl\/countdown-timer-widget\/jimdo\/"]}]},{"@type":"BreadcrumbList","@id":"https:\/\/elfsight.com\/pl\/countdown-timer-widget\/jimdo\/#breadcrumb","itemListElement":[{"@type":"ListItem","position":1,"name":"Home","item":"https:\/\/elfsight.com\/pl\/"},{"@type":"ListItem","position":2,"name":"Countdown Timer","item":"https:\/\/elfsight.com\/pl\/countdown-timer-widget\/"},{"@type":"ListItem","position":3,"name":"Countdown Timer &#8211; Jimdo"}]},{"@type":"WebSite","@id":"https:\/\/elfsight.com\/pl\/#website","url":"https:\/\/elfsight.com\/pl\/","name":"Elfsight PL","description":"Just another Elfsight Sites site","potentialAction":[{"@type":"SearchAction","target":{"@type":"EntryPoint","urlTemplate":"https:\/\/elfsight.com\/pl\/?s={search_term_string}"},"query-input":{"@type":"PropertyValueSpecification","valueRequired":true,"valueName":"search_term_string"}}],"inLanguage":"pl-PL"}]}},"meta_box":{"industry":"","seo_heading":"","heading":"","description":"","cta_heading":"","cta_description":"","application":"1878","h1":"Wid\u017cet licznika czasu Jimdo","h1_caption":"Ustaw odliczanie do wa\u017cnych wydarze\u0144 lub promocji, tworz\u0105c poczucie pilno\u015bci dla os\u00f3b odwiedzaj\u0105cych Twoj\u0105 witryn\u0119 Jimdo.","application_category":[],"applications_title":"","applications_request_title":"","applications_request_button_text":"","hero_text":"","hero_video":"","hero_video_schema_markup":"","selling_points_title":"","selling_points_caption":"","selling_points":[],"selling_points_cta_text":"","features_title":"","features":"","ed_cta_examples_text":"","ed_cta_examples_hidden":"","ed_cta_demo_text":"","ed_cta_demo_hidden":"","why_caption":"","why_editor_title":"","why_editor_text":"","why_team_title":"","why_team_text":"","why_service_title":"","why_service_text":"","template_catalog_visible":"","template_catalog_title":"","template_catalog_text":"","template_catalog_categories_visible":"","demo_title":"Wygeneruj tutaj sw\u00f3j w\u0142asny minutnik Squarespace!","demo_caption":"Szybko i bez wysi\u0142ku pobierz wtyczk\u0119 za pomoc\u0105 edytora w zaledwie 2 minuty.","default_faq_hidden":"","app_template_category":[],"platform":"193","template_public_id":"","codecanyon_url":"","codecanyon_item_id":"","codecanyon_price":"","pricing_caption":"","pricing_elfsight_apps_hide_column":"","pricing_elfsight_apps_url":"","pricing_codecanyon_price_caption":"","integration_category":[],"integration_request_title":"","integration_request_cta":"","integration_platform":"","integrations":[],"platform_category":[],"video_schema_markup":"","price":"od 0 USD \/ miesi\u0105c","trial":"","benefits":[{"text":"Bezp\u0142atna us\u0142uga monta\u017cu"},{"text":"Profesjonalna obs\u0142uga klienta"},{"text":"14-dniowa gwarancja zwrotu pieni\u0119dzy"}],"button_url":"#demo","button_target_blank":"","button_nofollow":"","attributes":[{"name":"Instaluje"},{"name":"Czu\u0142y"},{"name":"Kompatybilne przegl\u0105darki"}],"tags":[],"tags_disable_links":"","hide_more_platforms":"","video_object":"","demo_hide_cta":"","demo_hide_cloud_options":"","pricing_title":"","pricing":[{"pricing_icon":"platform","pricing_title":"Elfsight Apps","pricing_title_caption":"Oprogramowanie niezale\u017cne od platformy, kt\u00f3re dzia\u0142a na ka\u017cdej stronie internetowej","pricing_price":"od 0 USD \/ miesi\u0105c","pricing_price_caption":"zacznij od bezp\u0142atnego planu","pricing_benefits":[{"text":"Nielimitowane strony internetowe"},{"text":"Ca\u0142odobowa obs\u0142uga klienta"},{"text":"Bezp\u0142atna us\u0142uga monta\u017cu"},{"text":"Elastyczny projekt"}],"pricing_button_text":"Dodaj do witryny","pricing_button_url":"#demo"}],"related_apps_title":"","related_apps_hidden":"","author":"","image":[],"title":"","job":"","social_networks":[]},"_links":{"self":[{"href":"https:\/\/elfsight.com\/pl\/wp-json\/wp\/v2\/pages\/4822","targetHints":{"allow":["GET"]}}],"collection":[{"href":"https:\/\/elfsight.com\/pl\/wp-json\/wp\/v2\/pages"}],"about":[{"href":"https:\/\/elfsight.com\/pl\/wp-json\/wp\/v2\/types\/page"}],"author":[{"embeddable":true,"href":"https:\/\/elfsight.com\/pl\/wp-json\/wp\/v2\/users\/9"}],"replies":[{"embeddable":true,"href":"https:\/\/elfsight.com\/pl\/wp-json\/wp\/v2\/comments?post=4822"}],"version-history":[{"count":1,"href":"https:\/\/elfsight.com\/pl\/wp-json\/wp\/v2\/pages\/4822\/revisions"}],"predecessor-version":[{"id":4826,"href":"https:\/\/elfsight.com\/pl\/wp-json\/wp\/v2\/pages\/4822\/revisions\/4826"}],"up":[{"embeddable":true,"href":"https:\/\/elfsight.com\/pl\/wp-json\/wp\/v2\/pages\/1879"}],"wp:attachment":[{"href":"https:\/\/elfsight.com\/pl\/wp-json\/wp\/v2\/media?parent=4822"}],"curies":[{"name":"wp","href":"https:\/\/api.w.org\/{rel}","templated":true}]}}