{"id":479,"date":"2020-11-20T07:35:46","date_gmt":"2020-11-20T07:35:46","guid":{"rendered":"https:\/\/elfsight.com\/pl\/?page_id=479"},"modified":"2021-04-21T13:46:05","modified_gmt":"2021-04-21T13:46:05","slug":"sp-page-builder-addons","status":"publish","type":"page","link":"https:\/\/elfsight.com\/pl\/sp-page-builder-addons\/","title":{"rendered":"SP Page Builder addons"},"content":{"rendered":"\n<h2>Najskuteczniejsze rozwi\u0105zania Elfsight dla wszystkich potrzeb\u00f3w twojej strony internetowej SP Page Builder<\/h2>\n\n<p>Przez kilka lat nasza dru\u017cyna specjalist\u00f3w Elfsight wypuszcza \u0142atwe w obs\u0142udze i personalizowane rozwi\u0105zania chmurowe dla Twojej firmy. Nasz zesp\u00f3\u0142 gwarantuj\u0105 serwis wsparcia oraz du\u017c\u0105 szybko\u015b\u0107 \u0142adowania. Us\u0142ugi aplikacyjne Elfsight pomagaj\u0105 w\u0142a\u015bcicielom witryn online, edukacyjnych oraz innym na ca\u0142ym \u015bwiecie upora\u0107 si\u0119 z kluczowymi problemami bardziej wydajnie. \n<\/p>\n\n<p>Mo\u017cesz zwi\u0119kszy\u0107 liczb\u0119 lead\u00f3w, zademonstrowa\u0107 pozytywne odzewy na Pa\u0144stwa us\u0142ugi, zwi\u0119kszy\u0107 zaufanie do swojej marki, przez proste dodawanie rozszerzenia do Twojej serwisu www. Nasze plany abonamentowe s\u0105 w zakresie od bezp\u0142atnych do premium. Spr\u00f3buj zainstalowa\u0107 dowolnie wybrane wtyczki przy u\u017cyciu naszej wersji demonstracyjnej i przekonaj si\u0119 jak bardzo mo\u017ce to by\u0107 po\u017cyteczne w kwestii rozwoju strony internetowej Twojego biznesu. <\/p>\n\n<h2>Czemu nasze wtyczki SP Page Builder s\u0105 jednymi z najlepszych instrument\u00f3w dla Ciebie? <\/h2>\n\n<p> Tu jest lista podstawowych cech naszych widget\u00f3w, kt\u00f3re pomagaj\u0105 nam wyprzedzi\u0107 konkurencj\u0119: <\/p>\n\n\n<ul>\n<li> Nieodp\u0142atna i natychmiastowa obs\u0142uga przy instalacje lub customizacji wid\u017cet\u00f3w; <\/li>\n<li> Adaptacja do wszystkich rozdzielczo\u015bci witryn internetowych i przyjazne dla urz\u0105dze\u0144 mobilnych; <\/li>\n<li> Nie trzeba mie\u0107 \u015brodk\u00f3w programowania lub umiej\u0119tno\u015bci; <\/li>\n<li> Szeroka r\u00f3\u017cnorodno\u015b\u0107 mo\u017cliwo\u015bci personalizacji; <\/li>\n<li> Rozwi\u0105zania chmurowe pomagaj\u0105 zwi\u0119kszy\u0107 pr\u0119dko\u015b\u0107 witryny; <\/li>\n<li> Wszystkie przysz\u0142e poprawki s\u0105 gratisowe i regularnie publikowane; <\/li>\n<li> Przyst\u0119pne ceny; <\/li>\n<li> Kompetentna pomoc w przypadku problem\u00f3w. <\/li>\n<\/ul>\n\n<p> Poznaj bezp\u0142atne opcje naszych rozszerze\u0144 i osi\u0105gnij jej potencja\u0142 lub kup dowolne wymagane wtyczk\u0119 z 20% zni\u017ck\u0105. <\/p>\n\n\n<h2> Jak wbudowa\u0107 rozszerzenia Elfsight na witrynie SP Page Builder <\/h2>\n\n<p> A\u017ceby doda\u0107 wid\u017cety, zobacz wszystkie czynno\u015bci z kr\u00f3tkiej instrukcji: <\/p>\n\n\n<ol>\n<li> Wybierz odpowiedni\u0105 wtyczk\u0119; <\/li>\n<li> Wprowad\u017a wszystkie konieczne konfiguracji; <\/li>\n<li> Kliknij przycisk &#8222;Zapisz Zmiany&#8221;; <\/li>\n<li> Skopiuj generowany kod; <\/li>\n<li> Dodaj go w odpowiednim miejscu Pa\u0144stwa witryny lub szablonu; <\/li>\n<li> Sko\u0144czone! Masz zainstalowany plugin. <\/li>\n<\/ol>\n\n<p> Je\u015bli chcesz uzyska\u0107 pomoc, zapraszamy poinformowa\u0107 o tym zespo\u0142 wsparcia Elfsight. <\/p>\n\n\n\n<p><\/p>\n","protected":false},"excerpt":{"rendered":"Najskuteczniejsze rozwi\u0105zania Elfsight dla wszystkich potrzeb\u00f3w twojej strony internetowej SP Page Builder Przez kilka lat nasza dru\u017cyna specjalist\u00f3w Elfsight wypuszcza \u0142atwe w obs\u0142udze i personalizowane rozwi\u0105zania chmurowe dla Twojej firmy. Nasz zesp\u00f3\u0142 gwarantuj\u0105 serwis wsparcia oraz du\u017c\u0105 szybko\u015b\u0107 \u0142adowania. Us\u0142ugi aplikacyjne Elfsight pomagaj\u0105 w\u0142a\u015bcicielom witryn online, edukacyjnych oraz innym na&#8230;","protected":false},"author":13,"featured_media":0,"parent":0,"menu_order":0,"comment_status":"closed","ping_status":"closed","template":"templates\/template-platform.php","meta":{"publish_to_discourse":"","publish_post_category":"","wpdc_auto_publish_overridden":"","wpdc_topic_tags":"","wpdc_pin_topic":"","wpdc_pin_until":"","discourse_post_id":"","discourse_permalink":"","wpdc_publishing_response":"","wpdc_publishing_error":"","footnotes":""},"class_list":["post-479","page","type-page","status-publish","hentry"],"yoast_head":"<!-- This site is optimized with the Yoast SEO plugin v25.3.1 - https:\/\/yoast.com\/wordpress\/plugins\/seo\/ -->\n<title>Ponad 80 najlepszych SP Page Builder addons dla strony internetowej<\/title>\n<meta name=\"description\" content=\"Spis najlepszych nieodp\u0142atnych dodatk\u00f3w najwy\u017cszej klasy dla twojej strony SP Page Builder. Pom\u00f3c w personalizacj\u0119 i bogata funkcjonalno\u015b\u0107.\" \/>\n<meta name=\"robots\" content=\"index, follow, max-snippet:-1, max-image-preview:large, max-video-preview:-1\" \/>\n<link rel=\"canonical\" href=\"https:\/\/elfsight.com\/pl\/sp-page-builder-addons\/\" \/>\n<meta property=\"og:locale\" content=\"pl_PL\" \/>\n<meta property=\"og:type\" content=\"article\" \/>\n<meta property=\"og:title\" content=\"Ponad 80 najlepszych SP Page Builder addons dla strony internetowej\" \/>\n<meta property=\"og:description\" content=\"Spis najlepszych nieodp\u0142atnych dodatk\u00f3w najwy\u017cszej klasy dla twojej strony SP Page Builder. Pom\u00f3c w personalizacj\u0119 i bogata funkcjonalno\u015b\u0107.\" \/>\n<meta property=\"og:url\" content=\"https:\/\/elfsight.com\/pl\/sp-page-builder-addons\/\" \/>\n<meta property=\"og:site_name\" content=\"Elfsight PL\" \/>\n<meta property=\"article:modified_time\" content=\"2021-04-21T13:46:05+00:00\" \/>\n<meta name=\"twitter:card\" content=\"summary_large_image\" \/>\n<meta name=\"twitter:label1\" content=\"Szacowany czas czytania\" \/>\n\t<meta name=\"twitter:data1\" content=\"2 minuty\" \/>\n<!-- \/ Yoast SEO plugin. -->","yoast_head_json":{"title":"Ponad 80 najlepszych SP Page Builder addons dla strony internetowej","description":"Spis najlepszych nieodp\u0142atnych dodatk\u00f3w najwy\u017cszej klasy dla twojej strony SP Page Builder. Pom\u00f3c w personalizacj\u0119 i bogata funkcjonalno\u015b\u0107.","robots":{"index":"index","follow":"follow","max-snippet":"max-snippet:-1","max-image-preview":"max-image-preview:large","max-video-preview":"max-video-preview:-1"},"canonical":"https:\/\/elfsight.com\/pl\/sp-page-builder-addons\/","og_locale":"pl_PL","og_type":"article","og_title":"Ponad 80 najlepszych SP Page Builder addons dla strony internetowej","og_description":"Spis najlepszych nieodp\u0142atnych dodatk\u00f3w najwy\u017cszej klasy dla twojej strony SP Page Builder. Pom\u00f3c w personalizacj\u0119 i bogata funkcjonalno\u015b\u0107.","og_url":"https:\/\/elfsight.com\/pl\/sp-page-builder-addons\/","og_site_name":"Elfsight PL","article_modified_time":"2021-04-21T13:46:05+00:00","twitter_card":"summary_large_image","twitter_misc":{"Szacowany czas czytania":"2 minuty"},"schema":{"@context":"https:\/\/schema.org","@graph":[{"@type":"WebPage","@id":"https:\/\/elfsight.com\/pl\/sp-page-builder-addons\/","url":"https:\/\/elfsight.com\/pl\/sp-page-builder-addons\/","name":"Ponad 80 najlepszych SP Page Builder addons dla strony internetowej","isPartOf":{"@id":"https:\/\/elfsight.com\/pl\/#website"},"datePublished":"2020-11-20T07:35:46+00:00","dateModified":"2021-04-21T13:46:05+00:00","description":"Spis najlepszych nieodp\u0142atnych dodatk\u00f3w najwy\u017cszej klasy dla twojej strony SP Page Builder. Pom\u00f3c w personalizacj\u0119 i bogata funkcjonalno\u015b\u0107.","breadcrumb":{"@id":"https:\/\/elfsight.com\/pl\/sp-page-builder-addons\/#breadcrumb"},"inLanguage":"pl-PL","potentialAction":[{"@type":"ReadAction","target":["https:\/\/elfsight.com\/pl\/sp-page-builder-addons\/"]}]},{"@type":"BreadcrumbList","@id":"https:\/\/elfsight.com\/pl\/sp-page-builder-addons\/#breadcrumb","itemListElement":[{"@type":"ListItem","position":1,"name":"Home","item":"https:\/\/elfsight.com\/pl\/"},{"@type":"ListItem","position":2,"name":"SP Page Builder addons"}]},{"@type":"WebSite","@id":"https:\/\/elfsight.com\/pl\/#website","url":"https:\/\/elfsight.com\/pl\/","name":"Elfsight PL","description":"Just another Elfsight Sites site","potentialAction":[{"@type":"SearchAction","target":{"@type":"EntryPoint","urlTemplate":"https:\/\/elfsight.com\/pl\/?s={search_term_string}"},"query-input":{"@type":"PropertyValueSpecification","valueRequired":true,"valueName":"search_term_string"}}],"inLanguage":"pl-PL"}]}},"meta_box":{"industry":"","seo_heading":"","heading":"","description":"","cta_heading":"","cta_description":"","application":"","h1":"Najlepsze dodatki SP Page Builder","h1_caption":"Darmowy zbi\u00f3r rewelacyjnych dodatk\u00f3w najwy\u017cszej klasy z szerok\u0105 gam\u0105 funkcji dla zwi\u0119kszenia pozioma sprzeda\u017cy oraz realizacji wszystkich innych cel\u00f3w marketingowych. Szybkie integrowanie, bogata oferta opcji konfiguracji i kompetentny serwis pomocy klienta.","application_category":[],"applications_title":"Wypr\u00f3buj najlepszi dopasowania dla twojej strony internetowej w\u015br\u00f3d wszystkich rozszerze\u0144 nieodp\u0142atnych w demonstracje online","applications_request_title":"Nie mo\u017cesz znale\u017a\u0107 odpowiedniego dodatka?","applications_request_button_text":"Zam\u00f3w dodatek","hero_text":"","hero_video":"","hero_video_schema_markup":"","selling_points_title":"","selling_points_caption":"","selling_points":[],"selling_points_cta_text":"","features_title":"","features":"","ed_cta_examples_text":"","ed_cta_examples_hidden":"","ed_cta_demo_text":"","ed_cta_demo_hidden":"","why_caption":"","why_editor_title":"","why_editor_text":"","why_team_title":"","why_team_text":"","why_service_title":"","why_service_text":"","template_catalog_visible":"","template_catalog_title":"","template_catalog_text":"","template_catalog_categories_visible":"","demo_title":"","demo_caption":"","default_faq_hidden":"","app_template_category":[],"platform":"478","template_public_id":"","codecanyon_url":"","codecanyon_item_id":"","codecanyon_price":"","pricing_caption":"","pricing_elfsight_apps_hide_column":"","pricing_elfsight_apps_url":"","pricing_codecanyon_price_caption":"","integration_category":[],"integration_request_title":"","integration_request_cta":"","integration_platform":"","integrations":[],"platform_category":[],"video_schema_markup":"","price":"","trial":"","benefits":[],"button_url":"","button_target_blank":"","button_nofollow":"","attributes":[],"tags":[],"tags_disable_links":"","hide_more_platforms":"","video_object":"","demo_hide_cta":"","demo_hide_cloud_options":"","pricing_title":"","pricing":[],"related_apps_title":"","related_apps_hidden":"","author":"","image":[],"title":"","job":"","social_networks":[]},"_links":{"self":[{"href":"https:\/\/elfsight.com\/pl\/wp-json\/wp\/v2\/pages\/479","targetHints":{"allow":["GET"]}}],"collection":[{"href":"https:\/\/elfsight.com\/pl\/wp-json\/wp\/v2\/pages"}],"about":[{"href":"https:\/\/elfsight.com\/pl\/wp-json\/wp\/v2\/types\/page"}],"author":[{"embeddable":true,"href":"https:\/\/elfsight.com\/pl\/wp-json\/wp\/v2\/users\/13"}],"replies":[{"embeddable":true,"href":"https:\/\/elfsight.com\/pl\/wp-json\/wp\/v2\/comments?post=479"}],"version-history":[{"count":2,"href":"https:\/\/elfsight.com\/pl\/wp-json\/wp\/v2\/pages\/479\/revisions"}],"predecessor-version":[{"id":483,"href":"https:\/\/elfsight.com\/pl\/wp-json\/wp\/v2\/pages\/479\/revisions\/483"}],"wp:attachment":[{"href":"https:\/\/elfsight.com\/pl\/wp-json\/wp\/v2\/media?parent=479"}],"curies":[{"name":"wp","href":"https:\/\/api.w.org\/{rel}","templated":true}]}}