{"id":4766,"date":"2024-05-03T06:33:29","date_gmt":"2024-05-03T06:33:29","guid":{"rendered":"https:\/\/elfsight.com\/pl\/?page_id=4766"},"modified":"2024-11-14T12:37:47","modified_gmt":"2024-11-14T12:37:47","slug":"bigcommerce","status":"publish","type":"page","link":"https:\/\/elfsight.com\/pl\/cookie-consent-widget\/bigcommerce\/","title":{"rendered":"Cookie Consent &#8211; BigCommerce"},"content":{"rendered":"<div class=\"application-platform-content-item-description application-platform-content-item\" id=\"description\" data-nav-section=\"description\"> <h2>Opis<\/h2> <p>Dzi\u0119ki aplikacji Elfsight Cookie opublikowanie powiadomienia dla widz\u00f3w, \u017ce Twoja witryna zawiera pliki cookie, jest ca\u0142kowicie proste To. Nasz widget umo\u017cliwia napisanie niestandardowej wiadomo\u015bci, za\u0142\u0105czenie linku do zasad korzystania z witryny oraz dodanie aktywnych przycisk\u00f3w umo\u017cliwiaj\u0105cych uzyskanie zgody u\u017cytkownik\u00f3w. Mo\u017cesz zademonstrowa\u0107 wid\u017cet w kszta\u0142cie paska strony lub ramki i wybra\u0107 dla niego dowoln\u0105 pozycj\u0119. Dodatkowo elementy, kt\u00f3re mo\u017cna pomalowa\u0107, sprawi\u0105, \u017ce widget b\u0119dzie wygl\u0105da\u0142 sp\u00f3jnie i pasowa\u0142 do og\u00f3lnej koncepcji stylu. <\/p> <div class=\"faq\" data-component=\"FAQ\"> <div class=\"faq-item\">\r\n\t\t\t\t\t<div class=\"faq-item-question\">\r\n\t\t\t\t\t\t<h3 class=\"faq-item-question-text\">Gdzie mog\u0119 wstawi\u0107 t\u0119 aplikacj\u0119<\/h3>\r\n\r\n\t\t\t\t\t\t<div class=\"faq-item-question-icon\"><\/div>\r\n\t\t\t\t\t<\/div>\r\n\r\n\t\t\t\t\t<div class=\"faq-item-answer\">\r\n\t\t\t\t\t\t<div class=\"faq-item-answer-text\"> <p>Mo\u017cesz \u0142atwo doda\u0107 powiadomienie na dowolnej stronie serwisu lub na wszystkich jego stronach, w zale\u017cno\u015bci od potrzeb. Gdy tylko u\u017cytkownik wejdzie na stron\u0119, wy\u015bwietli si\u0119 mu powiadomienie. <\/p> <\/div>\r\n\t\t\t\t\t<\/div>\r\n\t\t\t\t<\/div> <div class=\"faq-item\">\r\n\t\t\t\t\t<div class=\"faq-item-question\">\r\n\t\t\t\t\t\t<h3 class=\"faq-item-question-text\">Jakie s\u0105 zalety posiadania tej aplikacji dla mnie?<\/h3>\r\n\r\n\t\t\t\t\t\t<div class=\"faq-item-question-icon\"><\/div>\r\n\t\t\t\t\t<\/div>\r\n\r\n\t\t\t\t\t<div class=\"faq-item-answer\">\r\n\t\t\t\t\t\t<div class=\"faq-item-answer-text\"> <p>Zgoda na pliki cookie Elfsight pomo\u017ce Ci zorganizowa\u0107 natychmiastowe powiadomienie o plikach cookie, bez kodowania i bardzo szybko. Zawiera wszystkie najpopularniejsze j\u0119zyki europejskie, aby zapewni\u0107 odbiorcom pozytywne do\u015bwiadczenia u\u017cytkownika. <\/p> <\/div>\r\n\t\t\t\t\t<\/div>\r\n\t\t\t\t<\/div> <div class=\"faq-item\">\r\n\t\t\t\t\t<div class=\"faq-item-question\">\r\n\t\t\t\t\t\t<h3 class=\"faq-item-question-text\">Jak osadzi\u0107 zgod\u0119 na pliki cookie w mojej witrynie BigCommerce? <\/h3>\r\n\r\n\t\t\t\t\t\t<div class=\"faq-item-question-icon\"><\/div>\r\n\t\t\t\t\t<\/div>\r\n\r\n\t\t\t\t\t<div class=\"faq-item-answer\">\r\n\t\t\t\t\t\t<div class=\"faq-item-answer-text\"> <p>Konfiguracja zajmie tylko dwie minuty. Jest niezwykle szybki, darmowy i nie wymaga kodowania. <\/p> <p>Zgoda firmy Elfsight na pliki cookie mo\u017ce by\u0107 osadzona za po\u015brednictwem naszej us\u0142ugi lub rynku. Mo\u017cesz por\u00f3wna\u0107 wszystkie szczeg\u00f3\u0142y dotycz\u0105ce obu opcji i wybra\u0107 bardziej odpowiedni\u0105. <\/p><\/div>\r\n\t\t\t\t\t<\/div>\r\n\t\t\t\t<\/div> <\/div> <\/div><div class=\"application-platform-content-item-features application-platform-content-item\" id=\"features\" data-nav-section=\"features\"> <h2>Funkcje<\/h2> <p>Aby lepiej postrzega\u0107 Zgod\u0119 na pliki cookie, poni\u017cej znajduje si\u0119 lista niezb\u0119dnych cechy. Sprawiaj\u0105, \u017ce wid\u017cet jest naprawd\u0119 skuteczny w Twojej promocji: <\/p> <ul><li>Wy\u0142\u0105cz tylko og\u0142oszenie lub poka\u017c tak\u017ce pro\u015bb\u0119 o zgod\u0119; <\/li> <li> Napisz w\u0142asne powiadomienie z dost\u0119pnymi opcjami formatowania i linkami; <\/li> <li>Poka\u017c lub usu\u0144 aktywny link do zasad korzystania ze strony internetowej i wprowad\u017a niestandardowy tekst linku; <\/li> <li>Opcja wyboru typu uk\u0142adu paska lub ramki wid\u017cetu; <\/li> <li>Wybierz niestandardowy kolor przycisk\u00f3w i \u0142\u0105cza. <\/li> <\/ul><p><a href=\"#demo\">Aby sprawdzi\u0107 wszystkie funkcje, zobacz nasz\u0105 wersj\u0119 demonstracyjn\u0105<\/a><\/p> <\/div> <div class=\"application-platform-content-item-installation application-platform-content-item\" id=\"installation\" data-nav-section=\"installation\"> <h2>Oto jak doda\u0107 zgod\u0119 na pliki cookie do swojej witryny BigCommerce<\/h2> <div class=\"video-container\"><iframe width=\"720\" height=\"405\" src=\"https:\/\/www.youtube.com\/embed\/kazdbrOFe3Y\" frameborder=\"0\" allowfullscreen=\"\"><\/iframe><\/div><p>Wystarczy zastosowa\u0107 si\u0119 do poni\u017cszych instrukcji, aby umie\u015bci\u0107 aplikacj\u0119 w BigCommerce.<\/p> <ol><li><b>Otw\u00f3rz nasz darmowy edytor i zacznij tworzy\u0107 spersonalizowany widget. <\/b><br> Znajd\u017a niestandardowy interfejs i specyfikacje aplikacji Cookie Consent i zapisz zmiany. <\/li> <li><b>Odbierz sw\u00f3j unikalny kod, kt\u00f3ry jest widoczny w polu w aplikacjach Elfsight. <\/b><br> Zaraz po zako\u0144czeniu konfiguracji widgetu skopiuj indywidualny kod z wy\u015bwietlonego okna i zapisz go na przysz\u0142o\u015b\u0107. <\/li> <li><b>Rozpocznij korzystanie z wid\u017cetu na swojej stronie BigCommerce. <\/b><br> Wprowad\u017a kod, kt\u00f3ry ostatnio zapisa\u0142e\u015b na swojej stronie i zastosuj zmiany. <\/li> <li><b>Gotowe! Konfiguracja zosta\u0142a w pe\u0142ni uko\u0144czona. <\/b><br> Odwied\u017a swoj\u0105 stron\u0119, aby sprawdzi\u0107 dzia\u0142anie wid\u017cetu. <\/li><\/ol><p>Nadal nie podj\u0105\u0142e\u015b decyzji? Albo natkn\u0105\u0142e\u015b si\u0119 na co\u015b? Po prostu napisz pro\u015bb\u0119 do naszego zespo\u0142u obs\u0142ugi klienta. Zapewniamy profesjonaln\u0105 pomoc w rozwi\u0105zaniu ka\u017cdego problemu. <\/p> <\/div>","protected":false},"excerpt":{"rendered":"","protected":false},"author":9,"featured_media":0,"parent":2167,"menu_order":0,"comment_status":"closed","ping_status":"closed","template":"templates\/template-application-platform.php","meta":{"publish_to_discourse":"","publish_post_category":"","wpdc_auto_publish_overridden":"","wpdc_topic_tags":"","wpdc_pin_topic":"","wpdc_pin_until":"","discourse_post_id":"","discourse_permalink":"","wpdc_publishing_response":"","wpdc_publishing_error":"","footnotes":""},"class_list":["post-4766","page","type-page","status-publish","hentry"],"yoast_head":"<!-- This site is optimized with the Yoast SEO plugin v25.3.1 - https:\/\/yoast.com\/wordpress\/plugins\/seo\/ -->\n<title>Dodaj aplikacj\u0119 Cookie Consent do witryny BigCommerce (bezp\u0142atnie i szybko)<\/title>\n<meta name=\"description\" content=\"Dzi\u0119ki Elfsight zaprojektuj swoj\u0105 zgod\u0119 na pliki cookie i szybko poka\u017c j\u0105 na swojej stronie BigCommerce. Mamy bezp\u0142atn\u0105 obs\u0142ug\u0119 klienta i inne bonusy.\" \/>\n<meta name=\"robots\" content=\"index, follow, max-snippet:-1, max-image-preview:large, max-video-preview:-1\" \/>\n<link rel=\"canonical\" href=\"https:\/\/elfsight.com\/pl\/cookie-consent-widget\/bigcommerce\/\" \/>\n<meta property=\"og:locale\" content=\"pl_PL\" \/>\n<meta property=\"og:type\" content=\"article\" \/>\n<meta property=\"og:title\" content=\"Dodaj aplikacj\u0119 Cookie Consent do witryny BigCommerce (bezp\u0142atnie i szybko)\" \/>\n<meta property=\"og:description\" content=\"Dzi\u0119ki Elfsight zaprojektuj swoj\u0105 zgod\u0119 na pliki cookie i szybko poka\u017c j\u0105 na swojej stronie BigCommerce. Mamy bezp\u0142atn\u0105 obs\u0142ug\u0119 klienta i inne bonusy.\" \/>\n<meta property=\"og:url\" content=\"https:\/\/elfsight.com\/pl\/cookie-consent-widget\/bigcommerce\/\" \/>\n<meta property=\"og:site_name\" content=\"Elfsight PL\" \/>\n<meta property=\"article:modified_time\" content=\"2024-11-14T12:37:47+00:00\" \/>\n<meta name=\"twitter:card\" content=\"summary_large_image\" \/>\n<meta name=\"twitter:label1\" content=\"Szacowany czas czytania\" \/>\n\t<meta name=\"twitter:data1\" content=\"3 minuty\" \/>\n<!-- \/ Yoast SEO plugin. -->","yoast_head_json":{"title":"Dodaj aplikacj\u0119 Cookie Consent do witryny BigCommerce (bezp\u0142atnie i szybko)","description":"Dzi\u0119ki Elfsight zaprojektuj swoj\u0105 zgod\u0119 na pliki cookie i szybko poka\u017c j\u0105 na swojej stronie BigCommerce. Mamy bezp\u0142atn\u0105 obs\u0142ug\u0119 klienta i inne bonusy.","robots":{"index":"index","follow":"follow","max-snippet":"max-snippet:-1","max-image-preview":"max-image-preview:large","max-video-preview":"max-video-preview:-1"},"canonical":"https:\/\/elfsight.com\/pl\/cookie-consent-widget\/bigcommerce\/","og_locale":"pl_PL","og_type":"article","og_title":"Dodaj aplikacj\u0119 Cookie Consent do witryny BigCommerce (bezp\u0142atnie i szybko)","og_description":"Dzi\u0119ki Elfsight zaprojektuj swoj\u0105 zgod\u0119 na pliki cookie i szybko poka\u017c j\u0105 na swojej stronie BigCommerce. Mamy bezp\u0142atn\u0105 obs\u0142ug\u0119 klienta i inne bonusy.","og_url":"https:\/\/elfsight.com\/pl\/cookie-consent-widget\/bigcommerce\/","og_site_name":"Elfsight PL","article_modified_time":"2024-11-14T12:37:47+00:00","twitter_card":"summary_large_image","twitter_misc":{"Szacowany czas czytania":"3 minuty"},"schema":{"@context":"https:\/\/schema.org","@graph":[{"@type":"WebPage","@id":"https:\/\/elfsight.com\/pl\/cookie-consent-widget\/bigcommerce\/","url":"https:\/\/elfsight.com\/pl\/cookie-consent-widget\/bigcommerce\/","name":"Dodaj aplikacj\u0119 Cookie Consent do witryny BigCommerce (bezp\u0142atnie i szybko)","isPartOf":{"@id":"https:\/\/elfsight.com\/pl\/#website"},"datePublished":"2024-05-03T06:33:29+00:00","dateModified":"2024-11-14T12:37:47+00:00","description":"Dzi\u0119ki Elfsight zaprojektuj swoj\u0105 zgod\u0119 na pliki cookie i szybko poka\u017c j\u0105 na swojej stronie BigCommerce. Mamy bezp\u0142atn\u0105 obs\u0142ug\u0119 klienta i inne bonusy.","breadcrumb":{"@id":"https:\/\/elfsight.com\/pl\/cookie-consent-widget\/bigcommerce\/#breadcrumb"},"inLanguage":"pl-PL","potentialAction":[{"@type":"ReadAction","target":["https:\/\/elfsight.com\/pl\/cookie-consent-widget\/bigcommerce\/"]}]},{"@type":"BreadcrumbList","@id":"https:\/\/elfsight.com\/pl\/cookie-consent-widget\/bigcommerce\/#breadcrumb","itemListElement":[{"@type":"ListItem","position":1,"name":"Home","item":"https:\/\/elfsight.com\/pl\/"},{"@type":"ListItem","position":2,"name":"Cookie Consent","item":"https:\/\/elfsight.com\/pl\/cookie-consent-widget\/"},{"@type":"ListItem","position":3,"name":"Cookie Consent &#8211; BigCommerce"}]},{"@type":"WebSite","@id":"https:\/\/elfsight.com\/pl\/#website","url":"https:\/\/elfsight.com\/pl\/","name":"Elfsight PL","description":"Just another Elfsight Sites site","potentialAction":[{"@type":"SearchAction","target":{"@type":"EntryPoint","urlTemplate":"https:\/\/elfsight.com\/pl\/?s={search_term_string}"},"query-input":{"@type":"PropertyValueSpecification","valueRequired":true,"valueName":"search_term_string"}}],"inLanguage":"pl-PL"}]}},"meta_box":{"industry":"","seo_heading":"","heading":"","description":"","cta_heading":"","cta_description":"","application":"2166","h1":"Aplikacja BigCommerce do wyra\u017cania zgody na pliki cookie","h1_caption":"Przestrzegaj przepis\u00f3w dotycz\u0105cych prywatno\u015bci, dodaj\u0105c baner wyra\u017caj\u0105cy zgod\u0119 na pliki cookie do swojej witryny, zapewniaj\u0105c bezproblemow\u0105 przejrzysto\u015b\u0107 danych u\u017cytkownika w witrynie BigCommerce.","application_category":[],"applications_title":"","applications_request_title":"","applications_request_button_text":"","hero_text":"","hero_video":"","hero_video_schema_markup":"","selling_points_title":"","selling_points_caption":"","selling_points":[],"selling_points_cta_text":"","features_title":"","features":"","ed_cta_examples_text":"","ed_cta_examples_hidden":"","ed_cta_demo_text":"","ed_cta_demo_hidden":"","why_caption":"","why_editor_title":"","why_editor_text":"","why_team_title":"","why_team_text":"","why_service_title":"","why_service_text":"","template_catalog_visible":"","template_catalog_title":"","template_catalog_text":"","template_catalog_categories_visible":"","demo_title":"Utw\u00f3rz aplikacj\u0119 do wyra\u017cania zgody na pliki cookie","demo_caption":"Skonfiguruj swoj\u0105 zgod\u0119 na pliki cookie i dodaj j\u0105 do swojej witryny BigCommerce za darmo!","default_faq_hidden":"","app_template_category":[],"platform":"41","template_public_id":"","codecanyon_url":"","codecanyon_item_id":"","codecanyon_price":"","pricing_caption":"","pricing_elfsight_apps_hide_column":"","pricing_elfsight_apps_url":"","pricing_codecanyon_price_caption":"","integration_category":[],"integration_request_title":"","integration_request_cta":"","integration_platform":"","integrations":[],"platform_category":[],"video_schema_markup":"","price":"od 0 USD \/ miesi\u0105c","trial":"","benefits":[{"text":"Bezp\u0142atna pomoc w instalacji"},{"text":"Skuteczna obs\u0142uga klienta"},{"text":"14-dniowa gwarancja zwrotu pieni\u0119dzy"}],"button_url":"#demo","button_target_blank":"","button_nofollow":"","attributes":[{"name":"Instaluje"},{"name":"Czu\u0142y"},{"name":"Kompatybilne przegl\u0105darki"}],"tags":[],"tags_disable_links":"","hide_more_platforms":"","video_object":"","demo_hide_cta":"","demo_hide_cloud_options":"","pricing_title":"","pricing":[{"pricing_icon":"platform","pricing_title":"Elfsight Apps","pricing_title_caption":"Rozwi\u0105zanie wieloplatformowe","pricing_price":"od 0 USD \/ miesi\u0105c","pricing_price_caption":"zacznij od bezp\u0142atnego planu","pricing_benefits":[{"text":"Nielimitowane strony internetowe"},{"text":"Szybkie i terminowe wsparcie"},{"text":"Bezp\u0142atna pomoc w monta\u017cu"},{"text":"100% konfigurowalny"}],"pricing_button_text":"Dodaj do witryny","pricing_button_url":"#demo"}],"related_apps_title":"","related_apps_hidden":"","author":"","image":[],"title":"","job":"","social_networks":[]},"_links":{"self":[{"href":"https:\/\/elfsight.com\/pl\/wp-json\/wp\/v2\/pages\/4766","targetHints":{"allow":["GET"]}}],"collection":[{"href":"https:\/\/elfsight.com\/pl\/wp-json\/wp\/v2\/pages"}],"about":[{"href":"https:\/\/elfsight.com\/pl\/wp-json\/wp\/v2\/types\/page"}],"author":[{"embeddable":true,"href":"https:\/\/elfsight.com\/pl\/wp-json\/wp\/v2\/users\/9"}],"replies":[{"embeddable":true,"href":"https:\/\/elfsight.com\/pl\/wp-json\/wp\/v2\/comments?post=4766"}],"version-history":[{"count":2,"href":"https:\/\/elfsight.com\/pl\/wp-json\/wp\/v2\/pages\/4766\/revisions"}],"predecessor-version":[{"id":7721,"href":"https:\/\/elfsight.com\/pl\/wp-json\/wp\/v2\/pages\/4766\/revisions\/7721"}],"up":[{"embeddable":true,"href":"https:\/\/elfsight.com\/pl\/wp-json\/wp\/v2\/pages\/2167"}],"wp:attachment":[{"href":"https:\/\/elfsight.com\/pl\/wp-json\/wp\/v2\/media?parent=4766"}],"curies":[{"name":"wp","href":"https:\/\/api.w.org\/{rel}","templated":true}]}}