{"id":4765,"date":"2024-05-03T06:33:28","date_gmt":"2024-05-03T06:33:28","guid":{"rendered":"https:\/\/elfsight.com\/pl\/?page_id=4765"},"modified":"2024-11-14T12:37:47","modified_gmt":"2024-11-14T12:37:47","slug":"blogger","status":"publish","type":"page","link":"https:\/\/elfsight.com\/pl\/cookie-consent-widget\/blogger\/","title":{"rendered":"Cookie Consent &#8211; Blogger"},"content":{"rendered":"<div class=\"application-platform-content-item-description application-platform-content-item\" id=\"description\" data-nav-section=\"description\"> <h2>Opis<\/h2> <p>Dzi\u0119ki wid\u017cetowi Elfsight Cookie powiadamianie odbiorc\u00f3w o tym, z czego korzysta Twoja witryna, b\u0119dzie maksymalnie nieskomplikowane plik\u00f3w cookie za pomoc\u0105 umiarkowanego paska wyskakuj\u0105cego. Wid\u017cet ten pozwala na wy\u015bwietlenie w\u0142asnego komunikatu, podanie linku do polityki korzystania ze strony oraz umieszczenie aktywnych przycisk\u00f3w w celu uzyskania zgody u\u017cytkownik\u00f3w. Mo\u017cesz dowolnie wy\u015bwietli\u0107 wid\u017cet w formie paska lub responsywnego pola i wybra\u0107 jego po\u0142o\u017cenie na stronie. Ponadto opcja malowania element\u00f3w interfejsu pomo\u017ce Ci nada\u0107 mu natywny wygl\u0105d i dobrze zintegrowa\u0107 si\u0119 z koncepcj\u0105 stylu witryny. <\/p> <div class=\"faq\" data-component=\"FAQ\"> <div class=\"faq-item\">\r\n\t\t\t\t\t<div class=\"faq-item-question\">\r\n\t\t\t\t\t\t<h3 class=\"faq-item-question-text\">Gdzie na mojej stronie mog\u0119 doda\u0107 wid\u017cet<\/h3>\r\n\r\n\t\t\t\t\t\t<div class=\"faq-item-question-icon\"><\/div>\r\n\t\t\t\t\t<\/div>\r\n\r\n\t\t\t\t\t<div class=\"faq-item-answer\">\r\n\t\t\t\t\t\t<div class=\"faq-item-answer-text\"> <p>Mo\u017cesz wy\u015bwietli\u0107 wtyczk\u0119 na dowolnej stronie swojej witryny lub na wszystkich stronach, w zale\u017cno\u015bci od potrzeb . Natychmiast po tym, jak dana osoba wejdzie na stron\u0119, wy\u015bwietli si\u0119 powiadomienie o plikach cookie.<\/p> <\/div>\r\n\t\t\t\t\t<\/div>\r\n\t\t\t\t<\/div> <div class=\"faq-item\">\r\n\t\t\t\t\t<div class=\"faq-item-question\">\r\n\t\t\t\t\t\t<h3 class=\"faq-item-question-text\">Jakie s\u0105 dla mnie zalety posiadania wid\u017cetu?<\/h3>\r\n\r\n\t\t\t\t\t\t<div class=\"faq-item-question-icon\"><\/div>\r\n\t\t\t\t\t<\/div>\r\n\r\n\t\t\t\t\t<div class=\"faq-item-answer\">\r\n\t\t\t\t\t\t<div class=\"faq-item-answer-text\"> <p>Nasz wid\u017cet pomaga Ci odkry\u0107 natychmiastowe powiadomienie o plikach cookie w spos\u00f3b bez kodowania i maksymalnie szybko. Jest przet\u0142umaczony na wszystkie popularne j\u0119zyki europejskie, aby zapewni\u0107 u\u017cytkownikom \u0142atw\u0105 obs\u0142ug\u0119.<\/p> <\/div>\r\n\t\t\t\t\t<\/div>\r\n\t\t\t\t<\/div><div class=\"faq-item\">\r\n\t\t\t\t\t<div class=\"faq-item-question\">\r\n\t\t\t\t\t\t<h3 class=\"faq-item-question-text\">Jak mog\u0119 osadzi\u0107 wid\u017cet plik\u00f3w cookie w mojej witrynie Bloggera?<\/h3>\r\n\r\n\t\t\t\t\t\t<div class=\"faq-item-question-icon\"><\/div>\r\n\t\t\t\t\t<\/div>\r\n\r\n\t\t\t\t\t<div class=\"faq-item-answer\">\r\n\t\t\t\t\t\t<div class=\"faq-item-answer-text\"> <p>Zajmie to tylko chwil\u0119 kilka minut, aby widget m\u00f3g\u0142 dzia\u0142a\u0107. Osadzanie jest niezwykle szybkie i nie wymaga kodowania. <\/p> <p>Za po\u015brednictwem naszej us\u0142ugi mo\u017cesz osadzi\u0107 widget na stronie internetowej. Wystarczy zastosowa\u0107 si\u0119 do wskaz\u00f3wek podanych poni\u017cej na tej stronie.<\/p><\/div>\r\n\t\t\t\t\t<\/div>\r\n\t\t\t\t<\/div> <\/div><\/div><div class=\"application-platform-content-item-features application-platform-content-item\" id=\"features\" data-nav-section=\"features\"> <h2>Funkcje<\/h2> <p>Aby lepiej postrzega\u0107 widget, oto lista jego g\u0142\u00f3wnych cech. Dzi\u0119ki nim wid\u017cet jest maksymalnie wydajny: <\/p> <ul><li>Pokazuj tylko powiadomienie lub dodaj pro\u015bb\u0119 o zatwierdzenie; <\/li> <li>Opcja ustawienia niestandardowego powiadomienia obs\u0142uguj\u0105cego funkcje formatowania i \u0142\u0105cza; <\/li> <li>Wy\u015bwietl lub wy\u0142\u0105cz aktywny link do warunk\u00f3w korzystania z plik\u00f3w cookie i dodaj niestandardowy tekst linku; <\/li> <li> Wybierz typ uk\u0142adu powiadomienia: pasek lub pole; <\/li> <li>Wybierz kolor przycisk\u00f3w i linku. <\/li> <\/ul><p><a href=\"#demo\">Nasza wersja demonstracyjna poka\u017ce Ci wi\u0119cej funkcji<\/a><\/p> <\/div> <div class=\"application-platform-content-item-installation application-platform-content-item\" id=\"installation\" data-nav-section=\"installation\"> <h2>Oto jak doda\u0107 zgod\u0119 na pliki cookie do swojej witryny Bloggera<\/h2><div class=\"viseo-container\"><iframe width=\"720\" height=\"405\" src=\"https:\/\/www.youtube.com\/embed\/ltXYPZLkBJY\" frameborder=\"0\" allowfullscreen=\"\"><\/iframe><\/div><p>Poni\u017csze dzia\u0142ania to jedyna rzecz, kt\u00f3r\u0105 musisz zintegrowa\u0107. <\/p> <ol><li><b>Stw\u00f3rz sw\u00f3j osobisty wid\u017cet plik\u00f3w cookie<\/b><br> Korzystaj\u0105c z naszej bezp\u0142atnej wersji demonstracyjnej, stw\u00f3rz wtyczk\u0119 o preferowanym uk\u0142adzie i cechach funkcjonalnych.<\/li><li> <b>Otrzymaj indywidualny kod do integracji wtyczki<\/b><br> Po skonfigurowaniu wid\u017cetu otrzymasz kod instalacyjny z powiadomienia, kt\u00f3re pojawi si\u0119 w aplikacji Elfsight. Skopiuj ten kod.<\/li> <li><b>Opublikuj wtyczk\u0119 na swojej stronie Bloggera<\/b><br> Wybierz obszar, w kt\u00f3rym chcesz udost\u0119pni\u0107 wtyczk\u0119 i dodaj tam zapisany kod. Zapisz zmiany.<\/li> <li><b>Gratulacje! W\u0142a\u015bnie doda\u0142e\u015b wid\u017cet!<\/b><br> Wejd\u017a na swoj\u0105 stron\u0119 internetow\u0105, aby obejrze\u0107 swoj\u0105 wtyczk\u0119.<\/li> <\/ol><p>Nadal nie mo\u017cesz podj\u0105\u0107 decyzji? Lub masz pytania? Tylko jedna pro\u015bba do naszego zespo\u0142u wsparcia rozwi\u0105\u017ce ka\u017cde pytanie. <\/p> <\/div>","protected":false},"excerpt":{"rendered":"","protected":false},"author":9,"featured_media":0,"parent":2167,"menu_order":0,"comment_status":"closed","ping_status":"closed","template":"templates\/template-application-platform.php","meta":{"publish_to_discourse":"","publish_post_category":"","wpdc_auto_publish_overridden":"","wpdc_topic_tags":"","wpdc_pin_topic":"","wpdc_pin_until":"","discourse_post_id":"","discourse_permalink":"","wpdc_publishing_response":"","wpdc_publishing_error":"","footnotes":""},"class_list":["post-4765","page","type-page","status-publish","hentry"],"yoast_head":"<!-- This site is optimized with the Yoast SEO plugin v25.3.1 - https:\/\/yoast.com\/wordpress\/plugins\/seo\/ -->\n<title>Dodaj wid\u017cet Zgoda na pliki cookie do witryny Bloggera (2025)<\/title>\n<meta name=\"description\" content=\"Dzi\u0119ki Elfsight mo\u017cesz szybko i \u0142atwo przedstawi\u0107 zgod\u0119 na pliki cookie i doda\u0107 j\u0105 do swojej witryny Bloggera. Oferujemy bezp\u0142atn\u0105 obs\u0142ug\u0119 klienta i wi\u0119cej bonus\u00f3w.\" \/>\n<meta name=\"robots\" content=\"index, follow, max-snippet:-1, max-image-preview:large, max-video-preview:-1\" \/>\n<link rel=\"canonical\" href=\"https:\/\/elfsight.com\/pl\/cookie-consent-widget\/blogger\/\" \/>\n<meta property=\"og:locale\" content=\"pl_PL\" \/>\n<meta property=\"og:type\" content=\"article\" \/>\n<meta property=\"og:title\" content=\"Dodaj wid\u017cet Zgoda na pliki cookie do witryny Bloggera (2025)\" \/>\n<meta property=\"og:description\" content=\"Dzi\u0119ki Elfsight mo\u017cesz szybko i \u0142atwo przedstawi\u0107 zgod\u0119 na pliki cookie i doda\u0107 j\u0105 do swojej witryny Bloggera. Oferujemy bezp\u0142atn\u0105 obs\u0142ug\u0119 klienta i wi\u0119cej bonus\u00f3w.\" \/>\n<meta property=\"og:url\" content=\"https:\/\/elfsight.com\/pl\/cookie-consent-widget\/blogger\/\" \/>\n<meta property=\"og:site_name\" content=\"Elfsight PL\" \/>\n<meta property=\"article:modified_time\" content=\"2024-11-14T12:37:47+00:00\" \/>\n<meta name=\"twitter:card\" content=\"summary_large_image\" \/>\n<meta name=\"twitter:label1\" content=\"Szacowany czas czytania\" \/>\n\t<meta name=\"twitter:data1\" content=\"3 minuty\" \/>\n<!-- \/ Yoast SEO plugin. -->","yoast_head_json":{"title":"Dodaj wid\u017cet Zgoda na pliki cookie do witryny Bloggera (2025)","description":"Dzi\u0119ki Elfsight mo\u017cesz szybko i \u0142atwo przedstawi\u0107 zgod\u0119 na pliki cookie i doda\u0107 j\u0105 do swojej witryny Bloggera. Oferujemy bezp\u0142atn\u0105 obs\u0142ug\u0119 klienta i wi\u0119cej bonus\u00f3w.","robots":{"index":"index","follow":"follow","max-snippet":"max-snippet:-1","max-image-preview":"max-image-preview:large","max-video-preview":"max-video-preview:-1"},"canonical":"https:\/\/elfsight.com\/pl\/cookie-consent-widget\/blogger\/","og_locale":"pl_PL","og_type":"article","og_title":"Dodaj wid\u017cet Zgoda na pliki cookie do witryny Bloggera (2025)","og_description":"Dzi\u0119ki Elfsight mo\u017cesz szybko i \u0142atwo przedstawi\u0107 zgod\u0119 na pliki cookie i doda\u0107 j\u0105 do swojej witryny Bloggera. Oferujemy bezp\u0142atn\u0105 obs\u0142ug\u0119 klienta i wi\u0119cej bonus\u00f3w.","og_url":"https:\/\/elfsight.com\/pl\/cookie-consent-widget\/blogger\/","og_site_name":"Elfsight PL","article_modified_time":"2024-11-14T12:37:47+00:00","twitter_card":"summary_large_image","twitter_misc":{"Szacowany czas czytania":"3 minuty"},"schema":{"@context":"https:\/\/schema.org","@graph":[{"@type":"WebPage","@id":"https:\/\/elfsight.com\/pl\/cookie-consent-widget\/blogger\/","url":"https:\/\/elfsight.com\/pl\/cookie-consent-widget\/blogger\/","name":"Dodaj wid\u017cet Zgoda na pliki cookie do witryny Bloggera (2025)","isPartOf":{"@id":"https:\/\/elfsight.com\/pl\/#website"},"datePublished":"2024-05-03T06:33:28+00:00","dateModified":"2024-11-14T12:37:47+00:00","description":"Dzi\u0119ki Elfsight mo\u017cesz szybko i \u0142atwo przedstawi\u0107 zgod\u0119 na pliki cookie i doda\u0107 j\u0105 do swojej witryny Bloggera. Oferujemy bezp\u0142atn\u0105 obs\u0142ug\u0119 klienta i wi\u0119cej bonus\u00f3w.","breadcrumb":{"@id":"https:\/\/elfsight.com\/pl\/cookie-consent-widget\/blogger\/#breadcrumb"},"inLanguage":"pl-PL","potentialAction":[{"@type":"ReadAction","target":["https:\/\/elfsight.com\/pl\/cookie-consent-widget\/blogger\/"]}]},{"@type":"BreadcrumbList","@id":"https:\/\/elfsight.com\/pl\/cookie-consent-widget\/blogger\/#breadcrumb","itemListElement":[{"@type":"ListItem","position":1,"name":"Home","item":"https:\/\/elfsight.com\/pl\/"},{"@type":"ListItem","position":2,"name":"Cookie Consent","item":"https:\/\/elfsight.com\/pl\/cookie-consent-widget\/"},{"@type":"ListItem","position":3,"name":"Cookie Consent &#8211; Blogger"}]},{"@type":"WebSite","@id":"https:\/\/elfsight.com\/pl\/#website","url":"https:\/\/elfsight.com\/pl\/","name":"Elfsight PL","description":"Just another Elfsight Sites site","potentialAction":[{"@type":"SearchAction","target":{"@type":"EntryPoint","urlTemplate":"https:\/\/elfsight.com\/pl\/?s={search_term_string}"},"query-input":{"@type":"PropertyValueSpecification","valueRequired":true,"valueName":"search_term_string"}}],"inLanguage":"pl-PL"}]}},"meta_box":{"industry":"","seo_heading":"","heading":"","description":"","cta_heading":"","cta_description":"","application":"2166","h1":"Wid\u017cet zgody na pliki cookie Bloggera","h1_caption":"Przestrzegaj przepis\u00f3w dotycz\u0105cych prywatno\u015bci, dodaj\u0105c do swojej witryny baner wyra\u017caj\u0105cy zgod\u0119 na pliki cookie, co zapewni bezproblemow\u0105 przejrzysto\u015b\u0107 danych u\u017cytkownika w witrynie Bloggera.","application_category":[],"applications_title":"","applications_request_title":"","applications_request_button_text":"","hero_text":"","hero_video":"","hero_video_schema_markup":"","selling_points_title":"","selling_points_caption":"","selling_points":[],"selling_points_cta_text":"","features_title":"","features":"","ed_cta_examples_text":"","ed_cta_examples_hidden":"","ed_cta_demo_text":"","ed_cta_demo_hidden":"","why_caption":"","why_editor_title":"","why_editor_text":"","why_team_title":"","why_team_text":"","why_service_title":"","why_service_text":"","template_catalog_visible":"","template_catalog_title":"","template_catalog_text":"","template_catalog_categories_visible":"","demo_title":"Utw\u00f3rz wid\u017cet zgody na pliki cookie","demo_caption":"Skonfiguruj zgod\u0119 na pliki cookie i dodaj j\u0105 do swojej witryny Bloggera za darmo!","default_faq_hidden":"","app_template_category":[],"platform":"44","template_public_id":"","codecanyon_url":"","codecanyon_item_id":"","codecanyon_price":"","pricing_caption":"","pricing_elfsight_apps_hide_column":"","pricing_elfsight_apps_url":"","pricing_codecanyon_price_caption":"","integration_category":[],"integration_request_title":"","integration_request_cta":"","integration_platform":"","integrations":[],"platform_category":[],"video_schema_markup":"","price":"od 0 USD \/ miesi\u0105c","trial":"","benefits":[{"text":"Bezp\u0142atna pomoc w monta\u017cu"},{"text":"Kompetentna obs\u0142uga klienta"},{"text":"14-dniowa gwarancja zwrotu pieni\u0119dzy"}],"button_url":"#demo","button_target_blank":"","button_nofollow":"","attributes":[{"name":"Instaluje"},{"name":"Czu\u0142y"},{"name":"Kompatybilne przegl\u0105darki"}],"tags":[],"tags_disable_links":"","hide_more_platforms":"","video_object":"","demo_hide_cta":"","demo_hide_cloud_options":"","pricing_title":"","pricing":[{"pricing_icon":"platform","pricing_title":"Elfsight Apps","pricing_title_caption":"Rozwi\u0105zanie wieloplatformowe","pricing_price":"od 0 USD \/ miesi\u0105c","pricing_price_caption":"zacznij od bezp\u0142atnego planu","pricing_benefits":[{"text":"Nielimitowane domeny"},{"text":"Dedykowane i terminowe wsparcie oraz dobrze udokumentowane"},{"text":"Bezp\u0142atna us\u0142uga monta\u017cu"},{"text":"100% konfigurowalny"}],"pricing_button_text":"Dodaj do witryny","pricing_button_url":"#demo"}],"related_apps_title":"","related_apps_hidden":"","author":"","image":[],"title":"","job":"","social_networks":[]},"_links":{"self":[{"href":"https:\/\/elfsight.com\/pl\/wp-json\/wp\/v2\/pages\/4765","targetHints":{"allow":["GET"]}}],"collection":[{"href":"https:\/\/elfsight.com\/pl\/wp-json\/wp\/v2\/pages"}],"about":[{"href":"https:\/\/elfsight.com\/pl\/wp-json\/wp\/v2\/types\/page"}],"author":[{"embeddable":true,"href":"https:\/\/elfsight.com\/pl\/wp-json\/wp\/v2\/users\/9"}],"replies":[{"embeddable":true,"href":"https:\/\/elfsight.com\/pl\/wp-json\/wp\/v2\/comments?post=4765"}],"version-history":[{"count":2,"href":"https:\/\/elfsight.com\/pl\/wp-json\/wp\/v2\/pages\/4765\/revisions"}],"predecessor-version":[{"id":7720,"href":"https:\/\/elfsight.com\/pl\/wp-json\/wp\/v2\/pages\/4765\/revisions\/7720"}],"up":[{"embeddable":true,"href":"https:\/\/elfsight.com\/pl\/wp-json\/wp\/v2\/pages\/2167"}],"wp:attachment":[{"href":"https:\/\/elfsight.com\/pl\/wp-json\/wp\/v2\/media?parent=4765"}],"curies":[{"name":"wp","href":"https:\/\/api.w.org\/{rel}","templated":true}]}}