{"id":4760,"date":"2024-05-03T06:33:27","date_gmt":"2024-05-03T06:33:27","guid":{"rendered":"https:\/\/elfsight.com\/pl\/?page_id=4760"},"modified":"2025-06-26T14:35:08","modified_gmt":"2025-06-26T14:35:08","slug":"drupal","status":"publish","type":"page","link":"https:\/\/elfsight.com\/pl\/cookie-consent-widget\/drupal\/","title":{"rendered":"Cookie Consent &#8211; Drupal"},"content":{"rendered":"<div class=\"application-platform-content-item-description application-platform-content-item\" id=\"description\" data-nav-section=\"description\"> <h2>Opis<\/h2> <p>Dzi\u0119ki modu\u0142owi Elfsight Cookie maksymalnie \u0142atwo b\u0119dzie powiadomi\u0107 widz\u00f3w, \u017ce Twoja witryna korzysta z plik\u00f3w cookie, wy\u015bwietlaj\u0105c umiarkowane wyskakuj\u0105ce okienko. Wid\u017cet umo\u017cliwia dodanie w\u0142asnej wiadomo\u015bci, umieszczenie linku do polityki korzystania z serwisu oraz umieszczenie aktywnych przycisk\u00f3w umo\u017cliwiaj\u0105cych uzyskanie zgody u\u017cytkownik\u00f3w. Mo\u017cesz ustawi\u0107 wid\u017cet w formie paska strony lub responsywnego pola i wybra\u0107 dla niego dowoln\u0105 lokalizacj\u0119. Dodatkowo elementy, kt\u00f3re mo\u017cna pomalowa\u0107, sprawi\u0105, \u017ce wid\u017cet b\u0119dzie wygl\u0105da\u0142 natywnie i dobrze integruje si\u0119 z koncepcj\u0105 stylu witryny.<\/p> <div class=\"faq\" data-component=\"FAQ\"> <div class=\"faq-item\">\r\n\t\t\t\t\t<div class=\"faq-item-question\">\r\n\t\t\t\t\t\t<h3 class=\"faq-item-question-text\">Gdzie na mojej stronie mog\u0119 osadzi\u0107 wid\u017cet<\/h3>\r\n\r\n\t\t\t\t\t\t<div class=\"faq-item-question-icon\"><\/div>\r\n\t\t\t\t\t<\/div>\r\n\r\n\t\t\t\t\t<div class=\"faq-item-answer\">\r\n\t\t\t\t\t\t<div class=\"faq-item-answer-text\"> <p>Mo\u017cesz umie\u015b\u0107 wtyczk\u0119 na dowolnej stronie serwisu lub na wszystkich stronach, w zale\u017cno\u015bci od tego, czego potrzebujesz. Gdy tylko dana osoba wejdzie na stron\u0119, pojawi si\u0119 powiadomienie o plikach cookie. <\/p> <\/div>\r\n\t\t\t\t\t<\/div>\r\n\t\t\t\t<\/div><div class=\"faq-item\">\r\n\t\t\t\t\t<div class=\"faq-item-question\">\r\n\t\t\t\t\t\t<h3 class=\"faq-item-question-text\">Jakie korzy\u015bci mi to daje?<\/h3>\r\n\r\n\t\t\t\t\t\t<div class=\"faq-item-question-icon\"><\/div>\r\n\t\t\t\t\t<\/div>\r\n\r\n\t\t\t\t\t<div class=\"faq-item-answer\">\r\n\t\t\t\t\t\t<div class=\"faq-item-answer-text\"> <p>Widget pomaga natychmiastowo wy\u015bwietli\u0107 powiadomienie o plikach cookie, bez kodowania i maksymalnie szybko. Zawiera wszystkie najpopularniejsze j\u0119zyki europejskie, aby zapewni\u0107 u\u017cytkownikom Twojej witryny najlepsz\u0105 obs\u0142ug\u0119. <\/p> <\/div>\r\n\t\t\t\t\t<\/div>\r\n\t\t\t\t<\/div> <div class=\"faq-item\">\r\n\t\t\t\t\t<div class=\"faq-item-question\">\r\n\t\t\t\t\t\t<h3 class=\"faq-item-question-text\">Czego potrzebuj\u0119, aby zainstalowa\u0107 zgod\u0119 na pliki cookie na mojej stronie Drupal?<\/h3>\r\n\r\n\t\t\t\t\t\t<div class=\"faq-item-question-icon\"><\/div>\r\n\t\t\t\t\t<\/div>\r\n\r\n\t\t\t\t\t<div class=\"faq-item-answer\">\r\n\t\t\t\t\t\t<div class=\"faq-item-answer-text\"> <p>Aktywacja zajmie tylko kilka minut. Jest naprawd\u0119 szybki, darmowy i nie wymaga kodowania. <\/p> <p>Wid\u017cet mo\u017cna skonfigurowa\u0107 za po\u015brednictwem naszego serwisu lub za po\u015brednictwem rynku. Tutaj mo\u017cesz zobaczy\u0107 wi\u0119cej informacji o obu wariantach i wybra\u0107 sw\u00f3j.<\/p> <\/div>\r\n\t\t\t\t\t<\/div>\r\n\t\t\t\t<\/div> <\/div> <\/div> <div class=\"application-platform-content-item-features application-platform-content-item\" id=\"features\" data-nav-section=\"features\"> <h2>Funkcje<\/h2> <p>Aby mie\u0107 pe\u0142n\u0105 wiedz\u0119 na temat zgody na pliki cookie, sp\u00f3jrz na list\u0119 jej najwa\u017cniejszych funkcji. Dzi\u0119ki nim nasz widget jest dla Ciebie niezwykle przydatny:<\/p> <ul><li>Wybierz typ og\u0142oszenia lub pro\u015bby o zgod\u0119;<\/li> <li>Ustaw niestandardowy tekst og\u0142oszenia obs\u0142uguj\u0105cy opcje formatowania i linki;<\/li> <li>Wy\u015bwietl lub wy\u0142\u0105cz link do polityki plik\u00f3w cookie i wprowad\u017a niestandardowy tekst linku;<\/li> <li>Wybierz wariant uk\u0142adu paska lub pola wid\u017cetu;<\/li> <li>Ustaw kolor przycisk\u00f3w i \u0142\u0105cza.<\/li><\/ul><p><a href=\"#demo\">Dowiedz si\u0119 wi\u0119cej o funkcjach w naszej demonstracji na \u017cywo<\/a><\/p> <\/div> <div class=\"application-platform-content-item-installation application-platform-content-item\" id=\"installation\" data-nav-section=\"installation\"> <h2>Dowiedz si\u0119 jak doda\u0107 zgod\u0119 na pliki cookie do swojej witryny Drupal<\/h2><div class=\"video-container\"><iframe width=\"720\" height=\"405\" src=\"https:\/\/www.youtube.com\/embed\/VgPOMLXPJb4\" frameborder=\"0\" allowfullscreen=\"\"><\/iframe><\/div><p>Wystarczy wykona\u0107 kilka krok\u00f3w przedstawionych poni\u017cej, aby doda\u0107 modu\u0142 na Drupalu.<\/p> <ol><li><b>Zastosuj nasz darmowy edytor i zacznij tworzy\u0107 sw\u00f3j w\u0142asny modu\u0142. <\/b><br> Okre\u015bl niestandardowy interfejs i cechy funkcjonalne modu\u0142u Zgoda na pliki cookie i zastosuj poprawki. <\/li> <li><b>Skopiuj indywidualny kod wy\u015bwietlony w polu aplikacji Elfsight. <\/b><br> Po zako\u0144czeniu konfiguracji narz\u0119dzia skopiuj ekskluzywny kod z wy\u015bwietlonego okna i zapisz go do p\u00f3\u017aniejszego wykorzystania. <\/li> <li><b>Zainicjuj u\u017cycie modu\u0142u na stronie Drupal. <\/b><br> Wprowad\u017a skopiowany wcze\u015bniej kod na swoj\u0105 stron\u0119 i zastosuj poprawki. <\/li> <li><b>Gotowe! Osadzanie zosta\u0142o w pe\u0142ni wykonane. <\/b><br> Przejd\u017a do swojej witryny i sprawd\u017a, jak dzia\u0142a to narz\u0119dzie. <\/li><\/ol><p>Nadal nie jeste\u015b pewien? Albo natkn\u0105\u0142e\u015b si\u0119 na co\u015b? Tylko jedno zg\u0142oszenie do naszego dzia\u0142u obs\u0142ugi klienta rozwi\u0105\u017ce ka\u017cdy problem. <\/p> <\/div>","protected":false},"excerpt":{"rendered":"","protected":false},"author":9,"featured_media":0,"parent":2167,"menu_order":0,"comment_status":"closed","ping_status":"closed","template":"templates\/template-application-platform.php","meta":{"publish_to_discourse":"","publish_post_category":"","wpdc_auto_publish_overridden":"","wpdc_topic_tags":"","wpdc_pin_topic":"","wpdc_pin_until":"","discourse_post_id":"","discourse_permalink":"","wpdc_publishing_response":"","wpdc_publishing_error":"","footnotes":""},"class_list":["post-4760","page","type-page","status-publish","hentry"],"yoast_head":"<!-- This site is optimized with the Yoast SEO plugin v25.3.1 - https:\/\/yoast.com\/wordpress\/plugins\/seo\/ -->\n<title>Dodaj modu\u0142 zgody na pliki cookie do witryny Drupal (w 2 minuty)<\/title>\n<meta name=\"description\" content=\"Skonstruowanie modu\u0142u zgody na pliki cookie i opublikowanie go na stronie Drupal nie jest trudne. Obs\u0142uga klienta Elfsight jest bezp\u0142atna.\" \/>\n<meta name=\"robots\" content=\"index, follow, max-snippet:-1, max-image-preview:large, max-video-preview:-1\" \/>\n<link rel=\"canonical\" href=\"https:\/\/elfsight.com\/pl\/cookie-consent-widget\/drupal\/\" \/>\n<meta property=\"og:locale\" content=\"pl_PL\" \/>\n<meta property=\"og:type\" content=\"article\" \/>\n<meta property=\"og:title\" content=\"Dodaj modu\u0142 zgody na pliki cookie do witryny Drupal (w 2 minuty)\" \/>\n<meta property=\"og:description\" content=\"Skonstruowanie modu\u0142u zgody na pliki cookie i opublikowanie go na stronie Drupal nie jest trudne. Obs\u0142uga klienta Elfsight jest bezp\u0142atna.\" \/>\n<meta property=\"og:url\" content=\"https:\/\/elfsight.com\/pl\/cookie-consent-widget\/drupal\/\" \/>\n<meta property=\"og:site_name\" content=\"Elfsight PL\" \/>\n<meta property=\"article:modified_time\" content=\"2025-06-26T14:35:08+00:00\" \/>\n<meta name=\"twitter:card\" content=\"summary_large_image\" \/>\n<meta name=\"twitter:label1\" content=\"Szacowany czas czytania\" \/>\n\t<meta name=\"twitter:data1\" content=\"3 minuty\" \/>\n<!-- \/ Yoast SEO plugin. -->","yoast_head_json":{"title":"Dodaj modu\u0142 zgody na pliki cookie do witryny Drupal (w 2 minuty)","description":"Skonstruowanie modu\u0142u zgody na pliki cookie i opublikowanie go na stronie Drupal nie jest trudne. Obs\u0142uga klienta Elfsight jest bezp\u0142atna.","robots":{"index":"index","follow":"follow","max-snippet":"max-snippet:-1","max-image-preview":"max-image-preview:large","max-video-preview":"max-video-preview:-1"},"canonical":"https:\/\/elfsight.com\/pl\/cookie-consent-widget\/drupal\/","og_locale":"pl_PL","og_type":"article","og_title":"Dodaj modu\u0142 zgody na pliki cookie do witryny Drupal (w 2 minuty)","og_description":"Skonstruowanie modu\u0142u zgody na pliki cookie i opublikowanie go na stronie Drupal nie jest trudne. Obs\u0142uga klienta Elfsight jest bezp\u0142atna.","og_url":"https:\/\/elfsight.com\/pl\/cookie-consent-widget\/drupal\/","og_site_name":"Elfsight PL","article_modified_time":"2025-06-26T14:35:08+00:00","twitter_card":"summary_large_image","twitter_misc":{"Szacowany czas czytania":"3 minuty"},"schema":{"@context":"https:\/\/schema.org","@graph":[{"@type":"WebPage","@id":"https:\/\/elfsight.com\/pl\/cookie-consent-widget\/drupal\/","url":"https:\/\/elfsight.com\/pl\/cookie-consent-widget\/drupal\/","name":"Dodaj modu\u0142 zgody na pliki cookie do witryny Drupal (w 2 minuty)","isPartOf":{"@id":"https:\/\/elfsight.com\/pl\/#website"},"datePublished":"2024-05-03T06:33:27+00:00","dateModified":"2025-06-26T14:35:08+00:00","description":"Skonstruowanie modu\u0142u zgody na pliki cookie i opublikowanie go na stronie Drupal nie jest trudne. Obs\u0142uga klienta Elfsight jest bezp\u0142atna.","breadcrumb":{"@id":"https:\/\/elfsight.com\/pl\/cookie-consent-widget\/drupal\/#breadcrumb"},"inLanguage":"pl-PL","potentialAction":[{"@type":"ReadAction","target":["https:\/\/elfsight.com\/pl\/cookie-consent-widget\/drupal\/"]}]},{"@type":"BreadcrumbList","@id":"https:\/\/elfsight.com\/pl\/cookie-consent-widget\/drupal\/#breadcrumb","itemListElement":[{"@type":"ListItem","position":1,"name":"Home","item":"https:\/\/elfsight.com\/pl\/"},{"@type":"ListItem","position":2,"name":"Cookie Consent","item":"https:\/\/elfsight.com\/pl\/cookie-consent-widget\/"},{"@type":"ListItem","position":3,"name":"Cookie Consent &#8211; Drupal"}]},{"@type":"WebSite","@id":"https:\/\/elfsight.com\/pl\/#website","url":"https:\/\/elfsight.com\/pl\/","name":"Elfsight PL","description":"Just another Elfsight Sites site","potentialAction":[{"@type":"SearchAction","target":{"@type":"EntryPoint","urlTemplate":"https:\/\/elfsight.com\/pl\/?s={search_term_string}"},"query-input":{"@type":"PropertyValueSpecification","valueRequired":true,"valueName":"search_term_string"}}],"inLanguage":"pl-PL"}]}},"meta_box":{"industry":"","seo_heading":"","heading":"","description":"","cta_heading":"","cta_description":"","application":"2166","h1":"Modu\u0142 zgody na pliki cookie w Drupalu","h1_caption":"Przestrzegaj przepis\u00f3w dotycz\u0105cych prywatno\u015bci, dodaj\u0105c do swojej witryny baner wyra\u017caj\u0105cy zgod\u0119 na pliki cookie, zapewniaj\u0105c bezproblemow\u0105 przejrzysto\u015b\u0107 danych u\u017cytkownika w witrynie Drupal.","application_category":[],"applications_title":"","applications_request_title":"","applications_request_button_text":"","hero_text":"","hero_video":"","hero_video_schema_markup":"","selling_points_title":"","selling_points_caption":"","selling_points":[],"selling_points_cta_text":"","features_title":"","features":"","ed_cta_examples_text":"","ed_cta_examples_hidden":"","ed_cta_demo_text":"","ed_cta_demo_hidden":"","why_caption":"","why_editor_title":"","why_editor_text":"","why_team_title":"","why_team_text":"","why_service_title":"","why_service_text":"","template_catalog_visible":"0","template_catalog_title":"","template_catalog_text":"","template_catalog_categories_visible":"","demo_title":"Utw\u00f3rz modu\u0142 zgody na pliki cookie","demo_caption":"Skonfiguruj swoj\u0105 zgod\u0119 na pliki cookie i dodaj j\u0105 do swojej witryny Drupal za darmo!","default_faq_hidden":"","app_template_category":[],"platform":"47","template_public_id":"","codecanyon_url":"","codecanyon_item_id":"","codecanyon_price":"","pricing_caption":"","pricing_elfsight_apps_hide_column":"","pricing_elfsight_apps_url":"","pricing_codecanyon_price_caption":"","integration_category":[],"integration_request_title":"","integration_request_cta":"","integration_platform":"","integrations":[],"platform_category":[],"video_schema_markup":"","price":"od 0 USD \/ miesi\u0105c","trial":"","benefits":[{"text":"Bezp\u0142atna us\u0142uga monta\u017cu"},{"text":"Kompetentna obs\u0142uga klienta"},{"text":"14-dniowa gwarancja zwrotu pieni\u0119dzy"}],"button_url":"#demo","button_target_blank":"0","button_nofollow":"0","attributes":[{"name":"Instaluje"},{"name":"Czu\u0142y"},{"name":"Kompatybilne przegl\u0105darki"}],"tags":[],"tags_disable_links":"0","hide_more_platforms":"0","video_object":"","demo_hide_cta":"0","demo_hide_cloud_options":"0","pricing_title":"","pricing":[{"pricing_icon":"platform","pricing_title":"Elfsight Apps","pricing_title_caption":"Oprogramowanie wieloplatformowe, kt\u00f3re pasuje do ka\u017cdej witryny","pricing_price":"od 0 USD \/ miesi\u0105c","pricing_price_caption":"zacznij od bezp\u0142atnego planu","pricing_benefits":[{"text":"Nielimitowane domeny"},{"text":"Wsparcie premium i na czas"},{"text":"Bezp\u0142atna us\u0142uga monta\u017cu"},{"text":"Specjalna oferta na wiele aplikacji"}],"pricing_button_text":"Dodaj do witryny","pricing_button_url":"#demo"}],"related_apps_title":"","related_apps_hidden":"0","author":"","image":[],"title":"","job":"","social_networks":[]},"_links":{"self":[{"href":"https:\/\/elfsight.com\/pl\/wp-json\/wp\/v2\/pages\/4760","targetHints":{"allow":["GET"]}}],"collection":[{"href":"https:\/\/elfsight.com\/pl\/wp-json\/wp\/v2\/pages"}],"about":[{"href":"https:\/\/elfsight.com\/pl\/wp-json\/wp\/v2\/types\/page"}],"author":[{"embeddable":true,"href":"https:\/\/elfsight.com\/pl\/wp-json\/wp\/v2\/users\/9"}],"replies":[{"embeddable":true,"href":"https:\/\/elfsight.com\/pl\/wp-json\/wp\/v2\/comments?post=4760"}],"version-history":[{"count":3,"href":"https:\/\/elfsight.com\/pl\/wp-json\/wp\/v2\/pages\/4760\/revisions"}],"predecessor-version":[{"id":10557,"href":"https:\/\/elfsight.com\/pl\/wp-json\/wp\/v2\/pages\/4760\/revisions\/10557"}],"up":[{"embeddable":true,"href":"https:\/\/elfsight.com\/pl\/wp-json\/wp\/v2\/pages\/2167"}],"wp:attachment":[{"href":"https:\/\/elfsight.com\/pl\/wp-json\/wp\/v2\/media?parent=4760"}],"curies":[{"name":"wp","href":"https:\/\/api.w.org\/{rel}","templated":true}]}}