{"id":4759,"date":"2024-05-03T06:33:26","date_gmt":"2024-05-03T06:33:26","guid":{"rendered":"https:\/\/elfsight.com\/pl\/?page_id=4759"},"modified":"2024-11-14T12:37:39","modified_gmt":"2024-11-14T12:37:39","slug":"joomla","status":"publish","type":"page","link":"https:\/\/elfsight.com\/pl\/cookie-consent-widget\/joomla\/","title":{"rendered":"Cookie Consent &#8211; Joomla"},"content":{"rendered":"<div class=\"application-platform-content-item-description application-platform-content-item\" id=\"description\" data-nav-section=\"description\"> <h2>Opis<\/h2> <p>Dzi\u0119ki rozszerzeniu Elfsight Cookie mo\u017cesz szybko i bezproblemowo powiadomi\u0107 odbiorc\u00f3w, \u017ce Twoja witryna korzysta z plik\u00f3w cookie , za pomoc\u0105 \u0142adnego wyskakuj\u0105cego okienka. Nasz widget pozwala Ci napisa\u0107 w\u0142asny tekst, poda\u0107 link do zasad korzystania z Twojej witryny i umie\u015bci\u0107 aktywne przyciski, aby poprosi\u0107 o zgod\u0119 odwiedzaj\u0105cych. Mo\u017cesz wybra\u0107 spos\u00f3b wy\u015bwietlania widgetu: w formie paska lub responsywnego boxu i wybra\u0107 dla niego najlepsz\u0105 pozycj\u0119. Ponadto elementy, kt\u00f3re mo\u017cna malowa\u0107, pomog\u0105 Ci uczyni\u0107 widget natywnym i dopasowa\u0107 go do og\u00f3lnej koncepcji stylu witryny.<\/p> <div class=\"faq\" data-component=\"FAQ\"> <div class=\"faq-item\">\r\n\t\t\t\t\t<div class=\"faq-item-question\">\r\n\t\t\t\t\t\t<h3 class=\"faq-item-question-text\">Gdzie na mojej stronie internetowej mog\u0119 zainstalowa\u0107 zgod\u0119 na pliki cookie<\/h3>\r\n\r\n\t\t\t\t\t\t<div class=\"faq-item-question-icon\"><\/div>\r\n\t\t\t\t\t<\/div>\r\n\r\n\t\t\t\t\t<div class=\"faq-item-answer\">\r\n\t\t\t\t\t\t<div class=\"faq-item-answer-text\"> <p>\u0141atwo jest pokaza\u0107 og\u0142oszenie na dowolnej stronie Twojej witryny lub na wszystkich jej stronach, w zale\u017cno\u015bci od Twoich potrzeb. Gdy u\u017cytkownik wejdzie na stron\u0119, wy\u015bwietli si\u0119 powiadomienie. <\/p> <\/div>\r\n\t\t\t\t\t<\/div>\r\n\t\t\t\t<\/div> <div class=\"faq-item\">\r\n\t\t\t\t\t<div class=\"faq-item-question\">\r\n\t\t\t\t\t\t<h3 class=\"faq-item-question-text\">Jakie mam z tego korzy\u015bci?<\/h3>\r\n\r\n\t\t\t\t\t\t<div class=\"faq-item-question-icon\"><\/div>\r\n\t\t\t\t\t<\/div>\r\n\r\n\t\t\t\t\t<div class=\"faq-item-answer\">\r\n\t\t\t\t\t\t<div class=\"faq-item-answer-text\"> <p>Nasz widget pozwala na natychmiastowe i bardzo szybkie utworzenie powiadomienia o plikach cookie bez kodowania. Zosta\u0142 on przet\u0142umaczony na wszystkie szeroko rozpowszechnione j\u0119zyki europejskie, aby zapewni\u0107 u\u017cytkownikom witryny wygod\u0119 u\u017cytkowania.<\/p> <\/div>\r\n\t\t\t\t\t<\/div>\r\n\t\t\t\t<\/div> <div class=\"faq-item\">\r\n\t\t\t\t\t<div class=\"faq-item-question\">\r\n\t\t\t\t\t\t<h3 class=\"faq-item-question-text\">Jak osadzi\u0107 wtyczk\u0119 Cookie w mojej witrynie Joomla?<\/h3>\r\n\r\n\t\t\t\t\t\t<div class=\"faq-item-question-icon\"><\/div>\r\n\t\t\t\t\t<\/div>\r\n\r\n\t\t\t\t\t<div class=\"faq-item-answer\">\r\n\t\t\t\t\t\t<div class=\"faq-item-answer-text\"> <p>To tylko rozpocz\u0119cie korzystania z wid\u017cetu zajmie Ci trzy minuty. Dodawanie jest naprawd\u0119 szybkie, bezp\u0142atne i nie obejmuje kodowania.<\/p> <p>Zgod\u0119 na pliki cookie Elfsight mo\u017cna wprowadzi\u0107 za po\u015brednictwem naszej us\u0142ugi lub za po\u015brednictwem rynku. Tutaj mo\u017cesz dowiedzie\u0107 si\u0119 wi\u0119cej o obu opcjach i wybra\u0107 swoj\u0105.<\/p> <\/div>\r\n\t\t\t\t\t<\/div>\r\n\t\t\t\t<\/div> <\/div> <\/div><div class=\"application-platform-content-item-features application-platform-content-item\" id=\"features\" data-nav-section=\"features\"> <h2>Funkcje<\/h2> <p>W kolejno\u015bci aby ukszta\u0142towa\u0107 ja\u015bniejsz\u0105 koncepcj\u0119 wid\u017cetu, zapoznaj si\u0119 z list\u0105 jego podstawowych cech. Dzi\u0119ki nim nasz widget jest maksymalnie skuteczny w Twojej promocji:<\/p> <ul><li>Utw\u00f3rz proste powiadomienie lub pro\u015bb\u0119 o zgod\u0119; <\/li> <li> Napisz w\u0142asne powiadomienie z funkcjami formatowania i linkami; <\/li> <li>Poka\u017c lub ukryj link do polityki dotycz\u0105cej plik\u00f3w cookie z niestandardowym tekstem linku; <\/li> <li> Wybierz wariant uk\u0142adu paska lub ramki wid\u017cetu; <\/li> <li>Opcja malowania przycisk\u00f3w i link\u00f3w. <\/li> <\/ul><p><a href=\"#demo\">Aby odkry\u0107 wi\u0119cej funkcji, zobacz demonstracj\u0119 na \u017cywo<\/a><\/p> <\/div><div class=\"application-platform-content-item-installation application-platform-content-item\" id=\"installation\" data-nav-section=\"installation\"> <h2>Dowiedz si\u0119, jak umie\u015bci\u0107 zgod\u0119 na pliki cookie w swojej witrynie Joomla<\/h2><div class=\"video-container\"><iframe width=\"720\" height=\"405\" src=\"https:\/\/www.youtube.com\/embed\/paJVEbEG94Q\" frameborder=\"0\" allowfullscreen=\"\"><\/iframe><\/div><p>Wystarczy wykona\u0107 poni\u017csze kroki, aby osadzi\u0107 rozszerzenie w Joomla.<\/p> <ol><li> <b>Skorzystaj z naszego bezp\u0142atnego konfiguratora i zacznij tworzy\u0107 swoje unikalne rozszerzenie Cookie Consent. <\/b><br> Znajd\u017a preferowany interfejs i specyfikacje narz\u0119dzia i zapisz zmiany. <\/li> <li><b>Skopiuj sw\u00f3j osobisty kod, kt\u00f3ry pojawi si\u0119 w polu aplikacji Elfsight. <\/b><br> Zaraz po skonfigurowaniu wtyczki skopiuj indywidualny kod z wy\u015bwietlonego pola i zachowaj go na p\u00f3\u017aniej. <\/li> <li><b>Wpisz ch\u0119\u0107 korzystania z wtyczki na stronie Joomla. <\/b><br> Zintegruj skopiowany wcze\u015bniej kod ze swoj\u0105 witryn\u0105 i zastosuj zmiany. <\/li> <li><b>Instalacja zosta\u0142a pomy\u015blnie zako\u0144czona. <\/b><br> Przejd\u017a do swojej witryny, aby sprawdzi\u0107 dzia\u0142anie narz\u0119dzia. <\/li><\/ol><p>Nadal masz co\u015b, co budzi Twoje w\u0105tpliwo\u015bci? Albo masz problemy? Po prostu wy\u015blij zapytanie do naszego dzia\u0142u obs\u0142ugi klienta, a my rozwi\u0105\u017cemy ka\u017cdy problem. <\/p> <\/div>","protected":false},"excerpt":{"rendered":"","protected":false},"author":9,"featured_media":0,"parent":2167,"menu_order":0,"comment_status":"closed","ping_status":"closed","template":"templates\/template-application-platform.php","meta":{"publish_to_discourse":"","publish_post_category":"","wpdc_auto_publish_overridden":"","wpdc_topic_tags":"","wpdc_pin_topic":"","wpdc_pin_until":"","discourse_post_id":"","discourse_permalink":"","wpdc_publishing_response":"","wpdc_publishing_error":"","footnotes":""},"class_list":["post-4759","page","type-page","status-publish","hentry"],"yoast_head":"<!-- This site is optimized with the Yoast SEO plugin v25.3.1 - https:\/\/yoast.com\/wordpress\/plugins\/seo\/ -->\n<title>Dodaj rozszerzenie Cookie Consent do witryny Joomla (bezp\u0142atnie i szybko)<\/title>\n<meta name=\"description\" content=\"Stworzenie rozszerzenia Cookie Consent i dodanie go do swojej witryny Joomla jest ca\u0142kowicie proste. Obs\u0142uga klienta Elfsight jest bezp\u0142atna.\" \/>\n<meta name=\"robots\" content=\"index, follow, max-snippet:-1, max-image-preview:large, max-video-preview:-1\" \/>\n<link rel=\"canonical\" href=\"https:\/\/elfsight.com\/pl\/cookie-consent-widget\/joomla\/\" \/>\n<meta property=\"og:locale\" content=\"pl_PL\" \/>\n<meta property=\"og:type\" content=\"article\" \/>\n<meta property=\"og:title\" content=\"Dodaj rozszerzenie Cookie Consent do witryny Joomla (bezp\u0142atnie i szybko)\" \/>\n<meta property=\"og:description\" content=\"Stworzenie rozszerzenia Cookie Consent i dodanie go do swojej witryny Joomla jest ca\u0142kowicie proste. Obs\u0142uga klienta Elfsight jest bezp\u0142atna.\" \/>\n<meta property=\"og:url\" content=\"https:\/\/elfsight.com\/pl\/cookie-consent-widget\/joomla\/\" \/>\n<meta property=\"og:site_name\" content=\"Elfsight PL\" \/>\n<meta property=\"article:modified_time\" content=\"2024-11-14T12:37:39+00:00\" \/>\n<meta name=\"twitter:card\" content=\"summary_large_image\" \/>\n<meta name=\"twitter:label1\" content=\"Szacowany czas czytania\" \/>\n\t<meta name=\"twitter:data1\" content=\"3 minuty\" \/>\n<!-- \/ Yoast SEO plugin. -->","yoast_head_json":{"title":"Dodaj rozszerzenie Cookie Consent do witryny Joomla (bezp\u0142atnie i szybko)","description":"Stworzenie rozszerzenia Cookie Consent i dodanie go do swojej witryny Joomla jest ca\u0142kowicie proste. Obs\u0142uga klienta Elfsight jest bezp\u0142atna.","robots":{"index":"index","follow":"follow","max-snippet":"max-snippet:-1","max-image-preview":"max-image-preview:large","max-video-preview":"max-video-preview:-1"},"canonical":"https:\/\/elfsight.com\/pl\/cookie-consent-widget\/joomla\/","og_locale":"pl_PL","og_type":"article","og_title":"Dodaj rozszerzenie Cookie Consent do witryny Joomla (bezp\u0142atnie i szybko)","og_description":"Stworzenie rozszerzenia Cookie Consent i dodanie go do swojej witryny Joomla jest ca\u0142kowicie proste. Obs\u0142uga klienta Elfsight jest bezp\u0142atna.","og_url":"https:\/\/elfsight.com\/pl\/cookie-consent-widget\/joomla\/","og_site_name":"Elfsight PL","article_modified_time":"2024-11-14T12:37:39+00:00","twitter_card":"summary_large_image","twitter_misc":{"Szacowany czas czytania":"3 minuty"},"schema":{"@context":"https:\/\/schema.org","@graph":[{"@type":"WebPage","@id":"https:\/\/elfsight.com\/pl\/cookie-consent-widget\/joomla\/","url":"https:\/\/elfsight.com\/pl\/cookie-consent-widget\/joomla\/","name":"Dodaj rozszerzenie Cookie Consent do witryny Joomla (bezp\u0142atnie i szybko)","isPartOf":{"@id":"https:\/\/elfsight.com\/pl\/#website"},"datePublished":"2024-05-03T06:33:26+00:00","dateModified":"2024-11-14T12:37:39+00:00","description":"Stworzenie rozszerzenia Cookie Consent i dodanie go do swojej witryny Joomla jest ca\u0142kowicie proste. Obs\u0142uga klienta Elfsight jest bezp\u0142atna.","breadcrumb":{"@id":"https:\/\/elfsight.com\/pl\/cookie-consent-widget\/joomla\/#breadcrumb"},"inLanguage":"pl-PL","potentialAction":[{"@type":"ReadAction","target":["https:\/\/elfsight.com\/pl\/cookie-consent-widget\/joomla\/"]}]},{"@type":"BreadcrumbList","@id":"https:\/\/elfsight.com\/pl\/cookie-consent-widget\/joomla\/#breadcrumb","itemListElement":[{"@type":"ListItem","position":1,"name":"Home","item":"https:\/\/elfsight.com\/pl\/"},{"@type":"ListItem","position":2,"name":"Cookie Consent","item":"https:\/\/elfsight.com\/pl\/cookie-consent-widget\/"},{"@type":"ListItem","position":3,"name":"Cookie Consent &#8211; Joomla"}]},{"@type":"WebSite","@id":"https:\/\/elfsight.com\/pl\/#website","url":"https:\/\/elfsight.com\/pl\/","name":"Elfsight PL","description":"Just another Elfsight Sites site","potentialAction":[{"@type":"SearchAction","target":{"@type":"EntryPoint","urlTemplate":"https:\/\/elfsight.com\/pl\/?s={search_term_string}"},"query-input":{"@type":"PropertyValueSpecification","valueRequired":true,"valueName":"search_term_string"}}],"inLanguage":"pl-PL"}]}},"meta_box":{"industry":"","seo_heading":"","heading":"","description":"","cta_heading":"","cta_description":"","application":"2166","h1":"Rozszerzenie zgody na pliki cookie Joomla","h1_caption":"Przestrzegaj przepis\u00f3w dotycz\u0105cych prywatno\u015bci, dodaj\u0105c do swojej witryny baner wyra\u017caj\u0105cy zgod\u0119 na pliki cookie, zapewniaj\u0105c bezproblemow\u0105 przejrzysto\u015b\u0107 danych u\u017cytkownika w witrynie Joomla.","application_category":[],"applications_title":"","applications_request_title":"","applications_request_button_text":"","hero_text":"","hero_video":"","hero_video_schema_markup":"","selling_points_title":"","selling_points_caption":"","selling_points":[],"selling_points_cta_text":"","features_title":"","features":"","ed_cta_examples_text":"","ed_cta_examples_hidden":"","ed_cta_demo_text":"","ed_cta_demo_hidden":"","why_caption":"","why_editor_title":"","why_editor_text":"","why_team_title":"","why_team_text":"","why_service_title":"","why_service_text":"","template_catalog_visible":"","template_catalog_title":"","template_catalog_text":"","template_catalog_categories_visible":"","demo_title":"Utw\u00f3rz wtyczk\u0119 Cookie Consent","demo_caption":"Skonfiguruj zgod\u0119 na pliki cookie i dodaj j\u0105 do swojej witryny Joomla za darmo!","default_faq_hidden":"","app_template_category":[],"platform":"53","template_public_id":"","codecanyon_url":"","codecanyon_item_id":"","codecanyon_price":"","pricing_caption":"","pricing_elfsight_apps_hide_column":"","pricing_elfsight_apps_url":"","pricing_codecanyon_price_caption":"","integration_category":[],"integration_request_title":"","integration_request_cta":"","integration_platform":"","integrations":[],"platform_category":[],"video_schema_markup":"","price":"od 0 USD \/ miesi\u0105c","trial":"","benefits":[{"text":"Bezp\u0142atna pomoc w monta\u017cu"},{"text":"Wsparcie premium"},{"text":"14-dniowa gwarancja zwrotu pieni\u0119dzy"}],"button_url":"#demo","button_target_blank":"","button_nofollow":"","attributes":[{"name":"Instaluje"},{"name":"Czu\u0142y"},{"name":"Kompatybilne przegl\u0105darki"}],"tags":[],"tags_disable_links":"","hide_more_platforms":"","video_object":"","demo_hide_cta":"","demo_hide_cloud_options":"","pricing_title":"","pricing":[{"pricing_icon":"platform","pricing_title":"Elfsight Apps","pricing_title_caption":"Oprogramowanie wieloplatformowe, kt\u00f3re dzia\u0142a na dowolnej witrynie","pricing_price":"od 0 USD \/ miesi\u0105c","pricing_price_caption":"zacznij od bezp\u0142atnego planu","pricing_benefits":[{"text":"Nielimitowane strony internetowe"},{"text":"Ca\u0142odobowe wsparcie firmy"},{"text":"Bezp\u0142atna pomoc w instalacji"},{"text":"Specjalna oferta na wiele aplikacji"}],"pricing_button_text":"Dodaj do witryny","pricing_button_url":"#demo"}],"related_apps_title":"","related_apps_hidden":"","author":"","image":[],"title":"","job":"","social_networks":[]},"_links":{"self":[{"href":"https:\/\/elfsight.com\/pl\/wp-json\/wp\/v2\/pages\/4759","targetHints":{"allow":["GET"]}}],"collection":[{"href":"https:\/\/elfsight.com\/pl\/wp-json\/wp\/v2\/pages"}],"about":[{"href":"https:\/\/elfsight.com\/pl\/wp-json\/wp\/v2\/types\/page"}],"author":[{"embeddable":true,"href":"https:\/\/elfsight.com\/pl\/wp-json\/wp\/v2\/users\/9"}],"replies":[{"embeddable":true,"href":"https:\/\/elfsight.com\/pl\/wp-json\/wp\/v2\/comments?post=4759"}],"version-history":[{"count":2,"href":"https:\/\/elfsight.com\/pl\/wp-json\/wp\/v2\/pages\/4759\/revisions"}],"predecessor-version":[{"id":7718,"href":"https:\/\/elfsight.com\/pl\/wp-json\/wp\/v2\/pages\/4759\/revisions\/7718"}],"up":[{"embeddable":true,"href":"https:\/\/elfsight.com\/pl\/wp-json\/wp\/v2\/pages\/2167"}],"wp:attachment":[{"href":"https:\/\/elfsight.com\/pl\/wp-json\/wp\/v2\/media?parent=4759"}],"curies":[{"name":"wp","href":"https:\/\/api.w.org\/{rel}","templated":true}]}}