{"id":4752,"date":"2024-05-03T06:33:23","date_gmt":"2024-05-03T06:33:23","guid":{"rendered":"https:\/\/elfsight.com\/pl\/?page_id=4752"},"modified":"2024-11-14T12:37:30","modified_gmt":"2024-11-14T12:37:30","slug":"html","status":"publish","type":"page","link":"https:\/\/elfsight.com\/pl\/cookie-consent-widget\/html\/","title":{"rendered":"Cookie Consent &#8211; HTML"},"content":{"rendered":"<div class=\"application-platform-content-item-description application-platform-content-item\" id=\"description\" data-nav-section=\"description\"> <h2>Opis<\/h2> <p>Dzi\u0119ki wid\u017cetowi Elfsight Cookie maksymalnie bezproblemowo mo\u017cna wy\u015bwietli\u0107 powiadomienie dla odbiorc\u00f3w, \u017ce Tw\u00f3j witryna zawiera pliki cookie w p\u0142ynnym wyskakuj\u0105cym pasku. Wid\u017cet umo\u017cliwia wy\u015bwietlenie niestandardowego tekstu, do\u0142\u0105czenie linku do zasad korzystania z witryny oraz dodanie aktywnych przycisk\u00f3w w celu uzyskania zgody u\u017cytkownik\u00f3w. Mo\u017cesz wybra\u0107 wy\u015bwietlanie wid\u017cetu jako paska strony lub responsywnego pola i wybra\u0107 jego lokalizacj\u0119. Ponadto mo\u017cliwo\u015b\u0107 wyboru niestandardowych kolor\u00f3w pomaga dostosowa\u0107 je do og\u00f3lnego stylu witryny. <\/p> <div class=\"faq\" data-component=\"FAQ\"><div class=\"faq-item\">\r\n\t\t\t\t\t<div class=\"faq-item-question\">\r\n\t\t\t\t\t\t<h3 class=\"faq-item-question-text\">W jaki spos\u00f3b mog\u0119 osadzi\u0107 zgod\u0119 na pliki cookie w mojej witrynie HTML?<\/h3>\r\n\r\n\t\t\t\t\t\t<div class=\"faq-item-question-icon\"><\/div>\r\n\t\t\t\t\t<\/div>\r\n\r\n\t\t\t\t\t<div class=\"faq-item-answer\">\r\n\t\t\t\t\t\t<div class=\"faq-item-answer-text\"><p>Tworzenie narz\u0119dzia odbywa si\u0119 w Elfsight stron i nie musisz kodowa\u0107. Zastosuj wersj\u0119 demonstracyjn\u0105 na \u017cywo, aby dostosowa\u0107 swoje narz\u0119dzie, pobierz kod i wklej go na swojej stronie internetowej. <\/p><\/div>\r\n\t\t\t\t\t<\/div>\r\n\t\t\t\t<\/div><div class=\"faq-item\">\r\n\t\t\t\t\t<div class=\"faq-item-question\">\r\n\t\t\t\t\t\t<h3 class=\"faq-item-question-text\">Najlepsze sposoby wykorzystania integracji baner\u00f3w zgody na pliki cookie<\/h3>\r\n\r\n\t\t\t\t\t\t<div class=\"faq-item-question-icon\"><\/div>\r\n\t\t\t\t\t<\/div>\r\n\r\n\t\t\t\t\t<div class=\"faq-item-answer\">\r\n\t\t\t\t\t\t<div class=\"faq-item-answer-text\"><p>Zapewniamy mn\u00f3stwo mo\u017cliwo\u015bci dostosowywania: pe\u0142nowymiarowe wid\u017cety do wstawiania w sekcji tre\u015bci, p\u0142ywaj\u0105ce wid\u017cety z opcjami przewijania, uk\u0142adami stopki, nag\u0142\u00f3wka i wszystkimi odmianami opcji pionowych pask\u00f3w bocznych i menu witryny. <\/p><\/div>\r\n\t\t\t\t\t<\/div>\r\n\t\t\t\t<\/div><div class=\"faq-item\">\r\n\t\t\t\t\t<div class=\"faq-item-question\">\r\n\t\t\t\t\t\t<h3 class=\"faq-item-question-text\">Czy za pomoc\u0105 edytora mog\u0119 utworzy\u0107 g\u00f3rny baner lub p\u0142ywaj\u0105c\u0105 zgod\u0119 na pliki cookie?<\/h3>\r\n\r\n\t\t\t\t\t\t<div class=\"faq-item-question-icon\"><\/div>\r\n\t\t\t\t\t<\/div>\r\n\r\n\t\t\t\t\t<div class=\"faq-item-answer\">\r\n\t\t\t\t\t\t<div class=\"faq-item-answer-text\"><p>Mo\u017cesz tworzy\u0107 dowolne odmiany wid\u017cetu. W edytorze dost\u0119pnych jest mn\u00f3stwo uk\u0142ad\u00f3w, a ka\u017cdy z nich mo\u017cna \u0142atwo spersonalizowa\u0107 wed\u0142ug potrzeb. <\/p><\/div>\r\n\t\t\t\t\t<\/div>\r\n\t\t\t\t<\/div><\/div><\/div> <div class=\"application-platform-content-item-features application-platform-content-item\" id=\"features\" data-nav-section=\"features\"> <h2>Funkcje<\/h2> <p>Aby mie\u0107 jasny pogl\u0105d na baner plik\u00f3w cookie, przejrzyj list\u0119 jego g\u0142\u00f3wnych cechy. Dzi\u0119ki nim nasz widget jest naprawd\u0119 wydajny:<\/p> <ul><li>Poka\u017c proste og\u0142oszenie lub pro\u015bb\u0119 o zgod\u0119;<\/li> <li> Wprowad\u017a niestandardowe powiadomienie z formatowaniem i linkami;<\/li> <li>Poka\u017c lub wy\u0142\u0105cz link do warunk\u00f3w korzystania z plik\u00f3w cookie za pomoc\u0105 niestandardowej etykiety \u0142\u0105cza;<\/li> <li> Wariant uk\u0142adu paska wyboru lub pola wid\u017cetu;<\/li> <li>Opcja malowania przycisk\u00f3w i linku.<\/li> <\/ul><p><a href=\"#demo\">Aby odkry\u0107 wi\u0119cej funkcji, zobacz wersj\u0119 demonstracyjn\u0105<\/a><\/p> <\/div> <div class=\"application-platform-content-item-installation application-platform-content-item\" id=\"installation\" data-nav-section=\"installation\"> <h2>Oto jak doda\u0107 kod zgody na pliki cookie do swojej witryny HTML<\/h2> <div class=\"video-container\"><iframe width=\"720\" height=\"405\" src=\"https:\/\/www.youtube.com\/embed\/DBlhsPca1Jg\" frameborder=\"0\" allowfullscreen=\"\"><\/iframe><\/div><p> Wystarczy wykona\u0107 kilka szybkich krok\u00f3w. <\/p> <ol><li><b>Wygeneruj w\u0142asny baner na pliki cookie<\/b><br> Korzystaj\u0105c z naszego bezp\u0142atnego edytora, skonfiguruj wtyczk\u0119 o niestandardowym wygl\u0105dzie i funkcjonalno\u015bci.<\/li><li><b>Uzyskaj osobisty kod do zainstalowania wtyczki<\/b><br> Po utworzeniu wid\u017cetu otrzymasz sw\u00f3j osobisty kod w wy\u015bwietlonym oknie aplikacji Elfsight. Skopiuj ten kod.<\/li> <li><b>Wtyczka na Twojej witrynie HTML<\/b><br> Zdecyduj, gdzie chcesz zintegrowa\u0107 wtyczk\u0119 i dodaj zapisany kod bezpo\u015brednio w wybranym obszarze. Zastosuj zmiany.<\/li> <li><b>Integracja przebieg\u0142a pomy\u015blnie!<\/b><br> Odwied\u017a swoj\u0105 stron\u0119 internetow\u0105, aby sprawdzi\u0107 plik cookie.<\/li> <\/ol><p>Nadal co\u015b w\u0105tpisz ? Lub masz pytania? Tylko jedno zg\u0142oszenie do naszego dzia\u0142u obs\u0142ugi klienta rozwi\u0105\u017ce ka\u017cdy problem.<\/p> <\/div>","protected":false},"excerpt":{"rendered":"","protected":false},"author":9,"featured_media":0,"parent":2167,"menu_order":0,"comment_status":"closed","ping_status":"closed","template":"templates\/template-application-platform.php","meta":{"publish_to_discourse":"","publish_post_category":"","wpdc_auto_publish_overridden":"","wpdc_topic_tags":"","wpdc_pin_topic":"","wpdc_pin_until":"","discourse_post_id":"","discourse_permalink":"","wpdc_publishing_response":"","wpdc_publishing_error":"","footnotes":""},"class_list":["post-4752","page","type-page","status-publish","hentry"],"yoast_head":"<!-- This site is optimized with the Yoast SEO plugin v25.3.1 - https:\/\/yoast.com\/wordpress\/plugins\/seo\/ -->\n<title>Dodaj wid\u017cet kodu zgody na pliki cookie do strony HTML (bezp\u0142atnie i szybko)<\/title>\n<meta name=\"description\" content=\"Utw\u00f3rz bezp\u0142atne wyskakuj\u0105ce okienko wyra\u017caj\u0105ce zgod\u0119 na pliki cookie i dodaj je do swojego kodu HTML. Dodaj najlepszy baner HTML Cookie do swojej witryny w ci\u0105gu kilku sekund!\" \/>\n<meta name=\"robots\" content=\"index, follow, max-snippet:-1, max-image-preview:large, max-video-preview:-1\" \/>\n<link rel=\"canonical\" href=\"https:\/\/elfsight.com\/pl\/cookie-consent-widget\/html\/\" \/>\n<meta property=\"og:locale\" content=\"pl_PL\" \/>\n<meta property=\"og:type\" content=\"article\" \/>\n<meta property=\"og:title\" content=\"Dodaj wid\u017cet kodu zgody na pliki cookie do strony HTML (bezp\u0142atnie i szybko)\" \/>\n<meta property=\"og:description\" content=\"Utw\u00f3rz bezp\u0142atne wyskakuj\u0105ce okienko wyra\u017caj\u0105ce zgod\u0119 na pliki cookie i dodaj je do swojego kodu HTML. Dodaj najlepszy baner HTML Cookie do swojej witryny w ci\u0105gu kilku sekund!\" \/>\n<meta property=\"og:url\" content=\"https:\/\/elfsight.com\/pl\/cookie-consent-widget\/html\/\" \/>\n<meta property=\"og:site_name\" content=\"Elfsight PL\" \/>\n<meta property=\"article:modified_time\" content=\"2024-11-14T12:37:30+00:00\" \/>\n<meta name=\"twitter:card\" content=\"summary_large_image\" \/>\n<meta name=\"twitter:label1\" content=\"Szacowany czas czytania\" \/>\n\t<meta name=\"twitter:data1\" content=\"2 minuty\" \/>\n<!-- \/ Yoast SEO plugin. -->","yoast_head_json":{"title":"Dodaj wid\u017cet kodu zgody na pliki cookie do strony HTML (bezp\u0142atnie i szybko)","description":"Utw\u00f3rz bezp\u0142atne wyskakuj\u0105ce okienko wyra\u017caj\u0105ce zgod\u0119 na pliki cookie i dodaj je do swojego kodu HTML. Dodaj najlepszy baner HTML Cookie do swojej witryny w ci\u0105gu kilku sekund!","robots":{"index":"index","follow":"follow","max-snippet":"max-snippet:-1","max-image-preview":"max-image-preview:large","max-video-preview":"max-video-preview:-1"},"canonical":"https:\/\/elfsight.com\/pl\/cookie-consent-widget\/html\/","og_locale":"pl_PL","og_type":"article","og_title":"Dodaj wid\u017cet kodu zgody na pliki cookie do strony HTML (bezp\u0142atnie i szybko)","og_description":"Utw\u00f3rz bezp\u0142atne wyskakuj\u0105ce okienko wyra\u017caj\u0105ce zgod\u0119 na pliki cookie i dodaj je do swojego kodu HTML. Dodaj najlepszy baner HTML Cookie do swojej witryny w ci\u0105gu kilku sekund!","og_url":"https:\/\/elfsight.com\/pl\/cookie-consent-widget\/html\/","og_site_name":"Elfsight PL","article_modified_time":"2024-11-14T12:37:30+00:00","twitter_card":"summary_large_image","twitter_misc":{"Szacowany czas czytania":"2 minuty"},"schema":{"@context":"https:\/\/schema.org","@graph":[{"@type":"WebPage","@id":"https:\/\/elfsight.com\/pl\/cookie-consent-widget\/html\/","url":"https:\/\/elfsight.com\/pl\/cookie-consent-widget\/html\/","name":"Dodaj wid\u017cet kodu zgody na pliki cookie do strony HTML (bezp\u0142atnie i szybko)","isPartOf":{"@id":"https:\/\/elfsight.com\/pl\/#website"},"datePublished":"2024-05-03T06:33:23+00:00","dateModified":"2024-11-14T12:37:30+00:00","description":"Utw\u00f3rz bezp\u0142atne wyskakuj\u0105ce okienko wyra\u017caj\u0105ce zgod\u0119 na pliki cookie i dodaj je do swojego kodu HTML. Dodaj najlepszy baner HTML Cookie do swojej witryny w ci\u0105gu kilku sekund!","breadcrumb":{"@id":"https:\/\/elfsight.com\/pl\/cookie-consent-widget\/html\/#breadcrumb"},"inLanguage":"pl-PL","potentialAction":[{"@type":"ReadAction","target":["https:\/\/elfsight.com\/pl\/cookie-consent-widget\/html\/"]}]},{"@type":"BreadcrumbList","@id":"https:\/\/elfsight.com\/pl\/cookie-consent-widget\/html\/#breadcrumb","itemListElement":[{"@type":"ListItem","position":1,"name":"Home","item":"https:\/\/elfsight.com\/pl\/"},{"@type":"ListItem","position":2,"name":"Cookie Consent","item":"https:\/\/elfsight.com\/pl\/cookie-consent-widget\/"},{"@type":"ListItem","position":3,"name":"Cookie Consent &#8211; HTML"}]},{"@type":"WebSite","@id":"https:\/\/elfsight.com\/pl\/#website","url":"https:\/\/elfsight.com\/pl\/","name":"Elfsight PL","description":"Just another Elfsight Sites site","potentialAction":[{"@type":"SearchAction","target":{"@type":"EntryPoint","urlTemplate":"https:\/\/elfsight.com\/pl\/?s={search_term_string}"},"query-input":{"@type":"PropertyValueSpecification","valueRequired":true,"valueName":"search_term_string"}}],"inLanguage":"pl-PL"}]}},"meta_box":{"industry":"","seo_heading":"","heading":"","description":"","cta_heading":"","cta_description":"","application":"2166","h1":"Wid\u017cet zgody na pliki cookie w formacie HTML","h1_caption":"Przestrzegaj przepis\u00f3w dotycz\u0105cych prywatno\u015bci, dodaj\u0105c do swojej witryny baner wyra\u017caj\u0105cy zgod\u0119 na pliki cookie, zapewniaj\u0105c bezproblemow\u0105 przejrzysto\u015b\u0107 danych u\u017cytkownika w witrynie HTML.","application_category":[],"applications_title":"","applications_request_title":"","applications_request_button_text":"","hero_text":"","hero_video":"","hero_video_schema_markup":"","selling_points_title":"","selling_points_caption":"","selling_points":[],"selling_points_cta_text":"","features_title":"","features":"","ed_cta_examples_text":"","ed_cta_examples_hidden":"","ed_cta_demo_text":"","ed_cta_demo_hidden":"","why_caption":"","why_editor_title":"","why_editor_text":"","why_team_title":"","why_team_text":"","why_service_title":"","why_service_text":"","template_catalog_visible":"","template_catalog_title":"","template_catalog_text":"","template_catalog_categories_visible":"","demo_title":"Utw\u00f3rz wid\u017cet zgody na pliki cookie","demo_caption":"Skonfiguruj zgod\u0119 na pliki cookie i dodaj j\u0105 do swojej witryny HTML za darmo!","default_faq_hidden":"","app_template_category":[],"platform":"50","template_public_id":"","codecanyon_url":"","codecanyon_item_id":"","codecanyon_price":"","pricing_caption":"","pricing_elfsight_apps_hide_column":"","pricing_elfsight_apps_url":"","pricing_codecanyon_price_caption":"","integration_category":[],"integration_request_title":"","integration_request_cta":"","integration_platform":"","integrations":[],"platform_category":[],"video_schema_markup":"","price":"od 0 USD \/ miesi\u0105c","trial":"","benefits":[{"text":"Bezp\u0142atna pomoc w monta\u017cu"},{"text":"Wyj\u0105tkowe wsparcie"},{"text":"14-dniowa gwarancja zwrotu pieni\u0119dzy"}],"button_url":"#demo","button_target_blank":"","button_nofollow":"","attributes":[{"name":"Instaluje"},{"name":"Czu\u0142y"},{"name":"Kompatybilne przegl\u0105darki"}],"tags":[],"tags_disable_links":"","hide_more_platforms":"","video_object":"","demo_hide_cta":"","demo_hide_cloud_options":"","pricing_title":"","pricing":[{"pricing_icon":"platform","pricing_title":"Elfsight Apps","pricing_title_caption":"Wieloplatformowe rozwi\u0105zanie cyfrowe","pricing_price":"od 0 USD \/ miesi\u0105c","pricing_price_caption":"zacznij od bezp\u0142atnego planu","pricing_benefits":[{"text":"Nielimitowane strony internetowe"},{"text":"Wsparcie 24\/7"},{"text":"Bezp\u0142atna pomoc w monta\u017cu"},{"text":"\u015awietna oferta na wiele aplikacji"}],"pricing_button_text":"Dodaj do witryny","pricing_button_url":"#demo"}],"related_apps_title":"","related_apps_hidden":"","author":"","image":[],"title":"","job":"","social_networks":[]},"_links":{"self":[{"href":"https:\/\/elfsight.com\/pl\/wp-json\/wp\/v2\/pages\/4752","targetHints":{"allow":["GET"]}}],"collection":[{"href":"https:\/\/elfsight.com\/pl\/wp-json\/wp\/v2\/pages"}],"about":[{"href":"https:\/\/elfsight.com\/pl\/wp-json\/wp\/v2\/types\/page"}],"author":[{"embeddable":true,"href":"https:\/\/elfsight.com\/pl\/wp-json\/wp\/v2\/users\/9"}],"replies":[{"embeddable":true,"href":"https:\/\/elfsight.com\/pl\/wp-json\/wp\/v2\/comments?post=4752"}],"version-history":[{"count":2,"href":"https:\/\/elfsight.com\/pl\/wp-json\/wp\/v2\/pages\/4752\/revisions"}],"predecessor-version":[{"id":7717,"href":"https:\/\/elfsight.com\/pl\/wp-json\/wp\/v2\/pages\/4752\/revisions\/7717"}],"up":[{"embeddable":true,"href":"https:\/\/elfsight.com\/pl\/wp-json\/wp\/v2\/pages\/2167"}],"wp:attachment":[{"href":"https:\/\/elfsight.com\/pl\/wp-json\/wp\/v2\/media?parent=4752"}],"curies":[{"name":"wp","href":"https:\/\/api.w.org\/{rel}","templated":true}]}}