{"id":4750,"date":"2024-05-03T06:33:21","date_gmt":"2024-05-03T06:33:21","guid":{"rendered":"https:\/\/elfsight.com\/pl\/?page_id=4750"},"modified":"2025-06-26T14:38:09","modified_gmt":"2025-06-26T14:38:09","slug":"opencart","status":"publish","type":"page","link":"https:\/\/elfsight.com\/pl\/cookie-consent-widget\/opencart\/","title":{"rendered":"Cookie Consent &#8211; OpenCart"},"content":{"rendered":"<div class=\"application-platform-content-item-description application-platform-content-item\" id=\"description\" data-nav-section=\"description\"> <h2>Opis<\/h2> <p>Dzi\u0119ki modu\u0142owi Elfsight Cookie powiadamianie u\u017cytkownik\u00f3w, \u017ce Twoja witryna internetowa wykorzystuje pliki cookie, jest ca\u0142kowicie \u0142atwe, poprzez umiarkowane wyskakuj\u0105cy pasek. Nasz widget umo\u017cliwia wy\u015bwietlenie niestandardowego tekstu, dodanie linku do warunk\u00f3w korzystania z witryny oraz dodanie aktywnych przycisk\u00f3w umo\u017cliwiaj\u0105cych uzyskanie zgody od odwiedzaj\u0105cych. Mo\u017cesz wybra\u0107 wy\u015bwietlanie wid\u017cetu w postaci paska lub responsywnego pola i wybra\u0107 dla niego najlepsz\u0105 lokalizacj\u0119. Dodatkowo opcja malowania element\u00f3w interfejsu pomaga zapewni\u0107 sp\u00f3jno\u015b\u0107 wygl\u0105du wid\u017cetu i dobr\u0105 integracj\u0119 z og\u00f3ln\u0105 koncepcj\u0105 stylu witryny.<\/p> <div class=\"faq\" data-component=\"FAQ\"><div class=\"faq-item\">\r\n\t\t\t\t\t<div class=\"faq-item-question\">\r\n\t\t\t\t\t\t<h3 class=\"faq-item-question-text\">Jak to zrobi\u0107 Dodaj\u0119 zgod\u0119 na pliki cookie do witryny OpenCart?<\/h3>\r\n\r\n\t\t\t\t\t\t<div class=\"faq-item-question-icon\"><\/div>\r\n\t\t\t\t\t<\/div>\r\n\r\n\t\t\t\t\t<div class=\"faq-item-answer\">\r\n\t\t\t\t\t\t<div class=\"faq-item-answer-text\"><p>Budowanie narz\u0119dzia odbywa si\u0119 na stronach Elfsight i nie trzeba kodowa\u0107. Zastosuj demo na \u017cywo, aby stworzy\u0107 w\u0142asn\u0105 aplikacj\u0119, pobierz kod i wstaw go na swoj\u0105 stron\u0119 internetow\u0105. <\/p><\/div>\r\n\t\t\t\t\t<\/div>\r\n\t\t\t\t<\/div><div class=\"faq-item\">\r\n\t\t\t\t\t<div class=\"faq-item-question\">\r\n\t\t\t\t\t\t<h3 class=\"faq-item-question-text\">Najlepsze przyk\u0142ady wykorzystania integracji baner\u00f3w z informacj\u0105 o zgodzie na pliki cookie<\/h3>\r\n\r\n\t\t\t\t\t\t<div class=\"faq-item-question-icon\"><\/div>\r\n\t\t\t\t\t<\/div>\r\n\r\n\t\t\t\t\t<div class=\"faq-item-answer\">\r\n\t\t\t\t\t\t<div class=\"faq-item-answer-text\"><p>Zapewnimy Ci mn\u00f3stwo mo\u017cliwo\u015bci personalizacji: pe\u0142nowymiarowe wid\u017cety dla dodanie strefy tre\u015bci, p\u0142ywaj\u0105cych wtyczek do opcji przewijania, uk\u0142ad\u00f3w stopki, nag\u0142\u00f3wka i wszelkiego rodzaju mo\u017cliwo\u015bci pionowych dla pask\u00f3w bocznych i menu witryny. <\/p><\/div>\r\n\t\t\t\t\t<\/div>\r\n\t\t\t\t<\/div><div class=\"faq-item\">\r\n\t\t\t\t\t<div class=\"faq-item-question\">\r\n\t\t\t\t\t\t<h3 class=\"faq-item-question-text\">Czy za pomoc\u0105 edytora mog\u0119 utworzy\u0107 doln\u0105 lub p\u0142ywaj\u0105c\u0105 zgod\u0119 na pliki cookie?<\/h3>\r\n\r\n\t\t\t\t\t\t<div class=\"faq-item-question-icon\"><\/div>\r\n\t\t\t\t\t<\/div>\r\n\r\n\t\t\t\t\t<div class=\"faq-item-answer\">\r\n\t\t\t\t\t\t<div class=\"faq-item-answer-text\"><p>Mo\u017cesz stworzy\u0107 dowolne odmiany wid\u017cetu. W edytorze masz do dyspozycji wiele uk\u0142ad\u00f3w, a ka\u017cdy z nich mo\u017cesz szybko dostosowa\u0107 tak, jak potrzebujesz. <\/p><\/div>\r\n\t\t\t\t\t<\/div>\r\n\t\t\t\t<\/div><\/div><\/div><div class=\"application-platform-content-item-features application-platform-content-item\" id=\"features\" data-nav-section=\"features\"> <h2>Funkcje<\/h2> <p>Aby lepiej zrozumie\u0107 wid\u017cet, mo\u017cesz przejrze\u0107 list\u0119 z cech pierwotnych. Dzi\u0119ki nim ten widget jest niezwykle wydajny dla Twojej witryny: <\/p> <ul><li>Utw\u00f3rz tylko og\u0142oszenie lub popro\u015b o zgod\u0119; <\/li> <li>Mo\u017cliwo\u015b\u0107 napisania w\u0142asnego tekstu powiadomienia z dost\u0119pnymi opcjami formatowania i linkami; <\/li> <li>Ujawnij lub wy\u0142\u0105cz link do warunk\u00f3w korzystania z plik\u00f3w cookie, korzystaj\u0105c z niestandardowego tekstu linku; <\/li> <li> Wybierz typ uk\u0142adu paska lub ramki powiadomienia; <\/li> <li>Ustaw kolor przycisk\u00f3w i \u0142\u0105cza. <\/li> <\/ul><p><a href=\"#demo\">Aby pozna\u0107 wi\u0119cej funkcji, zobacz demonstracj\u0119<\/a><\/p> <\/div> <div class=\"application-platform-content-item-installation application-platform-content-item\" id=\"installation\" data-nav-section=\"installation\"> <h2> Dowiedz si\u0119, jak osadzi\u0107 zgod\u0119 na pliki cookie na swojej stronie OpenCart<\/h2> <p>Wystarczy zastosowa\u0107 si\u0119 do poni\u017cszych instrukcji, aby zintegrowa\u0107 wid\u017cet z OpenCart.<\/p> <ol><li><b>Skorzystaj z naszej bezp\u0142atnej wersji demonstracyjnej i rozpocznij tworzenie w\u0142asnego widgetu. <\/b><br> Znajd\u017a preferowane cechy konstrukcyjne i funkcjonalne narz\u0119dzia i zapisz poprawki. <\/li> <li><b>Skopiuj unikalny kod wy\u015bwietlony w oknie aplikacji Elfsight. <\/b><br> Po zako\u0144czeniu generowania osobistego rozszerzenia zgody na pliki cookie skopiuj ekskluzywny kod z wy\u015bwietlonego pola i zachowaj go do wykorzystania w przysz\u0142o\u015bci. <\/li> <li><b>Zacznij korzysta\u0107 z narz\u0119dzia na swojej stronie OpenCart. <\/b><br> Umie\u015b\u0107 ostatnio zapisany kod na swojej stronie internetowej i zapisz zmiany. <\/li> <li><b>Konfiguracja zosta\u0142a w pe\u0142ni przeprowadzona. <\/b><br> Odwied\u017a swoj\u0105 stron\u0119, aby sprawdzi\u0107, jak dzia\u0142a narz\u0119dzie. <\/li><\/ol> <p>Nadal masz w\u0105tpliwo\u015bci? Lub do\u015bwiadczasz problem\u00f3w? Wystarczy skierowa\u0107 swoj\u0105 szczeg\u00f3\u0142ow\u0105 pro\u015bb\u0119 do naszego dzia\u0142u obs\u0142ugi klienta. Pomo\u017cemy w ka\u017cdym pytaniu. <\/p> <\/div>","protected":false},"excerpt":{"rendered":"","protected":false},"author":9,"featured_media":0,"parent":2167,"menu_order":0,"comment_status":"closed","ping_status":"closed","template":"templates\/template-application-platform.php","meta":{"publish_to_discourse":"","publish_post_category":"","wpdc_auto_publish_overridden":"","wpdc_topic_tags":"","wpdc_pin_topic":"","wpdc_pin_until":"","discourse_post_id":"","discourse_permalink":"","wpdc_publishing_response":"","wpdc_publishing_error":"","footnotes":""},"class_list":["post-4750","page","type-page","status-publish","hentry"],"yoast_head":"<!-- This site is optimized with the Yoast SEO plugin v25.3.1 - https:\/\/yoast.com\/wordpress\/plugins\/seo\/ -->\n<title>Dodaj rozszerzenie Cookie Consent do witryny OpenCart (w 2 minuty)<\/title>\n<meta name=\"description\" content=\"Dzi\u0119ki Elfsight zaprojektuj modu\u0142 zgody na pliki cookie i szybko poka\u017c go na stronie OpenCart. Mamy bezp\u0142atn\u0105 obs\u0142ug\u0119 klienta i inne bonusy.\" \/>\n<meta name=\"robots\" content=\"index, follow, max-snippet:-1, max-image-preview:large, max-video-preview:-1\" \/>\n<link rel=\"canonical\" href=\"https:\/\/elfsight.com\/pl\/cookie-consent-widget\/opencart\/\" \/>\n<meta property=\"og:locale\" content=\"pl_PL\" \/>\n<meta property=\"og:type\" content=\"article\" \/>\n<meta property=\"og:title\" content=\"Dodaj rozszerzenie Cookie Consent do witryny OpenCart (w 2 minuty)\" \/>\n<meta property=\"og:description\" content=\"Dzi\u0119ki Elfsight zaprojektuj modu\u0142 zgody na pliki cookie i szybko poka\u017c go na stronie OpenCart. Mamy bezp\u0142atn\u0105 obs\u0142ug\u0119 klienta i inne bonusy.\" \/>\n<meta property=\"og:url\" content=\"https:\/\/elfsight.com\/pl\/cookie-consent-widget\/opencart\/\" \/>\n<meta property=\"og:site_name\" content=\"Elfsight PL\" \/>\n<meta property=\"article:modified_time\" content=\"2025-06-26T14:38:09+00:00\" \/>\n<meta name=\"twitter:card\" content=\"summary_large_image\" \/>\n<meta name=\"twitter:label1\" content=\"Szacowany czas czytania\" \/>\n\t<meta name=\"twitter:data1\" content=\"3 minuty\" \/>\n<!-- \/ Yoast SEO plugin. -->","yoast_head_json":{"title":"Dodaj rozszerzenie Cookie Consent do witryny OpenCart (w 2 minuty)","description":"Dzi\u0119ki Elfsight zaprojektuj modu\u0142 zgody na pliki cookie i szybko poka\u017c go na stronie OpenCart. Mamy bezp\u0142atn\u0105 obs\u0142ug\u0119 klienta i inne bonusy.","robots":{"index":"index","follow":"follow","max-snippet":"max-snippet:-1","max-image-preview":"max-image-preview:large","max-video-preview":"max-video-preview:-1"},"canonical":"https:\/\/elfsight.com\/pl\/cookie-consent-widget\/opencart\/","og_locale":"pl_PL","og_type":"article","og_title":"Dodaj rozszerzenie Cookie Consent do witryny OpenCart (w 2 minuty)","og_description":"Dzi\u0119ki Elfsight zaprojektuj modu\u0142 zgody na pliki cookie i szybko poka\u017c go na stronie OpenCart. Mamy bezp\u0142atn\u0105 obs\u0142ug\u0119 klienta i inne bonusy.","og_url":"https:\/\/elfsight.com\/pl\/cookie-consent-widget\/opencart\/","og_site_name":"Elfsight PL","article_modified_time":"2025-06-26T14:38:09+00:00","twitter_card":"summary_large_image","twitter_misc":{"Szacowany czas czytania":"3 minuty"},"schema":{"@context":"https:\/\/schema.org","@graph":[{"@type":"WebPage","@id":"https:\/\/elfsight.com\/pl\/cookie-consent-widget\/opencart\/","url":"https:\/\/elfsight.com\/pl\/cookie-consent-widget\/opencart\/","name":"Dodaj rozszerzenie Cookie Consent do witryny OpenCart (w 2 minuty)","isPartOf":{"@id":"https:\/\/elfsight.com\/pl\/#website"},"datePublished":"2024-05-03T06:33:21+00:00","dateModified":"2025-06-26T14:38:09+00:00","description":"Dzi\u0119ki Elfsight zaprojektuj modu\u0142 zgody na pliki cookie i szybko poka\u017c go na stronie OpenCart. Mamy bezp\u0142atn\u0105 obs\u0142ug\u0119 klienta i inne bonusy.","breadcrumb":{"@id":"https:\/\/elfsight.com\/pl\/cookie-consent-widget\/opencart\/#breadcrumb"},"inLanguage":"pl-PL","potentialAction":[{"@type":"ReadAction","target":["https:\/\/elfsight.com\/pl\/cookie-consent-widget\/opencart\/"]}]},{"@type":"BreadcrumbList","@id":"https:\/\/elfsight.com\/pl\/cookie-consent-widget\/opencart\/#breadcrumb","itemListElement":[{"@type":"ListItem","position":1,"name":"Home","item":"https:\/\/elfsight.com\/pl\/"},{"@type":"ListItem","position":2,"name":"Cookie Consent","item":"https:\/\/elfsight.com\/pl\/cookie-consent-widget\/"},{"@type":"ListItem","position":3,"name":"Cookie Consent &#8211; OpenCart"}]},{"@type":"WebSite","@id":"https:\/\/elfsight.com\/pl\/#website","url":"https:\/\/elfsight.com\/pl\/","name":"Elfsight PL","description":"Just another Elfsight Sites site","potentialAction":[{"@type":"SearchAction","target":{"@type":"EntryPoint","urlTemplate":"https:\/\/elfsight.com\/pl\/?s={search_term_string}"},"query-input":{"@type":"PropertyValueSpecification","valueRequired":true,"valueName":"search_term_string"}}],"inLanguage":"pl-PL"}]}},"meta_box":{"industry":"","seo_heading":"","heading":"","description":"","cta_heading":"","cta_description":"","application":"2166","h1":"Rozszerzenie zgody na pliki cookie OpenCart","h1_caption":"Przestrzegaj przepis\u00f3w dotycz\u0105cych prywatno\u015bci, dodaj\u0105c baner wyra\u017caj\u0105cy zgod\u0119 na pliki cookie do swojej witryny, zapewniaj\u0105c bezproblemow\u0105 przejrzysto\u015b\u0107 danych u\u017cytkownika w witrynie Opencart.","application_category":[],"applications_title":"","applications_request_title":"","applications_request_button_text":"","hero_text":"","hero_video":"","hero_video_schema_markup":"","selling_points_title":"","selling_points_caption":"","selling_points":[],"selling_points_cta_text":"","features_title":"","features":"","ed_cta_examples_text":"","ed_cta_examples_hidden":"","ed_cta_demo_text":"","ed_cta_demo_hidden":"","why_caption":"","why_editor_title":"","why_editor_text":"","why_team_title":"","why_team_text":"","why_service_title":"","why_service_text":"","template_catalog_visible":"0","template_catalog_title":"","template_catalog_text":"","template_catalog_categories_visible":"","demo_title":"Utw\u00f3rz rozszerzenie zgody na pliki cookie","demo_caption":"Skonfiguruj swoj\u0105 zgod\u0119 na pliki cookie i dodaj j\u0105 do swojej witryny OpenCart za darmo!","default_faq_hidden":"","app_template_category":[],"platform":"107","template_public_id":"","codecanyon_url":"","codecanyon_item_id":"","codecanyon_price":"","pricing_caption":"","pricing_elfsight_apps_hide_column":"","pricing_elfsight_apps_url":"","pricing_codecanyon_price_caption":"","integration_category":[],"integration_request_title":"","integration_request_cta":"","integration_platform":"","integrations":[],"platform_category":[],"video_schema_markup":"","price":"od 0 USD \/ miesi\u0105c","trial":"","benefits":[{"text":"Bezp\u0142atna pomoc w instalacji"},{"text":"Do\u015bwiadczona obs\u0142uga klienta"},{"text":"14-dniowa gwarancja zwrotu pieni\u0119dzy"}],"button_url":"#demo","button_target_blank":"0","button_nofollow":"0","attributes":[{"name":"Instaluje"},{"name":"Czu\u0142y"},{"name":"Kompatybilne przegl\u0105darki"}],"tags":[],"tags_disable_links":"0","hide_more_platforms":"0","video_object":"","demo_hide_cta":"0","demo_hide_cloud_options":"0","pricing_title":"","pricing":[{"pricing_icon":"platform","pricing_title":"Elfsight Apps","pricing_title_caption":"Rozwi\u0105zanie niezale\u017cne od platformy, kt\u00f3re dzia\u0142a na ka\u017cdej stronie internetowej","pricing_price":"od 0 USD \/ miesi\u0105c","pricing_price_caption":"zacznij od bezp\u0142atnego planu","pricing_benefits":[{"text":"Nielimitowane domeny"},{"text":"Profesjonalne wsparcie firmy"},{"text":"Bezp\u0142atna pomoc w monta\u017cu"},{"text":"100% konfigurowalny"}],"pricing_button_text":"Dodaj do witryny","pricing_button_url":"#demo"}],"related_apps_title":"","related_apps_hidden":"0","author":"","image":[],"title":"","job":"","social_networks":[]},"_links":{"self":[{"href":"https:\/\/elfsight.com\/pl\/wp-json\/wp\/v2\/pages\/4750","targetHints":{"allow":["GET"]}}],"collection":[{"href":"https:\/\/elfsight.com\/pl\/wp-json\/wp\/v2\/pages"}],"about":[{"href":"https:\/\/elfsight.com\/pl\/wp-json\/wp\/v2\/types\/page"}],"author":[{"embeddable":true,"href":"https:\/\/elfsight.com\/pl\/wp-json\/wp\/v2\/users\/9"}],"replies":[{"embeddable":true,"href":"https:\/\/elfsight.com\/pl\/wp-json\/wp\/v2\/comments?post=4750"}],"version-history":[{"count":2,"href":"https:\/\/elfsight.com\/pl\/wp-json\/wp\/v2\/pages\/4750\/revisions"}],"predecessor-version":[{"id":10560,"href":"https:\/\/elfsight.com\/pl\/wp-json\/wp\/v2\/pages\/4750\/revisions\/10560"}],"up":[{"embeddable":true,"href":"https:\/\/elfsight.com\/pl\/wp-json\/wp\/v2\/pages\/2167"}],"wp:attachment":[{"href":"https:\/\/elfsight.com\/pl\/wp-json\/wp\/v2\/media?parent=4750"}],"curies":[{"name":"wp","href":"https:\/\/api.w.org\/{rel}","templated":true}]}}