{"id":475,"date":"2020-11-20T07:23:12","date_gmt":"2020-11-20T07:23:12","guid":{"rendered":"https:\/\/elfsight.com\/pl\/?page_id=475"},"modified":"2021-04-21T13:45:56","modified_gmt":"2021-04-21T13:45:56","slug":"gutenberg-plugins","status":"publish","type":"page","link":"https:\/\/elfsight.com\/pl\/gutenberg-plugins\/","title":{"rendered":"Gutenberg plugins"},"content":{"rendered":"\n<h2>Najskuteczniejsze elementy interfejsu Elfsight dla udoskonalenia twojej strony www Gutenberg<\/h2>\n\n<p>Przez szereg lat nasz team deweloper\u00f3w Elfsight produkuje przyjazne dla u\u017cytkownika i w pe\u0142ni responsywne dodatki chmurowe dla Twojej dzia\u0142alno\u015bci. Nasz zesp\u00f3\u0142 gwarantuj\u0105 obs\u0142ug\u0119 techniczn\u0105 i du\u017c\u0105 szybko\u015b\u0107 \u0142adowania. Elementy interfejsu Elfsight wespraj\u0105 w\u0142a\u015bcicielom serwis\u00f3w online, edukacyjnych i innym na \u015bwiecie zaradzi\u0107 powa\u017cnymi zadaniami bardziej racjonalnie. \n<\/p>\n\n<p>A\u017ceby powi\u0119kszy\u0107 poziom sprzeda\u017cy, przedstawi\u0107 pozytywne reakcje na Pa\u0144stwa produkty, zwi\u0119kszy\u0107 zaufanie do swojej marki, wystarczy zainstalowa\u0107 element interfejsu do swojej strony Web. Nasze plany abonamentowe s\u0105 w zakresie od bezp\u0142atnych do premium. Spr\u00f3buj zainstalowa\u0107 wszelkie odpowiednie aplikacji przy u\u017cyciu naszej wersji demonstracyjnej i zobacz jak bardzo mo\u017ce to by\u0107 korzystne w kwestii rozwoju serwisu www Pa\u0144stwa przedsi\u0119biorstwa. <\/p>\n\n<h2>Czemu nasze pluginy Elfsight s\u0105 najlepszymi instrumentami dla Twojej strony www? <\/h2>\n\n<p> Sprawd\u017a list\u0119 istotnych jako\u015bci naszych widget\u00f3w, kt\u00f3re pomagaj\u0105 nam by\u0107 lepszymi, ni\u017c nasi konkurenci: <\/p>\n\n\n<ul>\n<li> Nieodp\u0142atna i natychmiastowa pomoc przy instalacje lub personalizacji aplikacji; <\/li>\n<li> Zdolno\u015b\u0107 dostosowywania do wszystkich rozdzielczo\u015bci witryn internetowych i przyjazne dla urz\u0105dze\u0144 mobilnych; <\/li>\n<li> Nie ma potrzeby uczysz si\u0119 kodowania; <\/li>\n<li> Bogata oferta funkcji stylizacji; <\/li>\n<li> Rozwi\u0105zania w chmurze pomagaj\u0105 zwi\u0119kszy\u0107 pr\u0119dko\u015b\u0107 wczytywania witryny; <\/li>\n<li> Wszystkie przysz\u0142e aktualizacje s\u0105 darmowe i regularne; <\/li>\n<li> Uczciwe ceny; <\/li>\n<li> Sta\u0142a pomoc w przypadku problem\u00f3w. <\/li>\n<\/ul>\n\n<p> Zbadaj wolne wersje Lite naszych rozszerze\u0144 i zastosuj jej potencja\u0142 lub kup dowolne wymagane wtyczk\u0119 z 20% zni\u017ck\u0105. <\/p>\n\n\n<h2> W jaki spos\u00f3b doda\u0107 wid\u017cety na Twojej stronie internetowej Gutenberg <\/h2>\n\n<p> A\u017ceby zintegrowa\u0107 nasze dodatki, zobacz kroki z \u0142atwej wskaz\u00f3wki: <\/p>\n\n\n<ol>\n<li> Wybierz potrzebn\u0105 wtyczk\u0119; <\/li>\n<li> Zmodyfikuj wszystkie przydatne konfiguracji; <\/li>\n<li> Zastosuj zmiany; <\/li>\n<li> Skopiuj generowany kod; <\/li>\n<li> Wstaw go w wymaganym miejscu Pa\u0144stwa strony lub szablonu; <\/li>\n<li> Zrobione! Uda\u0142o Ci si\u0119 zintegrowa\u0107 wid\u017cet. <\/li>\n<\/ol>\n\n<p> W razie jakichkolwiek pyta\u0144, prosimy poinformowa\u0107 o tym zespo\u0142 pomocy technicznej Elfsight. <\/p>\n","protected":false},"excerpt":{"rendered":"Najskuteczniejsze elementy interfejsu Elfsight dla udoskonalenia twojej strony www Gutenberg Przez szereg lat nasz team deweloper\u00f3w Elfsight produkuje przyjazne dla u\u017cytkownika i w pe\u0142ni responsywne dodatki chmurowe dla Twojej dzia\u0142alno\u015bci. Nasz zesp\u00f3\u0142 gwarantuj\u0105 obs\u0142ug\u0119 techniczn\u0105 i du\u017c\u0105 szybko\u015b\u0107 \u0142adowania. Elementy interfejsu Elfsight wespraj\u0105 w\u0142a\u015bcicielom serwis\u00f3w online, edukacyjnych i innym na&#8230;","protected":false},"author":13,"featured_media":0,"parent":0,"menu_order":0,"comment_status":"closed","ping_status":"closed","template":"templates\/template-platform.php","meta":{"publish_to_discourse":"","publish_post_category":"","wpdc_auto_publish_overridden":"","wpdc_topic_tags":"","wpdc_pin_topic":"","wpdc_pin_until":"","discourse_post_id":"","discourse_permalink":"","wpdc_publishing_response":"","wpdc_publishing_error":"","footnotes":""},"class_list":["post-475","page","type-page","status-publish","hentry"],"yoast_head":"<!-- This site is optimized with the Yoast SEO plugin v25.3.1 - https:\/\/yoast.com\/wordpress\/plugins\/seo\/ -->\n<title>Ponad 80 darmowych Gutenberg plugin\u00f3w dla strony internetowej<\/title>\n<meta name=\"description\" content=\"Zestaw najlepszych plugin\u00f3w pierwszej klasy dla twojej witryny internetowej Gutenberg. Pom\u00f3c z dostosowaniem oraz szeroka gama opcji.\" \/>\n<meta name=\"robots\" content=\"index, follow, max-snippet:-1, max-image-preview:large, max-video-preview:-1\" \/>\n<link rel=\"canonical\" href=\"https:\/\/elfsight.com\/pl\/gutenberg-plugins\/\" \/>\n<meta property=\"og:locale\" content=\"pl_PL\" \/>\n<meta property=\"og:type\" content=\"article\" \/>\n<meta property=\"og:title\" content=\"Ponad 80 darmowych Gutenberg plugin\u00f3w dla strony internetowej\" \/>\n<meta property=\"og:description\" content=\"Zestaw najlepszych plugin\u00f3w pierwszej klasy dla twojej witryny internetowej Gutenberg. Pom\u00f3c z dostosowaniem oraz szeroka gama opcji.\" \/>\n<meta property=\"og:url\" content=\"https:\/\/elfsight.com\/pl\/gutenberg-plugins\/\" \/>\n<meta property=\"og:site_name\" content=\"Elfsight PL\" \/>\n<meta property=\"article:modified_time\" content=\"2021-04-21T13:45:56+00:00\" \/>\n<meta name=\"twitter:card\" content=\"summary_large_image\" \/>\n<meta name=\"twitter:label1\" content=\"Szacowany czas czytania\" \/>\n\t<meta name=\"twitter:data1\" content=\"2 minuty\" \/>\n<!-- \/ Yoast SEO plugin. -->","yoast_head_json":{"title":"Ponad 80 darmowych Gutenberg plugin\u00f3w dla strony internetowej","description":"Zestaw najlepszych plugin\u00f3w pierwszej klasy dla twojej witryny internetowej Gutenberg. Pom\u00f3c z dostosowaniem oraz szeroka gama opcji.","robots":{"index":"index","follow":"follow","max-snippet":"max-snippet:-1","max-image-preview":"max-image-preview:large","max-video-preview":"max-video-preview:-1"},"canonical":"https:\/\/elfsight.com\/pl\/gutenberg-plugins\/","og_locale":"pl_PL","og_type":"article","og_title":"Ponad 80 darmowych Gutenberg plugin\u00f3w dla strony internetowej","og_description":"Zestaw najlepszych plugin\u00f3w pierwszej klasy dla twojej witryny internetowej Gutenberg. Pom\u00f3c z dostosowaniem oraz szeroka gama opcji.","og_url":"https:\/\/elfsight.com\/pl\/gutenberg-plugins\/","og_site_name":"Elfsight PL","article_modified_time":"2021-04-21T13:45:56+00:00","twitter_card":"summary_large_image","twitter_misc":{"Szacowany czas czytania":"2 minuty"},"schema":{"@context":"https:\/\/schema.org","@graph":[{"@type":"WebPage","@id":"https:\/\/elfsight.com\/pl\/gutenberg-plugins\/","url":"https:\/\/elfsight.com\/pl\/gutenberg-plugins\/","name":"Ponad 80 darmowych Gutenberg plugin\u00f3w dla strony internetowej","isPartOf":{"@id":"https:\/\/elfsight.com\/pl\/#website"},"datePublished":"2020-11-20T07:23:12+00:00","dateModified":"2021-04-21T13:45:56+00:00","description":"Zestaw najlepszych plugin\u00f3w pierwszej klasy dla twojej witryny internetowej Gutenberg. Pom\u00f3c z dostosowaniem oraz szeroka gama opcji.","breadcrumb":{"@id":"https:\/\/elfsight.com\/pl\/gutenberg-plugins\/#breadcrumb"},"inLanguage":"pl-PL","potentialAction":[{"@type":"ReadAction","target":["https:\/\/elfsight.com\/pl\/gutenberg-plugins\/"]}]},{"@type":"BreadcrumbList","@id":"https:\/\/elfsight.com\/pl\/gutenberg-plugins\/#breadcrumb","itemListElement":[{"@type":"ListItem","position":1,"name":"Home","item":"https:\/\/elfsight.com\/pl\/"},{"@type":"ListItem","position":2,"name":"Gutenberg plugins"}]},{"@type":"WebSite","@id":"https:\/\/elfsight.com\/pl\/#website","url":"https:\/\/elfsight.com\/pl\/","name":"Elfsight PL","description":"Just another Elfsight Sites site","potentialAction":[{"@type":"SearchAction","target":{"@type":"EntryPoint","urlTemplate":"https:\/\/elfsight.com\/pl\/?s={search_term_string}"},"query-input":{"@type":"PropertyValueSpecification","valueRequired":true,"valueName":"search_term_string"}}],"inLanguage":"pl-PL"}]}},"meta_box":{"industry":"","seo_heading":"","heading":"","description":"","cta_heading":"","cta_description":"","application":"","h1":"Najlepsze pluginy Gutenberg","h1_caption":"Gratisowy katalog nowych plugin\u00f3w najwy\u017cszej klasy z szerokim zakresem funkcjonalno\u015bci dla zwi\u0119kszenia pozioma sprzeda\u017cy oraz osi\u0105gni\u0119cia wszystkich kluczowych cel\u00f3w promocyjnych. \u0141atwa instalacja, szeroki asortyment opcji personalizacji a tak\u017ce szybka obs\u0142uga klienta.","application_category":[],"applications_title":"Obczaj najodpowiedniejsze pluginy dla twojej witryny internetowej w\u015br\u00f3d wszystkich plugin\u00f3w gratisowych w edytorze internetowym","applications_request_title":"Nie mo\u017cesz znale\u017a\u0107 odpowiedniego plugina?","applications_request_button_text":"Zam\u00f3w plugin","hero_text":"","hero_video":"","hero_video_schema_markup":"","selling_points_title":"","selling_points_caption":"","selling_points":[],"selling_points_cta_text":"","features_title":"","features":"","ed_cta_examples_text":"","ed_cta_examples_hidden":"","ed_cta_demo_text":"","ed_cta_demo_hidden":"","why_caption":"","why_editor_title":"","why_editor_text":"","why_team_title":"","why_team_text":"","why_service_title":"","why_service_text":"","template_catalog_visible":"","template_catalog_title":"","template_catalog_text":"","template_catalog_categories_visible":"","demo_title":"","demo_caption":"","default_faq_hidden":"","app_template_category":[],"platform":"472","template_public_id":"","codecanyon_url":"","codecanyon_item_id":"","codecanyon_price":"","pricing_caption":"","pricing_elfsight_apps_hide_column":"","pricing_elfsight_apps_url":"","pricing_codecanyon_price_caption":"","integration_category":[],"integration_request_title":"","integration_request_cta":"","integration_platform":"","integrations":[],"platform_category":[],"video_schema_markup":"","price":"","trial":"","benefits":[],"button_url":"","button_target_blank":"","button_nofollow":"","attributes":[],"tags":[],"tags_disable_links":"","hide_more_platforms":"","video_object":"","demo_hide_cta":"","demo_hide_cloud_options":"","pricing_title":"","pricing":[],"related_apps_title":"","related_apps_hidden":"","author":"","image":[],"title":"","job":"","social_networks":[]},"_links":{"self":[{"href":"https:\/\/elfsight.com\/pl\/wp-json\/wp\/v2\/pages\/475","targetHints":{"allow":["GET"]}}],"collection":[{"href":"https:\/\/elfsight.com\/pl\/wp-json\/wp\/v2\/pages"}],"about":[{"href":"https:\/\/elfsight.com\/pl\/wp-json\/wp\/v2\/types\/page"}],"author":[{"embeddable":true,"href":"https:\/\/elfsight.com\/pl\/wp-json\/wp\/v2\/users\/13"}],"replies":[{"embeddable":true,"href":"https:\/\/elfsight.com\/pl\/wp-json\/wp\/v2\/comments?post=475"}],"version-history":[{"count":2,"href":"https:\/\/elfsight.com\/pl\/wp-json\/wp\/v2\/pages\/475\/revisions"}],"predecessor-version":[{"id":477,"href":"https:\/\/elfsight.com\/pl\/wp-json\/wp\/v2\/pages\/475\/revisions\/477"}],"wp:attachment":[{"href":"https:\/\/elfsight.com\/pl\/wp-json\/wp\/v2\/media?parent=475"}],"curies":[{"name":"wp","href":"https:\/\/api.w.org\/{rel}","templated":true}]}}