{"id":4744,"date":"2024-05-03T06:33:19","date_gmt":"2024-05-03T06:33:19","guid":{"rendered":"https:\/\/elfsight.com\/pl\/?page_id=4744"},"modified":"2025-06-26T14:39:25","modified_gmt":"2025-06-26T14:39:25","slug":"squarespace","status":"publish","type":"page","link":"https:\/\/elfsight.com\/pl\/cookie-consent-widget\/squarespace\/","title":{"rendered":"Cookie Consent &#8211; Squarespace"},"content":{"rendered":"<div class=\"application-platform-content-item-description application-platform-content-item\" id=\"description\" data-nav-section=\"description\"><h2>Osad\u017a zgod\u0119 na pliki cookie w Squarespace za pomoc\u0105 wid\u017cetu Elfsight<\/h2><p>Dzi\u0119ki wtyczce Elfsight Cookie absolutnie \u0142atwo jest powiadamia\u0107 u\u017cytkownik\u00f3w, \u017ce Twoje witryna zawiera pliki cookie, wy\u015bwietlaj\u0105c czysty pasek wyskakuj\u0105cy. Nasz widget umo\u017cliwia dodanie niestandardowej wiadomo\u015bci, umieszczenie linku do warunk\u00f3w korzystania z witryny oraz umieszczenie aktywnych przycisk\u00f3w umo\u017cliwiaj\u0105cych uzyskanie zgody od odwiedzaj\u0105cych. Mo\u017cesz wybra\u0107 wy\u015bwietlanie powiadomienia w formie paska lub pola i wybra\u0107 jego lokalizacj\u0119 na stronie. Dodatkowo mo\u017cliwo\u015b\u0107 pomalowania element\u00f3w interfejsu pomo\u017ce Ci nada\u0107 mu natywny wygl\u0105d i dopasowa\u0107 go do og\u00f3lnego stylu serwisu. <\/p> <div class=\"faq\" data-component=\"FAQ\"><div class=\"faq-item\">\r\n\t\t\t\t\t<div class=\"faq-item-question\">\r\n\t\t\t\t\t\t<h3 class=\"faq-item-question-text\">Gdzie mog\u0119 wy\u015bwietli\u0107 t\u0119 wtyczk\u0119?<\/h3>\r\n\r\n\t\t\t\t\t\t<div class=\"faq-item-question-icon\"><\/div>\r\n\t\t\t\t\t<\/div>\r\n\r\n\t\t\t\t\t<div class=\"faq-item-answer\">\r\n\t\t\t\t\t\t<div class=\"faq-item-answer-text\"><p>Mo\u017cesz osadzi\u0107 powiadomienie na dowolnej stronie swojej witryny lub na wszystkich stronach, w zale\u017cno\u015bci od potrzeb. Gdy tylko odwiedzaj\u0105cy wejdzie na stron\u0119, pojawi si\u0119 powiadomienie.<\/p> <\/div>\r\n\t\t\t\t\t<\/div>\r\n\t\t\t\t<\/div><div class=\"faq-item\">\r\n\t\t\t\t\t<div class=\"faq-item-question\">\r\n\t\t\t\t\t\t<h3 class=\"faq-item-question-text\">Jakie s\u0105 dla mnie zalety posiadania tej wtyczki?<\/h3>\r\n\r\n\t\t\t\t\t\t<div class=\"faq-item-question-icon\"><\/div>\r\n\t\t\t\t\t<\/div>\r\n\r\n\t\t\t\t\t<div class=\"faq-item-answer\">\r\n\t\t\t\t\t\t<div class=\"faq-item-answer-text\"><p>Zgoda na pliki cookie Elfsight pomo\u017ce tworzysz natychmiastowe powiadomienie o plikach cookie, bez kodowania i maksymalnie szybko. Zawiera wszystkie popularne j\u0119zyki europejskie, aby zapewni\u0107 u\u017cytkownikom wygod\u0119. <\/p> <\/div>\r\n\t\t\t\t\t<\/div>\r\n\t\t\t\t<\/div><div class=\"faq-item\">\r\n\t\t\t\t\t<div class=\"faq-item-question\">\r\n\t\t\t\t\t\t<h3 class=\"faq-item-question-text\">Czego potrzebuj\u0119, aby uzyska\u0107 wtyczk\u0119 Cookie na mojej stronie Squarespace?<\/h3>\r\n\r\n\t\t\t\t\t\t<div class=\"faq-item-question-icon\"><\/div>\r\n\t\t\t\t\t<\/div>\r\n\r\n\t\t\t\t\t<div class=\"faq-item-answer\">\r\n\t\t\t\t\t\t<div class=\"faq-item-answer-text\"><p>Potrzebujesz tylko kilku minut, aby rozpocz\u0105\u0107 korzystanie z wid\u017cetu. Integracja jest niezwykle szybka, bezp\u0142atna i nie obejmuje kodowania. <\/p><p>Istnieje mo\u017cliwo\u015b\u0107 skonfigurowania plik\u00f3w cookie dla witryny bezpo\u015brednio w naszym serwisie. Aby to zrobi\u0107, wykonaj instrukcje podane na tej stronie. <\/p><\/div>\r\n\t\t\t\t\t<\/div>\r\n\t\t\t\t<\/div><\/div><\/div><div class=\"application-platform-content-item-features application-platform-content-item\" id=\"features\" data-nav-section=\"features\"><h2>G\u0142\u00f3wne funkcje wid\u017cetu Zgoda na pliki cookie<\/h2><p>Aby pom\u00f3c Ci zdoby\u0107 lepsz\u0105 wiedz\u0119 wtyczki stworzyli\u015bmy list\u0119 najwa\u017cniejszych cech. Sprawiaj\u0105, \u017ce ten widget jest maksymalnie efektywny dla Twojej witryny: <\/p><ul><li>Um\u00f3w tylko powiadomienie lub pro\u015bb\u0119 o zatwierdzenie; <\/li> <li>Mo\u017cliwo\u015b\u0107 wprowadzenia w\u0142asnego og\u0142oszenia obs\u0142uguj\u0105cego formatowanie i linki; <\/li> <li>Ujawnij lub ukryj aktywny link do polityki dotycz\u0105cej plik\u00f3w cookie i dodaj niestandardowy tekst linku; <\/li> <li> Wybierz wariant uk\u0142adu powiadomienia w pasku lub polu; <\/li> <li>Wybierz niestandardowy kolor przycisk\u00f3w i \u0142\u0105cza. <\/li> <\/ul><p><a href=\"#demo\">W wersji demo odkryjesz wi\u0119cej funkcji<\/a><\/p><\/div><div class=\"application-platform-content-item-installation application-platform-content-item\" id=\"installation\" data-nav-section=\"installation\"><h2> Oto, jak doda\u0107 zgod\u0119 na pliki cookie do swojej strony Squarespace<\/h2><div class=\"video-container\"><iframe width=\"720\" height=\"405\" src=\"https:\/\/www.youtube.com\/embed\/Rfjr6RNgaCE\" frameborder=\"0\" allowfullscreen=\"\"><\/iframe><\/div><p>Poni\u017csze czynno\u015bci to jedyne, co musisz zrobi\u0107, aby wid\u017cet zacz\u0105\u0142 dzia\u0142a\u0107. <\/p><ol><li><b>Wygeneruj swoj\u0105 osobist\u0105 wtyczk\u0119 Cookie<\/b><br> Za pomoc\u0105 naszego bezp\u0142atnego konfiguratora skonfiguruj wtyczk\u0119 z preferowanym interfejsem i opcjami funkcjonalno\u015bci. <\/li><li><b>Odbierz indywidualny kod do zainstalowania wtyczki<\/b><br> Po utworzeniu wid\u017cetu otrzymasz sw\u00f3j osobisty kod z powiadomienia pojawiaj\u0105cego si\u0119 w aplikacjach Elfsight. Skopiuj ten kod do dalszego wykorzystania. <\/li> <li><b>Dodaj wtyczk\u0119 do swojej witryny Squarespace<\/b><br> Wybierz obszar strony, w kt\u00f3rym chcesz osadzi\u0107 wtyczk\u0119 i wklej tam zapisany kod. Opublikuj zmiany. <\/li> <li><b>Gotowe! <\/b><br> Wejd\u017a na stron\u0119 i sprawd\u017a swoj\u0105 prac\u0119. <\/li> <\/ol><p>Nadal nie mo\u017cesz si\u0119 zdecydowa\u0107? Albo masz problemy? Wystarczy jedno zapytanie do naszego dzia\u0142u obs\u0142ugi klienta, aby rozwi\u0105za\u0107 ka\u017cde pytanie. Mo\u017cesz tak\u017ce przeczyta\u0107 nasze <a href=\"https:\/\/elfsight.com\/blog\/how-to-add-cookie-consent-banners-to-squarespace\/\" target=\"_blank\" rel=\"noopener\">artyku\u0142 na temat dodawania zgody na pliki cookie do witryn Squarespace<\/a>. <\/p><\/div>","protected":false},"excerpt":{"rendered":"","protected":false},"author":9,"featured_media":0,"parent":2167,"menu_order":0,"comment_status":"closed","ping_status":"closed","template":"templates\/template-application-platform.php","meta":{"publish_to_discourse":"","publish_post_category":"","wpdc_auto_publish_overridden":"","wpdc_topic_tags":"","wpdc_pin_topic":"","wpdc_pin_until":"","discourse_post_id":"","discourse_permalink":"","wpdc_publishing_response":"","wpdc_publishing_error":"","footnotes":""},"class_list":["post-4744","page","type-page","status-publish","hentry"],"yoast_head":"<!-- This site is optimized with the Yoast SEO plugin v25.3.1 - https:\/\/yoast.com\/wordpress\/plugins\/seo\/ -->\n<title>Dodaj wtyczk\u0119 Cookie Consent do witryny Squarespace (2025)<\/title>\n<meta name=\"description\" content=\"Dzi\u0119ki Elfsight mo\u017cesz szybko utworzy\u0107 wtyczk\u0119 Cookie Consent i opublikowa\u0107 j\u0105 na swojej stronie internetowej Squarespace. Oferujemy bezp\u0142atn\u0105 obs\u0142ug\u0119 klienta i inne bonusy.\" \/>\n<meta name=\"robots\" content=\"index, follow, max-snippet:-1, max-image-preview:large, max-video-preview:-1\" \/>\n<link rel=\"canonical\" href=\"https:\/\/elfsight.com\/pl\/cookie-consent-widget\/squarespace\/\" \/>\n<meta property=\"og:locale\" content=\"pl_PL\" \/>\n<meta property=\"og:type\" content=\"article\" \/>\n<meta property=\"og:title\" content=\"Dodaj wtyczk\u0119 Cookie Consent do witryny Squarespace (2025)\" \/>\n<meta property=\"og:description\" content=\"Dzi\u0119ki Elfsight mo\u017cesz szybko utworzy\u0107 wtyczk\u0119 Cookie Consent i opublikowa\u0107 j\u0105 na swojej stronie internetowej Squarespace. Oferujemy bezp\u0142atn\u0105 obs\u0142ug\u0119 klienta i inne bonusy.\" \/>\n<meta property=\"og:url\" content=\"https:\/\/elfsight.com\/pl\/cookie-consent-widget\/squarespace\/\" \/>\n<meta property=\"og:site_name\" content=\"Elfsight PL\" \/>\n<meta property=\"article:modified_time\" content=\"2025-06-26T14:39:25+00:00\" \/>\n<meta name=\"twitter:card\" content=\"summary_large_image\" \/>\n<meta name=\"twitter:label1\" content=\"Szacowany czas czytania\" \/>\n\t<meta name=\"twitter:data1\" content=\"3 minuty\" \/>\n<!-- \/ Yoast SEO plugin. -->","yoast_head_json":{"title":"Dodaj wtyczk\u0119 Cookie Consent do witryny Squarespace (2025)","description":"Dzi\u0119ki Elfsight mo\u017cesz szybko utworzy\u0107 wtyczk\u0119 Cookie Consent i opublikowa\u0107 j\u0105 na swojej stronie internetowej Squarespace. Oferujemy bezp\u0142atn\u0105 obs\u0142ug\u0119 klienta i inne bonusy.","robots":{"index":"index","follow":"follow","max-snippet":"max-snippet:-1","max-image-preview":"max-image-preview:large","max-video-preview":"max-video-preview:-1"},"canonical":"https:\/\/elfsight.com\/pl\/cookie-consent-widget\/squarespace\/","og_locale":"pl_PL","og_type":"article","og_title":"Dodaj wtyczk\u0119 Cookie Consent do witryny Squarespace (2025)","og_description":"Dzi\u0119ki Elfsight mo\u017cesz szybko utworzy\u0107 wtyczk\u0119 Cookie Consent i opublikowa\u0107 j\u0105 na swojej stronie internetowej Squarespace. Oferujemy bezp\u0142atn\u0105 obs\u0142ug\u0119 klienta i inne bonusy.","og_url":"https:\/\/elfsight.com\/pl\/cookie-consent-widget\/squarespace\/","og_site_name":"Elfsight PL","article_modified_time":"2025-06-26T14:39:25+00:00","twitter_card":"summary_large_image","twitter_misc":{"Szacowany czas czytania":"3 minuty"},"schema":{"@context":"https:\/\/schema.org","@graph":[{"@type":"WebPage","@id":"https:\/\/elfsight.com\/pl\/cookie-consent-widget\/squarespace\/","url":"https:\/\/elfsight.com\/pl\/cookie-consent-widget\/squarespace\/","name":"Dodaj wtyczk\u0119 Cookie Consent do witryny Squarespace (2025)","isPartOf":{"@id":"https:\/\/elfsight.com\/pl\/#website"},"datePublished":"2024-05-03T06:33:19+00:00","dateModified":"2025-06-26T14:39:25+00:00","description":"Dzi\u0119ki Elfsight mo\u017cesz szybko utworzy\u0107 wtyczk\u0119 Cookie Consent i opublikowa\u0107 j\u0105 na swojej stronie internetowej Squarespace. Oferujemy bezp\u0142atn\u0105 obs\u0142ug\u0119 klienta i inne bonusy.","breadcrumb":{"@id":"https:\/\/elfsight.com\/pl\/cookie-consent-widget\/squarespace\/#breadcrumb"},"inLanguage":"pl-PL","potentialAction":[{"@type":"ReadAction","target":["https:\/\/elfsight.com\/pl\/cookie-consent-widget\/squarespace\/"]}]},{"@type":"BreadcrumbList","@id":"https:\/\/elfsight.com\/pl\/cookie-consent-widget\/squarespace\/#breadcrumb","itemListElement":[{"@type":"ListItem","position":1,"name":"Home","item":"https:\/\/elfsight.com\/pl\/"},{"@type":"ListItem","position":2,"name":"Cookie Consent","item":"https:\/\/elfsight.com\/pl\/cookie-consent-widget\/"},{"@type":"ListItem","position":3,"name":"Cookie Consent &#8211; Squarespace"}]},{"@type":"WebSite","@id":"https:\/\/elfsight.com\/pl\/#website","url":"https:\/\/elfsight.com\/pl\/","name":"Elfsight PL","description":"Just another Elfsight Sites site","potentialAction":[{"@type":"SearchAction","target":{"@type":"EntryPoint","urlTemplate":"https:\/\/elfsight.com\/pl\/?s={search_term_string}"},"query-input":{"@type":"PropertyValueSpecification","valueRequired":true,"valueName":"search_term_string"}}],"inLanguage":"pl-PL"}]}},"meta_box":{"industry":"","seo_heading":"","heading":"","description":"","cta_heading":"","cta_description":"","application":"2166","h1":"Wtyczka Squarespace dotycz\u0105ca zgody na pliki cookie","h1_caption":"Przestrzegaj przepis\u00f3w dotycz\u0105cych prywatno\u015bci, dodaj\u0105c baner zgody na pliki cookie do swojej witryny, zapewniaj\u0105c bezproblemow\u0105 przejrzysto\u015b\u0107 danych u\u017cytkownika w witrynie Squarespace.","application_category":[],"applications_title":"","applications_request_title":"","applications_request_button_text":"","hero_text":"","hero_video":"","hero_video_schema_markup":"","selling_points_title":"","selling_points_caption":"","selling_points":[],"selling_points_cta_text":"","features_title":"","features":"","ed_cta_examples_text":"","ed_cta_examples_hidden":"","ed_cta_demo_text":"","ed_cta_demo_hidden":"","why_caption":"","why_editor_title":"","why_editor_text":"","why_team_title":"","why_team_text":"","why_service_title":"","why_service_text":"","template_catalog_visible":"0","template_catalog_title":"","template_catalog_text":"","template_catalog_categories_visible":"","demo_title":"Utw\u00f3rz wtyczk\u0119 Cookie Consent","demo_caption":"Skonfiguruj swoj\u0105 zgod\u0119 na pliki cookie i dodaj j\u0105 do swojej witryny Squarespace za darmo!","default_faq_hidden":"","app_template_category":[],"platform":"7588","template_public_id":"","codecanyon_url":"","codecanyon_item_id":"","codecanyon_price":"","pricing_caption":"","pricing_elfsight_apps_hide_column":"","pricing_elfsight_apps_url":"","pricing_codecanyon_price_caption":"","integration_category":[],"integration_request_title":"","integration_request_cta":"","integration_platform":"","integrations":[],"platform_category":[],"video_schema_markup":"","price":"od 0 USD \/ miesi\u0105c","trial":"","benefits":[{"text":"Bezp\u0142atna us\u0142uga monta\u017cu"},{"text":"Wyj\u0105tkowe wsparcie"},{"text":"14-dniowa gwarancja zwrotu pieni\u0119dzy"}],"button_url":"#demo","button_target_blank":"0","button_nofollow":"0","attributes":[{"name":"Instaluje"},{"name":"Czu\u0142y"},{"name":"Kompatybilne przegl\u0105darki"}],"tags":[],"tags_disable_links":"0","hide_more_platforms":"0","video_object":"","demo_hide_cta":"0","demo_hide_cloud_options":"0","pricing_title":"","pricing":[{"pricing_icon":"platform","pricing_title":"Elfsight Apps","pricing_title_caption":"Wersja niezale\u017cna od platformy, kt\u00f3ra pasuje do ka\u017cdej witryny","pricing_price":"od 0 USD \/ miesi\u0105c","pricing_price_caption":"zacznij od bezp\u0142atnego planu","pricing_benefits":[{"text":"Nielimitowane domeny"},{"text":"Dedykowane wsparcie"},{"text":"Bezp\u0142atna pomoc w monta\u017cu"},{"text":"100% konfigurowalny"}],"pricing_button_text":"Dodaj do witryny","pricing_button_url":"#demo"}],"related_apps_title":"","related_apps_hidden":"0","author":"","image":[],"title":"","job":"","social_networks":[]},"_links":{"self":[{"href":"https:\/\/elfsight.com\/pl\/wp-json\/wp\/v2\/pages\/4744","targetHints":{"allow":["GET"]}}],"collection":[{"href":"https:\/\/elfsight.com\/pl\/wp-json\/wp\/v2\/pages"}],"about":[{"href":"https:\/\/elfsight.com\/pl\/wp-json\/wp\/v2\/types\/page"}],"author":[{"embeddable":true,"href":"https:\/\/elfsight.com\/pl\/wp-json\/wp\/v2\/users\/9"}],"replies":[{"embeddable":true,"href":"https:\/\/elfsight.com\/pl\/wp-json\/wp\/v2\/comments?post=4744"}],"version-history":[{"count":2,"href":"https:\/\/elfsight.com\/pl\/wp-json\/wp\/v2\/pages\/4744\/revisions"}],"predecessor-version":[{"id":7715,"href":"https:\/\/elfsight.com\/pl\/wp-json\/wp\/v2\/pages\/4744\/revisions\/7715"}],"up":[{"embeddable":true,"href":"https:\/\/elfsight.com\/pl\/wp-json\/wp\/v2\/pages\/2167"}],"wp:attachment":[{"href":"https:\/\/elfsight.com\/pl\/wp-json\/wp\/v2\/media?parent=4744"}],"curies":[{"name":"wp","href":"https:\/\/api.w.org\/{rel}","templated":true}]}}