{"id":4743,"date":"2024-05-03T06:33:18","date_gmt":"2024-05-03T06:33:18","guid":{"rendered":"https:\/\/elfsight.com\/pl\/?page_id=4743"},"modified":"2025-12-18T16:10:49","modified_gmt":"2025-12-18T16:10:49","slug":"webflow","status":"publish","type":"page","link":"https:\/\/elfsight.com\/pl\/cookie-consent-widget\/webflow\/","title":{"rendered":"Cookie Consent &#8211; Webflow"},"content":{"rendered":"<div class=\"application-platform-content-item-description application-platform-content-item\" id=\"description\" data-nav-section=\"description\"><h2>Osad\u017a zgod\u0119 na pliki cookie w Webflow za pomoc\u0105 wid\u017cetu Elfsight<\/h2><p>Dzi\u0119ki wid\u017cetowi Elfsight Cookie powiadomienie Twojego odbiorc\u00f3w, \u017ce Twoja witryna stosuje pliki cookie za po\u015brednictwem \u0142adnego wyskakuj\u0105cego paska. Wid\u017cet umo\u017cliwia wy\u015bwietlenie tekstu, dodanie linku do warunk\u00f3w korzystania ze strony internetowej oraz pokazanie aktywnych przycisk\u00f3w w celu uzyskania akceptacji odwiedzaj\u0105cych. Mo\u017cesz ustawi\u0107 powiadomienie w formie paska lub responsywnego boxu i wyznaczy\u0107 dowoln\u0105 pozycj\u0119 na stronie. Ponadto opcja malowania element\u00f3w interfejsu pomaga nada\u0107 wid\u017cetowi zr\u00f3wnowa\u017cony wygl\u0105d i dopasowa\u0107 go do og\u00f3lnego stylu. <\/p> <div class=\"faq\" data-component=\"FAQ\"><div class=\"faq-item\">\r\n\t\t\t\t\t<div class=\"faq-item-question\">\r\n\t\t\t\t\t\t<h3 class=\"faq-item-question-text\">Gdzie w mojej witrynie mog\u0119 to doda\u0107<\/h3>\r\n\r\n\t\t\t\t\t\t<div class=\"faq-item-question-icon\"><\/div>\r\n\t\t\t\t\t<\/div>\r\n\r\n\t\t\t\t\t<div class=\"faq-item-answer\">\r\n\t\t\t\t\t\t<div class=\"faq-item-answer-text\"><p>Mo\u017cesz \u0142atwo wy\u015bwietli\u0107 informacj\u0119 o u\u017cywaniu plik\u00f3w cookie na dowolnej stronie serwisu, a tak\u017ce na wszystkich jego stronach, zale\u017cy tylko od tego, gdzie tego potrzebujesz. Gdy u\u017cytkownik wejdzie na stron\u0119, pojawi si\u0119 widget. <\/p> <\/div>\r\n\t\t\t\t\t<\/div>\r\n\t\t\t\t<\/div><div class=\"faq-item\">\r\n\t\t\t\t\t<div class=\"faq-item-question\">\r\n\t\t\t\t\t\t<h3 class=\"faq-item-question-text\">Jakie daje mi to korzy\u015bci? <\/h3>\r\n\r\n\t\t\t\t\t\t<div class=\"faq-item-question-icon\"><\/div>\r\n\t\t\t\t\t<\/div>\r\n\r\n\t\t\t\t\t<div class=\"faq-item-answer\">\r\n\t\t\t\t\t\t<div class=\"faq-item-answer-text\"><p>Nasz widget pomo\u017ce Ci wy\u015bwietli\u0107 natychmiastow\u0105 informacj\u0119 o plikach cookie, bez kodowania i bardzo szybko. Obs\u0142uguje wszystkie najpopularniejsze j\u0119zyki europejskie, aby zapewni\u0107 u\u017cytkownikom witryny komfortow\u0105 obs\u0142ug\u0119. <\/p> <\/div>\r\n\t\t\t\t\t<\/div>\r\n\t\t\t\t<\/div><div class=\"faq-item\">\r\n\t\t\t\t\t<div class=\"faq-item-question\">\r\n\t\t\t\t\t\t<h3 class=\"faq-item-question-text\">Jak doda\u0107 zgod\u0119 na pliki cookie do mojej witryny internetowej Webflow? <\/h3>\r\n\r\n\t\t\t\t\t\t<div class=\"faq-item-question-icon\"><\/div>\r\n\t\t\t\t\t<\/div>\r\n\r\n\t\t\t\t\t<div class=\"faq-item-answer\">\r\n\t\t\t\t\t\t<div class=\"faq-item-answer-text\"><p>Wystarczy tylko trzy minuty, aby wid\u017cet zacz\u0105\u0142 dzia\u0142a\u0107. Jest bardzo szybki, darmowy i nie wymaga kodowania. <\/p><p>Widget mo\u017cesz wklei\u0107 na stron\u0119 internetow\u0105 za po\u015brednictwem naszego serwisu. W tym celu skorzystaj z kr\u00f3tkiego opisu znajduj\u0105cego si\u0119 poni\u017cej na tej stronie. <\/p><\/div>\r\n\t\t\t\t\t<\/div>\r\n\t\t\t\t<\/div><\/div><\/div><div class=\"application-platform-content-item-features application-platform-content-item\" id=\"features\" data-nav-section=\"features\"><h2>G\u0142\u00f3wne funkcje wid\u017cetu Zgoda na pliki cookie<\/h2><p>Aby uzyska\u0107 pe\u0142ne zrozumienie wid\u017cetu Pliki cookie, sprawd\u017a list\u0119 jego g\u0142\u00f3wnych funkcji. Dzi\u0119ki nim widget jest niezwykle skuteczny dla Twojej firmy: <\/p><ul><li>Utw\u00f3rz proste og\u0142oszenie lub popro\u015b o zgod\u0119 u\u017cytkownika; <\/li> <li> Wprowad\u017a niestandardowe powiadomienie obs\u0142uguj\u0105ce opcje formatowania i \u0142\u0105cza; <\/li> <li>Wy\u015bwietl lub ukryj \u0142\u0105cze do zasad korzystania z witryny internetowej z niestandardowym tekstem \u0142\u0105cza; <\/li> <li>Opcja wyboru typu uk\u0142adu paska lub ramki powiadomienia; <\/li> <li>Wybierz niestandardowy kolor przycisk\u00f3w i \u0142\u0105cza. <\/li> <\/ul><p><a href=\"#demo\">Poznaj wszystkie funkcje w wersji demonstracyjnej<\/a><\/p><\/div><div class=\"application-platform-content-item-installation application-platform-content-item\" id=\"installation\" data-nav-section=\"installation\"><h2>Sprawd\u017amy jak umie\u015bci\u0107 zgod\u0119 na pliki cookie w swojej witrynie Webflow. To jest szybkie.<\/h2><div class=\"video-container\"><iframe allowfullscreen=\"\" frameborder=\" 0\" height=\"405\" src=\"https:\/\/www.youtube.com\/embed\/EPUdEMVthAI?si=F-9qZUnhfBOo3DT-\" width=\"720\"><\/iframe><\/div><p>Poni\u017csze czynno\u015bci to jedyne, co musisz wykona\u0107, aby skonfigurowa\u0107 wtyczk\u0119.<\/p><ol><li><b> Stw\u00f3rz sw\u00f3j w\u0142asny widget Cookie<\/b><br> Za pomoc\u0105 naszego bezp\u0142atnego demo wygeneruj wtyczk\u0119 z wybranym uk\u0142adem i cechami funkcjonalnymi. <\/li><li><b>Skopiuj kod osobisty, aby doda\u0107 wid\u017cet<\/b><br> Po wygenerowaniu wtyczki otrzymasz unikalny kod z powiadomienia, kt\u00f3re pojawi\u0142o si\u0119 w aplikacjach Elfsight. Skopiuj kod. <\/li> <li><b>Dodaj wtyczk\u0119 na swojej stronie Webflow<\/b><br> Okre\u015bl miejsce, w kt\u00f3rym chcesz doda\u0107 wtyczk\u0119 i wklej tam skopiowany kod. Opublikuj zmiany. <\/li> <li><b>Gratulacje! W\u0142a\u015bnie doda\u0142e\u015b widget! <\/b><br> Wejd\u017a na swoj\u0105 stron\u0119, aby sprawdzi\u0107 wtyczk\u0119. <\/li> <\/ol><p>Nadal nie jeste\u015b pewien? Albo natkn\u0105\u0142e\u015b si\u0119 na co\u015b? Tylko jedna pro\u015bba do naszego zespo\u0142u wsparcia rozwi\u0105\u017ce ka\u017cdy problem. <\/p><\/div>","protected":false},"excerpt":{"rendered":"","protected":false},"author":9,"featured_media":0,"parent":2167,"menu_order":0,"comment_status":"closed","ping_status":"closed","template":"templates\/template-application-platform.php","meta":{"publish_to_discourse":"","publish_post_category":"","wpdc_auto_publish_overridden":"","wpdc_topic_tags":"","wpdc_pin_topic":"","wpdc_pin_until":"","discourse_post_id":"","discourse_permalink":"","wpdc_publishing_response":"","wpdc_publishing_error":"","footnotes":""},"class_list":["post-4743","page","type-page","status-publish","hentry"],"yoast_head":"<!-- This site is optimized with the Yoast SEO plugin v25.3.1 - https:\/\/yoast.com\/wordpress\/plugins\/seo\/ -->\n<title>Dodaj wid\u017cet zgody na pliki cookie do witryny Webflow (w 2 minuty)<\/title>\n<meta name=\"description\" content=\"Oto szansa na utworzenie skutecznego wid\u017cetu zgody na pliki cookie i wy\u015bwietlenie go w Twojej witrynie Webflow. Ciesz si\u0119 bezp\u0142atn\u0105 obs\u0142ug\u0105 klienta i innymi bonusami od Elfsight.\" \/>\n<meta name=\"robots\" content=\"index, follow, max-snippet:-1, max-image-preview:large, max-video-preview:-1\" \/>\n<link rel=\"canonical\" href=\"https:\/\/elfsight.com\/pl\/cookie-consent-widget\/webflow\/\" \/>\n<meta property=\"og:locale\" content=\"pl_PL\" \/>\n<meta property=\"og:type\" content=\"article\" \/>\n<meta property=\"og:title\" content=\"Dodaj wid\u017cet zgody na pliki cookie do witryny Webflow (w 2 minuty)\" \/>\n<meta property=\"og:description\" content=\"Oto szansa na utworzenie skutecznego wid\u017cetu zgody na pliki cookie i wy\u015bwietlenie go w Twojej witrynie Webflow. Ciesz si\u0119 bezp\u0142atn\u0105 obs\u0142ug\u0105 klienta i innymi bonusami od Elfsight.\" \/>\n<meta property=\"og:url\" content=\"https:\/\/elfsight.com\/pl\/cookie-consent-widget\/webflow\/\" \/>\n<meta property=\"og:site_name\" content=\"Elfsight PL\" \/>\n<meta property=\"article:modified_time\" content=\"2025-12-18T16:10:49+00:00\" \/>\n<meta name=\"twitter:card\" content=\"summary_large_image\" \/>\n<meta name=\"twitter:label1\" content=\"Szacowany czas czytania\" \/>\n\t<meta name=\"twitter:data1\" content=\"3 minuty\" \/>\n<!-- \/ Yoast SEO plugin. -->","yoast_head_json":{"title":"Dodaj wid\u017cet zgody na pliki cookie do witryny Webflow (w 2 minuty)","description":"Oto szansa na utworzenie skutecznego wid\u017cetu zgody na pliki cookie i wy\u015bwietlenie go w Twojej witrynie Webflow. Ciesz si\u0119 bezp\u0142atn\u0105 obs\u0142ug\u0105 klienta i innymi bonusami od Elfsight.","robots":{"index":"index","follow":"follow","max-snippet":"max-snippet:-1","max-image-preview":"max-image-preview:large","max-video-preview":"max-video-preview:-1"},"canonical":"https:\/\/elfsight.com\/pl\/cookie-consent-widget\/webflow\/","og_locale":"pl_PL","og_type":"article","og_title":"Dodaj wid\u017cet zgody na pliki cookie do witryny Webflow (w 2 minuty)","og_description":"Oto szansa na utworzenie skutecznego wid\u017cetu zgody na pliki cookie i wy\u015bwietlenie go w Twojej witrynie Webflow. Ciesz si\u0119 bezp\u0142atn\u0105 obs\u0142ug\u0105 klienta i innymi bonusami od Elfsight.","og_url":"https:\/\/elfsight.com\/pl\/cookie-consent-widget\/webflow\/","og_site_name":"Elfsight PL","article_modified_time":"2025-12-18T16:10:49+00:00","twitter_card":"summary_large_image","twitter_misc":{"Szacowany czas czytania":"3 minuty"},"schema":{"@context":"https:\/\/schema.org","@graph":[{"@type":"WebPage","@id":"https:\/\/elfsight.com\/pl\/cookie-consent-widget\/webflow\/","url":"https:\/\/elfsight.com\/pl\/cookie-consent-widget\/webflow\/","name":"Dodaj wid\u017cet zgody na pliki cookie do witryny Webflow (w 2 minuty)","isPartOf":{"@id":"https:\/\/elfsight.com\/pl\/#website"},"datePublished":"2024-05-03T06:33:18+00:00","dateModified":"2025-12-18T16:10:49+00:00","description":"Oto szansa na utworzenie skutecznego wid\u017cetu zgody na pliki cookie i wy\u015bwietlenie go w Twojej witrynie Webflow. Ciesz si\u0119 bezp\u0142atn\u0105 obs\u0142ug\u0105 klienta i innymi bonusami od Elfsight.","breadcrumb":{"@id":"https:\/\/elfsight.com\/pl\/cookie-consent-widget\/webflow\/#breadcrumb"},"inLanguage":"pl-PL","potentialAction":[{"@type":"ReadAction","target":["https:\/\/elfsight.com\/pl\/cookie-consent-widget\/webflow\/"]}]},{"@type":"BreadcrumbList","@id":"https:\/\/elfsight.com\/pl\/cookie-consent-widget\/webflow\/#breadcrumb","itemListElement":[{"@type":"ListItem","position":1,"name":"Home","item":"https:\/\/elfsight.com\/pl\/"},{"@type":"ListItem","position":2,"name":"Cookie Consent","item":"https:\/\/elfsight.com\/pl\/cookie-consent-widget\/"},{"@type":"ListItem","position":3,"name":"Cookie Consent &#8211; Webflow"}]},{"@type":"WebSite","@id":"https:\/\/elfsight.com\/pl\/#website","url":"https:\/\/elfsight.com\/pl\/","name":"Elfsight PL","description":"Just another Elfsight Sites site","potentialAction":[{"@type":"SearchAction","target":{"@type":"EntryPoint","urlTemplate":"https:\/\/elfsight.com\/pl\/?s={search_term_string}"},"query-input":{"@type":"PropertyValueSpecification","valueRequired":true,"valueName":"search_term_string"}}],"inLanguage":"pl-PL"}]}},"meta_box":{"industry":"","seo_heading":"","heading":"","description":"","cta_heading":"","cta_description":"","application":"2166","h1":"Wid\u017cet zgody na pliki cookie w serwisie Webflow","h1_caption":"Przestrzegaj przepis\u00f3w dotycz\u0105cych prywatno\u015bci, dodaj\u0105c do swojej witryny baner wyra\u017caj\u0105cy zgod\u0119 na pliki cookie, zapewniaj\u0105c bezproblemow\u0105 przejrzysto\u015b\u0107 danych u\u017cytkownika w witrynie Webflow.","application_category":[],"applications_title":"","applications_request_title":"","applications_request_button_text":"","hero_text":"","hero_video":"","hero_video_schema_markup":"","selling_points_title":"","selling_points_caption":"","selling_points":[],"selling_points_cta_text":"","features_title":"","features":"","ed_cta_examples_text":"","ed_cta_examples_hidden":"","ed_cta_demo_text":"","ed_cta_demo_hidden":"","why_caption":"","why_editor_title":"","why_editor_text":"","why_team_title":"","why_team_text":"","why_service_title":"","why_service_text":"","template_catalog_visible":"0","template_catalog_title":"","template_catalog_text":"","template_catalog_categories_visible":"","demo_title":"Utw\u00f3rz wid\u017cet zgody na pliki cookie","demo_caption":"Skonfiguruj swoj\u0105 zgod\u0119 na pliki cookie i dodaj j\u0105 do swojej witryny Webflow za darmo!","default_faq_hidden":"","app_template_category":[],"platform":"127","template_public_id":"","codecanyon_url":"","codecanyon_item_id":"","codecanyon_price":"","pricing_caption":"","pricing_elfsight_apps_hide_column":"","pricing_elfsight_apps_url":"","pricing_codecanyon_price_caption":"","integration_category":[],"integration_request_title":"","integration_request_cta":"","integration_platform":"","integrations":[],"platform_category":[],"video_schema_markup":"","price":"od 0 USD \/ miesi\u0105c","trial":"","benefits":[{"text":"Bezp\u0142atna us\u0142uga monta\u017cu"},{"text":"Skuteczna obs\u0142uga klienta"},{"text":"14-dniowa gwarancja zwrotu pieni\u0119dzy"}],"button_url":"#demo","button_target_blank":"0","button_nofollow":"0","attributes":[{"name":"Instaluje"},{"name":"Czu\u0142y"},{"name":"Kompatybilne przegl\u0105darki"}],"tags":[],"tags_disable_links":"0","hide_more_platforms":"0","video_object":"","demo_hide_cta":"0","demo_hide_cloud_options":"0","pricing_title":"","pricing":[{"pricing_icon":"platform","pricing_title":"Elfsight Apps","pricing_title_caption":"Oprogramowanie niezale\u017cne od platformy","pricing_price":"od 0 USD \/ miesi\u0105c","pricing_price_caption":"zacznij od bezp\u0142atnego planu","pricing_benefits":[{"text":"Nieograniczona liczba domen"},{"text":"Szybkie wsparcie"},{"text":"Bezp\u0142atna pomoc w monta\u017cu"},{"text":"Specjalna oferta na wiele aplikacji"}],"pricing_button_text":"Dodaj do witryny","pricing_button_url":"#demo"}],"related_apps_title":"","related_apps_hidden":"0","author":"","image":[],"title":"","job":"","social_networks":[]},"_links":{"self":[{"href":"https:\/\/elfsight.com\/pl\/wp-json\/wp\/v2\/pages\/4743","targetHints":{"allow":["GET"]}}],"collection":[{"href":"https:\/\/elfsight.com\/pl\/wp-json\/wp\/v2\/pages"}],"about":[{"href":"https:\/\/elfsight.com\/pl\/wp-json\/wp\/v2\/types\/page"}],"author":[{"embeddable":true,"href":"https:\/\/elfsight.com\/pl\/wp-json\/wp\/v2\/users\/9"}],"replies":[{"embeddable":true,"href":"https:\/\/elfsight.com\/pl\/wp-json\/wp\/v2\/comments?post=4743"}],"version-history":[{"count":3,"href":"https:\/\/elfsight.com\/pl\/wp-json\/wp\/v2\/pages\/4743\/revisions"}],"predecessor-version":[{"id":10821,"href":"https:\/\/elfsight.com\/pl\/wp-json\/wp\/v2\/pages\/4743\/revisions\/10821"}],"up":[{"embeddable":true,"href":"https:\/\/elfsight.com\/pl\/wp-json\/wp\/v2\/pages\/2167"}],"wp:attachment":[{"href":"https:\/\/elfsight.com\/pl\/wp-json\/wp\/v2\/media?parent=4743"}],"curies":[{"name":"wp","href":"https:\/\/api.w.org\/{rel}","templated":true}]}}