{"id":4742,"date":"2024-05-03T06:33:17","date_gmt":"2024-05-03T06:33:17","guid":{"rendered":"https:\/\/elfsight.com\/pl\/?page_id=4742"},"modified":"2024-11-14T12:37:22","modified_gmt":"2024-11-14T12:37:22","slug":"webnode","status":"publish","type":"page","link":"https:\/\/elfsight.com\/pl\/cookie-consent-widget\/webnode\/","title":{"rendered":"Cookie Consent &#8211; Webnode"},"content":{"rendered":"<div class=\"application-platform-content-item-description application-platform-content-item\" id=\"description\" data-nav-section=\"description\"><h2>Opis<\/h2><p>Dzi\u0119ki wid\u017cetowi Elfsight Cookie bardzo \u0142atwo jest poinformowa\u0107 odwiedzaj\u0105cych, \u017ce Twoja witryna korzysta z plik\u00f3w cookie, poprzez czyste wyskakuj\u0105ce okienko. Wid\u017cet umo\u017cliwia napisanie wiadomo\u015bci, dodanie linku do polityki korzystania ze strony oraz pokazanie aktywnych przycisk\u00f3w w celu uzyskania akceptacji u\u017cytkownik\u00f3w. Mo\u017cesz wybra\u0107 wy\u015bwietlanie powiadomienia w postaci paska lub pola i wybra\u0107 pozycj\u0119 na stronie. Dodatkowo mo\u017cliwo\u015b\u0107 wyboru niestandardowych kolor\u00f3w pomo\u017ce zachowa\u0107 sp\u00f3jno\u015b\u0107 i dobrze wkomponowa\u0107 si\u0119 w styl witryny. <\/p> <div class=\"faq\" data-component=\"FAQ\"><div class=\"faq-item\">\r\n\t\t\t\t\t<div class=\"faq-item-question\">\r\n\t\t\t\t\t\t<h3 class=\"faq-item-question-text\">Gdzie mog\u0119 osadzi\u0107 t\u0119 wtyczk\u0119<\/h3>\r\n\r\n\t\t\t\t\t\t<div class=\"faq-item-question-icon\"><\/div>\r\n\t\t\t\t\t<\/div>\r\n\r\n\t\t\t\t\t<div class=\"faq-item-answer\">\r\n\t\t\t\t\t\t<div class=\"faq-item-answer-text\"><p>Og\u0142oszenie mo\u017cna \u0142atwo umie\u015bci\u0107 na dowolnej stronie witryny lub na wszystkich, w zale\u017cno\u015bci od tego, gdzie jest to potrzebne. Gdy u\u017cytkownik wejdzie na stron\u0119, natychmiast wy\u015bwietli si\u0119 powiadomienie. <\/p> <\/div>\r\n\t\t\t\t\t<\/div>\r\n\t\t\t\t<\/div><div class=\"faq-item\">\r\n\t\t\t\t\t<div class=\"faq-item-question\">\r\n\t\t\t\t\t\t<h3 class=\"faq-item-question-text\">Jakie korzy\u015bci mog\u0119 uzyska\u0107 dzi\u0119ki wid\u017cetowi? <\/h3>\r\n\r\n\t\t\t\t\t\t<div class=\"faq-item-question-icon\"><\/div>\r\n\t\t\t\t\t<\/div>\r\n\r\n\t\t\t\t\t<div class=\"faq-item-answer\">\r\n\t\t\t\t\t\t<div class=\"faq-item-answer-text\"><p>Zgoda na pliki cookie Elfsight pomo\u017ce Ci zorganizowa\u0107 natychmiastowe powiadomienie o plikach cookie bez kodowania i maksymalnie szybko. Zawiera wszystkie najpopularniejsze j\u0119zyki europejskie, aby zapewni\u0107 u\u017cytkownikom komfortow\u0105 obs\u0142ug\u0119. <\/p> <\/div>\r\n\t\t\t\t\t<\/div>\r\n\t\t\t\t<\/div><div class=\"faq-item\">\r\n\t\t\t\t\t<div class=\"faq-item-question\">\r\n\t\t\t\t\t\t<h3 class=\"faq-item-question-text\">Jak umie\u015bci\u0107 zgod\u0119 na pliki cookie w mojej witrynie internetowej Webnode?<\/h3>\r\n\r\n\t\t\t\t\t\t<div class=\"faq-item-question-icon\"><\/div>\r\n\t\t\t\t\t<\/div>\r\n\r\n\t\t\t\t\t<div class=\"faq-item-answer\">\r\n\t\t\t\t\t\t<div class=\"faq-item-answer-text\"><p>Konfiguracja wid\u017cetu zajmuje tylko minut\u0119. Osadzanie jest super szybkie, bezp\u0142atne i niewymagaj\u0105ce kodowania. <\/p><p>Istnieje mo\u017cliwo\u015b\u0107 wyra\u017cenia zgody na pliki cookie w Twojej witrynie bezpo\u015brednio za po\u015brednictwem naszej us\u0142ugi. Wystarczy wykona\u0107 kroki opisane w instrukcjach znajduj\u0105cych si\u0119 poni\u017cej na tej stronie. <\/p><\/div>\r\n\t\t\t\t\t<\/div>\r\n\t\t\t\t<\/div><\/div><\/div><div class=\"application-platform-content-item-features application-platform-content-item\" id=\"features\" data-nav-section=\"features\"><h2>Funkcje<\/h2><p>Aby lepiej zrozumie\u0107 wid\u017cet, zobacz list\u0119 jego podstawowe funkcje. Pomagaj\u0105 uczyni\u0107 to skutecznym dla Twojej firmy: <\/p><ul><li>Utw\u00f3rz tylko powiadomienie lub popro\u015b o zgod\u0119; <\/li> <li> Wprowad\u017a niestandardowy tekst powiadomienia z opcjami formatowania i linkami; <\/li> <li>Wy\u015bwietl lub ukryj aktywny link do polityki plik\u00f3w cookie z niestandardow\u0105 etykiet\u0105 linku; <\/li> <li>Opcja wyboru typu uk\u0142adu powiadomienia: Pasek lub Pole; <\/li> <li>Wybierz niestandardowy kolor przycisk\u00f3w i \u0142\u0105cza. <\/li> <\/ul><p><a href=\"#demo\">Demo na \u017cywo poka\u017ce Ci wi\u0119cej funkcji<\/a><\/p><\/div><div class=\"application-platform-content-item-installation application-platform-content-item\" id=\"installation\" data-nav-section=\"installation\"><h2>Sprawd\u017a, jak skonfigurowa\u0107 wid\u017cet zgody na pliki cookie w swojej witrynie Webnode<\/h2><p>Jedyne, co musisz zrobi\u0107, to kilka krok\u00f3w: <\/p><ol><li><b>Zaprojektuj sw\u00f3j osobisty plik cookie wtyczka<\/b><br> Zarz\u0105dzaj\u0105c naszym bezp\u0142atnym demo, wygeneruj wtyczk\u0119 z preferowanym uk\u0142adem i funkcjonalno\u015bci\u0105. <\/li><li><b>Zdob\u0105d\u017a osobisty kod, aby opublikowa\u0107 wtyczk\u0119<\/b><br> Po wygenerowaniu wid\u017cetu otrzymasz sw\u00f3j osobisty kod z wyskakuj\u0105cego powiadomienia w aplikacji Elfsight. Skopiuj go do wykorzystania w przysz\u0142o\u015bci. <\/li> <li><b>Osad\u017a wtyczk\u0119 na swojej stronie Webnode<\/b><br> Wybierz miejsce, w kt\u00f3rym chcesz wy\u015bwietli\u0107 wtyczk\u0119 i dodaj tam skopiowany kod. Opublikuj zmiany. <\/li> <li><b>Konfiguracja powiod\u0142a si\u0119! <\/b><br> Odwied\u017a witryn\u0119 i obejrzyj swoj\u0105 wtyczk\u0119. <\/li> <\/ol><p>Nadal nie mo\u017cesz podj\u0105\u0107 decyzji? Albo natkn\u0105\u0142e\u015b si\u0119 na co\u015b? Po prostu skieruj pro\u015bb\u0119 do naszego dzia\u0142u obs\u0142ugi klienta, a oni pomog\u0105 rozwi\u0105za\u0107 ka\u017cdy problem. <\/p><\/div>","protected":false},"excerpt":{"rendered":"","protected":false},"author":9,"featured_media":0,"parent":2167,"menu_order":0,"comment_status":"closed","ping_status":"closed","template":"templates\/template-application-platform.php","meta":{"publish_to_discourse":"","publish_post_category":"","wpdc_auto_publish_overridden":"","wpdc_topic_tags":"","wpdc_pin_topic":"","wpdc_pin_until":"","discourse_post_id":"","discourse_permalink":"","wpdc_publishing_response":"","wpdc_publishing_error":"","footnotes":""},"class_list":["post-4742","page","type-page","status-publish","hentry"],"yoast_head":"<!-- This site is optimized with the Yoast SEO plugin v25.3.1 - https:\/\/yoast.com\/wordpress\/plugins\/seo\/ -->\n<title>Dodaj zgod\u0119 na pliki cookie do witryny Webnode (bezp\u0142atnie i szybko)<\/title>\n<meta name=\"description\" content=\"Utworzenie wid\u017cetu zgody na pliki cookie i wy\u015bwietlenie go na stronie internetowej Webnode jest ca\u0142kowicie proste. Obs\u0142uga klienta Elfsight jest bezp\u0142atna.\" \/>\n<meta name=\"robots\" content=\"index, follow, max-snippet:-1, max-image-preview:large, max-video-preview:-1\" \/>\n<link rel=\"canonical\" href=\"https:\/\/elfsight.com\/pl\/cookie-consent-widget\/webnode\/\" \/>\n<meta property=\"og:locale\" content=\"pl_PL\" \/>\n<meta property=\"og:type\" content=\"article\" \/>\n<meta property=\"og:title\" content=\"Dodaj zgod\u0119 na pliki cookie do witryny Webnode (bezp\u0142atnie i szybko)\" \/>\n<meta property=\"og:description\" content=\"Utworzenie wid\u017cetu zgody na pliki cookie i wy\u015bwietlenie go na stronie internetowej Webnode jest ca\u0142kowicie proste. Obs\u0142uga klienta Elfsight jest bezp\u0142atna.\" \/>\n<meta property=\"og:url\" content=\"https:\/\/elfsight.com\/pl\/cookie-consent-widget\/webnode\/\" \/>\n<meta property=\"og:site_name\" content=\"Elfsight PL\" \/>\n<meta property=\"article:modified_time\" content=\"2024-11-14T12:37:22+00:00\" \/>\n<meta name=\"twitter:card\" content=\"summary_large_image\" \/>\n<meta name=\"twitter:label1\" content=\"Szacowany czas czytania\" \/>\n\t<meta name=\"twitter:data1\" content=\"2 minuty\" \/>\n<!-- \/ Yoast SEO plugin. -->","yoast_head_json":{"title":"Dodaj zgod\u0119 na pliki cookie do witryny Webnode (bezp\u0142atnie i szybko)","description":"Utworzenie wid\u017cetu zgody na pliki cookie i wy\u015bwietlenie go na stronie internetowej Webnode jest ca\u0142kowicie proste. Obs\u0142uga klienta Elfsight jest bezp\u0142atna.","robots":{"index":"index","follow":"follow","max-snippet":"max-snippet:-1","max-image-preview":"max-image-preview:large","max-video-preview":"max-video-preview:-1"},"canonical":"https:\/\/elfsight.com\/pl\/cookie-consent-widget\/webnode\/","og_locale":"pl_PL","og_type":"article","og_title":"Dodaj zgod\u0119 na pliki cookie do witryny Webnode (bezp\u0142atnie i szybko)","og_description":"Utworzenie wid\u017cetu zgody na pliki cookie i wy\u015bwietlenie go na stronie internetowej Webnode jest ca\u0142kowicie proste. Obs\u0142uga klienta Elfsight jest bezp\u0142atna.","og_url":"https:\/\/elfsight.com\/pl\/cookie-consent-widget\/webnode\/","og_site_name":"Elfsight PL","article_modified_time":"2024-11-14T12:37:22+00:00","twitter_card":"summary_large_image","twitter_misc":{"Szacowany czas czytania":"2 minuty"},"schema":{"@context":"https:\/\/schema.org","@graph":[{"@type":"WebPage","@id":"https:\/\/elfsight.com\/pl\/cookie-consent-widget\/webnode\/","url":"https:\/\/elfsight.com\/pl\/cookie-consent-widget\/webnode\/","name":"Dodaj zgod\u0119 na pliki cookie do witryny Webnode (bezp\u0142atnie i szybko)","isPartOf":{"@id":"https:\/\/elfsight.com\/pl\/#website"},"datePublished":"2024-05-03T06:33:17+00:00","dateModified":"2024-11-14T12:37:22+00:00","description":"Utworzenie wid\u017cetu zgody na pliki cookie i wy\u015bwietlenie go na stronie internetowej Webnode jest ca\u0142kowicie proste. Obs\u0142uga klienta Elfsight jest bezp\u0142atna.","breadcrumb":{"@id":"https:\/\/elfsight.com\/pl\/cookie-consent-widget\/webnode\/#breadcrumb"},"inLanguage":"pl-PL","potentialAction":[{"@type":"ReadAction","target":["https:\/\/elfsight.com\/pl\/cookie-consent-widget\/webnode\/"]}]},{"@type":"BreadcrumbList","@id":"https:\/\/elfsight.com\/pl\/cookie-consent-widget\/webnode\/#breadcrumb","itemListElement":[{"@type":"ListItem","position":1,"name":"Home","item":"https:\/\/elfsight.com\/pl\/"},{"@type":"ListItem","position":2,"name":"Cookie Consent","item":"https:\/\/elfsight.com\/pl\/cookie-consent-widget\/"},{"@type":"ListItem","position":3,"name":"Cookie Consent &#8211; Webnode"}]},{"@type":"WebSite","@id":"https:\/\/elfsight.com\/pl\/#website","url":"https:\/\/elfsight.com\/pl\/","name":"Elfsight PL","description":"Just another Elfsight Sites site","potentialAction":[{"@type":"SearchAction","target":{"@type":"EntryPoint","urlTemplate":"https:\/\/elfsight.com\/pl\/?s={search_term_string}"},"query-input":{"@type":"PropertyValueSpecification","valueRequired":true,"valueName":"search_term_string"}}],"inLanguage":"pl-PL"}]}},"meta_box":{"industry":"","seo_heading":"","heading":"","description":"","cta_heading":"","cta_description":"","application":"2166","h1":"Zgoda na pliki cookie Webnode","h1_caption":"Przestrzegaj przepis\u00f3w dotycz\u0105cych prywatno\u015bci, dodaj\u0105c do swojej witryny baner wyra\u017caj\u0105cy zgod\u0119 na pliki cookie, zapewniaj\u0105c bezproblemow\u0105 przejrzysto\u015b\u0107 danych u\u017cytkownika w witrynie Webnode.","application_category":[],"applications_title":"","applications_request_title":"","applications_request_button_text":"","hero_text":"","hero_video":"","hero_video_schema_markup":"","selling_points_title":"","selling_points_caption":"","selling_points":[],"selling_points_cta_text":"","features_title":"","features":"","ed_cta_examples_text":"","ed_cta_examples_hidden":"","ed_cta_demo_text":"","ed_cta_demo_hidden":"","why_caption":"","why_editor_title":"","why_editor_text":"","why_team_title":"","why_team_text":"","why_service_title":"","why_service_text":"","template_catalog_visible":"","template_catalog_title":"","template_catalog_text":"","template_catalog_categories_visible":"","demo_title":"Utw\u00f3rz wid\u017cet zgody na pliki cookie","demo_caption":"Skonfiguruj swoj\u0105 zgod\u0119 na pliki cookie i dodaj j\u0105 do swojej witryny Webnode za darmo!","default_faq_hidden":"","app_template_category":[],"platform":"138","template_public_id":"","codecanyon_url":"","codecanyon_item_id":"","codecanyon_price":"","pricing_caption":"","pricing_elfsight_apps_hide_column":"","pricing_elfsight_apps_url":"","pricing_codecanyon_price_caption":"","integration_category":[],"integration_request_title":"","integration_request_cta":"","integration_platform":"","integrations":[],"platform_category":[],"video_schema_markup":"","price":"od 0 USD \/ miesi\u0105c","trial":"","benefits":[{"text":"Bezp\u0142atna us\u0142uga monta\u017cu"},{"text":"Profesjonalna obs\u0142uga klienta"},{"text":"14-dniowa gwarancja zwrotu pieni\u0119dzy"}],"button_url":"#demo","button_target_blank":"","button_nofollow":"","attributes":[{"name":"Instaluje"},{"name":"Czu\u0142y"},{"name":"Kompatybilne przegl\u0105darki"}],"tags":[],"tags_disable_links":"","hide_more_platforms":"","video_object":"","demo_hide_cta":"","demo_hide_cloud_options":"","pricing_title":"","pricing":[{"pricing_icon":"platform","pricing_title":"Elfsight Apps","pricing_title_caption":"Oprogramowanie wieloplatformowe","pricing_price":"od 0 USD \/ miesi\u0105c","pricing_price_caption":"zacznij od bezp\u0142atnego planu","pricing_benefits":[{"text":"Nielimitowane domeny"},{"text":"Dedykowane i terminowe wsparcie"},{"text":"Bezp\u0142atna pomoc przy instalacji"},{"text":"Oferta ograniczona czasowo dla wielu aplikacji"}],"pricing_button_text":"Dodaj do witryny","pricing_button_url":"#demo"}],"related_apps_title":"","related_apps_hidden":"","author":"","image":[],"title":"","job":"","social_networks":[]},"_links":{"self":[{"href":"https:\/\/elfsight.com\/pl\/wp-json\/wp\/v2\/pages\/4742","targetHints":{"allow":["GET"]}}],"collection":[{"href":"https:\/\/elfsight.com\/pl\/wp-json\/wp\/v2\/pages"}],"about":[{"href":"https:\/\/elfsight.com\/pl\/wp-json\/wp\/v2\/types\/page"}],"author":[{"embeddable":true,"href":"https:\/\/elfsight.com\/pl\/wp-json\/wp\/v2\/users\/9"}],"replies":[{"embeddable":true,"href":"https:\/\/elfsight.com\/pl\/wp-json\/wp\/v2\/comments?post=4742"}],"version-history":[{"count":1,"href":"https:\/\/elfsight.com\/pl\/wp-json\/wp\/v2\/pages\/4742\/revisions"}],"predecessor-version":[{"id":4746,"href":"https:\/\/elfsight.com\/pl\/wp-json\/wp\/v2\/pages\/4742\/revisions\/4746"}],"up":[{"embeddable":true,"href":"https:\/\/elfsight.com\/pl\/wp-json\/wp\/v2\/pages\/2167"}],"wp:attachment":[{"href":"https:\/\/elfsight.com\/pl\/wp-json\/wp\/v2\/media?parent=4742"}],"curies":[{"name":"wp","href":"https:\/\/api.w.org\/{rel}","templated":true}]}}