{"id":4736,"date":"2024-05-03T06:33:15","date_gmt":"2024-05-03T06:33:15","guid":{"rendered":"https:\/\/elfsight.com\/pl\/?page_id=4736"},"modified":"2024-11-14T12:37:13","modified_gmt":"2024-11-14T12:37:13","slug":"wix","status":"publish","type":"page","link":"https:\/\/elfsight.com\/pl\/cookie-consent-widget\/wix\/","title":{"rendered":"Cookie Consent &#8211; Wix"},"content":{"rendered":"<div class=\"application-platform-content-item-description application-platform-content-item\" id=\"description\" data-nav-section=\"description\"><h2>Opis<\/h2><p>Dzi\u0119ki aplikacji Elfsight Cookie wy\u015bwietlanie powiadomie\u0144 odwiedzaj\u0105cym, \u017ce Twoja witryna stosuje pliki cookie, sta\u0142o si\u0119 ca\u0142kowicie proste , poprzez p\u0142ynne wyskakuj\u0105ce okienko. Ten wid\u017cet umo\u017cliwia dodanie wiadomo\u015bci, udost\u0119pnienie \u0142\u0105cza do warunk\u00f3w korzystania z witryny oraz umieszczenie aktywnych przycisk\u00f3w w celu uzyskania zgody odwiedzaj\u0105cych. Mo\u017cesz wybra\u0107 wy\u015bwietlanie wid\u017cetu jako pasek lub pude\u0142ko i wybra\u0107 jego lokalizacj\u0119. Ponadto elementy, kt\u00f3re mo\u017cna malowa\u0107, sprawiaj\u0105, \u017ce wygl\u0105da on natywnie i dobrze integruje si\u0119 ze stylem witryny. <\/p> <div class=\"faq\" data-component=\"FAQ\"><div class=\"faq-item\">\r\n\t\t\t\t\t<div class=\"faq-item-question\">\r\n\t\t\t\t\t\t<h3 class=\"faq-item-question-text\">Gdzie mog\u0119 wy\u015bwietli\u0107 aplikacj\u0119<\/h3>\r\n\r\n\t\t\t\t\t\t<div class=\"faq-item-question-icon\"><\/div>\r\n\t\t\t\t\t<\/div>\r\n\r\n\t\t\t\t\t<div class=\"faq-item-answer\">\r\n\t\t\t\t\t\t<div class=\"faq-item-answer-text\"><p>Mo\u017cesz wstawi\u0107 wtyczk\u0119 na dowolnej stronie serwisu lub na wszystkich, w zale\u017cno\u015bci od tego, gdzie jej potrzebujesz . Gdy u\u017cytkownik wejdzie na stron\u0119, pojawi si\u0119 widget. <\/p> <\/div>\r\n\t\t\t\t\t<\/div>\r\n\t\t\t\t<\/div><div class=\"faq-item\">\r\n\t\t\t\t\t<div class=\"faq-item-question\">\r\n\t\t\t\t\t\t<h3 class=\"faq-item-question-text\">Jakie s\u0105 dla mnie korzy\u015bci wynikaj\u0105ce z posiadania zgody na pliki cookie?<\/h3>\r\n\r\n\t\t\t\t\t\t<div class=\"faq-item-question-icon\"><\/div>\r\n\t\t\t\t\t<\/div>\r\n\r\n\t\t\t\t\t<div class=\"faq-item-answer\">\r\n\t\t\t\t\t\t<div class=\"faq-item-answer-text\"><p>Wid\u017cet pomaga w natychmiastowym utworzeniu powiadomienia o plikach cookie w spos\u00f3b niewymagaj\u0105cy kodowania i bardzo szybko. Zawiera wszystkie najpopularniejsze j\u0119zyki europejskie, aby zapewni\u0107 u\u017cytkownikom \u0142atw\u0105 obs\u0142ug\u0119. <\/p> <\/div>\r\n\t\t\t\t\t<\/div>\r\n\t\t\t\t<\/div><div class=\"faq-item\">\r\n\t\t\t\t\t<div class=\"faq-item-question\">\r\n\t\t\t\t\t\t<h3 class=\"faq-item-question-text\">Czego potrzebuj\u0119, aby doda\u0107 aplikacj\u0119 Cookie na mojej stronie Wix?<\/h3>\r\n\r\n\t\t\t\t\t\t<div class=\"faq-item-question-icon\"><\/div>\r\n\t\t\t\t\t<\/div>\r\n\r\n\t\t\t\t\t<div class=\"faq-item-answer\">\r\n\t\t\t\t\t\t<div class=\"faq-item-answer-text\"><p>Potrzebujesz tylko minuty, aby zacz\u0105\u0107 korzysta\u0107 z wid\u017cetu. Osadzanie jest niezwykle szybkie, bezp\u0142atne i nie wymaga kodowania. <\/p><p>Mo\u017cesz skonfigurowa\u0107 wid\u017cet na stronie za po\u015brednictwem naszej us\u0142ugi. Po prostu wykonaj poni\u017csze instrukcje na tej stronie. <\/p><\/div>\r\n\t\t\t\t\t<\/div>\r\n\t\t\t\t<\/div><\/div><\/div><div class=\"application-platform-content-item-features application-platform-content-item\" id=\"features\" data-nav-section=\"features\"><h2>Funkcje<\/h2><p>Aby zapewni\u0107 lepsz\u0105 wiedz\u0119 na temat zgody na pliki cookie, poni\u017cej znajduje si\u0119 lista najcz\u0119\u015bciej wybitne funkcje. Dzi\u0119ki nim nasz widget jest niezwykle skuteczny w Twojej promocji: <\/p><ul><li>Wybierz tylko powiadomienie lub dodaj pro\u015bb\u0119 o zatwierdzenie; <\/li> <li> Napisz niestandardowy tekst og\u0142oszenia z dost\u0119pnym formatowaniem i linkami; <\/li> <li>Ujawnij lub wy\u0142\u0105cz link do swojej polityki dotycz\u0105cej plik\u00f3w cookie i dodaj niestandardow\u0105 etykiet\u0119 linku; <\/li> <li> Wybierz typ uk\u0142adu paska lub ramki wid\u017cetu; <\/li> <li>Wybierz kolor przycisk\u00f3w i \u0142\u0105cza. <\/li> <\/ul><p><a href=\"#demo\">Zobacz wi\u0119cej funkcji w wersji demonstracyjnej na \u017cywo<\/a><\/p><\/div><div class=\"application-platform-content-item-installation application-platform-content-item\" id=\"installation\" data-nav-section=\"installation\"><h2>Znajd\u017a dowiedzie\u0107 si\u0119, jak umie\u015bci\u0107 zgod\u0119 na pliki cookie na swojej witrynie Wix. To niezwykle proste.<\/h2><div class=\"video-container\"><iframe width=\"720\" height=\"405\" src=\"https:\/\/www.youtube.com\/embed\/8A8f3XJ2QuI\" frameborder=\"0\" allowfullscreen=\"\"><\/iframe><\/div><p>Te kilka dzia\u0142a\u0144 to jedyne, czego potrzebujesz, aby program dzia\u0142a\u0142 bez kodowania. <\/p><ol><li><b>Stw\u00f3rz w\u0142asn\u0105 aplikacj\u0119 Cookie<\/b><br> Korzystaj\u0105c z naszego bezp\u0142atnego edytora, wygeneruj wtyczk\u0119, wybieraj\u0105c cechy projektowe i funkcjonalne. <\/li><li><b>Otrzymaj indywidualny kod umo\u017cliwiaj\u0105cy wy\u015bwietlenie wtyczki<\/b><br> Po utworzeniu wid\u017cetu otrzymasz indywidualny kod z wyskakuj\u0105cego powiadomienia w aplikacji Elfsight. Skopiuj to. <\/li> <li><b>Zintegruj wtyczk\u0119 ze swoj\u0105 witryn\u0105 Wix<\/b><br> Wybierz stron\u0119, na kt\u00f3rej chcesz wy\u015bwietli\u0107 wtyczk\u0119 i wklej tam skopiowany kod. Zastosuj zmiany. <\/li> <li><b>Instalacja zosta\u0142a zako\u0144czona<\/b><br> Przejd\u017a do swojej witryny, aby wy\u015bwietli\u0107 aplikacj\u0119.<\/li> <\/ol><p>Nadal nie mo\u017cesz si\u0119 zdecydowa\u0107? Albo natkn\u0105\u0142e\u015b si\u0119 na co\u015b? Po prostu napisz pro\u015bb\u0119 do naszego zespo\u0142u wsparcia, a oni rozwi\u0105\u017c\u0105 ka\u017cdy problem. <\/p><\/div>","protected":false},"excerpt":{"rendered":"","protected":false},"author":9,"featured_media":0,"parent":2167,"menu_order":0,"comment_status":"closed","ping_status":"closed","template":"templates\/template-application-platform.php","meta":{"publish_to_discourse":"","publish_post_category":"","wpdc_auto_publish_overridden":"","wpdc_topic_tags":"","wpdc_pin_topic":"","wpdc_pin_until":"","discourse_post_id":"","discourse_permalink":"","wpdc_publishing_response":"","wpdc_publishing_error":"","footnotes":""},"class_list":["post-4736","page","type-page","status-publish","hentry"],"yoast_head":"<!-- This site is optimized with the Yoast SEO plugin v25.3.1 - https:\/\/yoast.com\/wordpress\/plugins\/seo\/ -->\n<title>Dodaj aplikacj\u0119 Cookie Consent do witryny Wix (w 2 minuty)<\/title>\n<meta name=\"description\" content=\"Utworzenie wid\u017cetu Zgody na pliki cookie i umieszczenie go na stronie Wix nie jest trudne. Obs\u0142uga klienta Elfsight jest bezp\u0142atna.\" \/>\n<meta name=\"robots\" content=\"index, follow, max-snippet:-1, max-image-preview:large, max-video-preview:-1\" \/>\n<link rel=\"canonical\" href=\"https:\/\/elfsight.com\/pl\/cookie-consent-widget\/wix\/\" \/>\n<meta property=\"og:locale\" content=\"pl_PL\" \/>\n<meta property=\"og:type\" content=\"article\" \/>\n<meta property=\"og:title\" content=\"Dodaj aplikacj\u0119 Cookie Consent do witryny Wix (w 2 minuty)\" \/>\n<meta property=\"og:description\" content=\"Utworzenie wid\u017cetu Zgody na pliki cookie i umieszczenie go na stronie Wix nie jest trudne. Obs\u0142uga klienta Elfsight jest bezp\u0142atna.\" \/>\n<meta property=\"og:url\" content=\"https:\/\/elfsight.com\/pl\/cookie-consent-widget\/wix\/\" \/>\n<meta property=\"og:site_name\" content=\"Elfsight PL\" \/>\n<meta property=\"article:modified_time\" content=\"2024-11-14T12:37:13+00:00\" \/>\n<meta name=\"twitter:card\" content=\"summary_large_image\" \/>\n<meta name=\"twitter:label1\" content=\"Szacowany czas czytania\" \/>\n\t<meta name=\"twitter:data1\" content=\"3 minuty\" \/>\n<!-- \/ Yoast SEO plugin. -->","yoast_head_json":{"title":"Dodaj aplikacj\u0119 Cookie Consent do witryny Wix (w 2 minuty)","description":"Utworzenie wid\u017cetu Zgody na pliki cookie i umieszczenie go na stronie Wix nie jest trudne. Obs\u0142uga klienta Elfsight jest bezp\u0142atna.","robots":{"index":"index","follow":"follow","max-snippet":"max-snippet:-1","max-image-preview":"max-image-preview:large","max-video-preview":"max-video-preview:-1"},"canonical":"https:\/\/elfsight.com\/pl\/cookie-consent-widget\/wix\/","og_locale":"pl_PL","og_type":"article","og_title":"Dodaj aplikacj\u0119 Cookie Consent do witryny Wix (w 2 minuty)","og_description":"Utworzenie wid\u017cetu Zgody na pliki cookie i umieszczenie go na stronie Wix nie jest trudne. Obs\u0142uga klienta Elfsight jest bezp\u0142atna.","og_url":"https:\/\/elfsight.com\/pl\/cookie-consent-widget\/wix\/","og_site_name":"Elfsight PL","article_modified_time":"2024-11-14T12:37:13+00:00","twitter_card":"summary_large_image","twitter_misc":{"Szacowany czas czytania":"3 minuty"},"schema":{"@context":"https:\/\/schema.org","@graph":[{"@type":"WebPage","@id":"https:\/\/elfsight.com\/pl\/cookie-consent-widget\/wix\/","url":"https:\/\/elfsight.com\/pl\/cookie-consent-widget\/wix\/","name":"Dodaj aplikacj\u0119 Cookie Consent do witryny Wix (w 2 minuty)","isPartOf":{"@id":"https:\/\/elfsight.com\/pl\/#website"},"datePublished":"2024-05-03T06:33:15+00:00","dateModified":"2024-11-14T12:37:13+00:00","description":"Utworzenie wid\u017cetu Zgody na pliki cookie i umieszczenie go na stronie Wix nie jest trudne. Obs\u0142uga klienta Elfsight jest bezp\u0142atna.","breadcrumb":{"@id":"https:\/\/elfsight.com\/pl\/cookie-consent-widget\/wix\/#breadcrumb"},"inLanguage":"pl-PL","potentialAction":[{"@type":"ReadAction","target":["https:\/\/elfsight.com\/pl\/cookie-consent-widget\/wix\/"]}]},{"@type":"BreadcrumbList","@id":"https:\/\/elfsight.com\/pl\/cookie-consent-widget\/wix\/#breadcrumb","itemListElement":[{"@type":"ListItem","position":1,"name":"Home","item":"https:\/\/elfsight.com\/pl\/"},{"@type":"ListItem","position":2,"name":"Cookie Consent","item":"https:\/\/elfsight.com\/pl\/cookie-consent-widget\/"},{"@type":"ListItem","position":3,"name":"Cookie Consent &#8211; Wix"}]},{"@type":"WebSite","@id":"https:\/\/elfsight.com\/pl\/#website","url":"https:\/\/elfsight.com\/pl\/","name":"Elfsight PL","description":"Just another Elfsight Sites site","potentialAction":[{"@type":"SearchAction","target":{"@type":"EntryPoint","urlTemplate":"https:\/\/elfsight.com\/pl\/?s={search_term_string}"},"query-input":{"@type":"PropertyValueSpecification","valueRequired":true,"valueName":"search_term_string"}}],"inLanguage":"pl-PL"}]}},"meta_box":{"industry":"","seo_heading":"","heading":"","description":"","cta_heading":"","cta_description":"","application":"2166","h1":"Aplikacja Wix do wyra\u017cania zgody na pliki cookie","h1_caption":"Przestrzegaj przepis\u00f3w dotycz\u0105cych prywatno\u015bci, dodaj\u0105c baner wyra\u017caj\u0105cy zgod\u0119 na pliki cookie do swojej witryny, zapewniaj\u0105c bezproblemow\u0105 przejrzysto\u015b\u0107 danych u\u017cytkownika w witrynie Wix.","application_category":[],"applications_title":"","applications_request_title":"","applications_request_button_text":"","hero_text":"","hero_video":"","hero_video_schema_markup":"","selling_points_title":"","selling_points_caption":"","selling_points":[],"selling_points_cta_text":"","features_title":"","features":"","ed_cta_examples_text":"","ed_cta_examples_hidden":"","ed_cta_demo_text":"","ed_cta_demo_hidden":"","why_caption":"","why_editor_title":"","why_editor_text":"","why_team_title":"","why_team_text":"","why_service_title":"","why_service_text":"","template_catalog_visible":"","template_catalog_title":"","template_catalog_text":"","template_catalog_categories_visible":"","demo_title":"Utw\u00f3rz aplikacj\u0119 do wyra\u017cania zgody na pliki cookie","demo_caption":"Skonfiguruj swoj\u0105 zgod\u0119 na pliki cookie i dodaj j\u0105 do swojej witryny Wix za darmo!","default_faq_hidden":"","app_template_category":[],"platform":"30","template_public_id":"","codecanyon_url":"","codecanyon_item_id":"","codecanyon_price":"","pricing_caption":"","pricing_elfsight_apps_hide_column":"","pricing_elfsight_apps_url":"","pricing_codecanyon_price_caption":"","integration_category":[],"integration_request_title":"","integration_request_cta":"","integration_platform":"","integrations":[],"platform_category":[],"video_schema_markup":"","price":"od 0 USD \/ miesi\u0105c","trial":"","benefits":[{"text":"Bezp\u0142atna pomoc w instalacji"},{"text":"Kompetentna obs\u0142uga klienta"},{"text":"14-dniowa gwarancja zwrotu pieni\u0119dzy"}],"button_url":"#demo","button_target_blank":"","button_nofollow":"","attributes":[{"name":"Instaluje"},{"name":"Czu\u0142y"},{"name":"Kompatybilne przegl\u0105darki"}],"tags":[],"tags_disable_links":"","hide_more_platforms":"","video_object":"","demo_hide_cta":"","demo_hide_cloud_options":"","pricing_title":"","pricing":[{"pricing_icon":"platform","pricing_title":"Elfsight Apps","pricing_title_caption":"Niezale\u017cne od platformy rozwi\u0105zanie cyfrowe, kt\u00f3re pasuje do ka\u017cdej witryny","pricing_price":"od 0 USD \/ miesi\u0105c","pricing_price_caption":"zacznij od bezp\u0142atnego planu","pricing_benefits":[{"text":"Nielimitowane strony internetowe"},{"text":"Bezp\u0142atne wsparcie"},{"text":"Bezp\u0142atne wsparcie instalacyjne"},{"text":"Specjalna oferta na wiele aplikacji"}],"pricing_button_text":"Dodaj do witryny","pricing_button_url":"#demo"}],"related_apps_title":"","related_apps_hidden":"","author":"","image":[],"title":"","job":"","social_networks":[]},"_links":{"self":[{"href":"https:\/\/elfsight.com\/pl\/wp-json\/wp\/v2\/pages\/4736","targetHints":{"allow":["GET"]}}],"collection":[{"href":"https:\/\/elfsight.com\/pl\/wp-json\/wp\/v2\/pages"}],"about":[{"href":"https:\/\/elfsight.com\/pl\/wp-json\/wp\/v2\/types\/page"}],"author":[{"embeddable":true,"href":"https:\/\/elfsight.com\/pl\/wp-json\/wp\/v2\/users\/9"}],"replies":[{"embeddable":true,"href":"https:\/\/elfsight.com\/pl\/wp-json\/wp\/v2\/comments?post=4736"}],"version-history":[{"count":2,"href":"https:\/\/elfsight.com\/pl\/wp-json\/wp\/v2\/pages\/4736\/revisions"}],"predecessor-version":[{"id":7712,"href":"https:\/\/elfsight.com\/pl\/wp-json\/wp\/v2\/pages\/4736\/revisions\/7712"}],"up":[{"embeddable":true,"href":"https:\/\/elfsight.com\/pl\/wp-json\/wp\/v2\/pages\/2167"}],"wp:attachment":[{"href":"https:\/\/elfsight.com\/pl\/wp-json\/wp\/v2\/media?parent=4736"}],"curies":[{"name":"wp","href":"https:\/\/api.w.org\/{rel}","templated":true}]}}