{"id":4734,"date":"2024-05-03T06:33:13","date_gmt":"2024-05-03T06:33:13","guid":{"rendered":"https:\/\/elfsight.com\/pl\/?page_id=4734"},"modified":"2025-06-26T14:37:26","modified_gmt":"2025-06-26T14:37:26","slug":"elementor","status":"publish","type":"page","link":"https:\/\/elfsight.com\/pl\/cookie-consent-widget\/elementor\/","title":{"rendered":"Cookie Consent &#8211; Elementor"},"content":{"rendered":"<div class=\"application-platform-content-item-description application-platform-content-item\" id=\"description\" data-nav-section=\"description\"><h2>Osad\u017a zgod\u0119 na pliki cookie w Elementorze za pomoc\u0105 wid\u017cetu Elfsight<\/h2><p>Dzi\u0119ki wid\u017cetowi Elfsight zgoda na pliki cookie b\u0119dzie to ca\u0142kowicie \u0142atwe utw\u00f3rz powiadomienie dla swoich widz\u00f3w, \u017ce Twoja witryna stosuje pliki cookie. Wid\u017cet umo\u017cliwia dodanie w\u0142asnej wiadomo\u015bci, linku do regulaminu korzystania z serwisu oraz aktywnych przycisk\u00f3w umo\u017cliwiaj\u0105cych uzyskanie akceptacji u\u017cytkownik\u00f3w. Mo\u017cesz dowolnie wybra\u0107 spos\u00f3b wy\u015bwietlania powiadomienia w postaci paska lub pola i wyznaczy\u0107 lokalizacj\u0119 na stronie. Ponadto opcje kolor\u00f3w pomagaj\u0105 zapewni\u0107 sp\u00f3jno\u015b\u0107 wid\u017cetu i dobrze zintegrowa\u0107 go ze stylem witryny.<\/p> <div class=\"faq\" data-component=\"FAQ\"><div class=\"faq-item\">\r\n\t\t\t\t\t<div class=\"faq-item-question\">\r\n\t\t\t\t\t\t<h3 class=\"faq-item-question-text\">Jak mog\u0119 osadzi\u0107 zgod\u0119 na pliki cookie w witrynie Witryna Elementora?<\/h3>\r\n\r\n\t\t\t\t\t\t<div class=\"faq-item-question-icon\"><\/div>\r\n\t\t\t\t\t<\/div>\r\n\r\n\t\t\t\t\t<div class=\"faq-item-answer\">\r\n\t\t\t\t\t\t<div class=\"faq-item-answer-text\"><p>Tworzenie wid\u017cetu odbywa si\u0119 w witrynie Elfsight i nie musisz uczy\u0107 si\u0119 kodowania. Skorzystaj z naszej wersji demonstracyjnej online, aby spersonalizowa\u0107 wtyczk\u0119, uzyska\u0107 kod i osadzi\u0107 go na swojej stronie internetowej. <\/p><\/div>\r\n\t\t\t\t\t<\/div>\r\n\t\t\t\t<\/div><div class=\"faq-item\">\r\n\t\t\t\t\t<div class=\"faq-item-question\">\r\n\t\t\t\t\t\t<h3 class=\"faq-item-question-text\">Najlepsze przyk\u0142ady wykorzystania integracji baner\u00f3w zgody na pliki cookie<\/h3>\r\n\r\n\t\t\t\t\t\t<div class=\"faq-item-question-icon\"><\/div>\r\n\t\t\t\t\t<\/div>\r\n\r\n\t\t\t\t\t<div class=\"faq-item-answer\">\r\n\t\t\t\t\t\t<div class=\"faq-item-answer-text\"><p>Mamy mn\u00f3stwo mo\u017cliwo\u015bci personalizacji: pe\u0142nowymiarowe wid\u017cety do dodania do sekcji tre\u015bci, p\u0142ywaj\u0105ce wtyczki umo\u017cliwiaj\u0105ce przewijanie, miniatury stopki, nag\u0142\u00f3wka i wszystkie odmiany mo\u017cliwo\u015bci pionowych pask\u00f3w bocznych i menu. <\/p><\/div>\r\n\t\t\t\t\t<\/div>\r\n\t\t\t\t<\/div><div class=\"faq-item\">\r\n\t\t\t\t\t<div class=\"faq-item-question\">\r\n\t\t\t\t\t\t<h3 class=\"faq-item-question-text\">Czy mog\u0119 za pomoc\u0105 edytora utworzy\u0107 g\u00f3rny baner lub p\u0142ywaj\u0105c\u0105 zgod\u0119 na pliki cookie?<\/h3>\r\n\r\n\t\t\t\t\t\t<div class=\"faq-item-question-icon\"><\/div>\r\n\t\t\t\t\t<\/div>\r\n\r\n\t\t\t\t\t<div class=\"faq-item-answer\">\r\n\t\t\t\t\t\t<div class=\"faq-item-answer-text\"><p>Mo\u017cesz tworzy\u0107 dowolne odmiany wid\u017cetu. W edytorze masz do dyspozycji wiele uk\u0142ad\u00f3w, a ka\u017cdy z nich mo\u017cesz szybko dostosowa\u0107, tak jak Ci brakuje. <\/p><\/div>\r\n\t\t\t\t\t<\/div>\r\n\t\t\t\t<\/div><\/div><\/div><div class=\"application-platform-content-item-features application-platform-content-item\" id=\"features\" data-nav-section=\"features\"><h2>G\u0142\u00f3wne funkcje wid\u017cetu Zgoda na pliki cookie<\/h2><p>Poznaj lepiej wid\u017cet \u2013 sprawd\u017a list\u0119 jego g\u0142\u00f3wnych cech. Dzi\u0119ki nim nasz widget b\u0119dzie maksymalnie korzystny dla Twojej witryny: <\/p><ul><li>Wybierz tylko og\u0142oszenie lub pro\u015bb\u0119 o zgod\u0119; <\/li> <li> Ustaw w\u0142asne og\u0142oszenie z formatowaniem i linkami; <\/li> <li>Poka\u017c lub ukryj aktywny link do polityki dotycz\u0105cej plik\u00f3w cookie z niestandardow\u0105 etykiet\u0105 linku; <\/li> <li> Wybierz typ uk\u0142adu paska lub ramki powiadomienia; <\/li> <li>Ustaw kolor przycisk\u00f3w i \u0142\u0105cza. <\/li> <\/ul><p><a href=\"#demo\">Nasza wersja demonstracyjna poka\u017ce Ci wszystkie funkcje<\/a><\/p><\/div><div class=\"application-platform-content-item-installation application-platform-content-item\" id=\"installation\" data-nav-section=\"installation\"><h2>Dowiedz si\u0119, jak doda\u0107 wid\u017cet Zgoda na pliki cookie do swojej witryny Elementor<\/h2><div class=\"video-container\"><iframe width=\"720\" height=\"405\" src=\"https:\/\/www.youtube.com\/embed\/8K9I03Ju2fY\" frameborder=\"0\" allowfullscreen=\"\"><\/iframe><\/div><p> Wystarczy wykona\u0107 kilka prostych czynno\u015bci. <\/p><ol><li><b>Utw\u00f3rz w\u0142asn\u0105 wtyczk\u0119 plik\u00f3w cookie<\/b><br> Korzystaj\u0105c z naszej bezp\u0142atnej wersji demonstracyjnej, skonfiguruj wtyczk\u0119 z niestandardowym uk\u0142adem i funkcjami. <\/li><li><b>Zdob\u0105d\u017a indywidualny kod, aby wy\u015bwietli\u0107 wtyczk\u0119<\/b><br> Po utworzeniu wid\u017cetu otrzymasz sw\u00f3j osobisty kod z wyskakuj\u0105cego okna aplikacji Elfsight. Skopiuj ten kod do dalszego wykorzystania. <\/li> <li><b> Wtyczka na Twojej stronie Elementora<\/b><br> Wybierz obszar, w kt\u00f3rym chcesz wy\u015bwietli\u0107 wtyczk\u0119 i wklej tam zapisany kod. Zapisz zmiany. <\/li> <li><b>Instalacja zosta\u0142a uko\u0144czona<\/b><br> Odwied\u017a sw\u00f3j sklep, aby zobaczy\u0107 swoj\u0105 prac\u0119. <\/li> <\/ol><p>Nadal masz co\u015b, co budzi Twoje w\u0105tpliwo\u015bci? Lub masz problemy? Wystarczy wys\u0142a\u0107 zapytanie do naszego dzia\u0142u obs\u0142ugi klienta. Rozwi\u0105\u017cemy ka\u017cdy problem. <\/p><\/div>","protected":false},"excerpt":{"rendered":"","protected":false},"author":9,"featured_media":0,"parent":2167,"menu_order":0,"comment_status":"closed","ping_status":"closed","template":"templates\/template-application-platform.php","meta":{"publish_to_discourse":"","publish_post_category":"","wpdc_auto_publish_overridden":"","wpdc_topic_tags":"","wpdc_pin_topic":"","wpdc_pin_until":"","discourse_post_id":"","discourse_permalink":"","wpdc_publishing_response":"","wpdc_publishing_error":"","footnotes":""},"class_list":["post-4734","page","type-page","status-publish","hentry"],"yoast_head":"<!-- This site is optimized with the Yoast SEO plugin v25.3.1 - https:\/\/yoast.com\/wordpress\/plugins\/seo\/ -->\n<title>Dodaj wid\u017cet zgody na pliki cookie do witryny Elementor (w 2 minuty)<\/title>\n<meta name=\"description\" content=\"Dzi\u0119ki Elfsight utw\u00f3rz wid\u017cet zgody na pliki cookie i poka\u017c go na swojej stronie internetowej Elementor. Oferujemy bezp\u0142atn\u0105 obs\u0142ug\u0119 klienta i inne bonusy.\" \/>\n<meta name=\"robots\" content=\"index, follow, max-snippet:-1, max-image-preview:large, max-video-preview:-1\" \/>\n<link rel=\"canonical\" href=\"https:\/\/elfsight.com\/pl\/cookie-consent-widget\/elementor\/\" \/>\n<meta property=\"og:locale\" content=\"pl_PL\" \/>\n<meta property=\"og:type\" content=\"article\" \/>\n<meta property=\"og:title\" content=\"Dodaj wid\u017cet zgody na pliki cookie do witryny Elementor (w 2 minuty)\" \/>\n<meta property=\"og:description\" content=\"Dzi\u0119ki Elfsight utw\u00f3rz wid\u017cet zgody na pliki cookie i poka\u017c go na swojej stronie internetowej Elementor. Oferujemy bezp\u0142atn\u0105 obs\u0142ug\u0119 klienta i inne bonusy.\" \/>\n<meta property=\"og:url\" content=\"https:\/\/elfsight.com\/pl\/cookie-consent-widget\/elementor\/\" \/>\n<meta property=\"og:site_name\" content=\"Elfsight PL\" \/>\n<meta property=\"article:modified_time\" content=\"2025-06-26T14:37:26+00:00\" \/>\n<meta name=\"twitter:card\" content=\"summary_large_image\" \/>\n<meta name=\"twitter:label1\" content=\"Szacowany czas czytania\" \/>\n\t<meta name=\"twitter:data1\" content=\"3 minuty\" \/>\n<!-- \/ Yoast SEO plugin. -->","yoast_head_json":{"title":"Dodaj wid\u017cet zgody na pliki cookie do witryny Elementor (w 2 minuty)","description":"Dzi\u0119ki Elfsight utw\u00f3rz wid\u017cet zgody na pliki cookie i poka\u017c go na swojej stronie internetowej Elementor. Oferujemy bezp\u0142atn\u0105 obs\u0142ug\u0119 klienta i inne bonusy.","robots":{"index":"index","follow":"follow","max-snippet":"max-snippet:-1","max-image-preview":"max-image-preview:large","max-video-preview":"max-video-preview:-1"},"canonical":"https:\/\/elfsight.com\/pl\/cookie-consent-widget\/elementor\/","og_locale":"pl_PL","og_type":"article","og_title":"Dodaj wid\u017cet zgody na pliki cookie do witryny Elementor (w 2 minuty)","og_description":"Dzi\u0119ki Elfsight utw\u00f3rz wid\u017cet zgody na pliki cookie i poka\u017c go na swojej stronie internetowej Elementor. Oferujemy bezp\u0142atn\u0105 obs\u0142ug\u0119 klienta i inne bonusy.","og_url":"https:\/\/elfsight.com\/pl\/cookie-consent-widget\/elementor\/","og_site_name":"Elfsight PL","article_modified_time":"2025-06-26T14:37:26+00:00","twitter_card":"summary_large_image","twitter_misc":{"Szacowany czas czytania":"3 minuty"},"schema":{"@context":"https:\/\/schema.org","@graph":[{"@type":"WebPage","@id":"https:\/\/elfsight.com\/pl\/cookie-consent-widget\/elementor\/","url":"https:\/\/elfsight.com\/pl\/cookie-consent-widget\/elementor\/","name":"Dodaj wid\u017cet zgody na pliki cookie do witryny Elementor (w 2 minuty)","isPartOf":{"@id":"https:\/\/elfsight.com\/pl\/#website"},"datePublished":"2024-05-03T06:33:13+00:00","dateModified":"2025-06-26T14:37:26+00:00","description":"Dzi\u0119ki Elfsight utw\u00f3rz wid\u017cet zgody na pliki cookie i poka\u017c go na swojej stronie internetowej Elementor. Oferujemy bezp\u0142atn\u0105 obs\u0142ug\u0119 klienta i inne bonusy.","breadcrumb":{"@id":"https:\/\/elfsight.com\/pl\/cookie-consent-widget\/elementor\/#breadcrumb"},"inLanguage":"pl-PL","potentialAction":[{"@type":"ReadAction","target":["https:\/\/elfsight.com\/pl\/cookie-consent-widget\/elementor\/"]}]},{"@type":"BreadcrumbList","@id":"https:\/\/elfsight.com\/pl\/cookie-consent-widget\/elementor\/#breadcrumb","itemListElement":[{"@type":"ListItem","position":1,"name":"Home","item":"https:\/\/elfsight.com\/pl\/"},{"@type":"ListItem","position":2,"name":"Cookie Consent","item":"https:\/\/elfsight.com\/pl\/cookie-consent-widget\/"},{"@type":"ListItem","position":3,"name":"Cookie Consent &#8211; Elementor"}]},{"@type":"WebSite","@id":"https:\/\/elfsight.com\/pl\/#website","url":"https:\/\/elfsight.com\/pl\/","name":"Elfsight PL","description":"Just another Elfsight Sites site","potentialAction":[{"@type":"SearchAction","target":{"@type":"EntryPoint","urlTemplate":"https:\/\/elfsight.com\/pl\/?s={search_term_string}"},"query-input":{"@type":"PropertyValueSpecification","valueRequired":true,"valueName":"search_term_string"}}],"inLanguage":"pl-PL"}]}},"meta_box":{"industry":"","seo_heading":"","heading":"","description":"","cta_heading":"","cta_description":"","application":"2166","h1":"Zgoda na pliki cookie Elementora","h1_caption":"Przestrzegaj przepis\u00f3w dotycz\u0105cych prywatno\u015bci, dodaj\u0105c baner wyra\u017caj\u0105cy zgod\u0119 na pliki cookie do swojej witryny, zapewniaj\u0105c bezproblemow\u0105 przejrzysto\u015b\u0107 danych u\u017cytkownika w witrynie Elementor.","application_category":[],"applications_title":"","applications_request_title":"","applications_request_button_text":"","hero_text":"","hero_video":"","hero_video_schema_markup":"","selling_points_title":"","selling_points_caption":"","selling_points":[],"selling_points_cta_text":"","features_title":"","features":"","ed_cta_examples_text":"","ed_cta_examples_hidden":"","ed_cta_demo_text":"","ed_cta_demo_hidden":"","why_caption":"","why_editor_title":"","why_editor_text":"","why_team_title":"","why_team_text":"","why_service_title":"","why_service_text":"","template_catalog_visible":"0","template_catalog_title":"","template_catalog_text":"","template_catalog_categories_visible":"","demo_title":"Utw\u00f3rz wid\u017cet zgody na pliki cookie","demo_caption":"Skonfiguruj swoj\u0105 zgod\u0119 na pliki cookie i dodaj j\u0105 do swojej witryny Elementor za darmo!","default_faq_hidden":"","app_template_category":[],"platform":"268","template_public_id":"","codecanyon_url":"","codecanyon_item_id":"","codecanyon_price":"","pricing_caption":"","pricing_elfsight_apps_hide_column":"","pricing_elfsight_apps_url":"","pricing_codecanyon_price_caption":"","integration_category":[],"integration_request_title":"","integration_request_cta":"","integration_platform":"","integrations":[],"platform_category":[],"video_schema_markup":"","price":"od 0 USD \/ miesi\u0105c","trial":"","benefits":[{"text":"Bezp\u0142atna pomoc w monta\u017cu"},{"text":"Wyj\u0105tkowe wsparcie"},{"text":"14-dniowa gwarancja zwrotu pieni\u0119dzy"}],"button_url":"#demo","button_target_blank":"0","button_nofollow":"0","attributes":[{"name":"Instaluje"},{"name":"Czu\u0142y"},{"name":"Kompatybilne przegl\u0105darki"}],"tags":[],"tags_disable_links":"0","hide_more_platforms":"0","video_object":"","demo_hide_cta":"0","demo_hide_cloud_options":"0","pricing_title":"","pricing":[{"pricing_icon":"platform","pricing_title":"Elfsight Apps","pricing_title_caption":"Niezale\u017cne od platformy rozwi\u0105zanie cyfrowe","pricing_price":"od 0 USD \/ miesi\u0105c","pricing_price_caption":"zacznij od bezp\u0142atnego planu","pricing_benefits":[{"text":"Nielimitowane strony internetowe"},{"text":"Szybkie wsparcie"},{"text":"Bezp\u0142atna pomoc w monta\u017cu"},{"text":"Oferta specjalna na wiele aplikacji"}],"pricing_button_text":"Dodaj do witryny","pricing_button_url":"#demo"}],"related_apps_title":"","related_apps_hidden":"0","author":"","image":[],"title":"","job":"","social_networks":[]},"_links":{"self":[{"href":"https:\/\/elfsight.com\/pl\/wp-json\/wp\/v2\/pages\/4734","targetHints":{"allow":["GET"]}}],"collection":[{"href":"https:\/\/elfsight.com\/pl\/wp-json\/wp\/v2\/pages"}],"about":[{"href":"https:\/\/elfsight.com\/pl\/wp-json\/wp\/v2\/types\/page"}],"author":[{"embeddable":true,"href":"https:\/\/elfsight.com\/pl\/wp-json\/wp\/v2\/users\/9"}],"replies":[{"embeddable":true,"href":"https:\/\/elfsight.com\/pl\/wp-json\/wp\/v2\/comments?post=4734"}],"version-history":[{"count":3,"href":"https:\/\/elfsight.com\/pl\/wp-json\/wp\/v2\/pages\/4734\/revisions"}],"predecessor-version":[{"id":10559,"href":"https:\/\/elfsight.com\/pl\/wp-json\/wp\/v2\/pages\/4734\/revisions\/10559"}],"up":[{"embeddable":true,"href":"https:\/\/elfsight.com\/pl\/wp-json\/wp\/v2\/pages\/2167"}],"wp:attachment":[{"href":"https:\/\/elfsight.com\/pl\/wp-json\/wp\/v2\/media?parent=4734"}],"curies":[{"name":"wp","href":"https:\/\/api.w.org\/{rel}","templated":true}]}}