{"id":4733,"date":"2024-05-03T06:33:12","date_gmt":"2024-05-03T06:33:12","guid":{"rendered":"https:\/\/elfsight.com\/pl\/?page_id=4733"},"modified":"2025-06-26T14:36:39","modified_gmt":"2025-06-26T14:36:39","slug":"iframe","status":"publish","type":"page","link":"https:\/\/elfsight.com\/pl\/cookie-consent-widget\/iframe\/","title":{"rendered":"Cookie Consent &#8211; iFrame"},"content":{"rendered":"<div class=\"application-platform-content-item-description application-platform-content-item\" id=\"description\" data-nav-section=\"description\"><h2>Osad\u017a zgod\u0119 na pliki cookie w iFrame za pomoc\u0105 wid\u017cetu Elfsight<\/h2><p>Dzi\u0119ki u\u017cyciu zgody na pliki cookie Elfsight og\u0142oszenie b\u0119dzie maksymalnie nieskomplikowane u\u017cytkownikom, \u017ce Twoja witryna korzysta z plik\u00f3w cookie, poprzez \u0142adne wyskakuj\u0105ce okienko. Nasz widget umo\u017cliwia wprowadzenie tekstu, udost\u0119pnienie \u0142\u0105cza do zasad korzystania z witryny oraz pokazanie aktywnych przycisk\u00f3w w celu uzyskania zgody odwiedzaj\u0105cych. Mo\u017cesz zademonstrowa\u0107 wid\u017cet jako pasek lub pude\u0142ko i wybra\u0107 dowolne miejsce na stronie. Ponadto elementy, kt\u00f3re mo\u017cna pomalowa\u0107, pomagaj\u0105 zapewni\u0107 sp\u00f3jny wygl\u0105d wid\u017cetu i dobrze integrowa\u0107 si\u0119 z og\u00f3lnym stylem witryny.<\/p><p><b>Wybierz naj\u0142atwiejszy spos\u00f3b poinformowania o swojej polityce dotycz\u0105cej plik\u00f3w cookie!<\/b><\/p> <\/div><div class=\"application-platform-content-item-features application-platform-content-item\" id=\"features\" data-nav-section=\"features\"><h2>G\u0142\u00f3wne funkcje wid\u017cetu Zgoda na pliki cookie<\/h2><p>Aby uzyska\u0107 wi\u0119cej informacji na temat Zgody na pliki cookie, przejrzyj list\u0119 jego najwa\u017cniejszych opcji. Dzi\u0119ki nim nasz widget jest niezwykle skuteczny w Twojej promocji: <\/p> <ul><li>Tylko og\u0142oszenie lub pro\u015bba o zatwierdzenie; <\/li> <li>Opcja napisania niestandardowego tekstu powiadomienia z dost\u0119pnymi funkcjami formatowania i linkami; <\/li> <li>Ujawnij lub ukryj aktywny link do polityki dotycz\u0105cej plik\u00f3w cookie i dodaj niestandardowy tekst linku; <\/li> <li>Opcja wyboru typu uk\u0142adu paska lub ramki powiadomienia; <\/li> <li>Opcja malowania przycisk\u00f3w i link\u00f3w. <\/li> <\/ul><p><a href=\"#demo\">Przejrzyj wszystkie funkcje w wersji demonstracyjnej na \u017cywo<\/a><\/p><\/div><div class=\"application-platform-content-item-installation application-platform-content-item\" id=\"installation\" data-nav-section=\"installation\"><h2>Jak doda\u0107 wid\u017cet Zgoda na pliki cookie do witryny iFrame<\/h2><p>Aby aktywowa\u0107 wid\u017cet, wykonaj poni\u017csze czynno\u015bci. <\/p> <ol><li><b>Stw\u00f3rz swoj\u0105 osobist\u0105 wtyczk\u0119 Cookie<\/b><br> Korzystaj\u0105c z naszej bezp\u0142atnej wersji demonstracyjnej, mo\u017cesz stworzy\u0107 wtyczk\u0119 o preferowanym wygl\u0105dzie i funkcjonalno\u015bci. <\/li><li><b>Zdob\u0105d\u017a osobisty kod, aby doda\u0107 wtyczk\u0119<\/b><br> Po wygenerowaniu wid\u017cetu otrzymasz kod instalacyjny z wyskakuj\u0105cego powiadomienia w aplikacji Elfsight. Skopiuj ten kod. <\/li> <li><b>Opublikuj wtyczk\u0119 na swojej stronie iFrame<\/b><br> Znajd\u017a obszar, w kt\u00f3rym chcesz wy\u015bwietli\u0107 wtyczk\u0119 i wklej tam skopiowany kod. Opublikuj zmiany. <\/li> <li><b>Gratulacje! W\u0142a\u015bnie umie\u015bci\u0142e\u015b widget! <\/b><br> Odwied\u017a sw\u00f3j sklep, aby obejrze\u0107 swoj\u0105 prac\u0119. <\/li> <\/ol><p>Je\u015bli masz jakiekolwiek pytania, skontaktuj si\u0119 z naszym zespo\u0142em obs\u0142ugi klienta. Jeste\u015bmy gotowi pom\u00f3c Ci w rozwi\u0105zaniu ka\u017cdego problemu<\/p> <\/div><div class=\"faq\" data-component=\"FAQ\"><div class=\"faq-item\">\r\n\t\t\t\t\t<div class=\"faq-item-question\">\r\n\t\t\t\t\t\t<h3 class=\"faq-item-question-text\">Jak mog\u0119 osadzi\u0107 zgod\u0119 na pliki cookie w mojej witrynie iFrame?<\/h3>\r\n\r\n\t\t\t\t\t\t<div class=\"faq-item-question-icon\"><\/div>\r\n\t\t\t\t\t<\/div>\r\n\r\n\t\t\t\t\t<div class=\"faq-item-answer\">\r\n\t\t\t\t\t\t<div class=\"faq-item-answer-text\"><p>Tworzenie narz\u0119dzia odbywa si\u0119 na stronie internetowej Elfsight i nie trzeba kodowa\u0107. Zastosuj nasze aktywne demo, aby spersonalizowa\u0107 w\u0142asn\u0105 aplikacj\u0119, pobierz kod i wklej go na swojej stronie. <\/p><\/div>\r\n\t\t\t\t\t<\/div>\r\n\t\t\t\t<\/div><div class=\"faq-item\">\r\n\t\t\t\t\t<div class=\"faq-item-question\">\r\n\t\t\t\t\t\t<h3 class=\"faq-item-question-text\">Najlepsze sposoby wykorzystania integracji baner\u00f3w zgody na pliki cookie<\/h3>\r\n\r\n\t\t\t\t\t\t<div class=\"faq-item-question-icon\"><\/div>\r\n\t\t\t\t\t<\/div>\r\n\r\n\t\t\t\t\t<div class=\"faq-item-answer\">\r\n\t\t\t\t\t\t<div class=\"faq-item-answer-text\"><p>Zapewnimy Ci wiele mo\u017cliwo\u015bci dostosowania: pe\u0142nowymiarowe wid\u017cety do wstawiania do strefa tre\u015bci, p\u0142ywaj\u0105ce wtyczki z mo\u017cliwo\u015bci\u0105 przewijania, uk\u0142ady stopki witryny, sekcji nag\u0142\u00f3wka i wszelkiego rodzaju opcje pionowe dla pask\u00f3w bocznych i menu. <\/p><\/div>\r\n\t\t\t\t\t<\/div>\r\n\t\t\t\t<\/div><div class=\"faq-item\">\r\n\t\t\t\t\t<div class=\"faq-item-question\">\r\n\t\t\t\t\t\t<h3 class=\"faq-item-question-text\">Czy istnieje mo\u017cliwo\u015b\u0107 zbudowania g\u00f3rnego banera lub wy\u015brodkowania p\u0142ywaj\u0105cej zgody na pliki cookie za po\u015brednictwem redaktora?<\/h3>\r\n\r\n\t\t\t\t\t\t<div class=\"faq-item-question-icon\"><\/div>\r\n\t\t\t\t\t<\/div>\r\n\r\n\t\t\t\t\t<div class=\"faq-item-answer\">\r\n\t\t\t\t\t\t<div class=\"faq-item-answer-text\"><p>Mo\u017cesz kszta\u0142towa\u0107 modyfikacje dowolnego wid\u017cetu . W edytorze masz do dyspozycji mn\u00f3stwo uk\u0142ad\u00f3w, a ka\u017cdy z nich mo\u017cesz szybko spersonalizowa\u0107, tak jak tego potrzebujesz. <\/p><\/div>\r\n\t\t\t\t\t<\/div>\r\n\t\t\t\t<\/div><\/div>","protected":false},"excerpt":{"rendered":"","protected":false},"author":9,"featured_media":0,"parent":2167,"menu_order":0,"comment_status":"closed","ping_status":"closed","template":"templates\/template-application-platform.php","meta":{"publish_to_discourse":"","publish_post_category":"","wpdc_auto_publish_overridden":"","wpdc_topic_tags":"","wpdc_pin_topic":"","wpdc_pin_until":"","discourse_post_id":"","discourse_permalink":"","wpdc_publishing_response":"","wpdc_publishing_error":"","footnotes":""},"class_list":["post-4733","page","type-page","status-publish","hentry"],"yoast_head":"<!-- This site is optimized with the Yoast SEO plugin v25.3.1 - https:\/\/yoast.com\/wordpress\/plugins\/seo\/ -->\n<title>Wtyczka iFrame Cookie Consent dla Twojej witryny (bezp\u0142atna i szybka)<\/title>\n<meta name=\"description\" content=\"Dzi\u0119ki Elfsight mo\u017cesz szybko i \u0142atwo stworzy\u0107 wid\u017cet zgody na pliki cookie i doda\u0107 go do witryny iFrame. Mamy bezp\u0142atn\u0105 obs\u0142ug\u0119 klienta i inne bonusy.\" \/>\n<meta name=\"robots\" content=\"index, follow, max-snippet:-1, max-image-preview:large, max-video-preview:-1\" \/>\n<link rel=\"canonical\" href=\"https:\/\/elfsight.com\/pl\/cookie-consent-widget\/iframe\/\" \/>\n<meta property=\"og:locale\" content=\"pl_PL\" \/>\n<meta property=\"og:type\" content=\"article\" \/>\n<meta property=\"og:title\" content=\"Wtyczka iFrame Cookie Consent dla Twojej witryny (bezp\u0142atna i szybka)\" \/>\n<meta property=\"og:description\" content=\"Dzi\u0119ki Elfsight mo\u017cesz szybko i \u0142atwo stworzy\u0107 wid\u017cet zgody na pliki cookie i doda\u0107 go do witryny iFrame. Mamy bezp\u0142atn\u0105 obs\u0142ug\u0119 klienta i inne bonusy.\" \/>\n<meta property=\"og:url\" content=\"https:\/\/elfsight.com\/pl\/cookie-consent-widget\/iframe\/\" \/>\n<meta property=\"og:site_name\" content=\"Elfsight PL\" \/>\n<meta property=\"article:modified_time\" content=\"2025-06-26T14:36:39+00:00\" \/>\n<meta name=\"twitter:card\" content=\"summary_large_image\" \/>\n<meta name=\"twitter:label1\" content=\"Szacowany czas czytania\" \/>\n\t<meta name=\"twitter:data1\" content=\"3 minuty\" \/>\n<!-- \/ Yoast SEO plugin. -->","yoast_head_json":{"title":"Wtyczka iFrame Cookie Consent dla Twojej witryny (bezp\u0142atna i szybka)","description":"Dzi\u0119ki Elfsight mo\u017cesz szybko i \u0142atwo stworzy\u0107 wid\u017cet zgody na pliki cookie i doda\u0107 go do witryny iFrame. Mamy bezp\u0142atn\u0105 obs\u0142ug\u0119 klienta i inne bonusy.","robots":{"index":"index","follow":"follow","max-snippet":"max-snippet:-1","max-image-preview":"max-image-preview:large","max-video-preview":"max-video-preview:-1"},"canonical":"https:\/\/elfsight.com\/pl\/cookie-consent-widget\/iframe\/","og_locale":"pl_PL","og_type":"article","og_title":"Wtyczka iFrame Cookie Consent dla Twojej witryny (bezp\u0142atna i szybka)","og_description":"Dzi\u0119ki Elfsight mo\u017cesz szybko i \u0142atwo stworzy\u0107 wid\u017cet zgody na pliki cookie i doda\u0107 go do witryny iFrame. Mamy bezp\u0142atn\u0105 obs\u0142ug\u0119 klienta i inne bonusy.","og_url":"https:\/\/elfsight.com\/pl\/cookie-consent-widget\/iframe\/","og_site_name":"Elfsight PL","article_modified_time":"2025-06-26T14:36:39+00:00","twitter_card":"summary_large_image","twitter_misc":{"Szacowany czas czytania":"3 minuty"},"schema":{"@context":"https:\/\/schema.org","@graph":[{"@type":"WebPage","@id":"https:\/\/elfsight.com\/pl\/cookie-consent-widget\/iframe\/","url":"https:\/\/elfsight.com\/pl\/cookie-consent-widget\/iframe\/","name":"Wtyczka iFrame Cookie Consent dla Twojej witryny (bezp\u0142atna i szybka)","isPartOf":{"@id":"https:\/\/elfsight.com\/pl\/#website"},"datePublished":"2024-05-03T06:33:12+00:00","dateModified":"2025-06-26T14:36:39+00:00","description":"Dzi\u0119ki Elfsight mo\u017cesz szybko i \u0142atwo stworzy\u0107 wid\u017cet zgody na pliki cookie i doda\u0107 go do witryny iFrame. Mamy bezp\u0142atn\u0105 obs\u0142ug\u0119 klienta i inne bonusy.","breadcrumb":{"@id":"https:\/\/elfsight.com\/pl\/cookie-consent-widget\/iframe\/#breadcrumb"},"inLanguage":"pl-PL","potentialAction":[{"@type":"ReadAction","target":["https:\/\/elfsight.com\/pl\/cookie-consent-widget\/iframe\/"]}]},{"@type":"BreadcrumbList","@id":"https:\/\/elfsight.com\/pl\/cookie-consent-widget\/iframe\/#breadcrumb","itemListElement":[{"@type":"ListItem","position":1,"name":"Home","item":"https:\/\/elfsight.com\/pl\/"},{"@type":"ListItem","position":2,"name":"Cookie Consent","item":"https:\/\/elfsight.com\/pl\/cookie-consent-widget\/"},{"@type":"ListItem","position":3,"name":"Cookie Consent &#8211; iFrame"}]},{"@type":"WebSite","@id":"https:\/\/elfsight.com\/pl\/#website","url":"https:\/\/elfsight.com\/pl\/","name":"Elfsight PL","description":"Just another Elfsight Sites site","potentialAction":[{"@type":"SearchAction","target":{"@type":"EntryPoint","urlTemplate":"https:\/\/elfsight.com\/pl\/?s={search_term_string}"},"query-input":{"@type":"PropertyValueSpecification","valueRequired":true,"valueName":"search_term_string"}}],"inLanguage":"pl-PL"}]}},"meta_box":{"industry":"","seo_heading":"","heading":"","description":"","cta_heading":"","cta_description":"","application":"2166","h1":"Wtyczka iFrame Cookie Consent","h1_caption":"Przestrzegaj przepis\u00f3w dotycz\u0105cych prywatno\u015bci, dodaj\u0105c do swojej witryny baner wyra\u017caj\u0105cy zgod\u0119 na pliki cookie, zapewniaj\u0105c bezproblemow\u0105 przejrzysto\u015b\u0107 danych u\u017cytkownika w witrynie iFrame.","application_category":[],"applications_title":"","applications_request_title":"","applications_request_button_text":"","hero_text":"","hero_video":"","hero_video_schema_markup":"","selling_points_title":"","selling_points_caption":"","selling_points":[],"selling_points_cta_text":"","features_title":"","features":"","ed_cta_examples_text":"","ed_cta_examples_hidden":"","ed_cta_demo_text":"","ed_cta_demo_hidden":"","why_caption":"","why_editor_title":"","why_editor_text":"","why_team_title":"","why_team_text":"","why_service_title":"","why_service_text":"","template_catalog_visible":"0","template_catalog_title":"","template_catalog_text":"","template_catalog_categories_visible":"","demo_title":"Utw\u00f3rz wid\u017cet zgody na pliki cookie","demo_caption":"Skonfiguruj swoj\u0105 zgod\u0119 na pliki cookie i dodaj j\u0105 do swojej witryny iFrame za darmo!","default_faq_hidden":"","app_template_category":[],"platform":"187","template_public_id":"","codecanyon_url":"","codecanyon_item_id":"","codecanyon_price":"","pricing_caption":"","pricing_elfsight_apps_hide_column":"","pricing_elfsight_apps_url":"","pricing_codecanyon_price_caption":"","integration_category":[],"integration_request_title":"","integration_request_cta":"","integration_platform":"","integrations":[],"platform_category":[],"video_schema_markup":"","price":"od 0 USD \/ miesi\u0105c","trial":"","benefits":[{"text":"Bezp\u0142atna us\u0142uga monta\u017cu"},{"text":"Profesjonalna obs\u0142uga klienta"},{"text":"14-dniowa gwarancja zwrotu pieni\u0119dzy"}],"button_url":"#demo","button_target_blank":"0","button_nofollow":"0","attributes":[{"name":"Instaluje"},{"name":"Czu\u0142y"},{"name":"Kompatybilne przegl\u0105darki"}],"tags":[],"tags_disable_links":"0","hide_more_platforms":"0","video_object":"","demo_hide_cta":"0","demo_hide_cloud_options":"0","pricing_title":"","pricing":[{"pricing_icon":"platform","pricing_title":"Elfsight Apps","pricing_title_caption":"Wersja niezale\u017cna od platformy, kt\u00f3ra pasuje do ka\u017cdej witryny","pricing_price":"od 0 USD \/ miesi\u0105c","pricing_price_caption":"zacznij od bezp\u0142atnego planu","pricing_benefits":[{"text":"Nieograniczona liczba stron internetowych"},{"text":"Wsparcie premium"},{"text":"Bezp\u0142atna pomoc w monta\u017cu"},{"text":"Specjalna oferta na wiele aplikacji"}],"pricing_button_text":"Dodaj do witryny","pricing_button_url":"#demo"}],"related_apps_title":"","related_apps_hidden":"0","author":"","image":[],"title":"","job":"","social_networks":[]},"_links":{"self":[{"href":"https:\/\/elfsight.com\/pl\/wp-json\/wp\/v2\/pages\/4733","targetHints":{"allow":["GET"]}}],"collection":[{"href":"https:\/\/elfsight.com\/pl\/wp-json\/wp\/v2\/pages"}],"about":[{"href":"https:\/\/elfsight.com\/pl\/wp-json\/wp\/v2\/types\/page"}],"author":[{"embeddable":true,"href":"https:\/\/elfsight.com\/pl\/wp-json\/wp\/v2\/users\/9"}],"replies":[{"embeddable":true,"href":"https:\/\/elfsight.com\/pl\/wp-json\/wp\/v2\/comments?post=4733"}],"version-history":[{"count":2,"href":"https:\/\/elfsight.com\/pl\/wp-json\/wp\/v2\/pages\/4733\/revisions"}],"predecessor-version":[{"id":10558,"href":"https:\/\/elfsight.com\/pl\/wp-json\/wp\/v2\/pages\/4733\/revisions\/10558"}],"up":[{"embeddable":true,"href":"https:\/\/elfsight.com\/pl\/wp-json\/wp\/v2\/pages\/2167"}],"wp:attachment":[{"href":"https:\/\/elfsight.com\/pl\/wp-json\/wp\/v2\/media?parent=4733"}],"curies":[{"name":"wp","href":"https:\/\/api.w.org\/{rel}","templated":true}]}}