{"id":4728,"date":"2024-05-03T06:33:11","date_gmt":"2024-05-03T06:33:11","guid":{"rendered":"https:\/\/elfsight.com\/pl\/?page_id=4728"},"modified":"2024-11-14T09:27:31","modified_gmt":"2024-11-14T09:27:31","slug":"facebook","status":"publish","type":"page","link":"https:\/\/elfsight.com\/pl\/cookie-consent-widget\/facebook\/","title":{"rendered":"Cookie Consent &#8211; Facebook Page"},"content":{"rendered":"<div class=\"application-platform-content-item-description application-platform-content-item\" id=\"description\" data-nav-section=\"description\"><h2>Opis<\/h2><p>Dzi\u0119ki wid\u017cetowi Elfsight dotycz\u0105cego zgody na pliki cookie umieszczenie powiadomienia dla odwiedzaj\u0105cych o tym, \u017ce Twoja strona zawiera pliki cookie jest absolutnie nieskomplikowane . Widget dzia\u0142a jak \u0142adny pasek wyskakuj\u0105cy. Umo\u017cliwia napisanie wiadomo\u015bci, podanie linku do polityki korzystania ze strony oraz umieszczenie aktywnych przycisk\u00f3w w celu uzyskania zgody u\u017cytkownik\u00f3w. Mo\u017cesz zademonstrowa\u0107 wid\u017cet w formie paska lub pude\u0142ka i wybra\u0107 dla niego pozycj\u0119. Ponadto opcje kolor\u00f3w pomog\u0105 Ci uczyni\u0107 wid\u017cet natywnym i dopasowa\u0107 go do koncepcji stylu strony. <\/p><p><b>Zapewnij u\u017cytkownikom mo\u017cliwo\u015b\u0107 korzystania z plik\u00f3w cookie dzi\u0119ki \u0142atwemu i konfigurowalnemu wid\u017cetowi.<\/b><\/p><\/div> <div class=\"application-platform-content-item-features application-platform-content-item\" id=\"features\" data-nav-section=\"features\"><h2>Funkcje<\/h2> <p>Sprawd\u017a wszystkie funkcje produktu. Mo\u017cesz nimi zarz\u0105dza\u0107 bezpo\u015brednio w edytorze, a one pomog\u0105 Ci ukszta\u0142towa\u0107 wid\u017cet specjalnie dla Twojego przypadku. <\/p><ul><li>Utw\u00f3rz tylko og\u0142oszenie lub dodaj pro\u015bb\u0119; <\/li><li> Wprowad\u017a w\u0142asny tekst og\u0142oszenia z opcjami formatowania i linkami; <\/li><li>Ujawnij lub usu\u0144 link do polityki plik\u00f3w cookie z niestandardowym tekstem linku; <\/li><li> Wybierz wariant uk\u0142adu powiadomienia w postaci paska lub pola; <\/li><li>Ustaw kolor przycisk\u00f3w i linku. <\/li><\/ul><p><a href=\"#demo\">Mo\u017cesz przetestowa\u0107 wszystkie funkcje wid\u017cetu bezpo\u015brednio w wersji demonstracyjnej<\/a><\/p><\/div> <div class=\"application-platform-content-item-installation application-platform-content-item\" id=\"installation\" data-nav-section=\"installation\"> <h2>Jak doda\u0107 zak\u0142adk\u0119 Zgoda na pliki cookie do strony firmowej na Facebooku<\/h2><p>Aby wprowadzi\u0107 wid\u017cet, po prostu wykonaj te kr\u00f3tkie kroki<\/p><ul><li><b>Wygeneruj osobist\u0105 zgod\u0119 na pliki cookie<\/b><br>Za pomoc\u0105 naszego bezp\u0142atnego edytora utw\u00f3rz wtyczk\u0119 o wybranym wygl\u0105dzie i funkcjach.<\/li><li><b>Otrzymaj indywidualny kod do opublikowania wtyczki<\/b><br>Po tym jak wygenerowa\u0142e\u015b sw\u00f3j widget, otrzymasz indywidualny kod z powiadomienia, kt\u00f3re pojawi\u0142o si\u0119 w aplikacji Elfsight. Skopiuj go do dalszego wykorzystania.<\/li><li><b>Dodaj wid\u017cet do strony na Facebooku<\/b><br> Utw\u00f3rz w\u0142asn\u0105 zak\u0142adk\u0119 na Facebooku. Wpisz w zak\u0142adce kod otrzymany w aplikacji elfsight. Je\u015bli masz jakiekolwiek problemy, po prostu zapoznaj si\u0119 z naszym przewodnikiem na stronie <a href=\"https:\/\/elfsight.com\/blog\/how-to-add-custom-tab-to-facebook-page\/\" target=\"_blank\" rel=\"noopener noreferrer\">tworzenie niestandardowej karty Facebook<\/a><\/li><li><b>Instalacja przebieg\u0142a pomy\u015blnie<\/b><br>Wejd\u017a do swojego sklepu, aby zobaczy\u0107 swoj\u0105 prac\u0119.<\/li><\/ul><p>Je\u015bli potrzebujesz pomocy lub masz pytania, skontaktuj si\u0119 z naszym dzia\u0142em pomocy technicznej. Ch\u0119tnie pomo\u017cemy w ka\u017cdym zapytaniu. <\/p><\/div><div class=\"faq\" data-component=\"FAQ\"><div class=\"faq-item\">\r\n\t\t\t\t\t<div class=\"faq-item-question\">\r\n\t\t\t\t\t\t<h3 class=\"faq-item-question-text\">W jaki spos\u00f3b mog\u0119 umie\u015bci\u0107 zgod\u0119 na pliki cookie na mojej stronie na Facebooku?<\/h3>\r\n\r\n\t\t\t\t\t\t<div class=\"faq-item-question-icon\"><\/div>\r\n\t\t\t\t\t<\/div>\r\n\r\n\t\t\t\t\t<div class=\"faq-item-answer\">\r\n\t\t\t\t\t\t<div class=\"faq-item-answer-text\"><p>Konstrukcja narz\u0119dzia trwa umie\u015b\u0107 na stronie internetowej Elfsight i nie musisz kodowa\u0107. Otw\u00f3rz aktywne demo, aby stworzy\u0107 w\u0142asny widget, pobierz kod i wstaw go na swoj\u0105 stron\u0119. <\/p><\/div>\r\n\t\t\t\t\t<\/div>\r\n\t\t\t\t<\/div><div class=\"faq-item\">\r\n\t\t\t\t\t<div class=\"faq-item-question\">\r\n\t\t\t\t\t\t<h3 class=\"faq-item-question-text\">Najlepsze sposoby wykorzystania integracji z banerem zgody na pliki cookie<\/h3>\r\n\r\n\t\t\t\t\t\t<div class=\"faq-item-question-icon\"><\/div>\r\n\t\t\t\t\t<\/div>\r\n\r\n\t\t\t\t\t<div class=\"faq-item-answer\">\r\n\t\t\t\t\t\t<div class=\"faq-item-answer-text\"><p>Mamy szeroki zakres mo\u017cliwo\u015bci dostosowywania: pe\u0142nowymiarowe wid\u017cety do dodawania do tre\u015bci obszar, p\u0142ywaj\u0105ce wtyczki z mo\u017cliwo\u015bci\u0105 przewijania, miniatury stopki Twojej witryny, nag\u0142\u00f3wka i wszystkie odmiany pionowych mo\u017cliwo\u015bci pask\u00f3w bocznych i menu. <\/p><\/div>\r\n\t\t\t\t\t<\/div>\r\n\t\t\t\t<\/div><div class=\"faq-item\">\r\n\t\t\t\t\t<div class=\"faq-item-question\">\r\n\t\t\t\t\t\t<h3 class=\"faq-item-question-text\">Czy istnieje mo\u017cliwo\u015b\u0107 zbudowania p\u0142ywaj\u0105cego pola lub dolnej zgody na pliki cookie za pomoc\u0105 edytora?<\/h3>\r\n\r\n\t\t\t\t\t\t<div class=\"faq-item-question-icon\"><\/div>\r\n\t\t\t\t\t<\/div>\r\n\r\n\t\t\t\t\t<div class=\"faq-item-answer\">\r\n\t\t\t\t\t\t<div class=\"faq-item-answer-text\"><p>Mo\u017cesz tworzy\u0107 dowolne odmiany wid\u017cetu. W edytorze dost\u0119pnych jest wiele uk\u0142ad\u00f3w, a ka\u017cdy z nich mo\u017cna \u0142atwo spersonalizowa\u0107 wed\u0142ug w\u0142asnych potrzeb. <\/p><\/div>\r\n\t\t\t\t\t<\/div>\r\n\t\t\t\t<\/div><\/div>","protected":false},"excerpt":{"rendered":"","protected":false},"author":9,"featured_media":0,"parent":2167,"menu_order":0,"comment_status":"closed","ping_status":"closed","template":"templates\/template-application-platform.php","meta":{"publish_to_discourse":"","publish_post_category":"","wpdc_auto_publish_overridden":"","wpdc_topic_tags":"","wpdc_pin_topic":"","wpdc_pin_until":"","discourse_post_id":"","discourse_permalink":"","wpdc_publishing_response":"","wpdc_publishing_error":"","footnotes":""},"class_list":["post-4728","page","type-page","status-publish","hentry"],"yoast_head":"<!-- This site is optimized with the Yoast SEO plugin v25.3.1 - https:\/\/yoast.com\/wordpress\/plugins\/seo\/ -->\n<title>Dodaj zgod\u0119 na pliki cookie do karty niestandardowej strony na Facebooku (2025)<\/title>\n<meta name=\"description\" content=\"Dzi\u0119ki Elfsight zbuduj zgod\u0119 na pliki cookie i umie\u015b\u0107 j\u0105 na stronie na Facebooku szybko i \u0142atwo. Oferujemy bezp\u0142atn\u0105 obs\u0142ug\u0119 klienta i wi\u0119cej bonus\u00f3w.\" \/>\n<meta name=\"robots\" content=\"index, follow, max-snippet:-1, max-image-preview:large, max-video-preview:-1\" \/>\n<link rel=\"canonical\" href=\"https:\/\/elfsight.com\/pl\/cookie-consent-widget\/facebook\/\" \/>\n<meta property=\"og:locale\" content=\"pl_PL\" \/>\n<meta property=\"og:type\" content=\"article\" \/>\n<meta property=\"og:title\" content=\"Dodaj zgod\u0119 na pliki cookie do karty niestandardowej strony na Facebooku (2025)\" \/>\n<meta property=\"og:description\" content=\"Dzi\u0119ki Elfsight zbuduj zgod\u0119 na pliki cookie i umie\u015b\u0107 j\u0105 na stronie na Facebooku szybko i \u0142atwo. Oferujemy bezp\u0142atn\u0105 obs\u0142ug\u0119 klienta i wi\u0119cej bonus\u00f3w.\" \/>\n<meta property=\"og:url\" content=\"https:\/\/elfsight.com\/pl\/cookie-consent-widget\/facebook\/\" \/>\n<meta property=\"og:site_name\" content=\"Elfsight PL\" \/>\n<meta property=\"article:modified_time\" content=\"2024-11-14T09:27:31+00:00\" \/>\n<meta name=\"twitter:card\" content=\"summary_large_image\" \/>\n<meta name=\"twitter:label1\" content=\"Szacowany czas czytania\" \/>\n\t<meta name=\"twitter:data1\" content=\"3 minuty\" \/>\n<!-- \/ Yoast SEO plugin. -->","yoast_head_json":{"title":"Dodaj zgod\u0119 na pliki cookie do karty niestandardowej strony na Facebooku (2025)","description":"Dzi\u0119ki Elfsight zbuduj zgod\u0119 na pliki cookie i umie\u015b\u0107 j\u0105 na stronie na Facebooku szybko i \u0142atwo. Oferujemy bezp\u0142atn\u0105 obs\u0142ug\u0119 klienta i wi\u0119cej bonus\u00f3w.","robots":{"index":"index","follow":"follow","max-snippet":"max-snippet:-1","max-image-preview":"max-image-preview:large","max-video-preview":"max-video-preview:-1"},"canonical":"https:\/\/elfsight.com\/pl\/cookie-consent-widget\/facebook\/","og_locale":"pl_PL","og_type":"article","og_title":"Dodaj zgod\u0119 na pliki cookie do karty niestandardowej strony na Facebooku (2025)","og_description":"Dzi\u0119ki Elfsight zbuduj zgod\u0119 na pliki cookie i umie\u015b\u0107 j\u0105 na stronie na Facebooku szybko i \u0142atwo. Oferujemy bezp\u0142atn\u0105 obs\u0142ug\u0119 klienta i wi\u0119cej bonus\u00f3w.","og_url":"https:\/\/elfsight.com\/pl\/cookie-consent-widget\/facebook\/","og_site_name":"Elfsight PL","article_modified_time":"2024-11-14T09:27:31+00:00","twitter_card":"summary_large_image","twitter_misc":{"Szacowany czas czytania":"3 minuty"},"schema":{"@context":"https:\/\/schema.org","@graph":[{"@type":"WebPage","@id":"https:\/\/elfsight.com\/pl\/cookie-consent-widget\/facebook\/","url":"https:\/\/elfsight.com\/pl\/cookie-consent-widget\/facebook\/","name":"Dodaj zgod\u0119 na pliki cookie do karty niestandardowej strony na Facebooku (2025)","isPartOf":{"@id":"https:\/\/elfsight.com\/pl\/#website"},"datePublished":"2024-05-03T06:33:11+00:00","dateModified":"2024-11-14T09:27:31+00:00","description":"Dzi\u0119ki Elfsight zbuduj zgod\u0119 na pliki cookie i umie\u015b\u0107 j\u0105 na stronie na Facebooku szybko i \u0142atwo. Oferujemy bezp\u0142atn\u0105 obs\u0142ug\u0119 klienta i wi\u0119cej bonus\u00f3w.","breadcrumb":{"@id":"https:\/\/elfsight.com\/pl\/cookie-consent-widget\/facebook\/#breadcrumb"},"inLanguage":"pl-PL","potentialAction":[{"@type":"ReadAction","target":["https:\/\/elfsight.com\/pl\/cookie-consent-widget\/facebook\/"]}]},{"@type":"BreadcrumbList","@id":"https:\/\/elfsight.com\/pl\/cookie-consent-widget\/facebook\/#breadcrumb","itemListElement":[{"@type":"ListItem","position":1,"name":"Home","item":"https:\/\/elfsight.com\/pl\/"},{"@type":"ListItem","position":2,"name":"Cookie Consent","item":"https:\/\/elfsight.com\/pl\/cookie-consent-widget\/"},{"@type":"ListItem","position":3,"name":"Cookie Consent &#8211; Facebook Page"}]},{"@type":"WebSite","@id":"https:\/\/elfsight.com\/pl\/#website","url":"https:\/\/elfsight.com\/pl\/","name":"Elfsight PL","description":"Just another Elfsight Sites site","potentialAction":[{"@type":"SearchAction","target":{"@type":"EntryPoint","urlTemplate":"https:\/\/elfsight.com\/pl\/?s={search_term_string}"},"query-input":{"@type":"PropertyValueSpecification","valueRequired":true,"valueName":"search_term_string"}}],"inLanguage":"pl-PL"}]}},"meta_box":{"industry":"","seo_heading":"","heading":"","description":"","cta_heading":"","cta_description":"","application":"2166","h1":"Zgoda na pliki cookie dla strony na Facebooku","h1_caption":"Przestrzegaj przepis\u00f3w dotycz\u0105cych prywatno\u015bci, dodaj\u0105c do swojej witryny baner dotycz\u0105cy zgody na pliki cookie, zapewniaj\u0105c bezproblemow\u0105 przejrzysto\u015b\u0107 danych u\u017cytkownika w witrynie strony na Facebooku.","application_category":[],"applications_title":"","applications_request_title":"","applications_request_button_text":"","hero_text":"","hero_video":"","hero_video_schema_markup":"","selling_points_title":"","selling_points_caption":"","selling_points":[],"selling_points_cta_text":"","features_title":"","features":"","ed_cta_examples_text":"","ed_cta_examples_hidden":"","ed_cta_demo_text":"","ed_cta_demo_hidden":"","why_caption":"","why_editor_title":"","why_editor_text":"","why_team_title":"","why_team_text":"","why_service_title":"","why_service_text":"","template_catalog_visible":"","template_catalog_title":"","template_catalog_text":"","template_catalog_categories_visible":"","demo_title":"Utw\u00f3rz wid\u017cet zgody na pliki cookie","demo_caption":"Skonfiguruj swoj\u0105 zgod\u0119 na pliki cookie i dodaj j\u0105 do swojej witryny na Facebooku za darmo!","default_faq_hidden":"","app_template_category":[],"platform":"319","template_public_id":"","codecanyon_url":"","codecanyon_item_id":"","codecanyon_price":"","pricing_caption":"","pricing_elfsight_apps_hide_column":"","pricing_elfsight_apps_url":"","pricing_codecanyon_price_caption":"","integration_category":[],"integration_request_title":"","integration_request_cta":"","integration_platform":"","integrations":[],"platform_category":[],"video_schema_markup":"","price":"od 0 USD \/ miesi\u0105c","trial":"","benefits":[{"text":"Bezp\u0142atna pomoc w monta\u017cu"},{"text":"Profesjonalna obs\u0142uga klienta"},{"text":"14-dniowa gwarancja zwrotu pieni\u0119dzy"}],"button_url":"#demo","button_target_blank":"","button_nofollow":"","attributes":[{"name":"Instaluje"},{"name":"Czu\u0142y"},{"name":"Kompatybilne przegl\u0105darki"}],"tags":[],"tags_disable_links":"","hide_more_platforms":"","video_object":"","demo_hide_cta":"","demo_hide_cloud_options":"","pricing_title":"","pricing":[{"pricing_icon":"platform","pricing_title":"Elfsight Apps","pricing_title_caption":"Oprogramowanie wieloplatformowe","pricing_price":"od 0 USD \/ miesi\u0105c","pricing_price_caption":"zacznij od bezp\u0142atnego planu","pricing_benefits":[{"text":"Nielimitowane domeny"},{"text":"Bezp\u0142atne wsparcie firmy"},{"text":"Bezp\u0142atna pomoc przy instalacji"},{"text":"W pe\u0142ni konfigurowalny"}],"pricing_button_text":"Dodaj do witryny","pricing_button_url":"#demo"}],"related_apps_title":"","related_apps_hidden":"","author":"","image":[],"title":"","job":"","social_networks":[]},"_links":{"self":[{"href":"https:\/\/elfsight.com\/pl\/wp-json\/wp\/v2\/pages\/4728","targetHints":{"allow":["GET"]}}],"collection":[{"href":"https:\/\/elfsight.com\/pl\/wp-json\/wp\/v2\/pages"}],"about":[{"href":"https:\/\/elfsight.com\/pl\/wp-json\/wp\/v2\/types\/page"}],"author":[{"embeddable":true,"href":"https:\/\/elfsight.com\/pl\/wp-json\/wp\/v2\/users\/9"}],"replies":[{"embeddable":true,"href":"https:\/\/elfsight.com\/pl\/wp-json\/wp\/v2\/comments?post=4728"}],"version-history":[{"count":1,"href":"https:\/\/elfsight.com\/pl\/wp-json\/wp\/v2\/pages\/4728\/revisions"}],"predecessor-version":[{"id":4732,"href":"https:\/\/elfsight.com\/pl\/wp-json\/wp\/v2\/pages\/4728\/revisions\/4732"}],"up":[{"embeddable":true,"href":"https:\/\/elfsight.com\/pl\/wp-json\/wp\/v2\/pages\/2167"}],"wp:attachment":[{"href":"https:\/\/elfsight.com\/pl\/wp-json\/wp\/v2\/media?parent=4728"}],"curies":[{"name":"wp","href":"https:\/\/api.w.org\/{rel}","templated":true}]}}