{"id":4727,"date":"2024-05-03T06:33:10","date_gmt":"2024-05-03T06:33:10","guid":{"rendered":"https:\/\/elfsight.com\/pl\/?page_id=4727"},"modified":"2024-11-14T09:20:16","modified_gmt":"2024-11-14T09:20:16","slug":"woocommerce","status":"publish","type":"page","link":"https:\/\/elfsight.com\/pl\/cookie-consent-widget\/woocommerce\/","title":{"rendered":"Cookie Consent &#8211; WooCommerce"},"content":{"rendered":"<div class=\"application-platform-content-item-description application-platform-content-item\" id=\"description\" data-nav-section=\"description\"><h2>Opis<\/h2><p>Dzi\u0119ki wtyczce Elfsight Cookie bardzo \u0142atwo jest umie\u015bci\u0107 powiadomienie dla odbiorc\u00f3w, \u017ce Twoja witryna stosuje pliki cookie p\u0142ynne wyskakuj\u0105ce okienko. Wid\u017cet ten pozwala na napisanie w\u0142asnego tekstu, za\u0142\u0105czenie linku do Twojej witryny, skorzystanie z regulaminu oraz pokazanie aktywnych przycisk\u00f3w w celu uzyskania zgody u\u017cytkownik\u00f3w. Mo\u017cesz dowolnie wybra\u0107 wy\u015bwietlanie powiadomienia w kszta\u0142cie paska strony lub pola i wybra\u0107 pozycj\u0119 na stronie. Ponadto opcja malowania element\u00f3w interfejsu pomaga w zr\u00f3wnowa\u017ceniu wid\u017cetu i dopasowaniu go do og\u00f3lnego stylu witryny. <\/p><p><b>Zwi\u0119ksz wydajno\u015b\u0107 swojej witryny w zadaniach biznesowych dzi\u0119ki wtyczce Cookie<\/b><\/p><\/div> <div class=\"application-platform-content-item-features application-platform-content-item\" id=\"features\" data-nav-section=\"features\"><h2>Wy\u015bwietl list\u0119 najlepszych funkcje:<\/h2><ul><li>Z\u0142\u00f3\u017c proste powiadomienie lub pro\u015bb\u0119 o zgod\u0119; <\/li><li> Ustaw niestandardow\u0105 wiadomo\u015b\u0107 og\u0142oszenia z funkcjami formatowania i linkami; <\/li><li>Wy\u015bwietl lub ukryj aktywny link do warunk\u00f3w u\u017cytkowania i warunk\u00f3w Twojej witryny oraz dodaj niestandardow\u0105 etykiet\u0119 linku; <\/li><li>Opcja wyboru typu uk\u0142adu powiadomienia: Pasek lub Pude\u0142ko; <\/li><li>Wybierz kolor przycisk\u00f3w i \u0142\u0105cza. <\/li><\/ul><p><a href=\"#demo\">Mo\u017cesz sprawdzi\u0107, czy wid\u017cet jest dla Ciebie, wypr\u00f3bowuj\u0105c wersj\u0119 demonstracyjn\u0105<\/a><\/p><\/div><div class=\"application-platform-content-item- instalacja application-platform-content-item\" id=\" instalacja\" data-nav-section=\" instalacja\"><h2>Jak osadzi\u0107 zgod\u0119 na pliki cookie na mojej stronie internetowej WooCommerce?<\/h2><p>Wystarczy wykona\u0107 kilka krok\u00f3w przedstawionych poni\u017cej, aby rozpocz\u0105\u0107 korzystanie z wtyczki.<\/p><ol><li><b>Zarz\u0105dzaj\u0105c naszym bezp\u0142atnym konfiguratorem, zacznij budowa\u0107 sw\u00f3j spersonalizowany instrument.<\/b><br>Okre\u015bl niestandardow\u0105 form\u0119 i funkcjonalno\u015b\u0107 wtyczki oraz zapisz modyfikacje.<\/li><li><b>Zdob\u0105d\u017a osobisty kod ujawniony w box w aplikacjach Elfsight.<\/b><br>Po zako\u0144czeniu generowania osobistego wid\u017cetu skopiuj ekskluzywny kod z wy\u015bwietlonego pola i zapisz go do dalszego wykorzystania.<\/li><li><b>Zacznij korzysta\u0107 z wtyczka na stronie WooCommerce.<\/b><br>Wstaw kod, kt\u00f3ry wcze\u015bniej zapisa\u0142e\u015b w swojej witrynie i zastosuj poprawki.<\/li><li><b>Gotowe! Osadzanie zosta\u0142o zako\u0144czone pomy\u015blnie.<\/b><br>Wejd\u017a na swoj\u0105 witryn\u0119 i sprawd\u017a, jak dzia\u0142a wtyczka.<\/li><\/ol><p>Je\u015bli napotkasz jakiekolwiek komplikacje, skontaktuj si\u0119 z naszym zespo\u0142em pomocy technicznej. Nasi ludzie ch\u0119tnie pomog\u0105 Ci we wszystkich problemach, jakie mo\u017cesz mie\u0107 z produktem.<\/p><div class=\"faq\" data-component=\"FAQ\"><div class=\"faq-item\">\r\n\t\t\t\t\t<div class=\"faq-item-question\">\r\n\t\t\t\t\t\t<h3 class=\"faq-item-question-text\">Jak mog\u0119 doda\u0107 zgod\u0119 na pliki cookie do mojej witryny WooCommerce bez umiej\u0119tno\u015bci kodowania?<\/h3>\r\n\r\n\t\t\t\t\t\t<div class=\"faq-item-question-icon\"><\/div>\r\n\t\t\t\t\t<\/div>\r\n\r\n\t\t\t\t\t<div class=\"faq-item-answer\">\r\n\t\t\t\t\t\t<div class=\"faq-item-answer-text\"> <p>Elfsight oferuje rozwi\u0105zanie SaaS, kt\u00f3re umo\u017cliwia samodzielne utworzenie wid\u017cetu Zgody na pliki cookie. Przekonaj si\u0119, jak \u0142atwy jest ten proces: Pracuj bezpo\u015brednio w edytorze online, aby utworzy\u0107 wid\u017cet Zgody na pliki cookie, kt\u00f3ry chcia\u0142by\u015b widzie\u0107 na swojej stronie WooCommerce. Wybierz jeden z gotowych szablon\u00f3w i dostosuj ustawienia zgody na pliki cookie, dodaj tre\u015b\u0107, zmie\u0144 uk\u0142ad i kolory bez umiej\u0119tno\u015bci kodowania. Zapisz zgod\u0119 na pliki cookie i skopiuj jej kod instalacyjny, kt\u00f3ry mo\u017cesz po prostu osadzi\u0107 na swojej stronie WooCommerce bez konieczno\u015bci kupowania p\u0142atnego planu. Dzi\u0119ki naszemu intuicyjnemu edytorowi ka\u017cdy u\u017cytkownik Internetu mo\u017ce utworzy\u0107 wid\u017cet zgody na pliki cookie online i \u0142atwo osadzi\u0107 go na swojej stronie WooCommerce. Aby uzyska\u0107 dost\u0119p do us\u0142ugi, nie trzeba p\u0142aci\u0107 ani wprowadza\u0107 danych uwierzytelniaj\u0105cych karty. Je\u015bli na kt\u00f3rymkolwiek etapie napotkasz jakiekolwiek problemy, skontaktuj si\u0119 z naszym zespo\u0142em pomocy technicznej.<\/p> <\/div>\r\n\t\t\t\t\t<\/div>\r\n\t\t\t\t<\/div> <\/div><\/div>","protected":false},"excerpt":{"rendered":"","protected":false},"author":9,"featured_media":0,"parent":2167,"menu_order":0,"comment_status":"closed","ping_status":"closed","template":"templates\/template-application-platform.php","meta":{"publish_to_discourse":"","publish_post_category":"","wpdc_auto_publish_overridden":"","wpdc_topic_tags":"","wpdc_pin_topic":"","wpdc_pin_until":"","discourse_post_id":"","discourse_permalink":"","wpdc_publishing_response":"","wpdc_publishing_error":"","footnotes":""},"class_list":["post-4727","page","type-page","status-publish","hentry"],"yoast_head":"<!-- This site is optimized with the Yoast SEO plugin v25.3.1 - https:\/\/yoast.com\/wordpress\/plugins\/seo\/ -->\n<title>Wtyczka WooCommerce Cookie Consent dla Twojej witryny (2025)<\/title>\n<meta name=\"description\" content=\"Skorzystaj z okazji, aby spersonalizowa\u0107 wtyczk\u0119 Cookie Consent w edytorze i umie\u015b\u0107 j\u0105 na swojej stronie WooCommerce bezpo\u015brednio z wersji demonstracyjnej.\" \/>\n<meta name=\"robots\" content=\"index, follow, max-snippet:-1, max-image-preview:large, max-video-preview:-1\" \/>\n<link rel=\"canonical\" href=\"https:\/\/elfsight.com\/pl\/cookie-consent-widget\/woocommerce\/\" \/>\n<meta property=\"og:locale\" content=\"pl_PL\" \/>\n<meta property=\"og:type\" content=\"article\" \/>\n<meta property=\"og:title\" content=\"Wtyczka WooCommerce Cookie Consent dla Twojej witryny (2025)\" \/>\n<meta property=\"og:description\" content=\"Skorzystaj z okazji, aby spersonalizowa\u0107 wtyczk\u0119 Cookie Consent w edytorze i umie\u015b\u0107 j\u0105 na swojej stronie WooCommerce bezpo\u015brednio z wersji demonstracyjnej.\" \/>\n<meta property=\"og:url\" content=\"https:\/\/elfsight.com\/pl\/cookie-consent-widget\/woocommerce\/\" \/>\n<meta property=\"og:site_name\" content=\"Elfsight PL\" \/>\n<meta property=\"article:modified_time\" content=\"2024-11-14T09:20:16+00:00\" \/>\n<meta name=\"twitter:card\" content=\"summary_large_image\" \/>\n<meta name=\"twitter:label1\" content=\"Szacowany czas czytania\" \/>\n\t<meta name=\"twitter:data1\" content=\"3 minuty\" \/>\n<!-- \/ Yoast SEO plugin. -->","yoast_head_json":{"title":"Wtyczka WooCommerce Cookie Consent dla Twojej witryny (2025)","description":"Skorzystaj z okazji, aby spersonalizowa\u0107 wtyczk\u0119 Cookie Consent w edytorze i umie\u015b\u0107 j\u0105 na swojej stronie WooCommerce bezpo\u015brednio z wersji demonstracyjnej.","robots":{"index":"index","follow":"follow","max-snippet":"max-snippet:-1","max-image-preview":"max-image-preview:large","max-video-preview":"max-video-preview:-1"},"canonical":"https:\/\/elfsight.com\/pl\/cookie-consent-widget\/woocommerce\/","og_locale":"pl_PL","og_type":"article","og_title":"Wtyczka WooCommerce Cookie Consent dla Twojej witryny (2025)","og_description":"Skorzystaj z okazji, aby spersonalizowa\u0107 wtyczk\u0119 Cookie Consent w edytorze i umie\u015b\u0107 j\u0105 na swojej stronie WooCommerce bezpo\u015brednio z wersji demonstracyjnej.","og_url":"https:\/\/elfsight.com\/pl\/cookie-consent-widget\/woocommerce\/","og_site_name":"Elfsight PL","article_modified_time":"2024-11-14T09:20:16+00:00","twitter_card":"summary_large_image","twitter_misc":{"Szacowany czas czytania":"3 minuty"},"schema":{"@context":"https:\/\/schema.org","@graph":[{"@type":"WebPage","@id":"https:\/\/elfsight.com\/pl\/cookie-consent-widget\/woocommerce\/","url":"https:\/\/elfsight.com\/pl\/cookie-consent-widget\/woocommerce\/","name":"Wtyczka WooCommerce Cookie Consent dla Twojej witryny (2025)","isPartOf":{"@id":"https:\/\/elfsight.com\/pl\/#website"},"datePublished":"2024-05-03T06:33:10+00:00","dateModified":"2024-11-14T09:20:16+00:00","description":"Skorzystaj z okazji, aby spersonalizowa\u0107 wtyczk\u0119 Cookie Consent w edytorze i umie\u015b\u0107 j\u0105 na swojej stronie WooCommerce bezpo\u015brednio z wersji demonstracyjnej.","breadcrumb":{"@id":"https:\/\/elfsight.com\/pl\/cookie-consent-widget\/woocommerce\/#breadcrumb"},"inLanguage":"pl-PL","potentialAction":[{"@type":"ReadAction","target":["https:\/\/elfsight.com\/pl\/cookie-consent-widget\/woocommerce\/"]}]},{"@type":"BreadcrumbList","@id":"https:\/\/elfsight.com\/pl\/cookie-consent-widget\/woocommerce\/#breadcrumb","itemListElement":[{"@type":"ListItem","position":1,"name":"Home","item":"https:\/\/elfsight.com\/pl\/"},{"@type":"ListItem","position":2,"name":"Cookie Consent","item":"https:\/\/elfsight.com\/pl\/cookie-consent-widget\/"},{"@type":"ListItem","position":3,"name":"Cookie Consent &#8211; WooCommerce"}]},{"@type":"WebSite","@id":"https:\/\/elfsight.com\/pl\/#website","url":"https:\/\/elfsight.com\/pl\/","name":"Elfsight PL","description":"Just another Elfsight Sites site","potentialAction":[{"@type":"SearchAction","target":{"@type":"EntryPoint","urlTemplate":"https:\/\/elfsight.com\/pl\/?s={search_term_string}"},"query-input":{"@type":"PropertyValueSpecification","valueRequired":true,"valueName":"search_term_string"}}],"inLanguage":"pl-PL"}]}},"meta_box":{"industry":"","seo_heading":"","heading":"","description":"","cta_heading":"","cta_description":"","application":"2166","h1":"Wtyczka WooCommerce Zgoda na pliki cookie","h1_caption":"Przestrzegaj przepis\u00f3w dotycz\u0105cych prywatno\u015bci, dodaj\u0105c baner wyra\u017caj\u0105cy zgod\u0119 na pliki cookie do swojej witryny, zapewniaj\u0105c bezproblemow\u0105 przejrzysto\u015b\u0107 danych u\u017cytkownika w witrynie WooCommerce.","application_category":[],"applications_title":"","applications_request_title":"","applications_request_button_text":"","hero_text":"","hero_video":"","hero_video_schema_markup":"","selling_points_title":"","selling_points_caption":"","selling_points":[],"selling_points_cta_text":"","features_title":"","features":"","ed_cta_examples_text":"","ed_cta_examples_hidden":"","ed_cta_demo_text":"","ed_cta_demo_hidden":"","why_caption":"","why_editor_title":"","why_editor_text":"","why_team_title":"","why_team_text":"","why_service_title":"","why_service_text":"","template_catalog_visible":"","template_catalog_title":"","template_catalog_text":"","template_catalog_categories_visible":"","demo_title":"Utw\u00f3rz aplikacj\u0119 do wyra\u017cania zgody na pliki cookie","demo_caption":"Skonfiguruj swoj\u0105 zgod\u0119 na pliki cookie i dodaj j\u0105 do swojej witryny WooCommerce za darmo!","default_faq_hidden":"","app_template_category":[],"platform":"335","template_public_id":"","codecanyon_url":"","codecanyon_item_id":"","codecanyon_price":"","pricing_caption":"","pricing_elfsight_apps_hide_column":"","pricing_elfsight_apps_url":"","pricing_codecanyon_price_caption":"","integration_category":[],"integration_request_title":"","integration_request_cta":"","integration_platform":"","integrations":[],"platform_category":[],"video_schema_markup":"","price":"od 0 USD \/ miesi\u0105c","trial":"","benefits":[{"text":"Bezp\u0142atna pomoc w instalacji"},{"text":"Kompetentna obs\u0142uga klienta"},{"text":"14-dniowa gwarancja zwrotu pieni\u0119dzy"}],"button_url":"#demo","button_target_blank":"","button_nofollow":"","attributes":[{"name":"Instaluje"},{"name":"Czu\u0142y"},{"name":"Kompatybilne przegl\u0105darki"}],"tags":[],"tags_disable_links":"","hide_more_platforms":"","video_object":"","demo_hide_cta":"","demo_hide_cloud_options":"","pricing_title":"","pricing":[{"pricing_icon":"platform","pricing_title":"Elfsight Apps","pricing_title_caption":"Niezale\u017cne od platformy rozwi\u0105zanie cyfrowe","pricing_price":"od 0 USD \/ miesi\u0105c","pricing_price_caption":"zacznij od bezp\u0142atnego planu","pricing_benefits":[{"text":"Nielimitowane strony internetowe"},{"text":"Profesjonalna i terminowa pomoc oraz dobrze udokumentowana"},{"text":"Bezp\u0142atna us\u0142uga monta\u017cu"},{"text":"W pe\u0142ni konfigurowalny"}],"pricing_button_text":"Dodaj do witryny","pricing_button_url":"#demo"}],"related_apps_title":"","related_apps_hidden":"","author":"","image":[],"title":"","job":"","social_networks":[]},"_links":{"self":[{"href":"https:\/\/elfsight.com\/pl\/wp-json\/wp\/v2\/pages\/4727","targetHints":{"allow":["GET"]}}],"collection":[{"href":"https:\/\/elfsight.com\/pl\/wp-json\/wp\/v2\/pages"}],"about":[{"href":"https:\/\/elfsight.com\/pl\/wp-json\/wp\/v2\/types\/page"}],"author":[{"embeddable":true,"href":"https:\/\/elfsight.com\/pl\/wp-json\/wp\/v2\/users\/9"}],"replies":[{"embeddable":true,"href":"https:\/\/elfsight.com\/pl\/wp-json\/wp\/v2\/comments?post=4727"}],"version-history":[{"count":1,"href":"https:\/\/elfsight.com\/pl\/wp-json\/wp\/v2\/pages\/4727\/revisions"}],"predecessor-version":[{"id":4731,"href":"https:\/\/elfsight.com\/pl\/wp-json\/wp\/v2\/pages\/4727\/revisions\/4731"}],"up":[{"embeddable":true,"href":"https:\/\/elfsight.com\/pl\/wp-json\/wp\/v2\/pages\/2167"}],"wp:attachment":[{"href":"https:\/\/elfsight.com\/pl\/wp-json\/wp\/v2\/media?parent=4727"}],"curies":[{"name":"wp","href":"https:\/\/api.w.org\/{rel}","templated":true}]}}