{"id":4725,"date":"2024-05-03T06:33:08","date_gmt":"2024-05-03T06:33:08","guid":{"rendered":"https:\/\/elfsight.com\/pl\/?page_id=4725"},"modified":"2024-11-14T08:52:25","modified_gmt":"2024-11-14T08:52:25","slug":"google-sites","status":"publish","type":"page","link":"https:\/\/elfsight.com\/pl\/cookie-consent-widget\/google-sites\/","title":{"rendered":"Cookie Consent &#8211; Google Sites"},"content":{"rendered":"<div class=\"application-platform-content-item-description application-platform-content-item\" id=\"description\" data-nav-section=\"description\"> <h2>Umie\u015b\u0107 zgod\u0119 na pliki cookie w Witrynach Google za pomoc\u0105 wid\u017cetu Elfsight<\/h2> <p>Korzystanie z banera dotycz\u0105cego plik\u00f3w cookie Elfsight w witrynie Google b\u0119dzie absolutnie \u0142atwo poinformowa\u0107 u\u017cytkownik\u00f3w, \u017ce Twoja witryna korzysta z plik\u00f3w cookie. Wid\u017cet pozwala na wprowadzenie tekstu, udost\u0119pnienie linku do polityki korzystania ze strony oraz dodanie aktywnych przycisk\u00f3w w celu uzyskania akceptacji odwiedzaj\u0105cych. Mo\u017cesz ustawi\u0107 powiadomienie jako pasek lub responsywne pole i przypisa\u0107 mu jego po\u0142o\u017cenie. Ponadto elementy, kt\u00f3re mo\u017cna pomalowa\u0107, pomog\u0105 zapewni\u0107 sp\u00f3jny wygl\u0105d i dobrze zintegrowa\u0107 si\u0119 z koncepcj\u0105 stylu witryny. <\/p> <p><b>Zwi\u0119ksz skuteczno\u015b\u0107 swojej witryny w zadaniach zwi\u0105zanych z handlem elektronicznym dzi\u0119ki zgodzie na pliki cookie<\/b><\/p> <\/div> <div class=\"application-platform-content-item-features application-platform-content-item\" id=\"features\" data-nav-section=\"features\"> <h2>To tylko kilka z r\u00f3\u017cnych funkcji wid\u017cetu: <\/h2> <ul><li>Um\u00f3w proste og\u0142oszenie lub pro\u015bb\u0119 o zatwierdzenie; <\/li> <li>Opcja dodania niestandardowego tekstu powiadomienia z dost\u0119pnymi funkcjami formatowania i linkami; <\/li> <li>Poka\u017c lub ukryj link do warunk\u00f3w korzystania z plik\u00f3w cookie i wprowad\u017a niestandardow\u0105 etykiet\u0119 linku; <\/li> <li> Wybierz typ uk\u0142adu powiadomienia: pasek lub pole; <\/li> <li>Wybierz kolor przycisk\u00f3w i \u0142\u0105cza. <\/li> <\/ul><p><a href=\"#demo\">Mo\u017cesz ju\u017c teraz wypr\u00f3bowa\u0107 pe\u0142ne mo\u017cliwo\u015bci wid\u017cetu w wersji demonstracyjnej<\/a><\/p> <\/div> <div class=\"application-platform-content-item-installation application-platform-content-item\" id=\"installation\" data-nav-section=\"installation\"> <h2>Jak doda\u0107 zgod\u0119 na pliki cookie w moich Witrynach Google?<\/h2><p>Wystarczy wykona\u0107 poni\u017csze czynno\u015bci, aby wstawi\u0107 wid\u017cet. <\/p> <ol><li><b>Otw\u00f3rz nasz darmowy konfigurator i zacznij tworzy\u0107 sw\u00f3j w\u0142asny widget. <\/b><br> Wybierz preferowany projekt i aspekty narz\u0119dzia i zastosuj modyfikacje. <\/li> <li><b>Odbierz sw\u00f3j indywidualny kod pojawiaj\u0105cy si\u0119 w oknie aplikacji Elfsight. <\/b><br> Po zako\u0144czeniu dostosowywania wid\u017cetu skopiuj kod osobisty z wy\u015bwietlonego wyskakuj\u0105cego okienka i zapisz go na przysz\u0142o\u015b\u0107. <\/li> <li><b>Zacznij korzysta\u0107 z powiadomienia o plikach cookie w swojej witrynie Google. <\/b><br> Wstaw zapisany wcze\u015bniej kod na swojej stronie internetowej i zastosuj poprawki. <\/li> <li><b>Instalacja zosta\u0142a w pe\u0142ni uko\u0144czona. <\/b><br> Przejd\u017a na swoj\u0105 stron\u0119 i sprawd\u017a, jak dzia\u0142a wtyczka. <\/li><\/ol> <div class=\"tip-yellow tip\"><b>Ze wzgl\u0119du na specyfik\u0119 dzia\u0142ania Witryn Google wid\u017cet mo\u017ce wygl\u0105da\u0107 inaczej ni\u017c wersja demonstracyjna online. Przepraszamy za wszelkie niedogodno\u015bci.<\/b><\/div><p>Je\u015bli napotkasz zapytania lub pojawi\u0105 si\u0119 pewne komplikacje, nie wahaj si\u0119 i z\u0142\u00f3\u017c wniosek o kontakt z naszym personelem pomocniczym. Nasi ludzie ch\u0119tnie odpowiedz\u0105 na wszystkie pytania dotycz\u0105ce tego narz\u0119dzia. <\/p> <div class=\"faq\" data-component=\"FAQ\"><div class=\"faq-item\">\r\n\t\t\t\t\t<div class=\"faq-item-question\">\r\n\t\t\t\t\t\t<h3 class=\"faq-item-question-text\">Jak mog\u0119 doda\u0107 zgod\u0119 na pliki cookie do mojej witryny Witryn Google bez umiej\u0119tno\u015bci kodowania?<\/h3>\r\n\r\n\t\t\t\t\t\t<div class=\"faq-item-question-icon\"><\/div>\r\n\t\t\t\t\t<\/div>\r\n\r\n\t\t\t\t\t<div class=\"faq-item-answer\">\r\n\t\t\t\t\t\t<div class=\"faq-item-answer-text\"> <p>Elfsight zapewnia rozwi\u0105zanie SaaS, kt\u00f3re pozwala samodzielnie utworzy\u0107 wid\u017cet zgody na pliki cookie. Zobacz, jakie to proste Proces ten jest nast\u0119puj\u0105cy: Pracuj bezpo\u015brednio w edytorze online, aby utworzy\u0107 wid\u017cet zgody na pliki cookie, kt\u00f3ry chcesz widzie\u0107 w swojej witrynie Witryn Google. Wybierz jeden z gotowych szablon\u00f3w i dostosuj ustawienia zgody na pliki cookie, dodaj tre\u015b\u0107, zmie\u0144 uk\u0142ad i kolory bez umiej\u0119tno\u015bci kodowania. Zapisz zgod\u0119 na pliki cookie i skopiuj jej kod instalacyjny, kt\u00f3ry mo\u017cesz \u0142atwo doda\u0107 w swojej witrynie Google Sites bez konieczno\u015bci kupowania p\u0142atnego planu. Za pomoc\u0105 naszego intuicyjnego edytora ka\u017cdy u\u017cytkownik Internetu mo\u017ce utworzy\u0107 wid\u017cet zgody na pliki cookie online i \u0142atwo umie\u015bci\u0107 go w swojej witrynie Google Sites. Aby uzyska\u0107 dost\u0119p do us\u0142ugi, nie trzeba p\u0142aci\u0107 ani wprowadza\u0107 danych uwierzytelniaj\u0105cych karty. Je\u015bli na kt\u00f3rymkolwiek etapie napotkasz jakiekolwiek problemy, skontaktuj si\u0119 z naszym zespo\u0142em pomocy technicznej.<\/p> <\/div>\r\n\t\t\t\t\t<\/div>\r\n\t\t\t\t<\/div> <\/div><\/div><p><\/p>","protected":false},"excerpt":{"rendered":"","protected":false},"author":9,"featured_media":0,"parent":2167,"menu_order":0,"comment_status":"closed","ping_status":"closed","template":"templates\/template-application-platform.php","meta":{"publish_to_discourse":"","publish_post_category":"","wpdc_auto_publish_overridden":"","wpdc_topic_tags":"","wpdc_pin_topic":"","wpdc_pin_until":"","discourse_post_id":"","discourse_permalink":"","wpdc_publishing_response":"","wpdc_publishing_error":"","footnotes":""},"class_list":["post-4725","page","type-page","status-publish","hentry"],"yoast_head":"<!-- This site is optimized with the Yoast SEO plugin v25.3.1 - https:\/\/yoast.com\/wordpress\/plugins\/seo\/ -->\n<title>Zgoda na pliki cookie \u2013 dodanie wid\u017cetu plik\u00f3w cookie do Witryn Google (2025)<\/title>\n<meta name=\"description\" content=\"Dodaj responsywny wid\u017cet zgody na pliki cookie w swoich Witrynach Google i uzyskaj pe\u0142ne zaufanie. Skorzystaj z por\u0119cznej wersji demonstracyjnej Elfsight, aby zbudowa\u0107 spersonalizowan\u0105 funkcj\u0119.\" \/>\n<meta name=\"robots\" content=\"index, follow, max-snippet:-1, max-image-preview:large, max-video-preview:-1\" \/>\n<link rel=\"canonical\" href=\"https:\/\/elfsight.com\/pl\/cookie-consent-widget\/google-sites\/\" \/>\n<meta property=\"og:locale\" content=\"pl_PL\" \/>\n<meta property=\"og:type\" content=\"article\" \/>\n<meta property=\"og:title\" content=\"Zgoda na pliki cookie \u2013 dodanie wid\u017cetu plik\u00f3w cookie do Witryn Google (2025)\" \/>\n<meta property=\"og:description\" content=\"Dodaj responsywny wid\u017cet zgody na pliki cookie w swoich Witrynach Google i uzyskaj pe\u0142ne zaufanie. Skorzystaj z por\u0119cznej wersji demonstracyjnej Elfsight, aby zbudowa\u0107 spersonalizowan\u0105 funkcj\u0119.\" \/>\n<meta property=\"og:url\" content=\"https:\/\/elfsight.com\/pl\/cookie-consent-widget\/google-sites\/\" \/>\n<meta property=\"og:site_name\" content=\"Elfsight PL\" \/>\n<meta property=\"article:modified_time\" content=\"2024-11-14T08:52:25+00:00\" \/>\n<meta name=\"twitter:card\" content=\"summary_large_image\" \/>\n<meta name=\"twitter:label1\" content=\"Szacowany czas czytania\" \/>\n\t<meta name=\"twitter:data1\" content=\"3 minuty\" \/>\n<!-- \/ Yoast SEO plugin. -->","yoast_head_json":{"title":"Zgoda na pliki cookie \u2013 dodanie wid\u017cetu plik\u00f3w cookie do Witryn Google (2025)","description":"Dodaj responsywny wid\u017cet zgody na pliki cookie w swoich Witrynach Google i uzyskaj pe\u0142ne zaufanie. Skorzystaj z por\u0119cznej wersji demonstracyjnej Elfsight, aby zbudowa\u0107 spersonalizowan\u0105 funkcj\u0119.","robots":{"index":"index","follow":"follow","max-snippet":"max-snippet:-1","max-image-preview":"max-image-preview:large","max-video-preview":"max-video-preview:-1"},"canonical":"https:\/\/elfsight.com\/pl\/cookie-consent-widget\/google-sites\/","og_locale":"pl_PL","og_type":"article","og_title":"Zgoda na pliki cookie \u2013 dodanie wid\u017cetu plik\u00f3w cookie do Witryn Google (2025)","og_description":"Dodaj responsywny wid\u017cet zgody na pliki cookie w swoich Witrynach Google i uzyskaj pe\u0142ne zaufanie. Skorzystaj z por\u0119cznej wersji demonstracyjnej Elfsight, aby zbudowa\u0107 spersonalizowan\u0105 funkcj\u0119.","og_url":"https:\/\/elfsight.com\/pl\/cookie-consent-widget\/google-sites\/","og_site_name":"Elfsight PL","article_modified_time":"2024-11-14T08:52:25+00:00","twitter_card":"summary_large_image","twitter_misc":{"Szacowany czas czytania":"3 minuty"},"schema":{"@context":"https:\/\/schema.org","@graph":[{"@type":"WebPage","@id":"https:\/\/elfsight.com\/pl\/cookie-consent-widget\/google-sites\/","url":"https:\/\/elfsight.com\/pl\/cookie-consent-widget\/google-sites\/","name":"Zgoda na pliki cookie \u2013 dodanie wid\u017cetu plik\u00f3w cookie do Witryn Google (2025)","isPartOf":{"@id":"https:\/\/elfsight.com\/pl\/#website"},"datePublished":"2024-05-03T06:33:08+00:00","dateModified":"2024-11-14T08:52:25+00:00","description":"Dodaj responsywny wid\u017cet zgody na pliki cookie w swoich Witrynach Google i uzyskaj pe\u0142ne zaufanie. Skorzystaj z por\u0119cznej wersji demonstracyjnej Elfsight, aby zbudowa\u0107 spersonalizowan\u0105 funkcj\u0119.","breadcrumb":{"@id":"https:\/\/elfsight.com\/pl\/cookie-consent-widget\/google-sites\/#breadcrumb"},"inLanguage":"pl-PL","potentialAction":[{"@type":"ReadAction","target":["https:\/\/elfsight.com\/pl\/cookie-consent-widget\/google-sites\/"]}]},{"@type":"BreadcrumbList","@id":"https:\/\/elfsight.com\/pl\/cookie-consent-widget\/google-sites\/#breadcrumb","itemListElement":[{"@type":"ListItem","position":1,"name":"Home","item":"https:\/\/elfsight.com\/pl\/"},{"@type":"ListItem","position":2,"name":"Cookie Consent","item":"https:\/\/elfsight.com\/pl\/cookie-consent-widget\/"},{"@type":"ListItem","position":3,"name":"Cookie Consent &#8211; Google Sites"}]},{"@type":"WebSite","@id":"https:\/\/elfsight.com\/pl\/#website","url":"https:\/\/elfsight.com\/pl\/","name":"Elfsight PL","description":"Just another Elfsight Sites site","potentialAction":[{"@type":"SearchAction","target":{"@type":"EntryPoint","urlTemplate":"https:\/\/elfsight.com\/pl\/?s={search_term_string}"},"query-input":{"@type":"PropertyValueSpecification","valueRequired":true,"valueName":"search_term_string"}}],"inLanguage":"pl-PL"}]}},"meta_box":{"industry":"","seo_heading":"","heading":"","description":"","cta_heading":"","cta_description":"","application":"2166","h1":"Zgoda dotycz\u0105ca plik\u00f3w cookie Witryn Google","h1_caption":"Przestrzegaj przepis\u00f3w dotycz\u0105cych prywatno\u015bci, dodaj\u0105c do swojej witryny baner wyra\u017caj\u0105cy zgod\u0119 na pliki cookie, co zapewni bezproblemow\u0105 przejrzysto\u015b\u0107 danych u\u017cytkownik\u00f3w w Witrynach Google.","application_category":[],"applications_title":"","applications_request_title":"","applications_request_button_text":"","hero_text":"","hero_video":"","hero_video_schema_markup":"","selling_points_title":"","selling_points_caption":"","selling_points":[],"selling_points_cta_text":"","features_title":"","features":"","ed_cta_examples_text":"","ed_cta_examples_hidden":"","ed_cta_demo_text":"","ed_cta_demo_hidden":"","why_caption":"","why_editor_title":"","why_editor_text":"","why_team_title":"","why_team_text":"","why_service_title":"","why_service_text":"","template_catalog_visible":"","template_catalog_title":"","template_catalog_text":"","template_catalog_categories_visible":"","demo_title":"Utw\u00f3rz wid\u017cet zgody na pliki cookie","demo_caption":"Skonfiguruj zgod\u0119 na pliki cookie i dodaj j\u0105 do swojej witryny Google Sites za darmo!","default_faq_hidden":"","app_template_category":[],"platform":"484","template_public_id":"","codecanyon_url":"","codecanyon_item_id":"","codecanyon_price":"","pricing_caption":"","pricing_elfsight_apps_hide_column":"","pricing_elfsight_apps_url":"","pricing_codecanyon_price_caption":"","integration_category":[],"integration_request_title":"","integration_request_cta":"","integration_platform":"","integrations":[],"platform_category":[],"video_schema_markup":"","price":"od 0 USD \/ miesi\u0105c","trial":"","benefits":[{"text":"Bezp\u0142atna us\u0142uga monta\u017cu"},{"text":"Do\u015bwiadczona obs\u0142uga klienta"},{"text":"14-dniowa gwarancja zwrotu pieni\u0119dzy"}],"button_url":"#demo","button_target_blank":"","button_nofollow":"","attributes":[{"name":"Instaluje"},{"name":"Czu\u0142y"},{"name":"Kompatybilne przegl\u0105darki"}],"tags":[],"tags_disable_links":"","hide_more_platforms":"","video_object":"","demo_hide_cta":"","demo_hide_cloud_options":"","pricing_title":"","pricing":[{"pricing_icon":"platform","pricing_title":"Elfsight Apps","pricing_title_caption":"Oprogramowanie wieloplatformowe, kt\u00f3re pasuje do ka\u017cdej witryny internetowej","pricing_price":"od 0 USD \/ miesi\u0105c","pricing_price_caption":"zacznij od bezp\u0142atnego planu","pricing_benefits":[{"text":"Nielimitowane strony internetowe"},{"text":"Wsparcie premium i na czas"},{"text":"Bezp\u0142atna pomoc w instalacji"},{"text":"W pe\u0142ni konfigurowalny"}],"pricing_button_text":"Dodaj do witryny","pricing_button_url":"#demo"}],"related_apps_title":"","related_apps_hidden":"","author":"","image":[],"title":"","job":"","social_networks":[]},"_links":{"self":[{"href":"https:\/\/elfsight.com\/pl\/wp-json\/wp\/v2\/pages\/4725","targetHints":{"allow":["GET"]}}],"collection":[{"href":"https:\/\/elfsight.com\/pl\/wp-json\/wp\/v2\/pages"}],"about":[{"href":"https:\/\/elfsight.com\/pl\/wp-json\/wp\/v2\/types\/page"}],"author":[{"embeddable":true,"href":"https:\/\/elfsight.com\/pl\/wp-json\/wp\/v2\/users\/9"}],"replies":[{"embeddable":true,"href":"https:\/\/elfsight.com\/pl\/wp-json\/wp\/v2\/comments?post=4725"}],"version-history":[{"count":1,"href":"https:\/\/elfsight.com\/pl\/wp-json\/wp\/v2\/pages\/4725\/revisions"}],"predecessor-version":[{"id":4729,"href":"https:\/\/elfsight.com\/pl\/wp-json\/wp\/v2\/pages\/4725\/revisions\/4729"}],"up":[{"embeddable":true,"href":"https:\/\/elfsight.com\/pl\/wp-json\/wp\/v2\/pages\/2167"}],"wp:attachment":[{"href":"https:\/\/elfsight.com\/pl\/wp-json\/wp\/v2\/media?parent=4725"}],"curies":[{"name":"wp","href":"https:\/\/api.w.org\/{rel}","templated":true}]}}