{"id":4719,"date":"2024-05-03T06:33:06","date_gmt":"2024-05-03T06:33:06","guid":{"rendered":"https:\/\/elfsight.com\/pl\/?page_id=4719"},"modified":"2024-10-24T13:28:20","modified_gmt":"2024-10-24T13:28:20","slug":"prestashop","status":"publish","type":"page","link":"https:\/\/elfsight.com\/pl\/cookie-consent-widget\/prestashop\/","title":{"rendered":"Cookie Consent &#8211; PrestaShop"},"content":{"rendered":"<div class=\"application-platform-content-item-description application-platform-content-item\" id=\"description\" data-nav-section=\"description\"><h2>Opis<\/h2><p>Dzi\u0119ki wid\u017cetowi Elfsight Cookie Consent powiadamianie u\u017cytkownik\u00f3w, \u017ce Twoja witryna stosuje pliki cookie, sta\u0142o si\u0119 ca\u0142kowicie proste przez czyste wyskakuj\u0105ce okienko. Nasz widget umo\u017cliwia dodanie niestandardowej wiadomo\u015bci, udost\u0119pnienie linku do warunk\u00f3w korzystania ze strony oraz umieszczenie aktywnych przycisk\u00f3w w celu uzyskania zgody u\u017cytkownik\u00f3w. Mo\u017cesz wybra\u0107, czy widget ma by\u0107 wy\u015bwietlany jako pasek czy ramka i przypisa\u0107 jego po\u0142o\u017cenie na stronie. Ponadto elementy, kt\u00f3re mo\u017cna pomalowa\u0107, pomog\u0105 Ci uczyni\u0107 go natywnym i dopasowa\u0107 do og\u00f3lnego stylu witryny. <\/p><p><b>Dzi\u0119ki zgodzie na pliki cookie mo\u017cesz szybciej rozwija\u0107 dzia\u0142alno\u015b\u0107 i zwi\u0119ksza\u0107 sprzeda\u017c <\/b><\/p> <\/div> <div class=\"application-platform-content-item-features application-platform-content-item\" id=\"features\" data-nav-section=\"features\"> <h2>Znajd\u017a poni\u017cej najwa\u017cniejsze funkcje widget: <\/h2> <ul><li>Powiadamiaj odwiedzaj\u0105cych witryn\u0119 o u\u017cywaniu plik\u00f3w cookie w Twojej witrynie<\/li><li>Poka\u017c proste powiadomienie lub popro\u015b o zgod\u0119<\/li><li>Dodaj w\u0142asne powiadomienie z linkami i obs\u0142ugiwane formatowanie<\/li><li>Poka\u017c lub ukryj przycisk powiadomienia<\/li><li>Opcja edycji tekstu etykiety przycisku<\/li><li>Przyciski Odrzu\u0107 i Zaakceptuj dla typu pro\u015bby o zgod\u0119<\/li><li>Dodaj lub usu\u0144 ikon\u0119 pliku cookie<\/li><li>Wybierz uk\u0142ad paska lub pude\u0142ka wid\u017cetu<\/li><\/ul><p><a href=\"#demo\">Mo\u017cesz sprawdzi\u0107, kt\u00f3ry widget warto wypr\u00f3bowa\u0107 pobierz wersj\u0119 demonstracyjn\u0105<\/a><\/p> <\/div> <div class=\"application-platform-content-item-installation application-platform-content-item\" id=\"installation\" data-nav-section=\"installation\"> <h2>Jak doda\u0107 zgod\u0119 na pliki cookie do mojej witryny PrestaShop? <\/h2> <p>Wystarczy wykona\u0107 kilka krok\u00f3w opisanych poni\u017cej, aby zintegrowa\u0107 widget. <\/p> <ol><li><b>Skorzystaj z naszej bezp\u0142atnej wersji demonstracyjnej i zacznij tworzy\u0107 spersonalizowany widget. <\/b><br> Znajd\u017a wybrany wygl\u0105d i opcje wid\u017cetu i zastosuj poprawki. <\/li> <li><b>Uzyskaj indywidualny kod pokazany w specjalnym formularzu w aplikacjach Elfsight. <\/b><br> Po zako\u0144czeniu tworzenia wid\u017cetu skopiuj ekskluzywny kod z wy\u015bwietlonego wyskakuj\u0105cego okienka i zachowaj go na p\u00f3\u017aniej. <\/li> <li><b>Rozpocznij korzystanie z wid\u017cetu na swojej stronie internetowej PrestaShop. <\/b><br> Zaimplementuj skopiowany ostatnio kod na swojej stronie i zapisz zmiany. <\/li> <li><b>Instalacja zosta\u0142a w pe\u0142ni uko\u0144czona. <\/b><br> Przejd\u017a do swojej witryny, aby zobaczy\u0107 dzia\u0142anie wid\u017cetu. <\/li><\/ol> <p>W przypadku pyta\u0144 lub trudno\u015bci prosimy o kontakt z naszym personelem pomocy technicznej. Nasi konsultanci z przyjemno\u015bci\u0105 pomog\u0105 Ci we wszystkich problemach, jakie mo\u017cesz mie\u0107 z produktem. <\/p> <div class=\"faq\" data-component=\"FAQ\"><div class=\"faq-item\">\r\n\t\t\t\t\t<div class=\"faq-item-question\">\r\n\t\t\t\t\t\t<h3 class=\"faq-item-question-text\">Jak doda\u0107 zgod\u0119 na pliki cookie do mojej witryny PrestaShop bez umiej\u0119tno\u015bci kodowania?<\/h3>\r\n\r\n\t\t\t\t\t\t<div class=\"faq-item-question-icon\"><\/div>\r\n\t\t\t\t\t<\/div>\r\n\r\n\t\t\t\t\t<div class=\"faq-item-answer\">\r\n\t\t\t\t\t\t<div class=\"faq-item-answer-text\"> <p>Elfsight zapewnia rozwi\u0105zanie SaaS, kt\u00f3re pozwala samodzielnie utworzy\u0107 wid\u017cet zgody na pliki cookie, zobacz, jak \u0142atwy jest ten proces to: Pracuj bezpo\u015brednio w edytorze online, aby utworzy\u0107 wid\u017cet zgody na pliki cookie, kt\u00f3ry chcia\u0142by\u015b zobaczy\u0107 na swojej stronie PrestaShop. Wybierz jeden z gotowych szablon\u00f3w i dostosuj ustawienia zgody na pliki cookie, dodaj tre\u015b\u0107, zmie\u0144 uk\u0142ad i kolory bez umiej\u0119tno\u015bci kodowania. Zapisz zgod\u0119 na pliki cookie i skopiuj jej kod instalacyjny, kt\u00f3ry mo\u017cesz wklei\u0107 na swojej stronie PrestaShop bez konieczno\u015bci zakupu wersji p\u0142atnej. Dzi\u0119ki naszemu intuicyjnemu edytorowi ka\u017cdy u\u017cytkownik Internetu mo\u017ce utworzy\u0107 wid\u017cet zgody na pliki cookie online i \u0142atwo osadzi\u0107 go na swojej stronie PrestaShop. Aby uzyska\u0107 dost\u0119p do us\u0142ugi, nie trzeba p\u0142aci\u0107 ani wprowadza\u0107 danych uwierzytelniaj\u0105cych karty. Je\u015bli na kt\u00f3rymkolwiek etapie napotkasz jakiekolwiek problemy, skontaktuj si\u0119 z naszym zespo\u0142em pomocy technicznej.<\/p> <\/div>\r\n\t\t\t\t\t<\/div>\r\n\t\t\t\t<\/div> <\/div><\/div>","protected":false},"excerpt":{"rendered":"","protected":false},"author":9,"featured_media":0,"parent":2167,"menu_order":0,"comment_status":"closed","ping_status":"closed","template":"templates\/template-application-platform.php","meta":{"publish_to_discourse":"","publish_post_category":"","wpdc_auto_publish_overridden":"","wpdc_topic_tags":"","wpdc_pin_topic":"","wpdc_pin_until":"","discourse_post_id":"","discourse_permalink":"","wpdc_publishing_response":"","wpdc_publishing_error":"","footnotes":""},"class_list":["post-4719","page","type-page","status-publish","hentry"],"yoast_head":"<!-- This site is optimized with the Yoast SEO plugin v25.3.1 - https:\/\/yoast.com\/wordpress\/plugins\/seo\/ -->\n<title>Dodaj wtyczk\u0119 Cookie Consent do witryny PrestaShop (2025)<\/title>\n<meta name=\"description\" content=\"Dzi\u0119ki Elfsight stw\u00f3rz dodatek Cookie Consent i opublikuj go w mgnieniu oka na swojej stronie PrestaShop. Oferujemy bezp\u0142atn\u0105 obs\u0142ug\u0119 klienta.\" \/>\n<meta name=\"robots\" content=\"index, follow, max-snippet:-1, max-image-preview:large, max-video-preview:-1\" \/>\n<link rel=\"canonical\" href=\"https:\/\/elfsight.com\/pl\/cookie-consent-widget\/prestashop\/\" \/>\n<meta property=\"og:locale\" content=\"pl_PL\" \/>\n<meta property=\"og:type\" content=\"article\" \/>\n<meta property=\"og:title\" content=\"Dodaj wtyczk\u0119 Cookie Consent do witryny PrestaShop (2025)\" \/>\n<meta property=\"og:description\" content=\"Dzi\u0119ki Elfsight stw\u00f3rz dodatek Cookie Consent i opublikuj go w mgnieniu oka na swojej stronie PrestaShop. Oferujemy bezp\u0142atn\u0105 obs\u0142ug\u0119 klienta.\" \/>\n<meta property=\"og:url\" content=\"https:\/\/elfsight.com\/pl\/cookie-consent-widget\/prestashop\/\" \/>\n<meta property=\"og:site_name\" content=\"Elfsight PL\" \/>\n<meta property=\"article:modified_time\" content=\"2024-10-24T13:28:20+00:00\" \/>\n<meta name=\"twitter:card\" content=\"summary_large_image\" \/>\n<meta name=\"twitter:label1\" content=\"Szacowany czas czytania\" \/>\n\t<meta name=\"twitter:data1\" content=\"3 minuty\" \/>\n<!-- \/ Yoast SEO plugin. -->","yoast_head_json":{"title":"Dodaj wtyczk\u0119 Cookie Consent do witryny PrestaShop (2025)","description":"Dzi\u0119ki Elfsight stw\u00f3rz dodatek Cookie Consent i opublikuj go w mgnieniu oka na swojej stronie PrestaShop. Oferujemy bezp\u0142atn\u0105 obs\u0142ug\u0119 klienta.","robots":{"index":"index","follow":"follow","max-snippet":"max-snippet:-1","max-image-preview":"max-image-preview:large","max-video-preview":"max-video-preview:-1"},"canonical":"https:\/\/elfsight.com\/pl\/cookie-consent-widget\/prestashop\/","og_locale":"pl_PL","og_type":"article","og_title":"Dodaj wtyczk\u0119 Cookie Consent do witryny PrestaShop (2025)","og_description":"Dzi\u0119ki Elfsight stw\u00f3rz dodatek Cookie Consent i opublikuj go w mgnieniu oka na swojej stronie PrestaShop. Oferujemy bezp\u0142atn\u0105 obs\u0142ug\u0119 klienta.","og_url":"https:\/\/elfsight.com\/pl\/cookie-consent-widget\/prestashop\/","og_site_name":"Elfsight PL","article_modified_time":"2024-10-24T13:28:20+00:00","twitter_card":"summary_large_image","twitter_misc":{"Szacowany czas czytania":"3 minuty"},"schema":{"@context":"https:\/\/schema.org","@graph":[{"@type":"WebPage","@id":"https:\/\/elfsight.com\/pl\/cookie-consent-widget\/prestashop\/","url":"https:\/\/elfsight.com\/pl\/cookie-consent-widget\/prestashop\/","name":"Dodaj wtyczk\u0119 Cookie Consent do witryny PrestaShop (2025)","isPartOf":{"@id":"https:\/\/elfsight.com\/pl\/#website"},"datePublished":"2024-05-03T06:33:06+00:00","dateModified":"2024-10-24T13:28:20+00:00","description":"Dzi\u0119ki Elfsight stw\u00f3rz dodatek Cookie Consent i opublikuj go w mgnieniu oka na swojej stronie PrestaShop. Oferujemy bezp\u0142atn\u0105 obs\u0142ug\u0119 klienta.","breadcrumb":{"@id":"https:\/\/elfsight.com\/pl\/cookie-consent-widget\/prestashop\/#breadcrumb"},"inLanguage":"pl-PL","potentialAction":[{"@type":"ReadAction","target":["https:\/\/elfsight.com\/pl\/cookie-consent-widget\/prestashop\/"]}]},{"@type":"BreadcrumbList","@id":"https:\/\/elfsight.com\/pl\/cookie-consent-widget\/prestashop\/#breadcrumb","itemListElement":[{"@type":"ListItem","position":1,"name":"Home","item":"https:\/\/elfsight.com\/pl\/"},{"@type":"ListItem","position":2,"name":"Cookie Consent","item":"https:\/\/elfsight.com\/pl\/cookie-consent-widget\/"},{"@type":"ListItem","position":3,"name":"Cookie Consent &#8211; PrestaShop"}]},{"@type":"WebSite","@id":"https:\/\/elfsight.com\/pl\/#website","url":"https:\/\/elfsight.com\/pl\/","name":"Elfsight PL","description":"Just another Elfsight Sites site","potentialAction":[{"@type":"SearchAction","target":{"@type":"EntryPoint","urlTemplate":"https:\/\/elfsight.com\/pl\/?s={search_term_string}"},"query-input":{"@type":"PropertyValueSpecification","valueRequired":true,"valueName":"search_term_string"}}],"inLanguage":"pl-PL"}]}},"meta_box":{"industry":"","seo_heading":"","heading":"","description":"","cta_heading":"","cta_description":"","application":"2166","h1":"Dodatek dotycz\u0105cy zgody na pliki cookie PrestaShop","h1_caption":"Przestrzegaj przepis\u00f3w dotycz\u0105cych prywatno\u015bci, dodaj\u0105c baner wyra\u017caj\u0105cy zgod\u0119 na pliki cookie do swojej witryny, zapewniaj\u0105c bezproblemow\u0105 przejrzysto\u015b\u0107 danych u\u017cytkownika w witrynie Prestashop.","application_category":[],"applications_title":"","applications_request_title":"","applications_request_button_text":"","hero_text":"","hero_video":"","hero_video_schema_markup":"","selling_points_title":"","selling_points_caption":"","selling_points":[],"selling_points_cta_text":"","features_title":"","features":"","ed_cta_examples_text":"","ed_cta_examples_hidden":"","ed_cta_demo_text":"","ed_cta_demo_hidden":"","why_caption":"","why_editor_title":"","why_editor_text":"","why_team_title":"","why_team_text":"","why_service_title":"","why_service_text":"","template_catalog_visible":"","template_catalog_title":"","template_catalog_text":"","template_catalog_categories_visible":"","demo_title":"Pospiesz si\u0119, aby z \u0142atwo\u015bci\u0105 kszta\u0142towa\u0107 niestandardow\u0105 zgod\u0119 na pliki cookie PrestaShop!","demo_caption":"Dostosuj go i umie\u015b\u0107 wid\u017cet na swojej stronie internetowej z wersji demonstracyjnej na \u017cywo","default_faq_hidden":"","app_template_category":[],"platform":"586","template_public_id":"","codecanyon_url":"","codecanyon_item_id":"","codecanyon_price":"","pricing_caption":"","pricing_elfsight_apps_hide_column":"","pricing_elfsight_apps_url":"","pricing_codecanyon_price_caption":"","integration_category":[],"integration_request_title":"","integration_request_cta":"","integration_platform":"","integrations":[],"platform_category":[],"video_schema_markup":"","price":"od 0 USD \/ miesi\u0105c","trial":"","benefits":[{"text":"Bezp\u0142atna us\u0142uga monta\u017cu"},{"text":"Wsparcie premium"},{"text":"14-dniowa gwarancja zwrotu pieni\u0119dzy"}],"button_url":"#demo","button_target_blank":"","button_nofollow":"","attributes":[{"name":"Instaluje"},{"name":"Czu\u0142y"},{"name":"Kompatybilne przegl\u0105darki"}],"tags":[],"tags_disable_links":"","hide_more_platforms":"","video_object":"","demo_hide_cta":"","demo_hide_cloud_options":"","pricing_title":"","pricing":[{"pricing_icon":"platform","pricing_title":"Elfsight Apps","pricing_title_caption":"Wersja niezale\u017cna od platformy, kt\u00f3ra pasuje do ka\u017cdej witryny","pricing_price":"od 0 USD \/ miesi\u0105c","pricing_price_caption":"zacznij od bezp\u0142atnego planu","pricing_benefits":[{"text":"Nielimitowane strony internetowe"},{"text":"Najwy\u017csza obs\u0142uga klienta"},{"text":"Bezp\u0142atna pomoc w monta\u017cu"},{"text":"W pe\u0142ni konfigurowalny"}],"pricing_button_text":"Dodaj do witryny","pricing_button_url":"#demo"}],"related_apps_title":"","related_apps_hidden":"","author":"","image":[],"title":"","job":"","social_networks":[]},"_links":{"self":[{"href":"https:\/\/elfsight.com\/pl\/wp-json\/wp\/v2\/pages\/4719","targetHints":{"allow":["GET"]}}],"collection":[{"href":"https:\/\/elfsight.com\/pl\/wp-json\/wp\/v2\/pages"}],"about":[{"href":"https:\/\/elfsight.com\/pl\/wp-json\/wp\/v2\/types\/page"}],"author":[{"embeddable":true,"href":"https:\/\/elfsight.com\/pl\/wp-json\/wp\/v2\/users\/9"}],"replies":[{"embeddable":true,"href":"https:\/\/elfsight.com\/pl\/wp-json\/wp\/v2\/comments?post=4719"}],"version-history":[{"count":1,"href":"https:\/\/elfsight.com\/pl\/wp-json\/wp\/v2\/pages\/4719\/revisions"}],"predecessor-version":[{"id":4723,"href":"https:\/\/elfsight.com\/pl\/wp-json\/wp\/v2\/pages\/4719\/revisions\/4723"}],"up":[{"embeddable":true,"href":"https:\/\/elfsight.com\/pl\/wp-json\/wp\/v2\/pages\/2167"}],"wp:attachment":[{"href":"https:\/\/elfsight.com\/pl\/wp-json\/wp\/v2\/media?parent=4719"}],"curies":[{"name":"wp","href":"https:\/\/api.w.org\/{rel}","templated":true}]}}