{"id":4717,"date":"2024-05-03T06:33:04","date_gmt":"2024-05-03T06:33:04","guid":{"rendered":"https:\/\/elfsight.com\/pl\/?page_id=4717"},"modified":"2026-01-14T13:25:17","modified_gmt":"2026-01-14T13:25:17","slug":"wordpress","status":"publish","type":"page","link":"https:\/\/elfsight.com\/pl\/contact-form-widget\/wordpress\/","title":{"rendered":"Contact Form &#8211; WordPress"},"content":{"rendered":"\n<div class=\"application-platform-content-item-description application-platform-content-item\" id=\"description\" data-nav-section=\"description\">\n<h2>Formularz kontaktowy do WordPressa<\/h2>\n<p>Responsywna wtyczka formularza kontaktowego do WordPressa to narz\u0119dzie, kt\u00f3rego g\u0142\u00f3wnym celem jest pomoc w ci\u0105g\u0142ym pozyskiwaniu opinii i zapyta\u0144 od klient\u00f3w na Twojej stronie. Mo\u017cesz wy\u015bwietla\u0107 niezb\u0119dne pola do wype\u0142nienia, wybra\u0107 odpowiedni szablon i zaprojektowa\u0107 interfejs wtyczki formularza kontaktowego WordPress, aby zach\u0119ci\u0107 u\u017cytkownik\u00f3w do zostawiania zapyta\u0144 dotycz\u0105cych us\u0142ug Twojej firmy. Widget Formularz zosta\u0142 zaprojektowany tak, aby spe\u0142nia\u0107 Twoje potrzeby w zakresie zbierania opinii i utrzymywania kontaktu z klientami.<\/p>\n<p><b>Otrzymuj opinie, zam\u00f3wienia i odpowiadaj na pytania odwiedzaj\u0105cych Twoj\u0105 witryn\u0119!<\/b><\/p>\n<ul>\n    <li><b>Post\u0119p w generowaniu lead\u00f3w<\/b>.<br>Utrzymuj kontakt z potencjalnymi klientami, inspiruj\u0105c ich do kontaktu poprzez widget formularza kontaktowego WordPress. Mniejsza liczba p\u00f3l przyczynia si\u0119 do wy\u017cszej konwersji.<\/li>\n    <li><b>Unikaj spamu<\/b>.<br>Korzystaj z zabezpieczenia reCAPTCHA od Google, aby chroni\u0107 swoj\u0105 skrzynk\u0119 odbiorcz\u0105 przed spamem i botami.<\/li>\n    <li><b>\u0141atwe zbieranie opinii<\/b>.<br>Stw\u00f3rz widoczny formularz kontaktowy dla WordPressa lub Elementora, aby u\u017cytkownicy mogli \u0142atwo go znale\u017a\u0107 i przesy\u0142a\u0107 swoje opinie, kiedy tylko zechc\u0105.<\/li>\n<\/ul>\n<\/div>\n\n<div class=\"application-platform-content-item-features application-platform-content-item\" id=\"features\" data-nav-section=\"features\">\n<h2>Funkcje wtyczki formularza kontaktowego<\/h2>\n<p>Co sprawia, \u017ce nasz formularz kontaktowy to najlepsza wtyczka do zbierania opinii i zapyta\u0144 na stronach WordPress? Oto jego najwa\u017cniejsze funkcje:<\/p>\n<ul>\n    <li>Ustaw w\u0142asne etykiety p\u00f3l;<\/li>\n    <li>Dodaj obrazek, logo lub zdj\u0119cie nad formularzem;<\/li>\n    <li>Uk\u0142ad inline z automatycznym dopasowaniem p\u00f3l do szeroko\u015bci formularza;<\/li>\n    <li>Google reCAPTCHA chroni Tw\u00f3j formularz przed spamem i botami;<\/li>\n    <li>Nowoczesny design, kt\u00f3ry pasuje do 99% stron internetowych.<\/li>\n<\/ul>\n<p><a href=\"#demo\">Sprawd\u017a wszystkie funkcje w naszym konfiguratorze<\/a><\/p>\n<\/div>\n\n<div class=\"application-platform-content-item-installation application-platform-content-item\" id=\"installation\" data-nav-section=\"installation\">\n<h2>Jak doda\u0107 formularz kontaktowy do witryny WordPress<\/h2>\n<div class=\"video-container\">\n<iframe width=\"720\" height=\"405\" src=\"https:\/\/www.youtube.com\/embed\/x8OtxMvGjMc?si=1s3BJaBoY2AwAr-0\" frameborder=\"0\" allowfullscreen=\"\"><\/iframe>\n<\/div>\n<p>Post\u0119puj zgodnie z poni\u017cszymi krokami, aby zainstalowa\u0107 wtyczk\u0119 na WordPressie.<\/p>\n<ol>\n    <li><b>Otw\u00f3rz nasze darmowe demo i rozpocznij tworzenie swojego spersonalizowanego formularza kontaktowego.<\/b><br> Wybierz preferowany interfejs i parametry wid\u017cetu, a nast\u0119pnie zapisz zmiany.<\/li>\n    <li><b>Odbierz unikalny kod wy\u015bwietlany w aplikacjach Elfsight.<\/b><br> Po zako\u0144czeniu tworzenia formularza skopiuj kod z wy\u015bwietlonego okna i zapisz go do dalszego wykorzystania.<\/li>\n    <li><b>Rozpocznij korzystanie z wtyczki na swojej stronie WordPress.<\/b><br> Wprowad\u017a skopiowany kod na stron\u0119 i zapisz zmiany.<\/li>\n    <li><b>Gotowe! Konfiguracja zosta\u0142a zako\u0144czona.<\/b><br> Przejd\u017a na swoj\u0105 stron\u0119 i sprawd\u017a, jak dzia\u0142a wid\u017cet.<\/li>\n<\/ol>\n<p>Masz problemy z instalacj\u0105 lub konfiguracj\u0105 formularza? Zapoznaj si\u0119 z naszym szczeg\u00f3\u0142owym przewodnikiem \u00ab<a href=\"https:\/\/elfsight.com\/tutorials\/how-to-add-contact-form-plugin-to-wordpress\/\" target=\"_blank\" rel=\"noopener noreferrer\">Jak doda\u0107 formularz kontaktowy do WordPressa<\/a>\u00bb lub skontaktuj si\u0119 z zespo\u0142em wsparcia Elfsight, podaj\u0105c szczeg\u00f3\u0142owy opis problemu. Nasz zesp\u00f3\u0142 do\u0142o\u017cy wszelkich stara\u0144, aby Ci pom\u00f3c.<\/p>\n<\/div>\n\n<div class=\"faq\" data-component=\"FAQ\">\n<div class=\"faq-item\">\r\n\t\t\t\t\t<div class=\"faq-item-question\">\r\n\t\t\t\t\t\t<h3 class=\"faq-item-question-text\">Jak doda\u0107 formularz kontaktowy do mojej witryny WordPress bez umiej\u0119tno\u015bci kodowania?<\/h3>\r\n\r\n\t\t\t\t\t\t<div class=\"faq-item-question-icon\"><\/div>\r\n\t\t\t\t\t<\/div>\r\n\r\n\t\t\t\t\t<div class=\"faq-item-answer\">\r\n\t\t\t\t\t\t<div class=\"faq-item-answer-text\">\n<p>Elfsight oferuje rozwi\u0105zanie SaaS, kt\u00f3re pozwala na samodzielne stworzenie wid\u017cetu formularza kontaktowego. Proces jest bardzo prosty: pracuj bezpo\u015brednio w naszym edytorze online, aby stworzy\u0107 formularz kontaktowy, kt\u00f3ry chcesz doda\u0107 na swojej stronie WordPress. Wybierz jeden z gotowych szablon\u00f3w, dostosuj ustawienia, dodaj tre\u015b\u0107, zmie\u0144 uk\u0142ad i kolory, wszystko bez konieczno\u015bci znajomo\u015bci kodowania. Zapisz formularz i skopiuj kod instalacyjny, aby doda\u0107 go \u0142atwo do swojej strony. Nie potrzebujesz p\u0142atnej wersji ani wprowadzania danych karty p\u0142atniczej. Je\u015bli napotkasz jakiekolwiek problemy, skontaktuj si\u0119 z naszym zespo\u0142em wsparcia technicznego.<\/p>\n<\/div>\r\n\t\t\t\t\t<\/div>\r\n\t\t\t\t<\/div>\n\n<div class=\"faq-item\">\r\n\t\t\t\t\t<div class=\"faq-item-question\">\r\n\t\t\t\t\t\t<h3 class=\"faq-item-question-text\">Czy s\u0105 dost\u0119pne szablony formularzy kontaktowych dla WordPressa?<\/h3>\r\n\r\n\t\t\t\t\t\t<div class=\"faq-item-question-icon\"><\/div>\r\n\t\t\t\t\t<\/div>\r\n\r\n\t\t\t\t\t<div class=\"faq-item-answer\">\r\n\t\t\t\t\t\t<div class=\"faq-item-answer-text\">\n<p>Tak! Zesp\u00f3\u0142 Elfsight przygotowa\u0142 bogat\u0105 kolekcj\u0119 ponad 300 gotowych do u\u017cycia szablon\u00f3w. Sprawd\u017a <a href=\"https:\/\/elfsight.com\/online-form-builder\/templates\/contact-forms\/\">szablony formularzy kontaktowych<\/a> i znajd\u017a ten, kt\u00f3ry najlepiej odpowiada Twoim potrzebom.<\/p>\n<\/div>\r\n\t\t\t\t\t<\/div>\r\n\t\t\t\t<\/div>\n<\/div>\n\n","protected":false},"excerpt":{"rendered":"","protected":false},"author":9,"featured_media":0,"parent":2289,"menu_order":0,"comment_status":"closed","ping_status":"closed","template":"templates\/template-application-platform.php","meta":{"publish_to_discourse":"","publish_post_category":"","wpdc_auto_publish_overridden":"","wpdc_topic_tags":"","wpdc_pin_topic":"","wpdc_pin_until":"","discourse_post_id":"","discourse_permalink":"","wpdc_publishing_response":"","wpdc_publishing_error":"","footnotes":""},"class_list":["post-4717","page","type-page","status-publish","hentry"],"yoast_head":"<!-- This site is optimized with the Yoast SEO plugin v25.3.1 - https:\/\/yoast.com\/wordpress\/plugins\/seo\/ -->\n<title>Utw\u00f3rz i dodaj formularz kontaktowy na WordPress za darmo!<\/title>\n<meta name=\"description\" content=\"Stw\u00f3rz najlepsz\u0105 wtyczk\u0119 formularza kontaktowego dla WordPress i poka\u017c j\u0105 na swojej stronie. Darmowe demo, pomoc w konfiguracji i wiele wi\u0119cej bonus\u00f3w od Elfsight!\" \/>\n<meta name=\"robots\" content=\"index, follow, max-snippet:-1, max-image-preview:large, max-video-preview:-1\" \/>\n<link rel=\"canonical\" href=\"https:\/\/elfsight.com\/pl\/contact-form-widget\/wordpress\/\" \/>\n<meta property=\"og:locale\" content=\"pl_PL\" \/>\n<meta property=\"og:type\" content=\"article\" \/>\n<meta property=\"og:title\" content=\"Utw\u00f3rz i dodaj formularz kontaktowy na WordPress za darmo!\" \/>\n<meta property=\"og:description\" content=\"Stw\u00f3rz najlepsz\u0105 wtyczk\u0119 formularza kontaktowego dla WordPress i poka\u017c j\u0105 na swojej stronie. Darmowe demo, pomoc w konfiguracji i wiele wi\u0119cej bonus\u00f3w od Elfsight!\" \/>\n<meta property=\"og:url\" content=\"https:\/\/elfsight.com\/pl\/contact-form-widget\/wordpress\/\" \/>\n<meta property=\"og:site_name\" content=\"Elfsight PL\" \/>\n<meta property=\"article:modified_time\" content=\"2026-01-14T13:25:17+00:00\" \/>\n<meta name=\"twitter:card\" content=\"summary_large_image\" \/>\n<meta name=\"twitter:label1\" content=\"Szacowany czas czytania\" \/>\n\t<meta name=\"twitter:data1\" content=\"3 minuty\" \/>\n<!-- \/ Yoast SEO plugin. -->","yoast_head_json":{"title":"Utw\u00f3rz i dodaj formularz kontaktowy na WordPress za darmo!","description":"Stw\u00f3rz najlepsz\u0105 wtyczk\u0119 formularza kontaktowego dla WordPress i poka\u017c j\u0105 na swojej stronie. Darmowe demo, pomoc w konfiguracji i wiele wi\u0119cej bonus\u00f3w od Elfsight!","robots":{"index":"index","follow":"follow","max-snippet":"max-snippet:-1","max-image-preview":"max-image-preview:large","max-video-preview":"max-video-preview:-1"},"canonical":"https:\/\/elfsight.com\/pl\/contact-form-widget\/wordpress\/","og_locale":"pl_PL","og_type":"article","og_title":"Utw\u00f3rz i dodaj formularz kontaktowy na WordPress za darmo!","og_description":"Stw\u00f3rz najlepsz\u0105 wtyczk\u0119 formularza kontaktowego dla WordPress i poka\u017c j\u0105 na swojej stronie. Darmowe demo, pomoc w konfiguracji i wiele wi\u0119cej bonus\u00f3w od Elfsight!","og_url":"https:\/\/elfsight.com\/pl\/contact-form-widget\/wordpress\/","og_site_name":"Elfsight PL","article_modified_time":"2026-01-14T13:25:17+00:00","twitter_card":"summary_large_image","twitter_misc":{"Szacowany czas czytania":"3 minuty"},"schema":{"@context":"https:\/\/schema.org","@graph":[{"@type":"WebPage","@id":"https:\/\/elfsight.com\/pl\/contact-form-widget\/wordpress\/","url":"https:\/\/elfsight.com\/pl\/contact-form-widget\/wordpress\/","name":"Utw\u00f3rz i dodaj formularz kontaktowy na WordPress za darmo!","isPartOf":{"@id":"https:\/\/elfsight.com\/pl\/#website"},"datePublished":"2024-05-03T06:33:04+00:00","dateModified":"2026-01-14T13:25:17+00:00","description":"Stw\u00f3rz najlepsz\u0105 wtyczk\u0119 formularza kontaktowego dla WordPress i poka\u017c j\u0105 na swojej stronie. Darmowe demo, pomoc w konfiguracji i wiele wi\u0119cej bonus\u00f3w od Elfsight!","breadcrumb":{"@id":"https:\/\/elfsight.com\/pl\/contact-form-widget\/wordpress\/#breadcrumb"},"inLanguage":"pl-PL","potentialAction":[{"@type":"ReadAction","target":["https:\/\/elfsight.com\/pl\/contact-form-widget\/wordpress\/"]}]},{"@type":"BreadcrumbList","@id":"https:\/\/elfsight.com\/pl\/contact-form-widget\/wordpress\/#breadcrumb","itemListElement":[{"@type":"ListItem","position":1,"name":"Home","item":"https:\/\/elfsight.com\/pl\/"},{"@type":"ListItem","position":2,"name":"Contact Form","item":"https:\/\/elfsight.com\/pl\/contact-form-widget\/"},{"@type":"ListItem","position":3,"name":"Contact Form &#8211; WordPress"}]},{"@type":"WebSite","@id":"https:\/\/elfsight.com\/pl\/#website","url":"https:\/\/elfsight.com\/pl\/","name":"Elfsight PL","description":"Just another Elfsight Sites site","potentialAction":[{"@type":"SearchAction","target":{"@type":"EntryPoint","urlTemplate":"https:\/\/elfsight.com\/pl\/?s={search_term_string}"},"query-input":{"@type":"PropertyValueSpecification","valueRequired":true,"valueName":"search_term_string"}}],"inLanguage":"pl-PL"}]}},"meta_box":{"industry":"","seo_heading":"","heading":"","description":"","cta_heading":"","cta_description":"","application":"2288","h1":"Wtyczka Formularz kontaktowy WordPress","h1_caption":"Z \u0142atwo\u015bci\u0105 tw\u00f3rz i osadzaj formularze kontaktowe na swojej stronie internetowej, aby bez wysi\u0142ku zach\u0119ca\u0107 u\u017cytkownik\u00f3w do interakcji i wysy\u0142ania zapyta\u0144 do Twojej witryny WordPress.","application_category":[],"applications_title":"","applications_request_title":"","applications_request_button_text":"","hero_text":"","hero_video":"","hero_video_schema_markup":"","selling_points_title":"","selling_points_caption":"","selling_points":[],"selling_points_cta_text":"","features_title":"","features":"","ed_cta_examples_text":"","ed_cta_examples_hidden":"","ed_cta_demo_text":"","ed_cta_demo_hidden":"","why_caption":"","why_editor_title":"","why_editor_text":"","why_team_title":"","why_team_text":"","why_service_title":"","why_service_text":"","template_catalog_visible":"0","template_catalog_title":"","template_catalog_text":"","template_catalog_categories_visible":"","demo_title":"Utw\u00f3rz wtyczk\u0119 formularza kontaktowego","demo_caption":"Skonfiguruj sw\u00f3j formularz kontaktowy i dodaj go do swojej witryny WordPress za darmo!","default_faq_hidden":"","app_template_category":[],"platform":"31","template_public_id":"","codecanyon_url":"","codecanyon_item_id":"","codecanyon_price":"","pricing_caption":"","pricing_elfsight_apps_hide_column":"","pricing_elfsight_apps_url":"","pricing_codecanyon_price_caption":"","integration_category":[],"integration_request_title":"","integration_request_cta":"","integration_platform":"","integrations":[],"platform_category":[],"video_schema_markup":"","price":"od 0 USD \/ miesi\u0105c","trial":"","benefits":[{"text":"Bezp\u0142atna pomoc w monta\u017cu"},{"text":"Skuteczna obs\u0142uga klienta"},{"text":"14-dniowa gwarancja zwrotu pieni\u0119dzy"}],"button_url":"#demo","button_target_blank":"0","button_nofollow":"0","attributes":[{"name":"Instaluje"},{"name":"Czu\u0142y"},{"name":"Kompatybilne przegl\u0105darki"}],"tags":[],"tags_disable_links":"0","hide_more_platforms":"0","video_object":"","demo_hide_cta":"0","demo_hide_cloud_options":"0","pricing_title":"","pricing":[{"pricing_icon":"cloud","pricing_title":"Elfsight Apps","pricing_title_caption":"Oprogramowanie wieloplatformowe","pricing_price":"od 0 USD \/ miesi\u0105c","pricing_price_caption":"zacznij od bezp\u0142atnego planu","pricing_benefits":[{"text":"Nielimitowane strony internetowe"},{"text":"Wsparcie 24\/7"},{"text":"Bezp\u0142atna pomoc w instalacji"},{"text":"Specjalna cena za wiele aplikacji"}],"pricing_button_text":"Dodaj do witryny","pricing_button_url":"#demo"}],"related_apps_title":"","related_apps_hidden":"0","author":"","image":[],"title":"","job":"","social_networks":[]},"_links":{"self":[{"href":"https:\/\/elfsight.com\/pl\/wp-json\/wp\/v2\/pages\/4717","targetHints":{"allow":["GET"]}}],"collection":[{"href":"https:\/\/elfsight.com\/pl\/wp-json\/wp\/v2\/pages"}],"about":[{"href":"https:\/\/elfsight.com\/pl\/wp-json\/wp\/v2\/types\/page"}],"author":[{"embeddable":true,"href":"https:\/\/elfsight.com\/pl\/wp-json\/wp\/v2\/users\/9"}],"replies":[{"embeddable":true,"href":"https:\/\/elfsight.com\/pl\/wp-json\/wp\/v2\/comments?post=4717"}],"version-history":[{"count":4,"href":"https:\/\/elfsight.com\/pl\/wp-json\/wp\/v2\/pages\/4717\/revisions"}],"predecessor-version":[{"id":10836,"href":"https:\/\/elfsight.com\/pl\/wp-json\/wp\/v2\/pages\/4717\/revisions\/10836"}],"up":[{"embeddable":true,"href":"https:\/\/elfsight.com\/pl\/wp-json\/wp\/v2\/pages\/2289"}],"wp:attachment":[{"href":"https:\/\/elfsight.com\/pl\/wp-json\/wp\/v2\/media?parent=4717"}],"curies":[{"name":"wp","href":"https:\/\/api.w.org\/{rel}","templated":true}]}}