{"id":4712,"date":"2024-05-03T06:33:03","date_gmt":"2024-05-03T06:33:03","guid":{"rendered":"https:\/\/elfsight.com\/pl\/?page_id=4712"},"modified":"2025-06-25T09:39:13","modified_gmt":"2025-06-25T09:39:13","slug":"shopify","status":"publish","type":"page","link":"https:\/\/elfsight.com\/pl\/contact-form-widget\/shopify\/","title":{"rendered":"Contact Form &#8211; Shopify"},"content":{"rendered":"<div class=\"application-platform-content-item-description application-platform-content-item\" id=\"description\" data-nav-section=\"description\">\n    <h2>Formularz kontaktowy dla Shopify<\/h2>\n    <p>Szukasz narz\u0119dzia do tworzenia formularzy kontaktowych dla Shopify? Nasza wtyczka formularza kontaktowego dla Shopify mo\u017ce pom\u00f3c Ci w zaspokojeniu wszelkich g\u0142\u00f3wnych potrzeb zwi\u0105zanych z otrzymywaniem opinii i zam\u00f3wie\u0144 od klient\u00f3w Twojej witryny. Wystarczy zainstalowa\u0107 potrzebne pola do wype\u0142nienia, wybra\u0107 \u017c\u0105dany szablon i dostosowa\u0107 interfejs, aby jeszcze bardziej zach\u0119ci\u0107 klient\u00f3w do z\u0142o\u017cenia zam\u00f3wienia na us\u0142ugi Twojej firmy. Nasz niestandardowy formularz kontaktowy Shopify umo\u017cliwia r\u00f3wnie\u017c otrzymywanie wiadomo\u015bci e-mail z formularza kontaktowego Shopify od Twoich klient\u00f3w.<\/p>\n    <p><b>Uzyskuj referencje, otrzymuj pro\u015bby i wysy\u0142aj odpowiedzi na pytania u\u017cytkownik\u00f3w Twojej witryny!<\/b><\/p>\n    <ul>\n        <li><b>Zwi\u0119ksz liczb\u0119 potencjalnych klient\u00f3w<\/b>.<br>Utrzymuj sta\u0142\u0105 interakcj\u0119 z potencjalnymi klientami o ka\u017cdej porze dnia i nocy, korzystaj\u0105c z wygodnego formularza na swojej stronie internetowej i znajduj u\u017cytkownik\u00f3w gotowych do z\u0142o\u017cenia zam\u00f3wienia i kupuj.<\/li>\n        <li><b>Poznaj lepiej klient\u00f3w<\/b>.<br>Pytania, podejrzenia, niedowierzania i r\u00f3\u017cne opinie Twoich klient\u00f3w na temat Twoich ofert lub us\u0142ug daj\u0105 Ci wi\u0119ksze szanse na zrozumienie wymaga\u0144 odwiedzaj\u0105cych Twoj\u0105 witryn\u0119 i skutecznie zastosuj koncepcj\u0119 rozszerzenia swojej firmy.<\/li>\n        <li><b>Chro\u0144 swoj\u0105 skrzynk\u0119 pocztow\u0105 przed spamem<\/b>.<br>Nie pozw\u00f3l botom na \u0142adowanie Twojej skrzynki e-mail wiadomo\u015bci-\u015bmieci. Nasz formularz jest wyposa\u017cony w funkcj\u0119 Google reCAPTCHA, kt\u00f3ra chroni Twoj\u0105 skrzynk\u0119 e-mail przed automatycznym spamowaniem i botami.<\/li>\n    <\/ul>\n<\/div>\n\n<div class=\"application-platform-content-item-features application-platform-content-item\" id=\"features\" data-nav-section=\"features\">\n    <h2>Funkcje wtyczki formularza kontaktowego<\/h2>\n    <p>Co sprawia, \u017ce \u200b\u200bformularz kontaktowy Elfsight jest najlepsz\u0105 aplikacj\u0105 do otrzymywania reakcji klient\u00f3w i zapyta\u0144 w witrynach Shopify? Sprawd\u017a nasze kluczowe cechy funkcjonalno\u015bci:<\/p>\n    <ul>\n        <li>Minimalny zestaw p\u00f3l do przes\u0142ania opinii: imi\u0119 i nazwisko, adres e-mail, telefon i wiadomo\u015b\u0107;<\/li>\n        <li>Ustaw dowoln\u0105 szeroko\u015b\u0107 formularza;<\/li>\n        <li>2 predefiniowane uk\u0142ady: wbudowany do dodania do tre\u015bci strony i ruchomy, pod\u0105\u017caj\u0105cy za przewijaniem osoby odwiedzaj\u0105cej;<\/li>\n        <li>Wszystkie dane wprowadzone do formularza s\u0105 zapisywane w toku;<\/li>\n        <li>Dzia\u0142a i wygl\u0105da doskonale na urz\u0105dzeniach mobilnych.<\/li>\n    <\/ul>\n    <p><a href=\"#demo\">Sprawd\u017a pe\u0142en zestaw zalet w naszej wersji demonstracyjnej<\/a><\/p>\n<\/div>\n\n<div class=\"application-platform-content-item-installation application-platform-content-item\" id=\"installation\" data-nav-section=\"installation\">\n    <h2>Jak doda\u0107 formularz kontaktowy do witryny Shopify<\/h2>\n    <div class=\"video-container\"><iframe width=\"720\" height=\"405\" src=\"https:\/\/www.youtube.com\/embed\/ORhSwUsmv9c\" frameborder=\"0\" allowfullscreen=\"\"><\/iframe><\/div>\n    <p>Post\u0119puj zgodnie z naszymi instrukcjami, aby b\u0142yskawicznie umie\u015bci\u0107 aplikacj\u0119 kontaktow\u0105 na swojej stronie. Aby zainstalowa\u0107 nasz formularz kontaktowy, nie jest konieczne posiadanie do\u015bwiadczenia w programowaniu. Pe\u0142na konfiguracja trwa tylko 3 minuty.<\/p>\n    <ol>\n        <li><b>Skorzystaj z naszego bezp\u0142atnego konfiguratora i zacznij tworzy\u0107 aplikacj\u0119 szyt\u0105 na miar\u0119. <\/b><br> Wybierz preferowany uk\u0142ad i parametry aplikacji i zastosuj wszystkie poprawki. <\/li>\n        <li><b>Odbierz sw\u00f3j unikalny kod pokazany w polu w aplikacjach Elfsight. <\/b><br> Zaraz po zako\u0144czeniu generowania aplikacji osobistej skopiuj kod w wy\u015bwietlonym oknie i zapisz go do wykorzystania w przysz\u0142o\u015bci. <\/li>\n        <li><b>Rozpocznij korzystanie z aplikacji w witrynie Shopify. <\/b><br> Umie\u015b\u0107 skopiowany wcze\u015bniej kod na swojej stronie i zapisz ulepszenia. <\/li>\n        <li><b>Gotowe! Integracja zosta\u0142a pomy\u015blnie przeprowadzona. <\/b><br> Odwied\u017a swoj\u0105 witryn\u0119, aby sprawdzi\u0107 dzia\u0142anie aplikacji. <\/li>\n    <\/ol>\n    <p>Masz trudno\u015bci podczas stosowania tutoriala lub kszta\u0142towania formularza? Przydatne mo\u017ce by\u0107 skorzystanie ze szczeg\u00f3\u0142owego samouczka \u00ab<a href=\"https:\/\/elfsight.com\/tutorials\/how-to-add-contact-form-app-to-shopify\/\" target=\"_blank\" rel=\"noopener noreferrer\">Jak doda\u0107 formularz kontaktowy na stronie Shopify<\/a>\u00bb i spr\u00f3buj osadzi\u0107 go samodzielnie lub skontaktuj si\u0119 z naszym centrum wsparcia, podaj\u0105c dok\u0142adny opis swojego problemu. Nasz zesp\u00f3\u0142 b\u0119dzie tam, aby Ci doradzi\u0107.<\/p>\n    <div class=\"faq\" data-component=\"FAQ\">\n        <div class=\"faq-item\">\r\n\t\t\t\t\t<div class=\"faq-item-question\">\r\n\t\t\t\t\t\t<h3 class=\"faq-item-question-text\">Jak mog\u0119 doda\u0107 formularz kontaktowy do mojej witryny Shopify bez umiej\u0119tno\u015bci kodowania?<\/h3>\r\n\r\n\t\t\t\t\t\t<div class=\"faq-item-question-icon\"><\/div>\r\n\t\t\t\t\t<\/div>\r\n\r\n\t\t\t\t\t<div class=\"faq-item-answer\">\r\n\t\t\t\t\t\t<div class=\"faq-item-answer-text\">\n            <p>Elfsight zapewnia rozwi\u0105zanie SaaS, kt\u00f3re pozwala utworzy\u0107 kontakt Sam wid\u017cet formularza i przekonaj si\u0119, jak \u0142atwy jest ten proces: Pracuj bezpo\u015brednio w edytorze online, aby utworzy\u0107 wid\u017cet formularza kontaktowego, kt\u00f3ry chcesz zobaczy\u0107 w swojej witrynie Shopify. Wybierz jeden z gotowych szablon\u00f3w i dostosuj ustawienia Formularza kontaktowego, dodaj tre\u015b\u0107, zmie\u0144 uk\u0142ad i kolory bez umiej\u0119tno\u015bci kodowania. Zapisz formularz kontaktowy i skopiuj jego kod instalacyjny, kt\u00f3ry mo\u017cesz po prostu umie\u015bci\u0107 na swojej stronie Shopify bez konieczno\u015bci zakupu wersji p\u0142atnej. Dzi\u0119ki naszemu intuicyjnemu edytorowi ka\u017cdy u\u017cytkownik Internetu mo\u017ce stworzy\u0107 wid\u017cet Formularza kontaktowego online i \u0142atwo osadzi\u0107 go na swojej stronie Shopify. Aby uzyska\u0107 dost\u0119p do us\u0142ugi, nie trzeba p\u0142aci\u0107 ani wprowadza\u0107 danych uwierzytelniaj\u0105cych karty. Je\u015bli na kt\u00f3rymkolwiek etapie napotkasz jakiekolwiek problemy, skontaktuj si\u0119 z naszym zespo\u0142em pomocy technicznej.<\/p>\n        <\/div>\r\n\t\t\t\t\t<\/div>\r\n\t\t\t\t<\/div>\n        <div class=\"faq-item\">\r\n\t\t\t\t\t<div class=\"faq-item-question\">\r\n\t\t\t\t\t\t<h3 class=\"faq-item-question-text\">Czy istniej\u0105 szablony formularzy kontaktowych dla witryny Shopify?<\/h3>\r\n\r\n\t\t\t\t\t\t<div class=\"faq-item-question-icon\"><\/div>\r\n\t\t\t\t\t<\/div>\r\n\r\n\t\t\t\t\t<div class=\"faq-item-answer\">\r\n\t\t\t\t\t\t<div class=\"faq-item-answer-text\">\n            <p>Tak, tam s\u0105! Zesp\u00f3\u0142 Elfsight stworzy\u0142 wspania\u0142\u0105 kolekcj\u0119 ponad 300 gotowych do u\u017cycia szablon\u00f3w. I na pewno nie rozczarujesz si\u0119 <a href=\"https:\/\/elfsight.com\/online-form-builder\/templates\/contact-forms\/\">szablonami formularzy kontaktowych<\/a>.<\/p>\n        <\/div>\r\n\t\t\t\t\t<\/div>\r\n\t\t\t\t<\/div>\n    <\/div>\n<\/div>","protected":false},"excerpt":{"rendered":"","protected":false},"author":9,"featured_media":0,"parent":2289,"menu_order":0,"comment_status":"closed","ping_status":"closed","template":"templates\/template-application-platform.php","meta":{"publish_to_discourse":"","publish_post_category":"","wpdc_auto_publish_overridden":"","wpdc_topic_tags":"","wpdc_pin_topic":"","wpdc_pin_until":"","discourse_post_id":"","discourse_permalink":"","wpdc_publishing_response":"","wpdc_publishing_error":"","footnotes":""},"class_list":["post-4712","page","type-page","status-publish","hentry"],"yoast_head":"<!-- This site is optimized with the Yoast SEO plugin v25.3.1 - https:\/\/yoast.com\/wordpress\/plugins\/seo\/ -->\n<title>Utw\u00f3rz i dodaj formularz kontaktowy na Shopify za darmo!<\/title>\n<meta name=\"description\" content=\"Stw\u00f3rz swoj\u0105 aplikacj\u0119 do formularza kontaktowego dla Shopify i zintegruj j\u0105 ze swoj\u0105 witryn\u0105 w zaledwie 3 minuty. Darmowy edytor, wsparcie przy dodawaniu i inne r\u00f3\u017cnorodne wid\u017cety od Elfsight!\" \/>\n<meta name=\"robots\" content=\"index, follow, max-snippet:-1, max-image-preview:large, max-video-preview:-1\" \/>\n<link rel=\"canonical\" href=\"https:\/\/elfsight.com\/pl\/contact-form-widget\/shopify\/\" \/>\n<meta property=\"og:locale\" content=\"pl_PL\" \/>\n<meta property=\"og:type\" content=\"article\" \/>\n<meta property=\"og:title\" content=\"Utw\u00f3rz i dodaj formularz kontaktowy na Shopify za darmo!\" \/>\n<meta property=\"og:description\" content=\"Stw\u00f3rz swoj\u0105 aplikacj\u0119 do formularza kontaktowego dla Shopify i zintegruj j\u0105 ze swoj\u0105 witryn\u0105 w zaledwie 3 minuty. Darmowy edytor, wsparcie przy dodawaniu i inne r\u00f3\u017cnorodne wid\u017cety od Elfsight!\" \/>\n<meta property=\"og:url\" content=\"https:\/\/elfsight.com\/pl\/contact-form-widget\/shopify\/\" \/>\n<meta property=\"og:site_name\" content=\"Elfsight PL\" \/>\n<meta property=\"article:modified_time\" content=\"2025-06-25T09:39:13+00:00\" \/>\n<meta name=\"twitter:card\" content=\"summary_large_image\" \/>\n<meta name=\"twitter:label1\" content=\"Szacowany czas czytania\" \/>\n\t<meta name=\"twitter:data1\" content=\"4 minuty\" \/>\n<!-- \/ Yoast SEO plugin. -->","yoast_head_json":{"title":"Utw\u00f3rz i dodaj formularz kontaktowy na Shopify za darmo!","description":"Stw\u00f3rz swoj\u0105 aplikacj\u0119 do formularza kontaktowego dla Shopify i zintegruj j\u0105 ze swoj\u0105 witryn\u0105 w zaledwie 3 minuty. Darmowy edytor, wsparcie przy dodawaniu i inne r\u00f3\u017cnorodne wid\u017cety od Elfsight!","robots":{"index":"index","follow":"follow","max-snippet":"max-snippet:-1","max-image-preview":"max-image-preview:large","max-video-preview":"max-video-preview:-1"},"canonical":"https:\/\/elfsight.com\/pl\/contact-form-widget\/shopify\/","og_locale":"pl_PL","og_type":"article","og_title":"Utw\u00f3rz i dodaj formularz kontaktowy na Shopify za darmo!","og_description":"Stw\u00f3rz swoj\u0105 aplikacj\u0119 do formularza kontaktowego dla Shopify i zintegruj j\u0105 ze swoj\u0105 witryn\u0105 w zaledwie 3 minuty. Darmowy edytor, wsparcie przy dodawaniu i inne r\u00f3\u017cnorodne wid\u017cety od Elfsight!","og_url":"https:\/\/elfsight.com\/pl\/contact-form-widget\/shopify\/","og_site_name":"Elfsight PL","article_modified_time":"2025-06-25T09:39:13+00:00","twitter_card":"summary_large_image","twitter_misc":{"Szacowany czas czytania":"4 minuty"},"schema":{"@context":"https:\/\/schema.org","@graph":[{"@type":"WebPage","@id":"https:\/\/elfsight.com\/pl\/contact-form-widget\/shopify\/","url":"https:\/\/elfsight.com\/pl\/contact-form-widget\/shopify\/","name":"Utw\u00f3rz i dodaj formularz kontaktowy na Shopify za darmo!","isPartOf":{"@id":"https:\/\/elfsight.com\/pl\/#website"},"datePublished":"2024-05-03T06:33:03+00:00","dateModified":"2025-06-25T09:39:13+00:00","description":"Stw\u00f3rz swoj\u0105 aplikacj\u0119 do formularza kontaktowego dla Shopify i zintegruj j\u0105 ze swoj\u0105 witryn\u0105 w zaledwie 3 minuty. Darmowy edytor, wsparcie przy dodawaniu i inne r\u00f3\u017cnorodne wid\u017cety od Elfsight!","breadcrumb":{"@id":"https:\/\/elfsight.com\/pl\/contact-form-widget\/shopify\/#breadcrumb"},"inLanguage":"pl-PL","potentialAction":[{"@type":"ReadAction","target":["https:\/\/elfsight.com\/pl\/contact-form-widget\/shopify\/"]}]},{"@type":"BreadcrumbList","@id":"https:\/\/elfsight.com\/pl\/contact-form-widget\/shopify\/#breadcrumb","itemListElement":[{"@type":"ListItem","position":1,"name":"Home","item":"https:\/\/elfsight.com\/pl\/"},{"@type":"ListItem","position":2,"name":"Contact Form","item":"https:\/\/elfsight.com\/pl\/contact-form-widget\/"},{"@type":"ListItem","position":3,"name":"Contact Form &#8211; Shopify"}]},{"@type":"WebSite","@id":"https:\/\/elfsight.com\/pl\/#website","url":"https:\/\/elfsight.com\/pl\/","name":"Elfsight PL","description":"Just another Elfsight Sites site","potentialAction":[{"@type":"SearchAction","target":{"@type":"EntryPoint","urlTemplate":"https:\/\/elfsight.com\/pl\/?s={search_term_string}"},"query-input":{"@type":"PropertyValueSpecification","valueRequired":true,"valueName":"search_term_string"}}],"inLanguage":"pl-PL"}]}},"meta_box":{"industry":"","seo_heading":"","heading":"","description":"","cta_heading":"","cta_description":"","application":"2288","h1":"Aplikacja Formularz kontaktowy dla Shopify","h1_caption":"Z \u0142atwo\u015bci\u0105 tw\u00f3rz i osadzaj formularze kontaktowe w swojej witrynie, aby bez wysi\u0142ku zach\u0119ca\u0107 u\u017cytkownik\u00f3w do interakcji i wysy\u0142ania zapyta\u0144 do Twojej witryny Shopify.","application_category":[],"applications_title":"","applications_request_title":"","applications_request_button_text":"","hero_text":"","hero_video":"","hero_video_schema_markup":"","selling_points_title":"","selling_points_caption":"","selling_points":[],"selling_points_cta_text":"","features_title":"","features":"","ed_cta_examples_text":"","ed_cta_examples_hidden":"","ed_cta_demo_text":"","ed_cta_demo_hidden":"","why_caption":"","why_editor_title":"","why_editor_text":"","why_team_title":"","why_team_text":"","why_service_title":"","why_service_text":"","template_catalog_visible":"0","template_catalog_title":"","template_catalog_text":"","template_catalog_categories_visible":"","demo_title":"Utw\u00f3rz aplikacj\u0119 z formularzem kontaktowym","demo_caption":"Skonfiguruj sw\u00f3j formularz kontaktowy i dodaj go do swojej witryny Shopify za darmo!","default_faq_hidden":"","app_template_category":[],"platform":"7580","template_public_id":"","codecanyon_url":"","codecanyon_item_id":"","codecanyon_price":"","pricing_caption":"","pricing_elfsight_apps_hide_column":"","pricing_elfsight_apps_url":"","pricing_codecanyon_price_caption":"","integration_category":[],"integration_request_title":"","integration_request_cta":"","integration_platform":"","integrations":[],"platform_category":[],"video_schema_markup":"","price":"od 0 USD \/ miesi\u0105c","trial":"","benefits":[{"text":"Bezp\u0142atna us\u0142uga monta\u017cu"},{"text":"Wsparcie premium"},{"text":"14-dniowa gwarancja zwrotu pieni\u0119dzy"}],"button_url":"#demo","button_target_blank":"0","button_nofollow":"0","attributes":[{"name":"Instaluje"},{"name":"Czu\u0142y"},{"name":"Kompatybilne przegl\u0105darki"}],"tags":[],"tags_disable_links":"0","hide_more_platforms":"0","video_object":"","demo_hide_cta":"0","demo_hide_cloud_options":"0","pricing_title":"","pricing":[{"pricing_icon":"cloud","pricing_title":"Elfsight Apps","pricing_title_caption":"Wersja wieloplatformowa, kt\u00f3ra dzia\u0142a na ka\u017cdej stronie internetowej","pricing_price":"od 0 USD \/ miesi\u0105c","pricing_price_caption":"zacznij od bezp\u0142atnego planu","pricing_benefits":[{"text":"Nielimitowane strony internetowe"},{"text":"Wsparcie premium"},{"text":"Bezp\u0142atna us\u0142uga monta\u017cu"},{"text":"Oferta specjalna na wiele aplikacji"}],"pricing_button_text":"Dodaj do witryny","pricing_button_url":"#demo"}],"related_apps_title":"","related_apps_hidden":"0","author":"","image":[],"title":"","job":"","social_networks":[]},"_links":{"self":[{"href":"https:\/\/elfsight.com\/pl\/wp-json\/wp\/v2\/pages\/4712","targetHints":{"allow":["GET"]}}],"collection":[{"href":"https:\/\/elfsight.com\/pl\/wp-json\/wp\/v2\/pages"}],"about":[{"href":"https:\/\/elfsight.com\/pl\/wp-json\/wp\/v2\/types\/page"}],"author":[{"embeddable":true,"href":"https:\/\/elfsight.com\/pl\/wp-json\/wp\/v2\/users\/9"}],"replies":[{"embeddable":true,"href":"https:\/\/elfsight.com\/pl\/wp-json\/wp\/v2\/comments?post=4712"}],"version-history":[{"count":3,"href":"https:\/\/elfsight.com\/pl\/wp-json\/wp\/v2\/pages\/4712\/revisions"}],"predecessor-version":[{"id":10485,"href":"https:\/\/elfsight.com\/pl\/wp-json\/wp\/v2\/pages\/4712\/revisions\/10485"}],"up":[{"embeddable":true,"href":"https:\/\/elfsight.com\/pl\/wp-json\/wp\/v2\/pages\/2289"}],"wp:attachment":[{"href":"https:\/\/elfsight.com\/pl\/wp-json\/wp\/v2\/media?parent=4712"}],"curies":[{"name":"wp","href":"https:\/\/api.w.org\/{rel}","templated":true}]}}