{"id":4710,"date":"2024-05-03T06:33:01","date_gmt":"2024-05-03T06:33:01","guid":{"rendered":"https:\/\/elfsight.com\/pl\/?page_id=4710"},"modified":"2024-11-14T12:49:33","modified_gmt":"2024-11-14T12:49:33","slug":"bigcommerce","status":"publish","type":"page","link":"https:\/\/elfsight.com\/pl\/contact-form-widget\/bigcommerce\/","title":{"rendered":"Contact Form &#8211; BigCommerce"},"content":{"rendered":"<div class=\"application-platform-content-item-description application-platform-content-item\" id=\"description\" data-nav-section=\"description\"><h2>Formularz kontaktowy dla BigCommerce<\/h2><p>Nasza aplikacja do formularzy kontaktowych BigCommerce zosta\u0142a zaprojektowana tak, aby spe\u0142nia\u0107 wszystkie Twoje g\u0142\u00f3wne wymagania dotycz\u0105ce otrzymywania opinii i zapytania od u\u017cytkownik\u00f3w Twojej witryny. Mo\u017cesz wy\u015bwietli\u0107 elementy niezb\u0119dne do wype\u0142nienia formularza, wybra\u0107 \u017c\u0105dany szablon i dostosowa\u0107 wygl\u0105d, aby jeszcze bardziej zach\u0119ci\u0107 u\u017cytkownik\u00f3w do napisania swoich wra\u017ce\u0144 na temat Twoich us\u0142ug lub firmy.<\/p><p><b>Otrzymuj opinie, przyjmuj pro\u015bby i odpowiadaj na pytania klient\u00f3w swojej witryny!<\/b><\/p><ul><li><b>Zwi\u0119ksz liczb\u0119 potencjalnych klient\u00f3w<\/b>.<br>Zapewnij ci\u0105g\u0142y kontakt z przysz\u0142ymi klientami 24\/ 7 za pomoc\u0105 prostego formularza na swojej stronie i zdob\u0105d\u017a wi\u0119cej u\u017cytkownik\u00f3w, kt\u00f3rzy zamierzaj\u0105 z\u0142o\u017cy\u0107 zam\u00f3wienie.<\/li><li><b>Zbierz wi\u0119cej wy\u015bwietle\u0144 na temat towar\u00f3w lub us\u0142ug<\/b>.<br>Opinie Twoich klient\u00f3w s\u0105 bardzo wa\u017cne dla usprawnienia biznesu. Dzi\u0119ki naszemu dost\u0119pnemu formularzowi kontaktowemu b\u0119dziesz m\u00f3g\u0142 uzyska\u0107 wi\u0119cej informacji zwrotnych ze swojej witryny!<\/li><li><b>Rozwijaj komunikacj\u0119 z klientem<\/b>.<br>Korzystaj\u0105c z wygodnych szablon\u00f3w, adaptacyjnego interfejsu i indywidualnego Wiadomo\u015bciami z podzi\u0119kowaniami pokazujesz swoim klientom, ile s\u0105 warci dla Twojej firmy.<\/li><\/ul><\/div><div class=\"application-platform-content-item-features application-platform-content-item\" id=\"features\" data-nav-section=\"features\"><h2>Funkcje wtyczki formularza kontaktowego<\/h2><p>Dlaczego formularz kontaktowy Elfsight jest najlepsz\u0105 aplikacj\u0105 do uzyskiwania reakcji klient\u00f3w i otrzymywania zapyta\u0144 na stronie BigCommerce? Sprawd\u017a nasze najwa\u017cniejsze cechy:<\/p><ul><li>Ustaw w\u0142asne etykiety p\u00f3l;<\/li><li>Ustaw dowoln\u0105 szeroko\u015b\u0107 formularza;<\/li><li>Uk\u0142ad wbudowany z automatycznym dopasowaniem p\u00f3l do szeroko\u015bci formularz;<\/li><li>Google reCAPTCHA jest tutaj, aby chroni\u0107 Tw\u00f3j formularz przed spamem i botami;<\/li><li>Bezszwowa konstrukcja, kt\u00f3ra od razu pasuje do 99% witryn.<\/li><\/ul> <p><a href=\"#demo\">Wypr\u00f3buj pe\u0142n\u0105 list\u0119 zalet w naszym edytorze<\/a><\/p><\/div><div class=\"application-platform-content-item-installation application-platform-content-item\" id=\"installation\" data-nav-section=\"installation\"><h2>Jak doda\u0107 aplikacj\u0119 Formularz kontaktowy do Witryna BigCommerce<\/h2><div class=\"video-container\"><iframe width=\"720\" height=\"405\" src=\"https:\/\/www.youtube.com\/embed\/-YlnfP49OpU\" frameborder=\"0\" allowfullscreen=\"\"><\/iframe><\/div><p>Wystarczy post\u0119powa\u0107 zgodnie z poni\u017cszymi wskaz\u00f3wkami, aby rozpocz\u0105\u0107 korzystanie z wid\u017cetu w BigCommerce.<\/p> <ol><li><b>Uruchom nasz darmowy konfigurator i rozpocznij kszta\u0142towanie Twoja wyj\u0105tkowa aplikacja. <\/b><br> Okre\u015bl preferowan\u0105 form\u0119 i parametry wid\u017cetu Formularz kontaktowy i zapisz zmiany. <\/li> <li><b>Skopiuj sw\u00f3j osobisty kod wy\u015bwietlany w oknie aplikacji Elfsight. <\/b><br> Po zako\u0144czeniu dostosowywania aplikacji osobistej skopiuj ekskluzywny kod w wy\u015bwietlonym oknie i zapisz go na p\u00f3\u017aniej. <\/li> <li><b>Zainicjuj u\u017cycie wid\u017cetu na stronie BigCommerce. <\/b><br> Wstaw skopiowany ostatnio kod na swoj\u0105 stron\u0119 i zapisz zmiany. <\/li> <li><b>Instalacja zosta\u0142a pomy\u015blnie przeprowadzona. <\/b><br> Przejd\u017a na swoj\u0105 stron\u0119 i zobacz w akcji dzia\u0142anie wtyczki aplikacji. <\/li><\/ol><p>Czy masz jakie\u015b problemy podczas stosowania instrukcji lub instalacji formularza? Zdecydowanie zalecamy zapoznanie si\u0119 ze szczeg\u00f3\u0142owym podr\u0119cznikiem \u00ab<a href=\"https:\/\/elfsight.com\/tutorials\/how-to-add-contact-form-app-to-bigcommerce\/\" target=\"_blank\" rel=\"noopener noreferrer\">Jak doda\u0107 formularz kontaktowy do witryny BigCommerce<\/a>\u00bb i skorzystaj z drugiej szansy, aby samodzielnie go osadzi\u0107 lub zwr\u00f3\u0107 si\u0119 do centrum pomocy technicznej Elfsight z pe\u0142nym opisem swojego problemu, a nasz zesp\u00f3\u0142 z przyjemno\u015bci\u0105 doradzi.<\/p><div class=\"faq\" data-component=\"FAQ\"> <div class=\"faq-item\">\r\n\t\t\t\t\t<div class=\"faq-item-question\">\r\n\t\t\t\t\t\t<h3 class=\"faq-item-question-text\">Jak mog\u0119 doda\u0107 formularz kontaktowy do mojej witryny BigCommerce bez umiej\u0119tno\u015bci kodowania?<\/h3>\r\n\r\n\t\t\t\t\t\t<div class=\"faq-item-question-icon\"><\/div>\r\n\t\t\t\t\t<\/div>\r\n\r\n\t\t\t\t\t<div class=\"faq-item-answer\">\r\n\t\t\t\t\t\t<div class=\"faq-item-answer-text\"> <p>Elfsight zapewnia rozwi\u0105zanie SaaS, kt\u00f3re pozwala samodzielnie utworzy\u0107 wid\u017cet formularza kontaktowego, zobacz, jak \u0142atwy jest ten proces : Pracuj bezpo\u015brednio w edytorze online, aby utworzy\u0107 wid\u017cet formularza kontaktowego, kt\u00f3ry chcia\u0142by\u015b zobaczy\u0107 na swojej stronie BigCommerce. Wybierz jeden z gotowych szablon\u00f3w i dostosuj ustawienia Formularza Kontaktowego, dodaj swoj\u0105 tre\u015b\u0107, zmie\u0144 uk\u0142ad i kolorystyk\u0119 bez umiej\u0119tno\u015bci kodowania. Zapisz formularz kontaktowy i skopiuj jego kod instalacyjny, aby\u015b m\u00f3g\u0142 bez wysi\u0142ku doda\u0107 swoj\u0105 witryn\u0119 BigCommerce bez konieczno\u015bci kupowania p\u0142atnego planu. Dzi\u0119ki naszemu intuicyjnemu Edytorowi ka\u017cdy u\u017cytkownik Internetu mo\u017ce stworzy\u0107 wid\u017cet Formularza Kontaktowego online i \u0142atwo osadzi\u0107 go na swojej stronie BigCommerce. Aby uzyska\u0107 dost\u0119p do us\u0142ugi, nie trzeba p\u0142aci\u0107 ani wprowadza\u0107 danych uwierzytelniaj\u0105cych karty. Je\u015bli na kt\u00f3rymkolwiek etapie napotkasz jakiekolwiek problemy, skontaktuj si\u0119 z naszym zespo\u0142em pomocy technicznej.<\/p> <\/div>\r\n\t\t\t\t\t<\/div>\r\n\t\t\t\t<\/div> <div class=\"faq-item\">\r\n\t\t\t\t\t<div class=\"faq-item-question\">\r\n\t\t\t\t\t\t<h3 class=\"faq-item-question-text\">Czy s\u0105 jakie\u015b szablony formularzy kontaktowych dla witryny BigCommerce?<\/h3>\r\n\r\n\t\t\t\t\t\t<div class=\"faq-item-question-icon\"><\/div>\r\n\t\t\t\t\t<\/div>\r\n\r\n\t\t\t\t\t<div class=\"faq-item-answer\">\r\n\t\t\t\t\t\t<div class=\"faq-item-answer-text\"><p>Tak, tam s\u0105! Zesp\u00f3\u0142 Elfsight stworzy\u0142 wspania\u0142\u0105 kolekcj\u0119 ponad 300 gotowych do u\u017cycia szablon\u00f3w. I na pewno nie rozczarujesz si\u0119 <a href=\"https:\/\/elfsight.com\/online-form-builder\/templates\/contact-forms\/\">szablonami formularzy kontaktowych<\/a>.<\/p> <\/div>\r\n\t\t\t\t\t<\/div>\r\n\t\t\t\t<\/div><\/div> <\/div>","protected":false},"excerpt":{"rendered":"","protected":false},"author":9,"featured_media":0,"parent":2289,"menu_order":0,"comment_status":"closed","ping_status":"closed","template":"templates\/template-application-platform.php","meta":{"publish_to_discourse":"","publish_post_category":"","wpdc_auto_publish_overridden":"","wpdc_topic_tags":"","wpdc_pin_topic":"","wpdc_pin_until":"","discourse_post_id":"","discourse_permalink":"","wpdc_publishing_response":"","wpdc_publishing_error":"","footnotes":""},"class_list":["post-4710","page","type-page","status-publish","hentry"],"yoast_head":"<!-- This site is optimized with the Yoast SEO plugin v25.3.1 - https:\/\/yoast.com\/wordpress\/plugins\/seo\/ -->\n<title>Utw\u00f3rz i dodaj formularz kontaktowy na BigCommerce za darmo!<\/title>\n<meta name=\"description\" content=\"Stw\u00f3rz swoj\u0105 osobist\u0105 aplikacj\u0119 do formularza kontaktowego dla BigCommerce i wy\u015bwietl j\u0105 na swojej stronie w ci\u0105gu zaledwie 1 minuty. Darmowe demo, pomoc w ustawieniach i wi\u0119cej dodatk\u00f3w od Elfsight!\" \/>\n<meta name=\"robots\" content=\"index, follow, max-snippet:-1, max-image-preview:large, max-video-preview:-1\" \/>\n<link rel=\"canonical\" href=\"https:\/\/elfsight.com\/pl\/contact-form-widget\/bigcommerce\/\" \/>\n<meta property=\"og:locale\" content=\"pl_PL\" \/>\n<meta property=\"og:type\" content=\"article\" \/>\n<meta property=\"og:title\" content=\"Utw\u00f3rz i dodaj formularz kontaktowy na BigCommerce za darmo!\" \/>\n<meta property=\"og:description\" content=\"Stw\u00f3rz swoj\u0105 osobist\u0105 aplikacj\u0119 do formularza kontaktowego dla BigCommerce i wy\u015bwietl j\u0105 na swojej stronie w ci\u0105gu zaledwie 1 minuty. Darmowe demo, pomoc w ustawieniach i wi\u0119cej dodatk\u00f3w od Elfsight!\" \/>\n<meta property=\"og:url\" content=\"https:\/\/elfsight.com\/pl\/contact-form-widget\/bigcommerce\/\" \/>\n<meta property=\"og:site_name\" content=\"Elfsight PL\" \/>\n<meta property=\"article:modified_time\" content=\"2024-11-14T12:49:33+00:00\" \/>\n<meta name=\"twitter:card\" content=\"summary_large_image\" \/>\n<meta name=\"twitter:label1\" content=\"Szacowany czas czytania\" \/>\n\t<meta name=\"twitter:data1\" content=\"3 minuty\" \/>\n<!-- \/ Yoast SEO plugin. -->","yoast_head_json":{"title":"Utw\u00f3rz i dodaj formularz kontaktowy na BigCommerce za darmo!","description":"Stw\u00f3rz swoj\u0105 osobist\u0105 aplikacj\u0119 do formularza kontaktowego dla BigCommerce i wy\u015bwietl j\u0105 na swojej stronie w ci\u0105gu zaledwie 1 minuty. Darmowe demo, pomoc w ustawieniach i wi\u0119cej dodatk\u00f3w od Elfsight!","robots":{"index":"index","follow":"follow","max-snippet":"max-snippet:-1","max-image-preview":"max-image-preview:large","max-video-preview":"max-video-preview:-1"},"canonical":"https:\/\/elfsight.com\/pl\/contact-form-widget\/bigcommerce\/","og_locale":"pl_PL","og_type":"article","og_title":"Utw\u00f3rz i dodaj formularz kontaktowy na BigCommerce za darmo!","og_description":"Stw\u00f3rz swoj\u0105 osobist\u0105 aplikacj\u0119 do formularza kontaktowego dla BigCommerce i wy\u015bwietl j\u0105 na swojej stronie w ci\u0105gu zaledwie 1 minuty. Darmowe demo, pomoc w ustawieniach i wi\u0119cej dodatk\u00f3w od Elfsight!","og_url":"https:\/\/elfsight.com\/pl\/contact-form-widget\/bigcommerce\/","og_site_name":"Elfsight PL","article_modified_time":"2024-11-14T12:49:33+00:00","twitter_card":"summary_large_image","twitter_misc":{"Szacowany czas czytania":"3 minuty"},"schema":{"@context":"https:\/\/schema.org","@graph":[{"@type":"WebPage","@id":"https:\/\/elfsight.com\/pl\/contact-form-widget\/bigcommerce\/","url":"https:\/\/elfsight.com\/pl\/contact-form-widget\/bigcommerce\/","name":"Utw\u00f3rz i dodaj formularz kontaktowy na BigCommerce za darmo!","isPartOf":{"@id":"https:\/\/elfsight.com\/pl\/#website"},"datePublished":"2024-05-03T06:33:01+00:00","dateModified":"2024-11-14T12:49:33+00:00","description":"Stw\u00f3rz swoj\u0105 osobist\u0105 aplikacj\u0119 do formularza kontaktowego dla BigCommerce i wy\u015bwietl j\u0105 na swojej stronie w ci\u0105gu zaledwie 1 minuty. Darmowe demo, pomoc w ustawieniach i wi\u0119cej dodatk\u00f3w od Elfsight!","breadcrumb":{"@id":"https:\/\/elfsight.com\/pl\/contact-form-widget\/bigcommerce\/#breadcrumb"},"inLanguage":"pl-PL","potentialAction":[{"@type":"ReadAction","target":["https:\/\/elfsight.com\/pl\/contact-form-widget\/bigcommerce\/"]}]},{"@type":"BreadcrumbList","@id":"https:\/\/elfsight.com\/pl\/contact-form-widget\/bigcommerce\/#breadcrumb","itemListElement":[{"@type":"ListItem","position":1,"name":"Home","item":"https:\/\/elfsight.com\/pl\/"},{"@type":"ListItem","position":2,"name":"Contact Form","item":"https:\/\/elfsight.com\/pl\/contact-form-widget\/"},{"@type":"ListItem","position":3,"name":"Contact Form &#8211; BigCommerce"}]},{"@type":"WebSite","@id":"https:\/\/elfsight.com\/pl\/#website","url":"https:\/\/elfsight.com\/pl\/","name":"Elfsight PL","description":"Just another Elfsight Sites site","potentialAction":[{"@type":"SearchAction","target":{"@type":"EntryPoint","urlTemplate":"https:\/\/elfsight.com\/pl\/?s={search_term_string}"},"query-input":{"@type":"PropertyValueSpecification","valueRequired":true,"valueName":"search_term_string"}}],"inLanguage":"pl-PL"}]}},"meta_box":{"industry":"","seo_heading":"","heading":"","description":"","cta_heading":"","cta_description":"","application":"2288","h1":"Aplikacja Formularz kontaktowy dla BigCommerce","h1_caption":"Z \u0142atwo\u015bci\u0105 tw\u00f3rz i osadzaj formularze kontaktowe na swojej stronie internetowej, aby bez wysi\u0142ku zach\u0119ca\u0107 u\u017cytkownik\u00f3w do interakcji i wysy\u0142ania zapyta\u0144 do Twojej witryny BigCommerce.","application_category":[],"applications_title":"","applications_request_title":"","applications_request_button_text":"","hero_text":"","hero_video":"","hero_video_schema_markup":"","selling_points_title":"","selling_points_caption":"","selling_points":[],"selling_points_cta_text":"","features_title":"","features":"","ed_cta_examples_text":"","ed_cta_examples_hidden":"","ed_cta_demo_text":"","ed_cta_demo_hidden":"","why_caption":"","why_editor_title":"","why_editor_text":"","why_team_title":"","why_team_text":"","why_service_title":"","why_service_text":"","template_catalog_visible":"","template_catalog_title":"","template_catalog_text":"","template_catalog_categories_visible":"","demo_title":"Utw\u00f3rz aplikacj\u0119 z formularzem kontaktowym","demo_caption":"Skonfiguruj sw\u00f3j formularz kontaktowy i dodaj go do swojej witryny BigCommerce za darmo!","default_faq_hidden":"","app_template_category":[],"platform":"41","template_public_id":"","codecanyon_url":"","codecanyon_item_id":"","codecanyon_price":"","pricing_caption":"","pricing_elfsight_apps_hide_column":"","pricing_elfsight_apps_url":"","pricing_codecanyon_price_caption":"","integration_category":[],"integration_request_title":"","integration_request_cta":"","integration_platform":"","integrations":[],"platform_category":[],"video_schema_markup":"","price":"od 0 USD \/ miesi\u0105c","trial":"","benefits":[{"text":"Bezp\u0142atna us\u0142uga monta\u017cu"},{"text":"Skuteczna obs\u0142uga klienta"},{"text":"14-dniowa gwarancja zwrotu pieni\u0119dzy"}],"button_url":"#demo","button_target_blank":"","button_nofollow":"","attributes":[{"name":"Instaluje"},{"name":"Czu\u0142y"},{"name":"Kompatybilne przegl\u0105darki"}],"tags":[],"tags_disable_links":"","hide_more_platforms":"","video_object":"","demo_hide_cta":"","demo_hide_cloud_options":"","pricing_title":"","pricing":[{"pricing_icon":"cloud","pricing_title":"Elfsight Apps","pricing_title_caption":"Wersja niezale\u017cna od platformy","pricing_price":"od 0 USD \/ miesi\u0105c","pricing_price_caption":"zacznij od bezp\u0142atnego planu","pricing_benefits":[{"text":"Nielimitowane strony internetowe"},{"text":"Wsparcie premium i dobrze udokumentowane"},{"text":"Bezp\u0142atna pomoc w monta\u017cu"},{"text":"W pe\u0142ni konfigurowalny"}],"pricing_button_text":"Dodaj do witryny","pricing_button_url":"#demo"}],"related_apps_title":"","related_apps_hidden":"","author":"","image":[],"title":"","job":"","social_networks":[]},"_links":{"self":[{"href":"https:\/\/elfsight.com\/pl\/wp-json\/wp\/v2\/pages\/4710","targetHints":{"allow":["GET"]}}],"collection":[{"href":"https:\/\/elfsight.com\/pl\/wp-json\/wp\/v2\/pages"}],"about":[{"href":"https:\/\/elfsight.com\/pl\/wp-json\/wp\/v2\/types\/page"}],"author":[{"embeddable":true,"href":"https:\/\/elfsight.com\/pl\/wp-json\/wp\/v2\/users\/9"}],"replies":[{"embeddable":true,"href":"https:\/\/elfsight.com\/pl\/wp-json\/wp\/v2\/comments?post=4710"}],"version-history":[{"count":2,"href":"https:\/\/elfsight.com\/pl\/wp-json\/wp\/v2\/pages\/4710\/revisions"}],"predecessor-version":[{"id":7707,"href":"https:\/\/elfsight.com\/pl\/wp-json\/wp\/v2\/pages\/4710\/revisions\/7707"}],"up":[{"embeddable":true,"href":"https:\/\/elfsight.com\/pl\/wp-json\/wp\/v2\/pages\/2289"}],"wp:attachment":[{"href":"https:\/\/elfsight.com\/pl\/wp-json\/wp\/v2\/media?parent=4710"}],"curies":[{"name":"wp","href":"https:\/\/api.w.org\/{rel}","templated":true}]}}