{"id":4709,"date":"2024-05-03T06:33:00","date_gmt":"2024-05-03T06:33:00","guid":{"rendered":"https:\/\/elfsight.com\/pl\/?page_id=4709"},"modified":"2024-11-14T12:49:33","modified_gmt":"2024-11-14T12:49:33","slug":"blogger","status":"publish","type":"page","link":"https:\/\/elfsight.com\/pl\/contact-form-widget\/blogger\/","title":{"rendered":"Contact Form &#8211; Blogger"},"content":{"rendered":"<div class=\"application-platform-content-item-description application-platform-content-item\" id=\"description\" data-nav-section=\"description\"><h2>Formularz kontaktowy dla Bloggera<\/h2><p>Widget kontaktowy Elfsight dla Bloggera to narz\u0119dzie, kt\u00f3re ma na celu pom\u00f3c Ci we wszystkich rzeczywistych \u017c\u0105daniach w uzyskiwanie wy\u015bwietle\u0144 i \u017c\u0105da\u0144 od u\u017cytkownik\u00f3w Twojej witryny. Poka\u017c niezb\u0119dne komponenty do wype\u0142nienia, wybierz wymagany szablon i zaprojektuj interfejs, aby jeszcze bardziej zainspirowa\u0107 klient\u00f3w do pozostawienia zapyta\u0144 o us\u0142ugi Twojej firmy. Nasza wtyczka Form zosta\u0142a zaprojektowana tak, aby spe\u0142ni\u0107 ka\u017cde Twoje \u017c\u0105danie dotycz\u0105ce zbierania opinii i utrzymywania kontaktu z odbiorcami. <\/p><ul><li><b>Zreformuj generowanie lead\u00f3w<\/b>.<br>B\u0105d\u017a blisko swoich potencjalnych klient\u00f3w, inspiruj\u0105c ich do wysy\u0142ania wiadomo\u015bci za pomoc\u0105 wtyczki Form w dowolnym momencie. Mniejsza liczba wierszy zapewni najwy\u017csz\u0105 konwersj\u0119.<\/li><li><b>Blokuj spam<\/b>.<br>Utrzymuj wy\u0142\u0105cznie kontakty organiczne, stosuj\u0105c wysoce skuteczn\u0105 ochron\u0119 us\u0142ugi Google reCAPTCHA przed spamem i botami.<\/li><li><b>\u0141atwo uzyskuj opinie klient\u00f3w<\/b>.<br>Stw\u00f3rz niezwyk\u0142\u0105 wtyczk\u0119 formularza, dzi\u0119ki kt\u00f3rej b\u0119dzie mo\u017cna j\u0105 swobodnie znale\u017a\u0107 w Twojej witrynie, inspiruj\u0105c odwiedzaj\u0105cych do przekazywania Ci opinii w dowolnym momencie.&lt;\/li <\/ul><\/div><div class=\"application-platform-content-item-features application-platform-content-item\" id=\"features\" data-nav-section=\"features\"><h2>Funkcje wtyczki formularza kontaktowego<\/h2><p>Co sprawia, \u017ce \u200b\u200bnasz formularz kontaktowy jest najlepszym wid\u017cetem do otrzymywania recenzji i zapyta\u0144 o Bloggera? Przeczytaj o naszych g\u0142\u00f3wnych zaletach:<\/p><ul><li>Okre\u015bl symbol zast\u0119pczy dla dowolnego pola, na przyk\u0142ad w celu zademonstrowania wymaganego formatu;<\/li><li>Ukryj nag\u0142\u00f3wek;<\/li><li>5 dost\u0119pne style pola widzenia: klasyczny, p\u0142aski, materia\u0142owy, klasyczny zaokr\u0105glony, p\u0142aski zaokr\u0105glony;<\/li><li>Ustaw tekst, kt\u00f3ry b\u0119dzie wy\u015bwietlany po pomy\u015blnym przes\u0142aniu wiadomo\u015bci;<\/li><li>Dzia\u0142a i wygl\u0105da doskonale na urz\u0105dzeniach mobilnych urz\u0105dze\u0144.<\/li><\/ul><p><a href=\"#demo\">Poznaj ca\u0142\u0105 list\u0119 funkcji w naszej wersji demonstracyjnej<\/a><\/p><\/div><div class=\"application-platform-content-item- instalacja application-platform-content-item\" id=\" instalacja\" data-nav-section=\" instalacja\"><h2>Jak doda\u0107 wid\u017cet Formularz kontaktowy do witryny Bloggera<\/h2><div class=\"video-container\"><iframe width=\"720\" height=\"405\" src=\"https:\/\/www.youtube.com\/embed\/HZkBJnGfsFk\" frameborder=\"0\" allowfullscreen=\"\"><\/iframe><\/div><p>Post\u0119puj zgodnie z instrukcj\u0105 stworzon\u0105 przez nasz zesp\u00f3\u0142, aby wy\u015bwietli\u0107 wid\u017cet kontaktowy na swojej stronie internetowej. Nie jest do tego konieczna wiedza z zakresu tworzenia stron internetowych. \u015aredni czas konfiguracji nie przekracza oko\u0142o 2 minut.<\/p><ol><li><b>Zaprojektuj sw\u00f3j unikalny wid\u017cet Kontakt<\/b>.<br>Za pomoc\u0105 naszego bezp\u0142atnego edytora wygeneruj wtyczk\u0119 o po\u017c\u0105danym uk\u0142adzie i mo\u017cliwo\u015bci.<\/li><li><b>Otrzymaj kod do integracji wtyczki<\/b>.<br>Po ustawieniu wid\u017cetu pobierz kod wtyczki formularza z pojawiaj\u0105cego si\u0119 okna aplikacji Elfsight.<\/li><li><b>Wy\u015bwietl wtyczk\u0119 w witrynie Bloggera<\/b>.<br>Osad\u017a wtyczk\u0119 w odpowiednim miejscu strony i zastosuj zmiany.<\/li><li><b>W pe\u0142ni wykona\u0142e\u015b operacj\u0119 instalacja<\/b>.<br>Wejd\u017a na swoj\u0105 stron\u0119, aby sprawdzi\u0107 formularz.<\/li><\/ol><p>Czy widzisz jakie\u015b przeszkody podczas wykonywania samouczka lub generowania formularza? Przydatne mo\u017ce by\u0107 przestudiowanie pe\u0142nego samouczka \u00ab<a href=\"https:\/\/elfsight.com\/tutorials\/how-to-add-contact-form-widget-to-blogger\/\" target=\"_blank\" rel=\"noopener noreferrer\">Jak wy\u015bwietli\u0107 formularz kontaktowy w witrynie Bloggera<\/a>\u00bb, a nast\u0119pnie spr\u00f3buj doda\u0107 go jeszcze raz samodzielnie lub skontaktuj si\u0119 z naszym centrum pomocy, podaj\u0105c szczeg\u00f3\u0142owy opis Twojego pytania, a oni do\u0142o\u017c\u0105 wszelkich stara\u0144, aby rozwi\u0105za\u0107 problem .<\/p><div class=\"faq\" data-component=\"FAQ\"> <div class=\"faq-item\">\r\n\t\t\t\t\t<div class=\"faq-item-question\">\r\n\t\t\t\t\t\t<h3 class=\"faq-item-question-text\">Jak mog\u0119 doda\u0107 formularz kontaktowy do mojej witryny Bloggera bez umiej\u0119tno\u015bci kodowania?<\/h3>\r\n\r\n\t\t\t\t\t\t<div class=\"faq-item-question-icon\"><\/div>\r\n\t\t\t\t\t<\/div>\r\n\r\n\t\t\t\t\t<div class=\"faq-item-answer\">\r\n\t\t\t\t\t\t<div class=\"faq-item-answer-text\"> <p>Elfsight zapewnia rozwi\u0105zanie SaaS, kt\u00f3re pozwala samodzielnie utworzy\u0107 wid\u017cet formularza kontaktowego. Zobacz, jakie to proste Proces ten jest nast\u0119puj\u0105cy: Pracuj bezpo\u015brednio w edytorze online, aby utworzy\u0107 wid\u017cet formularza kontaktowego, kt\u00f3ry chcesz widzie\u0107 w swojej witrynie Bloggera. Wybierz jeden z gotowych szablon\u00f3w i dostosuj ustawienia Formularza Kontaktowego, dodaj swoj\u0105 tre\u015b\u0107, zmie\u0144 uk\u0142ad i kolorystyk\u0119 bez umiej\u0119tno\u015bci kodowania. Zapisz formularz kontaktowy i skopiuj jego kod instalacyjny, kt\u00f3ry mo\u017cesz po prostu osadzi\u0107 na swojej stronie Bloggera bez konieczno\u015bci zakupu p\u0142atnej subskrypcji. Dzi\u0119ki naszemu intuicyjnemu Edytorowi ka\u017cdy u\u017cytkownik Internetu mo\u017ce stworzy\u0107 wid\u017cet Formularza Kontaktowego online i \u0142atwo osadzi\u0107 go na swojej stronie Bloggera. Aby uzyska\u0107 dost\u0119p do us\u0142ugi, nie trzeba p\u0142aci\u0107 ani wprowadza\u0107 danych uwierzytelniaj\u0105cych karty. Je\u015bli na kt\u00f3rymkolwiek etapie napotkasz jakiekolwiek problemy, skontaktuj si\u0119 z naszym zespo\u0142em pomocy technicznej.<\/p> <\/div>\r\n\t\t\t\t\t<\/div>\r\n\t\t\t\t<\/div><div class=\"faq-item\">\r\n\t\t\t\t\t<div class=\"faq-item-question\">\r\n\t\t\t\t\t\t<h3 class=\"faq-item-question-text\">Czy masz jakie\u015b gotowe szablony formularzy kontaktowych dla witryny Bloggera?<\/h3>\r\n\r\n\t\t\t\t\t\t<div class=\"faq-item-question-icon\"><\/div>\r\n\t\t\t\t\t<\/div>\r\n\r\n\t\t\t\t\t<div class=\"faq-item-answer\">\r\n\t\t\t\t\t\t<div class=\"faq-item-answer-text\"><p>Tak, istnieje szeroki wyb\u00f3r ponad 300 szablon\u00f3w, kt\u00f3re pozwalaj\u0105 zaoszcz\u0119dzi\u0107 czas na tworzeniu formularza od zera. Sprawd\u017a <a href=\"https:\/\/elfsight.com\/online-form-builder\/templates\/contact-forms\/\">szablony formularzy kontaktowych<\/a> na ka\u017cd\u0105 okazj\u0119 i znajd\u017a ten, kt\u00f3ry odpowiada Twoim oczekiwaniom.<\/p><\/div>\r\n\t\t\t\t\t<\/div>\r\n\t\t\t\t<\/div> <\/div> <\/div>","protected":false},"excerpt":{"rendered":"","protected":false},"author":9,"featured_media":0,"parent":2289,"menu_order":0,"comment_status":"closed","ping_status":"closed","template":"templates\/template-application-platform.php","meta":{"publish_to_discourse":"","publish_post_category":"","wpdc_auto_publish_overridden":"","wpdc_topic_tags":"","wpdc_pin_topic":"","wpdc_pin_until":"","discourse_post_id":"","discourse_permalink":"","wpdc_publishing_response":"","wpdc_publishing_error":"","footnotes":""},"class_list":["post-4709","page","type-page","status-publish","hentry"],"yoast_head":"<!-- This site is optimized with the Yoast SEO plugin v25.3.1 - https:\/\/yoast.com\/wordpress\/plugins\/seo\/ -->\n<title>Utw\u00f3rz i dodaj formularz kontaktowy na Bloggerze za darmo!<\/title>\n<meta name=\"description\" content=\"Wygeneruj sw\u00f3j unikalny widget formularza kontaktowego dla Bloggera i dodaj go do swojej witryny w zaledwie 2 minuty. Darmowy edytor, pomoc przy integracji i wiele wi\u0119cej r\u00f3\u017cnych bonus\u00f3w od Elfsight!\" \/>\n<meta name=\"robots\" content=\"index, follow, max-snippet:-1, max-image-preview:large, max-video-preview:-1\" \/>\n<link rel=\"canonical\" href=\"https:\/\/elfsight.com\/pl\/contact-form-widget\/blogger\/\" \/>\n<meta property=\"og:locale\" content=\"pl_PL\" \/>\n<meta property=\"og:type\" content=\"article\" \/>\n<meta property=\"og:title\" content=\"Utw\u00f3rz i dodaj formularz kontaktowy na Bloggerze za darmo!\" \/>\n<meta property=\"og:description\" content=\"Wygeneruj sw\u00f3j unikalny widget formularza kontaktowego dla Bloggera i dodaj go do swojej witryny w zaledwie 2 minuty. Darmowy edytor, pomoc przy integracji i wiele wi\u0119cej r\u00f3\u017cnych bonus\u00f3w od Elfsight!\" \/>\n<meta property=\"og:url\" content=\"https:\/\/elfsight.com\/pl\/contact-form-widget\/blogger\/\" \/>\n<meta property=\"og:site_name\" content=\"Elfsight PL\" \/>\n<meta property=\"article:modified_time\" content=\"2024-11-14T12:49:33+00:00\" \/>\n<meta name=\"twitter:card\" content=\"summary_large_image\" \/>\n<meta name=\"twitter:label1\" content=\"Szacowany czas czytania\" \/>\n\t<meta name=\"twitter:data1\" content=\"4 minuty\" \/>\n<!-- \/ Yoast SEO plugin. -->","yoast_head_json":{"title":"Utw\u00f3rz i dodaj formularz kontaktowy na Bloggerze za darmo!","description":"Wygeneruj sw\u00f3j unikalny widget formularza kontaktowego dla Bloggera i dodaj go do swojej witryny w zaledwie 2 minuty. Darmowy edytor, pomoc przy integracji i wiele wi\u0119cej r\u00f3\u017cnych bonus\u00f3w od Elfsight!","robots":{"index":"index","follow":"follow","max-snippet":"max-snippet:-1","max-image-preview":"max-image-preview:large","max-video-preview":"max-video-preview:-1"},"canonical":"https:\/\/elfsight.com\/pl\/contact-form-widget\/blogger\/","og_locale":"pl_PL","og_type":"article","og_title":"Utw\u00f3rz i dodaj formularz kontaktowy na Bloggerze za darmo!","og_description":"Wygeneruj sw\u00f3j unikalny widget formularza kontaktowego dla Bloggera i dodaj go do swojej witryny w zaledwie 2 minuty. Darmowy edytor, pomoc przy integracji i wiele wi\u0119cej r\u00f3\u017cnych bonus\u00f3w od Elfsight!","og_url":"https:\/\/elfsight.com\/pl\/contact-form-widget\/blogger\/","og_site_name":"Elfsight PL","article_modified_time":"2024-11-14T12:49:33+00:00","twitter_card":"summary_large_image","twitter_misc":{"Szacowany czas czytania":"4 minuty"},"schema":{"@context":"https:\/\/schema.org","@graph":[{"@type":"WebPage","@id":"https:\/\/elfsight.com\/pl\/contact-form-widget\/blogger\/","url":"https:\/\/elfsight.com\/pl\/contact-form-widget\/blogger\/","name":"Utw\u00f3rz i dodaj formularz kontaktowy na Bloggerze za darmo!","isPartOf":{"@id":"https:\/\/elfsight.com\/pl\/#website"},"datePublished":"2024-05-03T06:33:00+00:00","dateModified":"2024-11-14T12:49:33+00:00","description":"Wygeneruj sw\u00f3j unikalny widget formularza kontaktowego dla Bloggera i dodaj go do swojej witryny w zaledwie 2 minuty. Darmowy edytor, pomoc przy integracji i wiele wi\u0119cej r\u00f3\u017cnych bonus\u00f3w od Elfsight!","breadcrumb":{"@id":"https:\/\/elfsight.com\/pl\/contact-form-widget\/blogger\/#breadcrumb"},"inLanguage":"pl-PL","potentialAction":[{"@type":"ReadAction","target":["https:\/\/elfsight.com\/pl\/contact-form-widget\/blogger\/"]}]},{"@type":"BreadcrumbList","@id":"https:\/\/elfsight.com\/pl\/contact-form-widget\/blogger\/#breadcrumb","itemListElement":[{"@type":"ListItem","position":1,"name":"Home","item":"https:\/\/elfsight.com\/pl\/"},{"@type":"ListItem","position":2,"name":"Contact Form","item":"https:\/\/elfsight.com\/pl\/contact-form-widget\/"},{"@type":"ListItem","position":3,"name":"Contact Form &#8211; Blogger"}]},{"@type":"WebSite","@id":"https:\/\/elfsight.com\/pl\/#website","url":"https:\/\/elfsight.com\/pl\/","name":"Elfsight PL","description":"Just another Elfsight Sites site","potentialAction":[{"@type":"SearchAction","target":{"@type":"EntryPoint","urlTemplate":"https:\/\/elfsight.com\/pl\/?s={search_term_string}"},"query-input":{"@type":"PropertyValueSpecification","valueRequired":true,"valueName":"search_term_string"}}],"inLanguage":"pl-PL"}]}},"meta_box":{"industry":"","seo_heading":"","heading":"","description":"","cta_heading":"","cta_description":"","application":"2288","h1":"Wid\u017cet formularza kontaktowego dla Bloggera","h1_caption":"Z \u0142atwo\u015bci\u0105 tw\u00f3rz i osadzaj formularze kontaktowe w swojej witrynie, aby bez wysi\u0142ku zach\u0119ca\u0107 u\u017cytkownik\u00f3w do interakcji i zadawania pyta\u0144 w witrynie Bloggera.","application_category":[],"applications_title":"","applications_request_title":"","applications_request_button_text":"","hero_text":"","hero_video":"","hero_video_schema_markup":"","selling_points_title":"","selling_points_caption":"","selling_points":[],"selling_points_cta_text":"","features_title":"","features":"","ed_cta_examples_text":"","ed_cta_examples_hidden":"","ed_cta_demo_text":"","ed_cta_demo_hidden":"","why_caption":"","why_editor_title":"","why_editor_text":"","why_team_title":"","why_team_text":"","why_service_title":"","why_service_text":"","template_catalog_visible":"","template_catalog_title":"","template_catalog_text":"","template_catalog_categories_visible":"","demo_title":"Utw\u00f3rz wid\u017cet formularza kontaktowego","demo_caption":"Skonfiguruj sw\u00f3j formularz kontaktowy i dodaj go do swojej witryny Bloggera za darmo!","default_faq_hidden":"","app_template_category":[],"platform":"44","template_public_id":"","codecanyon_url":"","codecanyon_item_id":"","codecanyon_price":"","pricing_caption":"","pricing_elfsight_apps_hide_column":"","pricing_elfsight_apps_url":"","pricing_codecanyon_price_caption":"","integration_category":[],"integration_request_title":"","integration_request_cta":"","integration_platform":"","integrations":[],"platform_category":[],"video_schema_markup":"","price":"od 0 USD \/ miesi\u0105c","trial":"","benefits":[{"text":"Bezp\u0142atna us\u0142uga monta\u017cu"},{"text":"Do\u015bwiadczona obs\u0142uga klienta"},{"text":"14-dniowa gwarancja zwrotu pieni\u0119dzy"}],"button_url":"#demo","button_target_blank":"","button_nofollow":"","attributes":[{"name":"Instaluje"},{"name":"Czu\u0142y"},{"name":"Kompatybilne przegl\u0105darki"}],"tags":[],"tags_disable_links":"","hide_more_platforms":"","video_object":"","demo_hide_cta":"","demo_hide_cloud_options":"","pricing_title":"","pricing":[{"pricing_icon":"platform","pricing_title":"Blogger widget","pricing_title_caption":"Niezale\u017cne od platformy rozwi\u0105zanie cyfrowe, kt\u00f3re pasuje do ka\u017cdej witryny","pricing_price":"od 0 USD \/ miesi\u0105c","pricing_price_caption":"zacznij od bezp\u0142atnego planu","pricing_benefits":[{"text":"Nielimitowane domeny"},{"text":"Profesjonalne wsparcie firmy"},{"text":"Bezp\u0142atna us\u0142uga monta\u017cu"},{"text":"Elastyczny projekt"}],"pricing_button_text":"Dodaj do witryny","pricing_button_url":"#demo"}],"related_apps_title":"","related_apps_hidden":"","author":"","image":[],"title":"","job":"","social_networks":[]},"_links":{"self":[{"href":"https:\/\/elfsight.com\/pl\/wp-json\/wp\/v2\/pages\/4709","targetHints":{"allow":["GET"]}}],"collection":[{"href":"https:\/\/elfsight.com\/pl\/wp-json\/wp\/v2\/pages"}],"about":[{"href":"https:\/\/elfsight.com\/pl\/wp-json\/wp\/v2\/types\/page"}],"author":[{"embeddable":true,"href":"https:\/\/elfsight.com\/pl\/wp-json\/wp\/v2\/users\/9"}],"replies":[{"embeddable":true,"href":"https:\/\/elfsight.com\/pl\/wp-json\/wp\/v2\/comments?post=4709"}],"version-history":[{"count":2,"href":"https:\/\/elfsight.com\/pl\/wp-json\/wp\/v2\/pages\/4709\/revisions"}],"predecessor-version":[{"id":7706,"href":"https:\/\/elfsight.com\/pl\/wp-json\/wp\/v2\/pages\/4709\/revisions\/7706"}],"up":[{"embeddable":true,"href":"https:\/\/elfsight.com\/pl\/wp-json\/wp\/v2\/pages\/2289"}],"wp:attachment":[{"href":"https:\/\/elfsight.com\/pl\/wp-json\/wp\/v2\/media?parent=4709"}],"curies":[{"name":"wp","href":"https:\/\/api.w.org\/{rel}","templated":true}]}}