{"id":4704,"date":"2024-05-03T06:32:59","date_gmt":"2024-05-03T06:32:59","guid":{"rendered":"https:\/\/elfsight.com\/pl\/?page_id=4704"},"modified":"2024-11-14T12:49:25","modified_gmt":"2024-11-14T12:49:25","slug":"drupal","status":"publish","type":"page","link":"https:\/\/elfsight.com\/pl\/contact-form-widget\/drupal\/","title":{"rendered":"Contact Form &#8211; Drupal"},"content":{"rendered":"<div class=\"application-platform-content-item-description application-platform-content-item\" id=\"description\" data-nav-section=\"description\"><h2>Formularz kontaktowy dla Drupala<\/h2><p>Modu\u0142 kontaktowy Elfsight dla Drupala to wtyczka maj\u0105ca na celu pom\u00f3c Ci we wszystkich bie\u017c\u0105cych \u017c\u0105daniach zwi\u0105zanych z uzyskaniem wy\u015bwietlenia i \u017c\u0105dania klient\u00f3w w Twojej witrynie. Zademonstruj potrzebne cz\u0119\u015bci do wype\u0142nienia, znajd\u017a wymagany szablon i spersonalizuj interfejs, aby zmotywowa\u0107 swoich klient\u00f3w do dalszego opuszczania zapyta\u0144 o us\u0142ugi Twojej firmy. Wtyczka Formularz zosta\u0142a stworzona, aby spe\u0142ni\u0107 wszystkie Twoje wymagania dotycz\u0105ce zbierania opinii i pozostawania w ci\u0105g\u0142ym kontakcie z klientami.<\/p><ul><li><b>Ulepsz generowanie potencjalnych klient\u00f3w<\/b>.<br>B\u0105d\u017a blisko z Twoich potencjalnych klient\u00f3w, prowokuj\u0105c ich do komunikacji z Tob\u0105 za po\u015brednictwem modu\u0142u Kontakt w dowolnym momencie. Mniejsza liczba p\u00f3l zapewni maksymaln\u0105 konwersj\u0119.<\/li><li><b>Po\u0142\u00f3\u017c kres spamowi<\/b>.<br>Zachowuj tylko organiczne rozmowy dzi\u0119ki wysoce skutecznej us\u0142udze Google reCAPTCHA chroni\u0105cej przed spamem i botami. <\/li><li><b>\u0141atwe uzyskiwanie informacji zwrotnych<\/b>.<br>Utw\u00f3rz zauwa\u017caln\u0105 wtyczk\u0119 formularza, dzi\u0119ki kt\u00f3rej b\u0119dzie mo\u017cna j\u0105 \u0142atwo znale\u017a\u0107 na stronach Twojej witryny, inspiruj\u0105c u\u017cytkownik\u00f3w do przekazywania Ci informacji zwrotnych w dowolnym momencie, gdy uznaj\u0105 to za konieczne .<\/li><\/ul><\/div><div class=\"application-platform-content-item-features application-platform-content-item\" id=\"features\" data-nav-section=\"features\"><h2>Funkcje wtyczki formularza kontaktowego<\/h2><p>Dlaczego formularz kontaktowy Elfsight jest najlepszym modu\u0142em do uzyskiwania i odbierania wy\u015bwietle\u0144 u\u017cytkownik\u00f3w zam\u00f3wi\u0107 Drupala? Sprawd\u017a nasze kluczowe cechy:<\/p><ul><li>Wybierz pola, kt\u00f3re maj\u0105 by\u0107 wymagane;<\/li><li>Ustaw tytu\u0142 nad formularzem;<\/li><li>2 predefiniowane uk\u0142ady: wbudowany dodawany do tre\u015bci strony i p\u0142ynnie pod\u0105\u017caj\u0105cy za przewijaniem odwiedzaj\u0105cego;<\/li><li>Wszystkie dane wprowadzone do formularza s\u0105 zapisywane w toku;<\/li><li>Bezszwowy projekt, kt\u00f3ry od razu pasuje do 99% witryn .<\/li><\/ul><p><a href=\"#demo\">Odkryj wszystkie funkcje w naszej wersji demonstracyjnej<\/a><\/p><\/div><div class=\"application-platform-content-item-installation application-platform-content-item\" id=\"installation\" data-nav-section=\"installation\"><h2> Jak doda\u0107 wid\u017cet Formularz kontaktowy do witryny Drupal<\/h2><div class=\"video-container\"><iframe width=\"720\" height=\"405\" src=\"https:\/\/www.youtube.com\/embed\/90HeQ2FiP14\" frameborder=\"0\" allowfullscreen=\"\"><\/iframe><\/div><p>Wystarczy post\u0119powa\u0107 zgodnie z poni\u017cszymi wskaz\u00f3wkami, aby wstawi\u0107 modu\u0142 na Drupalu.<\/p> <ol><li><b>Uruchom nasze darmowy konfigurator i zacznij budowa\u0107 sw\u00f3j w\u0142asny modu\u0142. <\/b><br> Okre\u015bl odpowiedni uk\u0142ad i funkcje narz\u0119dzia i zastosuj zmiany. <\/li> <li><b>Wy\u015bwietl sw\u00f3j osobisty kod w oknie aplikacji Elfsight. <\/b><br> Zaraz po zako\u0144czeniu konfiguracji Twojego osobistego narz\u0119dzia skopiuj indywidualny kod z wyskakuj\u0105cego okienka i zapisz go do wykorzystania w przysz\u0142o\u015bci. <\/li> <li><b>Rozpocznij korzystanie z narz\u0119dzia Formularz kontaktowy na swojej stronie Drupal. <\/b><br> Umie\u015b\u0107 zapisany wcze\u015bniej kod na swojej stronie i zastosuj ulepszenia. <\/li> <li><b>Gotowe! Osadzanie zosta\u0142o pomy\u015blnie zako\u0144czone. <\/b><br> Odwied\u017a swoj\u0105 witryn\u0119, aby zobaczy\u0107 w akcji, jak dzia\u0142a modu\u0142. <\/li><\/ol><p>Natkn\u0105\u0142e\u015b si\u0119 na co\u015b podczas stosowania instrukcji lub konfigurowania formularza kontaktowego? Mo\u017cesz wypr\u00f3bowa\u0107 obszern\u0105 instrukcj\u0119 \u00ab<a href=\"https:\/\/elfsight.com\/tutorials\/how-to-add-contact-form-module-to-drupal\/\" target=\"_blank\" rel=\"noopener noreferrer\">Jak zainstalowa\u0107 formularz kontaktowy na stronie Drupal<\/a>\u00bb i skorzystaj z drugiej szansy, aby zainstalowa\u0107 go ponownie samodzielnie lub opu\u015b\u0107 centrum pomocy zapyta\u0144 z dok\u0142adnym wyja\u015bnieniem problemu, a nasz zesp\u00f3\u0142 z przyjemno\u015bci\u0105 odpowie na Twoje pytania.<\/p><div class=\"faq\" data-component=\"FAQ\"> <div class=\"faq-item\">\r\n\t\t\t\t\t<div class=\"faq-item-question\">\r\n\t\t\t\t\t\t<h3 class=\"faq-item-question-text\">Jak doda\u0107 formularz kontaktowy do mojej witryny Drupal bez umiej\u0119tno\u015bci kodowania?<\/h3>\r\n\r\n\t\t\t\t\t\t<div class=\"faq-item-question-icon\"><\/div>\r\n\t\t\t\t\t<\/div>\r\n\r\n\t\t\t\t\t<div class=\"faq-item-answer\">\r\n\t\t\t\t\t\t<div class=\"faq-item-answer-text\"> <p>Elfsight zapewnia rozwi\u0105zanie SaaS, kt\u00f3re pozwala samodzielnie utworzy\u0107 wid\u017cet formularza kontaktowego, zobacz jak prosty proces jest nast\u0119puj\u0105cy: Pracuj bezpo\u015brednio w edytorze online, aby utworzy\u0107 wid\u017cet formularza kontaktowego, kt\u00f3ry chcia\u0142by\u015b zobaczy\u0107 na swojej stronie Drupal. Wybierz jeden z gotowych szablon\u00f3w i dostosuj ustawienia Formularza Kontaktowego, dodaj swoj\u0105 tre\u015b\u0107, zmie\u0144 uk\u0142ad i kolorystyk\u0119 bez umiej\u0119tno\u015bci kodowania. Zapisz Formularz kontaktowy i skopiuj jego kod instalacyjny, kt\u00f3ry mo\u017cesz po prostu osadzi\u0107 na swojej stronie Drupal, bez konieczno\u015bci wykupywania p\u0142atnej subskrypcji. Dzi\u0119ki naszemu intuicyjnemu Edytorowi ka\u017cdy u\u017cytkownik Internetu mo\u017ce stworzy\u0107 wid\u017cet Formularza Kontaktowego online i \u0142atwo osadzi\u0107 go na swojej stronie Drupal. Aby uzyska\u0107 dost\u0119p do us\u0142ugi, nie trzeba p\u0142aci\u0107 ani wprowadza\u0107 danych uwierzytelniaj\u0105cych karty. Je\u015bli na kt\u00f3rymkolwiek etapie napotkasz jakiekolwiek problemy, skontaktuj si\u0119 z naszym zespo\u0142em pomocy technicznej.<\/p> <\/div>\r\n\t\t\t\t\t<\/div>\r\n\t\t\t\t<\/div><div class=\"faq-item\">\r\n\t\t\t\t\t<div class=\"faq-item-question\">\r\n\t\t\t\t\t\t<h3 class=\"faq-item-question-text\">Czy oferujecie szablony formularzy kontaktowych dla witryny Drupal?<\/h3>\r\n\r\n\t\t\t\t\t\t<div class=\"faq-item-question-icon\"><\/div>\r\n\t\t\t\t\t<\/div>\r\n\r\n\t\t\t\t\t<div class=\"faq-item-answer\">\r\n\t\t\t\t\t\t<div class=\"faq-item-answer-text\"><p>Tak, Elfsight oferuje ponad 300 gotowych do u\u017cycia szablon\u00f3w na ka\u017cd\u0105 okazj\u0119. Przyjrzyj si\u0119 bli\u017cej <a href=\"https:\/\/elfsight.com\/online-form-builder\/templates\/contact-forms\/\">szablonom formularzy kontaktowych<\/a> i wybierz ten, kt\u00f3ry najbardziej Ci si\u0119 podoba.<\/p><\/div>\r\n\t\t\t\t\t<\/div>\r\n\t\t\t\t<\/div> <\/div> <\/div>","protected":false},"excerpt":{"rendered":"","protected":false},"author":9,"featured_media":0,"parent":2289,"menu_order":0,"comment_status":"closed","ping_status":"closed","template":"templates\/template-application-platform.php","meta":{"publish_to_discourse":"","publish_post_category":"","wpdc_auto_publish_overridden":"","wpdc_topic_tags":"","wpdc_pin_topic":"","wpdc_pin_until":"","discourse_post_id":"","discourse_permalink":"","wpdc_publishing_response":"","wpdc_publishing_error":"","footnotes":""},"class_list":["post-4704","page","type-page","status-publish","hentry"],"yoast_head":"<!-- This site is optimized with the Yoast SEO plugin v25.3.1 - https:\/\/yoast.com\/wordpress\/plugins\/seo\/ -->\n<title>Utw\u00f3rz i dodaj formularz kontaktowy na Drupalu za darmo!<\/title>\n<meta name=\"description\" content=\"Stw\u00f3rz modu\u0142 formularza kontaktowego dla Drupala i zintegruj go ze swoj\u0105 stron\u0105 internetow\u0105 w zaledwie 1 minut\u0119. Darmowy edytor, wsparcie przy dostosowywaniu i wi\u0119cej bonus\u00f3w od Elfsight!\" \/>\n<meta name=\"robots\" content=\"index, follow, max-snippet:-1, max-image-preview:large, max-video-preview:-1\" \/>\n<link rel=\"canonical\" href=\"https:\/\/elfsight.com\/pl\/contact-form-widget\/drupal\/\" \/>\n<meta property=\"og:locale\" content=\"pl_PL\" \/>\n<meta property=\"og:type\" content=\"article\" \/>\n<meta property=\"og:title\" content=\"Utw\u00f3rz i dodaj formularz kontaktowy na Drupalu za darmo!\" \/>\n<meta property=\"og:description\" content=\"Stw\u00f3rz modu\u0142 formularza kontaktowego dla Drupala i zintegruj go ze swoj\u0105 stron\u0105 internetow\u0105 w zaledwie 1 minut\u0119. Darmowy edytor, wsparcie przy dostosowywaniu i wi\u0119cej bonus\u00f3w od Elfsight!\" \/>\n<meta property=\"og:url\" content=\"https:\/\/elfsight.com\/pl\/contact-form-widget\/drupal\/\" \/>\n<meta property=\"og:site_name\" content=\"Elfsight PL\" \/>\n<meta property=\"article:modified_time\" content=\"2024-11-14T12:49:25+00:00\" \/>\n<meta name=\"twitter:card\" content=\"summary_large_image\" \/>\n<meta name=\"twitter:label1\" content=\"Szacowany czas czytania\" \/>\n\t<meta name=\"twitter:data1\" content=\"3 minuty\" \/>\n<!-- \/ Yoast SEO plugin. -->","yoast_head_json":{"title":"Utw\u00f3rz i dodaj formularz kontaktowy na Drupalu za darmo!","description":"Stw\u00f3rz modu\u0142 formularza kontaktowego dla Drupala i zintegruj go ze swoj\u0105 stron\u0105 internetow\u0105 w zaledwie 1 minut\u0119. Darmowy edytor, wsparcie przy dostosowywaniu i wi\u0119cej bonus\u00f3w od Elfsight!","robots":{"index":"index","follow":"follow","max-snippet":"max-snippet:-1","max-image-preview":"max-image-preview:large","max-video-preview":"max-video-preview:-1"},"canonical":"https:\/\/elfsight.com\/pl\/contact-form-widget\/drupal\/","og_locale":"pl_PL","og_type":"article","og_title":"Utw\u00f3rz i dodaj formularz kontaktowy na Drupalu za darmo!","og_description":"Stw\u00f3rz modu\u0142 formularza kontaktowego dla Drupala i zintegruj go ze swoj\u0105 stron\u0105 internetow\u0105 w zaledwie 1 minut\u0119. Darmowy edytor, wsparcie przy dostosowywaniu i wi\u0119cej bonus\u00f3w od Elfsight!","og_url":"https:\/\/elfsight.com\/pl\/contact-form-widget\/drupal\/","og_site_name":"Elfsight PL","article_modified_time":"2024-11-14T12:49:25+00:00","twitter_card":"summary_large_image","twitter_misc":{"Szacowany czas czytania":"3 minuty"},"schema":{"@context":"https:\/\/schema.org","@graph":[{"@type":"WebPage","@id":"https:\/\/elfsight.com\/pl\/contact-form-widget\/drupal\/","url":"https:\/\/elfsight.com\/pl\/contact-form-widget\/drupal\/","name":"Utw\u00f3rz i dodaj formularz kontaktowy na Drupalu za darmo!","isPartOf":{"@id":"https:\/\/elfsight.com\/pl\/#website"},"datePublished":"2024-05-03T06:32:59+00:00","dateModified":"2024-11-14T12:49:25+00:00","description":"Stw\u00f3rz modu\u0142 formularza kontaktowego dla Drupala i zintegruj go ze swoj\u0105 stron\u0105 internetow\u0105 w zaledwie 1 minut\u0119. Darmowy edytor, wsparcie przy dostosowywaniu i wi\u0119cej bonus\u00f3w od Elfsight!","breadcrumb":{"@id":"https:\/\/elfsight.com\/pl\/contact-form-widget\/drupal\/#breadcrumb"},"inLanguage":"pl-PL","potentialAction":[{"@type":"ReadAction","target":["https:\/\/elfsight.com\/pl\/contact-form-widget\/drupal\/"]}]},{"@type":"BreadcrumbList","@id":"https:\/\/elfsight.com\/pl\/contact-form-widget\/drupal\/#breadcrumb","itemListElement":[{"@type":"ListItem","position":1,"name":"Home","item":"https:\/\/elfsight.com\/pl\/"},{"@type":"ListItem","position":2,"name":"Contact Form","item":"https:\/\/elfsight.com\/pl\/contact-form-widget\/"},{"@type":"ListItem","position":3,"name":"Contact Form &#8211; Drupal"}]},{"@type":"WebSite","@id":"https:\/\/elfsight.com\/pl\/#website","url":"https:\/\/elfsight.com\/pl\/","name":"Elfsight PL","description":"Just another Elfsight Sites site","potentialAction":[{"@type":"SearchAction","target":{"@type":"EntryPoint","urlTemplate":"https:\/\/elfsight.com\/pl\/?s={search_term_string}"},"query-input":{"@type":"PropertyValueSpecification","valueRequired":true,"valueName":"search_term_string"}}],"inLanguage":"pl-PL"}]}},"meta_box":{"industry":"","seo_heading":"","heading":"","description":"","cta_heading":"","cta_description":"","application":"2288","h1":"Modu\u0142 formularza kontaktowego dla Drupala","h1_caption":"Z \u0142atwo\u015bci\u0105 tw\u00f3rz i osadzaj formularze kontaktowe na swojej stronie internetowej, aby bez wysi\u0142ku zach\u0119ca\u0107 u\u017cytkownik\u00f3w do interakcji i wysy\u0142ania zapyta\u0144 do Twojej witryny Drupal.","application_category":[],"applications_title":"","applications_request_title":"","applications_request_button_text":"","hero_text":"","hero_video":"","hero_video_schema_markup":"","selling_points_title":"","selling_points_caption":"","selling_points":[],"selling_points_cta_text":"","features_title":"","features":"","ed_cta_examples_text":"","ed_cta_examples_hidden":"","ed_cta_demo_text":"","ed_cta_demo_hidden":"","why_caption":"","why_editor_title":"","why_editor_text":"","why_team_title":"","why_team_text":"","why_service_title":"","why_service_text":"","template_catalog_visible":"","template_catalog_title":"","template_catalog_text":"","template_catalog_categories_visible":"","demo_title":"Utw\u00f3rz modu\u0142 formularza kontaktowego","demo_caption":"Skonfiguruj sw\u00f3j Formularz Kontaktowy i dodaj go do swojej witryny Drupal za darmo!","default_faq_hidden":"","app_template_category":[],"platform":"47","template_public_id":"","codecanyon_url":"","codecanyon_item_id":"","codecanyon_price":"","pricing_caption":"","pricing_elfsight_apps_hide_column":"","pricing_elfsight_apps_url":"","pricing_codecanyon_price_caption":"","integration_category":[],"integration_request_title":"","integration_request_cta":"","integration_platform":"","integrations":[],"platform_category":[],"video_schema_markup":"","price":"od 0 USD \/ miesi\u0105c","trial":"","benefits":[{"text":"Bezp\u0142atna pomoc w monta\u017cu"},{"text":"Wsparcie premium"},{"text":"14-dniowa gwarancja zwrotu pieni\u0119dzy"}],"button_url":"#demo","button_target_blank":"","button_nofollow":"","attributes":[{"name":"Instaluje"},{"name":"Czu\u0142y"},{"name":"Kompatybilne przegl\u0105darki"}],"tags":[],"tags_disable_links":"","hide_more_platforms":"","video_object":"","demo_hide_cta":"","demo_hide_cloud_options":"","pricing_title":"","pricing":[{"pricing_icon":"cloud","pricing_title":"Elfsight Apps","pricing_title_caption":"Niezale\u017cne od platformy rozwi\u0105zanie cyfrowe, kt\u00f3re pasuje do ka\u017cdej witryny internetowej","pricing_price":"od 0 USD \/ miesi\u0105c","pricing_price_caption":"zacznij od bezp\u0142atnego planu","pricing_benefits":[{"text":"Nielimitowane strony internetowe"},{"text":"Szybka i terminowa pomoc oraz dobrze udokumentowana"},{"text":"Bezp\u0142atna pomoc w instalacji"},{"text":"Specjalna cena za wiele aplikacji"}],"pricing_button_text":"Dodaj do witryny","pricing_button_url":"#demo"}],"related_apps_title":"","related_apps_hidden":"","author":"","image":[],"title":"","job":"","social_networks":[]},"_links":{"self":[{"href":"https:\/\/elfsight.com\/pl\/wp-json\/wp\/v2\/pages\/4704","targetHints":{"allow":["GET"]}}],"collection":[{"href":"https:\/\/elfsight.com\/pl\/wp-json\/wp\/v2\/pages"}],"about":[{"href":"https:\/\/elfsight.com\/pl\/wp-json\/wp\/v2\/types\/page"}],"author":[{"embeddable":true,"href":"https:\/\/elfsight.com\/pl\/wp-json\/wp\/v2\/users\/9"}],"replies":[{"embeddable":true,"href":"https:\/\/elfsight.com\/pl\/wp-json\/wp\/v2\/comments?post=4704"}],"version-history":[{"count":2,"href":"https:\/\/elfsight.com\/pl\/wp-json\/wp\/v2\/pages\/4704\/revisions"}],"predecessor-version":[{"id":7705,"href":"https:\/\/elfsight.com\/pl\/wp-json\/wp\/v2\/pages\/4704\/revisions\/7705"}],"up":[{"embeddable":true,"href":"https:\/\/elfsight.com\/pl\/wp-json\/wp\/v2\/pages\/2289"}],"wp:attachment":[{"href":"https:\/\/elfsight.com\/pl\/wp-json\/wp\/v2\/media?parent=4704"}],"curies":[{"name":"wp","href":"https:\/\/api.w.org\/{rel}","templated":true}]}}