{"id":4701,"date":"2024-05-03T06:32:56","date_gmt":"2024-05-03T06:32:56","guid":{"rendered":"https:\/\/elfsight.com\/pl\/?page_id=4701"},"modified":"2025-06-25T09:32:50","modified_gmt":"2025-06-25T09:32:50","slug":"magento","status":"publish","type":"page","link":"https:\/\/elfsight.com\/pl\/contact-form-widget\/magento\/","title":{"rendered":"Contact Form &#8211; Magento"},"content":{"rendered":"<div class=\"application-platform-content-item-description application-platform-content-item\" id=\"description\" data-nav-section=\"description\">\n<h2>Formularz kontaktowy dla Magento<\/h2>\n<p>Je\u015bli szukasz niestandardowego formularza kontaktowego Magento, pomocne mo\u017ce by\u0107 rozszerzenie Elfsight Contact. Jest to bezp\u0142atne narz\u0119dzie do rozszerzenia niestandardowego formularza kontaktowego Magento, kt\u00f3rego celem jest pomoc w zaspokojeniu wszystkich bie\u017c\u0105cych potrzeb w zakresie uzyskiwania wy\u015bwietle\u0144 i \u017c\u0105da\u0144 od klient\u00f3w Twojej witryny. Po prostu poka\u017c najwa\u017cniejsze elementy do wype\u0142nienia, wybierz preferowany szablon i dostosuj interfejs, aby jeszcze bardziej zmotywowa\u0107 u\u017cytkownik\u00f3w do opuszczania zapyta\u0144 o us\u0142ugi Twojej firmy. Wtyczka Formularz zosta\u0142a stworzona, aby spe\u0142ni\u0107 ka\u017cde Twoje \u017c\u0105danie uzyskania informacji zwrotnej i by\u0107 zawsze w kontakcie z klientami.<\/p>\n<p><b>Otrzymuj recenzje, otrzymuj pro\u015bby i wysy\u0142aj odpowiedzi na wiadomo\u015bci otrzymywane od klient\u00f3w Twojej witryny!<\/b><\/p>\n<ul>\n    <li><b>Ulepsz pozyskiwanie lead\u00f3w<\/b>. B\u0105d\u017a blisko potencjalnych klient\u00f3w, prowokuj\u0105c ich do wysy\u0142ania wiadomo\u015bci za pomoc\u0105 rozszerzenia Kontakt w dowolnym momencie. Mniejsza liczba p\u00f3l zapewni najwy\u017csz\u0105 konwersj\u0119.<\/li>\n    <li><b>Wyklucz spam<\/b>. Miej tylko organiczne kontakty, stosuj\u0105c pot\u0119\u017cn\u0105 ochron\u0119 us\u0142ugi Google reCAPTCHA przed spamem i botami.<\/li>\n    <li><b>Z \u0142atwo\u015bci\u0105 zdobywaj opinie klient\u00f3w<\/b>. Stw\u00f3rz niezwyk\u0142\u0105 wtyczk\u0119 formularza, dzi\u0119ki kt\u00f3rej b\u0119dzie mo\u017cna j\u0105 \u0142atwo znale\u017a\u0107 w Twojej witrynie, motywuj\u0105c odwiedzaj\u0105cych do przekazania Ci opinii w dowolnym momencie, gdy uznaj\u0105 to za konieczne.<\/li>\n<\/ul>\n<\/div>\n\n<div class=\"application-platform-content-item-features application-platform-content-item\" id=\"features\" data-nav-section=\"features\">\n<h2>Wtyczka formularza kontaktowego<\/h2>\n<p>Dlaczego nasz formularz kontaktowy jest najlepszym rozszerzeniem do zbierania reakcji klient\u00f3w i pozyskiwania zam\u00f3wie\u0144 na strony Magento? Sprawd\u017a nasze najwa\u017cniejsze zalety:<\/p>\n<ul>\n    <li>Ustaw w\u0142asne etykiety p\u00f3l;<\/li>\n    <li>Edytowalna etykieta przycisku Wy\u015blij;<\/li>\n    <li>2 predefiniowane uk\u0142ady: wbudowany do dodania do tre\u015bci strony, i p\u0142ynnie pod\u0105\u017ca\u0107 za przewijaniem odwiedzaj\u0105cego;<\/li>\n    <li>Wszystkie dane wprowadzone do formularza s\u0105 zapisywane w toku;<\/li>\n    <li>Dzia\u0142a i wygl\u0105da doskonale na urz\u0105dzeniach mobilnych.<\/li>\n<\/ul>\n<p><a href=\"#demo\">Poznaj pe\u0142n\u0105 list\u0119 funkcji naszego edytora<\/a><\/p>\n<\/div>\n\n<div class=\"application-platform-content-item-installation application-platform-content-item\" id=\"installation\" data-nav-section=\"installation\"><\/div>\n<h2>Jak doda\u0107 wid\u017cet Formularz kontaktowy do strony Magento<\/h2>\n<p>Wystarczy post\u0119powa\u0107 zgodnie z poni\u017cszymi instrukcjami, aby aktywowa\u0107 rozszerzenie w Magento.<\/p>\n<ol>\n    <li><b>Uruchom nasz darmowy edytor i zacznij tworzy\u0107 spersonalizowane rozszerzenie formularza kontaktowego.<\/b> Okre\u015bl wybrany uk\u0142ad i opcje wid\u017cetu oraz zapisz poprawki.<\/li>\n    <li><b>Zdob\u0105d\u017a sw\u00f3j unikalny kod pojawiaj\u0105cy si\u0119 w specjalnym formularzu w aplikacjach Elfsight.<\/b> Zaraz po utworzeniu wid\u017cetu skopiuj indywidualny kod z wy\u015bwietlonego pola i zapisz go na p\u00f3\u017aniej.<\/li>\n    <li><b>Rozpocznij korzystanie z rozszerzenia na swojej stronie Magento.<\/b> Osad\u017a zapisany wcze\u015bniej kod na swojej stronie i zastosuj modyfikacje.<\/li>\n    <li><b>Gotowe! Osadzanie zosta\u0142o pomy\u015blnie wykonane.<\/b> Odwied\u017a swoj\u0105 stron\u0119, aby sprawdzi\u0107, jak dzia\u0142a narz\u0119dzie.<\/li>\n<\/ol>\n<p>Masz pytania podczas stosowania samouczka lub kszta\u0142towania formularza? Spr\u00f3buj przestudiowa\u0107 ca\u0142y nasz podr\u0119cznik \u00ab<a href=\"https:\/\/elfsight.com\/tutorials\/how-to-add-contact-form-extension-to-magento\/\" target=\"_blank\" rel=\"noopener noreferrer\">Jak zintegrowa\u0107 formularz kontaktowy ze stron\u0105 Magento<\/a>\u00bb i skorzystaj z drugiej szansy, aby zrobi\u0107 to samodzielnie. Mo\u017cesz te\u017c skontaktowa\u0107 si\u0119 z zespo\u0142em pomocy technicznej, podaj\u0105c dok\u0142adny opis problemu, a on z przyjemno\u015bci\u0105 go rozwi\u0105\u017ce.<\/p>\n\n<div class=\"faq\" data-component=\"FAQ\">\n    <div class=\"faq-item\">\r\n\t\t\t\t\t<div class=\"faq-item-question\">\r\n\t\t\t\t\t\t<h3 class=\"faq-item-question-text\">Jak chroni\u0107 Dane formularzy Magento na mojej stronie g\u0142\u00f3wnej?<\/h3>\r\n\r\n\t\t\t\t\t\t<div class=\"faq-item-question-icon\"><\/div>\r\n\t\t\t\t\t<\/div>\r\n\r\n\t\t\t\t\t<div class=\"faq-item-answer\">\r\n\t\t\t\t\t\t<div class=\"faq-item-answer-text\">\n    <p>Nasz wid\u017cet Kreator formularzy jest osadzony w najskuteczniejszym narz\u0119dziu bezpiecze\u0144stwa reCAPTCHA. Zosta\u0142 dodany, aby zabezpieczy\u0107 formularz i skrzynk\u0119 pocztow\u0105 przed spamem i botami oraz zagwarantowa\u0107 \u0142atw\u0105 prac\u0119 i tylko istotne dane.<\/p>\n    <\/div>\r\n\t\t\t\t\t<\/div>\r\n\t\t\t\t<\/div>\n\n    <div class=\"faq-item\">\r\n\t\t\t\t\t<div class=\"faq-item-question\">\r\n\t\t\t\t\t\t<h3 class=\"faq-item-question-text\">Czy masz szablony obs\u0142uguj\u0105ce formularze logiki warunkowej \/ formularze z wieloma polami \/ e-mail formularze?<\/h3>\r\n\r\n\t\t\t\t\t\t<div class=\"faq-item-question-icon\"><\/div>\r\n\t\t\t\t\t<\/div>\r\n\r\n\t\t\t\t\t<div class=\"faq-item-answer\">\r\n\t\t\t\t\t\t<div class=\"faq-item-answer-text\">\n    <p>Jasne! Wszystko, co musisz zrobi\u0107, to zalogowa\u0107 si\u0119 do us\u0142ugi Elfsight Apps i wybra\u0107 odpowiedni szablon, a nast\u0119pnie przyst\u0105pi\u0107 do tworzenia w\u0142asnego narz\u0119dzia.<\/p>\n    <\/div>\r\n\t\t\t\t\t<\/div>\r\n\t\t\t\t<\/div>\n\n    <div class=\"faq-item\">\r\n\t\t\t\t\t<div class=\"faq-item-question\">\r\n\t\t\t\t\t\t<h3 class=\"faq-item-question-text\">Jak zbudowa\u0107 kontakt lub opini\u0119 formularz dla mojej witryny Magento?<\/h3>\r\n\r\n\t\t\t\t\t\t<div class=\"faq-item-question-icon\"><\/div>\r\n\t\t\t\t\t<\/div>\r\n\r\n\t\t\t\t\t<div class=\"faq-item-answer\">\r\n\t\t\t\t\t\t<div class=\"faq-item-answer-text\">\n    <p>Aby zbudowa\u0107 formularz kontaktowy \/ zwrotny, musisz zalogowa\u0107 si\u0119 do us\u0142ugi Elfsight Apps i wprowadzi\u0107 wszystkie potrzebne zmiany we wtyczce. Po zako\u0144czeniu zapisz zmiany i przejd\u017a do swojej witryny. Gotowe.<\/p>\n    <\/div>\r\n\t\t\t\t\t<\/div>\r\n\t\t\t\t<\/div>\n\n    <div class=\"faq-item\">\r\n\t\t\t\t\t<div class=\"faq-item-question\">\r\n\t\t\t\t\t\t<h3 class=\"faq-item-question-text\">Czy s\u0105 jakie\u015b szablony formularzy kontaktowych dla witryny Magento?<\/h3>\r\n\r\n\t\t\t\t\t\t<div class=\"faq-item-question-icon\"><\/div>\r\n\t\t\t\t\t<\/div>\r\n\r\n\t\t\t\t\t<div class=\"faq-item-answer\">\r\n\t\t\t\t\t\t<div class=\"faq-item-answer-text\">\n    <p>Tak, s\u0105! Zesp\u00f3\u0142 Elfsight stworzy\u0142 wspania\u0142\u0105 kolekcj\u0119 ponad 300 gotowych do u\u017cycia szablon\u00f3w. I na pewno nie rozczarujesz si\u0119 <a href=\"https:\/\/elfsight.com\/online-form-builder\/templates\/contact-forms\/\">szablonami formularzy kontaktowych<\/a>.<\/p>\n    <\/div>\r\n\t\t\t\t\t<\/div>\r\n\t\t\t\t<\/div>\n<\/div>","protected":false},"excerpt":{"rendered":"Jak doda\u0107 wid\u017cet Formularz kontaktowy do strony Magento Wystarczy post\u0119powa\u0107 zgodnie z poni\u017cszymi instrukcjami, aby aktywowa\u0107 rozszerzenie w Magento. Uruchom nasz darmowy edytor i zacznij tworzy\u0107 spersonalizowane rozszerzenie formularza kontaktowego. Okre\u015bl wybrany uk\u0142ad i opcje wid\u017cetu oraz zapisz poprawki. Zdob\u0105d\u017a sw\u00f3j unikalny kod pojawiaj\u0105cy si\u0119 w specjalnym formularzu w aplikacjach&#8230;","protected":false},"author":9,"featured_media":0,"parent":2289,"menu_order":0,"comment_status":"closed","ping_status":"closed","template":"templates\/template-application-platform.php","meta":{"publish_to_discourse":"","publish_post_category":"","wpdc_auto_publish_overridden":"","wpdc_topic_tags":"","wpdc_pin_topic":"","wpdc_pin_until":"","discourse_post_id":"","discourse_permalink":"","wpdc_publishing_response":"","wpdc_publishing_error":"","footnotes":""},"class_list":["post-4701","page","type-page","status-publish","hentry"],"yoast_head":"<!-- This site is optimized with the Yoast SEO plugin v25.3.1 - https:\/\/yoast.com\/wordpress\/plugins\/seo\/ -->\n<title>Utw\u00f3rz i dodaj formularz kontaktowy na Magento za darmo!<\/title>\n<meta name=\"description\" content=\"Stw\u00f3rz spersonalizowane rozszerzenie formularza kontaktowego dla Magento i umie\u015b\u0107 je na swojej stronie tylko w 2 minuty. Darmowy konfigurator, wsparcie przy integracji i wi\u0119cej r\u00f3\u017cnych dodatk\u00f3w od Elfsight!\" \/>\n<meta name=\"robots\" content=\"index, follow, max-snippet:-1, max-image-preview:large, max-video-preview:-1\" \/>\n<link rel=\"canonical\" href=\"https:\/\/elfsight.com\/pl\/contact-form-widget\/magento\/\" \/>\n<meta property=\"og:locale\" content=\"pl_PL\" \/>\n<meta property=\"og:type\" content=\"article\" \/>\n<meta property=\"og:title\" content=\"Utw\u00f3rz i dodaj formularz kontaktowy na Magento za darmo!\" \/>\n<meta property=\"og:description\" content=\"Stw\u00f3rz spersonalizowane rozszerzenie formularza kontaktowego dla Magento i umie\u015b\u0107 je na swojej stronie tylko w 2 minuty. Darmowy konfigurator, wsparcie przy integracji i wi\u0119cej r\u00f3\u017cnych dodatk\u00f3w od Elfsight!\" \/>\n<meta property=\"og:url\" content=\"https:\/\/elfsight.com\/pl\/contact-form-widget\/magento\/\" \/>\n<meta property=\"og:site_name\" content=\"Elfsight PL\" \/>\n<meta property=\"article:modified_time\" content=\"2025-06-25T09:32:50+00:00\" \/>\n<meta name=\"twitter:card\" content=\"summary_large_image\" \/>\n<meta name=\"twitter:label1\" content=\"Szacowany czas czytania\" \/>\n\t<meta name=\"twitter:data1\" content=\"4 minuty\" \/>\n<!-- \/ Yoast SEO plugin. -->","yoast_head_json":{"title":"Utw\u00f3rz i dodaj formularz kontaktowy na Magento za darmo!","description":"Stw\u00f3rz spersonalizowane rozszerzenie formularza kontaktowego dla Magento i umie\u015b\u0107 je na swojej stronie tylko w 2 minuty. Darmowy konfigurator, wsparcie przy integracji i wi\u0119cej r\u00f3\u017cnych dodatk\u00f3w od Elfsight!","robots":{"index":"index","follow":"follow","max-snippet":"max-snippet:-1","max-image-preview":"max-image-preview:large","max-video-preview":"max-video-preview:-1"},"canonical":"https:\/\/elfsight.com\/pl\/contact-form-widget\/magento\/","og_locale":"pl_PL","og_type":"article","og_title":"Utw\u00f3rz i dodaj formularz kontaktowy na Magento za darmo!","og_description":"Stw\u00f3rz spersonalizowane rozszerzenie formularza kontaktowego dla Magento i umie\u015b\u0107 je na swojej stronie tylko w 2 minuty. Darmowy konfigurator, wsparcie przy integracji i wi\u0119cej r\u00f3\u017cnych dodatk\u00f3w od Elfsight!","og_url":"https:\/\/elfsight.com\/pl\/contact-form-widget\/magento\/","og_site_name":"Elfsight PL","article_modified_time":"2025-06-25T09:32:50+00:00","twitter_card":"summary_large_image","twitter_misc":{"Szacowany czas czytania":"4 minuty"},"schema":{"@context":"https:\/\/schema.org","@graph":[{"@type":"WebPage","@id":"https:\/\/elfsight.com\/pl\/contact-form-widget\/magento\/","url":"https:\/\/elfsight.com\/pl\/contact-form-widget\/magento\/","name":"Utw\u00f3rz i dodaj formularz kontaktowy na Magento za darmo!","isPartOf":{"@id":"https:\/\/elfsight.com\/pl\/#website"},"datePublished":"2024-05-03T06:32:56+00:00","dateModified":"2025-06-25T09:32:50+00:00","description":"Stw\u00f3rz spersonalizowane rozszerzenie formularza kontaktowego dla Magento i umie\u015b\u0107 je na swojej stronie tylko w 2 minuty. Darmowy konfigurator, wsparcie przy integracji i wi\u0119cej r\u00f3\u017cnych dodatk\u00f3w od Elfsight!","breadcrumb":{"@id":"https:\/\/elfsight.com\/pl\/contact-form-widget\/magento\/#breadcrumb"},"inLanguage":"pl-PL","potentialAction":[{"@type":"ReadAction","target":["https:\/\/elfsight.com\/pl\/contact-form-widget\/magento\/"]}]},{"@type":"BreadcrumbList","@id":"https:\/\/elfsight.com\/pl\/contact-form-widget\/magento\/#breadcrumb","itemListElement":[{"@type":"ListItem","position":1,"name":"Home","item":"https:\/\/elfsight.com\/pl\/"},{"@type":"ListItem","position":2,"name":"Contact Form","item":"https:\/\/elfsight.com\/pl\/contact-form-widget\/"},{"@type":"ListItem","position":3,"name":"Contact Form &#8211; Magento"}]},{"@type":"WebSite","@id":"https:\/\/elfsight.com\/pl\/#website","url":"https:\/\/elfsight.com\/pl\/","name":"Elfsight PL","description":"Just another Elfsight Sites site","potentialAction":[{"@type":"SearchAction","target":{"@type":"EntryPoint","urlTemplate":"https:\/\/elfsight.com\/pl\/?s={search_term_string}"},"query-input":{"@type":"PropertyValueSpecification","valueRequired":true,"valueName":"search_term_string"}}],"inLanguage":"pl-PL"}]}},"meta_box":{"industry":"","seo_heading":"","heading":"","description":"","cta_heading":"","cta_description":"","application":"2288","h1":"Rozszerzenie formularza kontaktowego dla Magento","h1_caption":"Z \u0142atwo\u015bci\u0105 tw\u00f3rz i osadzaj formularze kontaktowe na swojej stronie internetowej, aby bez wysi\u0142ku zach\u0119ca\u0107 u\u017cytkownik\u00f3w do interakcji i wysy\u0142ania zapyta\u0144 do Twojej witryny Magento.","application_category":[],"applications_title":"","applications_request_title":"","applications_request_button_text":"","hero_text":"","hero_video":"","hero_video_schema_markup":"","selling_points_title":"","selling_points_caption":"","selling_points":[],"selling_points_cta_text":"","features_title":"","features":"","ed_cta_examples_text":"","ed_cta_examples_hidden":"","ed_cta_demo_text":"","ed_cta_demo_hidden":"","why_caption":"","why_editor_title":"","why_editor_text":"","why_team_title":"","why_team_text":"","why_service_title":"","why_service_text":"","template_catalog_visible":"0","template_catalog_title":"","template_catalog_text":"","template_catalog_categories_visible":"","demo_title":"Utw\u00f3rz rozszerzenie formularza kontaktowego","demo_caption":"Skonfiguruj sw\u00f3j Formularz Kontaktowy i dodaj go do swojej witryny Magento za darmo!","default_faq_hidden":"","app_template_category":[],"platform":"92","template_public_id":"","codecanyon_url":"","codecanyon_item_id":"","codecanyon_price":"","pricing_caption":"","pricing_elfsight_apps_hide_column":"","pricing_elfsight_apps_url":"","pricing_codecanyon_price_caption":"","integration_category":[],"integration_request_title":"","integration_request_cta":"","integration_platform":"","integrations":[],"platform_category":[],"video_schema_markup":"","price":"od 0 USD \/ miesi\u0105c","trial":"","benefits":[{"text":"Bezp\u0142atna pomoc w monta\u017cu"},{"text":"Skuteczna obs\u0142uga klienta"},{"text":"14-dniowa gwarancja zwrotu pieni\u0119dzy"}],"button_url":"#demo","button_target_blank":"0","button_nofollow":"0","attributes":[{"name":"Instaluje"},{"name":"Czu\u0142y"},{"name":"Kompatybilne przegl\u0105darki"}],"tags":[],"tags_disable_links":"0","hide_more_platforms":"0","video_object":"","demo_hide_cta":"0","demo_hide_cloud_options":"0","pricing_title":"","pricing":[{"pricing_icon":"platform","pricing_title":"Elfsight Apps","pricing_title_caption":"Oprogramowanie niezale\u017cne od platformy","pricing_price":"od 0 USD \/ miesi\u0105c","pricing_price_caption":"zacznij od bezp\u0142atnego planu","pricing_benefits":[{"text":"Nielimitowane strony internetowe"},{"text":"Wsparcie 24\/7"},{"text":"Bezp\u0142atna pomoc w monta\u017cu"},{"text":"100% konfigurowalny"}],"pricing_button_text":"Dodaj do witryny","pricing_button_url":"#demo"}],"related_apps_title":"","related_apps_hidden":"0","author":"","image":[],"title":"","job":"","social_networks":[]},"_links":{"self":[{"href":"https:\/\/elfsight.com\/pl\/wp-json\/wp\/v2\/pages\/4701","targetHints":{"allow":["GET"]}}],"collection":[{"href":"https:\/\/elfsight.com\/pl\/wp-json\/wp\/v2\/pages"}],"about":[{"href":"https:\/\/elfsight.com\/pl\/wp-json\/wp\/v2\/types\/page"}],"author":[{"embeddable":true,"href":"https:\/\/elfsight.com\/pl\/wp-json\/wp\/v2\/users\/9"}],"replies":[{"embeddable":true,"href":"https:\/\/elfsight.com\/pl\/wp-json\/wp\/v2\/comments?post=4701"}],"version-history":[{"count":2,"href":"https:\/\/elfsight.com\/pl\/wp-json\/wp\/v2\/pages\/4701\/revisions"}],"predecessor-version":[{"id":10480,"href":"https:\/\/elfsight.com\/pl\/wp-json\/wp\/v2\/pages\/4701\/revisions\/10480"}],"up":[{"embeddable":true,"href":"https:\/\/elfsight.com\/pl\/wp-json\/wp\/v2\/pages\/2289"}],"wp:attachment":[{"href":"https:\/\/elfsight.com\/pl\/wp-json\/wp\/v2\/media?parent=4701"}],"curies":[{"name":"wp","href":"https:\/\/api.w.org\/{rel}","templated":true}]}}