{"id":4693,"date":"2024-05-03T06:32:52","date_gmt":"2024-05-03T06:32:52","guid":{"rendered":"https:\/\/elfsight.com\/pl\/?page_id=4693"},"modified":"2024-11-14T12:49:17","modified_gmt":"2024-11-14T12:49:17","slug":"webflow","status":"publish","type":"page","link":"https:\/\/elfsight.com\/pl\/contact-form-widget\/webflow\/","title":{"rendered":"Contact Form &#8211; Webflow"},"content":{"rendered":"<div class=\"application-platform-content-item-description application-platform-content-item\" id=\"description\" data-nav-section=\"description\"><h2>Formularz kontaktowy dla Webflow<\/h2><p>Nasz wid\u017cet formularza kontaktowego Webflow \u2013 pomaga we wszystkich mo\u017cliwych aktualne wymagania w zakresie uzyskiwania opinii i zapyta\u0144 od klient\u00f3w Twojej witryny. Wy\u015bwietl dodatkowe pola do wype\u0142nienia, wybierz wymagany szablon i dostosuj wygl\u0105d, aby jeszcze bardziej zainspirowa\u0107 klient\u00f3w do sk\u0142adania zam\u00f3wie\u0144 w Twojej firmie.<\/p><p><b>Zbieraj recenzje, otrzymuj pro\u015bby i wysy\u0142aj odpowiedzi na pytania odwiedzaj\u0105cych witryn\u0119!<\/b><\/p><ul><li><b>Zwi\u0119ksz liczb\u0119 nowych kupuj\u0105cych<\/b>.<br>B\u0105d\u017a w regularnej interakcji z potencjalnymi klientami 24 godziny na dob\u0119, 7 dni w tygodniu, za pomoc\u0105 efektywn\u0105 form\u0119 na Twojej stronie internetowej i zwi\u0119ksz liczb\u0119 u\u017cytkownik\u00f3w, kt\u00f3rzy maj\u0105 zap\u0142aci\u0107.<\/li><li><b>Zbierz wi\u0119cej reakcji i wy\u015bwietle\u0144 na temat Twoich towar\u00f3w lub us\u0142ug<\/b>.<br>Opinie Twoich klient\u00f3w jest niezwykle cenne, je\u015bli chcesz rozszerzy\u0107 swoj\u0105 dzia\u0142alno\u015b\u0107. Dzi\u0119ki naszemu prostemu formularzowi kontaktowemu zaczniesz zbiera\u0107 wi\u0119cej opinii na temat swojej witryny!<\/li><li><b>Chro\u0144 skrzynk\u0119 pocztow\u0105 przed spamem<\/b>.<br>Nie zezwalaj na spam w swojej skrzynce pocztowej. Nasz formularz jest wyposa\u017cony w funkcj\u0119 Google reCAPTCHA, kt\u00f3ra chroni Twoj\u0105 poczt\u0119 przed automatycznym spamem i botami.<\/li><\/ul><p><\/div><br><div class=\"application-platform-content-item-features application-platform-content-item\" id=\"features\" data-nav-section=\"features\"><\/p><h2> Funkcje wtyczki formularza kontaktowego<\/h2><p>Dlaczego nasz formularz kontaktowy jest najlepszym widgetem do pozyskiwania wra\u017ce\u0144 u\u017cytkownik\u00f3w i otrzymywania zam\u00f3wie\u0144 w Webflow? Przetestuj nasze kluczowe cechy:<\/p><ul><li>Minimalny zestaw p\u00f3l do przes\u0142ania opinii: imi\u0119 i nazwisko, adres e-mail, telefon i wiadomo\u015b\u0107;<\/li><li>Ustaw tytu\u0142 nad formularzem;<\/li><li>Ustaw tytu\u0142 nad formularzem;<\/li><li>Uk\u0142ad inline z automatycznym dopasowaniem p\u00f3l do szeroko\u015bci formularza;<\/li><li>Google reCAPTCHA chroni Tw\u00f3j formularz przed spamem i botami;<\/li><li>Dzia\u0142a i wygl\u0105da doskonale na urz\u0105dzenia mobilne.<\/li><\/ul><p><a href=\"#demo\">Zobacz ca\u0142\u0105 list\u0119 funkcji w naszej wersji demonstracyjnej<\/a><\/p><p><\/div><br> <div class=\"application-platform-content-item-installation application-platform-content-item\" id=\"installation\" data-nav-section=\"installation\"><\/p><h2>Jak doda\u0107 wid\u017cet Formularz kontaktowy do witryny Webflow<\/h2><div class=\"video-container\"><iframe width=\"720\" height=\"405\" src=\"https:\/\/www.youtube.com\/embed\/mWLGJIxtaUU\" frameborder=\"0\" allowfullscreen=\"\"><\/iframe><\/div><p>Zastosuj nasz poradnik, aby umie\u015bci\u0107 wid\u017cet kontaktowy na swojej stronie. Nie jest wymagana umiej\u0119tno\u015b\u0107 programowania, a ca\u0142kowity czas osadzenia to zaledwie 90 sekund.<\/p><ol><li><b>Zbuduj sw\u00f3j unikalny formularz kontaktowy<\/b>.<br>Za pomoc\u0105 naszego bezp\u0142atnego edytora utw\u00f3rz wid\u017cet z preferowanym szablonem i ustawieniami.<\/li><li><b>Otrzymaj kod umo\u017cliwiaj\u0105cy wy\u015bwietlenie wid\u017cetu<\/b>.<br>Po dostosowaniu wid\u017cetu zdob\u0105d\u017a kod wid\u017cetu formularza z pojawiaj\u0105cego si\u0119 okna aplikacji Elfsight. <\/li><li><b>Poka\u017c wid\u017cet na stronie Webflow<\/b>.<br>Dodaj wid\u017cet w \u017c\u0105danym miejscu strony i zastosuj zmiany.<\/li><li><b>Ty instalacja przebieg\u0142a pomy\u015blnie<\/b>.<br>Odwied\u017a swoj\u0105 witryn\u0119, aby sprawdzi\u0107 wid\u017cet.<\/li><\/ol><p>Czy wyst\u0119puj\u0105 jakie\u015b problemy podczas stosowania przewodnika lub generowania formularza? Spr\u00f3buj przeczyta\u0107 ca\u0142y samouczek \u00ab<a href=\"https:\/\/elfsight.com\/tutorials\/how-to-add-contact-form-widget-to-webflow\/\" target=\"_blank\" rel=\"noopener noreferrer\"> Jak wstawi\u0107 formularz kontaktowy do witryny Webflow<\/a>\u00bb i skorzystaj z drugiej szansy, aby wy\u015bwietli\u0107 go samodzielnie lub zostaw swoje zapytanie w naszym centrum pomocy z pe\u0142nym wyja\u015bnieniem zapytania, a nasz zesp\u00f3\u0142 z przyjemno\u015bci\u0105 rozwi\u0105\u017ce problem. <\/p><div class=\"faq\" data-component=\"FAQ\"> <div class=\"faq-item\">\r\n\t\t\t\t\t<div class=\"faq-item-question\">\r\n\t\t\t\t\t\t<h3 class=\"faq-item-question-text\">Jak doda\u0107 formularz kontaktowy do mojej witryny Webflow bez umiej\u0119tno\u015bci kodowania?<\/h3>\r\n\r\n\t\t\t\t\t\t<div class=\"faq-item-question-icon\"><\/div>\r\n\t\t\t\t\t<\/div>\r\n\r\n\t\t\t\t\t<div class=\"faq-item-answer\">\r\n\t\t\t\t\t\t<div class=\"faq-item-answer-text\"> <p>Elfsight zapewnia rozwi\u0105zanie SaaS, kt\u00f3re pozwala samodzielnie utworzy\u0107 wid\u017cet formularza kontaktowego, zobacz, jak \u0142atwy jest ten proces to: Pracuj bezpo\u015brednio w edytorze online, aby utworzy\u0107 wid\u017cet formularza kontaktowego, kt\u00f3ry chcesz zobaczy\u0107 na swojej stronie internetowej Webflow. Wybierz jeden z gotowych szablon\u00f3w i dostosuj ustawienia Formularza kontaktowego, dodaj tre\u015b\u0107, zmie\u0144 uk\u0142ad i kolory bez umiej\u0119tno\u015bci kodowania. Zapisz Formularz kontaktowy i skopiuj jego kod instalacyjny, kt\u00f3ry mo\u017cesz \u0142atwo umie\u015bci\u0107 na swojej stronie Webflow bez konieczno\u015bci zakupu wersji p\u0142atnej. Dzi\u0119ki naszemu intuicyjnemu Edytorowi ka\u017cdy u\u017cytkownik Internetu mo\u017ce stworzy\u0107 wid\u017cet Formularza Kontaktowego online i \u0142atwo osadzi\u0107 go na swojej stronie internetowej Webflow. Aby uzyska\u0107 dost\u0119p do us\u0142ugi, nie trzeba p\u0142aci\u0107 ani wprowadza\u0107 danych uwierzytelniaj\u0105cych karty. Je\u015bli na kt\u00f3rymkolwiek etapie napotkasz jakiekolwiek problemy, skontaktuj si\u0119 z naszym zespo\u0142em pomocy technicznej.<\/p> <\/div>\r\n\t\t\t\t\t<\/div>\r\n\t\t\t\t<\/div> <div class=\"faq-item\">\r\n\t\t\t\t\t<div class=\"faq-item-question\">\r\n\t\t\t\t\t\t<h3 class=\"faq-item-question-text\">Czy oferujecie szablony formularzy kontaktowych dla witryny Webflow?<\/h3>\r\n\r\n\t\t\t\t\t\t<div class=\"faq-item-question-icon\"><\/div>\r\n\t\t\t\t\t<\/div>\r\n\r\n\t\t\t\t\t<div class=\"faq-item-answer\">\r\n\t\t\t\t\t\t<div class=\"faq-item-answer-text\"><p>Tak, Elfsight oferuje ponad 300 gotowych do u\u017cycia szablon\u00f3w na ka\u017cd\u0105 okazj\u0119. Przyjrzyj si\u0119 bli\u017cej <a href=\"https:\/\/elfsight.com\/online-form-builder\/templates\/contact-forms\/\">szablonom formularzy kontaktowych<\/a> i wybierz ten, kt\u00f3ry najbardziej Ci si\u0119 podoba.<\/p><\/div>\r\n\t\t\t\t\t<\/div>\r\n\t\t\t\t<\/div><\/div> <p><\/div><\/p>","protected":false},"excerpt":{"rendered":"","protected":false},"author":9,"featured_media":0,"parent":2289,"menu_order":0,"comment_status":"closed","ping_status":"closed","template":"templates\/template-application-platform.php","meta":{"publish_to_discourse":"","publish_post_category":"","wpdc_auto_publish_overridden":"","wpdc_topic_tags":"","wpdc_pin_topic":"","wpdc_pin_until":"","discourse_post_id":"","discourse_permalink":"","wpdc_publishing_response":"","wpdc_publishing_error":"","footnotes":""},"class_list":["post-4693","page","type-page","status-publish","hentry"],"yoast_head":"<!-- This site is optimized with the Yoast SEO plugin v25.3.1 - https:\/\/yoast.com\/wordpress\/plugins\/seo\/ -->\n<title>Utw\u00f3rz i dodaj formularz kontaktowy na Webflow za darmo!<\/title>\n<meta name=\"description\" content=\"Stw\u00f3rz wid\u017cet formularza kontaktowego dla Webflow i umie\u015b\u0107 go na swojej stronie internetowej w zaledwie 2 minuty. Darmowy konfigurator, pomoc przy instalacji i wiele r\u00f3\u017cnych bonus\u00f3w od Elfsight!\" \/>\n<meta name=\"robots\" content=\"index, follow, max-snippet:-1, max-image-preview:large, max-video-preview:-1\" \/>\n<link rel=\"canonical\" href=\"https:\/\/elfsight.com\/pl\/contact-form-widget\/webflow\/\" \/>\n<meta property=\"og:locale\" content=\"pl_PL\" \/>\n<meta property=\"og:type\" content=\"article\" \/>\n<meta property=\"og:title\" content=\"Utw\u00f3rz i dodaj formularz kontaktowy na Webflow za darmo!\" \/>\n<meta property=\"og:description\" content=\"Stw\u00f3rz wid\u017cet formularza kontaktowego dla Webflow i umie\u015b\u0107 go na swojej stronie internetowej w zaledwie 2 minuty. Darmowy konfigurator, pomoc przy instalacji i wiele r\u00f3\u017cnych bonus\u00f3w od Elfsight!\" \/>\n<meta property=\"og:url\" content=\"https:\/\/elfsight.com\/pl\/contact-form-widget\/webflow\/\" \/>\n<meta property=\"og:site_name\" content=\"Elfsight PL\" \/>\n<meta property=\"article:modified_time\" content=\"2024-11-14T12:49:17+00:00\" \/>\n<meta name=\"twitter:card\" content=\"summary_large_image\" \/>\n<meta name=\"twitter:label1\" content=\"Szacowany czas czytania\" \/>\n\t<meta name=\"twitter:data1\" content=\"3 minuty\" \/>\n<!-- \/ Yoast SEO plugin. -->","yoast_head_json":{"title":"Utw\u00f3rz i dodaj formularz kontaktowy na Webflow za darmo!","description":"Stw\u00f3rz wid\u017cet formularza kontaktowego dla Webflow i umie\u015b\u0107 go na swojej stronie internetowej w zaledwie 2 minuty. Darmowy konfigurator, pomoc przy instalacji i wiele r\u00f3\u017cnych bonus\u00f3w od Elfsight!","robots":{"index":"index","follow":"follow","max-snippet":"max-snippet:-1","max-image-preview":"max-image-preview:large","max-video-preview":"max-video-preview:-1"},"canonical":"https:\/\/elfsight.com\/pl\/contact-form-widget\/webflow\/","og_locale":"pl_PL","og_type":"article","og_title":"Utw\u00f3rz i dodaj formularz kontaktowy na Webflow za darmo!","og_description":"Stw\u00f3rz wid\u017cet formularza kontaktowego dla Webflow i umie\u015b\u0107 go na swojej stronie internetowej w zaledwie 2 minuty. Darmowy konfigurator, pomoc przy instalacji i wiele r\u00f3\u017cnych bonus\u00f3w od Elfsight!","og_url":"https:\/\/elfsight.com\/pl\/contact-form-widget\/webflow\/","og_site_name":"Elfsight PL","article_modified_time":"2024-11-14T12:49:17+00:00","twitter_card":"summary_large_image","twitter_misc":{"Szacowany czas czytania":"3 minuty"},"schema":{"@context":"https:\/\/schema.org","@graph":[{"@type":"WebPage","@id":"https:\/\/elfsight.com\/pl\/contact-form-widget\/webflow\/","url":"https:\/\/elfsight.com\/pl\/contact-form-widget\/webflow\/","name":"Utw\u00f3rz i dodaj formularz kontaktowy na Webflow za darmo!","isPartOf":{"@id":"https:\/\/elfsight.com\/pl\/#website"},"datePublished":"2024-05-03T06:32:52+00:00","dateModified":"2024-11-14T12:49:17+00:00","description":"Stw\u00f3rz wid\u017cet formularza kontaktowego dla Webflow i umie\u015b\u0107 go na swojej stronie internetowej w zaledwie 2 minuty. Darmowy konfigurator, pomoc przy instalacji i wiele r\u00f3\u017cnych bonus\u00f3w od Elfsight!","breadcrumb":{"@id":"https:\/\/elfsight.com\/pl\/contact-form-widget\/webflow\/#breadcrumb"},"inLanguage":"pl-PL","potentialAction":[{"@type":"ReadAction","target":["https:\/\/elfsight.com\/pl\/contact-form-widget\/webflow\/"]}]},{"@type":"BreadcrumbList","@id":"https:\/\/elfsight.com\/pl\/contact-form-widget\/webflow\/#breadcrumb","itemListElement":[{"@type":"ListItem","position":1,"name":"Home","item":"https:\/\/elfsight.com\/pl\/"},{"@type":"ListItem","position":2,"name":"Contact Form","item":"https:\/\/elfsight.com\/pl\/contact-form-widget\/"},{"@type":"ListItem","position":3,"name":"Contact Form &#8211; Webflow"}]},{"@type":"WebSite","@id":"https:\/\/elfsight.com\/pl\/#website","url":"https:\/\/elfsight.com\/pl\/","name":"Elfsight PL","description":"Just another Elfsight Sites site","potentialAction":[{"@type":"SearchAction","target":{"@type":"EntryPoint","urlTemplate":"https:\/\/elfsight.com\/pl\/?s={search_term_string}"},"query-input":{"@type":"PropertyValueSpecification","valueRequired":true,"valueName":"search_term_string"}}],"inLanguage":"pl-PL"}]}},"meta_box":{"industry":"","seo_heading":"","heading":"","description":"","cta_heading":"","cta_description":"","application":"2288","h1":"Wid\u017cet formularza kontaktowego Webflow","h1_caption":"Z \u0142atwo\u015bci\u0105 tw\u00f3rz i osadzaj formularze kontaktowe na swojej stronie internetowej, aby bez wysi\u0142ku zach\u0119ca\u0107 u\u017cytkownik\u00f3w do interakcji i wysy\u0142ania zapyta\u0144 do Twojej witryny Webflow.","application_category":[],"applications_title":"","applications_request_title":"","applications_request_button_text":"","hero_text":"","hero_video":"","hero_video_schema_markup":"","selling_points_title":"","selling_points_caption":"","selling_points":[],"selling_points_cta_text":"","features_title":"","features":"","ed_cta_examples_text":"","ed_cta_examples_hidden":"","ed_cta_demo_text":"","ed_cta_demo_hidden":"","why_caption":"","why_editor_title":"","why_editor_text":"","why_team_title":"","why_team_text":"","why_service_title":"","why_service_text":"","template_catalog_visible":"","template_catalog_title":"","template_catalog_text":"","template_catalog_categories_visible":"","demo_title":"Utw\u00f3rz wid\u017cet formularza kontaktowego","demo_caption":"Skonfiguruj sw\u00f3j Formularz Kontaktowy i dodaj go za darmo do swojej witryny Webflow!","default_faq_hidden":"","app_template_category":[],"platform":"127","template_public_id":"","codecanyon_url":"","codecanyon_item_id":"","codecanyon_price":"","pricing_caption":"","pricing_elfsight_apps_hide_column":"","pricing_elfsight_apps_url":"","pricing_codecanyon_price_caption":"","integration_category":[],"integration_request_title":"","integration_request_cta":"","integration_platform":"","integrations":[],"platform_category":[],"video_schema_markup":"","price":"od 0 USD \/ miesi\u0105c","trial":"","benefits":[{"text":"Bezp\u0142atna pomoc w instalacji"},{"text":"Skuteczna obs\u0142uga klienta"},{"text":"14-dniowa gwarancja zwrotu pieni\u0119dzy"}],"button_url":"#demo","button_target_blank":"","button_nofollow":"","attributes":[{"name":"Instaluje"},{"name":"Czu\u0142y"},{"name":"Kompatybilne przegl\u0105darki"}],"tags":[],"tags_disable_links":"","hide_more_platforms":"","video_object":"","demo_hide_cta":"","demo_hide_cloud_options":"","pricing_title":"","pricing":[{"pricing_icon":"platform","pricing_title":"Webflow widget","pricing_title_caption":"Oprogramowanie wieloplatformowe dzia\u0142aj\u0105ce na dowolnej stronie internetowej (w tym Webflow)","pricing_price":"od 0 USD \/ miesi\u0105c","pricing_price_caption":"zacznij od bezp\u0142atnego planu","pricing_benefits":[{"text":"Nieograniczona liczba stron internetowych"},{"text":"Profesjonalne i terminowe wsparcie"},{"text":"Bezp\u0142atna us\u0142uga monta\u017cu"},{"text":"Cena do z\u0142apania dla wielu aplikacji"}],"pricing_button_text":"Dodaj do witryny","pricing_button_url":"#demo"}],"related_apps_title":"","related_apps_hidden":"","author":"","image":[],"title":"","job":"","social_networks":[]},"_links":{"self":[{"href":"https:\/\/elfsight.com\/pl\/wp-json\/wp\/v2\/pages\/4693","targetHints":{"allow":["GET"]}}],"collection":[{"href":"https:\/\/elfsight.com\/pl\/wp-json\/wp\/v2\/pages"}],"about":[{"href":"https:\/\/elfsight.com\/pl\/wp-json\/wp\/v2\/types\/page"}],"author":[{"embeddable":true,"href":"https:\/\/elfsight.com\/pl\/wp-json\/wp\/v2\/users\/9"}],"replies":[{"embeddable":true,"href":"https:\/\/elfsight.com\/pl\/wp-json\/wp\/v2\/comments?post=4693"}],"version-history":[{"count":2,"href":"https:\/\/elfsight.com\/pl\/wp-json\/wp\/v2\/pages\/4693\/revisions"}],"predecessor-version":[{"id":7701,"href":"https:\/\/elfsight.com\/pl\/wp-json\/wp\/v2\/pages\/4693\/revisions\/7701"}],"up":[{"embeddable":true,"href":"https:\/\/elfsight.com\/pl\/wp-json\/wp\/v2\/pages\/2289"}],"wp:attachment":[{"href":"https:\/\/elfsight.com\/pl\/wp-json\/wp\/v2\/media?parent=4693"}],"curies":[{"name":"wp","href":"https:\/\/api.w.org\/{rel}","templated":true}]}}