{"id":4688,"date":"2024-05-03T06:32:51","date_gmt":"2024-05-03T06:32:51","guid":{"rendered":"https:\/\/elfsight.com\/pl\/?page_id=4688"},"modified":"2025-06-25T09:47:34","modified_gmt":"2025-06-25T09:47:34","slug":"webnode","status":"publish","type":"page","link":"https:\/\/elfsight.com\/pl\/contact-form-widget\/webnode\/","title":{"rendered":"Contact Form &#8211; Webnode"},"content":{"rendered":"<div class=\"application-platform-content-item-description application-platform-content-item\" id=\"description\" data-nav-section=\"description\">\n<h2>Formularz kontaktowy dla Webnode<\/h2>\nNasza wtyczka formularza kontaktowego Webnode pomaga spe\u0142ni\u0107 wszelkie pojawiaj\u0105ce si\u0119 wymagania w zakresie uzyskiwania recenzji i zam\u00f3wie\u0144 od klient\u00f3w Twojej witryny. Poka\u017c elementy potrzebne do wype\u0142nienia, znajd\u017a preferowany szablon i dostosuj interfejs, aby zainspirowa\u0107 u\u017cytkownik\u00f3w do sk\u0142adania kolejnych zam\u00f3wie\u0144 w Twojej witrynie.\n<b>Otrzymuj recenzje, przyjmuj zam\u00f3wienia i pisz odpowiedzi na wiadomo\u015bci klient\u00f3w Twojej witryny!<\/b>\n<ul>\n    <li><b>Nawet x2 do ilo\u015bci zapyta\u0144 z serwisu<\/b>. Rozwi\u0105zuj wszelkiego rodzaju k\u0142opoty i niepewno\u015bci swoich klient\u00f3w i nie pozw\u00f3l im uciec od strona internetowa. Skorzystaj z naszego wygodnego narz\u0119dzia do budowania u\u017cytecznej interakcji z klientami.<\/li>\n    <li><b>Postrzegaj lepiej swoich klient\u00f3w<\/b>. Pytania, niedowierzania i inne opinie na temat Twoich ofert lub us\u0142ug s\u0105 bezwarto\u015bciow\u0105 informacj\u0105, dzi\u0119ki kt\u00f3rej mo\u017cesz zobaczy\u0107 \u017cyczenia odbiorc\u00f3w Twojej witryny i skutecznie zorganizuj plan potencjalnego rozwoju swojego biznesu.<\/li>\n    <li><b>Rozwijaj komunikacj\u0119 z u\u017cytkownikami<\/b>.Dzi\u0119ki wygodnym uk\u0142adom, regulowanemu projektowi i spersonalizowanym powiadomieniom \u201eDzi\u0119kujemy\u201d, poka\u017cesz swoim u\u017cytkownikom warto\u015b\u0107 dla Twojej firmy.<\/li>\n<\/ul>\n<\/div>\n\n<div class=\"application-platform-content-item-features application-platform-content-item\" id=\"features\" data-nav-section=\"features\">\n<h2>Funkcje wtyczki formularza kontaktowego<\/h2>\nDlaczego nasz formularz kontaktowy jest najlepsza wtyczka do otrzymywania opinii i otrzymywania zapyta\u0144 dotycz\u0105cych Webnode? Poznaj nasze podstawowe cechy:\n<ul>\n    <li>Ustaw w\u0142asne etykiety p\u00f3l<\/li>\n    <li>Umie\u015b\u0107 dowolny tekst przed formularzem w podpisie<\/li>\n    <li>W zestawie 5 styl\u00f3w pola wizualnego: klasyczny , p\u0142aski, materia\u0142owy, klasyczny zaokr\u0105glony, p\u0142aski zaokr\u0105glony<\/li>\n    <li>Ustaw tekst, kt\u00f3ry b\u0119dzie wy\u015bwietlany po pomy\u015blnym przes\u0142aniu wiadomo\u015bci<\/li>\n    <li>Bezszwowy projekt, kt\u00f3ry od razu pasuje do 99% witryn<\/li>\n<\/ul>\n<a href=\"#demo\">Odkryj wszystkie zalety naszej wersji demonstracyjnej<\/a>\n<\/div>\n\n<div class=\"application-platform-content-item-installation application-platform-content-item\" id=\"installation\" data-nav-section=\"installation\">\n<h2>Jak doda\u0107 wid\u017cet Formularz kontaktowy do witryny Webnode<\/h2>\nZastosuj tutorial naszego zespo\u0142u, aby doda\u0107 wtyczk\u0119 kontaktow\u0105 do swojej witryny. Nie b\u0119dziesz potrzebowa\u0107 kompetencji w tworzeniu stron internetowych, a pe\u0142na konfiguracja nie zajmie wi\u0119cej ni\u017c oko\u0142o 90 sekund.\n<ol>\n    <li><b>Zaprojektuj sw\u00f3j spersonalizowany formularz kontaktowy<\/b>.Przy pomocy naszego bezp\u0142atnego demo stw\u00f3rz wtyczk\u0119 z \u017c\u0105danym uk\u0142adem i ustawieniami.<\/li>\n    <li><b>Odbierz kod do konfiguracji wtyczki <\/b>. Po ustawieniu wid\u017cetu uzyskaj kod wtyczki formularza z wyskakuj\u0105cego okna aplikacji Elfsight.<\/li>\n    <li><b>Odkryj wtyczk\u0119 na stronie Webnode<\/b>. Osad\u017a wtyczk\u0119 w wymaganym miejscu witryny i zastosuj zmiany.<\/li>\n    <li><b>Integracja przebieg\u0142a pomy\u015blnie! <\/b>.Odwied\u017a swoj\u0105 witryn\u0119, aby sprawdzi\u0107 swoj\u0105 prac\u0119.<\/li>\n<\/ol>\nPodczas wykonywania instrukcji lub instalowania formularza napotka\u0142e\u015b jakie\u015b problemy? Mo\u017cesz wypr\u00f3bowa\u0107 szczeg\u00f3\u0142ow\u0105 instrukcj\u0119 \u00ab<a href=\"https:\/\/elfsight.com\/tutorials\/how-to-add-contact-form-plugin-to-webnode\/\" target=\"_blank\" rel=\"noopener noreferrer\">Jak wstawi\u0107 formularz kontaktowy na stronie internetowej Webnode<\/a>\u00bb i spr\u00f3buj doda\u0107 go ponownie samodzielnie lub skontaktuj si\u0119 z centrum pomocy technicznej Elfsight, podaj\u0105c pe\u0142ne wyja\u015bnienie problemu, a nasz zesp\u00f3\u0142 b\u0119dzie tam, aby Ci pom\u00f3c.\n<div class=\"faq\" data-component=\"FAQ\">\n<div class=\"faq-item\">\r\n\t\t\t\t\t<div class=\"faq-item-question\">\r\n\t\t\t\t\t\t<h3 class=\"faq-item-question-text\">Jak doda\u0107 formularz kontaktowy do mojej witryny Webnode bez umiej\u0119tno\u015bci kodowania?<\/h3>\r\n\r\n\t\t\t\t\t\t<div class=\"faq-item-question-icon\"><\/div>\r\n\t\t\t\t\t<\/div>\r\n\r\n\t\t\t\t\t<div class=\"faq-item-answer\">\r\n\t\t\t\t\t\t<div class=\"faq-item-answer-text\">Elfsight zapewnia rozwi\u0105zanie SaaS, kt\u00f3re pozwala samodzielnie utworzy\u0107 wid\u017cet formularza kontaktowego. Przekonaj si\u0119, jak \u0142atwy jest ten proces: Pracuj bezpo\u015brednio w edytorze online aby utworzy\u0107 wid\u017cet formularza kontaktowego, kt\u00f3ry chcesz zobaczy\u0107 na swojej stronie internetowej Webnode. Wybierz jeden z gotowych szablon\u00f3w i dostosuj ustawienia Formularza kontaktowego, dodaj tre\u015b\u0107, zmie\u0144 uk\u0142ad i kolorystyk\u0119 bez umiej\u0119tno\u015bci kodowania. Zapisz formularz kontaktowy i skopiuj jego kod instalacyjny, kt\u00f3ry mo\u017cesz bez problemu wklei\u0107 na swojej stronie Webnode bez konieczno\u015bci zakupu p\u0142atnego planu. Dzi\u0119ki naszemu intuicyjnemu Edytorowi ka\u017cdy u\u017cytkownik Internetu mo\u017ce stworzy\u0107 wid\u017cet Formularza Kontaktowego online i \u0142atwo osadzi\u0107 go na swojej stronie Webnode. Aby uzyska\u0107 dost\u0119p do us\u0142ugi, nie trzeba p\u0142aci\u0107 ani wprowadza\u0107 danych uwierzytelniaj\u0105cych karty. Je\u015bli na kt\u00f3rymkolwiek etapie napotkasz jakiekolwiek problemy, skontaktuj si\u0119 z naszym zespo\u0142em pomocy technicznej.<\/div>\r\n\t\t\t\t\t<\/div>\r\n\t\t\t\t<\/div>\n<div class=\"faq-item\">\r\n\t\t\t\t\t<div class=\"faq-item-question\">\r\n\t\t\t\t\t\t<h3 class=\"faq-item-question-text\">Czy s\u0105 jakie\u015b szablony formularzy kontaktowych dla witryny Webnode?<\/h3>\r\n\r\n\t\t\t\t\t\t<div class=\"faq-item-question-icon\"><\/div>\r\n\t\t\t\t\t<\/div>\r\n\r\n\t\t\t\t\t<div class=\"faq-item-answer\">\r\n\t\t\t\t\t\t<div class=\"faq-item-answer-text\">Tak, s\u0105! Zesp\u00f3\u0142 Elfsight stworzy\u0142 wspania\u0142\u0105 kolekcj\u0119 ponad 300 gotowych do u\u017cycia szablon\u00f3w. I na pewno nie rozczarujesz si\u0119 <a href=\"https:\/\/elfsight.com\/online-form-builder\/templates\/contact-forms\/\">szablonami formularzy kontaktowych<\/a>.<\/div>\r\n\t\t\t\t\t<\/div>\r\n\t\t\t\t<\/div>\n<\/div>\n<\/div>","protected":false},"excerpt":{"rendered":"","protected":false},"author":9,"featured_media":0,"parent":2289,"menu_order":0,"comment_status":"closed","ping_status":"closed","template":"templates\/template-application-platform.php","meta":{"publish_to_discourse":"","publish_post_category":"","wpdc_auto_publish_overridden":"","wpdc_topic_tags":"","wpdc_pin_topic":"","wpdc_pin_until":"","discourse_post_id":"","discourse_permalink":"","wpdc_publishing_response":"","wpdc_publishing_error":"","footnotes":""},"class_list":["post-4688","page","type-page","status-publish","hentry"],"yoast_head":"<!-- This site is optimized with the Yoast SEO plugin v25.3.1 - https:\/\/yoast.com\/wordpress\/plugins\/seo\/ -->\n<title>Utw\u00f3rz i dodaj formularz kontaktowy na Webnode za darmo!<\/title>\n<meta name=\"description\" content=\"Wygeneruj wtyczk\u0119 formularza kontaktowego dla Webnode i umie\u015b\u0107 j\u0105 na swojej stronie w zaledwie 2 minuty. Darmowy konfigurator, pomoc przy dodawaniu do serwisu i inne dodatki od Elfsight!\" \/>\n<meta name=\"robots\" content=\"index, follow, max-snippet:-1, max-image-preview:large, max-video-preview:-1\" \/>\n<link rel=\"canonical\" href=\"https:\/\/elfsight.com\/pl\/contact-form-widget\/webnode\/\" \/>\n<meta property=\"og:locale\" content=\"pl_PL\" \/>\n<meta property=\"og:type\" content=\"article\" \/>\n<meta property=\"og:title\" content=\"Utw\u00f3rz i dodaj formularz kontaktowy na Webnode za darmo!\" \/>\n<meta property=\"og:description\" content=\"Wygeneruj wtyczk\u0119 formularza kontaktowego dla Webnode i umie\u015b\u0107 j\u0105 na swojej stronie w zaledwie 2 minuty. Darmowy konfigurator, pomoc przy dodawaniu do serwisu i inne dodatki od Elfsight!\" \/>\n<meta property=\"og:url\" content=\"https:\/\/elfsight.com\/pl\/contact-form-widget\/webnode\/\" \/>\n<meta property=\"og:site_name\" content=\"Elfsight PL\" \/>\n<meta property=\"article:modified_time\" content=\"2025-06-25T09:47:34+00:00\" \/>\n<meta name=\"twitter:card\" content=\"summary_large_image\" \/>\n<meta name=\"twitter:label1\" content=\"Szacowany czas czytania\" \/>\n\t<meta name=\"twitter:data1\" content=\"4 minuty\" \/>\n<!-- \/ Yoast SEO plugin. -->","yoast_head_json":{"title":"Utw\u00f3rz i dodaj formularz kontaktowy na Webnode za darmo!","description":"Wygeneruj wtyczk\u0119 formularza kontaktowego dla Webnode i umie\u015b\u0107 j\u0105 na swojej stronie w zaledwie 2 minuty. Darmowy konfigurator, pomoc przy dodawaniu do serwisu i inne dodatki od Elfsight!","robots":{"index":"index","follow":"follow","max-snippet":"max-snippet:-1","max-image-preview":"max-image-preview:large","max-video-preview":"max-video-preview:-1"},"canonical":"https:\/\/elfsight.com\/pl\/contact-form-widget\/webnode\/","og_locale":"pl_PL","og_type":"article","og_title":"Utw\u00f3rz i dodaj formularz kontaktowy na Webnode za darmo!","og_description":"Wygeneruj wtyczk\u0119 formularza kontaktowego dla Webnode i umie\u015b\u0107 j\u0105 na swojej stronie w zaledwie 2 minuty. Darmowy konfigurator, pomoc przy dodawaniu do serwisu i inne dodatki od Elfsight!","og_url":"https:\/\/elfsight.com\/pl\/contact-form-widget\/webnode\/","og_site_name":"Elfsight PL","article_modified_time":"2025-06-25T09:47:34+00:00","twitter_card":"summary_large_image","twitter_misc":{"Szacowany czas czytania":"4 minuty"},"schema":{"@context":"https:\/\/schema.org","@graph":[{"@type":"WebPage","@id":"https:\/\/elfsight.com\/pl\/contact-form-widget\/webnode\/","url":"https:\/\/elfsight.com\/pl\/contact-form-widget\/webnode\/","name":"Utw\u00f3rz i dodaj formularz kontaktowy na Webnode za darmo!","isPartOf":{"@id":"https:\/\/elfsight.com\/pl\/#website"},"datePublished":"2024-05-03T06:32:51+00:00","dateModified":"2025-06-25T09:47:34+00:00","description":"Wygeneruj wtyczk\u0119 formularza kontaktowego dla Webnode i umie\u015b\u0107 j\u0105 na swojej stronie w zaledwie 2 minuty. Darmowy konfigurator, pomoc przy dodawaniu do serwisu i inne dodatki od Elfsight!","breadcrumb":{"@id":"https:\/\/elfsight.com\/pl\/contact-form-widget\/webnode\/#breadcrumb"},"inLanguage":"pl-PL","potentialAction":[{"@type":"ReadAction","target":["https:\/\/elfsight.com\/pl\/contact-form-widget\/webnode\/"]}]},{"@type":"BreadcrumbList","@id":"https:\/\/elfsight.com\/pl\/contact-form-widget\/webnode\/#breadcrumb","itemListElement":[{"@type":"ListItem","position":1,"name":"Home","item":"https:\/\/elfsight.com\/pl\/"},{"@type":"ListItem","position":2,"name":"Contact Form","item":"https:\/\/elfsight.com\/pl\/contact-form-widget\/"},{"@type":"ListItem","position":3,"name":"Contact Form &#8211; Webnode"}]},{"@type":"WebSite","@id":"https:\/\/elfsight.com\/pl\/#website","url":"https:\/\/elfsight.com\/pl\/","name":"Elfsight PL","description":"Just another Elfsight Sites site","potentialAction":[{"@type":"SearchAction","target":{"@type":"EntryPoint","urlTemplate":"https:\/\/elfsight.com\/pl\/?s={search_term_string}"},"query-input":{"@type":"PropertyValueSpecification","valueRequired":true,"valueName":"search_term_string"}}],"inLanguage":"pl-PL"}]}},"meta_box":{"industry":"","seo_heading":"","heading":"","description":"","cta_heading":"","cta_description":"","application":"2288","h1":"Wid\u017cet formularza kontaktowego Webnode","h1_caption":"Z \u0142atwo\u015bci\u0105 tw\u00f3rz i osadzaj formularze kontaktowe na swojej stronie internetowej, aby bez wysi\u0142ku zach\u0119ca\u0107 u\u017cytkownik\u00f3w do interakcji i wysy\u0142ania zapyta\u0144 do Twojej witryny Webnode.","application_category":[],"applications_title":"","applications_request_title":"","applications_request_button_text":"","hero_text":"","hero_video":"","hero_video_schema_markup":"","selling_points_title":"","selling_points_caption":"","selling_points":[],"selling_points_cta_text":"","features_title":"","features":"","ed_cta_examples_text":"","ed_cta_examples_hidden":"","ed_cta_demo_text":"","ed_cta_demo_hidden":"","why_caption":"","why_editor_title":"","why_editor_text":"","why_team_title":"","why_team_text":"","why_service_title":"","why_service_text":"","template_catalog_visible":"0","template_catalog_title":"","template_catalog_text":"","template_catalog_categories_visible":"","demo_title":"Utw\u00f3rz wid\u017cet formularza kontaktowego","demo_caption":"Skonfiguruj sw\u00f3j formularz kontaktowy i dodaj go do swojej witryny Webnode za darmo!","default_faq_hidden":"","app_template_category":[],"platform":"138","template_public_id":"","codecanyon_url":"","codecanyon_item_id":"","codecanyon_price":"","pricing_caption":"","pricing_elfsight_apps_hide_column":"","pricing_elfsight_apps_url":"","pricing_codecanyon_price_caption":"","integration_category":[],"integration_request_title":"","integration_request_cta":"","integration_platform":"","integrations":[],"platform_category":[],"video_schema_markup":"","price":"od 0 USD \/ miesi\u0105c","trial":"","benefits":[{"text":"Bezp\u0142atna pomoc w monta\u017cu"},{"text":"Skuteczna obs\u0142uga klienta"},{"text":"14-dniowa gwarancja zwrotu pieni\u0119dzy"}],"button_url":"#demo","button_target_blank":"0","button_nofollow":"0","attributes":[{"name":"Instaluje"},{"name":"Czu\u0142y"},{"name":"Kompatybilne przegl\u0105darki"}],"tags":[],"tags_disable_links":"0","hide_more_platforms":"0","video_object":"","demo_hide_cta":"0","demo_hide_cloud_options":"0","pricing_title":"","pricing":[{"pricing_icon":"platform","pricing_title":"Webnode widget","pricing_title_caption":"Wieloplatformowe rozwi\u0105zanie cyfrowe, kt\u00f3re pasuje do ka\u017cdej witryny internetowej","pricing_price":"od 0 USD \/ miesi\u0105c","pricing_price_caption":"zacznij od bezp\u0142atnego planu","pricing_benefits":[{"text":"Nielimitowane domeny"},{"text":"Profesjonalne wsparcie i dobrze udokumentowane"},{"text":"Bezp\u0142atna pomoc w monta\u017cu"},{"text":"Oferta ograniczona czasowo dla wielu aplikacji"}],"pricing_button_text":"Dodaj do witryny","pricing_button_url":"#demo"}],"related_apps_title":"","related_apps_hidden":"0","author":"","image":[],"title":"","job":"","social_networks":[]},"_links":{"self":[{"href":"https:\/\/elfsight.com\/pl\/wp-json\/wp\/v2\/pages\/4688","targetHints":{"allow":["GET"]}}],"collection":[{"href":"https:\/\/elfsight.com\/pl\/wp-json\/wp\/v2\/pages"}],"about":[{"href":"https:\/\/elfsight.com\/pl\/wp-json\/wp\/v2\/types\/page"}],"author":[{"embeddable":true,"href":"https:\/\/elfsight.com\/pl\/wp-json\/wp\/v2\/users\/9"}],"replies":[{"embeddable":true,"href":"https:\/\/elfsight.com\/pl\/wp-json\/wp\/v2\/comments?post=4688"}],"version-history":[{"count":2,"href":"https:\/\/elfsight.com\/pl\/wp-json\/wp\/v2\/pages\/4688\/revisions"}],"predecessor-version":[{"id":10486,"href":"https:\/\/elfsight.com\/pl\/wp-json\/wp\/v2\/pages\/4688\/revisions\/10486"}],"up":[{"embeddable":true,"href":"https:\/\/elfsight.com\/pl\/wp-json\/wp\/v2\/pages\/2289"}],"wp:attachment":[{"href":"https:\/\/elfsight.com\/pl\/wp-json\/wp\/v2\/media?parent=4688"}],"curies":[{"name":"wp","href":"https:\/\/api.w.org\/{rel}","templated":true}]}}