{"id":4686,"date":"2024-05-03T06:32:49","date_gmt":"2024-05-03T06:32:49","guid":{"rendered":"https:\/\/elfsight.com\/pl\/?page_id=4686"},"modified":"2024-11-14T12:49:09","modified_gmt":"2024-11-14T12:49:09","slug":"wix","status":"publish","type":"page","link":"https:\/\/elfsight.com\/pl\/contact-form-widget\/wix\/","title":{"rendered":"Contact Form &#8211; Wix"},"content":{"rendered":"<div class=\"application-platform-content-item-description application-platform-content-item\" id=\"description\" data-nav-section=\"description\"><h2>Formularz kontaktowy dla Wix<\/h2><p>Dodaj\u0105c nasz formularz kontaktowy Wix, spe\u0142niasz wszelkie potrzeby zwi\u0105zane z otrzymywaniem recenzji i zapyta\u0144 od klient\u00f3w Twojej witryny. Dodaj niezb\u0119dne pola do wype\u0142nienia, znajd\u017a optymalny szablon i dostosuj interfejs, aby zmotywowa\u0107 odwiedzaj\u0105cych do wysy\u0142ania recenzji o Twoich towarach lub firmie za po\u015brednictwem aplikacji formularza opinii dla Wix.<\/p><p><b>Otrzymuj referencje, zdob\u0105d\u017a \u017c\u0105dania i wysy\u0142aj odpowiedzi na zapytania u\u017cytkownik\u00f3w Twojej witryny!<\/b><\/p><ul><li><b>Zwi\u0119ksz liczb\u0119 zam\u00f3wie\u0144 z witryny<\/b>.<br>Rozwi\u0105zuj wszelkiego rodzaju problemy i podejrzenia swoich klient\u00f3w i nie pozwalaj im na zamkni\u0119cie witryny. Skorzystaj z naszego por\u0119cznego szablonu formularza zam\u00f3wienia Wix, aby zbudowa\u0107 skuteczny dialog z klientami.<\/li><li><b>Zdob\u0105d\u017a wi\u0119cej opinii na temat towar\u00f3w lub us\u0142ug<\/b>.<br>Odpowiedzi Twoich klient\u00f3w s\u0105 bardzo istotne dla rozwoju biznes. Dzi\u0119ki naszemu prostemu formularzowi kontaktowemu dodanemu do Twojej witryny Wix zaczniesz otrzymywa\u0107 wi\u0119cej informacji zwrotnych!<\/li><li><b>Ulepsz komunikacj\u0119 z u\u017cytkownikiem<\/b>.<br>Dzi\u0119ki wygodnym uk\u0142adom i elastycznemu interfejsowi i spersonalizowanymi wiadomo\u015bciami z podzi\u0119kowaniami poka\u017cesz swoim klientom, jak wa\u017cne s\u0105 dla Twojej firmy.<\/li><\/ul><\/div><div class=\"application-platform-content-item-features application-platform-content-item\" id=\"features\" data-nav-section=\"features\"><h2>Funkcje wtyczki formularza kontaktowego<\/h2><p>Co sprawia, \u017ce \u200b\u200bformularz kontaktowy Elfsight jest najlepsz\u0105 aplikacj\u0105 do otrzymywania wra\u017ce\u0144 od u\u017cytkownik\u00f3w i otrzymywania zapyta\u0144 o Wix? Sprawd\u017a nasze najwa\u017cniejsze funkcje:<\/p><ul><li>Wybierz wymagane pola;<\/li><li>Edytowalna etykieta przycisku Wy\u015blij;<\/li><li>Uk\u0142ad wbudowany z automatycznym dopasowaniem p\u00f3l do szeroko\u015bci formularza;<\/li><li>Google reCAPTCHA jest tutaj, aby chroni\u0107 Tw\u00f3j formularz przed spamem i botami;<\/li><li>Bezszwowy projekt, kt\u00f3ry od razu pasuje do 99% witryn.<\/li><\/ul><p><a href=\"#demo\">Odkryj ca\u0142\u0105 list\u0119 cech funkcjonalnych w naszym edytorze<\/a><\/p><\/div><div class=\"application-platform-content-item-installation application-platform-content-item\" id=\"installation\" data-nav-section=\"installation\"><h2>Jak doda\u0107 kontakt Wid\u017cet formularza do witryny Wix<\/h2><div class=\"video-container\"><iframe width=\"720\" height=\"405\" src=\"https:\/\/www.youtube.com\/embed\/3kpTNeZAH8k\" frameborder=\"0\" allowfullscreen=\"\"><\/iframe><\/div><p>Przeczytaj przewodnik stworzony przez nasz zesp\u00f3\u0142, aby doda\u0107 aplikacj\u0119 kontaktow\u0105 do swojej witryny. Do tego nie trzeba posiada\u0107 kompetencji programistycznych. \u015aredni czas instalacji wynosi oko\u0142o 90 sekund.<\/p><ol><li><b>Utw\u00f3rz w\u0142asny formularz kontaktowy<\/b>.<br>Korzystaj\u0105c z naszego <a href=\"#demo\">bezp\u0142atnego edytora<\/a>, widget z \u017c\u0105danym szablonem i funkcjami.<\/li><li><b>Uzyskaj kod do integracji aplikacji<\/b>.<br>Po utworzeniu wid\u017cetu Uzyskaj kod do wid\u017cetu Kontakt z wyskakuj\u0105cego powiadomienia na Aplikacje Elfsight.<\/li><li><b>Odkryj aplikacj\u0119 na stronie WIx<\/b>.<br>Poka\u017c wid\u017cet w wymaganym miejscu witryny i zapisz zmiany.<\/li><li><b>Integracja przebieg\u0142a pomy\u015blnie<\/b>!<br>Wejd\u017a na swoj\u0105 stron\u0119 Wix, aby sprawdzi\u0107 swoj\u0105 aplikacj\u0119.<\/li><\/ol><p>Masz trudno\u015bci podczas wykonywania instrukcji lub tworzenia formularza? Przydatne mo\u017ce by\u0107 przeczytanie obszernej instrukcji \u00ab<a href=\"https:\/\/elfsight.com\/tutorials\/how-to-add-contact-form-app-to-wix\/\" target=\"_blank\" rel=\"noopener noreferrer\">Jak doda\u0107 formularz kontaktowy na stronie Wix<\/a>\u00bb i skorzystaj z drugiej szansy, aby doda\u0107 go samodzielnie lub zwr\u00f3\u0107 si\u0119 do centrum wsparcia. Nasz zesp\u00f3\u0142 do\u0142o\u017cy wszelkich stara\u0144, aby doradzi\u0107 Ci terminowo i profesjonalnie.<\/p><div class=\"faq\" data-component=\"FAQ\"> <div class=\"faq-item\">\r\n\t\t\t\t\t<div class=\"faq-item-question\">\r\n\t\t\t\t\t\t<h3 class=\"faq-item-question-text\">Jak mog\u0119 doda\u0107 formularz kontaktowy do mojej witryny Wix bez umiej\u0119tno\u015bci kodowania?<\/h3>\r\n\r\n\t\t\t\t\t\t<div class=\"faq-item-question-icon\"><\/div>\r\n\t\t\t\t\t<\/div>\r\n\r\n\t\t\t\t\t<div class=\"faq-item-answer\">\r\n\t\t\t\t\t\t<div class=\"faq-item-answer-text\"> <p>Elfsight zapewnia rozwi\u0105zanie SaaS, kt\u00f3re umo\u017cliwia samodzielne utworzenie wid\u017cetu Formularza Kontaktowego, przekonaj si\u0119, jak \u0142atwy jest ten proces: Pracuj bezpo\u015brednio w Edytorze online, aby utworzy\u0107 wid\u017cet Formularza Kontaktowego, kt\u00f3ry chcia\u0142by\u015b zobaczy\u0107 na swojej stronie Wix. Wybierz jeden z gotowych szablon\u00f3w i dostosuj ustawienia Formularza kontaktowego, dodaj tre\u015b\u0107, zmie\u0144 uk\u0142ad i kolory bez umiej\u0119tno\u015bci kodowania. Zapisz Formularz kontaktowy i skopiuj jego kod instalacyjny, aby\u015b m\u00f3g\u0142 bez wysi\u0142ku doda\u0107 swoj\u0105 witryn\u0119 Wix bez konieczno\u015bci kupowania p\u0142atnego planu. Dzi\u0119ki naszemu intuicyjnemu Edytorowi ka\u017cdy u\u017cytkownik Internetu mo\u017ce stworzy\u0107 wid\u017cet Formularza Kontaktowego online i \u0142atwo osadzi\u0107 go na swojej stronie Wix. Aby uzyska\u0107 dost\u0119p do us\u0142ugi, nie trzeba p\u0142aci\u0107 ani wprowadza\u0107 danych uwierzytelniaj\u0105cych karty. Je\u015bli na kt\u00f3rymkolwiek etapie napotkasz jakiekolwiek problemy, skontaktuj si\u0119 z naszym zespo\u0142em pomocy technicznej.<\/p> <\/div>\r\n\t\t\t\t\t<\/div>\r\n\t\t\t\t<\/div> <div class=\"faq-item\">\r\n\t\t\t\t\t<div class=\"faq-item-question\">\r\n\t\t\t\t\t\t<h3 class=\"faq-item-question-text\">Czy oferujesz szablony formularzy kontaktowych dla witryny Wix?<\/h3>\r\n\r\n\t\t\t\t\t\t<div class=\"faq-item-question-icon\"><\/div>\r\n\t\t\t\t\t<\/div>\r\n\r\n\t\t\t\t\t<div class=\"faq-item-answer\">\r\n\t\t\t\t\t\t<div class=\"faq-item-answer-text\"><p>Tak, Elfsight oferuje ponad 300 gotowych do u\u017cycia szablon\u00f3w na ka\u017cd\u0105 okazj\u0119. Przyjrzyj si\u0119 bli\u017cej <a href=\"https:\/\/elfsight.com\/online-form-builder\/templates\/contact-forms\/\">szablonom formularzy kontaktowych<\/a> i wybierz ten, kt\u00f3ry najbardziej Ci si\u0119 podoba.<\/p><\/div>\r\n\t\t\t\t\t<\/div>\r\n\t\t\t\t<\/div><\/div> <\/div>","protected":false},"excerpt":{"rendered":"","protected":false},"author":9,"featured_media":0,"parent":2289,"menu_order":0,"comment_status":"closed","ping_status":"closed","template":"templates\/template-application-platform.php","meta":{"publish_to_discourse":"","publish_post_category":"","wpdc_auto_publish_overridden":"","wpdc_topic_tags":"","wpdc_pin_topic":"","wpdc_pin_until":"","discourse_post_id":"","discourse_permalink":"","wpdc_publishing_response":"","wpdc_publishing_error":"","footnotes":""},"class_list":["post-4686","page","type-page","status-publish","hentry"],"yoast_head":"<!-- This site is optimized with the Yoast SEO plugin v25.3.1 - https:\/\/yoast.com\/wordpress\/plugins\/seo\/ -->\n<title>Utw\u00f3rz i dodaj formularz kontaktowy na Wix za darmo!<\/title>\n<meta name=\"description\" content=\"Zdob\u0105d\u017a dostosowan\u0105 aplikacj\u0119 do formularza kontaktowego dla Wix i wy\u015bwietl j\u0105 na swojej stronie w zaledwie 2 minuty. Darmowy konfigurator, pomoc w dostosowaniu i inne dodatkowe korzy\u015bci z Elfsight!\" \/>\n<meta name=\"robots\" content=\"index, follow, max-snippet:-1, max-image-preview:large, max-video-preview:-1\" \/>\n<link rel=\"canonical\" href=\"https:\/\/elfsight.com\/pl\/contact-form-widget\/wix\/\" \/>\n<meta property=\"og:locale\" content=\"pl_PL\" \/>\n<meta property=\"og:type\" content=\"article\" \/>\n<meta property=\"og:title\" content=\"Utw\u00f3rz i dodaj formularz kontaktowy na Wix za darmo!\" \/>\n<meta property=\"og:description\" content=\"Zdob\u0105d\u017a dostosowan\u0105 aplikacj\u0119 do formularza kontaktowego dla Wix i wy\u015bwietl j\u0105 na swojej stronie w zaledwie 2 minuty. Darmowy konfigurator, pomoc w dostosowaniu i inne dodatkowe korzy\u015bci z Elfsight!\" \/>\n<meta property=\"og:url\" content=\"https:\/\/elfsight.com\/pl\/contact-form-widget\/wix\/\" \/>\n<meta property=\"og:site_name\" content=\"Elfsight PL\" \/>\n<meta property=\"article:modified_time\" content=\"2024-11-14T12:49:09+00:00\" \/>\n<meta name=\"twitter:card\" content=\"summary_large_image\" \/>\n<meta name=\"twitter:label1\" content=\"Szacowany czas czytania\" \/>\n\t<meta name=\"twitter:data1\" content=\"3 minuty\" \/>\n<!-- \/ Yoast SEO plugin. -->","yoast_head_json":{"title":"Utw\u00f3rz i dodaj formularz kontaktowy na Wix za darmo!","description":"Zdob\u0105d\u017a dostosowan\u0105 aplikacj\u0119 do formularza kontaktowego dla Wix i wy\u015bwietl j\u0105 na swojej stronie w zaledwie 2 minuty. Darmowy konfigurator, pomoc w dostosowaniu i inne dodatkowe korzy\u015bci z Elfsight!","robots":{"index":"index","follow":"follow","max-snippet":"max-snippet:-1","max-image-preview":"max-image-preview:large","max-video-preview":"max-video-preview:-1"},"canonical":"https:\/\/elfsight.com\/pl\/contact-form-widget\/wix\/","og_locale":"pl_PL","og_type":"article","og_title":"Utw\u00f3rz i dodaj formularz kontaktowy na Wix za darmo!","og_description":"Zdob\u0105d\u017a dostosowan\u0105 aplikacj\u0119 do formularza kontaktowego dla Wix i wy\u015bwietl j\u0105 na swojej stronie w zaledwie 2 minuty. Darmowy konfigurator, pomoc w dostosowaniu i inne dodatkowe korzy\u015bci z Elfsight!","og_url":"https:\/\/elfsight.com\/pl\/contact-form-widget\/wix\/","og_site_name":"Elfsight PL","article_modified_time":"2024-11-14T12:49:09+00:00","twitter_card":"summary_large_image","twitter_misc":{"Szacowany czas czytania":"3 minuty"},"schema":{"@context":"https:\/\/schema.org","@graph":[{"@type":"WebPage","@id":"https:\/\/elfsight.com\/pl\/contact-form-widget\/wix\/","url":"https:\/\/elfsight.com\/pl\/contact-form-widget\/wix\/","name":"Utw\u00f3rz i dodaj formularz kontaktowy na Wix za darmo!","isPartOf":{"@id":"https:\/\/elfsight.com\/pl\/#website"},"datePublished":"2024-05-03T06:32:49+00:00","dateModified":"2024-11-14T12:49:09+00:00","description":"Zdob\u0105d\u017a dostosowan\u0105 aplikacj\u0119 do formularza kontaktowego dla Wix i wy\u015bwietl j\u0105 na swojej stronie w zaledwie 2 minuty. Darmowy konfigurator, pomoc w dostosowaniu i inne dodatkowe korzy\u015bci z Elfsight!","breadcrumb":{"@id":"https:\/\/elfsight.com\/pl\/contact-form-widget\/wix\/#breadcrumb"},"inLanguage":"pl-PL","potentialAction":[{"@type":"ReadAction","target":["https:\/\/elfsight.com\/pl\/contact-form-widget\/wix\/"]}]},{"@type":"BreadcrumbList","@id":"https:\/\/elfsight.com\/pl\/contact-form-widget\/wix\/#breadcrumb","itemListElement":[{"@type":"ListItem","position":1,"name":"Home","item":"https:\/\/elfsight.com\/pl\/"},{"@type":"ListItem","position":2,"name":"Contact Form","item":"https:\/\/elfsight.com\/pl\/contact-form-widget\/"},{"@type":"ListItem","position":3,"name":"Contact Form &#8211; Wix"}]},{"@type":"WebSite","@id":"https:\/\/elfsight.com\/pl\/#website","url":"https:\/\/elfsight.com\/pl\/","name":"Elfsight PL","description":"Just another Elfsight Sites site","potentialAction":[{"@type":"SearchAction","target":{"@type":"EntryPoint","urlTemplate":"https:\/\/elfsight.com\/pl\/?s={search_term_string}"},"query-input":{"@type":"PropertyValueSpecification","valueRequired":true,"valueName":"search_term_string"}}],"inLanguage":"pl-PL"}]}},"meta_box":{"industry":"","seo_heading":"","heading":"","description":"","cta_heading":"","cta_description":"","application":"2288","h1":"Aplikacja Formularz kontaktowy Wix","h1_caption":"Z \u0142atwo\u015bci\u0105 tw\u00f3rz i osadzaj formularze kontaktowe na swojej stronie internetowej, aby bez wysi\u0142ku zach\u0119ca\u0107 u\u017cytkownik\u00f3w do interakcji i wysy\u0142ania zapyta\u0144 do Twojej witryny Wix.","application_category":[],"applications_title":"","applications_request_title":"","applications_request_button_text":"","hero_text":"","hero_video":"","hero_video_schema_markup":"","selling_points_title":"","selling_points_caption":"","selling_points":[],"selling_points_cta_text":"","features_title":"","features":"","ed_cta_examples_text":"","ed_cta_examples_hidden":"","ed_cta_demo_text":"","ed_cta_demo_hidden":"","why_caption":"","why_editor_title":"","why_editor_text":"","why_team_title":"","why_team_text":"","why_service_title":"","why_service_text":"","template_catalog_visible":"","template_catalog_title":"","template_catalog_text":"","template_catalog_categories_visible":"","demo_title":"Utw\u00f3rz aplikacj\u0119 z formularzem kontaktowym","demo_caption":"Skonfiguruj sw\u00f3j formularz kontaktowy i dodaj go do swojej witryny Wix za darmo!","default_faq_hidden":"","app_template_category":[],"platform":"30","template_public_id":"","codecanyon_url":"","codecanyon_item_id":"","codecanyon_price":"","pricing_caption":"","pricing_elfsight_apps_hide_column":"","pricing_elfsight_apps_url":"","pricing_codecanyon_price_caption":"","integration_category":[],"integration_request_title":"","integration_request_cta":"","integration_platform":"","integrations":[],"platform_category":[],"video_schema_markup":"","price":"od 0 USD \/ miesi\u0105c","trial":"","benefits":[{"text":"Bezp\u0142atna pomoc w instalacji"},{"text":"Wyj\u0105tkowe wsparcie"},{"text":"14-dniowa gwarancja zwrotu pieni\u0119dzy"}],"button_url":"#demo","button_target_blank":"","button_nofollow":"","attributes":[{"name":"Instaluje"},{"name":"Czu\u0142y"},{"name":"Kompatybilne przegl\u0105darki"}],"tags":[],"tags_disable_links":"","hide_more_platforms":"","video_object":"","demo_hide_cta":"","demo_hide_cloud_options":"","pricing_title":"","pricing":[{"pricing_icon":"platform","pricing_title":"Wix app","pricing_title_caption":"Niezale\u017cne od platformy rozwi\u0105zanie cyfrowe","pricing_price":"od 0 USD \/ miesi\u0105c","pricing_price_caption":"zacznij od bezp\u0142atnego planu","pricing_benefits":[{"text":"Nieograniczona liczba stron internetowych"},{"text":"Profesjonalna obs\u0142uga klienta"},{"text":"Bezp\u0142atna pomoc w instalacji"},{"text":"Oferta specjalna na wiele aplikacji"}],"pricing_button_text":"Dodaj do witryny","pricing_button_url":"#demo"}],"related_apps_title":"","related_apps_hidden":"","author":"","image":[],"title":"","job":"","social_networks":[]},"_links":{"self":[{"href":"https:\/\/elfsight.com\/pl\/wp-json\/wp\/v2\/pages\/4686","targetHints":{"allow":["GET"]}}],"collection":[{"href":"https:\/\/elfsight.com\/pl\/wp-json\/wp\/v2\/pages"}],"about":[{"href":"https:\/\/elfsight.com\/pl\/wp-json\/wp\/v2\/types\/page"}],"author":[{"embeddable":true,"href":"https:\/\/elfsight.com\/pl\/wp-json\/wp\/v2\/users\/9"}],"replies":[{"embeddable":true,"href":"https:\/\/elfsight.com\/pl\/wp-json\/wp\/v2\/comments?post=4686"}],"version-history":[{"count":2,"href":"https:\/\/elfsight.com\/pl\/wp-json\/wp\/v2\/pages\/4686\/revisions"}],"predecessor-version":[{"id":7699,"href":"https:\/\/elfsight.com\/pl\/wp-json\/wp\/v2\/pages\/4686\/revisions\/7699"}],"up":[{"embeddable":true,"href":"https:\/\/elfsight.com\/pl\/wp-json\/wp\/v2\/pages\/2289"}],"wp:attachment":[{"href":"https:\/\/elfsight.com\/pl\/wp-json\/wp\/v2\/media?parent=4686"}],"curies":[{"name":"wp","href":"https:\/\/api.w.org\/{rel}","templated":true}]}}