{"id":4685,"date":"2024-05-03T06:32:48","date_gmt":"2024-05-03T06:32:48","guid":{"rendered":"https:\/\/elfsight.com\/pl\/?page_id=4685"},"modified":"2024-11-14T12:46:39","modified_gmt":"2024-11-14T12:46:39","slug":"jquery","status":"publish","type":"page","link":"https:\/\/elfsight.com\/pl\/contact-form-widget\/jquery\/","title":{"rendered":"Contact Form &#8211; jQuery"},"content":{"rendered":"<div class=\"application-platform-content-item-description application-platform-content-item\" id=\"description\" data-nav-section=\"description\"><h2>Formularz kontaktowy dla jQuery<\/h2><p>Je\u015bli szukasz prostego formularza kontaktowego jQuery, wtyczka Elfsight Contact mo\u017ce Ci pom\u00f3c . Jest to wid\u017cet generatora formularzy kontaktowych jQuery, kt\u00f3rego g\u0142\u00f3wnym celem jest pomoc w spe\u0142nieniu wszystkich rzeczywistych wymaga\u0144 w zakresie uzyskiwania wy\u015bwietle\u0144 i \u017c\u0105da\u0144 od klient\u00f3w w Twojej witrynie. Po prostu odkryj najwa\u017cniejsze cz\u0119\u015bci do wype\u0142nienia, wybierz preferowany szablon i zaprojektuj interfejs tak, aby zainspirowa\u0107 u\u017cytkownik\u00f3w do pozostawienia pr\u00f3\u015bb o us\u0142ugi oferowane przez Twoj\u0105 firm\u0119. Widget Formularz zosta\u0142 stworzony, aby zaspokoi\u0107 ka\u017cd\u0105 potrzeb\u0119 zbierania opinii i pozostawania w sta\u0142ym kontakcie z odbiorcami.<\/p><p><b>Zbieraj opinie, przyjmuj zam\u00f3wienia i odpowiadaj na wiadomo\u015bci od os\u00f3b odwiedzaj\u0105cych Twoj\u0105 witryn\u0119!<\/b><\/p><ul><li><b>Wzmocnij pozyskiwanie lead\u00f3w<\/b>.<br>B\u0105d\u017a w kontakcie ze swoimi potencjalnymi klientami, umo\u017cliwiaj\u0105c im rozmow\u0119 z Tob\u0105 za pomoc\u0105 wtyczki Kontakt w dowolnym momencie. Mniejsza liczba p\u00f3l zapewni najwy\u017csz\u0105 konwersj\u0119.<\/li><li><b>Zatrzymaj spam<\/b>.<br>Zachowaj tylko komunikacj\u0119 organiczn\u0105 dzi\u0119ki wysoce skutecznemu narz\u0119dziu Google reCAPTCHA zabezpieczaj\u0105cemu przed spamem i botami. <\/li><li><b>Wygodnie zbieraj opinie klient\u00f3w<\/b>.<br>Utw\u00f3rz przyci\u0105gaj\u0105cy wzrok wid\u017cet formularza, kt\u00f3ry b\u0119dzie mo\u017cna \u0142atwo znale\u017a\u0107 na stronach Twojej witryny, zach\u0119caj\u0105c odwiedzaj\u0105cych do przekazywania Ci opinii w dowolnym momencie chc\u0105.<\/li><\/ul><\/div><div class=\"application-platform-content-item-features application-platform-content-item\" id=\"features\" data-nav-section=\"features\"><h2>Wtyczka formularza kontaktowego<\/h2><p>Dlaczego nasz prosty formularz kontaktowy jest najlepsz\u0105 wtyczk\u0105 do witryny jQuery, jak\u0105 mo\u017cna uzyska\u0107 wra\u017cenia klient\u00f3w i otrzymywanie zam\u00f3wie\u0144? Przetestuj nasze g\u0142\u00f3wne funkcje:<\/p><ul><li>Minimalny zestaw p\u00f3l do przes\u0142ania opinii: imi\u0119 i nazwisko, adres e-mail, telefon i wiadomo\u015b\u0107;<\/li><li>Ustaw dowoln\u0105 szeroko\u015b\u0107 formularza;<\/li> <li>Wbudowany uk\u0142ad z automatycznym dopasowaniem p\u00f3l do szeroko\u015bci formularza;<\/li><li>ReCAPTCHA (Google captcha) chroni Tw\u00f3j formularz przed spamem i botami;<\/li><li>R\u00f3\u017cne szablony: proste formularz, formularz p\u0142ywaj\u0105cy, \u017c\u0105danie pomocy, formularze rozszerzone i e-mailowe;<\/li><li>Dzia\u0142a i wygl\u0105da doskonale na urz\u0105dzeniach mobilnych.<\/li><\/ul><p><a href=\"#demo\">Przetestuj wszystko korzy\u015bci w naszym demo<\/a><\/p><\/div><div class=\"application-platform-content-item-installation application-platform-content-item\" id=\"installation\" data-nav-section=\"installation\"><h2>Jak doda\u0107 wtyczk\u0119 Formularz kontaktowy do witryny jQuery<\/h2><p>Post\u0119puj zgodnie z nasz\u0105 instrukcj\u0105, aby doda\u0107 formularz na swoj\u0105 stron\u0119 internetow\u0105. Nie trzeba mie\u0107 umiej\u0119tno\u015bci w rozwoju. Pe\u0142ny czas instalacji wynosi oko\u0142o 1 minuty.<\/p><ol><li><b>Skonstruuj w\u0142asn\u0105 wtyczk\u0119 Kontakt<\/b>.<br>Korzystaj\u0105c z naszego bezp\u0142atnego konfiguratora, utw\u00f3rz wtyczk\u0119 o po\u017c\u0105danym uk\u0142adzie, funkcjach, pola i captcha.<\/li><li><b>Uzyskaj kod umo\u017cliwiaj\u0105cy wy\u015bwietlenie wtyczki<\/b>.<br>Po dostosowaniu wid\u017cetu uzyskaj kod wtyczki kontaktowej jQuery z wyskakuj\u0105cego powiadomienia w aplikacjach Elfsight.<\/li><li><b>Osad\u017a wtyczk\u0119 na stronie internetowej<\/b>.<br>Wstaw wtyczk\u0119 w wymagane miejsce na stronie i zastosuj zmiany.<\/li><li><b>Osadzanie powiod\u0142o si\u0119 !<\/b>.<br>Wejd\u017a na swoj\u0105 stron\u0119, aby zobaczy\u0107 swoj\u0105 wtyczk\u0119.<\/li><\/ol><p>Natkn\u0105\u0142e\u015b si\u0119 na co\u015b podczas stosowania samouczka lub tworzenia prostego formularza? Skontaktuj si\u0119 z centrum pomocy Elfsight i szczeg\u00f3\u0142owo wyja\u015bnij swoje pytanie, a nasz zesp\u00f3\u0142 z przyjemno\u015bci\u0105 Ci pomo\u017ce.<\/p><div class=\"faq\" data-component=\"FAQ\"> <div class=\"faq-item\">\r\n\t\t\t\t\t<div class=\"faq-item-question\">\r\n\t\t\t\t\t\t<h3 class=\"faq-item-question-text\">Jak doda\u0107 formularz kontaktowy do mojej witryny jQuery bez umiej\u0119tno\u015bci kodowania?<\/h3>\r\n\r\n\t\t\t\t\t\t<div class=\"faq-item-question-icon\"><\/div>\r\n\t\t\t\t\t<\/div>\r\n\r\n\t\t\t\t\t<div class=\"faq-item-answer\">\r\n\t\t\t\t\t\t<div class=\"faq-item-answer-text\"> <p> Elfsight zapewnia rozwi\u0105zanie SaaS, kt\u00f3re umo\u017cliwia samodzielne utworzenie wid\u017cetu formularza kontaktowego. Przekonaj si\u0119, jak \u0142atwy jest ten proces: Pracuj bezpo\u015brednio w edytorze online, aby utworzy\u0107 wid\u017cet formularza kontaktowego, kt\u00f3ry chcia\u0142by\u015b zobaczy\u0107 na swojej witrynie jQuery. Wybierz jeden z gotowych szablon\u00f3w i dostosuj ustawienia Formularza kontaktowego, dodaj tre\u015b\u0107, zmie\u0144 uk\u0142ad i kolory bez umiej\u0119tno\u015bci kodowania. Zapisz Formularz kontaktowy i skopiuj jego kod instalacyjny, kt\u00f3ry mo\u017cesz \u0142atwo wklei\u0107 na swojej stronie jQuery, bez konieczno\u015bci kupowania p\u0142atnego planu. Dzi\u0119ki naszemu intuicyjnemu Edytorowi ka\u017cdy u\u017cytkownik Internetu mo\u017ce stworzy\u0107 wid\u017cet Formularza Kontaktowego online i \u0142atwo osadzi\u0107 go na swojej stronie jQuery. Aby uzyska\u0107 dost\u0119p do us\u0142ugi, nie trzeba p\u0142aci\u0107 ani wprowadza\u0107 danych uwierzytelniaj\u0105cych karty. Je\u015bli na kt\u00f3rymkolwiek etapie napotkasz jakiekolwiek problemy, skontaktuj si\u0119 z naszym zespo\u0142em pomocy technicznej.<\/p> <\/div>\r\n\t\t\t\t\t<\/div>\r\n\t\t\t\t<\/div><div class=\"faq-item\">\r\n\t\t\t\t\t<div class=\"faq-item-question\">\r\n\t\t\t\t\t\t<h3 class=\"faq-item-question-text\">Czy s\u0105 jakie\u015b szablony formularzy kontaktowych dla witryny jQuery?<\/h3>\r\n\r\n\t\t\t\t\t\t<div class=\"faq-item-question-icon\"><\/div>\r\n\t\t\t\t\t<\/div>\r\n\r\n\t\t\t\t\t<div class=\"faq-item-answer\">\r\n\t\t\t\t\t\t<div class=\"faq-item-answer-text\"><p>Tak, tam s\u0105! Zesp\u00f3\u0142 Elfsight stworzy\u0142 wspania\u0142\u0105 kolekcj\u0119 ponad 300 gotowych do u\u017cycia szablon\u00f3w. I na pewno nie rozczarujesz si\u0119 <a href=\"https:\/\/elfsight.com\/online-form-builder\/templates\/contact-forms\/\">szablonami formularzy kontaktowych<\/a>.<\/p> <\/div>\r\n\t\t\t\t\t<\/div>\r\n\t\t\t\t<\/div> <\/div> <\/div>","protected":false},"excerpt":{"rendered":"","protected":false},"author":9,"featured_media":0,"parent":2289,"menu_order":0,"comment_status":"closed","ping_status":"closed","template":"templates\/template-application-platform.php","meta":{"publish_to_discourse":"","publish_post_category":"","wpdc_auto_publish_overridden":"","wpdc_topic_tags":"","wpdc_pin_topic":"","wpdc_pin_until":"","discourse_post_id":"","discourse_permalink":"","wpdc_publishing_response":"","wpdc_publishing_error":"","footnotes":""},"class_list":["post-4685","page","type-page","status-publish","hentry"],"yoast_head":"<!-- This site is optimized with the Yoast SEO plugin v25.3.1 - https:\/\/yoast.com\/wordpress\/plugins\/seo\/ -->\n<title>Utw\u00f3rz i dodaj formularz kontaktowy na jQuery za darmo!<\/title>\n<meta name=\"description\" content=\"Utw\u00f3rz wtyczk\u0119 Formularza kontaktowego dla jQuery i umie\u015b\u0107 j\u0105 na swojej stronie internetowej. Darmowe demo, captcha, pomoc przy instalacji i inne bonusy od Elfsight!\" \/>\n<meta name=\"robots\" content=\"index, follow, max-snippet:-1, max-image-preview:large, max-video-preview:-1\" \/>\n<link rel=\"canonical\" href=\"https:\/\/elfsight.com\/pl\/contact-form-widget\/jquery\/\" \/>\n<meta property=\"og:locale\" content=\"pl_PL\" \/>\n<meta property=\"og:type\" content=\"article\" \/>\n<meta property=\"og:title\" content=\"Utw\u00f3rz i dodaj formularz kontaktowy na jQuery za darmo!\" \/>\n<meta property=\"og:description\" content=\"Utw\u00f3rz wtyczk\u0119 Formularza kontaktowego dla jQuery i umie\u015b\u0107 j\u0105 na swojej stronie internetowej. Darmowe demo, captcha, pomoc przy instalacji i inne bonusy od Elfsight!\" \/>\n<meta property=\"og:url\" content=\"https:\/\/elfsight.com\/pl\/contact-form-widget\/jquery\/\" \/>\n<meta property=\"og:site_name\" content=\"Elfsight PL\" \/>\n<meta property=\"article:modified_time\" content=\"2024-11-14T12:46:39+00:00\" \/>\n<meta name=\"twitter:card\" content=\"summary_large_image\" \/>\n<meta name=\"twitter:label1\" content=\"Szacowany czas czytania\" \/>\n\t<meta name=\"twitter:data1\" content=\"4 minuty\" \/>\n<!-- \/ Yoast SEO plugin. -->","yoast_head_json":{"title":"Utw\u00f3rz i dodaj formularz kontaktowy na jQuery za darmo!","description":"Utw\u00f3rz wtyczk\u0119 Formularza kontaktowego dla jQuery i umie\u015b\u0107 j\u0105 na swojej stronie internetowej. Darmowe demo, captcha, pomoc przy instalacji i inne bonusy od Elfsight!","robots":{"index":"index","follow":"follow","max-snippet":"max-snippet:-1","max-image-preview":"max-image-preview:large","max-video-preview":"max-video-preview:-1"},"canonical":"https:\/\/elfsight.com\/pl\/contact-form-widget\/jquery\/","og_locale":"pl_PL","og_type":"article","og_title":"Utw\u00f3rz i dodaj formularz kontaktowy na jQuery za darmo!","og_description":"Utw\u00f3rz wtyczk\u0119 Formularza kontaktowego dla jQuery i umie\u015b\u0107 j\u0105 na swojej stronie internetowej. Darmowe demo, captcha, pomoc przy instalacji i inne bonusy od Elfsight!","og_url":"https:\/\/elfsight.com\/pl\/contact-form-widget\/jquery\/","og_site_name":"Elfsight PL","article_modified_time":"2024-11-14T12:46:39+00:00","twitter_card":"summary_large_image","twitter_misc":{"Szacowany czas czytania":"4 minuty"},"schema":{"@context":"https:\/\/schema.org","@graph":[{"@type":"WebPage","@id":"https:\/\/elfsight.com\/pl\/contact-form-widget\/jquery\/","url":"https:\/\/elfsight.com\/pl\/contact-form-widget\/jquery\/","name":"Utw\u00f3rz i dodaj formularz kontaktowy na jQuery za darmo!","isPartOf":{"@id":"https:\/\/elfsight.com\/pl\/#website"},"datePublished":"2024-05-03T06:32:48+00:00","dateModified":"2024-11-14T12:46:39+00:00","description":"Utw\u00f3rz wtyczk\u0119 Formularza kontaktowego dla jQuery i umie\u015b\u0107 j\u0105 na swojej stronie internetowej. Darmowe demo, captcha, pomoc przy instalacji i inne bonusy od Elfsight!","breadcrumb":{"@id":"https:\/\/elfsight.com\/pl\/contact-form-widget\/jquery\/#breadcrumb"},"inLanguage":"pl-PL","potentialAction":[{"@type":"ReadAction","target":["https:\/\/elfsight.com\/pl\/contact-form-widget\/jquery\/"]}]},{"@type":"BreadcrumbList","@id":"https:\/\/elfsight.com\/pl\/contact-form-widget\/jquery\/#breadcrumb","itemListElement":[{"@type":"ListItem","position":1,"name":"Home","item":"https:\/\/elfsight.com\/pl\/"},{"@type":"ListItem","position":2,"name":"Contact Form","item":"https:\/\/elfsight.com\/pl\/contact-form-widget\/"},{"@type":"ListItem","position":3,"name":"Contact Form &#8211; jQuery"}]},{"@type":"WebSite","@id":"https:\/\/elfsight.com\/pl\/#website","url":"https:\/\/elfsight.com\/pl\/","name":"Elfsight PL","description":"Just another Elfsight Sites site","potentialAction":[{"@type":"SearchAction","target":{"@type":"EntryPoint","urlTemplate":"https:\/\/elfsight.com\/pl\/?s={search_term_string}"},"query-input":{"@type":"PropertyValueSpecification","valueRequired":true,"valueName":"search_term_string"}}],"inLanguage":"pl-PL"}]}},"meta_box":{"industry":"","seo_heading":"","heading":"","description":"","cta_heading":"","cta_description":"","application":"2288","h1":"Wtyczka Formularz kontaktowy jQuery","h1_caption":"Z \u0142atwo\u015bci\u0105 tw\u00f3rz i osadzaj formularze kontaktowe na swojej stronie internetowej, aby bez wysi\u0142ku zach\u0119ca\u0107 u\u017cytkownik\u00f3w do interakcji i wysy\u0142ania zapyta\u0144 do Twojej witryny jQuery.","application_category":[],"applications_title":"","applications_request_title":"","applications_request_button_text":"","hero_text":"","hero_video":"","hero_video_schema_markup":"","selling_points_title":"","selling_points_caption":"","selling_points":[],"selling_points_cta_text":"","features_title":"","features":"","ed_cta_examples_text":"","ed_cta_examples_hidden":"","ed_cta_demo_text":"","ed_cta_demo_hidden":"","why_caption":"","why_editor_title":"","why_editor_text":"","why_team_title":"","why_team_text":"","why_service_title":"","why_service_text":"","template_catalog_visible":"","template_catalog_title":"","template_catalog_text":"","template_catalog_categories_visible":"","demo_title":"Utw\u00f3rz wtyczk\u0119 formularza kontaktowego","demo_caption":"Skonfiguruj sw\u00f3j formularz kontaktowy i dodaj go do swojej witryny jQuery za darmo!","default_faq_hidden":"","app_template_category":[],"platform":"56","template_public_id":"","codecanyon_url":"","codecanyon_item_id":"","codecanyon_price":"","pricing_caption":"","pricing_elfsight_apps_hide_column":"","pricing_elfsight_apps_url":"","pricing_codecanyon_price_caption":"","integration_category":[],"integration_request_title":"","integration_request_cta":"","integration_platform":"","integrations":[],"platform_category":[],"video_schema_markup":"","price":"od 0 USD \/ miesi\u0105c","trial":"","benefits":[{"text":"Bezp\u0142atna pomoc w monta\u017cu"},{"text":"Skuteczna obs\u0142uga klienta"},{"text":"14-dniowa gwarancja zwrotu pieni\u0119dzy"}],"button_url":"#demo","button_target_blank":"","button_nofollow":"","attributes":[{"name":"Instaluje"},{"name":"Czu\u0142y"},{"name":"Kompatybilne przegl\u0105darki"}],"tags":[],"tags_disable_links":"","hide_more_platforms":"","video_object":"","demo_hide_cta":"","demo_hide_cloud_options":"","pricing_title":"","pricing":[{"pricing_icon":"platform","pricing_title":"jQuery plugin","pricing_title_caption":"Niezale\u017cne od platformy rozwi\u0105zanie cyfrowe","pricing_price":"od 0 USD \/ miesi\u0105c","pricing_price_caption":"zacznij od bezp\u0142atnego planu","pricing_benefits":[{"text":"Nielimitowane strony internetowe"},{"text":"Ca\u0142odobowe wsparcie firmy i dobrze udokumentowane"},{"text":"Bezp\u0142atne wsparcie instalacyjne"},{"text":"100% konfigurowalny"}],"pricing_button_text":"Dodaj do witryny","pricing_button_url":"#demo"}],"related_apps_title":"","related_apps_hidden":"","author":"","image":[],"title":"","job":"","social_networks":[]},"_links":{"self":[{"href":"https:\/\/elfsight.com\/pl\/wp-json\/wp\/v2\/pages\/4685","targetHints":{"allow":["GET"]}}],"collection":[{"href":"https:\/\/elfsight.com\/pl\/wp-json\/wp\/v2\/pages"}],"about":[{"href":"https:\/\/elfsight.com\/pl\/wp-json\/wp\/v2\/types\/page"}],"author":[{"embeddable":true,"href":"https:\/\/elfsight.com\/pl\/wp-json\/wp\/v2\/users\/9"}],"replies":[{"embeddable":true,"href":"https:\/\/elfsight.com\/pl\/wp-json\/wp\/v2\/comments?post=4685"}],"version-history":[{"count":1,"href":"https:\/\/elfsight.com\/pl\/wp-json\/wp\/v2\/pages\/4685\/revisions"}],"predecessor-version":[{"id":4689,"href":"https:\/\/elfsight.com\/pl\/wp-json\/wp\/v2\/pages\/4685\/revisions\/4689"}],"up":[{"embeddable":true,"href":"https:\/\/elfsight.com\/pl\/wp-json\/wp\/v2\/pages\/2289"}],"wp:attachment":[{"href":"https:\/\/elfsight.com\/pl\/wp-json\/wp\/v2\/media?parent=4685"}],"curies":[{"name":"wp","href":"https:\/\/api.w.org\/{rel}","templated":true}]}}