{"id":4680,"date":"2024-05-03T06:32:47","date_gmt":"2024-05-03T06:32:47","guid":{"rendered":"https:\/\/elfsight.com\/pl\/?page_id=4680"},"modified":"2025-06-25T09:33:37","modified_gmt":"2025-06-25T09:33:37","slug":"elementor","status":"publish","type":"page","link":"https:\/\/elfsight.com\/pl\/contact-form-widget\/elementor\/","title":{"rendered":"Contact Form &#8211; Elementor"},"content":{"rendered":"<div class=\"application-platform-content-item-description application-platform-content-item\" id=\"description\" data-nav-section=\"description\">\n<h2>Formularz kontaktowy dla Elementora<\/h2>\n<p>Wid\u017cet kontaktowy Elfsight dla Elementora to wszechstronne narz\u0119dzie, kt\u00f3re pomo\u017ce Ci spe\u0142ni\u0107 wszystkie Twoje obecne wymagania uzyskania wy\u015bwietle\u0144 i \u017c\u0105da\u0144 od os\u00f3b odwiedzaj\u0105cych Twoj\u0105 witryn\u0119. Niezale\u017cnie od tego, czy chcesz bezp\u0142atnie utworzy\u0107 formularz kontaktowy Elementor, czy formularz kontaktowy WordPress Elementor z dodatkowymi funkcjami, nasz wid\u017cet pomo\u017ce Ci zaprezentowa\u0107 najwa\u017cniejsze komponenty do wype\u0142nienia formularza, znale\u017a\u0107 preferowany szablon i zaprojektowa\u0107 interfejs, kt\u00f3ry b\u0119dzie inspiracj\u0105 dla jeszcze wi\u0119kszej liczby klient\u00f3w do pozostawiania zapyta\u0144 o us\u0142ugi oferowane przez Twoj\u0105 firm\u0119. Nasza wtyczka Formularz zosta\u0142a zaprojektowana tak, aby zaspokoi\u0107 ka\u017cd\u0105 Twoj\u0105 potrzeb\u0119 zbierania opinii i utrzymywania kontaktu z klientami.<\/p>\n<p><b>Zbieraj referencje, otrzymuj zam\u00f3wienia i odpowiadaj na listy klient\u00f3w Twojej witryny!<\/b><\/p>\n<p><b>Usprawnij pozyskiwanie potencjalnych klient\u00f3w<\/b><br>B\u0105d\u017a blisko swoich potencjalnych klient\u00f3w, umo\u017cliwiaj\u0105c im wysy\u0142anie wiadomo\u015bci za pomoc\u0105 wid\u017cetu Kontakt w dowolnym momencie. Mniejsza liczba p\u00f3l zapewni najwy\u017csz\u0105 konwersj\u0119.<\/p>\n<p><b>Wyklucz spam<\/b><br>Obs\u0142uguj tylko organiczne kontakty za pomoc\u0105 solidnego narz\u0119dzia Google reCAPTCHA chroni\u0105cego przed spamem i botami.<\/p>\n<p><b>\u0141atwo uzyskuj opinie<\/b><br>Stw\u00f3rz niezwyk\u0142\u0105 wtyczk\u0119 formularza, dzi\u0119ki kt\u00f3rej b\u0119dzie mo\u017cna j\u0105 swobodnie znale\u017a\u0107 na stronach Twojej witryny, zach\u0119caj\u0105c klient\u00f3w do przekazywania Ci opinii w dowolnym momencie, gdy uznaj\u0105 to za konieczne.<\/p>\n<\/div>\n\n<div class=\"application-platform-content-item-features application-platform-content-item\" id=\"features\" data-nav-section=\"features\">\n<h2>Funkcje wtyczki formularza kontaktowego<\/h2>\n<p>Co sprawia, \u017ce nasz formularz kontaktowy jest najlepsz\u0105 wtyczk\u0105 do otrzymywania opinii i zam\u00f3wie\u0144 dla WordPress? Sprawd\u017a nasze g\u0142\u00f3wne cechy:<\/p>\n<ul>\n    <li>Ustaw w\u0142asne etykiety p\u00f3l;<\/li>\n    <li>Umie\u015b\u0107 dowolny tekst przed formularzem w podpisie;<\/li>\n    <li>5 p\u00f3l wizualnych dost\u0119pne style: klasyczny, p\u0142aski, materia\u0142owy, klasyczny zaokr\u0105glony, p\u0142aski zaokr\u0105glony;<\/li>\n    <li>Ustaw tekst, kt\u00f3ry b\u0119dzie si\u0119 pojawia\u0142 po pomy\u015blnym przes\u0142aniu wiadomo\u015bci;<\/li>\n    <li>Bezszwowy projekt, kt\u00f3ry pasuje do 99% witryn na \u015bwiecie.<\/li>\n<\/ul>\n<p><a href=\"#demo\">Wypr\u00f3buj wszystkie funkcje w naszym konfiguratorze<\/a><\/p>\n<\/div>\n\n<div class=\"application-platform-content-item-installation application-platform-content-item\" id=\"installation\" data-nav-section=\"installation\"><\/div>\n<h2>Jak utworzy\u0107 formularz kontaktowy dla witryny Elementor<\/h2>\n<div class=\"video-container\"><iframe width=\"720\" height=\"405\" src=\"https:\/\/www.youtube.com\/embed\/_qhrpfJoLZY\" frameborder=\"0\" allowfullscreen=\"\"><\/iframe><\/div>\n<p>Post\u0119puj zgodnie z instrukcjami Elfsight, aby osadzi\u0107 wtyczk\u0119 kontaktow\u0105 na swojej stronie internetowej. Nie b\u0119dziesz potrzebowa\u0107 kompetencji w tworzeniu stron internetowych, a \u015bredni czas instalacji to mniej ni\u017c 80 sekund.<\/p>\n<ol>\n    <li><b>Stw\u00f3rz w\u0142asny wid\u017cet Kontakt<\/b><br>Korzystaj\u0105c z naszej bezp\u0142atnej wersji demonstracyjnej, skonfiguruj wtyczk\u0119 o niestandardowym wygl\u0105dzie i funkcjonalno\u015bci.<\/li>\n    <li><b>Skopiuj kod osobisty, aby wy\u015bwietli\u0107 wtyczk\u0119<\/b><br>Po wygenerowaniu wid\u017cetu otrzymasz indywidualny kod z powiadomienia, kt\u00f3re pojawi\u0142o si\u0119 w aplikacjach Elfsight. Skopiuj ten kod.<\/li>\n    <li><b>Dodaj wtyczk\u0119 do swojej witryny Elementor<\/b><br>Wybierz obszar, w kt\u00f3rym chcesz wy\u015bwietli\u0107 wtyczk\u0119 i wklej tam skopiowany kod. Opublikuj zmiany.<\/li>\n    <li><b>Gotowe!<\/b><br>Wejd\u017a do swojego sklepu, aby sprawdzi\u0107 swoj\u0105 prac\u0119.<\/li>\n<\/ol>\n<p>Podczas korzystania z samouczka lub konfigurowania formularza wyst\u0119puj\u0105 jakie\u015b problemy? Zostaw swoje pytanie w centrum pomocy Elfsight wraz z dok\u0142adnym opisem problemu, a nasz zesp\u00f3\u0142 z przyjemno\u015bci\u0105 Ci pomo\u017ce.<\/p>\n\n<div class=\"faq\" data-component=\"FAQ\">\n    <div class=\"faq-item\">\r\n\t\t\t\t\t<div class=\"faq-item-question\">\r\n\t\t\t\t\t\t<h3 class=\"faq-item-question-text\">Czy formularze Elfsight s\u0105 bezpieczne?<\/h3>\r\n\r\n\t\t\t\t\t\t<div class=\"faq-item-question-icon\"><\/div>\r\n\t\t\t\t\t<\/div>\r\n\r\n\t\t\t\t\t<div class=\"faq-item-answer\">\r\n\t\t\t\t\t\t<div class=\"faq-item-answer-text\">\n    <p>Kreator formularzy Elfsight jest zintegrowany z najpot\u0119\u017cniejsz\u0105 us\u0142ug\u0105 bezpiecze\u0144stwa reCAPTCHA. Ma za zadanie chroni\u0107 Tw\u00f3j formularz i skrzynk\u0119 pocztow\u0105 przed spamem i botami oraz zagwarantowa\u0107 p\u0142ynn\u0105 prac\u0119 i tylko istotne dane. <\/p>\n    <\/div>\r\n\t\t\t\t\t<\/div>\r\n\t\t\t\t<\/div>\n\n    <div class=\"faq-item\">\r\n\t\t\t\t\t<div class=\"faq-item-question\">\r\n\t\t\t\t\t\t<h3 class=\"faq-item-question-text\">Czy istniej\u0105 szablony obs\u0142uguj\u0105ce formularze logiki warunkowej \/ formularze z wieloma polami \/ e-maile?<\/h3>\r\n\r\n\t\t\t\t\t\t<div class=\"faq-item-question-icon\"><\/div>\r\n\t\t\t\t\t<\/div>\r\n\r\n\t\t\t\t\t<div class=\"faq-item-answer\">\r\n\t\t\t\t\t\t<div class=\"faq-item-answer-text\">\n    <p>Pewnie! Wszystko, co musisz zrobi\u0107, to zalogowa\u0107 si\u0119 do aplikacji Elfsight i wybra\u0107 odpowiedni szablon, a nast\u0119pnie rozpocz\u0105\u0107 tworzenie niestandardowego wid\u017cetu. <\/p>\n    <\/div>\r\n\t\t\t\t\t<\/div>\r\n\t\t\t\t<\/div>\n\n    <div class=\"faq-item\">\r\n\t\t\t\t\t<div class=\"faq-item-question\">\r\n\t\t\t\t\t\t<h3 class=\"faq-item-question-text\">W jaki spos\u00f3b zbudowa\u0107 formularz kontaktowy lub formularz opinii dla mojej witryny Elementor?<\/h3>\r\n\r\n\t\t\t\t\t\t<div class=\"faq-item-question-icon\"><\/div>\r\n\t\t\t\t\t<\/div>\r\n\r\n\t\t\t\t\t<div class=\"faq-item-answer\">\r\n\t\t\t\t\t\t<div class=\"faq-item-answer-text\">\n    <p>Aby utworzy\u0107 formularz kontaktu lub formularza opinii, musisz si\u0119 zalogowa\u0107 na stron\u0119 internetow\u0105 Elfsight Apps i dokonaj wszystkich niezb\u0119dnych zmian we wtyczce. Po zako\u0144czeniu zapisz zmiany i przejd\u017a do witryny. Proste. <\/p>\n    <\/div>\r\n\t\t\t\t\t<\/div>\r\n\t\t\t\t<\/div>\n\n    <div class=\"faq-item\">\r\n\t\t\t\t\t<div class=\"faq-item-question\">\r\n\t\t\t\t\t\t<h3 class=\"faq-item-question-text\">Jak mog\u0119 doda\u0107 formularz kontaktowy do mojej witryny Elementor bez umiej\u0119tno\u015bci kodowania?<\/h3>\r\n\r\n\t\t\t\t\t\t<div class=\"faq-item-question-icon\"><\/div>\r\n\t\t\t\t\t<\/div>\r\n\r\n\t\t\t\t\t<div class=\"faq-item-answer\">\r\n\t\t\t\t\t\t<div class=\"faq-item-answer-text\">\n    <p>Elfsight zapewnia rozwi\u0105zanie SaaS, kt\u00f3re pozwala utworzy\u0107 wid\u017cet formularza kontaktowego sam przekonaj si\u0119, jak \u0142atwy jest ten proces: Pracuj bezpo\u015brednio w edytorze online, aby utworzy\u0107 wid\u017cet formularza kontaktowego, kt\u00f3ry chcia\u0142by\u015b zobaczy\u0107 na swojej stronie internetowej Elementor. Wybierz jeden z gotowych szablon\u00f3w i dostosuj ustawienia Formularza Kontaktowego, dodaj swoj\u0105 tre\u015b\u0107, zmie\u0144 uk\u0142ad i kolorystyk\u0119 bez umiej\u0119tno\u015bci kodowania. Zapisz Formularz kontaktowy i skopiuj jego kod instalacyjny, kt\u00f3ry mo\u017cesz po prostu osadzi\u0107 na swojej stronie internetowej Elementor, bez konieczno\u015bci kupowania p\u0142atnego planu. Dzi\u0119ki naszemu intuitywnemu Edytorowi ka\u017cdy u\u017cytkownik Internetu mo\u017ce stworzy\u0107 wid\u017cet Formularza Kontaktowego online i \u0142atwo osadzi\u0107 go na swojej stronie internetowej Elementor. Aby uzyska\u0107 dost\u0119p do us\u0142ugi, nie trzeba p\u0142aci\u0107 ani wprowadza\u0107 danych uwierzytelniaj\u0105cych karty. Je\u015bli na kt\u00f3rymkolwiek etapie napotkasz jakiekolwiek problemy, skontaktuj si\u0119 z naszym zespo\u0142em pomocy technicznej.<\/p>\n    <\/div>\r\n\t\t\t\t\t<\/div>\r\n\t\t\t\t<\/div>\n\n    <div class=\"faq-item\">\r\n\t\t\t\t\t<div class=\"faq-item-question\">\r\n\t\t\t\t\t\t<h3 class=\"faq-item-question-text\"><\/h3>\r\n\r\n\t\t\t\t\t\t<div class=\"faq-item-question-icon\"><\/div>\r\n\t\t\t\t\t<\/div>\r\n\r\n\t\t\t\t\t<div class=\"faq-item-answer\">\r\n\t\t\t\t\t\t<div class=\"faq-item-answer-text\">\n    <p>Tak, istnieje szeroki wyb\u00f3r ponad 300 szablon\u00f3w, kt\u00f3re pozwalaj\u0105 zaoszcz\u0119dzi\u0107 czas na tworzeniu formularza od zera. Sprawd\u017a <a href=\"https:\/\/elfsight.com\/online-form-builder\/templates\/contact-forms\/\">szablony formularzy kontaktowych<\/a> na ka\u017cd\u0105 okazj\u0119 i znajd\u017a ten, kt\u00f3ry odpowiada Twoim oczekiwaniom.<\/p>\n    <\/div>\r\n\t\t\t\t\t<\/div>\r\n\t\t\t\t<\/div>\n<\/div>","protected":false},"excerpt":{"rendered":"Jak utworzy\u0107 formularz kontaktowy dla witryny Elementor Post\u0119puj zgodnie z instrukcjami Elfsight, aby osadzi\u0107 wtyczk\u0119 kontaktow\u0105 na swojej stronie internetowej. Nie b\u0119dziesz potrzebowa\u0107 kompetencji w tworzeniu stron internetowych, a \u015bredni czas instalacji to mniej ni\u017c 80 sekund. Stw\u00f3rz w\u0142asny wid\u017cet KontaktKorzystaj\u0105c z naszej bezp\u0142atnej wersji demonstracyjnej, skonfiguruj wtyczk\u0119 o niestandardowym&#8230;","protected":false},"author":9,"featured_media":0,"parent":2289,"menu_order":0,"comment_status":"closed","ping_status":"closed","template":"templates\/template-application-platform.php","meta":{"publish_to_discourse":"","publish_post_category":"","wpdc_auto_publish_overridden":"","wpdc_topic_tags":"","wpdc_pin_topic":"","wpdc_pin_until":"","discourse_post_id":"","discourse_permalink":"","wpdc_publishing_response":"","wpdc_publishing_error":"","footnotes":""},"class_list":["post-4680","page","type-page","status-publish","hentry"],"yoast_head":"<!-- This site is optimized with the Yoast SEO plugin v25.3.1 - https:\/\/yoast.com\/wordpress\/plugins\/seo\/ -->\n<title>Utw\u00f3rz i dodaj formularz kontaktowy na Elementorze za darmo!<\/title>\n<meta name=\"description\" content=\"Utw\u00f3rz dostosowany wid\u017cet Formularza kontaktowego, kt\u00f3ry b\u0119dzie wy\u015bwietlany w Elementorze na Twojej stronie internetowej. Darmowy konfigurator, wsparcie przy integracji i wi\u0119cej bonus\u00f3w!\" \/>\n<meta name=\"robots\" content=\"index, follow, max-snippet:-1, max-image-preview:large, max-video-preview:-1\" \/>\n<link rel=\"canonical\" href=\"https:\/\/elfsight.com\/pl\/contact-form-widget\/elementor\/\" \/>\n<meta property=\"og:locale\" content=\"pl_PL\" \/>\n<meta property=\"og:type\" content=\"article\" \/>\n<meta property=\"og:title\" content=\"Utw\u00f3rz i dodaj formularz kontaktowy na Elementorze za darmo!\" \/>\n<meta property=\"og:description\" content=\"Utw\u00f3rz dostosowany wid\u017cet Formularza kontaktowego, kt\u00f3ry b\u0119dzie wy\u015bwietlany w Elementorze na Twojej stronie internetowej. Darmowy konfigurator, wsparcie przy integracji i wi\u0119cej bonus\u00f3w!\" \/>\n<meta property=\"og:url\" content=\"https:\/\/elfsight.com\/pl\/contact-form-widget\/elementor\/\" \/>\n<meta property=\"og:site_name\" content=\"Elfsight PL\" \/>\n<meta property=\"article:modified_time\" content=\"2025-06-25T09:33:37+00:00\" \/>\n<meta name=\"twitter:card\" content=\"summary_large_image\" \/>\n<meta name=\"twitter:label1\" content=\"Szacowany czas czytania\" \/>\n\t<meta name=\"twitter:data1\" content=\"5 minut\" \/>\n<!-- \/ Yoast SEO plugin. -->","yoast_head_json":{"title":"Utw\u00f3rz i dodaj formularz kontaktowy na Elementorze za darmo!","description":"Utw\u00f3rz dostosowany wid\u017cet Formularza kontaktowego, kt\u00f3ry b\u0119dzie wy\u015bwietlany w Elementorze na Twojej stronie internetowej. Darmowy konfigurator, wsparcie przy integracji i wi\u0119cej bonus\u00f3w!","robots":{"index":"index","follow":"follow","max-snippet":"max-snippet:-1","max-image-preview":"max-image-preview:large","max-video-preview":"max-video-preview:-1"},"canonical":"https:\/\/elfsight.com\/pl\/contact-form-widget\/elementor\/","og_locale":"pl_PL","og_type":"article","og_title":"Utw\u00f3rz i dodaj formularz kontaktowy na Elementorze za darmo!","og_description":"Utw\u00f3rz dostosowany wid\u017cet Formularza kontaktowego, kt\u00f3ry b\u0119dzie wy\u015bwietlany w Elementorze na Twojej stronie internetowej. Darmowy konfigurator, wsparcie przy integracji i wi\u0119cej bonus\u00f3w!","og_url":"https:\/\/elfsight.com\/pl\/contact-form-widget\/elementor\/","og_site_name":"Elfsight PL","article_modified_time":"2025-06-25T09:33:37+00:00","twitter_card":"summary_large_image","twitter_misc":{"Szacowany czas czytania":"5 minut"},"schema":{"@context":"https:\/\/schema.org","@graph":[{"@type":"WebPage","@id":"https:\/\/elfsight.com\/pl\/contact-form-widget\/elementor\/","url":"https:\/\/elfsight.com\/pl\/contact-form-widget\/elementor\/","name":"Utw\u00f3rz i dodaj formularz kontaktowy na Elementorze za darmo!","isPartOf":{"@id":"https:\/\/elfsight.com\/pl\/#website"},"datePublished":"2024-05-03T06:32:47+00:00","dateModified":"2025-06-25T09:33:37+00:00","description":"Utw\u00f3rz dostosowany wid\u017cet Formularza kontaktowego, kt\u00f3ry b\u0119dzie wy\u015bwietlany w Elementorze na Twojej stronie internetowej. Darmowy konfigurator, wsparcie przy integracji i wi\u0119cej bonus\u00f3w!","breadcrumb":{"@id":"https:\/\/elfsight.com\/pl\/contact-form-widget\/elementor\/#breadcrumb"},"inLanguage":"pl-PL","potentialAction":[{"@type":"ReadAction","target":["https:\/\/elfsight.com\/pl\/contact-form-widget\/elementor\/"]}]},{"@type":"BreadcrumbList","@id":"https:\/\/elfsight.com\/pl\/contact-form-widget\/elementor\/#breadcrumb","itemListElement":[{"@type":"ListItem","position":1,"name":"Home","item":"https:\/\/elfsight.com\/pl\/"},{"@type":"ListItem","position":2,"name":"Contact Form","item":"https:\/\/elfsight.com\/pl\/contact-form-widget\/"},{"@type":"ListItem","position":3,"name":"Contact Form &#8211; Elementor"}]},{"@type":"WebSite","@id":"https:\/\/elfsight.com\/pl\/#website","url":"https:\/\/elfsight.com\/pl\/","name":"Elfsight PL","description":"Just another Elfsight Sites site","potentialAction":[{"@type":"SearchAction","target":{"@type":"EntryPoint","urlTemplate":"https:\/\/elfsight.com\/pl\/?s={search_term_string}"},"query-input":{"@type":"PropertyValueSpecification","valueRequired":true,"valueName":"search_term_string"}}],"inLanguage":"pl-PL"}]}},"meta_box":{"industry":"","seo_heading":"","heading":"","description":"","cta_heading":"","cta_description":"","application":"2288","h1":"Widget Formularz kontaktowy Elementora","h1_caption":"Z \u0142atwo\u015bci\u0105 tw\u00f3rz i osadzaj formularze kontaktowe na swojej stronie internetowej, aby bez wysi\u0142ku zach\u0119ca\u0107 u\u017cytkownik\u00f3w do interakcji i wysy\u0142ania zapyta\u0144 do Twojej witryny Elementor.","application_category":[],"applications_title":"","applications_request_title":"","applications_request_button_text":"","hero_text":"","hero_video":"","hero_video_schema_markup":"","selling_points_title":"","selling_points_caption":"","selling_points":[],"selling_points_cta_text":"","features_title":"","features":"","ed_cta_examples_text":"","ed_cta_examples_hidden":"","ed_cta_demo_text":"","ed_cta_demo_hidden":"","why_caption":"","why_editor_title":"","why_editor_text":"","why_team_title":"","why_team_text":"","why_service_title":"","why_service_text":"","template_catalog_visible":"0","template_catalog_title":"","template_catalog_text":"","template_catalog_categories_visible":"","demo_title":"Utw\u00f3rz wid\u017cet formularza kontaktowego","demo_caption":"Skonfiguruj sw\u00f3j Formularz kontaktowy i dodaj go do swojej witryny Elementor za darmo!","default_faq_hidden":"","app_template_category":[],"platform":"268","template_public_id":"","codecanyon_url":"","codecanyon_item_id":"","codecanyon_price":"","pricing_caption":"","pricing_elfsight_apps_hide_column":"","pricing_elfsight_apps_url":"","pricing_codecanyon_price_caption":"","integration_category":[],"integration_request_title":"","integration_request_cta":"","integration_platform":"","integrations":[],"platform_category":[],"video_schema_markup":"","price":"od 0 USD \/ miesi\u0105c","trial":"","benefits":[{"text":"Bezp\u0142atna pomoc w instalacji"},{"text":"Wyj\u0105tkowe wsparcie"},{"text":"14-dniowa gwarancja zwrotu pieni\u0119dzy"}],"button_url":"#demo","button_target_blank":"0","button_nofollow":"0","attributes":[{"name":"Instaluje"},{"name":"Czu\u0142y"},{"name":"Kompatybilne przegl\u0105darki"}],"tags":[],"tags_disable_links":"0","hide_more_platforms":"0","video_object":"","demo_hide_cta":"0","demo_hide_cloud_options":"0","pricing_title":"","pricing":[{"pricing_icon":"platform","pricing_title":"Elfsight Apps","pricing_title_caption":"Rozwi\u0105zanie wieloplatformowe","pricing_price":"od 0 USD \/ miesi\u0105c","pricing_price_caption":"zacznij od bezp\u0142atnego planu","pricing_benefits":[{"text":"Nielimitowane strony internetowe"},{"text":"Dedykowane wsparcie firmy"},{"text":"Bezp\u0142atna us\u0142uga monta\u017cu"},{"text":"\u015awietna oferta na wiele aplikacji"}],"pricing_button_text":"Dodaj do witryny","pricing_button_url":"#demo"}],"related_apps_title":"","related_apps_hidden":"0","author":"","image":[],"title":"","job":"","social_networks":[]},"_links":{"self":[{"href":"https:\/\/elfsight.com\/pl\/wp-json\/wp\/v2\/pages\/4680","targetHints":{"allow":["GET"]}}],"collection":[{"href":"https:\/\/elfsight.com\/pl\/wp-json\/wp\/v2\/pages"}],"about":[{"href":"https:\/\/elfsight.com\/pl\/wp-json\/wp\/v2\/types\/page"}],"author":[{"embeddable":true,"href":"https:\/\/elfsight.com\/pl\/wp-json\/wp\/v2\/users\/9"}],"replies":[{"embeddable":true,"href":"https:\/\/elfsight.com\/pl\/wp-json\/wp\/v2\/comments?post=4680"}],"version-history":[{"count":3,"href":"https:\/\/elfsight.com\/pl\/wp-json\/wp\/v2\/pages\/4680\/revisions"}],"predecessor-version":[{"id":10481,"href":"https:\/\/elfsight.com\/pl\/wp-json\/wp\/v2\/pages\/4680\/revisions\/10481"}],"up":[{"embeddable":true,"href":"https:\/\/elfsight.com\/pl\/wp-json\/wp\/v2\/pages\/2289"}],"wp:attachment":[{"href":"https:\/\/elfsight.com\/pl\/wp-json\/wp\/v2\/media?parent=4680"}],"curies":[{"name":"wp","href":"https:\/\/api.w.org\/{rel}","templated":true}]}}