{"id":4679,"date":"2024-05-03T06:32:46","date_gmt":"2024-05-03T06:32:46","guid":{"rendered":"https:\/\/elfsight.com\/pl\/?page_id=4679"},"modified":"2024-11-14T09:32:10","modified_gmt":"2024-11-14T09:32:10","slug":"iframe","status":"publish","type":"page","link":"https:\/\/elfsight.com\/pl\/contact-form-widget\/iframe\/","title":{"rendered":"Contact Form &#8211; iFrame"},"content":{"rendered":"<div class=\"application-platform-content-item-description application-platform-content-item\" id=\"description\" data-nav-section=\"description\"><h2>Formularz kontaktowy dla iFrame<\/h2><p>Wtyczka Elfsight IFrame Contact Us Form spe\u0142nia wszelkie kluczowe wymagania w zakresie uzyskiwania wy\u015bwietle\u0144 i zam\u00f3wie\u0144 od klient\u00f3w Twoja strona. Umie\u015b\u0107 dodatkowe elementy do wype\u0142nienia, zdefiniuj wymagany uk\u0142ad i dostosuj wygl\u0105d, aby jeszcze bardziej zainspirowa\u0107 klient\u00f3w do przes\u0142ania recenzji o Twojej firmie.<\/p> <p><b>Otrzymuj referencje, pro\u015bby, oceny i odpowiadaj na pytania pytania klient\u00f3w Twojej witryny!<\/b><\/p> <p><b>Zwi\u0119ksz liczb\u0119 potencjalnych klient\u00f3w<\/b><br> Zapewnij sta\u0142\u0105 interakcj\u0119 z potencjalnymi klientami 24 godziny na dob\u0119, 7 dni w tygodniu, poprzez skuteczny formularz na Twojej stronie i przyci\u0105gnij wi\u0119cej odwiedzaj\u0105cych do klient\u00f3w.<\/p><p><b>Zdob\u0105d\u017a wi\u0119cej opinii na temat towar\u00f3w lub us\u0142ug<\/b><br> Informacje zwrotne od Twoich klient\u00f3w s\u0105 cenne dla rozwoju firmy. Dzi\u0119ki naszemu prostemu formularzowi kontaktowemu zobaczysz wi\u0119cej opinii od u\u017cytkownik\u00f3w Twojej witryny!<\/p><p><b>Rozwijaj interakcj\u0119 z klientem<\/b><br> U\u017cywaj\u0105c prostych szablon\u00f3w, dostosowywalnego projektu i spersonalizowanych \u201eDzi\u0119kujemy\u201d powiadomie\u0144, pokazujesz swoim klientom ich warto\u015b\u0107 dla Twojej firmy.<\/p><\/div><div class=\"application-platform-content-item-features application-platform-content-item\" id=\"features\" data-nav-section=\"features\"><h2>Wtyczka formularza kontaktowego<\/h2><p>Co sprawia, \u017ce \u200b\u200bnasz formularz kontaktowy jest jednym z najlepszych wtyczki do zbierania wra\u017ce\u0144 klient\u00f3w i uzyskiwania zapyta\u0144 na temat IFrame? Poznaj nasze kluczowe cechy:<\/p><ul><li>6 predefiniowanych szablon\u00f3w zaprojektowanych dla najpopularniejszych zastosowa\u0144;<\/li><li>Dodawanie dowolnej liczby p\u00f3l do formularza;<\/li><li>Utw\u00f3rz formularze jednoetapowe lub wieloetapowe;<\/li><li>19 typ\u00f3w element\u00f3w dost\u0119pnych do wprowadzenia;<\/li><li>Mo\u017cliwo\u015b\u0107 roz\u0142o\u017cenia p\u00f3l na kilka kolumn.;<\/li><\/ul><p><a href=\"#demo\">Wypr\u00f3buj ca\u0142\u0105 list\u0119 funkcji w naszej wersji demonstracyjnej<\/a><\/p><\/div><div class=\"application-platform-content-item-installation application-platform-content-item\" id=\"installation\" data-nav-section=\"installation\"><h2>Jak doda\u0107 wtyczk\u0119 Formularz kontaktowy do iFrame <\/h2><p>Skorzystaj z naszego samouczka, aby zintegrowa\u0107 wtyczk\u0119 kontaktow\u0105 ze swoj\u0105 witryn\u0105. Nie b\u0119dziesz potrzebowa\u0107 wiedzy na temat programowania, a ca\u0142kowity czas konfiguracji nie zajmie wi\u0119cej ni\u017c oko\u0142o 70 sekund.<\/p><ol><li><b>Utw\u00f3rz spersonalizowan\u0105 wtyczk\u0119 Kontakt<\/b><br> Korzystaj\u0105c z naszego bezp\u0142atnego edytora, utw\u00f3rz wtyczk\u0119 z preferowanym uk\u0142adem i cechami funkcjonalnymi. <\/li><li><b>Zdob\u0105d\u017a osobisty kod, aby osadzi\u0107 wtyczk\u0119<\/b><br> Po utworzeniu wtyczki otrzymasz kod instalacyjny z wyskakuj\u0105cego powiadomienia w aplikacji Elfsight. Skopiuj kod. <\/li> <li><b>Zintegruj wtyczk\u0119 ze swoj\u0105 witryn\u0105 iFrame<\/b><br> Wybierz obszar, do kt\u00f3rego planujesz doda\u0107 wtyczk\u0119 i tam dodaj skopiowany kod. Opublikuj zmiany. <\/li> <li><b>Gotowe! <\/b><br> Przejd\u017a na stron\u0119 i sprawd\u017a sw\u00f3j formularz.<\/li> <\/ol><p>Masz trudno\u015bci z osadzeniem lub dostosowaniem wtyczki? Zalecane jest przeczytanie pe\u0142nego poradnika \u00abJak wy\u015bwietli\u0107 formularz kontaktowy na stronie internetowej IFrame\u00bb &#8211; pomo\u017ce to w tym procesie. Lub skontaktuj si\u0119 z centrum pomocy Elfsight, aby uzyska\u0107 pe\u0142ne wyja\u015bnienie swojego problemu.<\/p><div class=\"faq\" data-component=\"FAQ\"> <div class=\"faq-item\">\r\n\t\t\t\t\t<div class=\"faq-item-question\">\r\n\t\t\t\t\t\t<h3 class=\"faq-item-question-text\">Jak doda\u0107 formularz kontaktowy do mojej witryny iFrame bez umiej\u0119tno\u015bci kodowania?<\/h3>\r\n\r\n\t\t\t\t\t\t<div class=\"faq-item-question-icon\"><\/div>\r\n\t\t\t\t\t<\/div>\r\n\r\n\t\t\t\t\t<div class=\"faq-item-answer\">\r\n\t\t\t\t\t\t<div class=\"faq-item-answer-text\"> <p>Elfsight zapewnia rozwi\u0105zanie SaaS, kt\u00f3re pozwala utw\u00f3rz samodzielnie wid\u017cet Formularza kontaktowego, przekonaj si\u0119, jak \u0142atwy jest ten proces: Pracuj bezpo\u015brednio w edytorze online, aby utworzy\u0107 wid\u017cet Formularza kontaktowego, kt\u00f3ry chcesz widzie\u0107 na swojej stronie iFrame. Wybierz jeden z gotowych szablon\u00f3w i dostosuj ustawienia Formularza Kontaktowego, dodaj swoj\u0105 tre\u015b\u0107, zmie\u0144 uk\u0142ad i kolor element\u00f3w bez umiej\u0119tno\u015bci kodowania. Zapisz Formularz kontaktowy i skopiuj jego kod instalacyjny, kt\u00f3ry mo\u017cesz \u0142atwo umie\u015bci\u0107 na swojej stronie iFrame bez konieczno\u015bci zakupu p\u0142atnego planu. Dzi\u0119ki naszemu intuicyjnemu Edytorowi ka\u017cdy u\u017cytkownik Internetu mo\u017ce stworzy\u0107 wid\u017cet Formularza Kontaktowego online i \u0142atwo osadzi\u0107 go na swojej stronie iFrame. Aby uzyska\u0107 dost\u0119p do us\u0142ugi, nie trzeba p\u0142aci\u0107 ani wprowadza\u0107 danych uwierzytelniaj\u0105cych karty. Je\u015bli na kt\u00f3rymkolwiek etapie napotkasz jakiekolwiek problemy, skontaktuj si\u0119 z naszym zespo\u0142em pomocy technicznej.<\/p> <\/div>\r\n\t\t\t\t\t<\/div>\r\n\t\t\t\t<\/div> <div class=\"faq-item\">\r\n\t\t\t\t\t<div class=\"faq-item-question\">\r\n\t\t\t\t\t\t<h3 class=\"faq-item-question-text\">Czy masz jakie\u015b gotowe do u\u017cycia szablony formularzy kontaktowych dla witryny iFrame?<\/h3>\r\n\r\n\t\t\t\t\t\t<div class=\"faq-item-question-icon\"><\/div>\r\n\t\t\t\t\t<\/div>\r\n\r\n\t\t\t\t\t<div class=\"faq-item-answer\">\r\n\t\t\t\t\t\t<div class=\"faq-item-answer-text\"><p>Tak, istnieje szeroki wyb\u00f3r ponad 300 szablon\u00f3w, kt\u00f3re pozwalaj\u0105 zaoszcz\u0119dzi\u0107 czas na tworzeniu formularza od zera. Sprawd\u017a <a href=\"https:\/\/elfsight.com\/online-form-builder\/templates\/contact-forms\/\">szablony formularzy kontaktowych<\/a> na ka\u017cd\u0105 okazj\u0119 i znajd\u017a ten, kt\u00f3ry odpowiada Twoim oczekiwaniom.<\/p><\/div>\r\n\t\t\t\t\t<\/div>\r\n\t\t\t\t<\/div><\/div> <\/div>","protected":false},"excerpt":{"rendered":"","protected":false},"author":9,"featured_media":0,"parent":2289,"menu_order":0,"comment_status":"closed","ping_status":"closed","template":"templates\/template-application-platform.php","meta":{"publish_to_discourse":"","publish_post_category":"","wpdc_auto_publish_overridden":"","wpdc_topic_tags":"","wpdc_pin_topic":"","wpdc_pin_until":"","discourse_post_id":"","discourse_permalink":"","wpdc_publishing_response":"","wpdc_publishing_error":"","footnotes":""},"class_list":["post-4679","page","type-page","status-publish","hentry"],"yoast_head":"<!-- This site is optimized with the Yoast SEO plugin v25.3.1 - https:\/\/yoast.com\/wordpress\/plugins\/seo\/ -->\n<title>Utw\u00f3rz i dodaj formularz kontaktowy na iFrame za darmo!<\/title>\n<meta name=\"description\" content=\"Pobierz wtyczk\u0119 formularza kontaktowego do wy\u015bwietlania iFrame na swojej stronie w zaledwie 1 minut\u0119. Darmowe demo, wsparcie przy ustawieniach i wiele innych dodatk\u00f3w od Elfsight!\" \/>\n<meta name=\"robots\" content=\"index, follow, max-snippet:-1, max-image-preview:large, max-video-preview:-1\" \/>\n<link rel=\"canonical\" href=\"https:\/\/elfsight.com\/pl\/contact-form-widget\/iframe\/\" \/>\n<meta property=\"og:locale\" content=\"pl_PL\" \/>\n<meta property=\"og:type\" content=\"article\" \/>\n<meta property=\"og:title\" content=\"Utw\u00f3rz i dodaj formularz kontaktowy na iFrame za darmo!\" \/>\n<meta property=\"og:description\" content=\"Pobierz wtyczk\u0119 formularza kontaktowego do wy\u015bwietlania iFrame na swojej stronie w zaledwie 1 minut\u0119. Darmowe demo, wsparcie przy ustawieniach i wiele innych dodatk\u00f3w od Elfsight!\" \/>\n<meta property=\"og:url\" content=\"https:\/\/elfsight.com\/pl\/contact-form-widget\/iframe\/\" \/>\n<meta property=\"og:site_name\" content=\"Elfsight PL\" \/>\n<meta property=\"article:modified_time\" content=\"2024-11-14T09:32:10+00:00\" \/>\n<meta name=\"twitter:card\" content=\"summary_large_image\" \/>\n<meta name=\"twitter:label1\" content=\"Szacowany czas czytania\" \/>\n\t<meta name=\"twitter:data1\" content=\"3 minuty\" \/>\n<!-- \/ Yoast SEO plugin. -->","yoast_head_json":{"title":"Utw\u00f3rz i dodaj formularz kontaktowy na iFrame za darmo!","description":"Pobierz wtyczk\u0119 formularza kontaktowego do wy\u015bwietlania iFrame na swojej stronie w zaledwie 1 minut\u0119. Darmowe demo, wsparcie przy ustawieniach i wiele innych dodatk\u00f3w od Elfsight!","robots":{"index":"index","follow":"follow","max-snippet":"max-snippet:-1","max-image-preview":"max-image-preview:large","max-video-preview":"max-video-preview:-1"},"canonical":"https:\/\/elfsight.com\/pl\/contact-form-widget\/iframe\/","og_locale":"pl_PL","og_type":"article","og_title":"Utw\u00f3rz i dodaj formularz kontaktowy na iFrame za darmo!","og_description":"Pobierz wtyczk\u0119 formularza kontaktowego do wy\u015bwietlania iFrame na swojej stronie w zaledwie 1 minut\u0119. Darmowe demo, wsparcie przy ustawieniach i wiele innych dodatk\u00f3w od Elfsight!","og_url":"https:\/\/elfsight.com\/pl\/contact-form-widget\/iframe\/","og_site_name":"Elfsight PL","article_modified_time":"2024-11-14T09:32:10+00:00","twitter_card":"summary_large_image","twitter_misc":{"Szacowany czas czytania":"3 minuty"},"schema":{"@context":"https:\/\/schema.org","@graph":[{"@type":"WebPage","@id":"https:\/\/elfsight.com\/pl\/contact-form-widget\/iframe\/","url":"https:\/\/elfsight.com\/pl\/contact-form-widget\/iframe\/","name":"Utw\u00f3rz i dodaj formularz kontaktowy na iFrame za darmo!","isPartOf":{"@id":"https:\/\/elfsight.com\/pl\/#website"},"datePublished":"2024-05-03T06:32:46+00:00","dateModified":"2024-11-14T09:32:10+00:00","description":"Pobierz wtyczk\u0119 formularza kontaktowego do wy\u015bwietlania iFrame na swojej stronie w zaledwie 1 minut\u0119. Darmowe demo, wsparcie przy ustawieniach i wiele innych dodatk\u00f3w od Elfsight!","breadcrumb":{"@id":"https:\/\/elfsight.com\/pl\/contact-form-widget\/iframe\/#breadcrumb"},"inLanguage":"pl-PL","potentialAction":[{"@type":"ReadAction","target":["https:\/\/elfsight.com\/pl\/contact-form-widget\/iframe\/"]}]},{"@type":"BreadcrumbList","@id":"https:\/\/elfsight.com\/pl\/contact-form-widget\/iframe\/#breadcrumb","itemListElement":[{"@type":"ListItem","position":1,"name":"Home","item":"https:\/\/elfsight.com\/pl\/"},{"@type":"ListItem","position":2,"name":"Contact Form","item":"https:\/\/elfsight.com\/pl\/contact-form-widget\/"},{"@type":"ListItem","position":3,"name":"Contact Form &#8211; iFrame"}]},{"@type":"WebSite","@id":"https:\/\/elfsight.com\/pl\/#website","url":"https:\/\/elfsight.com\/pl\/","name":"Elfsight PL","description":"Just another Elfsight Sites site","potentialAction":[{"@type":"SearchAction","target":{"@type":"EntryPoint","urlTemplate":"https:\/\/elfsight.com\/pl\/?s={search_term_string}"},"query-input":{"@type":"PropertyValueSpecification","valueRequired":true,"valueName":"search_term_string"}}],"inLanguage":"pl-PL"}]}},"meta_box":{"industry":"","seo_heading":"","heading":"","description":"","cta_heading":"","cta_description":"","application":"2288","h1":"Wtyczka formularza kontaktowego iFrame","h1_caption":"Z \u0142atwo\u015bci\u0105 tw\u00f3rz i osadzaj formularze kontaktowe w swojej witrynie, aby bez wysi\u0142ku zach\u0119ca\u0107 u\u017cytkownik\u00f3w do interakcji i wysy\u0142ania zapyta\u0144 do witryny iFrame.","application_category":[],"applications_title":"","applications_request_title":"","applications_request_button_text":"","hero_text":"","hero_video":"","hero_video_schema_markup":"","selling_points_title":"","selling_points_caption":"","selling_points":[],"selling_points_cta_text":"","features_title":"","features":"","ed_cta_examples_text":"","ed_cta_examples_hidden":"","ed_cta_demo_text":"","ed_cta_demo_hidden":"","why_caption":"","why_editor_title":"","why_editor_text":"","why_team_title":"","why_team_text":"","why_service_title":"","why_service_text":"","template_catalog_visible":"","template_catalog_title":"","template_catalog_text":"","template_catalog_categories_visible":"","demo_title":"Utw\u00f3rz wid\u017cet formularza kontaktowego","demo_caption":"Skonfiguruj sw\u00f3j formularz kontaktowy i dodaj go do swojej witryny iFrame za darmo!","default_faq_hidden":"","app_template_category":[],"platform":"187","template_public_id":"","codecanyon_url":"","codecanyon_item_id":"","codecanyon_price":"","pricing_caption":"","pricing_elfsight_apps_hide_column":"","pricing_elfsight_apps_url":"","pricing_codecanyon_price_caption":"","integration_category":[],"integration_request_title":"","integration_request_cta":"","integration_platform":"","integrations":[],"platform_category":[],"video_schema_markup":"","price":"od 0 USD \/ miesi\u0105c","trial":"","benefits":[{"text":"Bezp\u0142atna pomoc w instalacji"},{"text":"Do\u015bwiadczona obs\u0142uga klienta"},{"text":"14-dniowa gwarancja zwrotu pieni\u0119dzy"}],"button_url":"#demo","button_target_blank":"","button_nofollow":"","attributes":[{"name":"Instaluje"},{"name":"Czu\u0142y"},{"name":"Kompatybilne przegl\u0105darki"}],"tags":[],"tags_disable_links":"","hide_more_platforms":"","video_object":"","demo_hide_cta":"","demo_hide_cloud_options":"","pricing_title":"","pricing":[{"pricing_icon":"platform","pricing_title":"Elfsight Apps","pricing_title_caption":"Oprogramowanie wieloplatformowe, kt\u00f3re pasuje do ka\u017cdej witryny internetowej","pricing_price":"od 0 USD \/ miesi\u0105c","pricing_price_caption":"zacznij od bezp\u0142atnego planu","pricing_benefits":[{"text":"Nielimitowane strony internetowe"},{"text":"Dedykowana obs\u0142uga klienta"},{"text":"Bezp\u0142atna us\u0142uga monta\u017cu"},{"text":"Oferta specjalna na wiele aplikacji"}],"pricing_button_text":"Dodaj do witryny","pricing_button_url":"#demo"}],"related_apps_title":"","related_apps_hidden":"","author":"","image":[],"title":"","job":"","social_networks":[]},"_links":{"self":[{"href":"https:\/\/elfsight.com\/pl\/wp-json\/wp\/v2\/pages\/4679","targetHints":{"allow":["GET"]}}],"collection":[{"href":"https:\/\/elfsight.com\/pl\/wp-json\/wp\/v2\/pages"}],"about":[{"href":"https:\/\/elfsight.com\/pl\/wp-json\/wp\/v2\/types\/page"}],"author":[{"embeddable":true,"href":"https:\/\/elfsight.com\/pl\/wp-json\/wp\/v2\/users\/9"}],"replies":[{"embeddable":true,"href":"https:\/\/elfsight.com\/pl\/wp-json\/wp\/v2\/comments?post=4679"}],"version-history":[{"count":1,"href":"https:\/\/elfsight.com\/pl\/wp-json\/wp\/v2\/pages\/4679\/revisions"}],"predecessor-version":[{"id":4683,"href":"https:\/\/elfsight.com\/pl\/wp-json\/wp\/v2\/pages\/4679\/revisions\/4683"}],"up":[{"embeddable":true,"href":"https:\/\/elfsight.com\/pl\/wp-json\/wp\/v2\/pages\/2289"}],"wp:attachment":[{"href":"https:\/\/elfsight.com\/pl\/wp-json\/wp\/v2\/media?parent=4679"}],"curies":[{"name":"wp","href":"https:\/\/api.w.org\/{rel}","templated":true}]}}