{"id":4678,"date":"2024-05-03T06:32:45","date_gmt":"2024-05-03T06:32:45","guid":{"rendered":"https:\/\/elfsight.com\/pl\/?page_id=4678"},"modified":"2024-11-14T09:27:08","modified_gmt":"2024-11-14T09:27:08","slug":"facebook","status":"publish","type":"page","link":"https:\/\/elfsight.com\/pl\/contact-form-widget\/facebook\/","title":{"rendered":"Contact Form &#8211; Facebook Page"},"content":{"rendered":"<div class=\"application-platform-content-item-description application-platform-content-item\" id=\"description\" data-nav-section=\"description\"><h2>Formularz kontaktowy dla strony na Facebooku<\/h2><p>Zak\u0142adka kontaktowa Elfsight na Facebooku to pot\u0119\u017cne narz\u0119dzie, kt\u00f3re pomo\u017ce Ci spe\u0142ni\u0107 wszystkie Twoje kluczowe wymagania dotycz\u0105ce pozyskiwania wy\u015bwietle\u0144 i zam\u00f3wie\u0144 od klient\u00f3w Twojej strony. Niezale\u017cnie od tego, czy zastanawiasz si\u0119, jak utworzy\u0107 formularz na swojej stronie na Facebooku, czy po prostu szukasz sposobu na dodanie formularza do swojej strony na Facebooku, nasza zak\u0142adka pomo\u017ce Ci osadzi\u0107 dodatkowe elementy do wype\u0142nienia formularza, zdefiniowa\u0107 wymagany uk\u0142ad, i dostosuj wygl\u0105d, aby jeszcze bardziej zainspirowa\u0107 klient\u00f3w do przes\u0142ania opinii o Twoich us\u0142ugach lub firmie.<\/p><\/div><div class=\"application-platform-content-item-features application-platform-content-item\" id=\"features\" data-nav-section=\"features\"><h2>Wtyczka formularza kontaktowego<\/h2><p>Co sprawia, \u017ce \u200b\u200bnasz formularz kontaktowy jest najlepsz\u0105 wtyczk\u0105 do zbierania wra\u017ce\u0144 klient\u00f3w i pozyskiwania zapyta\u0144 na Facebooku? Poznaj nasze kluczowe cechy:<\/p><ul><li>Roz\u0142\u00f3\u017c pola w kilku kolumnach;<\/li><li>Niewidoczna obs\u0142uga reCAPTCHA;<\/li><li>Obs\u0142uga wielu adres\u00f3w e-mail;<\/li><li>10 osadzonych ikon p\u0142ywaj\u0105cego przycisku;<\/li><li>Formatowanie tekstu nag\u0142\u00f3wka: kr\u00f3j pisma, wyr\u00f3wnanie, lista, dost\u0119pne linki.<\/li><\/ul><p><a href=\"#demo\">Wypr\u00f3buj ca\u0142a lista funkcji w naszej wersji demonstracyjnej<\/a><\/p><\/div><div class=\"application-platform-content-item-installation application-platform-content-item\" id=\"installation\" data-nav-section=\"installation\"><h2>Jak utworzy\u0107 kart\u0119 Formularz kontaktowy dla strony firmowej na Facebooku<\/h2><p>Post\u0119puj zgodnie z naszym tutorialem , aby zintegrowa\u0107 wid\u017cet kontaktowy ze swoj\u0105 stron\u0105. Ca\u0142kowity czas instalacji nie zajmie wi\u0119cej ni\u017c oko\u0142o 70 sekund.<\/p><ul><li><b>Utw\u00f3rz w\u0142asny wid\u017cet Kontakt<\/b><br>Korzystaj\u0105c z naszego bezp\u0142atnego edytora, utw\u00f3rz wtyczk\u0119 o preferowanym uk\u0142adzie i funkcjonalno\u015b\u0107. <\/li><li><b>Zdob\u0105d\u017a kod osobisty, aby doda\u0107 formularz<\/b><br>Po utworzeniu wid\u017cetu otrzymasz kod instalacyjny z powiadomienia, kt\u00f3re pojawi si\u0119 w aplikacji Elfsight. Skopiuj ten kod do dalszego wykorzystania. <\/li><li><b>Dodaj zak\u0142adk\u0119 formularza do strony na Facebooku<\/b><br> Stw\u00f3rz w\u0142asn\u0105 zak\u0142adk\u0119 na Facebooku. Wpisz w zak\u0142adce kod otrzymany w aplikacji elfsight. Je\u015bli masz jakiekolwiek problemy, po prostu zapoznaj si\u0119 z naszym przewodnikiem na stronie <a href=\"https:\/\/elfsight.com\/blog\/how-to-add-custom-tab-to-facebook-page\/\" target=\"_blank\" rel=\"noopener noreferrer\">tworzenie niestandardowej karty Facebook<\/a><\/li><li><b>Gotowe!<\/b><br>Przejd\u017a na stron\u0119, aby sprawdzi\u0107 sw\u00f3j wid\u017cet.<\/li><\/ul> <p>Napotka\u0142e\u015b jakie\u015b trudno\u015bci podczas instalacji wtyczki? Zalecamy przeczytanie pe\u0142nego przewodnika \u00abJak wy\u015bwietli\u0107 formularz kontaktowy na stronie na Facebooku\u00bb i spr\u00f3bowa\u0107 samodzielnie go osadzi\u0107 ponownie lub skontaktowa\u0107 si\u0119 z centrum pomocy Elfsight w celu uzyskania pomocy.<\/p><\/div><div class=\"faq\" data-component=\"FAQ\"><div class=\"faq-item\">\r\n\t\t\t\t\t<div class=\"faq-item-question\">\r\n\t\t\t\t\t\t<h3 class=\"faq-item-question-text\">Jak zachowa\u0107 dane z formularzy u\u017cytkownik\u00f3w strony na Facebooku na moich stronach?<\/h3>\r\n\r\n\t\t\t\t\t\t<div class=\"faq-item-question-icon\"><\/div>\r\n\t\t\t\t\t<\/div>\r\n\r\n\t\t\t\t\t<div class=\"faq-item-answer\">\r\n\t\t\t\t\t\t<div class=\"faq-item-answer-text\"><p>Nasz Kreator formularzy zosta\u0142 dodany z jedn\u0105 z najskuteczniejszych us\u0142ug reCAPTCHA. Zosta\u0142 zintegrowany, aby chroni\u0107 Twoje formularze i skrzynk\u0119 pocztow\u0105 przed spamem i botami oraz zagwarantowa\u0107 bezproblemow\u0105 prac\u0119 i tylko zyskowne dane. <\/p><\/div>\r\n\t\t\t\t\t<\/div>\r\n\t\t\t\t<\/div><div class=\"faq-item\">\r\n\t\t\t\t\t<div class=\"faq-item-question\">\r\n\t\t\t\t\t\t<h3 class=\"faq-item-question-text\">Czy masz jakie\u015b szablony obs\u0142uguj\u0105ce formularze logiki warunkowej \/ formularze z wieloma polami \/ formularze e-mailowe?<\/h3>\r\n\r\n\t\t\t\t\t\t<div class=\"faq-item-question-icon\"><\/div>\r\n\t\t\t\t\t<\/div>\r\n\r\n\t\t\t\t\t<div class=\"faq-item-answer\">\r\n\t\t\t\t\t\t<div class=\"faq-item-answer-text\"><p>Jasne! Wszystko, co musisz zrobi\u0107, to zalogowa\u0107 si\u0119 do aplikacji Elfsight i wybra\u0107 odpowiedni szablon, a nast\u0119pnie rozpocz\u0105\u0107 projektowanie w\u0142asnego narz\u0119dzia. <\/p><\/div>\r\n\t\t\t\t\t<\/div>\r\n\t\t\t\t<\/div><div class=\"faq-item\">\r\n\t\t\t\t\t<div class=\"faq-item-question\">\r\n\t\t\t\t\t\t<h3 class=\"faq-item-question-text\">W jaki spos\u00f3b mog\u0119 osadzi\u0107 formularz kontaktu \/ opinii w witrynie mojej strony na Facebooku?<\/h3>\r\n\r\n\t\t\t\t\t\t<div class=\"faq-item-question-icon\"><\/div>\r\n\t\t\t\t\t<\/div>\r\n\r\n\t\t\t\t\t<div class=\"faq-item-answer\">\r\n\t\t\t\t\t\t<div class=\"faq-item-answer-text\"><p>Aby utworzy\u0107 formularz kontaktu \/ opinii, musisz si\u0119 zalogowa\u0107 na stronie internetowej Elfsight Apps i dokonaj wszystkich niezb\u0119dnych zmian w wid\u017cecie. Po zako\u0144czeniu zapisz zmiany i przejd\u017a do witryny. Jeste\u015b sko\u0144czony. <\/p><\/div>\r\n\t\t\t\t\t<\/div>\r\n\t\t\t\t<\/div><div class=\"faq-item\">\r\n\t\t\t\t\t<div class=\"faq-item-question\">\r\n\t\t\t\t\t\t<h3 class=\"faq-item-question-text\">Czy istniej\u0105 szablony formularzy kontaktowych dla witryny strony na Facebooku?<\/h3>\r\n\r\n\t\t\t\t\t\t<div class=\"faq-item-question-icon\"><\/div>\r\n\t\t\t\t\t<\/div>\r\n\r\n\t\t\t\t\t<div class=\"faq-item-answer\">\r\n\t\t\t\t\t\t<div class=\"faq-item-answer-text\"><p>Tak, s\u0105! Zesp\u00f3\u0142 Elfsight stworzy\u0142 wspania\u0142\u0105 kolekcj\u0119 ponad 300 gotowych do u\u017cycia szablon\u00f3w. I na pewno nie rozczarujesz si\u0119 <a href=\"https:\/\/elfsight.com\/online-form-builder\/templates\/contact-forms\/\">szablonami formularzy kontaktowych<\/a>.<\/p> <\/div>\r\n\t\t\t\t\t<\/div>\r\n\t\t\t\t<\/div><\/div>","protected":false},"excerpt":{"rendered":"","protected":false},"author":9,"featured_media":0,"parent":2289,"menu_order":0,"comment_status":"closed","ping_status":"closed","template":"templates\/template-application-platform.php","meta":{"publish_to_discourse":"","publish_post_category":"","wpdc_auto_publish_overridden":"","wpdc_topic_tags":"","wpdc_pin_topic":"","wpdc_pin_until":"","discourse_post_id":"","discourse_permalink":"","wpdc_publishing_response":"","wpdc_publishing_error":"","footnotes":""},"class_list":["post-4678","page","type-page","status-publish","hentry"],"yoast_head":"<!-- This site is optimized with the Yoast SEO plugin v25.3.1 - https:\/\/yoast.com\/wordpress\/plugins\/seo\/ -->\n<title>Utw\u00f3rz i dodaj formularz kontaktowy na Facebooku za darmo!<\/title>\n<meta name=\"description\" content=\"Oto mo\u017cliwo\u015b\u0107 utworzenia karty Formularz kontaktowy i dodania jej do swojej strony firmowej na Facebooku. Uzyskaj bezp\u0142atn\u0105 obs\u0142ug\u0119 klienta i inne korzy\u015bci od Elfsight.\" \/>\n<meta name=\"robots\" content=\"index, follow, max-snippet:-1, max-image-preview:large, max-video-preview:-1\" \/>\n<link rel=\"canonical\" href=\"https:\/\/elfsight.com\/pl\/contact-form-widget\/facebook\/\" \/>\n<meta property=\"og:locale\" content=\"pl_PL\" \/>\n<meta property=\"og:type\" content=\"article\" \/>\n<meta property=\"og:title\" content=\"Utw\u00f3rz i dodaj formularz kontaktowy na Facebooku za darmo!\" \/>\n<meta property=\"og:description\" content=\"Oto mo\u017cliwo\u015b\u0107 utworzenia karty Formularz kontaktowy i dodania jej do swojej strony firmowej na Facebooku. Uzyskaj bezp\u0142atn\u0105 obs\u0142ug\u0119 klienta i inne korzy\u015bci od Elfsight.\" \/>\n<meta property=\"og:url\" content=\"https:\/\/elfsight.com\/pl\/contact-form-widget\/facebook\/\" \/>\n<meta property=\"og:site_name\" content=\"Elfsight PL\" \/>\n<meta property=\"article:modified_time\" content=\"2024-11-14T09:27:08+00:00\" \/>\n<meta name=\"twitter:card\" content=\"summary_large_image\" \/>\n<meta name=\"twitter:label1\" content=\"Szacowany czas czytania\" \/>\n\t<meta name=\"twitter:data1\" content=\"3 minuty\" \/>\n<!-- \/ Yoast SEO plugin. -->","yoast_head_json":{"title":"Utw\u00f3rz i dodaj formularz kontaktowy na Facebooku za darmo!","description":"Oto mo\u017cliwo\u015b\u0107 utworzenia karty Formularz kontaktowy i dodania jej do swojej strony firmowej na Facebooku. Uzyskaj bezp\u0142atn\u0105 obs\u0142ug\u0119 klienta i inne korzy\u015bci od Elfsight.","robots":{"index":"index","follow":"follow","max-snippet":"max-snippet:-1","max-image-preview":"max-image-preview:large","max-video-preview":"max-video-preview:-1"},"canonical":"https:\/\/elfsight.com\/pl\/contact-form-widget\/facebook\/","og_locale":"pl_PL","og_type":"article","og_title":"Utw\u00f3rz i dodaj formularz kontaktowy na Facebooku za darmo!","og_description":"Oto mo\u017cliwo\u015b\u0107 utworzenia karty Formularz kontaktowy i dodania jej do swojej strony firmowej na Facebooku. Uzyskaj bezp\u0142atn\u0105 obs\u0142ug\u0119 klienta i inne korzy\u015bci od Elfsight.","og_url":"https:\/\/elfsight.com\/pl\/contact-form-widget\/facebook\/","og_site_name":"Elfsight PL","article_modified_time":"2024-11-14T09:27:08+00:00","twitter_card":"summary_large_image","twitter_misc":{"Szacowany czas czytania":"3 minuty"},"schema":{"@context":"https:\/\/schema.org","@graph":[{"@type":"WebPage","@id":"https:\/\/elfsight.com\/pl\/contact-form-widget\/facebook\/","url":"https:\/\/elfsight.com\/pl\/contact-form-widget\/facebook\/","name":"Utw\u00f3rz i dodaj formularz kontaktowy na Facebooku za darmo!","isPartOf":{"@id":"https:\/\/elfsight.com\/pl\/#website"},"datePublished":"2024-05-03T06:32:45+00:00","dateModified":"2024-11-14T09:27:08+00:00","description":"Oto mo\u017cliwo\u015b\u0107 utworzenia karty Formularz kontaktowy i dodania jej do swojej strony firmowej na Facebooku. Uzyskaj bezp\u0142atn\u0105 obs\u0142ug\u0119 klienta i inne korzy\u015bci od Elfsight.","breadcrumb":{"@id":"https:\/\/elfsight.com\/pl\/contact-form-widget\/facebook\/#breadcrumb"},"inLanguage":"pl-PL","potentialAction":[{"@type":"ReadAction","target":["https:\/\/elfsight.com\/pl\/contact-form-widget\/facebook\/"]}]},{"@type":"BreadcrumbList","@id":"https:\/\/elfsight.com\/pl\/contact-form-widget\/facebook\/#breadcrumb","itemListElement":[{"@type":"ListItem","position":1,"name":"Home","item":"https:\/\/elfsight.com\/pl\/"},{"@type":"ListItem","position":2,"name":"Contact Form","item":"https:\/\/elfsight.com\/pl\/contact-form-widget\/"},{"@type":"ListItem","position":3,"name":"Contact Form &#8211; Facebook Page"}]},{"@type":"WebSite","@id":"https:\/\/elfsight.com\/pl\/#website","url":"https:\/\/elfsight.com\/pl\/","name":"Elfsight PL","description":"Just another Elfsight Sites site","potentialAction":[{"@type":"SearchAction","target":{"@type":"EntryPoint","urlTemplate":"https:\/\/elfsight.com\/pl\/?s={search_term_string}"},"query-input":{"@type":"PropertyValueSpecification","valueRequired":true,"valueName":"search_term_string"}}],"inLanguage":"pl-PL"}]}},"meta_box":{"industry":"","seo_heading":"","heading":"","description":"","cta_heading":"","cta_description":"","application":"2288","h1":"Formularz kontaktowy dla strony na Facebooku","h1_caption":"Z \u0142atwo\u015bci\u0105 tw\u00f3rz i osadzaj formularze kontaktowe w swojej witrynie, aby bez wysi\u0142ku zach\u0119ca\u0107 u\u017cytkownik\u00f3w do interakcji i wysy\u0142ania zapyta\u0144 do witryny strony na Facebooku.","application_category":[],"applications_title":"","applications_request_title":"","applications_request_button_text":"","hero_text":"","hero_video":"","hero_video_schema_markup":"","selling_points_title":"","selling_points_caption":"","selling_points":[],"selling_points_cta_text":"","features_title":"","features":"","ed_cta_examples_text":"","ed_cta_examples_hidden":"","ed_cta_demo_text":"","ed_cta_demo_hidden":"","why_caption":"","why_editor_title":"","why_editor_text":"","why_team_title":"","why_team_text":"","why_service_title":"","why_service_text":"","template_catalog_visible":"","template_catalog_title":"","template_catalog_text":"","template_catalog_categories_visible":"","demo_title":"Utw\u00f3rz wid\u017cet formularza kontaktowego","demo_caption":"Skonfiguruj sw\u00f3j formularz kontaktowy i dodaj go za darmo do swojej strony na Facebooku!","default_faq_hidden":"","app_template_category":[],"platform":"319","template_public_id":"","codecanyon_url":"","codecanyon_item_id":"","codecanyon_price":"","pricing_caption":"","pricing_elfsight_apps_hide_column":"","pricing_elfsight_apps_url":"","pricing_codecanyon_price_caption":"","integration_category":[],"integration_request_title":"","integration_request_cta":"","integration_platform":"","integrations":[],"platform_category":[],"video_schema_markup":"","price":"od 0 USD \/ miesi\u0105c","trial":"","benefits":[{"text":"Bezp\u0142atna us\u0142uga monta\u017cu"},{"text":"Wsparcie premium"},{"text":"14-dniowa gwarancja zwrotu pieni\u0119dzy"}],"button_url":"#demo","button_target_blank":"","button_nofollow":"","attributes":[{"name":"Instaluje"},{"name":"Czu\u0142y"},{"name":"Kompatybilne przegl\u0105darki"}],"tags":[],"tags_disable_links":"","hide_more_platforms":"","video_object":"","demo_hide_cta":"","demo_hide_cloud_options":"","pricing_title":"","pricing":[{"pricing_icon":"platform","pricing_title":"Elfsight Apps","pricing_title_caption":"Wersja wieloplatformowa, kt\u00f3ra pasuje do ka\u017cdej witryny","pricing_price":"od 0 USD \/ miesi\u0105c","pricing_price_caption":"zacznij od bezp\u0142atnego planu","pricing_benefits":[{"text":"Nielimitowane domeny"},{"text":"Bezp\u0142atne wsparcie firmy"},{"text":"Bezp\u0142atna pomoc w monta\u017cu"},{"text":"Elastyczny projekt"}],"pricing_button_text":"Dodaj do witryny","pricing_button_url":"#demo"}],"related_apps_title":"","related_apps_hidden":"","author":"","image":[],"title":"","job":"","social_networks":[]},"_links":{"self":[{"href":"https:\/\/elfsight.com\/pl\/wp-json\/wp\/v2\/pages\/4678","targetHints":{"allow":["GET"]}}],"collection":[{"href":"https:\/\/elfsight.com\/pl\/wp-json\/wp\/v2\/pages"}],"about":[{"href":"https:\/\/elfsight.com\/pl\/wp-json\/wp\/v2\/types\/page"}],"author":[{"embeddable":true,"href":"https:\/\/elfsight.com\/pl\/wp-json\/wp\/v2\/users\/9"}],"replies":[{"embeddable":true,"href":"https:\/\/elfsight.com\/pl\/wp-json\/wp\/v2\/comments?post=4678"}],"version-history":[{"count":1,"href":"https:\/\/elfsight.com\/pl\/wp-json\/wp\/v2\/pages\/4678\/revisions"}],"predecessor-version":[{"id":4682,"href":"https:\/\/elfsight.com\/pl\/wp-json\/wp\/v2\/pages\/4678\/revisions\/4682"}],"up":[{"embeddable":true,"href":"https:\/\/elfsight.com\/pl\/wp-json\/wp\/v2\/pages\/2289"}],"wp:attachment":[{"href":"https:\/\/elfsight.com\/pl\/wp-json\/wp\/v2\/media?parent=4678"}],"curies":[{"name":"wp","href":"https:\/\/api.w.org\/{rel}","templated":true}]}}