{"id":4677,"date":"2024-05-03T06:32:44","date_gmt":"2024-05-03T06:32:44","guid":{"rendered":"https:\/\/elfsight.com\/pl\/?page_id=4677"},"modified":"2024-11-14T09:19:58","modified_gmt":"2024-11-14T09:19:58","slug":"woocommerce","status":"publish","type":"page","link":"https:\/\/elfsight.com\/pl\/contact-form-widget\/woocommerce\/","title":{"rendered":"Contact Form &#8211; WooCommerce"},"content":{"rendered":"<div class=\"application-platform-content-item-description application-platform-content-item\" id=\"description\" data-nav-section=\"description\"><h2>Formularz kontaktowy dla WooCommerce<\/h2><p>Wtyczka formularza kontaktowego WooCommerce odpowiada wszystkim istniej\u0105cym potrzebom w zakresie otrzymywania recenzji i zam\u00f3wie\u0144 od klient\u00f3w Twojej firmy strona. Zainstaluj niezb\u0119dne elementy do wype\u0142nienia, zdefiniuj wymagany szablon i dostosuj wygl\u0105d, aby jeszcze bardziej zach\u0119ci\u0107 u\u017cytkownik\u00f3w do napisania recenzji o Twoich towarach lub firmie za po\u015brednictwem naszego formularza kontaktowego dla Woocommerce.<\/p><p><b>Odbierz recenzuj, przyjmuj zam\u00f3wienia i odpowiadaj na listy u\u017cytkownik\u00f3w Twojej witryny!<\/b><\/p><\/div> <div class=\"application-platform-content-item-features application-platform-content-item\" id=\"features\" data-nav-section=\"features\"><h2>Funkcje wtyczki formularza kontaktowego<\/h2><ul><li>Zwi\u0119ksz liczb\u0119 \u017c\u0105da\u0144 z witryny;<\/li><li>Zrozum lepiej swoich klient\u00f3w;<\/li><li>Ulepsz komunikacj\u0119 z klientami.<\/li><\/ul><p><a href=\"#demo\">Wypr\u00f3buj wszystkie opcje dostosowywania w 100% funkcjonalnej wersji demonstracyjnej<\/a><\/p><\/div><div class=\"application-platform-content-item-installation application-platform-content-item\" id=\"installation\" data-nav-section=\"installation\"><h2>Jak mog\u0119 osadzi\u0107 formularz kontaktowy w mojej witrynie WooCommerce ?<\/h2><p>Wystarczy spe\u0142ni\u0107 poni\u017csze wskaz\u00f3wki, aby doda\u0107 narz\u0119dzie.<\/p><ol><li><b>Korzystaj\u0105c z naszego bezp\u0142atnego konfiguratora, zacznij tworzy\u0107 sw\u00f3j spersonalizowany instrument.<\/b><br>Wybierz \u017c\u0105dan\u0105 form\u0119 i aspekty wid\u017cetu oraz zapisz poprawki.<\/li><li><b>Zdob\u0105d\u017a unikalny kod ujawniony w pude\u0142ku w aplikacjach Elfsight.<\/b><br>Gdy tylko skonfigurujesz sw\u00f3j osobisty widget jest gotowy, skopiuj indywidualny kod w pojawiaj\u0105cym si\u0119 oknie i zapisz go do dalszego wykorzystania.<\/li><li><b>Zainicjuj wykorzystanie widgetu na stronie WooCommerce.<\/b><br>Zintegruj kod, kt\u00f3ry skopiowa\u0142em ostatnio na Twoj\u0105 stron\u0119 internetow\u0105 i zapisz ulepszenia.<\/li><li><b>Instalacja zosta\u0142a ca\u0142kowicie zako\u0144czona.<\/b><br>Odwied\u017a swoj\u0105 witryn\u0119, aby sprawdzi\u0107, jak dzia\u0142a wtyczka.<\/li> <\/ol><p>Je\u015bli masz pytania lub problemy, nie wahaj si\u0119 zwr\u00f3ci\u0107 do naszego personelu pomocy technicznej. Nasi ludzie ch\u0119tnie rozwi\u0105\u017c\u0105 wszystkie problemy, jakie mo\u017cesz mie\u0107 z wid\u017cetem.<\/p><div class=\"faq\" data-component=\"FAQ\"> <div class=\"faq-item\">\r\n\t\t\t\t\t<div class=\"faq-item-question\">\r\n\t\t\t\t\t\t<h3 class=\"faq-item-question-text\">Jak doda\u0107 formularz kontaktowy do mojej witryny WooCommerce bez umiej\u0119tno\u015bci kodowania?<\/h3>\r\n\r\n\t\t\t\t\t\t<div class=\"faq-item-question-icon\"><\/div>\r\n\t\t\t\t\t<\/div>\r\n\r\n\t\t\t\t\t<div class=\"faq-item-answer\">\r\n\t\t\t\t\t\t<div class=\"faq-item-answer-text\"> <p>Elfsight zapewnia SaaS rozwi\u0105zanie, kt\u00f3re pozwala Ci samodzielnie stworzy\u0107 aplikacj\u0119 Formularz kontaktowy dla WooCommerce, przekonaj si\u0119, jak \u0142atwy jest ten proces: Pracuj bezpo\u015brednio w edytorze online, aby utworzy\u0107 wid\u017cet Formularza kontaktowego, kt\u00f3ry chcesz zobaczy\u0107 na swojej stronie WooCommerce. Wybierz jeden z gotowych szablon\u00f3w i dostosuj ustawienia Formularza kontaktowego, dodaj tre\u015b\u0107, zmie\u0144 uk\u0142ad i kolory bez umiej\u0119tno\u015bci kodowania. Zapisz formularz kontaktowy i skopiuj jego kod instalacyjny, kt\u00f3ry mo\u017cesz bez problemu osadzi\u0107 na swojej stronie WooCommerce bez konieczno\u015bci zakupu wersji p\u0142atnej. Dzi\u0119ki naszemu intuicyjnemu Edytorowi ka\u017cdy u\u017cytkownik Internetu mo\u017ce stworzy\u0107 wid\u017cet Formularza Kontaktowego online i \u0142atwo osadzi\u0107 go na swojej stronie WooCommerce. Aby uzyska\u0107 dost\u0119p do us\u0142ugi, nie trzeba p\u0142aci\u0107 ani wprowadza\u0107 danych uwierzytelniaj\u0105cych karty. Je\u015bli na kt\u00f3rymkolwiek etapie napotkasz jakiekolwiek problemy, skontaktuj si\u0119 z naszym zespo\u0142em pomocy technicznej.<\/p> <\/div>\r\n\t\t\t\t\t<\/div>\r\n\t\t\t\t<\/div> <div class=\"faq-item\">\r\n\t\t\t\t\t<div class=\"faq-item-question\">\r\n\t\t\t\t\t\t<h3 class=\"faq-item-question-text\">Czy masz jakie\u015b gotowe do u\u017cycia szablony formularzy kontaktowych dla witryny WooCommerce?<\/h3>\r\n\r\n\t\t\t\t\t\t<div class=\"faq-item-question-icon\"><\/div>\r\n\t\t\t\t\t<\/div>\r\n\r\n\t\t\t\t\t<div class=\"faq-item-answer\">\r\n\t\t\t\t\t\t<div class=\"faq-item-answer-text\"><p>Tak, istnieje szeroki wyb\u00f3r ponad 300 szablon\u00f3w, kt\u00f3re pozwalaj\u0105 zaoszcz\u0119dzi\u0107 czas na tworzeniu formularza od zera. Sprawd\u017a <a href=\"https:\/\/elfsight.com\/online-form-builder\/templates\/contact-forms\/\">szablony formularzy kontaktowych<\/a> na ka\u017cd\u0105 okazj\u0119 i znajd\u017a ten, kt\u00f3ry odpowiada Twoim oczekiwaniom.<\/p><\/div>\r\n\t\t\t\t\t<\/div>\r\n\t\t\t\t<\/div><\/div> <\/div>","protected":false},"excerpt":{"rendered":"","protected":false},"author":9,"featured_media":0,"parent":2289,"menu_order":0,"comment_status":"closed","ping_status":"closed","template":"templates\/template-application-platform.php","meta":{"publish_to_discourse":"","publish_post_category":"","wpdc_auto_publish_overridden":"","wpdc_topic_tags":"","wpdc_pin_topic":"","wpdc_pin_until":"","discourse_post_id":"","discourse_permalink":"","wpdc_publishing_response":"","wpdc_publishing_error":"","footnotes":""},"class_list":["post-4677","page","type-page","status-publish","hentry"],"yoast_head":"<!-- This site is optimized with the Yoast SEO plugin v25.3.1 - https:\/\/yoast.com\/wordpress\/plugins\/seo\/ -->\n<title>Utw\u00f3rz i dodaj formularz kontaktowy na WooCommerce za darmo!<\/title>\n<meta name=\"description\" content=\"Utw\u00f3rz wtyczk\u0119 formularza kontaktowego dla WooCommerce i poka\u017c j\u0105 na swojej stronie tylko w 1 minut\u0119. Bezp\u0142atne demo, wsparcie w projektowaniu i inne korzy\u015bci od Elfsight!\" \/>\n<meta name=\"robots\" content=\"index, follow, max-snippet:-1, max-image-preview:large, max-video-preview:-1\" \/>\n<link rel=\"canonical\" href=\"https:\/\/elfsight.com\/pl\/contact-form-widget\/woocommerce\/\" \/>\n<meta property=\"og:locale\" content=\"pl_PL\" \/>\n<meta property=\"og:type\" content=\"article\" \/>\n<meta property=\"og:title\" content=\"Utw\u00f3rz i dodaj formularz kontaktowy na WooCommerce za darmo!\" \/>\n<meta property=\"og:description\" content=\"Utw\u00f3rz wtyczk\u0119 formularza kontaktowego dla WooCommerce i poka\u017c j\u0105 na swojej stronie tylko w 1 minut\u0119. Bezp\u0142atne demo, wsparcie w projektowaniu i inne korzy\u015bci od Elfsight!\" \/>\n<meta property=\"og:url\" content=\"https:\/\/elfsight.com\/pl\/contact-form-widget\/woocommerce\/\" \/>\n<meta property=\"og:site_name\" content=\"Elfsight PL\" \/>\n<meta property=\"article:modified_time\" content=\"2024-11-14T09:19:58+00:00\" \/>\n<meta name=\"twitter:card\" content=\"summary_large_image\" \/>\n<meta name=\"twitter:label1\" content=\"Szacowany czas czytania\" \/>\n\t<meta name=\"twitter:data1\" content=\"3 minuty\" \/>\n<!-- \/ Yoast SEO plugin. -->","yoast_head_json":{"title":"Utw\u00f3rz i dodaj formularz kontaktowy na WooCommerce za darmo!","description":"Utw\u00f3rz wtyczk\u0119 formularza kontaktowego dla WooCommerce i poka\u017c j\u0105 na swojej stronie tylko w 1 minut\u0119. Bezp\u0142atne demo, wsparcie w projektowaniu i inne korzy\u015bci od Elfsight!","robots":{"index":"index","follow":"follow","max-snippet":"max-snippet:-1","max-image-preview":"max-image-preview:large","max-video-preview":"max-video-preview:-1"},"canonical":"https:\/\/elfsight.com\/pl\/contact-form-widget\/woocommerce\/","og_locale":"pl_PL","og_type":"article","og_title":"Utw\u00f3rz i dodaj formularz kontaktowy na WooCommerce za darmo!","og_description":"Utw\u00f3rz wtyczk\u0119 formularza kontaktowego dla WooCommerce i poka\u017c j\u0105 na swojej stronie tylko w 1 minut\u0119. Bezp\u0142atne demo, wsparcie w projektowaniu i inne korzy\u015bci od Elfsight!","og_url":"https:\/\/elfsight.com\/pl\/contact-form-widget\/woocommerce\/","og_site_name":"Elfsight PL","article_modified_time":"2024-11-14T09:19:58+00:00","twitter_card":"summary_large_image","twitter_misc":{"Szacowany czas czytania":"3 minuty"},"schema":{"@context":"https:\/\/schema.org","@graph":[{"@type":"WebPage","@id":"https:\/\/elfsight.com\/pl\/contact-form-widget\/woocommerce\/","url":"https:\/\/elfsight.com\/pl\/contact-form-widget\/woocommerce\/","name":"Utw\u00f3rz i dodaj formularz kontaktowy na WooCommerce za darmo!","isPartOf":{"@id":"https:\/\/elfsight.com\/pl\/#website"},"datePublished":"2024-05-03T06:32:44+00:00","dateModified":"2024-11-14T09:19:58+00:00","description":"Utw\u00f3rz wtyczk\u0119 formularza kontaktowego dla WooCommerce i poka\u017c j\u0105 na swojej stronie tylko w 1 minut\u0119. Bezp\u0142atne demo, wsparcie w projektowaniu i inne korzy\u015bci od Elfsight!","breadcrumb":{"@id":"https:\/\/elfsight.com\/pl\/contact-form-widget\/woocommerce\/#breadcrumb"},"inLanguage":"pl-PL","potentialAction":[{"@type":"ReadAction","target":["https:\/\/elfsight.com\/pl\/contact-form-widget\/woocommerce\/"]}]},{"@type":"BreadcrumbList","@id":"https:\/\/elfsight.com\/pl\/contact-form-widget\/woocommerce\/#breadcrumb","itemListElement":[{"@type":"ListItem","position":1,"name":"Home","item":"https:\/\/elfsight.com\/pl\/"},{"@type":"ListItem","position":2,"name":"Contact Form","item":"https:\/\/elfsight.com\/pl\/contact-form-widget\/"},{"@type":"ListItem","position":3,"name":"Contact Form &#8211; WooCommerce"}]},{"@type":"WebSite","@id":"https:\/\/elfsight.com\/pl\/#website","url":"https:\/\/elfsight.com\/pl\/","name":"Elfsight PL","description":"Just another Elfsight Sites site","potentialAction":[{"@type":"SearchAction","target":{"@type":"EntryPoint","urlTemplate":"https:\/\/elfsight.com\/pl\/?s={search_term_string}"},"query-input":{"@type":"PropertyValueSpecification","valueRequired":true,"valueName":"search_term_string"}}],"inLanguage":"pl-PL"}]}},"meta_box":{"industry":"","seo_heading":"","heading":"","description":"","cta_heading":"","cta_description":"","application":"2288","h1":"Wtyczka Formularz kontaktowy WooCommerce","h1_caption":"Z \u0142atwo\u015bci\u0105 tw\u00f3rz i osadzaj formularze kontaktowe na swojej stronie internetowej, aby bez wysi\u0142ku zach\u0119ca\u0107 u\u017cytkownik\u00f3w do interakcji i wysy\u0142ania zapyta\u0144 do Twojej witryny WooCommerce.","application_category":[],"applications_title":"","applications_request_title":"","applications_request_button_text":"","hero_text":"","hero_video":"","hero_video_schema_markup":"","selling_points_title":"","selling_points_caption":"","selling_points":[],"selling_points_cta_text":"","features_title":"","features":"","ed_cta_examples_text":"","ed_cta_examples_hidden":"","ed_cta_demo_text":"","ed_cta_demo_hidden":"","why_caption":"","why_editor_title":"","why_editor_text":"","why_team_title":"","why_team_text":"","why_service_title":"","why_service_text":"","template_catalog_visible":"","template_catalog_title":"","template_catalog_text":"","template_catalog_categories_visible":"","demo_title":"Utw\u00f3rz aplikacj\u0119 z formularzem kontaktowym","demo_caption":"Skonfiguruj sw\u00f3j formularz kontaktowy i dodaj go do swojej witryny WooCommerce za darmo!","default_faq_hidden":"","app_template_category":[],"platform":"335","template_public_id":"","codecanyon_url":"","codecanyon_item_id":"","codecanyon_price":"","pricing_caption":"","pricing_elfsight_apps_hide_column":"","pricing_elfsight_apps_url":"","pricing_codecanyon_price_caption":"","integration_category":[],"integration_request_title":"","integration_request_cta":"","integration_platform":"","integrations":[],"platform_category":[],"video_schema_markup":"","price":"od 0 USD \/ miesi\u0105c","trial":"","benefits":[{"text":"Bezp\u0142atna us\u0142uga monta\u017cu"},{"text":"Wsparcie premium"},{"text":"14-dniowa gwarancja zwrotu pieni\u0119dzy"}],"button_url":"#demo","button_target_blank":"","button_nofollow":"","attributes":[{"name":"Instaluje"},{"name":"Czu\u0142y"},{"name":"Kompatybilne przegl\u0105darki"}],"tags":[],"tags_disable_links":"","hide_more_platforms":"","video_object":"","demo_hide_cta":"","demo_hide_cloud_options":"","pricing_title":"","pricing":[{"pricing_icon":"platform","pricing_title":"Elfsight Apps","pricing_title_caption":"Rozwi\u0105zanie wieloplatformowe, kt\u00f3re dzia\u0142a na ka\u017cdej stronie internetowej","pricing_price":"od 0 USD \/ miesi\u0105c","pricing_price_caption":"zacznij od bezp\u0142atnego planu","pricing_benefits":[{"text":"Nielimitowane strony internetowe"},{"text":"Dedykowane i terminowe wsparcie oraz dobrze udokumentowane"},{"text":"Bezp\u0142atna pomoc w instalacji"},{"text":"W pe\u0142ni konfigurowalny"}],"pricing_button_text":"Dodaj do witryny","pricing_button_url":"#demo"}],"related_apps_title":"","related_apps_hidden":"","author":"","image":[],"title":"","job":"","social_networks":[]},"_links":{"self":[{"href":"https:\/\/elfsight.com\/pl\/wp-json\/wp\/v2\/pages\/4677","targetHints":{"allow":["GET"]}}],"collection":[{"href":"https:\/\/elfsight.com\/pl\/wp-json\/wp\/v2\/pages"}],"about":[{"href":"https:\/\/elfsight.com\/pl\/wp-json\/wp\/v2\/types\/page"}],"author":[{"embeddable":true,"href":"https:\/\/elfsight.com\/pl\/wp-json\/wp\/v2\/users\/9"}],"replies":[{"embeddable":true,"href":"https:\/\/elfsight.com\/pl\/wp-json\/wp\/v2\/comments?post=4677"}],"version-history":[{"count":1,"href":"https:\/\/elfsight.com\/pl\/wp-json\/wp\/v2\/pages\/4677\/revisions"}],"predecessor-version":[{"id":4681,"href":"https:\/\/elfsight.com\/pl\/wp-json\/wp\/v2\/pages\/4677\/revisions\/4681"}],"up":[{"embeddable":true,"href":"https:\/\/elfsight.com\/pl\/wp-json\/wp\/v2\/pages\/2289"}],"wp:attachment":[{"href":"https:\/\/elfsight.com\/pl\/wp-json\/wp\/v2\/media?parent=4677"}],"curies":[{"name":"wp","href":"https:\/\/api.w.org\/{rel}","templated":true}]}}