{"id":4670,"date":"2024-05-03T06:32:41","date_gmt":"2024-05-03T06:32:41","guid":{"rendered":"https:\/\/elfsight.com\/pl\/?page_id=4670"},"modified":"2024-10-24T12:09:35","modified_gmt":"2024-10-24T12:09:35","slug":"godaddy","status":"publish","type":"page","link":"https:\/\/elfsight.com\/pl\/contact-form-widget\/godaddy\/","title":{"rendered":"Contact Form &#8211; GoDaddy"},"content":{"rendered":"<div class=\"application-platform-content-item-description application-platform-content-item\" id=\"description\" data-nav-section=\"description\"> <h2>Formularz kontaktowy dla GoDaddy<\/h2> <p>U\u017cytkownicy narz\u0119dzia do tworzenia witryn Godaddy mog\u0105 korzysta\u0107 z wid\u017cetu Formularz kontaktowy Elfsight, kt\u00f3ry zapewnia \u0142atwy spos\u00f3b tworzenia przydatny formularz dla Twojej witryny, w kt\u00f3rym odwiedzaj\u0105cy mog\u0105 zostawi\u0107 Ci opini\u0119 lub wiadomo\u015b\u0107. Uporz\u0105dkuj formularz, dodaj\u0105c dowoln\u0105 liczb\u0119 i typ p\u00f3l oraz ustaw sw\u00f3j adres e-mail \u2013 a b\u0119dziesz w kontakcie ze swoimi klientami 24 godziny na dob\u0119, 7 dni w tygodniu. Formularz kontaktowy Elfsight jest wysoce konfigurowalny i umo\u017cliwia wyb\u00f3r pomi\u0119dzy trzema uk\u0142adami, dodanie zdj\u0119cia, zmian\u0119 tytu\u0142u, uzupe\u0142nienie dowolnych wymaganych p\u00f3l i wiele wi\u0119cej, aby stworzy\u0107 atrakcyjny i \u0142atwy do wype\u0142nienia formularz kontaktowy.<\/p> <p> <b>Zwi\u0119ksz liczb\u0119 potencjalnych klient\u00f3w, umo\u017cliwiaj\u0105c \u0142atw\u0105 i szybk\u0105 interakcj\u0119 z klientami<\/b><\/p> <\/div> <div class=\"application-platform-content-item-features application-platform-content-item\" id=\"features\" data-nav-section=\"features\"> <h2>Wtyczka formularza kontaktowego<\/h2> <ul><li>Formularze wieloetapowe pokazuj\u0105 pasek post\u0119pu z ca\u0142kowit\u0105 liczb\u0105 krok\u00f3w i nazw\u0105 bie\u017c\u0105cego kroku<\/li><li>Mo\u017cliwo\u015b\u0107 roz\u0142o\u017cenia p\u00f3l na kilka kolumn<\/li><li>Nowe scenariusze po z\u0142o\u017ceniu wniosku: przekierowanie na inn\u0105 stron\u0119 przez Adres URL lub ukrycie formularza<\/li><li>Mo\u017cliwo\u015b\u0107 wy\u0142\u0105czenia funkcji zapisywania post\u0119pu wype\u0142niania<\/li><li>Do wyboru 10 ikon nag\u0142\u00f3wka <\/li><\/ul><p><a href=\" #demo\">Poznaj wszystkie ustawienia w pe\u0142ni funkcjonalnej wersji demonstracyjnej<\/a><\/p> <\/div> <div class=\"application-platform-content-item-installation application-platform-content-item\" id=\"installation\" data-nav-section=\"installation\"> <h2>Jak osadzi\u0107 formularz kontaktowy w mojej witrynie GoDaddy? <\/h2> <p>Wystarczy zastosowa\u0107 si\u0119 do poni\u017cszych instrukcji, aby zintegrowa\u0107 wtyczk\u0119. <\/p> <ol><li><b>Uruchom nasz darmowy edytor i zacznij tworzy\u0107 w\u0142asn\u0105 wtyczk\u0119. <\/b><br> Okre\u015bl wybrany interfejs i funkcjonalno\u015b\u0107 narz\u0119dzia oraz zastosuj modyfikacje. <\/li> <li><b>Skopiuj unikalny kod widoczny w polu aplikacji Elfsight. <\/b><br> Po zako\u0144czeniu dostosowywania wtyczki skopiuj indywidualny kod z wy\u015bwietlonego pola i zachowaj go do wykorzystania w przysz\u0142o\u015bci. <\/li> <li><b>Rozpocznij korzystanie z wtyczki w swojej witrynie GoDaddy. <\/b><br> Dodaj skopiowany wcze\u015bniej kod na swoj\u0105 stron\u0119 internetow\u0105 i zastosuj ulepszenia. <\/li> <li><b>Gotowe! Integracja zosta\u0142a w pe\u0142ni wykonana. <\/b><br> Przejd\u017a do swojej witryny, aby zobaczy\u0107 w dzia\u0142aniu, jak dzia\u0142a wtyczka. <\/li><\/ol> <p>Je\u015bli masz pytania lub wyst\u0119puj\u0105 pewne komplikacje, mo\u017cesz zwr\u00f3ci\u0107 si\u0119 o pomoc do naszego personelu obs\u0142ugi klienta. Nasi ludzie ch\u0119tnie odpowiedz\u0105 na wszystkie pytania dotycz\u0105ce tego narz\u0119dzia. <\/p> <div class=\"faq\" data-component=\"FAQ\"> <div class=\"faq-item\">\r\n\t\t\t\t\t<div class=\"faq-item-question\">\r\n\t\t\t\t\t\t<h3 class=\"faq-item-question-text\">Jak doda\u0107 formularz kontaktowy do mojej witryny GoDaddy bez umiej\u0119tno\u015bci kodowania?<\/h3>\r\n\r\n\t\t\t\t\t\t<div class=\"faq-item-question-icon\"><\/div>\r\n\t\t\t\t\t<\/div>\r\n\r\n\t\t\t\t\t<div class=\"faq-item-answer\">\r\n\t\t\t\t\t\t<div class=\"faq-item-answer-text\"> <p>Elfsight zapewnia rozwi\u0105zanie SaaS, kt\u00f3re pozwala samodzielnie utworzy\u0107 wid\u017cet formularza kontaktowego. Zobacz, jak \u0142atwy jest ten proces to: Pracuj bezpo\u015brednio w edytorze online, aby utworzy\u0107 wid\u017cet formularza kontaktowego, kt\u00f3ry chcesz zobaczy\u0107 w swojej witrynie GoDaddy. Wybierz jeden z gotowych szablon\u00f3w i dostosuj ustawienia Formularza kontaktowego, dodaj tre\u015b\u0107, zmie\u0144 uk\u0142ad i kolorystyk\u0119 bez umiej\u0119tno\u015bci kodowania. Zapisz formularz kontaktowy i skopiuj jego kod instalacyjny, kt\u00f3ry mo\u017cesz po prostu osadzi\u0107 na swojej stronie GoDaddy, bez konieczno\u015bci kupowania p\u0142atnego planu. Dzi\u0119ki naszemu intuicyjnemu Edytorowi ka\u017cdy u\u017cytkownik Internetu mo\u017ce stworzy\u0107 wid\u017cet Formularza Kontaktowego online i \u0142atwo osadzi\u0107 go na swojej stronie internetowej GoDaddy. Aby uzyska\u0107 dost\u0119p do us\u0142ugi, nie trzeba p\u0142aci\u0107 ani wprowadza\u0107 danych uwierzytelniaj\u0105cych karty. Je\u015bli na kt\u00f3rymkolwiek etapie napotkasz jakiekolwiek problemy, skontaktuj si\u0119 z naszym zespo\u0142em pomocy technicznej.<\/p> <\/div>\r\n\t\t\t\t\t<\/div>\r\n\t\t\t\t<\/div> <div class=\"faq-item\">\r\n\t\t\t\t\t<div class=\"faq-item-question\">\r\n\t\t\t\t\t\t<h3 class=\"faq-item-question-text\">Czy s\u0105 dost\u0119pne szablony formularzy kontaktowych dla witryny GoDaddy?<\/h3>\r\n\r\n\t\t\t\t\t\t<div class=\"faq-item-question-icon\"><\/div>\r\n\t\t\t\t\t<\/div>\r\n\r\n\t\t\t\t\t<div class=\"faq-item-answer\">\r\n\t\t\t\t\t\t<div class=\"faq-item-answer-text\"><p>Tak, tam s\u0105! Zesp\u00f3\u0142 Elfsight stworzy\u0142 wspania\u0142\u0105 kolekcj\u0119 ponad 300 gotowych do u\u017cycia szablon\u00f3w. I na pewno nie rozczarujesz si\u0119 <a href=\"https:\/\/elfsight.com\/online-form-builder\/templates\/contact-forms\/\">szablonami formularzy kontaktowych<\/a>.<\/p> <\/div>\r\n\t\t\t\t\t<\/div>\r\n\t\t\t\t<\/div><\/div> <\/div>","protected":false},"excerpt":{"rendered":"","protected":false},"author":9,"featured_media":0,"parent":2289,"menu_order":0,"comment_status":"closed","ping_status":"closed","template":"templates\/template-application-platform.php","meta":{"publish_to_discourse":"","publish_post_category":"","wpdc_auto_publish_overridden":"","wpdc_topic_tags":"","wpdc_pin_topic":"","wpdc_pin_until":"","discourse_post_id":"","discourse_permalink":"","wpdc_publishing_response":"","wpdc_publishing_error":"","footnotes":""},"class_list":["post-4670","page","type-page","status-publish","hentry"],"yoast_head":"<!-- This site is optimized with the Yoast SEO plugin v25.3.1 - https:\/\/yoast.com\/wordpress\/plugins\/seo\/ -->\n<title>Utw\u00f3rz i dodaj formularz kontaktowy na GoDaddy za darmo!<\/title>\n<meta name=\"description\" content=\"Stw\u00f3rz swoj\u0105 unikaln\u0105 wtyczk\u0119 formularza kontaktowego dla GoDaddy i poka\u017c j\u0105 na swojej stronie tylko w 1 minut\u0119. Darmowe demo, wsparcie przy projektowaniu!\" \/>\n<meta name=\"robots\" content=\"index, follow, max-snippet:-1, max-image-preview:large, max-video-preview:-1\" \/>\n<link rel=\"canonical\" href=\"https:\/\/elfsight.com\/pl\/contact-form-widget\/godaddy\/\" \/>\n<meta property=\"og:locale\" content=\"pl_PL\" \/>\n<meta property=\"og:type\" content=\"article\" \/>\n<meta property=\"og:title\" content=\"Utw\u00f3rz i dodaj formularz kontaktowy na GoDaddy za darmo!\" \/>\n<meta property=\"og:description\" content=\"Stw\u00f3rz swoj\u0105 unikaln\u0105 wtyczk\u0119 formularza kontaktowego dla GoDaddy i poka\u017c j\u0105 na swojej stronie tylko w 1 minut\u0119. Darmowe demo, wsparcie przy projektowaniu!\" \/>\n<meta property=\"og:url\" content=\"https:\/\/elfsight.com\/pl\/contact-form-widget\/godaddy\/\" \/>\n<meta property=\"og:site_name\" content=\"Elfsight PL\" \/>\n<meta property=\"article:modified_time\" content=\"2024-10-24T12:09:35+00:00\" \/>\n<meta name=\"twitter:card\" content=\"summary_large_image\" \/>\n<meta name=\"twitter:label1\" content=\"Szacowany czas czytania\" \/>\n\t<meta name=\"twitter:data1\" content=\"3 minuty\" \/>\n<!-- \/ Yoast SEO plugin. -->","yoast_head_json":{"title":"Utw\u00f3rz i dodaj formularz kontaktowy na GoDaddy za darmo!","description":"Stw\u00f3rz swoj\u0105 unikaln\u0105 wtyczk\u0119 formularza kontaktowego dla GoDaddy i poka\u017c j\u0105 na swojej stronie tylko w 1 minut\u0119. Darmowe demo, wsparcie przy projektowaniu!","robots":{"index":"index","follow":"follow","max-snippet":"max-snippet:-1","max-image-preview":"max-image-preview:large","max-video-preview":"max-video-preview:-1"},"canonical":"https:\/\/elfsight.com\/pl\/contact-form-widget\/godaddy\/","og_locale":"pl_PL","og_type":"article","og_title":"Utw\u00f3rz i dodaj formularz kontaktowy na GoDaddy za darmo!","og_description":"Stw\u00f3rz swoj\u0105 unikaln\u0105 wtyczk\u0119 formularza kontaktowego dla GoDaddy i poka\u017c j\u0105 na swojej stronie tylko w 1 minut\u0119. Darmowe demo, wsparcie przy projektowaniu!","og_url":"https:\/\/elfsight.com\/pl\/contact-form-widget\/godaddy\/","og_site_name":"Elfsight PL","article_modified_time":"2024-10-24T12:09:35+00:00","twitter_card":"summary_large_image","twitter_misc":{"Szacowany czas czytania":"3 minuty"},"schema":{"@context":"https:\/\/schema.org","@graph":[{"@type":"WebPage","@id":"https:\/\/elfsight.com\/pl\/contact-form-widget\/godaddy\/","url":"https:\/\/elfsight.com\/pl\/contact-form-widget\/godaddy\/","name":"Utw\u00f3rz i dodaj formularz kontaktowy na GoDaddy za darmo!","isPartOf":{"@id":"https:\/\/elfsight.com\/pl\/#website"},"datePublished":"2024-05-03T06:32:41+00:00","dateModified":"2024-10-24T12:09:35+00:00","description":"Stw\u00f3rz swoj\u0105 unikaln\u0105 wtyczk\u0119 formularza kontaktowego dla GoDaddy i poka\u017c j\u0105 na swojej stronie tylko w 1 minut\u0119. Darmowe demo, wsparcie przy projektowaniu!","breadcrumb":{"@id":"https:\/\/elfsight.com\/pl\/contact-form-widget\/godaddy\/#breadcrumb"},"inLanguage":"pl-PL","potentialAction":[{"@type":"ReadAction","target":["https:\/\/elfsight.com\/pl\/contact-form-widget\/godaddy\/"]}]},{"@type":"BreadcrumbList","@id":"https:\/\/elfsight.com\/pl\/contact-form-widget\/godaddy\/#breadcrumb","itemListElement":[{"@type":"ListItem","position":1,"name":"Home","item":"https:\/\/elfsight.com\/pl\/"},{"@type":"ListItem","position":2,"name":"Contact Form","item":"https:\/\/elfsight.com\/pl\/contact-form-widget\/"},{"@type":"ListItem","position":3,"name":"Contact Form &#8211; GoDaddy"}]},{"@type":"WebSite","@id":"https:\/\/elfsight.com\/pl\/#website","url":"https:\/\/elfsight.com\/pl\/","name":"Elfsight PL","description":"Just another Elfsight Sites site","potentialAction":[{"@type":"SearchAction","target":{"@type":"EntryPoint","urlTemplate":"https:\/\/elfsight.com\/pl\/?s={search_term_string}"},"query-input":{"@type":"PropertyValueSpecification","valueRequired":true,"valueName":"search_term_string"}}],"inLanguage":"pl-PL"}]}},"meta_box":{"industry":"","seo_heading":"","heading":"","description":"","cta_heading":"","cta_description":"","application":"2288","h1":"Wtyczka Formularz kontaktowy GoDaddy","h1_caption":"Z \u0142atwo\u015bci\u0105 tw\u00f3rz i osadzaj formularze kontaktowe w swojej witrynie, aby bez wysi\u0142ku zach\u0119ca\u0107 u\u017cytkownik\u00f3w do interakcji i wysy\u0142ania zapyta\u0144 do Twojej witryny GoDaddy.","application_category":[],"applications_title":"","applications_request_title":"","applications_request_button_text":"","hero_text":"","hero_video":"","hero_video_schema_markup":"","selling_points_title":"","selling_points_caption":"","selling_points":[],"selling_points_cta_text":"","features_title":"","features":"","ed_cta_examples_text":"","ed_cta_examples_hidden":"","ed_cta_demo_text":"","ed_cta_demo_hidden":"","why_caption":"","why_editor_title":"","why_editor_text":"","why_team_title":"","why_team_text":"","why_service_title":"","why_service_text":"","template_catalog_visible":"","template_catalog_title":"","template_catalog_text":"","template_catalog_categories_visible":"","demo_title":"Pospiesz si\u0119, aby utworzy\u0107 dostosowany do indywidualnych potrzeb formularz kontaktowy GoDaddy","demo_caption":"Dostosuj to i zaimplementuj wtyczk\u0119 na swojej stronie z aktywnego demo.","default_faq_hidden":"","app_template_category":[],"platform":"180","template_public_id":"","codecanyon_url":"","codecanyon_item_id":"","codecanyon_price":"","pricing_caption":"","pricing_elfsight_apps_hide_column":"","pricing_elfsight_apps_url":"","pricing_codecanyon_price_caption":"","integration_category":[],"integration_request_title":"","integration_request_cta":"","integration_platform":"","integrations":[],"platform_category":[],"video_schema_markup":"","price":"od 0 USD \/ miesi\u0105c","trial":"","benefits":[{"text":"Bezp\u0142atna pomoc w monta\u017cu"},{"text":"Kompetentna obs\u0142uga klienta"},{"text":"14-dniowa gwarancja zwrotu pieni\u0119dzy"}],"button_url":"#demo","button_target_blank":"","button_nofollow":"","attributes":[{"name":"Instaluje"},{"name":"Czu\u0142y"},{"name":"Kompatybilne przegl\u0105darki"}],"tags":[],"tags_disable_links":"","hide_more_platforms":"","video_object":"","demo_hide_cta":"","demo_hide_cloud_options":"","pricing_title":"","pricing":[{"pricing_icon":"platform","pricing_title":"Elfsight Apps","pricing_title_caption":"Oprogramowanie niezale\u017cne od platformy","pricing_price":"od 0 USD \/ miesi\u0105c","pricing_price_caption":"zacznij od bezp\u0142atnego planu","pricing_benefits":[{"text":"Nielimitowane domeny"},{"text":"Szybka i terminowa pomoc oraz dobrze udokumentowana"},{"text":"Bezp\u0142atna pomoc przy instalacji"},{"text":"Elastyczny projekt"}],"pricing_button_text":"Dodaj do witryny","pricing_button_url":"#demo"}],"related_apps_title":"","related_apps_hidden":"","author":"","image":[],"title":"","job":"","social_networks":[]},"_links":{"self":[{"href":"https:\/\/elfsight.com\/pl\/wp-json\/wp\/v2\/pages\/4670","targetHints":{"allow":["GET"]}}],"collection":[{"href":"https:\/\/elfsight.com\/pl\/wp-json\/wp\/v2\/pages"}],"about":[{"href":"https:\/\/elfsight.com\/pl\/wp-json\/wp\/v2\/types\/page"}],"author":[{"embeddable":true,"href":"https:\/\/elfsight.com\/pl\/wp-json\/wp\/v2\/users\/9"}],"replies":[{"embeddable":true,"href":"https:\/\/elfsight.com\/pl\/wp-json\/wp\/v2\/comments?post=4670"}],"version-history":[{"count":1,"href":"https:\/\/elfsight.com\/pl\/wp-json\/wp\/v2\/pages\/4670\/revisions"}],"predecessor-version":[{"id":4674,"href":"https:\/\/elfsight.com\/pl\/wp-json\/wp\/v2\/pages\/4670\/revisions\/4674"}],"up":[{"embeddable":true,"href":"https:\/\/elfsight.com\/pl\/wp-json\/wp\/v2\/pages\/2289"}],"wp:attachment":[{"href":"https:\/\/elfsight.com\/pl\/wp-json\/wp\/v2\/media?parent=4670"}],"curies":[{"name":"wp","href":"https:\/\/api.w.org\/{rel}","templated":true}]}}