{"id":4669,"date":"2024-05-03T06:32:40","date_gmt":"2024-05-03T06:32:40","guid":{"rendered":"https:\/\/elfsight.com\/pl\/?page_id=4669"},"modified":"2024-10-24T12:09:08","modified_gmt":"2024-10-24T12:09:08","slug":"prestashop","status":"publish","type":"page","link":"https:\/\/elfsight.com\/pl\/contact-form-widget\/prestashop\/","title":{"rendered":"Contact Form &#8211; PrestaShop"},"content":{"rendered":"<div class=\"application-platform-content-item-description application-platform-content-item\" id=\"description\" data-nav-section=\"description\"><h2>Formularz kontaktowy dla PrestaShop<\/h2><p>Je\u015bli szukasz niestandardowego formularza kontaktowego dla swojej witryny PrestaShop, Elfsight PrestaShop Pomocny mo\u017ce by\u0107 darmowy dodatek do modu\u0142u formularza kontaktowego. Pomaga w spe\u0142nieniu wszelkich g\u0142\u00f3wnych wymaga\u0144 w zbieraniu opinii i zam\u00f3wie\u0144 od klient\u00f3w Twojej witryny. Po prostu wstaw wymagane pola do wype\u0142nienia, znajd\u017a wymagany szablon i dostosuj kolorystyk\u0119, aby jeszcze bardziej zmotywowa\u0107 klient\u00f3w do przes\u0142ania recenzji o Twoich produktach lub firmie. Z \u0142atwo\u015bci\u0105 otrzymuj recenzje, przyjmuj zam\u00f3wienia i odpowiadaj na pytania u\u017cytkownik\u00f3w swojej witryny, korzystaj\u0105c z naszego dodatku do formularza kontaktowego PrestaShop.<\/p><p><b>Otrzymuj opinie, przyjmuj zam\u00f3wienia i pisz odpowiedzi na wiadomo\u015bci odwiedzaj\u0105cych witryn\u0119 Twoja witryna!<\/b><\/p><\/div> <div class=\"application-platform-content-item-features application-platform-content-item\" id=\"features\" data-nav-section=\"features\"> <h2>Funkcje wtyczki formularza kontaktowego<\/h2> <ul><li>6 predefiniowanych szablon\u00f3w zaprojektowanych do najpopularniejszych zastosowa\u0144- przypadki<\/li><li>Dowolna liczba p\u00f3l<\/li><li>Tw\u00f3rz formularze nie tylko jednoetapowe, ale tak\u017ce wieloetapowe <\/li><li>Opisy dost\u0119pne dla ka\u017cdego elementu widoczne pod polem <\/li><li>Wiele adres\u00f3w e-mail do wysy\u0142ania wynik\u00f3w wype\u0142niania <\/li><li>Do formularza dodana jest niewidoczna obs\u0142uga reCAPTCHA<\/li><li>URL strony, na kt\u00f3rej formularz zosta\u0142 przes\u0142any, dodany do tre\u015bci wiadomo\u015bci . <\/li><\/ul><p><a href=\"#demo\">Po prostu wypr\u00f3buj t\u0119 wersj\u0119 demonstracyjn\u0105, aby zobaczy\u0107, jak to dzia\u0142a<\/a><\/p> <\/div> <div class=\"application-platform-content-item-installation application-platform-content-item\" id=\"installation\" data-nav-section=\"installation\"> <h2>Jak doda\u0107 formularz kontaktowy do mojej witryny PrestaShop? <\/h2> <p>Wystarczy wykona\u0107 poni\u017csze kroki, aby osadzi\u0107 narz\u0119dzie. <\/p> <ol><li><b>Skorzystaj z naszego darmowego edytora i zacznij kszta\u0142towa\u0107 sw\u00f3j unikalny instrument. <\/b><br> Wybierz preferowan\u0105 form\u0119 i cechy funkcjonalne dodatku i zapisz poprawki. <\/li> <li><b>Zdob\u0105d\u017a unikalny kod pojawiaj\u0105cy si\u0119 w polu aplikacji Elfsight. <\/b><br> Zaraz po wygenerowaniu dodatku skopiuj ekskluzywny kod z wy\u015bwietlonego wyskakuj\u0105cego okienka i zapisz go do dalszego wykorzystania. <\/li> <li><b>Rozpocznij korzystanie z widgetu na stronie PrestaShop. <\/b><br> Umie\u015b\u0107 zapisany wcze\u015bniej kod na swojej stronie i zapisz poprawki. <\/li> <li><b>Instalacja zosta\u0142a pomy\u015blnie uko\u0144czona. <\/b><br> Odwied\u017a swoj\u0105 stron\u0119 i zobacz, jak dzia\u0142a narz\u0119dzie. <\/li><\/ol> <p>Je\u015bli masz pytania lub napotkasz pewne problemy, skontaktuj si\u0119 z naszym personelem pomocniczym. Nasi konsultanci z przyjemno\u015bci\u0105 odpowiedz\u0105 na wszystkie pytania dotycz\u0105ce widgetu. <\/p> <div class=\"faq\" data-component=\"FAQ\"> <div class=\"faq-item\">\r\n\t\t\t\t\t<div class=\"faq-item-question\">\r\n\t\t\t\t\t\t<h3 class=\"faq-item-question-text\">Jak doda\u0107 formularz kontaktowy do mojej witryny PrestaShop bez umiej\u0119tno\u015bci kodowania?<\/h3>\r\n\r\n\t\t\t\t\t\t<div class=\"faq-item-question-icon\"><\/div>\r\n\t\t\t\t\t<\/div>\r\n\r\n\t\t\t\t\t<div class=\"faq-item-answer\">\r\n\t\t\t\t\t\t<div class=\"faq-item-answer-text\"> <p>Elfsight zapewnia rozwi\u0105zanie SaaS, kt\u00f3re pozwala samodzielnie utworzy\u0107 wid\u017cet formularza kontaktowego, zobacz, jak \u0142atwy jest ten proces to: Pracuj bezpo\u015brednio w edytorze online, aby utworzy\u0107 wid\u017cet formularza kontaktowego, kt\u00f3ry chcia\u0142by\u015b zobaczy\u0107 na swojej stronie PrestaShop. Wybierz jeden z gotowych szablon\u00f3w i dostosuj ustawienia Formularza kontaktowego, dodaj tre\u015b\u0107, zmie\u0144 uk\u0142ad i kolorystyk\u0119 bez umiej\u0119tno\u015bci kodowania. Zapisz Formularz kontaktowy i skopiuj jego kod instalacyjny, kt\u00f3ry mo\u017cesz wklei\u0107 na swojej stronie PrestaShop bez konieczno\u015bci zakupu p\u0142atnej subskrypcji. Dzi\u0119ki naszemu intuicyjnemu Edytorowi ka\u017cdy u\u017cytkownik Internetu mo\u017ce stworzy\u0107 wid\u017cet Formularza Kontaktowego online i \u0142atwo osadzi\u0107 go na swojej stronie PrestaShop. Aby uzyska\u0107 dost\u0119p do us\u0142ugi, nie trzeba p\u0142aci\u0107 ani wprowadza\u0107 danych uwierzytelniaj\u0105cych karty. Je\u015bli na kt\u00f3rymkolwiek etapie napotkasz jakiekolwiek problemy, skontaktuj si\u0119 z naszym zespo\u0142em pomocy technicznej.<\/p> <\/div>\r\n\t\t\t\t\t<\/div>\r\n\t\t\t\t<\/div><div class=\"faq-item\">\r\n\t\t\t\t\t<div class=\"faq-item-question\">\r\n\t\t\t\t\t\t<h3 class=\"faq-item-question-text\">Czy oferujecie szablony formularzy kontaktowych dla witryny PrestaShop?<\/h3>\r\n\r\n\t\t\t\t\t\t<div class=\"faq-item-question-icon\"><\/div>\r\n\t\t\t\t\t<\/div>\r\n\r\n\t\t\t\t\t<div class=\"faq-item-answer\">\r\n\t\t\t\t\t\t<div class=\"faq-item-answer-text\"><p>Tak, Elfsight oferuje ponad 300 gotowych do u\u017cycia szablon\u00f3w na ka\u017cd\u0105 okazj\u0119. Przyjrzyj si\u0119 bli\u017cej <a href=\"https:\/\/elfsight.com\/online-form-builder\/templates\/contact-forms\/\">szablonom formularzy kontaktowych<\/a> i wybierz ten, kt\u00f3ry najbardziej Ci si\u0119 podoba.<\/p><\/div>\r\n\t\t\t\t\t<\/div>\r\n\t\t\t\t<\/div> <\/div> <\/div>","protected":false},"excerpt":{"rendered":"","protected":false},"author":9,"featured_media":0,"parent":2289,"menu_order":0,"comment_status":"closed","ping_status":"closed","template":"templates\/template-application-platform.php","meta":{"publish_to_discourse":"","publish_post_category":"","wpdc_auto_publish_overridden":"","wpdc_topic_tags":"","wpdc_pin_topic":"","wpdc_pin_until":"","discourse_post_id":"","discourse_permalink":"","wpdc_publishing_response":"","wpdc_publishing_error":"","footnotes":""},"class_list":["post-4669","page","type-page","status-publish","hentry"],"yoast_head":"<!-- This site is optimized with the Yoast SEO plugin v25.3.1 - https:\/\/yoast.com\/wordpress\/plugins\/seo\/ -->\n<title>Utw\u00f3rz i dodaj formularz kontaktowy w PrestaShop za darmo!<\/title>\n<meta name=\"description\" content=\"Stw\u00f3rz swoj\u0105 wtyczk\u0119 do formularza kontaktowego dla PrestaShop i dodaj j\u0105 do swojej witryny w zaledwie 3 minuty. Darmowy edytor, wsparcie przy konfiguracji i bonusy!\" \/>\n<meta name=\"robots\" content=\"index, follow, max-snippet:-1, max-image-preview:large, max-video-preview:-1\" \/>\n<link rel=\"canonical\" href=\"https:\/\/elfsight.com\/pl\/contact-form-widget\/prestashop\/\" \/>\n<meta property=\"og:locale\" content=\"pl_PL\" \/>\n<meta property=\"og:type\" content=\"article\" \/>\n<meta property=\"og:title\" content=\"Utw\u00f3rz i dodaj formularz kontaktowy w PrestaShop za darmo!\" \/>\n<meta property=\"og:description\" content=\"Stw\u00f3rz swoj\u0105 wtyczk\u0119 do formularza kontaktowego dla PrestaShop i dodaj j\u0105 do swojej witryny w zaledwie 3 minuty. Darmowy edytor, wsparcie przy konfiguracji i bonusy!\" \/>\n<meta property=\"og:url\" content=\"https:\/\/elfsight.com\/pl\/contact-form-widget\/prestashop\/\" \/>\n<meta property=\"og:site_name\" content=\"Elfsight PL\" \/>\n<meta property=\"article:modified_time\" content=\"2024-10-24T12:09:08+00:00\" \/>\n<meta name=\"twitter:card\" content=\"summary_large_image\" \/>\n<meta name=\"twitter:label1\" content=\"Szacowany czas czytania\" \/>\n\t<meta name=\"twitter:data1\" content=\"3 minuty\" \/>\n<!-- \/ Yoast SEO plugin. -->","yoast_head_json":{"title":"Utw\u00f3rz i dodaj formularz kontaktowy w PrestaShop za darmo!","description":"Stw\u00f3rz swoj\u0105 wtyczk\u0119 do formularza kontaktowego dla PrestaShop i dodaj j\u0105 do swojej witryny w zaledwie 3 minuty. Darmowy edytor, wsparcie przy konfiguracji i bonusy!","robots":{"index":"index","follow":"follow","max-snippet":"max-snippet:-1","max-image-preview":"max-image-preview:large","max-video-preview":"max-video-preview:-1"},"canonical":"https:\/\/elfsight.com\/pl\/contact-form-widget\/prestashop\/","og_locale":"pl_PL","og_type":"article","og_title":"Utw\u00f3rz i dodaj formularz kontaktowy w PrestaShop za darmo!","og_description":"Stw\u00f3rz swoj\u0105 wtyczk\u0119 do formularza kontaktowego dla PrestaShop i dodaj j\u0105 do swojej witryny w zaledwie 3 minuty. Darmowy edytor, wsparcie przy konfiguracji i bonusy!","og_url":"https:\/\/elfsight.com\/pl\/contact-form-widget\/prestashop\/","og_site_name":"Elfsight PL","article_modified_time":"2024-10-24T12:09:08+00:00","twitter_card":"summary_large_image","twitter_misc":{"Szacowany czas czytania":"3 minuty"},"schema":{"@context":"https:\/\/schema.org","@graph":[{"@type":"WebPage","@id":"https:\/\/elfsight.com\/pl\/contact-form-widget\/prestashop\/","url":"https:\/\/elfsight.com\/pl\/contact-form-widget\/prestashop\/","name":"Utw\u00f3rz i dodaj formularz kontaktowy w PrestaShop za darmo!","isPartOf":{"@id":"https:\/\/elfsight.com\/pl\/#website"},"datePublished":"2024-05-03T06:32:40+00:00","dateModified":"2024-10-24T12:09:08+00:00","description":"Stw\u00f3rz swoj\u0105 wtyczk\u0119 do formularza kontaktowego dla PrestaShop i dodaj j\u0105 do swojej witryny w zaledwie 3 minuty. Darmowy edytor, wsparcie przy konfiguracji i bonusy!","breadcrumb":{"@id":"https:\/\/elfsight.com\/pl\/contact-form-widget\/prestashop\/#breadcrumb"},"inLanguage":"pl-PL","potentialAction":[{"@type":"ReadAction","target":["https:\/\/elfsight.com\/pl\/contact-form-widget\/prestashop\/"]}]},{"@type":"BreadcrumbList","@id":"https:\/\/elfsight.com\/pl\/contact-form-widget\/prestashop\/#breadcrumb","itemListElement":[{"@type":"ListItem","position":1,"name":"Home","item":"https:\/\/elfsight.com\/pl\/"},{"@type":"ListItem","position":2,"name":"Contact Form","item":"https:\/\/elfsight.com\/pl\/contact-form-widget\/"},{"@type":"ListItem","position":3,"name":"Contact Form &#8211; PrestaShop"}]},{"@type":"WebSite","@id":"https:\/\/elfsight.com\/pl\/#website","url":"https:\/\/elfsight.com\/pl\/","name":"Elfsight PL","description":"Just another Elfsight Sites site","potentialAction":[{"@type":"SearchAction","target":{"@type":"EntryPoint","urlTemplate":"https:\/\/elfsight.com\/pl\/?s={search_term_string}"},"query-input":{"@type":"PropertyValueSpecification","valueRequired":true,"valueName":"search_term_string"}}],"inLanguage":"pl-PL"}]}},"meta_box":{"industry":"","seo_heading":"","heading":"","description":"","cta_heading":"","cta_description":"","application":"2288","h1":"Dodatek Formularz kontaktowy dla PrestaShop","h1_caption":"Z \u0142atwo\u015bci\u0105 tw\u00f3rz i osadzaj formularze kontaktowe na swojej stronie internetowej, aby bez wysi\u0142ku zach\u0119ca\u0107 u\u017cytkownik\u00f3w do interakcji i wysy\u0142ania zapyta\u0144 do Twojej witryny Prestashop.","application_category":[],"applications_title":"","applications_request_title":"","applications_request_button_text":"","hero_text":"","hero_video":"","hero_video_schema_markup":"","selling_points_title":"","selling_points_caption":"","selling_points":[],"selling_points_cta_text":"","features_title":"","features":"","ed_cta_examples_text":"","ed_cta_examples_hidden":"","ed_cta_demo_text":"","ed_cta_demo_hidden":"","why_caption":"","why_editor_title":"","why_editor_text":"","why_team_title":"","why_team_text":"","why_service_title":"","why_service_text":"","template_catalog_visible":"","template_catalog_title":"","template_catalog_text":"","template_catalog_categories_visible":"","demo_title":"Pospiesz si\u0119, aby \u0142atwo i szybko zbudowa\u0107 w\u0142asny formularz kontaktowy PrestaShop!","demo_caption":"Spersonalizuj go i umie\u015b\u0107 dodatek na swojej stronie internetowej, korzystaj\u0105c z wersji demonstracyjnej","default_faq_hidden":"","app_template_category":[],"platform":"586","template_public_id":"","codecanyon_url":"","codecanyon_item_id":"","codecanyon_price":"","pricing_caption":"","pricing_elfsight_apps_hide_column":"","pricing_elfsight_apps_url":"","pricing_codecanyon_price_caption":"","integration_category":[],"integration_request_title":"","integration_request_cta":"","integration_platform":"","integrations":[],"platform_category":[],"video_schema_markup":"","price":"od 0 USD \/ miesi\u0105c","trial":"","benefits":[{"text":"Bezp\u0142atna pomoc w instalacji"},{"text":"Wyj\u0105tkowe wsparcie"},{"text":"14-dniowa gwarancja zwrotu pieni\u0119dzy"}],"button_url":"#demo","button_target_blank":"","button_nofollow":"","attributes":[{"name":"Instaluje"},{"name":"Czu\u0142y"},{"name":"Kompatybilne przegl\u0105darki"}],"tags":[],"tags_disable_links":"","hide_more_platforms":"","video_object":"","demo_hide_cta":"","demo_hide_cloud_options":"","pricing_title":"","pricing":[{"pricing_icon":"platform","pricing_title":"Elfsight Apps","pricing_title_caption":"Wersja wieloplatformowa, kt\u00f3ra dzia\u0142a na ka\u017cdej stronie internetowej","pricing_price":"od 0 USD \/ miesi\u0105c","pricing_price_caption":"zacznij od bezp\u0142atnego planu","pricing_benefits":[{"text":"Nielimitowane domeny"},{"text":"Dedykowane wsparcie firmy i dobrze udokumentowane"},{"text":"Bezp\u0142atna pomoc w monta\u017cu"},{"text":"Elastyczny projekt"}],"pricing_button_text":"Dodaj do witryny","pricing_button_url":"#demo"}],"related_apps_title":"","related_apps_hidden":"","author":"","image":[],"title":"","job":"","social_networks":[]},"_links":{"self":[{"href":"https:\/\/elfsight.com\/pl\/wp-json\/wp\/v2\/pages\/4669","targetHints":{"allow":["GET"]}}],"collection":[{"href":"https:\/\/elfsight.com\/pl\/wp-json\/wp\/v2\/pages"}],"about":[{"href":"https:\/\/elfsight.com\/pl\/wp-json\/wp\/v2\/types\/page"}],"author":[{"embeddable":true,"href":"https:\/\/elfsight.com\/pl\/wp-json\/wp\/v2\/users\/9"}],"replies":[{"embeddable":true,"href":"https:\/\/elfsight.com\/pl\/wp-json\/wp\/v2\/comments?post=4669"}],"version-history":[{"count":1,"href":"https:\/\/elfsight.com\/pl\/wp-json\/wp\/v2\/pages\/4669\/revisions"}],"predecessor-version":[{"id":4673,"href":"https:\/\/elfsight.com\/pl\/wp-json\/wp\/v2\/pages\/4669\/revisions\/4673"}],"up":[{"embeddable":true,"href":"https:\/\/elfsight.com\/pl\/wp-json\/wp\/v2\/pages\/2289"}],"wp:attachment":[{"href":"https:\/\/elfsight.com\/pl\/wp-json\/wp\/v2\/media?parent=4669"}],"curies":[{"name":"wp","href":"https:\/\/api.w.org\/{rel}","templated":true}]}}