{"id":4662,"date":"2024-05-03T06:32:37","date_gmt":"2024-05-03T06:32:37","guid":{"rendered":"https:\/\/elfsight.com\/pl\/?page_id=4662"},"modified":"2024-11-14T09:35:13","modified_gmt":"2024-11-14T09:35:13","slug":"bigcommerce","status":"publish","type":"page","link":"https:\/\/elfsight.com\/pl\/click-to-call-widget\/bigcommerce\/","title":{"rendered":"Click to Call &#8211; BigCommerce"},"content":{"rendered":"<div class=\"application-platform-content-item-description application-platform-content-item\" id=\"description\" data-nav-section=\"description\"><h2>Opis<\/h2><p>Przycisk Zadzwo\u0144 teraz Elfsight to prosty widget strony internetowej, dzi\u0119ki kt\u00f3remu odbiorcy witryny szybciej dotr\u0105 do Ciebie na telefonie. W przypadku korzystania z telefon\u00f3w kom\u00f3rkowych widget wybiera numer, gdy u\u017cytkownik kliknie ikon\u0119 telefonu. Na komputerach stacjonarnych i tabletach klikni\u0119cie wy\u015bwietla Tw\u00f3j numer w witrynie i pomaga u\u017cytkownikom natychmiast go wybra\u0107. Mo\u017cliwe jest nie tylko ujawnienie numeru telefonu, ale tak\u017ce wy\u015bwietlenie okna po\u0142\u0105czenia, kt\u00f3re zawiera imi\u0119 i nazwisko oraz zdj\u0119cie osoby kontaktowej z klientem oraz podpis. Wszystkie te cz\u0119\u015bci s\u0105 elastyczne, co pozwala na konfigurowanie r\u00f3\u017cnych wygl\u0105d\u00f3w interfejsu. Mo\u017cesz tak\u017ce ustawi\u0107 wyzwalacz powoduj\u0105cy wy\u015bwietlenie dymka z telefonem i ustawi\u0107 kategori\u0119 odbiorc\u00f3w witryny, dla kt\u00f3rej b\u0119dzie on aktywny.<\/p><div class=\"faq\" data-component=\"FAQ\"><div class=\"faq-item\">\r\n\t\t\t\t\t<div class=\"faq-item-question\">\r\n\t\t\t\t\t\t<h3 class=\"faq-item-question-text\">Gdzie w mojej witrynie mog\u0119 go wstawi\u0107<\/h3>\r\n\r\n\t\t\t\t\t\t<div class=\"faq-item-question-icon\"><\/div>\r\n\t\t\t\t\t<\/div>\r\n\r\n\t\t\t\t\t<div class=\"faq-item-answer\">\r\n\t\t\t\t\t\t<div class=\"faq-item-answer-text\"><p>Mo\u017cesz wprowadzi\u0107 Elfsight Click To Call na dowolnej stronie lub na wszystkich stronach internetowych. W ustawieniach wid\u017cetu mo\u017cesz wprowadzi\u0107 adresy URL stron, na kt\u00f3rych chcesz w\u0142\u0105czy\u0107 wid\u017cet. Mo\u017cesz te\u017c zastosowa\u0107 funkcj\u0119 Wyklucz i wprowad\u017a adresy URL stron, na kt\u00f3rych chcesz ograniczy\u0107 prezentacj\u0119 wid\u017cetu.<\/p><\/div>\r\n\t\t\t\t\t<\/div>\r\n\t\t\t\t<\/div><div class=\"faq-item\">\r\n\t\t\t\t\t<div class=\"faq-item-question\">\r\n\t\t\t\t\t\t<h3 class=\"faq-item-question-text\">Jakie korzy\u015bci mi to da?<\/h3>\r\n\r\n\t\t\t\t\t\t<div class=\"faq-item-question-icon\"><\/div>\r\n\t\t\t\t\t<\/div>\r\n\r\n\t\t\t\t\t<div class=\"faq-item-answer\">\r\n\t\t\t\t\t\t<div class=\"faq-item-answer-text\"><p>Mo\u017cesz odbiera\u0107 wi\u0119cej po\u0142\u0105cze\u0144 od os\u00f3b odwiedzaj\u0105cych witryn\u0119 za pomoc\u0105 natychmiastowego i prostego sposobu dzwonienia do Ciebie, bez konieczno\u015bci opuszczania witryny. Przyczyni si\u0119 to do cz\u0119stszych bezpo\u015brednich rozm\u00f3w i przekszta\u0142cenia odwiedzaj\u0105cych w klient\u00f3w. Mo\u017cesz tak\u017ce utworzy\u0107 baz\u0119 potencjalnych klient\u00f3w.<\/p><\/div>\r\n\t\t\t\t\t<\/div>\r\n\t\t\t\t<\/div><div class=\"faq-item\">\r\n\t\t\t\t\t<div class=\"faq-item-question\">\r\n\t\t\t\t\t\t<h3 class=\"faq-item-question-text\">Jak mog\u0119 osadzi\u0107 przycisk po\u0142\u0105czenia w mojej witrynie BigCommerce?<\/h3>\r\n\r\n\t\t\t\t\t\t<div class=\"faq-item-question-icon\"><\/div>\r\n\t\t\t\t\t<\/div>\r\n\r\n\t\t\t\t\t<div class=\"faq-item-answer\">\r\n\t\t\t\t\t\t<div class=\"faq-item-answer-text\"><p>Ustawienie zajmie Ci minut\u0119 w g\u00f3r\u0119 wid\u017cetu. Osadzanie jest bardzo szybkie, bezp\u0142atne i nie wymaga kodowania.<\/p><p>Wid\u017cet mo\u017cna osadzi\u0107 w naszym serwisie lub poprzez platform\u0119 handlow\u0105. Tutaj mo\u017cesz przeczyta\u0107 wszystkie szczeg\u00f3\u0142y dotycz\u0105ce tych wariant\u00f3w i wybra\u0107 sw\u00f3j.<\/p><\/div>\r\n\t\t\t\t\t<\/div>\r\n\t\t\t\t<\/div><\/div><\/div><div class=\"application-platform-content-item-features application-platform-content-item\" id=\"features\" data-nav-section=\"features\"><h2>Funkcje<\/h2><p>Aby osi\u0105gn\u0105\u0107 Je\u015bli masz lepszy pomys\u0142 na aplikacj\u0119 Click to Call, zapoznaj si\u0119 z list\u0105 podstawowych funkcji. Sprawiaj\u0105, \u017ce widget jest naprawd\u0119 korzystny dla Twojej firmy:<\/p><ul><li>Natychmiastowe wybieranie numer\u00f3w na telefonach kom\u00f3rkowych;<\/li> <li>Trzy opcje pozycji wid\u017cetu: p\u0142ywaj\u0105ca w lewo lub w prawo lub niestandardowa;<\/li> <li>Mo\u017cliwo\u015b\u0107 umieszczenia widgetu na wybranych stronach lub wykluczenia stron internetowych;<\/li> <li>Wybierz warianty odwiedzaj\u0105cych, aby zobaczy\u0107 widget: wszyscy, nowi i powracaj\u0105cy;<\/li> <li> Wbudowane wyzwalacze widgetu: czas czas sp\u0119dzony na stronie, czas sp\u0119dzony w witrynie, procent przewijania i zamiar wyj\u015bcia.<\/li> <\/ul><p><a href=\"#demo\">Sprawd\u017a wszystkie funkcje w naszej wersji demonstracyjnej na \u017cywo<\/a><\/p><\/div> <div class=\"application-platform-content-item-installation application-platform-content-item\" id=\"installation\" data-nav-section=\"installation\"> <h2>Jak doda\u0107 przycisk Kliknij, aby po\u0142\u0105czy\u0107 do swojej witryny BigCommerce<\/h2><p>Wystarczy wykona\u0107 poni\u017csze wskaz\u00f3wki, aby rozpocz\u0105\u0107 korzystanie z wid\u017cetu w BigCommerce. <\/p> <ol><li><b>Skorzystaj z naszego bezp\u0142atnego konfiguratora i zacznij tworzy\u0107 w\u0142asn\u0105 aplikacj\u0119. <\/b><br> Znajd\u017a odpowiedni interfejs i funkcje narz\u0119dzia i zapisz poprawki. <\/li> <li><b>Odbierz sw\u00f3j unikalny kod wy\u015bwietlony w oknie aplikacji Elfsight. <\/b><br> Po zako\u0144czeniu dostosowywania wid\u017cetu \u201eKliknij, aby po\u0142\u0105czy\u0107\u201d skopiuj kod osobisty z wyskakuj\u0105cego okienka i zachowaj go do wykorzystania w przysz\u0142o\u015bci. <\/li> <li><b>Wpisz ch\u0119\u0107 korzystania z wid\u017cetu na stronie BigCommerce. <\/b><br> Wprowad\u017a skopiowany wcze\u015bniej kod na swoj\u0105 stron\u0119 i zapisz zmiany. <\/li> <li><b>Instalacja zosta\u0142a pomy\u015blnie zako\u0144czona. <\/b><br> Odwied\u017a swoj\u0105 witryn\u0119, aby zobaczy\u0107, jak dzia\u0142a aplikacja. <\/li><\/ol><p>Nadal masz w\u0105tpliwo\u015bci? Lub masz pytania do zadania? Po prostu napisz wniosek do naszego dzia\u0142u obs\u0142ugi klienta, a my rozwi\u0105\u017cemy ka\u017cdy problem.<\/p><\/div>","protected":false},"excerpt":{"rendered":"","protected":false},"author":9,"featured_media":0,"parent":2764,"menu_order":0,"comment_status":"closed","ping_status":"closed","template":"templates\/template-application-platform.php","meta":{"publish_to_discourse":"","publish_post_category":"","wpdc_auto_publish_overridden":"","wpdc_topic_tags":"","wpdc_pin_topic":"","wpdc_pin_until":"","discourse_post_id":"","discourse_permalink":"","wpdc_publishing_response":"","wpdc_publishing_error":"","footnotes":""},"class_list":["post-4662","page","type-page","status-publish","hentry"],"yoast_head":"<!-- This site is optimized with the Yoast SEO plugin v25.3.1 - https:\/\/yoast.com\/wordpress\/plugins\/seo\/ -->\n<title>Przycisk po\u0142\u0105czenia Bigcommerce | Dodaj aplikacj\u0119 \u201eKliknij, aby po\u0142\u0105czy\u0107\u201d na stronie internetowej [2026]<\/title>\n<meta name=\"description\" content=\"Utw\u00f3rz aplikacj\u0119 przycisku \u201eKliknij, aby po\u0142\u0105czy\u0107\u201d i dodaj j\u0105 do swojej witryny BigCommerce. Uzyskaj bezp\u0142atn\u0105 obs\u0142ug\u0119 klienta i inne bonusy od Elfsight.\" \/>\n<meta name=\"robots\" content=\"index, follow, max-snippet:-1, max-image-preview:large, max-video-preview:-1\" \/>\n<link rel=\"canonical\" href=\"https:\/\/elfsight.com\/pl\/click-to-call-widget\/bigcommerce\/\" \/>\n<meta property=\"og:locale\" content=\"pl_PL\" \/>\n<meta property=\"og:type\" content=\"article\" \/>\n<meta property=\"og:title\" content=\"Przycisk po\u0142\u0105czenia Bigcommerce | Dodaj aplikacj\u0119 \u201eKliknij, aby po\u0142\u0105czy\u0107\u201d na stronie internetowej [2026]\" \/>\n<meta property=\"og:description\" content=\"Utw\u00f3rz aplikacj\u0119 przycisku \u201eKliknij, aby po\u0142\u0105czy\u0107\u201d i dodaj j\u0105 do swojej witryny BigCommerce. Uzyskaj bezp\u0142atn\u0105 obs\u0142ug\u0119 klienta i inne bonusy od Elfsight.\" \/>\n<meta property=\"og:url\" content=\"https:\/\/elfsight.com\/pl\/click-to-call-widget\/bigcommerce\/\" \/>\n<meta property=\"og:site_name\" content=\"Elfsight PL\" \/>\n<meta property=\"article:modified_time\" content=\"2024-11-14T09:35:13+00:00\" \/>\n<meta name=\"twitter:card\" content=\"summary_large_image\" \/>\n<meta name=\"twitter:label1\" content=\"Szacowany czas czytania\" \/>\n\t<meta name=\"twitter:data1\" content=\"3 minuty\" \/>\n<!-- \/ Yoast SEO plugin. -->","yoast_head_json":{"title":"Przycisk po\u0142\u0105czenia Bigcommerce | Dodaj aplikacj\u0119 \u201eKliknij, aby po\u0142\u0105czy\u0107\u201d na stronie internetowej [2026]","description":"Utw\u00f3rz aplikacj\u0119 przycisku \u201eKliknij, aby po\u0142\u0105czy\u0107\u201d i dodaj j\u0105 do swojej witryny BigCommerce. Uzyskaj bezp\u0142atn\u0105 obs\u0142ug\u0119 klienta i inne bonusy od Elfsight.","robots":{"index":"index","follow":"follow","max-snippet":"max-snippet:-1","max-image-preview":"max-image-preview:large","max-video-preview":"max-video-preview:-1"},"canonical":"https:\/\/elfsight.com\/pl\/click-to-call-widget\/bigcommerce\/","og_locale":"pl_PL","og_type":"article","og_title":"Przycisk po\u0142\u0105czenia Bigcommerce | Dodaj aplikacj\u0119 \u201eKliknij, aby po\u0142\u0105czy\u0107\u201d na stronie internetowej [2026]","og_description":"Utw\u00f3rz aplikacj\u0119 przycisku \u201eKliknij, aby po\u0142\u0105czy\u0107\u201d i dodaj j\u0105 do swojej witryny BigCommerce. Uzyskaj bezp\u0142atn\u0105 obs\u0142ug\u0119 klienta i inne bonusy od Elfsight.","og_url":"https:\/\/elfsight.com\/pl\/click-to-call-widget\/bigcommerce\/","og_site_name":"Elfsight PL","article_modified_time":"2024-11-14T09:35:13+00:00","twitter_card":"summary_large_image","twitter_misc":{"Szacowany czas czytania":"3 minuty"},"schema":{"@context":"https:\/\/schema.org","@graph":[{"@type":"WebPage","@id":"https:\/\/elfsight.com\/pl\/click-to-call-widget\/bigcommerce\/","url":"https:\/\/elfsight.com\/pl\/click-to-call-widget\/bigcommerce\/","name":"Przycisk po\u0142\u0105czenia Bigcommerce | Dodaj aplikacj\u0119 \u201eKliknij, aby po\u0142\u0105czy\u0107\u201d na stronie internetowej [2026]","isPartOf":{"@id":"https:\/\/elfsight.com\/pl\/#website"},"datePublished":"2024-05-03T06:32:37+00:00","dateModified":"2024-11-14T09:35:13+00:00","description":"Utw\u00f3rz aplikacj\u0119 przycisku \u201eKliknij, aby po\u0142\u0105czy\u0107\u201d i dodaj j\u0105 do swojej witryny BigCommerce. Uzyskaj bezp\u0142atn\u0105 obs\u0142ug\u0119 klienta i inne bonusy od Elfsight.","breadcrumb":{"@id":"https:\/\/elfsight.com\/pl\/click-to-call-widget\/bigcommerce\/#breadcrumb"},"inLanguage":"pl-PL","potentialAction":[{"@type":"ReadAction","target":["https:\/\/elfsight.com\/pl\/click-to-call-widget\/bigcommerce\/"]}]},{"@type":"BreadcrumbList","@id":"https:\/\/elfsight.com\/pl\/click-to-call-widget\/bigcommerce\/#breadcrumb","itemListElement":[{"@type":"ListItem","position":1,"name":"Home","item":"https:\/\/elfsight.com\/pl\/"},{"@type":"ListItem","position":2,"name":"Click to Call","item":"https:\/\/elfsight.com\/pl\/click-to-call-widget\/"},{"@type":"ListItem","position":3,"name":"Click to Call &#8211; BigCommerce"}]},{"@type":"WebSite","@id":"https:\/\/elfsight.com\/pl\/#website","url":"https:\/\/elfsight.com\/pl\/","name":"Elfsight PL","description":"Just another Elfsight Sites site","potentialAction":[{"@type":"SearchAction","target":{"@type":"EntryPoint","urlTemplate":"https:\/\/elfsight.com\/pl\/?s={search_term_string}"},"query-input":{"@type":"PropertyValueSpecification","valueRequired":true,"valueName":"search_term_string"}}],"inLanguage":"pl-PL"}]}},"meta_box":{"industry":"","seo_heading":"","heading":"","description":"","cta_heading":"","cta_description":"","application":"2763","h1":"Przycisk \u201eKliknij, aby po\u0142\u0105czy\u0107\u201d firmy BigCommerce","h1_caption":"Pozw\u00f3l u\u017cytkownikom na natychmiastowy kontakt z Tob\u0105 za pomoc\u0105 prostego przycisku \u201ekliknij, aby po\u0142\u0105czy\u0107\u201d, dzi\u0119ki czemu \u0142atwiej b\u0119dzie Ci bezproblemowo skontaktowa\u0107 si\u0119 bezpo\u015brednio z Twoj\u0105 witryn\u0105 BigCommerce.","application_category":[],"applications_title":"","applications_request_title":"","applications_request_button_text":"","hero_text":"","hero_video":"","hero_video_schema_markup":"","selling_points_title":"","selling_points_caption":"","selling_points":[],"selling_points_cta_text":"","features_title":"","features":"","ed_cta_examples_text":"","ed_cta_examples_hidden":"","ed_cta_demo_text":"","ed_cta_demo_hidden":"","why_caption":"","why_editor_title":"","why_editor_text":"","why_team_title":"","why_team_text":"","why_service_title":"","why_service_text":"","template_catalog_visible":"","template_catalog_title":"","template_catalog_text":"","template_catalog_categories_visible":"","demo_title":"Utw\u00f3rz aplikacj\u0119 \u201ekliknij, aby po\u0142\u0105czy\u0107\u201d.","demo_caption":"Skonfiguruj us\u0142ug\u0119 Click to Call i dodaj j\u0105 do swojej witryny BigCommerce za darmo!","default_faq_hidden":"","app_template_category":[],"platform":"41","template_public_id":"","codecanyon_url":"","codecanyon_item_id":"","codecanyon_price":"","pricing_caption":"","pricing_elfsight_apps_hide_column":"","pricing_elfsight_apps_url":"","pricing_codecanyon_price_caption":"","integration_category":[],"integration_request_title":"","integration_request_cta":"","integration_platform":"","integrations":[],"platform_category":[],"video_schema_markup":"","price":"od 0 USD \/ miesi\u0105c","trial":"","benefits":[{"text":"Bezp\u0142atna us\u0142uga monta\u017cu"},{"text":"Profesjonalna obs\u0142uga klienta"},{"text":"14-dniowa gwarancja zwrotu pieni\u0119dzy"}],"button_url":"#demo","button_target_blank":"","button_nofollow":"","attributes":[{"name":"Instaluje"},{"name":"Czu\u0142y"},{"name":"Kompatybilne przegl\u0105darki"}],"tags":[],"tags_disable_links":"","hide_more_platforms":"","video_object":"","demo_hide_cta":"","demo_hide_cloud_options":"","pricing_title":"","pricing":[{"pricing_icon":"platform","pricing_title":"Elfsight Apps","pricing_title_caption":"Rozwi\u0105zanie niezale\u017cne od platformy, kt\u00f3re dzia\u0142a na ka\u017cdej witrynie","pricing_price":"od 0 USD \/ miesi\u0105c","pricing_price_caption":"zacznij od bezp\u0142atnego planu","pricing_benefits":[{"text":"Nielimitowane strony internetowe"},{"text":"Bezp\u0142atne wsparcie firmy i dobrze udokumentowane"},{"text":"Bezp\u0142atna us\u0142uga monta\u017cu"},{"text":"100% konfigurowalny"}],"pricing_button_text":"Dodaj do witryny","pricing_button_url":"#demo"}],"related_apps_title":"","related_apps_hidden":"","author":"","image":[],"title":"","job":"","social_networks":[]},"_links":{"self":[{"href":"https:\/\/elfsight.com\/pl\/wp-json\/wp\/v2\/pages\/4662","targetHints":{"allow":["GET"]}}],"collection":[{"href":"https:\/\/elfsight.com\/pl\/wp-json\/wp\/v2\/pages"}],"about":[{"href":"https:\/\/elfsight.com\/pl\/wp-json\/wp\/v2\/types\/page"}],"author":[{"embeddable":true,"href":"https:\/\/elfsight.com\/pl\/wp-json\/wp\/v2\/users\/9"}],"replies":[{"embeddable":true,"href":"https:\/\/elfsight.com\/pl\/wp-json\/wp\/v2\/comments?post=4662"}],"version-history":[{"count":1,"href":"https:\/\/elfsight.com\/pl\/wp-json\/wp\/v2\/pages\/4662\/revisions"}],"predecessor-version":[{"id":4666,"href":"https:\/\/elfsight.com\/pl\/wp-json\/wp\/v2\/pages\/4662\/revisions\/4666"}],"up":[{"embeddable":true,"href":"https:\/\/elfsight.com\/pl\/wp-json\/wp\/v2\/pages\/2764"}],"wp:attachment":[{"href":"https:\/\/elfsight.com\/pl\/wp-json\/wp\/v2\/media?parent=4662"}],"curies":[{"name":"wp","href":"https:\/\/api.w.org\/{rel}","templated":true}]}}