{"id":4661,"date":"2024-05-03T06:32:36","date_gmt":"2024-05-03T06:32:36","guid":{"rendered":"https:\/\/elfsight.com\/pl\/?page_id=4661"},"modified":"2024-11-14T09:35:13","modified_gmt":"2024-11-14T09:35:13","slug":"blogger","status":"publish","type":"page","link":"https:\/\/elfsight.com\/pl\/click-to-call-widget\/blogger\/","title":{"rendered":"Click to Call &#8211; Blogger"},"content":{"rendered":"<div class=\"application-platform-content-item-description application-platform-content-item\" id=\"description\" data-nav-section=\"description\"> <h2>Opis<\/h2> <p>Przycisk Zadzwo\u0144 teraz Elfsight to prosty widget dla dowolnej witryny, dzi\u0119ki kt\u00f3remu odwiedzaj\u0105cy szybciej dotr\u0105 do niej zadzwoni\u0119 do ciebie. Widget ogl\u0105dany na telefonie kom\u00f3rkowym rozpoczyna wybieranie wybranego numeru zaraz po klikni\u0119ciu dymku z telefonem. W przypadku korzystania z komputera i tabletu klikni\u0119cie wy\u015bwietli Tw\u00f3j numer na stronie i pomo\u017ce u\u017cytkownikom natychmiast do Ciebie zadzwoni\u0107. Istnieje mo\u017cliwo\u015b\u0107 nie tylko pokazania numeru telefonu, ale tak\u017ce pokazania okna po\u0142\u0105czenia, w kt\u00f3rym u\u017cytkownicy mog\u0105 zobaczy\u0107 imi\u0119 i nazwisko oraz zdj\u0119cie osoby kontaktowej z klientem oraz podpis. Wszystkie cz\u0119\u015bci s\u0105 elastyczne, co pozwala na tworzenie r\u00f3\u017cnorodnego wygl\u0105du interfejsu. Mo\u017cesz tak\u017ce przypisa\u0107 wyzwalacz aktywuj\u0105cy dymek telefoniczny i zdecydowa\u0107, dla jakiej kategorii widz\u00f3w b\u0119dzie on widoczny. <\/p> <div class=\"faq\" data-component=\"FAQ\"><div class=\"faq-item\">\r\n\t\t\t\t\t<div class=\"faq-item-question\">\r\n\t\t\t\t\t\t<h3 class=\"faq-item-question-text\">Gdzie w mojej witrynie mog\u0119 opublikowa\u0107 t\u0119 wtyczk\u0119<\/h3>\r\n\r\n\t\t\t\t\t\t<div class=\"faq-item-question-icon\"><\/div>\r\n\t\t\t\t\t<\/div>\r\n\r\n\t\t\t\t\t<div class=\"faq-item-answer\">\r\n\t\t\t\t\t\t<div class=\"faq-item-answer-text\"> <p>Mo\u017cesz j\u0105 wstawi\u0107 na dowolnej stronie swojej witryny lub na wszystkich stronach. W ustawieniach Kliknij, aby po\u0142\u0105czy\u0107 mo\u017cesz wstawi\u0107 adresy URL stron, na kt\u00f3rych chcesz umie\u015bci\u0107 widget. Alternatywnie u\u017cyj funkcji Wyklucz i dodaj adresy URL konkretnych stron, na kt\u00f3rych chcesz zabroni\u0107 wy\u015bwietlania wid\u017cetu. <\/p> <\/div>\r\n\t\t\t\t\t<\/div>\r\n\t\t\t\t<\/div><div class=\"faq-item\">\r\n\t\t\t\t\t<div class=\"faq-item-question\">\r\n\t\t\t\t\t\t<h3 class=\"faq-item-question-text\">Jakie korzy\u015bci odnios\u0119 z widgetu po\u0142\u0105cze\u0144?<\/h3>\r\n\r\n\t\t\t\t\t\t<div class=\"faq-item-question-icon\"><\/div>\r\n\t\t\t\t\t<\/div>\r\n\r\n\t\t\t\t\t<div class=\"faq-item-answer\">\r\n\t\t\t\t\t\t<div class=\"faq-item-answer-text\"> <p>Mo\u017cesz zacz\u0105\u0107 odbiera\u0107 wi\u0119cej po\u0142\u0105cze\u0144 od klient\u00f3w dzi\u0119ki szybkiemu i wygodnemu sposobowi wykonywania po\u0142\u0105cze\u0144 przez telefon, bez konieczno\u015bci opuszczenie strony internetowej. Mo\u017ce to przyczyni\u0107 si\u0119 do cz\u0119stszych bezpo\u015brednich rozm\u00f3w i przekszta\u0142cenia odwiedzaj\u0105cych w klient\u00f3w. Co wi\u0119cej, mo\u017cesz gromadzi\u0107 baz\u0119 potencjalnych klient\u00f3w. <\/p> <\/div>\r\n\t\t\t\t\t<\/div>\r\n\t\t\t\t<\/div> <div class=\"faq-item\">\r\n\t\t\t\t\t<div class=\"faq-item-question\">\r\n\t\t\t\t\t\t<h3 class=\"faq-item-question-text\">Jak zainstalowa\u0107 wid\u017cet po\u0142\u0105cze\u0144 w mojej witrynie Bloggera?<\/h3>\r\n\r\n\t\t\t\t\t\t<div class=\"faq-item-question-icon\"><\/div>\r\n\t\t\t\t\t<\/div>\r\n\r\n\t\t\t\t\t<div class=\"faq-item-answer\">\r\n\t\t\t\t\t\t<div class=\"faq-item-answer-text\"> <p>Wystarczy tylko dwie minuty, aby go skonfigurowa\u0107. Osadzanie jest naprawd\u0119 szybkie, bezp\u0142atne i nie wymaga kodowania. <\/p> <p>&gt;Wid\u017cet po\u0142\u0105cze\u0144 mo\u017cesz zintegrowa\u0107 ze swoj\u0105 witryn\u0105 bezpo\u015brednio w naszym serwisie. W tym celu zastosuj si\u0119 do poni\u017cszego przewodnika na tej stronie.<\/p> <\/div>\r\n\t\t\t\t\t<\/div>\r\n\t\t\t\t<\/div> <\/div> <\/div> <div class=\"application-platform-content-item-features application-platform-content-item\" id=\"features\" data-nav-section=\"features\"> <h2>Funkcje<\/h2> <p>Aby kszta\u0142towa\u0107 przejrzysty pomys\u0142 na wid\u017cet, przejrzyj list\u0119 jego najwa\u017cniejszych funkcji. Dzi\u0119ki nim ten widget jest dla Ciebie niezwykle przydatny: <\/p> <ul><li>Natychmiastowe wybieranie numer\u00f3w z telefon\u00f3w kom\u00f3rkowych; <\/li> <li>Wybierz jedn\u0105 z opcji pozycji wid\u017cetu: p\u0142ywaj\u0105ca w lewo lub w prawo lub niestandardowa; <\/li> <li>Opcja pokazania wid\u017cetu na okre\u015blonych stronach internetowych lub wykluczenia stron; <\/li> <li>Trzy typy odwiedzaj\u0105cych, kt\u00f3rym b\u0119dzie wy\u015bwietlany wid\u017cet: wszyscy, nowi lub powracaj\u0105cy; <\/li> <li> Cztery wbudowane wyzwalacze otwarcia widgetu: czas sp\u0119dzony na stronie, czas sp\u0119dzony na stronie, ilo\u015b\u0107 przewini\u0119\u0107 i pr\u00f3ba opuszczenia witryny. <\/li> <\/ul><p><a href=\"#demo\">Aby pozna\u0107 wi\u0119cej funkcji, zobacz demonstracj\u0119<\/a><\/p> <\/div> <div class=\"application-platform-content-item-installation application-platform-content-item\" id=\"installation\" data-nav-section=\"installation\"> <h2> Jak doda\u0107 wid\u017cet \u201eKliknij, aby po\u0142\u0105czy\u0107\u201d do swojej witryny Bloggera<\/h2> <p>Poni\u017csze kroki to jedyne czynno\u015bci, kt\u00f3re musisz wykona\u0107, aby wid\u017cet zosta\u0142 aktywowany. <\/p> <ol><li><b>Skonstruuj w\u0142asn\u0105 wtyczk\u0119 po\u0142\u0105cze\u0144<\/b><br> Za pomoc\u0105 naszego bezp\u0142atnego edytora utw\u00f3rz wtyczk\u0119 o niestandardowym uk\u0142adzie i funkcjonalno\u015bci. <\/li><li><b>Otrzymaj indywidualny kod do zainstalowania wtyczki<\/b><br> Po skonfigurowaniu wid\u017cetu kod instalacyjny uzyskasz z wy\u015bwietlonego okna aplikacji Elfsight. Skopiuj to. <\/li> <li><b>Zintegruj wtyczk\u0119 ze swoj\u0105 witryn\u0105 Bloggera<\/b><br> Przejd\u017a do obszaru, z kt\u00f3rym planujesz zintegrowa\u0107 wtyczk\u0119 i dodaj tam skopiowany kod. Opublikuj zmiany. <\/li> <li><b>Instalacja zosta\u0142a zako\u0144czona<\/b><br> Wejd\u017a na stron\u0119, aby zobaczy\u0107 swoj\u0105 wtyczk\u0119 Call. <\/li> <\/ol><p>Nadal masz w\u0105tpliwo\u015bci? Albo masz problemy? Wystarczy jedno zg\u0142oszenie do naszego dzia\u0142u obs\u0142ugi klienta, aby rozwi\u0105za\u0107 ka\u017cdy problem. <\/p> <\/div>","protected":false},"excerpt":{"rendered":"","protected":false},"author":9,"featured_media":0,"parent":2764,"menu_order":0,"comment_status":"closed","ping_status":"closed","template":"templates\/template-application-platform.php","meta":{"publish_to_discourse":"","publish_post_category":"","wpdc_auto_publish_overridden":"","wpdc_topic_tags":"","wpdc_pin_topic":"","wpdc_pin_until":"","discourse_post_id":"","discourse_permalink":"","wpdc_publishing_response":"","wpdc_publishing_error":"","footnotes":""},"class_list":["post-4661","page","type-page","status-publish","hentry"],"yoast_head":"<!-- This site is optimized with the Yoast SEO plugin v25.3.1 - https:\/\/yoast.com\/wordpress\/plugins\/seo\/ -->\n<title>Dodaj wid\u017cet przycisku \u201eKliknij, aby po\u0142\u0105czy\u0107\u201d na stronie Bloggera (bezp\u0142atny i szybki)<\/title>\n<meta name=\"description\" content=\"Dzi\u0119ki Elfsight mo\u017cesz szybko utworzy\u0107 us\u0142ug\u0119 \u201ekliknij, aby po\u0142\u0105czy\u0107\u201d i doda\u0107 j\u0105 do witryny Bloggera. Mamy bezp\u0142atn\u0105 obs\u0142ug\u0119 klienta i wi\u0119cej bonus\u00f3w.\" \/>\n<meta name=\"robots\" content=\"index, follow, max-snippet:-1, max-image-preview:large, max-video-preview:-1\" \/>\n<link rel=\"canonical\" href=\"https:\/\/elfsight.com\/pl\/click-to-call-widget\/blogger\/\" \/>\n<meta property=\"og:locale\" content=\"pl_PL\" \/>\n<meta property=\"og:type\" content=\"article\" \/>\n<meta property=\"og:title\" content=\"Dodaj wid\u017cet przycisku \u201eKliknij, aby po\u0142\u0105czy\u0107\u201d na stronie Bloggera (bezp\u0142atny i szybki)\" \/>\n<meta property=\"og:description\" content=\"Dzi\u0119ki Elfsight mo\u017cesz szybko utworzy\u0107 us\u0142ug\u0119 \u201ekliknij, aby po\u0142\u0105czy\u0107\u201d i doda\u0107 j\u0105 do witryny Bloggera. Mamy bezp\u0142atn\u0105 obs\u0142ug\u0119 klienta i wi\u0119cej bonus\u00f3w.\" \/>\n<meta property=\"og:url\" content=\"https:\/\/elfsight.com\/pl\/click-to-call-widget\/blogger\/\" \/>\n<meta property=\"og:site_name\" content=\"Elfsight PL\" \/>\n<meta property=\"article:modified_time\" content=\"2024-11-14T09:35:13+00:00\" \/>\n<meta name=\"twitter:card\" content=\"summary_large_image\" \/>\n<meta name=\"twitter:label1\" content=\"Szacowany czas czytania\" \/>\n\t<meta name=\"twitter:data1\" content=\"3 minuty\" \/>\n<!-- \/ Yoast SEO plugin. -->","yoast_head_json":{"title":"Dodaj wid\u017cet przycisku \u201eKliknij, aby po\u0142\u0105czy\u0107\u201d na stronie Bloggera (bezp\u0142atny i szybki)","description":"Dzi\u0119ki Elfsight mo\u017cesz szybko utworzy\u0107 us\u0142ug\u0119 \u201ekliknij, aby po\u0142\u0105czy\u0107\u201d i doda\u0107 j\u0105 do witryny Bloggera. Mamy bezp\u0142atn\u0105 obs\u0142ug\u0119 klienta i wi\u0119cej bonus\u00f3w.","robots":{"index":"index","follow":"follow","max-snippet":"max-snippet:-1","max-image-preview":"max-image-preview:large","max-video-preview":"max-video-preview:-1"},"canonical":"https:\/\/elfsight.com\/pl\/click-to-call-widget\/blogger\/","og_locale":"pl_PL","og_type":"article","og_title":"Dodaj wid\u017cet przycisku \u201eKliknij, aby po\u0142\u0105czy\u0107\u201d na stronie Bloggera (bezp\u0142atny i szybki)","og_description":"Dzi\u0119ki Elfsight mo\u017cesz szybko utworzy\u0107 us\u0142ug\u0119 \u201ekliknij, aby po\u0142\u0105czy\u0107\u201d i doda\u0107 j\u0105 do witryny Bloggera. Mamy bezp\u0142atn\u0105 obs\u0142ug\u0119 klienta i wi\u0119cej bonus\u00f3w.","og_url":"https:\/\/elfsight.com\/pl\/click-to-call-widget\/blogger\/","og_site_name":"Elfsight PL","article_modified_time":"2024-11-14T09:35:13+00:00","twitter_card":"summary_large_image","twitter_misc":{"Szacowany czas czytania":"3 minuty"},"schema":{"@context":"https:\/\/schema.org","@graph":[{"@type":"WebPage","@id":"https:\/\/elfsight.com\/pl\/click-to-call-widget\/blogger\/","url":"https:\/\/elfsight.com\/pl\/click-to-call-widget\/blogger\/","name":"Dodaj wid\u017cet przycisku \u201eKliknij, aby po\u0142\u0105czy\u0107\u201d na stronie Bloggera (bezp\u0142atny i szybki)","isPartOf":{"@id":"https:\/\/elfsight.com\/pl\/#website"},"datePublished":"2024-05-03T06:32:36+00:00","dateModified":"2024-11-14T09:35:13+00:00","description":"Dzi\u0119ki Elfsight mo\u017cesz szybko utworzy\u0107 us\u0142ug\u0119 \u201ekliknij, aby po\u0142\u0105czy\u0107\u201d i doda\u0107 j\u0105 do witryny Bloggera. Mamy bezp\u0142atn\u0105 obs\u0142ug\u0119 klienta i wi\u0119cej bonus\u00f3w.","breadcrumb":{"@id":"https:\/\/elfsight.com\/pl\/click-to-call-widget\/blogger\/#breadcrumb"},"inLanguage":"pl-PL","potentialAction":[{"@type":"ReadAction","target":["https:\/\/elfsight.com\/pl\/click-to-call-widget\/blogger\/"]}]},{"@type":"BreadcrumbList","@id":"https:\/\/elfsight.com\/pl\/click-to-call-widget\/blogger\/#breadcrumb","itemListElement":[{"@type":"ListItem","position":1,"name":"Home","item":"https:\/\/elfsight.com\/pl\/"},{"@type":"ListItem","position":2,"name":"Click to Call","item":"https:\/\/elfsight.com\/pl\/click-to-call-widget\/"},{"@type":"ListItem","position":3,"name":"Click to Call &#8211; Blogger"}]},{"@type":"WebSite","@id":"https:\/\/elfsight.com\/pl\/#website","url":"https:\/\/elfsight.com\/pl\/","name":"Elfsight PL","description":"Just another Elfsight Sites site","potentialAction":[{"@type":"SearchAction","target":{"@type":"EntryPoint","urlTemplate":"https:\/\/elfsight.com\/pl\/?s={search_term_string}"},"query-input":{"@type":"PropertyValueSpecification","valueRequired":true,"valueName":"search_term_string"}}],"inLanguage":"pl-PL"}]}},"meta_box":{"industry":"","seo_heading":"","heading":"","description":"","cta_heading":"","cta_description":"","application":"2763","h1":"Wid\u017cet \u201eKliknij, aby po\u0142\u0105czy\u0107\u201d w Bloggerze","h1_caption":"Pozw\u00f3l u\u017cytkownikom na natychmiastowy kontakt z Tob\u0105 za pomoc\u0105 prostego przycisku \u201ekliknij, aby po\u0142\u0105czy\u0107\u201d, dzi\u0119ki czemu \u0142atwiej b\u0119dzie Ci skontaktowa\u0107 si\u0119 bezpo\u015brednio z Twoj\u0105 witryn\u0105 Bloggera.","application_category":[],"applications_title":"","applications_request_title":"","applications_request_button_text":"","hero_text":"","hero_video":"","hero_video_schema_markup":"","selling_points_title":"","selling_points_caption":"","selling_points":[],"selling_points_cta_text":"","features_title":"","features":"","ed_cta_examples_text":"","ed_cta_examples_hidden":"","ed_cta_demo_text":"","ed_cta_demo_hidden":"","why_caption":"","why_editor_title":"","why_editor_text":"","why_team_title":"","why_team_text":"","why_service_title":"","why_service_text":"","template_catalog_visible":"","template_catalog_title":"","template_catalog_text":"","template_catalog_categories_visible":"","demo_title":"Utw\u00f3rz wid\u017cet \u201eKliknij, aby po\u0142\u0105czy\u0107\u201d.","demo_caption":"Skonfiguruj us\u0142ug\u0119 Kliknij, aby po\u0142\u0105czy\u0107 i dodaj j\u0105 do swojej witryny Bloggera za darmo!","default_faq_hidden":"","app_template_category":[],"platform":"44","template_public_id":"","codecanyon_url":"","codecanyon_item_id":"","codecanyon_price":"","pricing_caption":"","pricing_elfsight_apps_hide_column":"","pricing_elfsight_apps_url":"","pricing_codecanyon_price_caption":"","integration_category":[],"integration_request_title":"","integration_request_cta":"","integration_platform":"","integrations":[],"platform_category":[],"video_schema_markup":"","price":"od 0 USD \/ miesi\u0105c","trial":"","benefits":[{"text":"Bezp\u0142atna us\u0142uga monta\u017cu"},{"text":"Profesjonalna obs\u0142uga klienta"},{"text":"14-dniowa gwarancja zwrotu pieni\u0119dzy"}],"button_url":"#demo","button_target_blank":"","button_nofollow":"","attributes":[{"name":"Instaluje"},{"name":"Czu\u0142y"},{"name":"Kompatybilne przegl\u0105darki"}],"tags":[],"tags_disable_links":"","hide_more_platforms":"","video_object":"","demo_hide_cta":"","demo_hide_cloud_options":"","pricing_title":"","pricing":[{"pricing_icon":"platform","pricing_title":"Elfsight Apps","pricing_title_caption":"Wersja niezale\u017cna od platformy","pricing_price":"od 0 USD \/ miesi\u0105c","pricing_price_caption":"zacznij od bezp\u0142atnego planu","pricing_benefits":[{"text":"Nielimitowane strony internetowe"},{"text":"Wsparcie firmy premium i dobrze udokumentowane"},{"text":"Bezp\u0142atna pomoc w monta\u017cu"},{"text":"100% konfigurowalny"}],"pricing_button_text":"Dodaj do witryny","pricing_button_url":"#demo"}],"related_apps_title":"","related_apps_hidden":"","author":"","image":[],"title":"","job":"","social_networks":[]},"_links":{"self":[{"href":"https:\/\/elfsight.com\/pl\/wp-json\/wp\/v2\/pages\/4661","targetHints":{"allow":["GET"]}}],"collection":[{"href":"https:\/\/elfsight.com\/pl\/wp-json\/wp\/v2\/pages"}],"about":[{"href":"https:\/\/elfsight.com\/pl\/wp-json\/wp\/v2\/types\/page"}],"author":[{"embeddable":true,"href":"https:\/\/elfsight.com\/pl\/wp-json\/wp\/v2\/users\/9"}],"replies":[{"embeddable":true,"href":"https:\/\/elfsight.com\/pl\/wp-json\/wp\/v2\/comments?post=4661"}],"version-history":[{"count":1,"href":"https:\/\/elfsight.com\/pl\/wp-json\/wp\/v2\/pages\/4661\/revisions"}],"predecessor-version":[{"id":4665,"href":"https:\/\/elfsight.com\/pl\/wp-json\/wp\/v2\/pages\/4661\/revisions\/4665"}],"up":[{"embeddable":true,"href":"https:\/\/elfsight.com\/pl\/wp-json\/wp\/v2\/pages\/2764"}],"wp:attachment":[{"href":"https:\/\/elfsight.com\/pl\/wp-json\/wp\/v2\/media?parent=4661"}],"curies":[{"name":"wp","href":"https:\/\/api.w.org\/{rel}","templated":true}]}}