{"id":4648,"date":"2024-05-03T06:32:35","date_gmt":"2024-05-03T06:32:35","guid":{"rendered":"https:\/\/elfsight.com\/pl\/?page_id=4648"},"modified":"2024-11-14T09:35:13","modified_gmt":"2024-11-14T09:35:13","slug":"drupal","status":"publish","type":"page","link":"https:\/\/elfsight.com\/pl\/click-to-call-widget\/drupal\/","title":{"rendered":"Click to Call &#8211; Drupal"},"content":{"rendered":"<div class=\"application-platform-content-item-description application-platform-content-item\" id=\"description\" data-nav-section=\"description\"> <h2>Opis<\/h2> <p>Elfsight Button Now Button to nieskomplikowany widget dla dowolnej witryny internetowej, kt\u00f3ry u\u0142atwia klientom rozpocz\u0119cie po\u0142\u0105czenie telefoniczne. Na urz\u0105dzeniach mobilnych widget wybiera osadzony numer, gdy tylko u\u017cytkownik kliknie ikon\u0119 telefonu. Na komputerach klikni\u0119cie wy\u015bwietla Tw\u00f3j numer telefonu w witrynie, dzi\u0119ki czemu u\u017cytkownicy mog\u0105 rozpocz\u0105\u0107 wybieranie numeru w tej samej sekundzie. Mo\u017cliwe jest nie tylko dodanie numeru, ale tak\u017ce skonfigurowanie okna rozmowy z imieniem i zdj\u0119ciem osoby kontaktowej oraz kr\u00f3tkim tekstem. Wszystkie elementy s\u0105 prze\u0142\u0105czalne i pozwalaj\u0105 na kszta\u0142towanie dowolnego wariantu interfejsu. Therese posiada tak\u017ce funkcj\u0119 definiowania wyzwalacza, kt\u00f3ry spowoduje wy\u015bwietlenie ba\u0144ki telefonicznej i wybranie kategorii odwiedzaj\u0105cych, kt\u00f3rym b\u0119dzie ona wy\u015bwietlana. <\/p> <div class=\"faq\" data-component=\"FAQ\"><div class=\"faq-item\">\r\n\t\t\t\t\t<div class=\"faq-item-question\">\r\n\t\t\t\t\t\t<h3 class=\"faq-item-question-text\">Gdzie mog\u0119 wy\u015bwietli\u0107 t\u0119 wtyczk\u0119<\/h3>\r\n\r\n\t\t\t\t\t\t<div class=\"faq-item-question-icon\"><\/div>\r\n\t\t\t\t\t<\/div>\r\n\r\n\t\t\t\t\t<div class=\"faq-item-answer\">\r\n\t\t\t\t\t\t<div class=\"faq-item-answer-text\"> <p>Widget mo\u017ce pojawi\u0107 si\u0119 na dowolnej stronie serwisu lub na wszystkich stronach internetowych. W ustawieniach widgetu dost\u0119pna jest mo\u017cliwo\u015b\u0107 wpisania adres\u00f3w URL wybranych stron, na kt\u00f3rych chcemy umie\u015bci\u0107 widget. Innym sposobem jest zastosowanie opcji Wyklucz i wprowadzenie adres\u00f3w URL stron, na kt\u00f3rych chcesz zabroni\u0107 prezentowania wid\u017cetu.<\/p> <\/div>\r\n\t\t\t\t\t<\/div>\r\n\t\t\t\t<\/div><div class=\"faq-item\">\r\n\t\t\t\t\t<div class=\"faq-item-question\">\r\n\t\t\t\t\t\t<h3 class=\"faq-item-question-text\">Jakie korzy\u015bci mog\u0119 uzyska\u0107 z przycisku Kliknij, aby po\u0142\u0105czy\u0107?<\/h3>\r\n\r\n\t\t\t\t\t\t<div class=\"faq-item-question-icon\"><\/div>\r\n\t\t\t\t\t<\/div>\r\n\r\n\t\t\t\t\t<div class=\"faq-item-answer\">\r\n\t\t\t\t\t\t<div class=\"faq-item-answer-text\"> <p>Mo\u017cesz uzyska\u0107 wi\u0119cej po\u0142\u0105cze\u0144 telefonicznych od potencjalnych klient\u00f3w dzi\u0119ki b\u0142yskawicznemu i prostemu sposobowi skontaktowania si\u0119 z Tob\u0105 pozostaj\u0105c na stronie. Mo\u017ce to pom\u00f3c w nawi\u0105zaniu wi\u0119kszej liczby kontakt\u00f3w osobistych i przekszta\u0142ceniu u\u017cytkownik\u00f3w w klient\u00f3w. Dodatkowo mo\u017cesz stworzy\u0107 swoj\u0105 baz\u0119 lead\u00f3w. <\/p> <\/div>\r\n\t\t\t\t\t<\/div>\r\n\t\t\t\t<\/div> <div class=\"faq-item\">\r\n\t\t\t\t\t<div class=\"faq-item-question\">\r\n\t\t\t\t\t\t<h3 class=\"faq-item-question-text\">Jak osadzi\u0107 modu\u0142 po\u0142\u0105cze\u0144 na mojej stronie Drupal?<\/h3>\r\n\r\n\t\t\t\t\t\t<div class=\"faq-item-question-icon\"><\/div>\r\n\t\t\t\t\t<\/div>\r\n\r\n\t\t\t\t\t<div class=\"faq-item-answer\">\r\n\t\t\t\t\t\t<div class=\"faq-item-answer-text\"> <p>Potrzebujesz tylko minuty, aby widget zacz\u0105\u0142 dzia\u0142a\u0107. Dodawanie jest bardzo szybkie, bezp\u0142atne i nie wymaga kodowania. <\/p> <p>Wid\u017cet mo\u017cna zintegrowa\u0107 bezpo\u015brednio z nasz\u0105 us\u0142ug\u0105 lub za po\u015brednictwem rynku. Tutaj mo\u017cesz przeczyta\u0107 zalety i wady obu opcji i wybra\u0107 bardziej odpowiedni\u0105.<\/p> <\/div>\r\n\t\t\t\t\t<\/div>\r\n\t\t\t\t<\/div> <\/div> <\/div><div class=\"application-platform-content-item-features application-platform-content-item\" id=\"features\" data-nav-section=\"features\"> <h2>Funkcje<\/h2> <p>Aby lepiej pozna\u0107 Click to Call, oto lista najcenniejszych cech. Dzi\u0119ki nim ten widget jest dla Ciebie niezwykle przydatny:<\/p> <ul><li>Szybkie rozmowy telefoniczne na urz\u0105dzeniach mobilnych; <\/li> <li>Trzy wbudowane warianty umieszczania wid\u017cet\u00f3w: p\u0142ywaj\u0105cy w lewo, p\u0142ywaj\u0105cy w prawo lub niestandardowe; <\/li> <li>Mo\u017cliwo\u015b\u0107 osadzania wid\u017cetu na poszczeg\u00f3lnych stronach lub wykluczania stron internetowych; <\/li> <li>Trzy grupy u\u017cytkownik\u00f3w, kt\u00f3rym mo\u017cna pokaza\u0107 wid\u017cet: wszystkim, nowym i tylko powracaj\u0105cym; <\/li> <li> 4 wyzwalacze aktywacji widgetu: czas sp\u0119dzony na stronie, czas sp\u0119dzony na stronie, ilo\u015b\u0107 przewini\u0119\u0107 lub zamiar wyj\u015bcia. <\/li> <\/ul><p><a href=\"#demo\">Poznaj pe\u0142n\u0105 list\u0119 funkcji w naszej wersji demonstracyjnej na \u017cywo<\/a><\/p> <\/div> <div class=\"application-platform-content-item-installation  application-platform-content-item\" id=\"installation \" data-nav-section=\"installation \"> <h2>Jak doda\u0107 modu\u0142 przycisku \u201eKliknij, aby po\u0142\u0105czy\u0107\u201d do swojej strony Drupal<\/h2> <p>Wystarczy post\u0119powa\u0107 zgodnie z poni\u017cszymi instrukcjami, aby aktywowa\u0107 modu\u0142 w Drupalu.<\/p> <ol><li><b> Wykonaj nasze bezp\u0142atne demo i rozpocznij tworzenie w\u0142asnego modu\u0142u. <\/b><br> Okre\u015bl po\u017c\u0105dany uk\u0142ad i cechy modu\u0142u Kliknij, aby po\u0142\u0105czy\u0107 i zastosuj zmiany. <\/li> <li><b>Skopiuj sw\u00f3j osobisty kod udost\u0119pniony w specjalnym formularzu w aplikacjach Elfsight. <\/b><br> Po zako\u0144czeniu dostosowywania narz\u0119dzia skopiuj ekskluzywny kod z wy\u015bwietlonego pola i zapisz go do wykorzystania w przysz\u0142o\u015bci. <\/li> <li><b>Rozpocznij korzystanie z modu\u0142u na stronie Drupal. <\/b><br> Zaimplementuj skopiowany wcze\u015bniej kod na swojej stronie internetowej i zastosuj zmiany. <\/li> <li><b>Instalacja zosta\u0142a ca\u0142kowicie zako\u0144czona. <\/b><br> Odwied\u017a swoj\u0105 witryn\u0119, aby sprawdzi\u0107 dzia\u0142anie wtyczki. <\/li><\/ol><p>Nadal masz co\u015b, co budzi Twoje w\u0105tpliwo\u015bci? Lub masz pytania? Po prostu napisz zapytanie do naszego dzia\u0142u obs\u0142ugi klienta, a my odpowiemy na ka\u017cde pytanie. <\/p> <\/div>","protected":false},"excerpt":{"rendered":"","protected":false},"author":9,"featured_media":0,"parent":2764,"menu_order":0,"comment_status":"closed","ping_status":"closed","template":"templates\/template-application-platform.php","meta":{"publish_to_discourse":"","publish_post_category":"","wpdc_auto_publish_overridden":"","wpdc_topic_tags":"","wpdc_pin_topic":"","wpdc_pin_until":"","discourse_post_id":"","discourse_permalink":"","wpdc_publishing_response":"","wpdc_publishing_error":"","footnotes":""},"class_list":["post-4648","page","type-page","status-publish","hentry"],"yoast_head":"<!-- This site is optimized with the Yoast SEO plugin v25.3.1 - https:\/\/yoast.com\/wordpress\/plugins\/seo\/ -->\n<title>Przycisk wywo\u0142ania Drupala | Dodaj modu\u0142 przycisku \u201eKliknij, aby po\u0142\u0105czy\u0107\u201d do witryny internetowej (2025)<\/title>\n<meta name=\"description\" content=\"Za pomoc\u0105 Elfsight zbuduj modu\u0142 przycisku \u201eKliknij, aby po\u0142\u0105czy\u0107\u201d i dodaj go do swojej witryny Drupal. Mamy bezp\u0142atn\u0105 obs\u0142ug\u0119 klienta i wi\u0119cej bonus\u00f3w.\" \/>\n<meta name=\"robots\" content=\"index, follow, max-snippet:-1, max-image-preview:large, max-video-preview:-1\" \/>\n<link rel=\"canonical\" href=\"https:\/\/elfsight.com\/pl\/click-to-call-widget\/drupal\/\" \/>\n<meta property=\"og:locale\" content=\"pl_PL\" \/>\n<meta property=\"og:type\" content=\"article\" \/>\n<meta property=\"og:title\" content=\"Przycisk wywo\u0142ania Drupala | Dodaj modu\u0142 przycisku \u201eKliknij, aby po\u0142\u0105czy\u0107\u201d do witryny internetowej (2025)\" \/>\n<meta property=\"og:description\" content=\"Za pomoc\u0105 Elfsight zbuduj modu\u0142 przycisku \u201eKliknij, aby po\u0142\u0105czy\u0107\u201d i dodaj go do swojej witryny Drupal. Mamy bezp\u0142atn\u0105 obs\u0142ug\u0119 klienta i wi\u0119cej bonus\u00f3w.\" \/>\n<meta property=\"og:url\" content=\"https:\/\/elfsight.com\/pl\/click-to-call-widget\/drupal\/\" \/>\n<meta property=\"og:site_name\" content=\"Elfsight PL\" \/>\n<meta property=\"article:modified_time\" content=\"2024-11-14T09:35:13+00:00\" \/>\n<meta name=\"twitter:card\" content=\"summary_large_image\" \/>\n<meta name=\"twitter:label1\" content=\"Szacowany czas czytania\" \/>\n\t<meta name=\"twitter:data1\" content=\"3 minuty\" \/>\n<!-- \/ Yoast SEO plugin. -->","yoast_head_json":{"title":"Przycisk wywo\u0142ania Drupala | Dodaj modu\u0142 przycisku \u201eKliknij, aby po\u0142\u0105czy\u0107\u201d do witryny internetowej (2025)","description":"Za pomoc\u0105 Elfsight zbuduj modu\u0142 przycisku \u201eKliknij, aby po\u0142\u0105czy\u0107\u201d i dodaj go do swojej witryny Drupal. Mamy bezp\u0142atn\u0105 obs\u0142ug\u0119 klienta i wi\u0119cej bonus\u00f3w.","robots":{"index":"index","follow":"follow","max-snippet":"max-snippet:-1","max-image-preview":"max-image-preview:large","max-video-preview":"max-video-preview:-1"},"canonical":"https:\/\/elfsight.com\/pl\/click-to-call-widget\/drupal\/","og_locale":"pl_PL","og_type":"article","og_title":"Przycisk wywo\u0142ania Drupala | Dodaj modu\u0142 przycisku \u201eKliknij, aby po\u0142\u0105czy\u0107\u201d do witryny internetowej (2025)","og_description":"Za pomoc\u0105 Elfsight zbuduj modu\u0142 przycisku \u201eKliknij, aby po\u0142\u0105czy\u0107\u201d i dodaj go do swojej witryny Drupal. Mamy bezp\u0142atn\u0105 obs\u0142ug\u0119 klienta i wi\u0119cej bonus\u00f3w.","og_url":"https:\/\/elfsight.com\/pl\/click-to-call-widget\/drupal\/","og_site_name":"Elfsight PL","article_modified_time":"2024-11-14T09:35:13+00:00","twitter_card":"summary_large_image","twitter_misc":{"Szacowany czas czytania":"3 minuty"},"schema":{"@context":"https:\/\/schema.org","@graph":[{"@type":"WebPage","@id":"https:\/\/elfsight.com\/pl\/click-to-call-widget\/drupal\/","url":"https:\/\/elfsight.com\/pl\/click-to-call-widget\/drupal\/","name":"Przycisk wywo\u0142ania Drupala | Dodaj modu\u0142 przycisku \u201eKliknij, aby po\u0142\u0105czy\u0107\u201d do witryny internetowej (2025)","isPartOf":{"@id":"https:\/\/elfsight.com\/pl\/#website"},"datePublished":"2024-05-03T06:32:35+00:00","dateModified":"2024-11-14T09:35:13+00:00","description":"Za pomoc\u0105 Elfsight zbuduj modu\u0142 przycisku \u201eKliknij, aby po\u0142\u0105czy\u0107\u201d i dodaj go do swojej witryny Drupal. Mamy bezp\u0142atn\u0105 obs\u0142ug\u0119 klienta i wi\u0119cej bonus\u00f3w.","breadcrumb":{"@id":"https:\/\/elfsight.com\/pl\/click-to-call-widget\/drupal\/#breadcrumb"},"inLanguage":"pl-PL","potentialAction":[{"@type":"ReadAction","target":["https:\/\/elfsight.com\/pl\/click-to-call-widget\/drupal\/"]}]},{"@type":"BreadcrumbList","@id":"https:\/\/elfsight.com\/pl\/click-to-call-widget\/drupal\/#breadcrumb","itemListElement":[{"@type":"ListItem","position":1,"name":"Home","item":"https:\/\/elfsight.com\/pl\/"},{"@type":"ListItem","position":2,"name":"Click to Call","item":"https:\/\/elfsight.com\/pl\/click-to-call-widget\/"},{"@type":"ListItem","position":3,"name":"Click to Call &#8211; Drupal"}]},{"@type":"WebSite","@id":"https:\/\/elfsight.com\/pl\/#website","url":"https:\/\/elfsight.com\/pl\/","name":"Elfsight PL","description":"Just another Elfsight Sites site","potentialAction":[{"@type":"SearchAction","target":{"@type":"EntryPoint","urlTemplate":"https:\/\/elfsight.com\/pl\/?s={search_term_string}"},"query-input":{"@type":"PropertyValueSpecification","valueRequired":true,"valueName":"search_term_string"}}],"inLanguage":"pl-PL"}]}},"meta_box":{"industry":"","seo_heading":"","heading":"","description":"","cta_heading":"","cta_description":"","application":"2763","h1":"Drupal wid\u017cet Kliknij, aby po\u0142\u0105czy\u0107","h1_caption":"Pozw\u00f3l u\u017cytkownikom na natychmiastowy kontakt z Tob\u0105 za pomoc\u0105 prostego przycisku \u201ekliknij, aby po\u0142\u0105czy\u0107\u201d, dzi\u0119ki czemu \u0142atwiej b\u0119dzie Ci dotrze\u0107 bezpo\u015brednio do Twojej witryny Drupal.","application_category":[],"applications_title":"","applications_request_title":"","applications_request_button_text":"","hero_text":"","hero_video":"","hero_video_schema_markup":"","selling_points_title":"","selling_points_caption":"","selling_points":[],"selling_points_cta_text":"","features_title":"","features":"","ed_cta_examples_text":"","ed_cta_examples_hidden":"","ed_cta_demo_text":"","ed_cta_demo_hidden":"","why_caption":"","why_editor_title":"","why_editor_text":"","why_team_title":"","why_team_text":"","why_service_title":"","why_service_text":"","template_catalog_visible":"","template_catalog_title":"","template_catalog_text":"","template_catalog_categories_visible":"","demo_title":"Utw\u00f3rz modu\u0142 Kliknij, aby po\u0142\u0105czy\u0107","demo_caption":"Skonfiguruj us\u0142ug\u0119 Click to Call i dodaj j\u0105 do swojej witryny Drupal za darmo!","default_faq_hidden":"","app_template_category":[],"platform":"47","template_public_id":"","codecanyon_url":"","codecanyon_item_id":"","codecanyon_price":"","pricing_caption":"","pricing_elfsight_apps_hide_column":"","pricing_elfsight_apps_url":"","pricing_codecanyon_price_caption":"","integration_category":[],"integration_request_title":"","integration_request_cta":"","integration_platform":"","integrations":[],"platform_category":[],"video_schema_markup":"","price":"od 0 USD \/ miesi\u0105c","trial":"","benefits":[{"text":"Bezp\u0142atna us\u0142uga monta\u017cu"},{"text":"Skuteczna obs\u0142uga klienta"},{"text":"14-dniowa gwarancja zwrotu pieni\u0119dzy"}],"button_url":"#demo","button_target_blank":"","button_nofollow":"","attributes":[{"name":"Instaluje"},{"name":"Czu\u0142y"},{"name":"Kompatybilne przegl\u0105darki"}],"tags":[],"tags_disable_links":"","hide_more_platforms":"","video_object":"","demo_hide_cta":"","demo_hide_cloud_options":"","pricing_title":"","pricing":[{"pricing_icon":"platform","pricing_title":"Elfsight Apps","pricing_title_caption":"Oprogramowanie wieloplatformowe","pricing_price":"od 0 USD \/ miesi\u0105c","pricing_price_caption":"zacznij od bezp\u0142atnego planu","pricing_benefits":[{"text":"Nielimitowane strony internetowe"},{"text":"Wsparcie firmy premium"},{"text":"Bezp\u0142atna pomoc w monta\u017cu"},{"text":"Specjalna oferta na wiele aplikacji"}],"pricing_button_text":"Dodaj do witryny","pricing_button_url":"#demo"}],"related_apps_title":"","related_apps_hidden":"","author":"","image":[],"title":"","job":"","social_networks":[]},"_links":{"self":[{"href":"https:\/\/elfsight.com\/pl\/wp-json\/wp\/v2\/pages\/4648","targetHints":{"allow":["GET"]}}],"collection":[{"href":"https:\/\/elfsight.com\/pl\/wp-json\/wp\/v2\/pages"}],"about":[{"href":"https:\/\/elfsight.com\/pl\/wp-json\/wp\/v2\/types\/page"}],"author":[{"embeddable":true,"href":"https:\/\/elfsight.com\/pl\/wp-json\/wp\/v2\/users\/9"}],"replies":[{"embeddable":true,"href":"https:\/\/elfsight.com\/pl\/wp-json\/wp\/v2\/comments?post=4648"}],"version-history":[{"count":1,"href":"https:\/\/elfsight.com\/pl\/wp-json\/wp\/v2\/pages\/4648\/revisions"}],"predecessor-version":[{"id":4652,"href":"https:\/\/elfsight.com\/pl\/wp-json\/wp\/v2\/pages\/4648\/revisions\/4652"}],"up":[{"embeddable":true,"href":"https:\/\/elfsight.com\/pl\/wp-json\/wp\/v2\/pages\/2764"}],"wp:attachment":[{"href":"https:\/\/elfsight.com\/pl\/wp-json\/wp\/v2\/media?parent=4648"}],"curies":[{"name":"wp","href":"https:\/\/api.w.org\/{rel}","templated":true}]}}