{"id":4647,"date":"2024-05-03T06:32:34","date_gmt":"2024-05-03T06:32:34","guid":{"rendered":"https:\/\/elfsight.com\/pl\/?page_id=4647"},"modified":"2024-11-14T09:35:13","modified_gmt":"2024-11-14T09:35:13","slug":"elementor","status":"publish","type":"page","link":"https:\/\/elfsight.com\/pl\/click-to-call-widget\/elementor\/","title":{"rendered":"Click to Call &#8211; Elementor"},"content":{"rendered":"<div class=\"application-platform-content-item-description application-platform-content-item\" id=\"description\" data-nav-section=\"description\"> <h2>Umie\u015b\u0107 opcj\u0119 Kliknij, aby po\u0142\u0105czy\u0107 w Elementorze za pomoc\u0105 wid\u017cetu Elfsight<\/h2> <p>Przycisk Zadzwo\u0144 teraz w Elementorze to najprzydatniejszy wid\u017cet dla Twojej witryny, co sprawia, \u017ce \u200b\u200bodwiedzaj\u0105cym \u0142atwiej jest skontaktowa\u0107 si\u0119 z Tob\u0105 przez telefon. Gdy u\u017cytkownicy przegl\u0105daj\u0105 Twoj\u0105 witryn\u0119 na telefonach kom\u00f3rkowych, widget zaczyna wybiera\u0107 Tw\u00f3j numer, gdy u\u017cytkownik kliknie dymek z numerem telefonu. Klikni\u0119cie wy\u015bwietlane na komputerze stacjonarnym powoduje wy\u015bwietlenie Twojego numeru na stronie i pomaga u\u017cytkownikom natychmiast rozpocz\u0105\u0107 po\u0142\u0105czenie. Mo\u017cesz nie tylko doda\u0107 sw\u00f3j numer, ale tak\u017ce wy\u015bwietli\u0107 okno po\u0142\u0105czenia z imieniem i nazwiskiem i zdj\u0119ciem osoby kontaktowej oraz kr\u00f3tkim tekstem. Wszystkie cz\u0119\u015bci okna wywo\u0142ania s\u0105 prze\u0142\u0105czalne i umo\u017cliwiaj\u0105 kszta\u0142towanie r\u00f3\u017cnych wygl\u0105d\u00f3w interfejsu. Dost\u0119pna jest tak\u017ce funkcja wyboru wyzwalacza, kt\u00f3ry spowoduje wy\u015bwietlenie dymka na telefonie, oraz kategorii widz\u00f3w, dla kt\u00f3rych b\u0119dzie on wy\u015bwietlany.<\/p> <div class=\"faq\" data-component=\"FAQ\"><div class=\"faq-item\">\r\n\t\t\t\t\t<div class=\"faq-item-question\">\r\n\t\t\t\t\t\t<h3 class=\"faq-item-question-text\">Gdzie w mojej witrynie mog\u0119 go wy\u015bwietli\u0107<\/h3>\r\n\r\n\t\t\t\t\t\t<div class=\"faq-item-question-icon\"><\/div>\r\n\t\t\t\t\t<\/div>\r\n\r\n\t\t\t\t\t<div class=\"faq-item-answer\">\r\n\t\t\t\t\t\t<div class=\"faq-item-answer-text\"> <p>Widget Elfsight Call mo\u017cesz umie\u015bci\u0107 na dowolnej stronie swojej witryny lub na wszystkich stronach. W ustawieniach \u201eKliknij, aby po\u0142\u0105czy\u0107\u201d mo\u017cesz doda\u0107 adresy URL oddzielnych stron, na kt\u00f3rych musisz umie\u015bci\u0107 widget \u201eZadzwo\u0144 teraz\u201d. Lub zastosuj opcj\u0119 Wyklucz i wstaw adresy URL stron, na kt\u00f3rych chcesz ograniczy\u0107 wy\u015bwietlanie wid\u017cetu. <\/p> <\/div>\r\n\t\t\t\t\t<\/div>\r\n\t\t\t\t<\/div><div class=\"faq-item\">\r\n\t\t\t\t\t<div class=\"faq-item-question\">\r\n\t\t\t\t\t\t<h3 class=\"faq-item-question-text\">Jakie korzy\u015bci odnios\u0119 z wid\u017cetu przycisku po\u0142\u0105czenia Elementor?<\/h3>\r\n\r\n\t\t\t\t\t\t<div class=\"faq-item-question-icon\"><\/div>\r\n\t\t\t\t\t<\/div>\r\n\r\n\t\t\t\t\t<div class=\"faq-item-answer\">\r\n\t\t\t\t\t\t<div class=\"faq-item-answer-text\"> <p>Mo\u017cesz zacz\u0105\u0107 otrzymywa\u0107 wi\u0119cej po\u0142\u0105cze\u0144 od u\u017cytkownik\u00f3w dzi\u0119ki szybkiemu i wygodnemu sposobowi dzwonienia do Ciebie, pozostaj\u0105c na stronie internetowej . Pomo\u017ce Ci to uzyska\u0107 wi\u0119cej osobistych rozm\u00f3w i przekszta\u0142ci\u0107 u\u017cytkownik\u00f3w w nowych klient\u00f3w. Mo\u017cesz tak\u017ce gromadzi\u0107 baz\u0119 danych potencjalnych klient\u00f3w. <\/p> <\/div>\r\n\t\t\t\t\t<\/div>\r\n\t\t\t\t<\/div> <div class=\"faq-item\">\r\n\t\t\t\t\t<div class=\"faq-item-question\">\r\n\t\t\t\t\t\t<h3 class=\"faq-item-question-text\">Jak osadzi\u0107 wid\u017cet po\u0142\u0105cze\u0144 na mojej stronie internetowej Elementor?<\/h3>\r\n\r\n\t\t\t\t\t\t<div class=\"faq-item-question-icon\"><\/div>\r\n\t\t\t\t\t<\/div>\r\n\r\n\t\t\t\t\t<div class=\"faq-item-answer\">\r\n\t\t\t\t\t\t<div class=\"faq-item-answer-text\"> <p>Aby aktywowa\u0107, potrzebujesz tylko minuty. Instalacja jest superszybka, bezp\u0142atna i nie wymaga kodowania. <\/p> <p>Za po\u015brednictwem naszej us\u0142ugi mo\u017cesz doda\u0107 wid\u017cet Przycisku po\u0142\u0105czenia do swojej strony internetowej. Aby to zrobi\u0107 wykonaj kr\u00f3tki opis zamieszczony poni\u017cej na tej stronie. <\/p> <\/div>\r\n\t\t\t\t\t<\/div>\r\n\t\t\t\t<\/div> <\/div> <\/div> <div class=\"application-platform-content-item-features application-platform-content-item\" id=\"features\" data-nav-section=\"features\"> <h2>G\u0142\u00f3wne funkcje wid\u017cetu \u201eKliknij, aby po\u0142\u0105czy\u0107\u201d<\/h2> <p>Aby uzyska\u0107 lepsz\u0105 wiedz\u0119 na temat Kliknij, aby zadzwoni\u0107. Oto lista podstawowych cech. Dzi\u0119ki nim ten widget jest niezwykle wydajny:<\/p> <ul><li>Wybieranie numeru jednym klikni\u0119ciem na telefonach kom\u00f3rkowych; <\/li> <li>3 opcje pozycji wid\u017cetu: p\u0142ywaj\u0105ca w lewo lub w prawo lub niestandardowa; <\/li> <li>Mo\u017cliwo\u015b\u0107 wy\u015bwietlania wid\u017cetu na wybranych stronach internetowych lub wykluczania stron internetowych; <\/li> <li>3 grupy u\u017cytkownik\u00f3w, kt\u00f3re mog\u0105 zobaczy\u0107 wid\u017cet: wszyscy, nowi lub powracaj\u0105cy; <\/li> <li> Wbudowane wyzwalacze otwarcia widgetu: czas sp\u0119dzony na stronie, czas sp\u0119dzony na stronie, procent przewijania i pr\u00f3ba opuszczenia witryny. <\/li> <\/ul><p><a href=\"#demo\">Aby pozna\u0107 wszystkie funkcje, zobacz demonstracj\u0119 na \u017cywo<\/a><\/p> <\/div> <div class=\"application-platform-content-item-installation application-platform-content-item\" id=\"installation\" data-nav-section=\"installation\"> <h2>jak doda\u0107 wid\u017cet przycisku \u201eKliknij, aby po\u0142\u0105czy\u0107\u201d na swojej stronie internetowej Elementor<\/h2> <p>Wystarczy kilka szybkich krok\u00f3w, aby wy\u015bwietli\u0107 wid\u017cet.<\/p> <ol><li><b> Zaprojektuj w\u0142asn\u0105 wtyczk\u0119 Call<\/b><br> Za pomoc\u0105 naszego darmowego edytora uzyskaj wtyczk\u0119 o wybranym wygl\u0105dzie i cechach funkcjonalnych. <\/li><li><b>Skopiuj indywidualny kod, aby skonfigurowa\u0107 wtyczk\u0119<\/b><br> Po skonfigurowaniu wid\u017cetu otrzymasz sw\u00f3j osobisty kod z wy\u015bwietlonego okna aplikacji Elfsight. Skopiuj go do dalszego wykorzystania. <\/li><li><b>Dodaj wtyczk\u0119 na swojej stronie Elementora<\/b><br> Wybierz obszar, do kt\u00f3rego chcesz doda\u0107 wtyczk\u0119 i wklej tam skopiowany kod. Opublikuj zmiany. <\/li> <li><b>Gotowe! <\/b><br> Wejd\u017a do swojego sklepu, aby sprawdzi\u0107 swoj\u0105 wtyczk\u0119. <\/li> <\/ol><p>Nadal nie jeste\u015b pewien? Lub masz pytania do zadania? Tylko jedna pro\u015bba do naszego zespo\u0142u wsparcia rozwi\u0105\u017ce ka\u017cdy problem. <\/p> <\/div>","protected":false},"excerpt":{"rendered":"","protected":false},"author":9,"featured_media":0,"parent":2764,"menu_order":0,"comment_status":"closed","ping_status":"closed","template":"templates\/template-application-platform.php","meta":{"publish_to_discourse":"","publish_post_category":"","wpdc_auto_publish_overridden":"","wpdc_topic_tags":"","wpdc_pin_topic":"","wpdc_pin_until":"","discourse_post_id":"","discourse_permalink":"","wpdc_publishing_response":"","wpdc_publishing_error":"","footnotes":""},"class_list":["post-4647","page","type-page","status-publish","hentry"],"yoast_head":"<!-- This site is optimized with the Yoast SEO plugin v25.3.1 - https:\/\/yoast.com\/wordpress\/plugins\/seo\/ -->\n<title>Dodaj wid\u017cet przycisku \u201eKliknij, aby po\u0142\u0105czy\u0107\u201d do witryny Elementor (2026)<\/title>\n<meta name=\"description\" content=\"Dzi\u0119ki Elfsight mo\u017cesz z \u0142atwo\u015bci\u0105 ukszta\u0142towa\u0107 przycisk Kliknij, aby po\u0142\u0105czy\u0107 i doda\u0107 go do witryny Elementor. Mamy bezp\u0142atn\u0105 obs\u0142ug\u0119 klienta i inne bonusy.\" \/>\n<meta name=\"robots\" content=\"index, follow, max-snippet:-1, max-image-preview:large, max-video-preview:-1\" \/>\n<link rel=\"canonical\" href=\"https:\/\/elfsight.com\/pl\/click-to-call-widget\/elementor\/\" \/>\n<meta property=\"og:locale\" content=\"pl_PL\" \/>\n<meta property=\"og:type\" content=\"article\" \/>\n<meta property=\"og:title\" content=\"Dodaj wid\u017cet przycisku \u201eKliknij, aby po\u0142\u0105czy\u0107\u201d do witryny Elementor (2026)\" \/>\n<meta property=\"og:description\" content=\"Dzi\u0119ki Elfsight mo\u017cesz z \u0142atwo\u015bci\u0105 ukszta\u0142towa\u0107 przycisk Kliknij, aby po\u0142\u0105czy\u0107 i doda\u0107 go do witryny Elementor. Mamy bezp\u0142atn\u0105 obs\u0142ug\u0119 klienta i inne bonusy.\" \/>\n<meta property=\"og:url\" content=\"https:\/\/elfsight.com\/pl\/click-to-call-widget\/elementor\/\" \/>\n<meta property=\"og:site_name\" content=\"Elfsight PL\" \/>\n<meta property=\"article:modified_time\" content=\"2024-11-14T09:35:13+00:00\" \/>\n<meta name=\"twitter:card\" content=\"summary_large_image\" \/>\n<meta name=\"twitter:label1\" content=\"Szacowany czas czytania\" \/>\n\t<meta name=\"twitter:data1\" content=\"3 minuty\" \/>\n<!-- \/ Yoast SEO plugin. -->","yoast_head_json":{"title":"Dodaj wid\u017cet przycisku \u201eKliknij, aby po\u0142\u0105czy\u0107\u201d do witryny Elementor (2026)","description":"Dzi\u0119ki Elfsight mo\u017cesz z \u0142atwo\u015bci\u0105 ukszta\u0142towa\u0107 przycisk Kliknij, aby po\u0142\u0105czy\u0107 i doda\u0107 go do witryny Elementor. Mamy bezp\u0142atn\u0105 obs\u0142ug\u0119 klienta i inne bonusy.","robots":{"index":"index","follow":"follow","max-snippet":"max-snippet:-1","max-image-preview":"max-image-preview:large","max-video-preview":"max-video-preview:-1"},"canonical":"https:\/\/elfsight.com\/pl\/click-to-call-widget\/elementor\/","og_locale":"pl_PL","og_type":"article","og_title":"Dodaj wid\u017cet przycisku \u201eKliknij, aby po\u0142\u0105czy\u0107\u201d do witryny Elementor (2026)","og_description":"Dzi\u0119ki Elfsight mo\u017cesz z \u0142atwo\u015bci\u0105 ukszta\u0142towa\u0107 przycisk Kliknij, aby po\u0142\u0105czy\u0107 i doda\u0107 go do witryny Elementor. Mamy bezp\u0142atn\u0105 obs\u0142ug\u0119 klienta i inne bonusy.","og_url":"https:\/\/elfsight.com\/pl\/click-to-call-widget\/elementor\/","og_site_name":"Elfsight PL","article_modified_time":"2024-11-14T09:35:13+00:00","twitter_card":"summary_large_image","twitter_misc":{"Szacowany czas czytania":"3 minuty"},"schema":{"@context":"https:\/\/schema.org","@graph":[{"@type":"WebPage","@id":"https:\/\/elfsight.com\/pl\/click-to-call-widget\/elementor\/","url":"https:\/\/elfsight.com\/pl\/click-to-call-widget\/elementor\/","name":"Dodaj wid\u017cet przycisku \u201eKliknij, aby po\u0142\u0105czy\u0107\u201d do witryny Elementor (2026)","isPartOf":{"@id":"https:\/\/elfsight.com\/pl\/#website"},"datePublished":"2024-05-03T06:32:34+00:00","dateModified":"2024-11-14T09:35:13+00:00","description":"Dzi\u0119ki Elfsight mo\u017cesz z \u0142atwo\u015bci\u0105 ukszta\u0142towa\u0107 przycisk Kliknij, aby po\u0142\u0105czy\u0107 i doda\u0107 go do witryny Elementor. Mamy bezp\u0142atn\u0105 obs\u0142ug\u0119 klienta i inne bonusy.","breadcrumb":{"@id":"https:\/\/elfsight.com\/pl\/click-to-call-widget\/elementor\/#breadcrumb"},"inLanguage":"pl-PL","potentialAction":[{"@type":"ReadAction","target":["https:\/\/elfsight.com\/pl\/click-to-call-widget\/elementor\/"]}]},{"@type":"BreadcrumbList","@id":"https:\/\/elfsight.com\/pl\/click-to-call-widget\/elementor\/#breadcrumb","itemListElement":[{"@type":"ListItem","position":1,"name":"Home","item":"https:\/\/elfsight.com\/pl\/"},{"@type":"ListItem","position":2,"name":"Click to Call","item":"https:\/\/elfsight.com\/pl\/click-to-call-widget\/"},{"@type":"ListItem","position":3,"name":"Click to Call &#8211; Elementor"}]},{"@type":"WebSite","@id":"https:\/\/elfsight.com\/pl\/#website","url":"https:\/\/elfsight.com\/pl\/","name":"Elfsight PL","description":"Just another Elfsight Sites site","potentialAction":[{"@type":"SearchAction","target":{"@type":"EntryPoint","urlTemplate":"https:\/\/elfsight.com\/pl\/?s={search_term_string}"},"query-input":{"@type":"PropertyValueSpecification","valueRequired":true,"valueName":"search_term_string"}}],"inLanguage":"pl-PL"}]}},"meta_box":{"industry":"","seo_heading":"","heading":"","description":"","cta_heading":"","cta_description":"","application":"2763","h1":"Widget Elementor Kliknij, aby po\u0142\u0105czy\u0107","h1_caption":"Pozw\u00f3l u\u017cytkownikom na natychmiastowy kontakt z Tob\u0105 za pomoc\u0105 prostego przycisku \u201ekliknij, aby po\u0142\u0105czy\u0107\u201d, dzi\u0119ki czemu \u0142atwiej b\u0119dzie Ci dotrze\u0107 bezpo\u015brednio do Twojej witryny Elementor.","application_category":[],"applications_title":"","applications_request_title":"","applications_request_button_text":"","hero_text":"","hero_video":"","hero_video_schema_markup":"","selling_points_title":"","selling_points_caption":"","selling_points":[],"selling_points_cta_text":"","features_title":"","features":"","ed_cta_examples_text":"","ed_cta_examples_hidden":"","ed_cta_demo_text":"","ed_cta_demo_hidden":"","why_caption":"","why_editor_title":"","why_editor_text":"","why_team_title":"","why_team_text":"","why_service_title":"","why_service_text":"","template_catalog_visible":"","template_catalog_title":"","template_catalog_text":"","template_catalog_categories_visible":"","demo_title":"Utw\u00f3rz wid\u017cet \u201eKliknij, aby po\u0142\u0105czy\u0107\u201d.","demo_caption":"Skonfiguruj us\u0142ug\u0119 Click to Call i dodaj j\u0105 do swojej witryny Elementor za darmo!","default_faq_hidden":"","app_template_category":[],"platform":"268","template_public_id":"","codecanyon_url":"","codecanyon_item_id":"","codecanyon_price":"","pricing_caption":"","pricing_elfsight_apps_hide_column":"","pricing_elfsight_apps_url":"","pricing_codecanyon_price_caption":"","integration_category":[],"integration_request_title":"","integration_request_cta":"","integration_platform":"","integrations":[],"platform_category":[],"video_schema_markup":"","price":"od 0 USD \/ miesi\u0105c","trial":"","benefits":[{"text":"Bezp\u0142atna pomoc w monta\u017cu"},{"text":"Kompetentna obs\u0142uga klienta"},{"text":"14-dniowa gwarancja zwrotu pieni\u0119dzy"}],"button_url":"#demo","button_target_blank":"","button_nofollow":"","attributes":[{"name":"Instaluje"},{"name":"Czu\u0142y"},{"name":"Kompatybilne przegl\u0105darki"}],"tags":[],"tags_disable_links":"","hide_more_platforms":"","video_object":"","demo_hide_cta":"","demo_hide_cloud_options":"","pricing_title":"","pricing":[{"pricing_icon":"platform","pricing_title":"Elfsight  Apps","pricing_title_caption":"Rozwi\u0105zanie wieloplatformowe","pricing_price":"od 0 USD \/ miesi\u0105c","pricing_price_caption":"zacznij od bezp\u0142atnego planu","pricing_benefits":[{"text":"Nielimitowane domeny"},{"text":"Wsparcie 24\/7"},{"text":"Bezp\u0142atna pomoc w monta\u017cu"},{"text":"Specjalna oferta na wiele aplikacji"}],"pricing_button_text":"Dodaj do witryny","pricing_button_url":"#demo"}],"related_apps_title":"","related_apps_hidden":"","author":"","image":[],"title":"","job":"","social_networks":[]},"_links":{"self":[{"href":"https:\/\/elfsight.com\/pl\/wp-json\/wp\/v2\/pages\/4647","targetHints":{"allow":["GET"]}}],"collection":[{"href":"https:\/\/elfsight.com\/pl\/wp-json\/wp\/v2\/pages"}],"about":[{"href":"https:\/\/elfsight.com\/pl\/wp-json\/wp\/v2\/types\/page"}],"author":[{"embeddable":true,"href":"https:\/\/elfsight.com\/pl\/wp-json\/wp\/v2\/users\/9"}],"replies":[{"embeddable":true,"href":"https:\/\/elfsight.com\/pl\/wp-json\/wp\/v2\/comments?post=4647"}],"version-history":[{"count":1,"href":"https:\/\/elfsight.com\/pl\/wp-json\/wp\/v2\/pages\/4647\/revisions"}],"predecessor-version":[{"id":4651,"href":"https:\/\/elfsight.com\/pl\/wp-json\/wp\/v2\/pages\/4647\/revisions\/4651"}],"up":[{"embeddable":true,"href":"https:\/\/elfsight.com\/pl\/wp-json\/wp\/v2\/pages\/2764"}],"wp:attachment":[{"href":"https:\/\/elfsight.com\/pl\/wp-json\/wp\/v2\/media?parent=4647"}],"curies":[{"name":"wp","href":"https:\/\/api.w.org\/{rel}","templated":true}]}}