{"id":4645,"date":"2024-05-03T06:32:32","date_gmt":"2024-05-03T06:32:32","guid":{"rendered":"https:\/\/elfsight.com\/pl\/?page_id=4645"},"modified":"2025-06-25T15:45:50","modified_gmt":"2025-06-25T15:45:50","slug":"jquery","status":"publish","type":"page","link":"https:\/\/elfsight.com\/pl\/click-to-call-widget\/jquery\/","title":{"rendered":"Click to Call &#8211; jQuery"},"content":{"rendered":"<div class=\"application-platform-content-item-description application-platform-content-item\" id=\"description\" data-nav-section=\"description\">\n<h2>Opis<\/h2>\n<p>Kliknij, aby po\u0142\u0105czy\u0107 w aplikacji jOuery to przydatne narz\u0119dzie umo\u017cliwiaj\u0105ce odwiedzaj\u0105cym Twoj\u0105 witryn\u0119 skontaktowanie si\u0119 z Tob\u0105 w kr\u00f3tszym czasie. U\u017cytkownicy mog\u0105 do Ciebie zadzwoni\u0107, klikaj\u0105c miniatur\u0119 wybierania na telefonie kom\u00f3rkowym, a na komputerze PC Tw\u00f3j numer jest przyci\u0105gaj\u0105cy wzrok, co u\u0142atwia wybieranie. Sama ba\u0144ka i okienko telefonu s\u0105 w ogromnym stopniu regulowane i u\u0142atwiaj\u0105 kszta\u0142towanie absolutnie unikalnego projektu wtyczki. Mo\u017cesz dowolnie kolorowa\u0107 wszystkie elementy swojego narz\u0119dzia, aby ca\u0142kowicie dopasowa\u0107 je do og\u00f3lnego projektu witryny.<\/p>\n<div class=\"faq\" data-component=\"FAQ\">\n    <div class=\"faq-item\">\r\n\t\t\t\t\t<div class=\"faq-item-question\">\r\n\t\t\t\t\t\t<h3 class=\"faq-item-question-text\"><\/h3>\r\n\r\n\t\t\t\t\t\t<div class=\"faq-item-question-icon\"><\/div>\r\n\t\t\t\t\t<\/div>\r\n\r\n\t\t\t\t\t<div class=\"faq-item-answer\">\r\n\t\t\t\t\t\t<div class=\"faq-item-answer-text\">\n    <p>Tworzenie wid\u017cetu odbywa si\u0119 w witrynie Elfsight i nie musisz uczy\u0107 si\u0119 kodowania. Skorzystaj z wersji demonstracyjnej online, aby zbudowa\u0107 aplikacj\u0119, pobierz kod i wstaw go na swojej stronie.<\/p>\n    <\/div>\r\n\t\t\t\t\t<\/div>\r\n\t\t\t\t<\/div>\n    <div class=\"faq-item\">\r\n\t\t\t\t\t<div class=\"faq-item-question\">\r\n\t\t\t\t\t\t<h3 class=\"faq-item-question-text\">Najlepsze przyk\u0142ady wykorzystania integracji przycisk\u00f3w po\u0142\u0105cze\u0144<\/h3>\r\n\r\n\t\t\t\t\t\t<div class=\"faq-item-question-icon\"><\/div>\r\n\t\t\t\t\t<\/div>\r\n\r\n\t\t\t\t\t<div class=\"faq-item-answer\">\r\n\t\t\t\t\t\t<div class=\"faq-item-answer-text\">\n    <p>Mamy mn\u00f3stwo opcji dostosowywania: pe\u0142nowymiarowe wid\u017cety do dodania w sekcji tre\u015bci, p\u0142ywaj\u0105ce wid\u017cety do funkcji przewijania, uk\u0142ad\u00f3w stopki, nag\u0142\u00f3wka i wszelkiego rodzaju mo\u017cliwo\u015bci pionowych pask\u00f3w bocznych i menu witryny.<\/p>\n    <\/div>\r\n\t\t\t\t\t<\/div>\r\n\t\t\t\t<\/div>\n    <div class=\"faq-item\">\r\n\t\t\t\t\t<div class=\"faq-item-question\">\r\n\t\t\t\t\t\t<h3 class=\"faq-item-question-text\">Czy mog\u0119 zbudowa\u0107 przycisk Zadzwo\u0144 do nas lub przycisk po\u0142\u0105czenia ruchomego przy pomocy edytora?<\/h3>\r\n\r\n\t\t\t\t\t\t<div class=\"faq-item-question-icon\"><\/div>\r\n\t\t\t\t\t<\/div>\r\n\r\n\t\t\t\t\t<div class=\"faq-item-answer\">\r\n\t\t\t\t\t\t<div class=\"faq-item-answer-text\">\n    <p>Mo\u017cesz stworzy\u0107 dowolne odmiany wid\u017cetu. W edytorze dost\u0119pnych jest mn\u00f3stwo uk\u0142ad\u00f3w, a ka\u017cdy z nich mo\u017cna szybko dostosowa\u0107 do w\u0142asnych potrzeb.<\/p>\n    <\/div>\r\n\t\t\t\t\t<\/div>\r\n\t\t\t\t<\/div>\n<\/div>\n<\/div>\n\n<div class=\"application-platform-content-item-features application-platform-content-item\" id=\"features\" data-nav-section=\"features\">\n<h2>Funkcje<\/h2>\n<p>Aby lepiej zrozumie\u0107 wid\u017cet, poni\u017cej znajduje si\u0119 lista g\u0142\u00f3wnych cechy. Dzi\u0119ki nim ten widget jest niezwykle wydajny:<\/p>\n<ul>\n    <li>Natychmiastowe wybieranie numer\u00f3w na telefonach kom\u00f3rkowych;<\/li>\n    <li>Wybierz jedn\u0105 z opcji umieszczenia wid\u017cetu: Ruchomy w lewo, Ruchomy w prawo lub niestandardowy;<\/li>\n    <li>Mo\u017cliwo\u015b\u0107 pokazania wid\u017cetu na okre\u015blonych stronach lub wykluczenia stron internetowych;<\/li>\n    <li>3 typy u\u017cytkownik\u00f3w, kt\u00f3rym b\u0119dzie wy\u015bwietlany wid\u017cet: wszyscy, nowi i tylko powracaj\u0105cy;<\/li>\n    <li>Wbudowane wyzwalacze otwierania widgetu: czas sp\u0119dzony na stronie, czas sp\u0119dzony w witrynie, procent przewijania lub zamiar wyj\u015bcia.<\/li>\n<\/ul>\n<p><a href=\"#demo\">Aby pozna\u0107 wi\u0119cej funkcji, zobacz demonstracja na \u017cywo<\/a><\/p>\n<\/div>\n\n<div class=\"application-platform-content-item-installation application-platform-content-item\" id=\"installation\" data-nav-section=\"installation\">\n<h2>Jak osadzi\u0107 przycisk Zadzwo\u0144 teraz w swojej witrynie jQuery<\/h2>\n<p>Jedyne, co trzeba zrobi\u0107, to kilka czynno\u015bci co musisz zrobi\u0107, aby osadzi\u0107 wtyczk\u0119.<\/p>\n<ol>\n    <li><b>Zarz\u0105dzaj naszym bezp\u0142atnym konfiguratorem i zacznij tworzy\u0107 w\u0142asn\u0105 wtyczk\u0119. <\/b><br> Okre\u015bl preferowany wygl\u0105d i specyfikacje wtyczki i zastosuj zmiany. <\/li>\n    <li><b>Wy\u015bwietl sw\u00f3j osobisty kod w oknie aplikacji Elfsight. <\/b><br> Po zako\u0144czeniu tworzenia osobistego wid\u017cetu skopiuj kod osobisty w wy\u015bwietlonym oknie i zapisz go do p\u00f3\u017aniejszego wykorzystania. <\/li>\n    <li><b>Rozpocznij korzystanie z narz\u0119dzia na swojej stronie internetowej jQuery. <\/b><br> Wprowad\u017a skopiowany ostatnio kod na swoj\u0105 stron\u0119 i zapisz zmiany. <\/li>\n    <li><b>Gotowe! Konfiguracja zosta\u0142a pomy\u015blnie zako\u0144czona. <\/b><br> Przejd\u017a do swojej witryny, aby zobaczy\u0107 dzia\u0142anie wtyczki. <\/li>\n<\/ol>\n<p>Nadal masz w\u0105tpliwo\u015bci? Albo masz problemy? Po prostu napisz pro\u015bb\u0119 do naszego zespo\u0142u wsparcia. Do\u0142o\u017cymy wszelkich stara\u0144, aby rozwi\u0105za\u0107 ka\u017cdy problem.<\/p>\n<\/div>","protected":false},"excerpt":{"rendered":"","protected":false},"author":9,"featured_media":0,"parent":2764,"menu_order":0,"comment_status":"closed","ping_status":"closed","template":"templates\/template-application-platform.php","meta":{"publish_to_discourse":"","publish_post_category":"","wpdc_auto_publish_overridden":"","wpdc_topic_tags":"","wpdc_pin_topic":"","wpdc_pin_until":"","discourse_post_id":"","discourse_permalink":"","wpdc_publishing_response":"","wpdc_publishing_error":"","footnotes":""},"class_list":["post-4645","page","type-page","status-publish","hentry"],"yoast_head":"<!-- This site is optimized with the Yoast SEO plugin v25.3.1 - https:\/\/yoast.com\/wordpress\/plugins\/seo\/ -->\n<title>Przycisk wywo\u0142ania Jquery | Dodaj wtyczk\u0119 przycisku Zadzwo\u0144 teraz do witryny internetowej (2025)<\/title>\n<meta name=\"description\" content=\"Utw\u00f3rz wtyczk\u0119 Click to Call w swojej witrynie jQuery. Skorzystaj z bezp\u0142atnej wersji demonstracyjnej Elfsight i zbuduj swoj\u0105 unikaln\u0105 wtyczk\u0119 w zaledwie 2 minuty.\" \/>\n<meta name=\"robots\" content=\"index, follow, max-snippet:-1, max-image-preview:large, max-video-preview:-1\" \/>\n<link rel=\"canonical\" href=\"https:\/\/elfsight.com\/pl\/click-to-call-widget\/jquery\/\" \/>\n<meta property=\"og:locale\" content=\"pl_PL\" \/>\n<meta property=\"og:type\" content=\"article\" \/>\n<meta property=\"og:title\" content=\"Przycisk wywo\u0142ania Jquery | Dodaj wtyczk\u0119 przycisku Zadzwo\u0144 teraz do witryny internetowej (2025)\" \/>\n<meta property=\"og:description\" content=\"Utw\u00f3rz wtyczk\u0119 Click to Call w swojej witrynie jQuery. Skorzystaj z bezp\u0142atnej wersji demonstracyjnej Elfsight i zbuduj swoj\u0105 unikaln\u0105 wtyczk\u0119 w zaledwie 2 minuty.\" \/>\n<meta property=\"og:url\" content=\"https:\/\/elfsight.com\/pl\/click-to-call-widget\/jquery\/\" \/>\n<meta property=\"og:site_name\" content=\"Elfsight PL\" \/>\n<meta property=\"article:modified_time\" content=\"2025-06-25T15:45:50+00:00\" \/>\n<meta name=\"twitter:card\" content=\"summary_large_image\" \/>\n<meta name=\"twitter:label1\" content=\"Szacowany czas czytania\" \/>\n\t<meta name=\"twitter:data1\" content=\"3 minuty\" \/>\n<!-- \/ Yoast SEO plugin. -->","yoast_head_json":{"title":"Przycisk wywo\u0142ania Jquery | Dodaj wtyczk\u0119 przycisku Zadzwo\u0144 teraz do witryny internetowej (2025)","description":"Utw\u00f3rz wtyczk\u0119 Click to Call w swojej witrynie jQuery. Skorzystaj z bezp\u0142atnej wersji demonstracyjnej Elfsight i zbuduj swoj\u0105 unikaln\u0105 wtyczk\u0119 w zaledwie 2 minuty.","robots":{"index":"index","follow":"follow","max-snippet":"max-snippet:-1","max-image-preview":"max-image-preview:large","max-video-preview":"max-video-preview:-1"},"canonical":"https:\/\/elfsight.com\/pl\/click-to-call-widget\/jquery\/","og_locale":"pl_PL","og_type":"article","og_title":"Przycisk wywo\u0142ania Jquery | Dodaj wtyczk\u0119 przycisku Zadzwo\u0144 teraz do witryny internetowej (2025)","og_description":"Utw\u00f3rz wtyczk\u0119 Click to Call w swojej witrynie jQuery. Skorzystaj z bezp\u0142atnej wersji demonstracyjnej Elfsight i zbuduj swoj\u0105 unikaln\u0105 wtyczk\u0119 w zaledwie 2 minuty.","og_url":"https:\/\/elfsight.com\/pl\/click-to-call-widget\/jquery\/","og_site_name":"Elfsight PL","article_modified_time":"2025-06-25T15:45:50+00:00","twitter_card":"summary_large_image","twitter_misc":{"Szacowany czas czytania":"3 minuty"},"schema":{"@context":"https:\/\/schema.org","@graph":[{"@type":"WebPage","@id":"https:\/\/elfsight.com\/pl\/click-to-call-widget\/jquery\/","url":"https:\/\/elfsight.com\/pl\/click-to-call-widget\/jquery\/","name":"Przycisk wywo\u0142ania Jquery | Dodaj wtyczk\u0119 przycisku Zadzwo\u0144 teraz do witryny internetowej (2025)","isPartOf":{"@id":"https:\/\/elfsight.com\/pl\/#website"},"datePublished":"2024-05-03T06:32:32+00:00","dateModified":"2025-06-25T15:45:50+00:00","description":"Utw\u00f3rz wtyczk\u0119 Click to Call w swojej witrynie jQuery. Skorzystaj z bezp\u0142atnej wersji demonstracyjnej Elfsight i zbuduj swoj\u0105 unikaln\u0105 wtyczk\u0119 w zaledwie 2 minuty.","breadcrumb":{"@id":"https:\/\/elfsight.com\/pl\/click-to-call-widget\/jquery\/#breadcrumb"},"inLanguage":"pl-PL","potentialAction":[{"@type":"ReadAction","target":["https:\/\/elfsight.com\/pl\/click-to-call-widget\/jquery\/"]}]},{"@type":"BreadcrumbList","@id":"https:\/\/elfsight.com\/pl\/click-to-call-widget\/jquery\/#breadcrumb","itemListElement":[{"@type":"ListItem","position":1,"name":"Home","item":"https:\/\/elfsight.com\/pl\/"},{"@type":"ListItem","position":2,"name":"Click to Call","item":"https:\/\/elfsight.com\/pl\/click-to-call-widget\/"},{"@type":"ListItem","position":3,"name":"Click to Call &#8211; jQuery"}]},{"@type":"WebSite","@id":"https:\/\/elfsight.com\/pl\/#website","url":"https:\/\/elfsight.com\/pl\/","name":"Elfsight PL","description":"Just another Elfsight Sites site","potentialAction":[{"@type":"SearchAction","target":{"@type":"EntryPoint","urlTemplate":"https:\/\/elfsight.com\/pl\/?s={search_term_string}"},"query-input":{"@type":"PropertyValueSpecification","valueRequired":true,"valueName":"search_term_string"}}],"inLanguage":"pl-PL"}]}},"meta_box":{"industry":"","seo_heading":"","heading":"","description":"","cta_heading":"","cta_description":"","application":"2763","h1":"Wtyczka przycisku jQuery Kliknij, aby po\u0142\u0105czy\u0107","h1_caption":"Pozw\u00f3l u\u017cytkownikom na natychmiastowy kontakt z Tob\u0105 za pomoc\u0105 prostego przycisku \u201ekliknij, aby po\u0142\u0105czy\u0107\u201d, dzi\u0119ki czemu \u0142atwiej b\u0119dzie Ci bezproblemowo skontaktowa\u0107 si\u0119 bezpo\u015brednio z Twoj\u0105 witryn\u0105 jQuery.","application_category":[],"applications_title":"","applications_request_title":"","applications_request_button_text":"","hero_text":"","hero_video":"","hero_video_schema_markup":"","selling_points_title":"","selling_points_caption":"","selling_points":[],"selling_points_cta_text":"","features_title":"","features":"","ed_cta_examples_text":"","ed_cta_examples_hidden":"","ed_cta_demo_text":"","ed_cta_demo_hidden":"","why_caption":"","why_editor_title":"","why_editor_text":"","why_team_title":"","why_team_text":"","why_service_title":"","why_service_text":"","template_catalog_visible":"0","template_catalog_title":"","template_catalog_text":"","template_catalog_categories_visible":"","demo_title":"Utw\u00f3rz wtyczk\u0119 \u201eKliknij, aby po\u0142\u0105czy\u0107\u201d.","demo_caption":"Skonfiguruj us\u0142ug\u0119 Click to Call i dodaj j\u0105 do swojej witryny jQuery za darmo!","default_faq_hidden":"","app_template_category":[],"platform":"56","template_public_id":"","codecanyon_url":"","codecanyon_item_id":"","codecanyon_price":"","pricing_caption":"","pricing_elfsight_apps_hide_column":"","pricing_elfsight_apps_url":"","pricing_codecanyon_price_caption":"","integration_category":[],"integration_request_title":"","integration_request_cta":"","integration_platform":"","integrations":[],"platform_category":[],"video_schema_markup":"","price":"od 0 USD \/ miesi\u0105c","trial":"","benefits":[{"text":"Bezp\u0142atna pomoc w monta\u017cu"},{"text":"Wsparcie premium"},{"text":"14-dniowa gwarancja zwrotu pieni\u0119dzy"}],"button_url":"#demo","button_target_blank":"0","button_nofollow":"0","attributes":[{"name":"Instaluje"},{"name":"Czu\u0142y"},{"name":"Kompatybilne przegl\u0105darki"}],"tags":[],"tags_disable_links":"0","hide_more_platforms":"0","video_object":"","demo_hide_cta":"0","demo_hide_cloud_options":"0","pricing_title":"","pricing":[{"pricing_icon":"platform","pricing_title":"Elfsight Apps","pricing_title_caption":"Rozwi\u0105zanie wieloplatformowe, kt\u00f3re dzia\u0142a na ka\u017cdej stronie internetowej","pricing_price":"od 0 USD \/ miesi\u0105c","pricing_price_caption":"zacznij od bezp\u0142atnego planu","pricing_benefits":[{"text":"Nielimitowane domeny"},{"text":"Dedykowane i terminowe wsparcie oraz dobrze udokumentowane"},{"text":"Bezp\u0142atna pomoc w monta\u017cu"},{"text":"Elastyczny projekt"}],"pricing_button_text":"Dodaj do witryny","pricing_button_url":"#demo"}],"related_apps_title":"","related_apps_hidden":"0","author":"","image":[],"title":"","job":"","social_networks":[]},"_links":{"self":[{"href":"https:\/\/elfsight.com\/pl\/wp-json\/wp\/v2\/pages\/4645","targetHints":{"allow":["GET"]}}],"collection":[{"href":"https:\/\/elfsight.com\/pl\/wp-json\/wp\/v2\/pages"}],"about":[{"href":"https:\/\/elfsight.com\/pl\/wp-json\/wp\/v2\/types\/page"}],"author":[{"embeddable":true,"href":"https:\/\/elfsight.com\/pl\/wp-json\/wp\/v2\/users\/9"}],"replies":[{"embeddable":true,"href":"https:\/\/elfsight.com\/pl\/wp-json\/wp\/v2\/comments?post=4645"}],"version-history":[{"count":2,"href":"https:\/\/elfsight.com\/pl\/wp-json\/wp\/v2\/pages\/4645\/revisions"}],"predecessor-version":[{"id":10504,"href":"https:\/\/elfsight.com\/pl\/wp-json\/wp\/v2\/pages\/4645\/revisions\/10504"}],"up":[{"embeddable":true,"href":"https:\/\/elfsight.com\/pl\/wp-json\/wp\/v2\/pages\/2764"}],"wp:attachment":[{"href":"https:\/\/elfsight.com\/pl\/wp-json\/wp\/v2\/media?parent=4645"}],"curies":[{"name":"wp","href":"https:\/\/api.w.org\/{rel}","templated":true}]}}