{"id":4640,"date":"2024-05-03T06:32:31","date_gmt":"2024-05-03T06:32:31","guid":{"rendered":"https:\/\/elfsight.com\/pl\/?page_id=4640"},"modified":"2025-06-25T15:46:38","modified_gmt":"2025-06-25T15:46:38","slug":"magento","status":"publish","type":"page","link":"https:\/\/elfsight.com\/pl\/click-to-call-widget\/magento\/","title":{"rendered":"Click to Call &#8211; Magento"},"content":{"rendered":"<div class=\"application-platform-content-item-description application-platform-content-item\" id=\"description\" data-nav-section=\"description\">\n<h2>Opis<\/h2>\n<p>Przycisk Zadzwo\u0144 teraz Elfsight to naj\u0142atwiejsza wtyczka do witryny, dzi\u0119ki kt\u00f3rej u\u017cytkownicy szybciej j\u0105 uruchomi\u0105 Rozmowa telefoniczna. Gdy u\u017cytkownicy przegl\u0105daj\u0105 Twoj\u0105 witryn\u0119 na urz\u0105dzeniu mobilnym, wtyczka wybiera Tw\u00f3j numer, gdy kto\u015b kliknie ikon\u0119 telefonu. Na komputerach stacjonarnych i tabletach klikni\u0119cie wy\u015bwietli Tw\u00f3j numer telefonu w witrynie, dzi\u0119ki czemu u\u017cytkownicy b\u0119d\u0105 mogli go od razu wybra\u0107. Mo\u017cna nie tylko pokaza\u0107 numer, ale tak\u017ce wy\u015bwietli\u0107 okno po\u0142\u0105czenia z nazwiskiem i zdj\u0119ciem osoby kontaktowej oraz podpisem. Wszystkie te elementy s\u0105 prze\u0142\u0105czalne i pozwalaj\u0105 uzyska\u0107 dowolny wariant interfejsu. Dost\u0119pna jest tak\u017ce funkcja umo\u017cliwiaj\u0105ca ustawienie wyzwalacza aktywuj\u0105cego dymek w telefonie oraz okre\u015blenie kategorii odwiedzaj\u0105cych, dla kt\u00f3rych b\u0119dzie ona aktywna.<\/p>\n<div class=\"faq\" data-component=\"FAQ\">\n    <div class=\"faq-item\">\r\n\t\t\t\t\t<div class=\"faq-item-question\">\r\n\t\t\t\t\t\t<h3 class=\"faq-item-question-text\">Gdzie mog\u0119 to zainstalowa\u0107<\/h3>\r\n\r\n\t\t\t\t\t\t<div class=\"faq-item-question-icon\"><\/div>\r\n\t\t\t\t\t<\/div>\r\n\r\n\t\t\t\t\t<div class=\"faq-item-answer\">\r\n\t\t\t\t\t\t<div class=\"faq-item-answer-text\">\n    <p>Mo\u017cesz dodaj go na dowolnej stronie serwisu i na wszystkich stronach. W ustawieniach wtyczki mo\u017cesz wstawi\u0107 adresy URL stron, na kt\u00f3rych musisz osadzi\u0107 wtyczk\u0119 Click To Call. Alternatywnie mo\u017cesz u\u017cy\u0107 funkcji Wyklucz i wstawi\u0107 adresy URL dok\u0142adnych stron, na kt\u00f3rych chcesz zabroni\u0107 wy\u015bwietlania wtyczki.<\/p>\n    <\/div>\r\n\t\t\t\t\t<\/div>\r\n\t\t\t\t<\/div>\n    <div class=\"faq-item\">\r\n\t\t\t\t\t<div class=\"faq-item-question\">\r\n\t\t\t\t\t\t<h3 class=\"faq-item-question-text\">Jakie korzy\u015bci mog\u0119 zyska\u0107 dzi\u0119ki tej wtyczce?<\/h3>\r\n\r\n\t\t\t\t\t\t<div class=\"faq-item-question-icon\"><\/div>\r\n\t\t\t\t\t<\/div>\r\n\r\n\t\t\t\t\t<div class=\"faq-item-answer\">\r\n\t\t\t\t\t\t<div class=\"faq-item-answer-text\">\n    <p>Ty mo\u017ce zacz\u0105\u0107 odbiera\u0107 wi\u0119cej po\u0142\u0105cze\u0144 telefonicznych od u\u017cytkownik\u00f3w, maj\u0105c szybki i wygodny spos\u00f3b na skontaktowanie si\u0119 z Tob\u0105, bez konieczno\u015bci opuszczania strony. Mo\u017ce to pom\u00f3c Ci w prowadzeniu wi\u0119kszej liczby osobistych rozm\u00f3w i przekonaniu u\u017cytkownik\u00f3w do nowych zakup\u00f3w. Mo\u017cesz tak\u017ce gromadzi\u0107 baz\u0119 danych potencjalnych klient\u00f3w.<\/p>\n    <\/div>\r\n\t\t\t\t\t<\/div>\r\n\t\t\t\t<\/div>\n    <div class=\"faq-item\">\r\n\t\t\t\t\t<div class=\"faq-item-question\">\r\n\t\t\t\t\t\t<h3 class=\"faq-item-question-text\">Jak doda\u0107 przycisk po\u0142\u0105czenia do mojej witryny Magento?<\/h3>\r\n\r\n\t\t\t\t\t\t<div class=\"faq-item-question-icon\"><\/div>\r\n\t\t\t\t\t<\/div>\r\n\r\n\t\t\t\t\t<div class=\"faq-item-answer\">\r\n\t\t\t\t\t\t<div class=\"faq-item-answer-text\">\n    <p>Rozpocz\u0119cie korzystania z wtyczki zajmie Ci tylko minut\u0119. Integracja jest bardzo szybka, darmowa i bez kodowania.<\/p>\n    <p>Wtyczk\u0119 Elfsight Call mo\u017cna zintegrowa\u0107 z nasz\u0105 us\u0142ug\u0105 lub za po\u015brednictwem rynku. Mo\u017cesz zobaczy\u0107 wi\u0119cej szczeg\u00f3\u0142\u00f3w obu opcji i wybra\u0107 bardziej odpowiedni\u0105.<\/p>\n    <\/div>\r\n\t\t\t\t\t<\/div>\r\n\t\t\t\t<\/div>\n<\/div>\n<\/div>\n\n<div class=\"application-platform-content-item-features application-platform-content-item\" id=\"features\" data-nav-section=\"features\">\n<h2>Funkcje<\/h2>\n<p>W kolejno\u015bci aby lepiej pozna\u0107 Calla, przejrzyj list\u0119 jego najwybitniejszych cech. Sprawiaj\u0105, \u017ce ta wtyczka jest maksymalnie skuteczna dla Twojej firmy:<\/p>\n<ul>\n    <li>Szybkie rozmowy telefoniczne na kom\u00f3rkach;<\/li>\n    <li>Wybierz jeden z 3 wariant\u00f3w pozycji wid\u017cetu: p\u0142ywaj\u0105ca w lewo lub w prawo lub niestandardowa;<\/li>\n    <li>Opcja pokazywania wid\u017cetu na okre\u015blonych stronach internetowych lub wykluczania stron;<\/li>\n    <li>Wybierz warianty u\u017cytkownik\u00f3w, aby zobaczy\u0107 wid\u017cet: wszyscy, nowi i powracaj\u0105cy;<\/li>\n    <li>Cztery wyzwalacze widgetu: czas sp\u0119dzony na stronie, czas sp\u0119dzony w witrynie, pozycja przewijania lub zamiar wyj\u015bcia.<\/li>\n<\/ul>\n<p><a href=\"#demo\">Demonstracja na \u017cywo udost\u0119pni Ci wi\u0119cej funkcji<\/a><\/p>\n<\/div>\n\n<div class=\"application-platform-content-item-installation application-platform-content-item\" id=\"installation\" data-nav-section=\"installation\">\n<h2>Jak doda\u0107 wtyczk\u0119 przycisku po\u0142\u0105czenia do swojej witryny Magento<\/h2>\n<p>Wystarczy kilka prostych krok\u00f3w do zrobienia.<\/p>\n<ol>\n    <li><b>Otw\u00f3rz nasz darmowy konfigurator i zacznij budowa\u0107 w\u0142asne rozszerzenie. <\/b><br> Znajd\u017a po\u017c\u0105dane cechy projektowe i funkcjonalne rozszerzenia i zastosuj wszystkie zmiany. <\/li>\n    <li><b>Zdob\u0105d\u017a sw\u00f3j indywidualny kod pojawiaj\u0105cy si\u0119 w oknie aplikacji Elfsight. <\/b><br> Zaraz po wygenerowaniu rozszerzenia skopiuj indywidualny kod z wy\u015bwietlonego wyskakuj\u0105cego okienka i zachowaj go na przysz\u0142o\u015b\u0107. <\/li>\n    <li><b>Rozpocznij korzystanie z rozszerzenia na stronie Magento. <\/b><br> Umie\u015b\u0107 zapisany wcze\u015bniej kod w swojej witrynie i zastosuj modyfikacje. <\/li>\n    <li><b>Gotowe! Osadzanie zosta\u0142o pomy\u015blnie zako\u0144czone. <\/b><br> Otw\u00f3rz swoj\u0105 witryn\u0119, aby sprawdzi\u0107, jak dzia\u0142a rozszerzenie. <\/li>\n<\/ol>\n<p>Nadal nie jeste\u015b pewien? Lub do\u015bwiadczasz problem\u00f3w? Po prostu skieruj pro\u015bb\u0119 do naszego zespo\u0142u wsparcia. Pomog\u0105 w ka\u017cdej sprawie.<\/p>\n<\/div>","protected":false},"excerpt":{"rendered":"","protected":false},"author":9,"featured_media":0,"parent":2764,"menu_order":0,"comment_status":"closed","ping_status":"closed","template":"templates\/template-application-platform.php","meta":{"publish_to_discourse":"","publish_post_category":"","wpdc_auto_publish_overridden":"","wpdc_topic_tags":"","wpdc_pin_topic":"","wpdc_pin_until":"","discourse_post_id":"","discourse_permalink":"","wpdc_publishing_response":"","wpdc_publishing_error":"","footnotes":""},"class_list":["post-4640","page","type-page","status-publish","hentry"],"yoast_head":"<!-- This site is optimized with the Yoast SEO plugin v25.3.1 - https:\/\/yoast.com\/wordpress\/plugins\/seo\/ -->\n<title>Dodaj wtyczk\u0119 przycisku Zadzwo\u0144 teraz do swojej witryny Magento (w 2 minuty)<\/title>\n<meta name=\"description\" content=\"Oto mo\u017cliwo\u015b\u0107 stworzenia rozszerzenia przycisku \u201eKliknij, aby po\u0142\u0105czy\u0107\u201d i dodania go do swojego Magento. Ciesz si\u0119 bezp\u0142atn\u0105 obs\u0142ug\u0105 klienta i innymi bonusami od Elfsight.\" \/>\n<meta name=\"robots\" content=\"index, follow, max-snippet:-1, max-image-preview:large, max-video-preview:-1\" \/>\n<link rel=\"canonical\" href=\"https:\/\/elfsight.com\/pl\/click-to-call-widget\/magento\/\" \/>\n<meta property=\"og:locale\" content=\"pl_PL\" \/>\n<meta property=\"og:type\" content=\"article\" \/>\n<meta property=\"og:title\" content=\"Dodaj wtyczk\u0119 przycisku Zadzwo\u0144 teraz do swojej witryny Magento (w 2 minuty)\" \/>\n<meta property=\"og:description\" content=\"Oto mo\u017cliwo\u015b\u0107 stworzenia rozszerzenia przycisku \u201eKliknij, aby po\u0142\u0105czy\u0107\u201d i dodania go do swojego Magento. Ciesz si\u0119 bezp\u0142atn\u0105 obs\u0142ug\u0105 klienta i innymi bonusami od Elfsight.\" \/>\n<meta property=\"og:url\" content=\"https:\/\/elfsight.com\/pl\/click-to-call-widget\/magento\/\" \/>\n<meta property=\"og:site_name\" content=\"Elfsight PL\" \/>\n<meta property=\"article:modified_time\" content=\"2025-06-25T15:46:38+00:00\" \/>\n<meta name=\"twitter:card\" content=\"summary_large_image\" \/>\n<meta name=\"twitter:label1\" content=\"Szacowany czas czytania\" \/>\n\t<meta name=\"twitter:data1\" content=\"3 minuty\" \/>\n<!-- \/ Yoast SEO plugin. -->","yoast_head_json":{"title":"Dodaj wtyczk\u0119 przycisku Zadzwo\u0144 teraz do swojej witryny Magento (w 2 minuty)","description":"Oto mo\u017cliwo\u015b\u0107 stworzenia rozszerzenia przycisku \u201eKliknij, aby po\u0142\u0105czy\u0107\u201d i dodania go do swojego Magento. Ciesz si\u0119 bezp\u0142atn\u0105 obs\u0142ug\u0105 klienta i innymi bonusami od Elfsight.","robots":{"index":"index","follow":"follow","max-snippet":"max-snippet:-1","max-image-preview":"max-image-preview:large","max-video-preview":"max-video-preview:-1"},"canonical":"https:\/\/elfsight.com\/pl\/click-to-call-widget\/magento\/","og_locale":"pl_PL","og_type":"article","og_title":"Dodaj wtyczk\u0119 przycisku Zadzwo\u0144 teraz do swojej witryny Magento (w 2 minuty)","og_description":"Oto mo\u017cliwo\u015b\u0107 stworzenia rozszerzenia przycisku \u201eKliknij, aby po\u0142\u0105czy\u0107\u201d i dodania go do swojego Magento. Ciesz si\u0119 bezp\u0142atn\u0105 obs\u0142ug\u0105 klienta i innymi bonusami od Elfsight.","og_url":"https:\/\/elfsight.com\/pl\/click-to-call-widget\/magento\/","og_site_name":"Elfsight PL","article_modified_time":"2025-06-25T15:46:38+00:00","twitter_card":"summary_large_image","twitter_misc":{"Szacowany czas czytania":"3 minuty"},"schema":{"@context":"https:\/\/schema.org","@graph":[{"@type":"WebPage","@id":"https:\/\/elfsight.com\/pl\/click-to-call-widget\/magento\/","url":"https:\/\/elfsight.com\/pl\/click-to-call-widget\/magento\/","name":"Dodaj wtyczk\u0119 przycisku Zadzwo\u0144 teraz do swojej witryny Magento (w 2 minuty)","isPartOf":{"@id":"https:\/\/elfsight.com\/pl\/#website"},"datePublished":"2024-05-03T06:32:31+00:00","dateModified":"2025-06-25T15:46:38+00:00","description":"Oto mo\u017cliwo\u015b\u0107 stworzenia rozszerzenia przycisku \u201eKliknij, aby po\u0142\u0105czy\u0107\u201d i dodania go do swojego Magento. Ciesz si\u0119 bezp\u0142atn\u0105 obs\u0142ug\u0105 klienta i innymi bonusami od Elfsight.","breadcrumb":{"@id":"https:\/\/elfsight.com\/pl\/click-to-call-widget\/magento\/#breadcrumb"},"inLanguage":"pl-PL","potentialAction":[{"@type":"ReadAction","target":["https:\/\/elfsight.com\/pl\/click-to-call-widget\/magento\/"]}]},{"@type":"BreadcrumbList","@id":"https:\/\/elfsight.com\/pl\/click-to-call-widget\/magento\/#breadcrumb","itemListElement":[{"@type":"ListItem","position":1,"name":"Home","item":"https:\/\/elfsight.com\/pl\/"},{"@type":"ListItem","position":2,"name":"Click to Call","item":"https:\/\/elfsight.com\/pl\/click-to-call-widget\/"},{"@type":"ListItem","position":3,"name":"Click to Call &#8211; Magento"}]},{"@type":"WebSite","@id":"https:\/\/elfsight.com\/pl\/#website","url":"https:\/\/elfsight.com\/pl\/","name":"Elfsight PL","description":"Just another Elfsight Sites site","potentialAction":[{"@type":"SearchAction","target":{"@type":"EntryPoint","urlTemplate":"https:\/\/elfsight.com\/pl\/?s={search_term_string}"},"query-input":{"@type":"PropertyValueSpecification","valueRequired":true,"valueName":"search_term_string"}}],"inLanguage":"pl-PL"}]}},"meta_box":{"industry":"","seo_heading":"","heading":"","description":"","cta_heading":"","cta_description":"","application":"2763","h1":"Rozszerzenie przycisku wywo\u0142ania Magento","h1_caption":"Pozw\u00f3l u\u017cytkownikom na natychmiastowy kontakt z Tob\u0105 za pomoc\u0105 prostego przycisku \u201ekliknij, aby po\u0142\u0105czy\u0107\u201d, dzi\u0119ki czemu \u0142atwiej b\u0119dzie Ci dotrze\u0107 bezpo\u015brednio do Twojej witryny Magento.","application_category":[],"applications_title":"","applications_request_title":"","applications_request_button_text":"","hero_text":"","hero_video":"","hero_video_schema_markup":"","selling_points_title":"","selling_points_caption":"","selling_points":[],"selling_points_cta_text":"","features_title":"","features":"","ed_cta_examples_text":"","ed_cta_examples_hidden":"","ed_cta_demo_text":"","ed_cta_demo_hidden":"","why_caption":"","why_editor_title":"","why_editor_text":"","why_team_title":"","why_team_text":"","why_service_title":"","why_service_text":"","template_catalog_visible":"0","template_catalog_title":"","template_catalog_text":"","template_catalog_categories_visible":"","demo_title":"Utw\u00f3rz rozszerzenie \u201eKliknij, aby po\u0142\u0105czy\u0107\u201d.","demo_caption":"Skonfiguruj us\u0142ug\u0119 Click to Call i dodaj j\u0105 do swojej witryny Magento za darmo!","default_faq_hidden":"","app_template_category":[],"platform":"92","template_public_id":"","codecanyon_url":"","codecanyon_item_id":"","codecanyon_price":"","pricing_caption":"","pricing_elfsight_apps_hide_column":"","pricing_elfsight_apps_url":"","pricing_codecanyon_price_caption":"","integration_category":[],"integration_request_title":"","integration_request_cta":"","integration_platform":"","integrations":[],"platform_category":[],"video_schema_markup":"","price":"od 0 USD \/ miesi\u0105c","trial":"","benefits":[{"text":"Bezp\u0142atna pomoc w monta\u017cu"},{"text":"Do\u015bwiadczona obs\u0142uga klienta"},{"text":"14-dniowa gwarancja zwrotu pieni\u0119dzy"}],"button_url":"#demo","button_target_blank":"0","button_nofollow":"0","attributes":[{"name":"Instaluje"},{"name":"Czu\u0142y"},{"name":"Kompatybilne przegl\u0105darki"}],"tags":[],"tags_disable_links":"0","hide_more_platforms":"0","video_object":"","demo_hide_cta":"0","demo_hide_cloud_options":"0","pricing_title":"","pricing":[{"pricing_icon":"platform","pricing_title":"Elfsight Apps","pricing_title_caption":"Wieloplatformowe rozwi\u0105zanie cyfrowe, kt\u00f3re dzia\u0142a na ka\u017cdej stronie","pricing_price":"od 0 USD \/ miesi\u0105c","pricing_price_caption":"zacznij od bezp\u0142atnego planu","pricing_benefits":[{"text":"Nielimitowane domeny"},{"text":"Profesjonalne wsparcie"},{"text":"Bezp\u0142atna pomoc w monta\u017cu"},{"text":"100% konfigurowalny"}],"pricing_button_text":"Dodaj do witryny","pricing_button_url":"#demo"}],"related_apps_title":"","related_apps_hidden":"0","author":"","image":[],"title":"","job":"","social_networks":[]},"_links":{"self":[{"href":"https:\/\/elfsight.com\/pl\/wp-json\/wp\/v2\/pages\/4640","targetHints":{"allow":["GET"]}}],"collection":[{"href":"https:\/\/elfsight.com\/pl\/wp-json\/wp\/v2\/pages"}],"about":[{"href":"https:\/\/elfsight.com\/pl\/wp-json\/wp\/v2\/types\/page"}],"author":[{"embeddable":true,"href":"https:\/\/elfsight.com\/pl\/wp-json\/wp\/v2\/users\/9"}],"replies":[{"embeddable":true,"href":"https:\/\/elfsight.com\/pl\/wp-json\/wp\/v2\/comments?post=4640"}],"version-history":[{"count":2,"href":"https:\/\/elfsight.com\/pl\/wp-json\/wp\/v2\/pages\/4640\/revisions"}],"predecessor-version":[{"id":10505,"href":"https:\/\/elfsight.com\/pl\/wp-json\/wp\/v2\/pages\/4640\/revisions\/10505"}],"up":[{"embeddable":true,"href":"https:\/\/elfsight.com\/pl\/wp-json\/wp\/v2\/pages\/2764"}],"wp:attachment":[{"href":"https:\/\/elfsight.com\/pl\/wp-json\/wp\/v2\/media?parent=4640"}],"curies":[{"name":"wp","href":"https:\/\/api.w.org\/{rel}","templated":true}]}}