{"id":4639,"date":"2024-05-03T06:32:30","date_gmt":"2024-05-03T06:32:30","guid":{"rendered":"https:\/\/elfsight.com\/pl\/?page_id=4639"},"modified":"2024-11-14T09:35:05","modified_gmt":"2024-11-14T09:35:05","slug":"html","status":"publish","type":"page","link":"https:\/\/elfsight.com\/pl\/click-to-call-widget\/html\/","title":{"rendered":"Click to Call &#8211; HTML"},"content":{"rendered":"<div class=\"application-platform-content-item-description application-platform-content-item\" id=\"description\" data-nav-section=\"description\"> <h2>Opis<\/h2> <p>Przycisk Zadzwo\u0144 teraz Elfsight to nieskomplikowany widget dla witryny, kt\u00f3ry u\u0142atwia Twoim klientom rozpocz\u0119cie dzwoni\u0119 do ciebie na telefon. W przypadku u\u017cycia na urz\u0105dzeniach mobilnych kod rozpoczyna wybieranie osadzonego numeru, gdy u\u017cytkownik kliknie dymek z telefonem. Na komputerach klikni\u0119cie powoduje wy\u015bwietlenie Twojego numeru na stronie, dzi\u0119ki czemu u\u017cytkownicy mog\u0105 natychmiast do Ciebie zadzwoni\u0107. Mo\u017cesz nie tylko wy\u015bwietli\u0107 numer telefonu, ale tak\u017ce skonfigurowa\u0107 okno po\u0142\u0105czenia, kt\u00f3re zawiera imi\u0119 i nazwisko oraz zdj\u0119cie osoby kontaktowej z klientem oraz kr\u00f3tki tekst. Wszystkie te cz\u0119\u015bci s\u0105 prze\u0142\u0105czalne i umo\u017cliwiaj\u0105 skonfigurowanie dowolnego wariantu interfejsu. Mo\u017cesz tak\u017ce przypisa\u0107 wyzwalacz, kt\u00f3ry wy\u015bwietli dymek z telefonem i zdecydowa\u0107, dla jakiej kategorii odbiorc\u00f3w witryny b\u0119dzie on aktywny.<\/p> <div class=\"faq\" data-component=\"FAQ\"><div class=\"faq-item\">\r\n\t\t\t\t\t<div class=\"faq-item-question\">\r\n\t\t\t\t\t\t<h3 class=\"faq-item-question-text\">Gdzie na mojej stronie mog\u0119 doda\u0107 przycisk Zadzwo\u0144 teraz<\/h3>\r\n\r\n\t\t\t\t\t\t<div class=\"faq-item-question-icon\"><\/div>\r\n\t\t\t\t\t<\/div>\r\n\r\n\t\t\t\t\t<div class=\"faq-item-answer\">\r\n\t\t\t\t\t\t<div class=\"faq-item-answer-text\"> <p>Mo\u017cna go wprowadzi\u0107 na dowolnej stronie serwisu, jak i na wszystkich stronach. W ustawieniach Kliknij, aby po\u0142\u0105czy\u0107 mo\u017cesz doda\u0107 adresy URL osobnych stron, na kt\u00f3rych chcesz w\u0142\u0105czy\u0107 wid\u017cet. Alternatywnie u\u017cyj opcji Wyklucz i wprowad\u017a adresy URL stron, na kt\u00f3rych chcesz zabroni\u0107 prezentowania wid\u017cetu.<\/p> <\/div>\r\n\t\t\t\t\t<\/div>\r\n\t\t\t\t<\/div><div class=\"faq-item\">\r\n\t\t\t\t\t<div class=\"faq-item-question\">\r\n\t\t\t\t\t\t<h3 class=\"faq-item-question-text\">Jak mog\u0119 na tym zyska\u0107?<\/h3>\r\n\r\n\t\t\t\t\t\t<div class=\"faq-item-question-icon\"><\/div>\r\n\t\t\t\t\t<\/div>\r\n\r\n\t\t\t\t\t<div class=\"faq-item-answer\">\r\n\t\t\t\t\t\t<div class=\"faq-item-answer-text\"> <p>Mo\u017cesz uzyska\u0107 wi\u0119cej po\u0142\u0105cze\u0144 od klient\u00f3w dzi\u0119ki natychmiastowemu i prostemu sposobowi skontaktowania si\u0119 z Tob\u0105, bez konieczno\u015bci opuszczania strony internetowej. Pomo\u017ce Ci to w prowadzeniu wi\u0119kszej liczby bezpo\u015brednich rozm\u00f3w i przekszta\u0142ceniu odwiedzaj\u0105cych w klient\u00f3w. Co wi\u0119cej, mo\u017cesz utworzy\u0107 baz\u0119 danych potencjalnych klient\u00f3w.<\/p> <\/div>\r\n\t\t\t\t\t<\/div>\r\n\t\t\t\t<\/div> <div class=\"faq-item\">\r\n\t\t\t\t\t<div class=\"faq-item-question\">\r\n\t\t\t\t\t\t<h3 class=\"faq-item-question-text\">Jak doda\u0107 wid\u017cet po\u0142\u0105cze\u0144 do mojej witryny HTML?<\/h3>\r\n\r\n\t\t\t\t\t\t<div class=\"faq-item-question-icon\"><\/div>\r\n\t\t\t\t\t<\/div>\r\n\r\n\t\t\t\t\t<div class=\"faq-item-answer\">\r\n\t\t\t\t\t\t<div class=\"faq-item-answer-text\"> <p>Aby uzyska\u0107 wid\u017cet dzia\u0142a. Instalacja jest super szybka, bezp\u0142atna i bez kodowania. <\/p> <p>Mo\u017cesz wprowadzi\u0107 widget do serwisu za po\u015brednictwem naszego serwisu. Aby to zrobi\u0107, zapoznaj si\u0119 z przewodnikiem znajduj\u0105cym si\u0119 poni\u017cej na tej stronie.<\/p> <\/div>\r\n\t\t\t\t\t<\/div>\r\n\t\t\t\t<\/div> <\/div> <\/div> <div class=\"application-platform-content-item-features application-platform-content-item\" id=\"features\" data-nav-section=\"features\"> <h2>Funkcje<\/h2> <p>Aby osi\u0105gn\u0105\u0107 lepsz\u0105 zrozumienie przycisku wywo\u0142ania, zobacz list\u0119 podstawowych funkcji. Sprawiaj\u0105, \u017ce wid\u017cet jest maksymalnie efektywny dla Twojej firmy: <\/p> <ul><li>Natychmiastowe rozmowy telefoniczne na telefonach kom\u00f3rkowych;<\/li> <li>Wybierz jedn\u0105 z opcji umieszczenia wid\u017cetu: p\u0142ywaj\u0105cy w lewo lub w prawo lub niestandardowy; <\/li> <li>Opcja wy\u015bwietlania wid\u017cetu na niekt\u00f3rych stronach internetowych lub wykluczania stron; <\/li> <li>Wybierz kategorie odwiedzaj\u0105cych, kt\u00f3rzy zobacz\u0105 wid\u017cet: wszyscy, nowi lub powracaj\u0105cy; <\/li> <li> 4 wyzwalacze otwarcia wid\u017cetu: czas sp\u0119dzony na stronie, czas sp\u0119dzony na stronie, ilo\u015b\u0107 przewini\u0119\u0107 lub zamiar wyj\u015bcia.<\/li> <\/ul><p><a href=\"#demo\"> W naszym demo poka\u017cemy Ci wi\u0119cej funkcji<\/a><\/p> <\/div> <div class=\"application-platform-content-item-installation application-platform-content-item\" id=\"installation\" data-nav-section=\"installation\"> <h2>Jak doda\u0107 kod przycisku po\u0142\u0105czenia do swojej witryny HTML<\/h2> <p> A Aby skonfigurowa\u0107 wid\u017cet, wystarczy kilka prostych krok\u00f3w.<\/p><ol><li><b>Stw\u00f3rz w\u0142asn\u0105 wtyczk\u0119 Call Now<\/b><br>Korzystaj\u0105c z naszego bezp\u0142atnego konfiguratora, wygeneruj wtyczk\u0119 o niestandardowym sk\u0142adzie i funkcjach.<\/li><li><b>Zdob\u0105d\u017a osobisty kod, aby skonfigurowa\u0107 wtyczk\u0119<\/b><br>Po wygenerowaniu wid\u017cetu otrzymasz sw\u00f3j osobisty kod od pojawi\u0142o si\u0119 powiadomienie w aplikacjach Elfsight. Skopiuj ten kod do dalszego wykorzystania.<\/li><li><b>Wy\u015bwietl wtyczk\u0119 na swojej stronie HTML<\/b><br>Wybierz obszar strony, w kt\u00f3rym chcesz wy\u015bwietli\u0107 wtyczk\u0119 i dodaj tam skopiowany kod. Opublikuj zmiany.<\/li><li><b>Instalacja zako\u0144czy\u0142a si\u0119 pomy\u015blnie<\/b><br>Odwied\u017a swoj\u0105 witryn\u0119 internetow\u0105, aby sprawdzi\u0107 swoj\u0105 prac\u0119.<\/li><\/ol><p>Nadal nie jeste\u015b pewien? Lub do\u015bwiadczasz problem\u00f3w? Wystarczy wys\u0142a\u0107 zapytanie do naszego dzia\u0142u obs\u0142ugi klienta, a za\u0142atwimy ka\u017cd\u0105 spraw\u0119.<\/p> <\/div>","protected":false},"excerpt":{"rendered":"","protected":false},"author":9,"featured_media":0,"parent":2764,"menu_order":0,"comment_status":"closed","ping_status":"closed","template":"templates\/template-application-platform.php","meta":{"publish_to_discourse":"","publish_post_category":"","wpdc_auto_publish_overridden":"","wpdc_topic_tags":"","wpdc_pin_topic":"","wpdc_pin_until":"","discourse_post_id":"","discourse_permalink":"","wpdc_publishing_response":"","wpdc_publishing_error":"","footnotes":""},"class_list":["post-4639","page","type-page","status-publish","hentry"],"yoast_head":"<!-- This site is optimized with the Yoast SEO plugin v25.3.1 - https:\/\/yoast.com\/wordpress\/plugins\/seo\/ -->\n<title>Przycisk po\u0142\u0105czenia HTML \u2014 dodaj kod przycisku Zadzwo\u0144 teraz do witryny HTML [2025]<\/title>\n<meta name=\"description\" content=\"Utw\u00f3rz przycisk \u201eKliknij, aby po\u0142\u0105czy\u0107\u201d i szybko i \u0142atwo dodaj go do swojej witryny z kodem HTML. Uzyskaj bezp\u0142atn\u0105 obs\u0142ug\u0119 klienta i inne korzy\u015bci od Elfsight.\" \/>\n<meta name=\"robots\" content=\"index, follow, max-snippet:-1, max-image-preview:large, max-video-preview:-1\" \/>\n<link rel=\"canonical\" href=\"https:\/\/elfsight.com\/pl\/click-to-call-widget\/html\/\" \/>\n<meta property=\"og:locale\" content=\"pl_PL\" \/>\n<meta property=\"og:type\" content=\"article\" \/>\n<meta property=\"og:title\" content=\"Przycisk po\u0142\u0105czenia HTML \u2014 dodaj kod przycisku Zadzwo\u0144 teraz do witryny HTML [2025]\" \/>\n<meta property=\"og:description\" content=\"Utw\u00f3rz przycisk \u201eKliknij, aby po\u0142\u0105czy\u0107\u201d i szybko i \u0142atwo dodaj go do swojej witryny z kodem HTML. Uzyskaj bezp\u0142atn\u0105 obs\u0142ug\u0119 klienta i inne korzy\u015bci od Elfsight.\" \/>\n<meta property=\"og:url\" content=\"https:\/\/elfsight.com\/pl\/click-to-call-widget\/html\/\" \/>\n<meta property=\"og:site_name\" content=\"Elfsight PL\" \/>\n<meta property=\"article:modified_time\" content=\"2024-11-14T09:35:05+00:00\" \/>\n<meta name=\"twitter:card\" content=\"summary_large_image\" \/>\n<meta name=\"twitter:label1\" content=\"Szacowany czas czytania\" \/>\n\t<meta name=\"twitter:data1\" content=\"3 minuty\" \/>\n<!-- \/ Yoast SEO plugin. -->","yoast_head_json":{"title":"Przycisk po\u0142\u0105czenia HTML \u2014 dodaj kod przycisku Zadzwo\u0144 teraz do witryny HTML [2025]","description":"Utw\u00f3rz przycisk \u201eKliknij, aby po\u0142\u0105czy\u0107\u201d i szybko i \u0142atwo dodaj go do swojej witryny z kodem HTML. Uzyskaj bezp\u0142atn\u0105 obs\u0142ug\u0119 klienta i inne korzy\u015bci od Elfsight.","robots":{"index":"index","follow":"follow","max-snippet":"max-snippet:-1","max-image-preview":"max-image-preview:large","max-video-preview":"max-video-preview:-1"},"canonical":"https:\/\/elfsight.com\/pl\/click-to-call-widget\/html\/","og_locale":"pl_PL","og_type":"article","og_title":"Przycisk po\u0142\u0105czenia HTML \u2014 dodaj kod przycisku Zadzwo\u0144 teraz do witryny HTML [2025]","og_description":"Utw\u00f3rz przycisk \u201eKliknij, aby po\u0142\u0105czy\u0107\u201d i szybko i \u0142atwo dodaj go do swojej witryny z kodem HTML. Uzyskaj bezp\u0142atn\u0105 obs\u0142ug\u0119 klienta i inne korzy\u015bci od Elfsight.","og_url":"https:\/\/elfsight.com\/pl\/click-to-call-widget\/html\/","og_site_name":"Elfsight PL","article_modified_time":"2024-11-14T09:35:05+00:00","twitter_card":"summary_large_image","twitter_misc":{"Szacowany czas czytania":"3 minuty"},"schema":{"@context":"https:\/\/schema.org","@graph":[{"@type":"WebPage","@id":"https:\/\/elfsight.com\/pl\/click-to-call-widget\/html\/","url":"https:\/\/elfsight.com\/pl\/click-to-call-widget\/html\/","name":"Przycisk po\u0142\u0105czenia HTML \u2014 dodaj kod przycisku Zadzwo\u0144 teraz do witryny HTML [2025]","isPartOf":{"@id":"https:\/\/elfsight.com\/pl\/#website"},"datePublished":"2024-05-03T06:32:30+00:00","dateModified":"2024-11-14T09:35:05+00:00","description":"Utw\u00f3rz przycisk \u201eKliknij, aby po\u0142\u0105czy\u0107\u201d i szybko i \u0142atwo dodaj go do swojej witryny z kodem HTML. Uzyskaj bezp\u0142atn\u0105 obs\u0142ug\u0119 klienta i inne korzy\u015bci od Elfsight.","breadcrumb":{"@id":"https:\/\/elfsight.com\/pl\/click-to-call-widget\/html\/#breadcrumb"},"inLanguage":"pl-PL","potentialAction":[{"@type":"ReadAction","target":["https:\/\/elfsight.com\/pl\/click-to-call-widget\/html\/"]}]},{"@type":"BreadcrumbList","@id":"https:\/\/elfsight.com\/pl\/click-to-call-widget\/html\/#breadcrumb","itemListElement":[{"@type":"ListItem","position":1,"name":"Home","item":"https:\/\/elfsight.com\/pl\/"},{"@type":"ListItem","position":2,"name":"Click to Call","item":"https:\/\/elfsight.com\/pl\/click-to-call-widget\/"},{"@type":"ListItem","position":3,"name":"Click to Call &#8211; HTML"}]},{"@type":"WebSite","@id":"https:\/\/elfsight.com\/pl\/#website","url":"https:\/\/elfsight.com\/pl\/","name":"Elfsight PL","description":"Just another Elfsight Sites site","potentialAction":[{"@type":"SearchAction","target":{"@type":"EntryPoint","urlTemplate":"https:\/\/elfsight.com\/pl\/?s={search_term_string}"},"query-input":{"@type":"PropertyValueSpecification","valueRequired":true,"valueName":"search_term_string"}}],"inLanguage":"pl-PL"}]}},"meta_box":{"industry":"","seo_heading":"","heading":"","description":"","cta_heading":"","cta_description":"","application":"2763","h1":"Kod HTML przycisku \u201eKliknij, aby po\u0142\u0105czy\u0107\u201d.","h1_caption":"Pozw\u00f3l u\u017cytkownikom na natychmiastowy kontakt z Tob\u0105 za pomoc\u0105 prostego przycisku \u201ekliknij, aby po\u0142\u0105czy\u0107\u201d, dzi\u0119ki czemu \u0142atwiej b\u0119dzie Ci dotrze\u0107 bezpo\u015brednio do Twojej witryny HTML.","application_category":[],"applications_title":"","applications_request_title":"","applications_request_button_text":"","hero_text":"","hero_video":"","hero_video_schema_markup":"","selling_points_title":"","selling_points_caption":"","selling_points":[],"selling_points_cta_text":"","features_title":"","features":"","ed_cta_examples_text":"","ed_cta_examples_hidden":"","ed_cta_demo_text":"","ed_cta_demo_hidden":"","why_caption":"","why_editor_title":"","why_editor_text":"","why_team_title":"","why_team_text":"","why_service_title":"","why_service_text":"","template_catalog_visible":"","template_catalog_title":"","template_catalog_text":"","template_catalog_categories_visible":"","demo_title":"Utw\u00f3rz wid\u017cet \u201eKliknij, aby po\u0142\u0105czy\u0107\u201d.","demo_caption":"Skonfiguruj us\u0142ug\u0119 Click to Call i dodaj j\u0105 do swojej witryny HTML za darmo!","default_faq_hidden":"","app_template_category":[],"platform":"50","template_public_id":"","codecanyon_url":"","codecanyon_item_id":"","codecanyon_price":"","pricing_caption":"","pricing_elfsight_apps_hide_column":"","pricing_elfsight_apps_url":"","pricing_codecanyon_price_caption":"","integration_category":[],"integration_request_title":"","integration_request_cta":"","integration_platform":"","integrations":[],"platform_category":[],"video_schema_markup":"","price":"od 0 USD \/ miesi\u0105c","trial":"","benefits":[{"text":"Bezp\u0142atna pomoc w monta\u017cu"},{"text":"Wyj\u0105tkowe wsparcie"},{"text":"14-dniowa gwarancja zwrotu pieni\u0119dzy"}],"button_url":"#demo","button_target_blank":"","button_nofollow":"","attributes":[{"name":"Instaluje"},{"name":"Czu\u0142y"},{"name":"Kompatybilne przegl\u0105darki"}],"tags":[],"tags_disable_links":"","hide_more_platforms":"","video_object":"","demo_hide_cta":"","demo_hide_cloud_options":"","pricing_title":"","pricing":[{"pricing_icon":"platform","pricing_title":"Elfsight Apps","pricing_title_caption":"Oprogramowanie wieloplatformowe, kt\u00f3re pasuje do ka\u017cdej witryny internetowej","pricing_price":"od 0 USD \/ miesi\u0105c","pricing_price_caption":"zacznij od bezp\u0142atnego planu","pricing_benefits":[{"text":"Nielimitowane domeny"},{"text":"Bezp\u0142atne i terminowe wsparcie"},{"text":"Bezp\u0142atna us\u0142uga monta\u017cu"},{"text":"Cena do z\u0142apania dla wielu aplikacji"}],"pricing_button_text":"Dodaj do witryny","pricing_button_url":"#demo"}],"related_apps_title":"","related_apps_hidden":"","author":"","image":[],"title":"","job":"","social_networks":[]},"_links":{"self":[{"href":"https:\/\/elfsight.com\/pl\/wp-json\/wp\/v2\/pages\/4639","targetHints":{"allow":["GET"]}}],"collection":[{"href":"https:\/\/elfsight.com\/pl\/wp-json\/wp\/v2\/pages"}],"about":[{"href":"https:\/\/elfsight.com\/pl\/wp-json\/wp\/v2\/types\/page"}],"author":[{"embeddable":true,"href":"https:\/\/elfsight.com\/pl\/wp-json\/wp\/v2\/users\/9"}],"replies":[{"embeddable":true,"href":"https:\/\/elfsight.com\/pl\/wp-json\/wp\/v2\/comments?post=4639"}],"version-history":[{"count":1,"href":"https:\/\/elfsight.com\/pl\/wp-json\/wp\/v2\/pages\/4639\/revisions"}],"predecessor-version":[{"id":4643,"href":"https:\/\/elfsight.com\/pl\/wp-json\/wp\/v2\/pages\/4639\/revisions\/4643"}],"up":[{"embeddable":true,"href":"https:\/\/elfsight.com\/pl\/wp-json\/wp\/v2\/pages\/2764"}],"wp:attachment":[{"href":"https:\/\/elfsight.com\/pl\/wp-json\/wp\/v2\/media?parent=4639"}],"curies":[{"name":"wp","href":"https:\/\/api.w.org\/{rel}","templated":true}]}}