{"id":4637,"date":"2024-05-03T06:32:28","date_gmt":"2024-05-03T06:32:28","guid":{"rendered":"https:\/\/elfsight.com\/pl\/?page_id=4637"},"modified":"2024-11-14T09:34:55","modified_gmt":"2024-11-14T09:34:55","slug":"opencart","status":"publish","type":"page","link":"https:\/\/elfsight.com\/pl\/click-to-call-widget\/opencart\/","title":{"rendered":"Click to Call &#8211; OpenCart"},"content":{"rendered":"<div class=\"application-platform-content-item-description application-platform-content-item\" id=\"description\" data-nav-section=\"description\"> <h2>Opis<\/h2> <p>Przycisk Zadzwo\u0144 teraz Elfsight to prosty modu\u0142 dla dowolnej witryny internetowej, dzi\u0119ki kt\u00f3remu u\u017cytkownicy szybciej dotr\u0105 do niej ty na telefonie. W przypadku korzystania z urz\u0105dze\u0144 mobilnych modu\u0142 wybiera wybrany numer, gdy tylko osoba kliknie dymek z telefonem. Na komputerach i tabletach klikni\u0119cie wy\u015bwietla Tw\u00f3j numer telefonu na stronie i pomaga u\u017cytkownikom rozpocz\u0105\u0107 wybieranie numeru w tej samej sekundzie. Istnieje mo\u017cliwo\u015b\u0107 nie tylko pokazania numeru, ale tak\u017ce skonfigurowania okna po\u0142\u0105czenia, kt\u00f3re zawiera imi\u0119 i nazwisko oraz zdj\u0119cie osoby kontaktowej z klientem oraz podpis. Wszystkie elementy okna wywo\u0142ania s\u0105 prze\u0142\u0105czalne i umo\u017cliwiaj\u0105 zaprojektowanie dowolnego wariantu interfejsu. Mo\u017cesz tak\u017ce aktywowa\u0107 wyzwalacz, kt\u00f3ry spowoduje wy\u015bwietlenie ba\u0144ki na telefonie i wybranie kategorii u\u017cytkownik\u00f3w, kt\u00f3rzy j\u0105 zobacz\u0105. <\/p> <div class=\"faq\" data-component=\"FAQ\"><div class=\"faq-item\">\r\n\t\t\t\t\t<div class=\"faq-item-question\">\r\n\t\t\t\t\t\t<h3 class=\"faq-item-question-text\">Gdzie w mojej witrynie mog\u0119 wstawi\u0107 modu\u0142<\/h3>\r\n\r\n\t\t\t\t\t\t<div class=\"faq-item-question-icon\"><\/div>\r\n\t\t\t\t\t<\/div>\r\n\r\n\t\t\t\t\t<div class=\"faq-item-answer\">\r\n\t\t\t\t\t\t<div class=\"faq-item-answer-text\"> <p>Mo\u017cesz go osadzi\u0107 na dowolnej stronie serwisu, jak r\u00f3wnie\u017c na wszystkich stronach. W ustawieniach modu\u0142u istnieje mo\u017cliwo\u015b\u0107 wstawienia adres\u00f3w URL stron, na kt\u00f3rych chcesz umie\u015bci\u0107 modu\u0142. Alternatywnie mo\u017cesz u\u017cy\u0107 funkcji Wyklucz i doda\u0107 adresy URL stron, na kt\u00f3rych chcesz ograniczy\u0107 wy\u015bwietlanie modu\u0142u. <\/p> <\/div>\r\n\t\t\t\t\t<\/div>\r\n\t\t\t\t<\/div><div class=\"faq-item\">\r\n\t\t\t\t\t<div class=\"faq-item-question\">\r\n\t\t\t\t\t\t<h3 class=\"faq-item-question-text\">Jakie korzy\u015bci mo\u017ce mi to da\u0107?<\/h3>\r\n\r\n\t\t\t\t\t\t<div class=\"faq-item-question-icon\"><\/div>\r\n\t\t\t\t\t<\/div>\r\n\r\n\t\t\t\t\t<div class=\"faq-item-answer\">\r\n\t\t\t\t\t\t<div class=\"faq-item-answer-text\"> <p>Mo\u017cesz uzyska\u0107 wi\u0119cej po\u0142\u0105cze\u0144 od klient\u00f3w dzi\u0119ki szybkiemu i \u0142atwemu sposobowi dzwonienia do Ciebie, bez konieczno\u015bci opuszczania strony internetowej. Przyczyni si\u0119 to do wi\u0119kszej komunikacji osobistej i sprawi, \u017ce u\u017cytkownicy b\u0119d\u0105 sk\u0142onni do nowych zakup\u00f3w. Poza tym mo\u017cesz stworzy\u0107 swoj\u0105 baz\u0119 danych lead\u00f3w. <\/p> <\/div>\r\n\t\t\t\t\t<\/div>\r\n\t\t\t\t<\/div><div class=\"faq-item\">\r\n\t\t\t\t\t<div class=\"faq-item-question\">\r\n\t\t\t\t\t\t<h3 class=\"faq-item-question-text\">Jak zainstalowa\u0107 modu\u0142 przycisku po\u0142\u0105czenia na mojej stronie internetowej OpenCart?<\/h3>\r\n\r\n\t\t\t\t\t\t<div class=\"faq-item-question-icon\"><\/div>\r\n\t\t\t\t\t<\/div>\r\n\r\n\t\t\t\t\t<div class=\"faq-item-answer\">\r\n\t\t\t\t\t\t<div class=\"faq-item-answer-text\"> <p>Aktywacja modu\u0142u zajmie trzy minuty. Osadzanie jest niezwykle szybkie, bezp\u0142atne i nie obejmuje kodowania.<\/p> <p>Elfsight Click to Call mo\u017cna doda\u0107 do Twojej witryny za po\u015brednictwem naszej us\u0142ugi lub za po\u015brednictwem rynku. Mo\u017cesz wy\u015bwietli\u0107 wi\u0119cej szczeg\u00f3\u0142\u00f3w na temat tych opcji i zdecydowa\u0107, kt\u00f3ra jest Twoja.<\/p><\/div>\r\n\t\t\t\t\t<\/div>\r\n\t\t\t\t<\/div><\/div> <\/div><div class=\"application-platform-content-item-features application-platform-content-item\" id=\"features\" data-nav-section=\"features\"> <h2>Funkcje<\/h2> <p>Aby lepiej poznaj przycisk Zadzwo\u0144 teraz, przejrzyj list\u0119 g\u0142\u00f3wnych cech. Dzi\u0119ki nim nasz modu\u0142 jest maksymalnie wydajny: <\/p> <ul><li>Szybkie wybieranie na urz\u0105dzeniach mobilnych; <\/li> <li>Trzy wbudowane warianty umieszczania wid\u017cet\u00f3w: p\u0142ywaj\u0105ce w lewo lub w prawo lub niestandardowe; <\/li> <li>Mo\u017cliwo\u015b\u0107 wy\u015bwietlania wid\u017cetu na niekt\u00f3rych stronach internetowych lub wykluczania stron internetowych; <\/li> <li>Wybierz kategorie odwiedzaj\u0105cych, kt\u00f3rym b\u0119dzie wy\u015bwietlany wid\u017cet: wszyscy, nowi i powracaj\u0105cy; <\/li> <li> 4 wyzwalacze aktywacji widgetu: czas sp\u0119dzony na stronie, czas sp\u0119dzony na stronie, procent przewijania lub pr\u00f3ba wyj\u015bcia. <\/li> <\/ul><p><a href=\"#demo\">Przejrzyj pe\u0142n\u0105 list\u0119 funkcji w wersji demonstracyjnej na \u017cywo<\/a><\/p> <\/div><div class=\"application-platform-content-item-installation application-platform-content-item\" id=\"installation\" data-nav-section=\"installation\"> <h2>Jak doda\u0107 rozszerzenie przycisku \u201eKliknij, aby po\u0142\u0105czy\u0107\u201d do swojej witryny OpenCart<\/h2><p>Wystarczy wykona\u0107 poni\u017csze kroki, aby doda\u0107 narz\u0119dzie do OpenCart.<\/p> <ol><li><b>Skorzystaj naszego darmowego konfiguratora i zacznij budowa\u0107 sw\u00f3j w\u0142asny widget. <\/b><br> Okre\u015bl preferowany interfejs i funkcje narz\u0119dzia i zastosuj zmiany. <\/li> <li><b>Uzyskaj indywidualny kod pojawiaj\u0105cy si\u0119 w specjalnym formularzu w aplikacjach Elfsight. <\/b><br> Po utworzeniu osobistego rozszerzenia \u201eKliknij, aby po\u0142\u0105czy\u0107\u201d skopiuj osobisty kod z wy\u015bwietlonego okna i zachowaj go na przysz\u0142o\u015b\u0107. <\/li> <li><b>Rozpocznij korzystanie z narz\u0119dzia na swojej stronie OpenCart. <\/b><br> Umie\u015b\u0107 ostatnio skopiowany kod na swojej stronie i zapisz zmiany. <\/li> <li><b>Gotowe! Osadzanie zosta\u0142o pomy\u015blnie zako\u0144czone. <\/b><br> Wejd\u017a na swoj\u0105 stron\u0119 i obserwuj dzia\u0142anie narz\u0119dzia. <\/li><\/ol> <p>Nadal nie jeste\u015b pewien? Lub masz problemy? Tylko jedna pro\u015bba do naszego zespo\u0142u obs\u0142ugi klienta rozwi\u0105\u017ce ka\u017cdy problem. <\/p> <\/div>","protected":false},"excerpt":{"rendered":"","protected":false},"author":9,"featured_media":0,"parent":2764,"menu_order":0,"comment_status":"closed","ping_status":"closed","template":"templates\/template-application-platform.php","meta":{"publish_to_discourse":"","publish_post_category":"","wpdc_auto_publish_overridden":"","wpdc_topic_tags":"","wpdc_pin_topic":"","wpdc_pin_until":"","discourse_post_id":"","discourse_permalink":"","wpdc_publishing_response":"","wpdc_publishing_error":"","footnotes":""},"class_list":["post-4637","page","type-page","status-publish","hentry"],"yoast_head":"<!-- This site is optimized with the Yoast SEO plugin v25.3.1 - https:\/\/yoast.com\/wordpress\/plugins\/seo\/ -->\n<title>Dodaj modu\u0142 przycisku \u201eKliknij, aby po\u0142\u0105czy\u0107\u201d do swojej witryny OpenCart (bezp\u0142atnie i szybko)<\/title>\n<meta name=\"description\" content=\"Utw\u00f3rz przycisk \u201eKliknij, aby po\u0142\u0105czy\u0107\u201d i dodaj go do swojej witryny OpenCart. Ciesz si\u0119 bezp\u0142atn\u0105 obs\u0142ug\u0105 klienta i innymi bonusami od Elfsight.\" \/>\n<meta name=\"robots\" content=\"index, follow, max-snippet:-1, max-image-preview:large, max-video-preview:-1\" \/>\n<link rel=\"canonical\" href=\"https:\/\/elfsight.com\/pl\/click-to-call-widget\/opencart\/\" \/>\n<meta property=\"og:locale\" content=\"pl_PL\" \/>\n<meta property=\"og:type\" content=\"article\" \/>\n<meta property=\"og:title\" content=\"Dodaj modu\u0142 przycisku \u201eKliknij, aby po\u0142\u0105czy\u0107\u201d do swojej witryny OpenCart (bezp\u0142atnie i szybko)\" \/>\n<meta property=\"og:description\" content=\"Utw\u00f3rz przycisk \u201eKliknij, aby po\u0142\u0105czy\u0107\u201d i dodaj go do swojej witryny OpenCart. Ciesz si\u0119 bezp\u0142atn\u0105 obs\u0142ug\u0105 klienta i innymi bonusami od Elfsight.\" \/>\n<meta property=\"og:url\" content=\"https:\/\/elfsight.com\/pl\/click-to-call-widget\/opencart\/\" \/>\n<meta property=\"og:site_name\" content=\"Elfsight PL\" \/>\n<meta property=\"article:modified_time\" content=\"2024-11-14T09:34:55+00:00\" \/>\n<meta name=\"twitter:card\" content=\"summary_large_image\" \/>\n<meta name=\"twitter:label1\" content=\"Szacowany czas czytania\" \/>\n\t<meta name=\"twitter:data1\" content=\"3 minuty\" \/>\n<!-- \/ Yoast SEO plugin. -->","yoast_head_json":{"title":"Dodaj modu\u0142 przycisku \u201eKliknij, aby po\u0142\u0105czy\u0107\u201d do swojej witryny OpenCart (bezp\u0142atnie i szybko)","description":"Utw\u00f3rz przycisk \u201eKliknij, aby po\u0142\u0105czy\u0107\u201d i dodaj go do swojej witryny OpenCart. Ciesz si\u0119 bezp\u0142atn\u0105 obs\u0142ug\u0105 klienta i innymi bonusami od Elfsight.","robots":{"index":"index","follow":"follow","max-snippet":"max-snippet:-1","max-image-preview":"max-image-preview:large","max-video-preview":"max-video-preview:-1"},"canonical":"https:\/\/elfsight.com\/pl\/click-to-call-widget\/opencart\/","og_locale":"pl_PL","og_type":"article","og_title":"Dodaj modu\u0142 przycisku \u201eKliknij, aby po\u0142\u0105czy\u0107\u201d do swojej witryny OpenCart (bezp\u0142atnie i szybko)","og_description":"Utw\u00f3rz przycisk \u201eKliknij, aby po\u0142\u0105czy\u0107\u201d i dodaj go do swojej witryny OpenCart. Ciesz si\u0119 bezp\u0142atn\u0105 obs\u0142ug\u0105 klienta i innymi bonusami od Elfsight.","og_url":"https:\/\/elfsight.com\/pl\/click-to-call-widget\/opencart\/","og_site_name":"Elfsight PL","article_modified_time":"2024-11-14T09:34:55+00:00","twitter_card":"summary_large_image","twitter_misc":{"Szacowany czas czytania":"3 minuty"},"schema":{"@context":"https:\/\/schema.org","@graph":[{"@type":"WebPage","@id":"https:\/\/elfsight.com\/pl\/click-to-call-widget\/opencart\/","url":"https:\/\/elfsight.com\/pl\/click-to-call-widget\/opencart\/","name":"Dodaj modu\u0142 przycisku \u201eKliknij, aby po\u0142\u0105czy\u0107\u201d do swojej witryny OpenCart (bezp\u0142atnie i szybko)","isPartOf":{"@id":"https:\/\/elfsight.com\/pl\/#website"},"datePublished":"2024-05-03T06:32:28+00:00","dateModified":"2024-11-14T09:34:55+00:00","description":"Utw\u00f3rz przycisk \u201eKliknij, aby po\u0142\u0105czy\u0107\u201d i dodaj go do swojej witryny OpenCart. Ciesz si\u0119 bezp\u0142atn\u0105 obs\u0142ug\u0105 klienta i innymi bonusami od Elfsight.","breadcrumb":{"@id":"https:\/\/elfsight.com\/pl\/click-to-call-widget\/opencart\/#breadcrumb"},"inLanguage":"pl-PL","potentialAction":[{"@type":"ReadAction","target":["https:\/\/elfsight.com\/pl\/click-to-call-widget\/opencart\/"]}]},{"@type":"BreadcrumbList","@id":"https:\/\/elfsight.com\/pl\/click-to-call-widget\/opencart\/#breadcrumb","itemListElement":[{"@type":"ListItem","position":1,"name":"Home","item":"https:\/\/elfsight.com\/pl\/"},{"@type":"ListItem","position":2,"name":"Click to Call","item":"https:\/\/elfsight.com\/pl\/click-to-call-widget\/"},{"@type":"ListItem","position":3,"name":"Click to Call &#8211; OpenCart"}]},{"@type":"WebSite","@id":"https:\/\/elfsight.com\/pl\/#website","url":"https:\/\/elfsight.com\/pl\/","name":"Elfsight PL","description":"Just another Elfsight Sites site","potentialAction":[{"@type":"SearchAction","target":{"@type":"EntryPoint","urlTemplate":"https:\/\/elfsight.com\/pl\/?s={search_term_string}"},"query-input":{"@type":"PropertyValueSpecification","valueRequired":true,"valueName":"search_term_string"}}],"inLanguage":"pl-PL"}]}},"meta_box":{"industry":"","seo_heading":"","heading":"","description":"","cta_heading":"","cta_description":"","application":"2763","h1":"Modu\u0142 przycisku wywo\u0142ania OpenCart","h1_caption":"Pozw\u00f3l u\u017cytkownikom na natychmiastowy kontakt z Tob\u0105 za pomoc\u0105 prostego przycisku \u201ekliknij, aby po\u0142\u0105czy\u0107\u201d, dzi\u0119ki czemu \u0142atwiej b\u0119dzie Ci dotrze\u0107 bezpo\u015brednio do Twojej witryny Opencart.","application_category":[],"applications_title":"","applications_request_title":"","applications_request_button_text":"","hero_text":"","hero_video":"","hero_video_schema_markup":"","selling_points_title":"","selling_points_caption":"","selling_points":[],"selling_points_cta_text":"","features_title":"","features":"","ed_cta_examples_text":"","ed_cta_examples_hidden":"","ed_cta_demo_text":"","ed_cta_demo_hidden":"","why_caption":"","why_editor_title":"","why_editor_text":"","why_team_title":"","why_team_text":"","why_service_title":"","why_service_text":"","template_catalog_visible":"","template_catalog_title":"","template_catalog_text":"","template_catalog_categories_visible":"","demo_title":"Utw\u00f3rz rozszerzenie \u201eKliknij, aby po\u0142\u0105czy\u0107\u201d.","demo_caption":"Skonfiguruj us\u0142ug\u0119 Click to Call i dodaj j\u0105 do swojej witryny OpenCart za darmo!","default_faq_hidden":"","app_template_category":[],"platform":"107","template_public_id":"","codecanyon_url":"","codecanyon_item_id":"","codecanyon_price":"","pricing_caption":"","pricing_elfsight_apps_hide_column":"","pricing_elfsight_apps_url":"","pricing_codecanyon_price_caption":"","integration_category":[],"integration_request_title":"","integration_request_cta":"","integration_platform":"","integrations":[],"platform_category":[],"video_schema_markup":"","price":"od 0 USD \/ miesi\u0105c","trial":"","benefits":[{"text":"Bezp\u0142atna pomoc w instalacji"},{"text":"Kompetentna obs\u0142uga klienta"},{"text":"14-dniowa gwarancja zwrotu pieni\u0119dzy"}],"button_url":"#demo","button_target_blank":"","button_nofollow":"","attributes":[{"name":"Instaluje"},{"name":"Czu\u0142y"},{"name":"Kompatybilne przegl\u0105darki"}],"tags":[],"tags_disable_links":"","hide_more_platforms":"","video_object":"","demo_hide_cta":"","demo_hide_cloud_options":"","pricing_title":"","pricing":[{"pricing_icon":"platform","pricing_title":"Elfsight Apps","pricing_title_caption":"Wersja wieloplatformowa","pricing_price":"od 0 USD \/ miesi\u0105c","pricing_price_caption":"zacznij od bezp\u0142atnego planu","pricing_benefits":[{"text":"Nielimitowane domeny"},{"text":"Wsparcie premium"},{"text":"Bezp\u0142atna pomoc w monta\u017cu"},{"text":"Elastyczny projekt"}],"pricing_button_text":"Dodaj do witryny","pricing_button_url":"#demo"}],"related_apps_title":"","related_apps_hidden":"","author":"","image":[],"title":"","job":"","social_networks":[]},"_links":{"self":[{"href":"https:\/\/elfsight.com\/pl\/wp-json\/wp\/v2\/pages\/4637","targetHints":{"allow":["GET"]}}],"collection":[{"href":"https:\/\/elfsight.com\/pl\/wp-json\/wp\/v2\/pages"}],"about":[{"href":"https:\/\/elfsight.com\/pl\/wp-json\/wp\/v2\/types\/page"}],"author":[{"embeddable":true,"href":"https:\/\/elfsight.com\/pl\/wp-json\/wp\/v2\/users\/9"}],"replies":[{"embeddable":true,"href":"https:\/\/elfsight.com\/pl\/wp-json\/wp\/v2\/comments?post=4637"}],"version-history":[{"count":1,"href":"https:\/\/elfsight.com\/pl\/wp-json\/wp\/v2\/pages\/4637\/revisions"}],"predecessor-version":[{"id":4641,"href":"https:\/\/elfsight.com\/pl\/wp-json\/wp\/v2\/pages\/4637\/revisions\/4641"}],"up":[{"embeddable":true,"href":"https:\/\/elfsight.com\/pl\/wp-json\/wp\/v2\/pages\/2764"}],"wp:attachment":[{"href":"https:\/\/elfsight.com\/pl\/wp-json\/wp\/v2\/media?parent=4637"}],"curies":[{"name":"wp","href":"https:\/\/api.w.org\/{rel}","templated":true}]}}