{"id":4632,"date":"2024-05-03T06:32:27","date_gmt":"2024-05-03T06:32:27","guid":{"rendered":"https:\/\/elfsight.com\/pl\/?page_id=4632"},"modified":"2025-06-25T15:47:28","modified_gmt":"2025-06-25T15:47:28","slug":"shopify","status":"publish","type":"page","link":"https:\/\/elfsight.com\/pl\/click-to-call-widget\/shopify\/","title":{"rendered":"Click to Call &#8211; Shopify"},"content":{"rendered":"<div class=\"application-platform-content-item-description application-platform-content-item\" id=\"description\" data-nav-section=\"description\"> <h2>Osad\u017a opcj\u0119 Kliknij, aby po\u0142\u0105czy\u0107 si\u0119 w Shopify za pomoc\u0105 wid\u017cetu Elfsight<\/h2> <p>Przycisk Zadzwo\u0144 teraz Elfsight to nieskomplikowana aplikacja dla dowolnej witryny internetowej, dzi\u0119ki temu wykonywanie po\u0142\u0105cze\u0144 telefonicznych jest wygodniejsze dla u\u017cytkownik\u00f3w. Aplikacja wy\u015bwietlana na telefonach kom\u00f3rkowych rozpoczyna wybieranie numeru, gdy u\u017cytkownik kliknie ikon\u0119 telefonu. Na komputerach i tabletach klikni\u0119cie powoduje wy\u015bwietlenie Twojego numeru telefonu na stronie i pomaga u\u017cytkownikom zadzwoni\u0107 do Ciebie w tej samej sekundzie. Mo\u017cliwe jest nie tylko ujawnienie numeru, ale tak\u017ce wy\u015bwietlenie okna po\u0142\u0105czenia, w kt\u00f3rym u\u017cytkownicy mog\u0105 zobaczy\u0107 imi\u0119 i nazwisko oraz zdj\u0119cie osoby kontaktowej oraz niestandardowy tekst. Wszystkie te elementy s\u0105 prze\u0142\u0105czalne i pozwalaj\u0105 na zaprojektowanie innego wygl\u0105du interfejsu. Istnieje r\u00f3wnie\u017c mo\u017cliwo\u015b\u0107 wybrania wyzwalacza aktywuj\u0105cego dymek telefonu i kategorii odwiedzaj\u0105cych, kt\u00f3rzy go zobacz\u0105.<\/p> <div class=\"faq\" data-component=\"FAQ\"><div class=\"faq-item\">\r\n\t\t\t\t\t<div class=\"faq-item-question\">\r\n\t\t\t\t\t\t<h3 class=\"faq-item-question-text\">Gdzie mog\u0119 wy\u015bwietli\u0107 przycisk po\u0142\u0105czenia<\/h3>\r\n\r\n\t\t\t\t\t\t<div class=\"faq-item-question-icon\"><\/div>\r\n\t\t\t\t\t<\/div>\r\n\r\n\t\t\t\t\t<div class=\"faq-item-answer\">\r\n\t\t\t\t\t\t<div class=\"faq-item-answer-text\"> <p>Mo\u017cesz wklej aplikacj\u0119 na dowolnej stronie swojej witryny lub na wszystkich stronach. W ustawieniach aplikacji dost\u0119pna jest funkcja dodawania adres\u00f3w URL stron, na kt\u00f3rych chcesz umie\u015bci\u0107 aplikacj\u0119. Lub u\u017cyj opcji Wyklucz i dodaj adresy URL stron, na kt\u00f3rych chcesz ograniczy\u0107 wy\u015bwietlanie przycisku. <\/p> <\/div>\r\n\t\t\t\t\t<\/div>\r\n\t\t\t\t<\/div><div class=\"faq-item\">\r\n\t\t\t\t\t<div class=\"faq-item-question\">\r\n\t\t\t\t\t\t<h3 class=\"faq-item-question-text\">Jakie s\u0105 dla mnie korzy\u015bci z posiadania aplikacji?<\/h3>\r\n\r\n\t\t\t\t\t\t<div class=\"faq-item-question-icon\"><\/div>\r\n\t\t\t\t\t<\/div>\r\n\r\n\t\t\t\t\t<div class=\"faq-item-answer\">\r\n\t\t\t\t\t\t<div class=\"faq-item-answer-text\"> <p>Mo\u017cesz odbiera\u0107 wi\u0119cej po\u0142\u0105cze\u0144 od klient\u00f3w dzi\u0119ki szybkiemu i prostemu sposobowi dzwonienia do Ciebie bez zapisywania Tw\u00f3j numer. Pomo\u017ce Ci to w prowadzeniu wi\u0119kszej liczby bezpo\u015brednich rozm\u00f3w i przekszta\u0142ceniu odwiedzaj\u0105cych w klient\u00f3w. Mo\u017cesz tak\u017ce gromadzi\u0107 baz\u0119 danych potencjalnych klient\u00f3w. <\/p> <\/div>\r\n\t\t\t\t\t<\/div>\r\n\t\t\t\t<\/div> <div class=\"faq-item\">\r\n\t\t\t\t\t<div class=\"faq-item-question\">\r\n\t\t\t\t\t\t<h3 class=\"faq-item-question-text\">Co musz\u0119 doda\u0107 Kliknij, aby po\u0142\u0105czy\u0107 w mojej witrynie Shopify?<\/h3>\r\n\r\n\t\t\t\t\t\t<div class=\"faq-item-question-icon\"><\/div>\r\n\t\t\t\t\t<\/div>\r\n\r\n\t\t\t\t\t<div class=\"faq-item-answer\">\r\n\t\t\t\t\t\t<div class=\"faq-item-answer-text\"> <p>Osadzanie aplikacji zajmuje minut\u0119. Dodawanie jest naprawd\u0119 szybkie, bezp\u0142atne i wolne od kodowania. <\/p> <p>Aplikacj\u0119 mo\u017cna wprowadzi\u0107 za po\u015brednictwem naszego serwisu lub rynku. Mo\u017cesz przeczyta\u0107 o obu wariantach i zdecydowa\u0107, kt\u00f3ry jest Tw\u00f3j.<\/p> <\/div>\r\n\t\t\t\t\t<\/div>\r\n\t\t\t\t<\/div> <\/div> <\/div> <div class=\"application-platform-content-item-features application-platform-content-item\" id=\"features\" data-nav-section=\"features\"> <h2>G\u0142\u00f3wne funkcje wid\u017cetu \u201eKliknij, aby po\u0142\u0105czy\u0107\u201d<\/h2> <p>Aby lepiej zrozumie\u0107 przycisk po\u0142\u0105czenia, przejrzyj list\u0119 g\u0142\u00f3wnych funkcji. Dzi\u0119ki nim nasza aplikacja b\u0119dzie dla Ciebie maksymalnie korzystna:<\/p> <ul><li>B\u0142yskawiczne rozmowy telefoniczne na telefonach kom\u00f3rkowych; <\/li> <li>Trzy wbudowane warianty umieszczania wid\u017cet\u00f3w: p\u0142ywaj\u0105ce w lewo lub w prawo lub niestandardowe; <\/li> <li>Mo\u017cliwo\u015b\u0107 osadzania wid\u017cetu na konkretnych stronach lub wykluczania stron; <\/li> <li>Trzy typy u\u017cytkownik\u00f3w, kt\u00f3rzy zobacz\u0105 wid\u017cet: wszyscy, nowi lub tylko powracaj\u0105cy; <\/li> <li> Wbudowany widget aktywuj\u0105cy wyzwalacze: czasu sp\u0119dzonego na stronie, czasu sp\u0119dzonego na stronie, ilo\u015bci przewini\u0119\u0107 czy pr\u00f3by opuszczenia strony. <\/li> <\/ul><p><a href=\"#demo\">Aby zobaczy\u0107 wszystkie funkcje, zobacz nasz\u0105 wersj\u0119 demonstracyjn\u0105<\/a><\/p> <\/div><div class=\"application-platform-content-item-installation application-platform-content-item\" id=\"installation\" data-nav-section=\"installation\"> <h2>Jak doda\u0107 przycisk Zadzwo\u0144 teraz do swojego sklepu Shopify<\/h2> <p>Wystarczy kilka szybkich krok\u00f3w, aby opublikowa\u0107.<\/p> <ol><li><b>Zastosuj nasz bezp\u0142atny edytor i rozpocznij prac\u0119 ze swoj\u0105 niestandardow\u0105 aplikacj\u0105. <\/b><br> Znajd\u017a preferowany wygl\u0105d i aspekty aplikacji i zastosuj wszystkie poprawki. <\/li> <li><b>Uzyskaj unikalny kod pojawiaj\u0105cy si\u0119 w polu aplikacji Elfsight. <\/b><br> Po zako\u0144czeniu tworzenia aplikacji skopiuj indywidualny kod z wy\u015bwietlonego pola i zachowaj go do dalszego wykorzystania. <\/li> <li><b>Rozpocznij korzystanie z aplikacji w swojej witrynie Shopify. <\/b><br> Zintegruj zapisany wcze\u015bniej kod ze swoj\u0105 witryn\u0105 i zapisz zmiany. <\/li> <li><b>Gotowe! Integracja zosta\u0142a w pe\u0142ni wykonana. <\/b><br> Przejd\u017a na swoj\u0105 stron\u0119 internetow\u0105, aby zobaczy\u0107 w akcji dzia\u0142anie aplikacji. <\/li><\/ol><p>Nadal nie mo\u017cesz podj\u0105\u0107 decyzji? Lub masz pytania do zadania? Wystarczy jedna pro\u015bba do naszego zespo\u0142u wsparcia, aby rozwi\u0105za\u0107 ka\u017cde pytanie. <\/p> <\/div>","protected":false},"excerpt":{"rendered":"","protected":false},"author":9,"featured_media":0,"parent":2764,"menu_order":0,"comment_status":"closed","ping_status":"closed","template":"templates\/template-application-platform.php","meta":{"publish_to_discourse":"","publish_post_category":"","wpdc_auto_publish_overridden":"","wpdc_topic_tags":"","wpdc_pin_topic":"","wpdc_pin_until":"","discourse_post_id":"","discourse_permalink":"","wpdc_publishing_response":"","wpdc_publishing_error":"","footnotes":""},"class_list":["post-4632","page","type-page","status-publish","hentry"],"yoast_head":"<!-- This site is optimized with the Yoast SEO plugin v25.3.1 - https:\/\/yoast.com\/wordpress\/plugins\/seo\/ -->\n<title>Przycisk po\u0142\u0105czenia Shopify | Dodaj aplikacj\u0119 przycisku Zadzwo\u0144 teraz do witryny internetowej (bezp\u0142atnie i szybko)<\/title>\n<meta name=\"description\" content=\"Utw\u00f3rz aplikacj\u0119 przycisku \u201eKliknij, aby po\u0142\u0105czy\u0107 teraz\u201d i szybko dodaj j\u0105 do swojego sklepu Shopify. Mamy bezp\u0142atn\u0105 obs\u0142ug\u0119 klienta i wi\u0119cej bonus\u00f3w.\" \/>\n<meta name=\"robots\" content=\"index, follow, max-snippet:-1, max-image-preview:large, max-video-preview:-1\" \/>\n<link rel=\"canonical\" href=\"https:\/\/elfsight.com\/pl\/click-to-call-widget\/shopify\/\" \/>\n<meta property=\"og:locale\" content=\"pl_PL\" \/>\n<meta property=\"og:type\" content=\"article\" \/>\n<meta property=\"og:title\" content=\"Przycisk po\u0142\u0105czenia Shopify | Dodaj aplikacj\u0119 przycisku Zadzwo\u0144 teraz do witryny internetowej (bezp\u0142atnie i szybko)\" \/>\n<meta property=\"og:description\" content=\"Utw\u00f3rz aplikacj\u0119 przycisku \u201eKliknij, aby po\u0142\u0105czy\u0107 teraz\u201d i szybko dodaj j\u0105 do swojego sklepu Shopify. Mamy bezp\u0142atn\u0105 obs\u0142ug\u0119 klienta i wi\u0119cej bonus\u00f3w.\" \/>\n<meta property=\"og:url\" content=\"https:\/\/elfsight.com\/pl\/click-to-call-widget\/shopify\/\" \/>\n<meta property=\"og:site_name\" content=\"Elfsight PL\" \/>\n<meta property=\"article:modified_time\" content=\"2025-06-25T15:47:28+00:00\" \/>\n<meta name=\"twitter:card\" content=\"summary_large_image\" \/>\n<meta name=\"twitter:label1\" content=\"Szacowany czas czytania\" \/>\n\t<meta name=\"twitter:data1\" content=\"3 minuty\" \/>\n<!-- \/ Yoast SEO plugin. -->","yoast_head_json":{"title":"Przycisk po\u0142\u0105czenia Shopify | Dodaj aplikacj\u0119 przycisku Zadzwo\u0144 teraz do witryny internetowej (bezp\u0142atnie i szybko)","description":"Utw\u00f3rz aplikacj\u0119 przycisku \u201eKliknij, aby po\u0142\u0105czy\u0107 teraz\u201d i szybko dodaj j\u0105 do swojego sklepu Shopify. Mamy bezp\u0142atn\u0105 obs\u0142ug\u0119 klienta i wi\u0119cej bonus\u00f3w.","robots":{"index":"index","follow":"follow","max-snippet":"max-snippet:-1","max-image-preview":"max-image-preview:large","max-video-preview":"max-video-preview:-1"},"canonical":"https:\/\/elfsight.com\/pl\/click-to-call-widget\/shopify\/","og_locale":"pl_PL","og_type":"article","og_title":"Przycisk po\u0142\u0105czenia Shopify | Dodaj aplikacj\u0119 przycisku Zadzwo\u0144 teraz do witryny internetowej (bezp\u0142atnie i szybko)","og_description":"Utw\u00f3rz aplikacj\u0119 przycisku \u201eKliknij, aby po\u0142\u0105czy\u0107 teraz\u201d i szybko dodaj j\u0105 do swojego sklepu Shopify. Mamy bezp\u0142atn\u0105 obs\u0142ug\u0119 klienta i wi\u0119cej bonus\u00f3w.","og_url":"https:\/\/elfsight.com\/pl\/click-to-call-widget\/shopify\/","og_site_name":"Elfsight PL","article_modified_time":"2025-06-25T15:47:28+00:00","twitter_card":"summary_large_image","twitter_misc":{"Szacowany czas czytania":"3 minuty"},"schema":{"@context":"https:\/\/schema.org","@graph":[{"@type":"WebPage","@id":"https:\/\/elfsight.com\/pl\/click-to-call-widget\/shopify\/","url":"https:\/\/elfsight.com\/pl\/click-to-call-widget\/shopify\/","name":"Przycisk po\u0142\u0105czenia Shopify | Dodaj aplikacj\u0119 przycisku Zadzwo\u0144 teraz do witryny internetowej (bezp\u0142atnie i szybko)","isPartOf":{"@id":"https:\/\/elfsight.com\/pl\/#website"},"datePublished":"2024-05-03T06:32:27+00:00","dateModified":"2025-06-25T15:47:28+00:00","description":"Utw\u00f3rz aplikacj\u0119 przycisku \u201eKliknij, aby po\u0142\u0105czy\u0107 teraz\u201d i szybko dodaj j\u0105 do swojego sklepu Shopify. Mamy bezp\u0142atn\u0105 obs\u0142ug\u0119 klienta i wi\u0119cej bonus\u00f3w.","breadcrumb":{"@id":"https:\/\/elfsight.com\/pl\/click-to-call-widget\/shopify\/#breadcrumb"},"inLanguage":"pl-PL","potentialAction":[{"@type":"ReadAction","target":["https:\/\/elfsight.com\/pl\/click-to-call-widget\/shopify\/"]}]},{"@type":"BreadcrumbList","@id":"https:\/\/elfsight.com\/pl\/click-to-call-widget\/shopify\/#breadcrumb","itemListElement":[{"@type":"ListItem","position":1,"name":"Home","item":"https:\/\/elfsight.com\/pl\/"},{"@type":"ListItem","position":2,"name":"Click to Call","item":"https:\/\/elfsight.com\/pl\/click-to-call-widget\/"},{"@type":"ListItem","position":3,"name":"Click to Call &#8211; Shopify"}]},{"@type":"WebSite","@id":"https:\/\/elfsight.com\/pl\/#website","url":"https:\/\/elfsight.com\/pl\/","name":"Elfsight PL","description":"Just another Elfsight Sites site","potentialAction":[{"@type":"SearchAction","target":{"@type":"EntryPoint","urlTemplate":"https:\/\/elfsight.com\/pl\/?s={search_term_string}"},"query-input":{"@type":"PropertyValueSpecification","valueRequired":true,"valueName":"search_term_string"}}],"inLanguage":"pl-PL"}]}},"meta_box":{"industry":"","seo_heading":"","heading":"","description":"","cta_heading":"","cta_description":"","application":"2763","h1":"Aplikacja Shopify z przyciskiem po\u0142\u0105czenia","h1_caption":"Pozw\u00f3l u\u017cytkownikom na natychmiastowy kontakt z Tob\u0105 za pomoc\u0105 prostego przycisku \u201ekliknij, aby po\u0142\u0105czy\u0107\u201d, dzi\u0119ki czemu \u0142atwiej b\u0119dzie Ci bezproblemowo skontaktowa\u0107 si\u0119 bezpo\u015brednio z Twoj\u0105 witryn\u0105 Shopify.","application_category":[],"applications_title":"","applications_request_title":"","applications_request_button_text":"","hero_text":"","hero_video":"","hero_video_schema_markup":"","selling_points_title":"","selling_points_caption":"","selling_points":[],"selling_points_cta_text":"","features_title":"","features":"","ed_cta_examples_text":"","ed_cta_examples_hidden":"","ed_cta_demo_text":"","ed_cta_demo_hidden":"","why_caption":"","why_editor_title":"","why_editor_text":"","why_team_title":"","why_team_text":"","why_service_title":"","why_service_text":"","template_catalog_visible":"0","template_catalog_title":"","template_catalog_text":"","template_catalog_categories_visible":"","demo_title":"Utw\u00f3rz aplikacj\u0119 \u201ekliknij, aby po\u0142\u0105czy\u0107\u201d.","demo_caption":"Skonfiguruj opcj\u0119 Kliknij, aby po\u0142\u0105czy\u0107 i dodaj j\u0105 do swojej witryny Shopify za darmo!","default_faq_hidden":"","app_template_category":[],"platform":"7580","template_public_id":"","codecanyon_url":"","codecanyon_item_id":"","codecanyon_price":"","pricing_caption":"","pricing_elfsight_apps_hide_column":"","pricing_elfsight_apps_url":"","pricing_codecanyon_price_caption":"","integration_category":[],"integration_request_title":"","integration_request_cta":"","integration_platform":"","integrations":[],"platform_category":[],"video_schema_markup":"","price":"od 0 USD \/ miesi\u0105c","trial":"","benefits":[{"text":"Bezp\u0142atna us\u0142uga monta\u017cu"},{"text":"Wsparcie premium"},{"text":"14-dniowa gwarancja zwrotu pieni\u0119dzy"}],"button_url":"#demo","button_target_blank":"0","button_nofollow":"0","attributes":[{"name":"Instaluje"},{"name":"Czu\u0142y"},{"name":"Kompatybilne przegl\u0105darki"}],"tags":[],"tags_disable_links":"0","hide_more_platforms":"0","video_object":"","demo_hide_cta":"0","demo_hide_cloud_options":"0","pricing_title":"","pricing":[{"pricing_icon":"cloud","pricing_title":"Elfsight Apps","pricing_title_caption":"Wersja wieloplatformowa, kt\u00f3ra dzia\u0142a na ka\u017cdej stronie internetowej","pricing_price":"od 0 USD \/ miesi\u0105c","pricing_price_caption":"zacznij od bezp\u0142atnego planu","pricing_benefits":[{"text":"Nielimitowane strony internetowe"},{"text":"Wsparcie premium"},{"text":"Bezp\u0142atna us\u0142uga monta\u017cu"},{"text":"Oferta specjalna na wiele aplikacji"}],"pricing_button_text":"Dodaj do witryny","pricing_button_url":"#demo"}],"related_apps_title":"","related_apps_hidden":"0","author":"","image":[],"title":"","job":"","social_networks":[]},"_links":{"self":[{"href":"https:\/\/elfsight.com\/pl\/wp-json\/wp\/v2\/pages\/4632","targetHints":{"allow":["GET"]}}],"collection":[{"href":"https:\/\/elfsight.com\/pl\/wp-json\/wp\/v2\/pages"}],"about":[{"href":"https:\/\/elfsight.com\/pl\/wp-json\/wp\/v2\/types\/page"}],"author":[{"embeddable":true,"href":"https:\/\/elfsight.com\/pl\/wp-json\/wp\/v2\/users\/9"}],"replies":[{"embeddable":true,"href":"https:\/\/elfsight.com\/pl\/wp-json\/wp\/v2\/comments?post=4632"}],"version-history":[{"count":1,"href":"https:\/\/elfsight.com\/pl\/wp-json\/wp\/v2\/pages\/4632\/revisions"}],"predecessor-version":[{"id":4636,"href":"https:\/\/elfsight.com\/pl\/wp-json\/wp\/v2\/pages\/4632\/revisions\/4636"}],"up":[{"embeddable":true,"href":"https:\/\/elfsight.com\/pl\/wp-json\/wp\/v2\/pages\/2764"}],"wp:attachment":[{"href":"https:\/\/elfsight.com\/pl\/wp-json\/wp\/v2\/media?parent=4632"}],"curies":[{"name":"wp","href":"https:\/\/api.w.org\/{rel}","templated":true}]}}