{"id":4631,"date":"2024-05-03T06:32:26","date_gmt":"2024-05-03T06:32:26","guid":{"rendered":"https:\/\/elfsight.com\/pl\/?page_id=4631"},"modified":"2025-06-25T15:47:52","modified_gmt":"2025-06-25T15:47:52","slug":"squarespace","status":"publish","type":"page","link":"https:\/\/elfsight.com\/pl\/click-to-call-widget\/squarespace\/","title":{"rendered":"Click to Call &#8211; Squarespace"},"content":{"rendered":"<div class=\"application-platform-content-item-description application-platform-content-item\" id=\"description\" data-nav-section=\"description\"> <h2>Osad\u017a opcj\u0119 Kliknij, aby po\u0142\u0105czy\u0107 w Squarespace za pomoc\u0105 wid\u017cetu Elfsight<\/h2> <p>Przycisk Zadzwo\u0144 teraz Elfsight to naj\u0142atwiejsza wtyczka do witryny, dzi\u0119ki temu u\u017cytkownicy b\u0119d\u0105 mogli \u0142atwiej do Ciebie zadzwoni\u0107. U\u017cywana w telefonach kom\u00f3rkowych wtyczka rozpoczyna wybieranie Twojego numeru, gdy kto\u015b kliknie ikon\u0119 telefonu. Na komputerach stacjonarnych klikni\u0119cie wy\u015bwietli Tw\u00f3j numer telefonu w witrynie i pomo\u017ce u\u017cytkownikom bezpo\u015brednio do Ciebie zadzwoni\u0107. Mo\u017cesz nie tylko ujawni\u0107 numer telefonu, ale tak\u017ce wy\u015bwietli\u0107 okno rozmowy, kt\u00f3re zawiera imi\u0119 i nazwisko oraz zdj\u0119cie osoby kontaktowej oraz podpis. Wszystkie te cz\u0119\u015bci s\u0105 prze\u0142\u0105czalne, co pozwala na stworzenie dowolnego wariantu interfejsu. Mo\u017cesz tak\u017ce wybra\u0107 wyzwalacz, kt\u00f3ry aktywuje dymek w telefonie i zdecydowa\u0107, dla jakiej kategorii widz\u00f3w go zobaczy.<\/p><div class=\"faq\" data-component=\"FAQ\"><div class=\"faq-item\">\r\n\t\t\t\t\t<div class=\"faq-item-question\">\r\n\t\t\t\t\t\t<h3 class=\"faq-item-question-text\">Gdzie mog\u0119 zainstalowa\u0107 opcj\u0119 Click to Call<\/h3>\r\n\r\n\t\t\t\t\t\t<div class=\"faq-item-question-icon\"><\/div>\r\n\t\t\t\t\t<\/div>\r\n\r\n\t\t\t\t\t<div class=\"faq-item-answer\">\r\n\t\t\t\t\t\t<div class=\"faq-item-answer-text\"> <p>Wtyczka Elfsight Call mo\u017cna skonfigurowa\u0107 na dowolnej stronie witryny lub na wszystkich stronach internetowych. W ustawieniach przycisku po\u0142\u0105czenia dost\u0119pna jest funkcja wstawiania adres\u00f3w URL oddzielnych stron, na kt\u00f3rych chcesz w\u0142\u0105czy\u0107 wid\u017cet. Lub u\u017cyj funkcji Wyklucz i wstaw adresy URL stron, na kt\u00f3rych chcesz ograniczy\u0107 wy\u015bwietlanie wid\u017cetu.<\/p> <\/div>\r\n\t\t\t\t\t<\/div>\r\n\t\t\t\t<\/div><div class=\"faq-item\">\r\n\t\t\t\t\t<div class=\"faq-item-question\">\r\n\t\t\t\t\t\t<h3 class=\"faq-item-question-text\">Jak mog\u0119 z tego skorzysta\u0107?<\/h3>\r\n\r\n\t\t\t\t\t\t<div class=\"faq-item-question-icon\"><\/div>\r\n\t\t\t\t\t<\/div>\r\n\r\n\t\t\t\t\t<div class=\"faq-item-answer\">\r\n\t\t\t\t\t\t<div class=\"faq-item-answer-text\"> <p>Mo\u017cesz otrzyma\u0107 wi\u0119cej telefon\u00f3w po\u0142\u0105cze\u0144 od potencjalnych klient\u00f3w dzi\u0119ki b\u0142yskawicznej i \u0142atwej metodzie dzwonienia do Ciebie, bez konieczno\u015bci opuszczania strony. Mo\u017ce to przyczyni\u0107 si\u0119 do zwi\u0119kszenia liczby kontakt\u00f3w osobistych i przekszta\u0142cenia odwiedzaj\u0105cych w nowych klient\u00f3w. Dodatkowo mo\u017cesz gromadzi\u0107 baz\u0119 potencjalnych klient\u00f3w. <\/p> <\/div>\r\n\t\t\t\t\t<\/div>\r\n\t\t\t\t<\/div> <div class=\"faq-item\">\r\n\t\t\t\t\t<div class=\"faq-item-question\">\r\n\t\t\t\t\t\t<h3 class=\"faq-item-question-text\">Jak mog\u0119 osadzi\u0107 przycisk Kliknij, aby po\u0142\u0105czy\u0107 w mojej witrynie Squarespace?<\/h3>\r\n\r\n\t\t\t\t\t\t<div class=\"faq-item-question-icon\"><\/div>\r\n\t\t\t\t\t<\/div>\r\n\r\n\t\t\t\t\t<div class=\"faq-item-answer\">\r\n\t\t\t\t\t\t<div class=\"faq-item-answer-text\"> <p>B\u0119dziesz potrzebowa\u0107 tylko dw\u00f3ch minut, aby osadzi\u0107 wtyczk\u0119. Proces ten jest bardzo szybki, bezp\u0142atny i nie wymaga kodowania.<\/p> <p>Wtyczk\u0119 mo\u017cesz zintegrowa\u0107 ze stron\u0105 internetow\u0105 bezpo\u015brednio w naszym serwisie. Wystarczy wykona\u0107 instrukcje opisane poni\u017cej na tej stronie.<\/p> <\/div>\r\n\t\t\t\t\t<\/div>\r\n\t\t\t\t<\/div> <\/div> <\/div> <div class=\"application-platform-content-item-features application-platform-content-item\" id=\"features\" data-nav-section=\"features\"> <h2>G\u0142\u00f3wne funkcje wid\u017cetu Kliknij, aby po\u0142\u0105czy\u0107<\/h2> <p>Aby lepiej postrzega\u0107 przycisk Zadzwo\u0144 teraz, poni\u017cej znajduje si\u0119 lista g\u0142\u00f3wnych funkcji. Dzi\u0119ki nim nasza wtyczka jest dla Ciebie naprawd\u0119 skuteczna: <\/p> <ul><li>Szybkie wybieranie numer\u00f3w na telefonach kom\u00f3rkowych;<\/li> <li>3 warianty umieszczania wid\u017cet\u00f3w: p\u0142ywaj\u0105cy w lewo, p\u0142ywaj\u0105cy w prawo lub niestandardowe;<\/li> <li>Opcja wy\u015bwietlania wid\u017cetu na okre\u015blonych stronach internetowych lub wykluczania stron internetowych;<\/li> <li>Trzy warianty odwiedzaj\u0105cych, kt\u00f3rym mo\u017cna pokaza\u0107 wid\u017cet: wszystkim, nowym i powracaj\u0105cym;<\/li> <li> 4 otwieranie wid\u017cetu wyzwalacze: czas sp\u0119dzony na stronie, czas sp\u0119dzony w witrynie, procent przewijania lub pr\u00f3ba wyj\u015bcia.<\/li> <\/ul><p><a href=\"#demo\">Sprawd\u017a wi\u0119cej funkcji w wersji demonstracyjnej na \u017cywo<\/a> <\/p> <\/div><div class=\"application-platform-content-item-installation application-platform-content-item\" id=\"installation\" data-nav-section=\"installation\"> <h2>Jak doda\u0107 przycisk \u201eKliknij, aby po\u0142\u0105czy\u0107\u201d do swojej witryny Squarespace<\/h2> <p>Wystarczy wykona\u0107 poni\u017csze kroki, aby tworzy\u0107. <\/p> <ol><li><b>Wygeneruj w\u0142asn\u0105 wtyczk\u0119 Call<\/b><br> W naszym bezp\u0142atnym konfiguratorze utw\u00f3rz wtyczk\u0119 o preferowanym wygl\u0105dzie i funkcjach.<\/li><li><b>Zdob\u0105d\u017a indywidualny kod, aby doda\u0107 wtyczk\u0119<\/b><br> Po wygenerowaniu wtyczki otrzymasz kod instalacyjny z wy\u015bwietlonego okna aplikacji Elfsight. Skopiuj ten kod. <\/li> <li><b>Osad\u017a wtyczk\u0119 na swojej stronie Squarespace<\/b><br> Okre\u015bl miejsce, w kt\u00f3rym chcesz ods\u0142oni\u0107 wtyczk\u0119 i dodaj tam zapisany kod. Zastosuj zmiany. <\/li> <li><b>Osadzanie powiod\u0142o si\u0119!<\/b><br> Odwied\u017a swoj\u0105 witryn\u0119, aby zobaczy\u0107 swoj\u0105 prac\u0119. <\/li> <\/ol><p>Nadal nie jeste\u015b pewien? Lub masz problemy? Wystarczy wys\u0142a\u0107 pro\u015bb\u0119 do naszego zespo\u0142u wsparcia, kt\u00f3ry pomo\u017ce w rozwi\u0105zaniu ka\u017cdego problemu. <\/p> <\/div>","protected":false},"excerpt":{"rendered":"","protected":false},"author":9,"featured_media":0,"parent":2764,"menu_order":0,"comment_status":"closed","ping_status":"closed","template":"templates\/template-application-platform.php","meta":{"publish_to_discourse":"","publish_post_category":"","wpdc_auto_publish_overridden":"","wpdc_topic_tags":"","wpdc_pin_topic":"","wpdc_pin_until":"","discourse_post_id":"","discourse_permalink":"","wpdc_publishing_response":"","wpdc_publishing_error":"","footnotes":""},"class_list":["post-4631","page","type-page","status-publish","hentry"],"yoast_head":"<!-- This site is optimized with the Yoast SEO plugin v25.3.1 - https:\/\/yoast.com\/wordpress\/plugins\/seo\/ -->\n<title>Przycisk po\u0142\u0105czenia Squarespace | Dodaj wtyczk\u0119 przycisku \u201eKliknij, aby po\u0142\u0105czy\u0107\u201d do witryny internetowej [2025]<\/title>\n<meta name=\"description\" content=\"Utw\u00f3rz wtyczk\u0119 przycisku \u201eKliknij, aby po\u0142\u0105czy\u0107\u201d i dodaj j\u0105 do swojej witryny Squarespace. Mamy bezp\u0142atn\u0105 obs\u0142ug\u0119 klienta i inne bonusy.\" \/>\n<meta name=\"robots\" content=\"index, follow, max-snippet:-1, max-image-preview:large, max-video-preview:-1\" \/>\n<link rel=\"canonical\" href=\"https:\/\/elfsight.com\/pl\/click-to-call-widget\/squarespace\/\" \/>\n<meta property=\"og:locale\" content=\"pl_PL\" \/>\n<meta property=\"og:type\" content=\"article\" \/>\n<meta property=\"og:title\" content=\"Przycisk po\u0142\u0105czenia Squarespace | Dodaj wtyczk\u0119 przycisku \u201eKliknij, aby po\u0142\u0105czy\u0107\u201d do witryny internetowej [2025]\" \/>\n<meta property=\"og:description\" content=\"Utw\u00f3rz wtyczk\u0119 przycisku \u201eKliknij, aby po\u0142\u0105czy\u0107\u201d i dodaj j\u0105 do swojej witryny Squarespace. Mamy bezp\u0142atn\u0105 obs\u0142ug\u0119 klienta i inne bonusy.\" \/>\n<meta property=\"og:url\" content=\"https:\/\/elfsight.com\/pl\/click-to-call-widget\/squarespace\/\" \/>\n<meta property=\"og:site_name\" content=\"Elfsight PL\" \/>\n<meta property=\"article:modified_time\" content=\"2025-06-25T15:47:52+00:00\" \/>\n<meta name=\"twitter:card\" content=\"summary_large_image\" \/>\n<meta name=\"twitter:label1\" content=\"Szacowany czas czytania\" \/>\n\t<meta name=\"twitter:data1\" content=\"3 minuty\" \/>\n<!-- \/ Yoast SEO plugin. -->","yoast_head_json":{"title":"Przycisk po\u0142\u0105czenia Squarespace | Dodaj wtyczk\u0119 przycisku \u201eKliknij, aby po\u0142\u0105czy\u0107\u201d do witryny internetowej [2025]","description":"Utw\u00f3rz wtyczk\u0119 przycisku \u201eKliknij, aby po\u0142\u0105czy\u0107\u201d i dodaj j\u0105 do swojej witryny Squarespace. Mamy bezp\u0142atn\u0105 obs\u0142ug\u0119 klienta i inne bonusy.","robots":{"index":"index","follow":"follow","max-snippet":"max-snippet:-1","max-image-preview":"max-image-preview:large","max-video-preview":"max-video-preview:-1"},"canonical":"https:\/\/elfsight.com\/pl\/click-to-call-widget\/squarespace\/","og_locale":"pl_PL","og_type":"article","og_title":"Przycisk po\u0142\u0105czenia Squarespace | Dodaj wtyczk\u0119 przycisku \u201eKliknij, aby po\u0142\u0105czy\u0107\u201d do witryny internetowej [2025]","og_description":"Utw\u00f3rz wtyczk\u0119 przycisku \u201eKliknij, aby po\u0142\u0105czy\u0107\u201d i dodaj j\u0105 do swojej witryny Squarespace. Mamy bezp\u0142atn\u0105 obs\u0142ug\u0119 klienta i inne bonusy.","og_url":"https:\/\/elfsight.com\/pl\/click-to-call-widget\/squarespace\/","og_site_name":"Elfsight PL","article_modified_time":"2025-06-25T15:47:52+00:00","twitter_card":"summary_large_image","twitter_misc":{"Szacowany czas czytania":"3 minuty"},"schema":{"@context":"https:\/\/schema.org","@graph":[{"@type":"WebPage","@id":"https:\/\/elfsight.com\/pl\/click-to-call-widget\/squarespace\/","url":"https:\/\/elfsight.com\/pl\/click-to-call-widget\/squarespace\/","name":"Przycisk po\u0142\u0105czenia Squarespace | Dodaj wtyczk\u0119 przycisku \u201eKliknij, aby po\u0142\u0105czy\u0107\u201d do witryny internetowej [2025]","isPartOf":{"@id":"https:\/\/elfsight.com\/pl\/#website"},"datePublished":"2024-05-03T06:32:26+00:00","dateModified":"2025-06-25T15:47:52+00:00","description":"Utw\u00f3rz wtyczk\u0119 przycisku \u201eKliknij, aby po\u0142\u0105czy\u0107\u201d i dodaj j\u0105 do swojej witryny Squarespace. Mamy bezp\u0142atn\u0105 obs\u0142ug\u0119 klienta i inne bonusy.","breadcrumb":{"@id":"https:\/\/elfsight.com\/pl\/click-to-call-widget\/squarespace\/#breadcrumb"},"inLanguage":"pl-PL","potentialAction":[{"@type":"ReadAction","target":["https:\/\/elfsight.com\/pl\/click-to-call-widget\/squarespace\/"]}]},{"@type":"BreadcrumbList","@id":"https:\/\/elfsight.com\/pl\/click-to-call-widget\/squarespace\/#breadcrumb","itemListElement":[{"@type":"ListItem","position":1,"name":"Home","item":"https:\/\/elfsight.com\/pl\/"},{"@type":"ListItem","position":2,"name":"Click to Call","item":"https:\/\/elfsight.com\/pl\/click-to-call-widget\/"},{"@type":"ListItem","position":3,"name":"Click to Call &#8211; Squarespace"}]},{"@type":"WebSite","@id":"https:\/\/elfsight.com\/pl\/#website","url":"https:\/\/elfsight.com\/pl\/","name":"Elfsight PL","description":"Just another Elfsight Sites site","potentialAction":[{"@type":"SearchAction","target":{"@type":"EntryPoint","urlTemplate":"https:\/\/elfsight.com\/pl\/?s={search_term_string}"},"query-input":{"@type":"PropertyValueSpecification","valueRequired":true,"valueName":"search_term_string"}}],"inLanguage":"pl-PL"}]}},"meta_box":{"industry":"","seo_heading":"","heading":"","description":"","cta_heading":"","cta_description":"","application":"2763","h1":"Przycisk Squarespace Kliknij, aby po\u0142\u0105czy\u0107","h1_caption":"Pozw\u00f3l u\u017cytkownikom na natychmiastowy kontakt z Tob\u0105 za pomoc\u0105 prostego przycisku \u201ekliknij, aby po\u0142\u0105czy\u0107\u201d, dzi\u0119ki czemu \u0142atwiej b\u0119dzie Ci dotrze\u0107 bezpo\u015brednio do Twojej witryny Squarespace.","application_category":[],"applications_title":"","applications_request_title":"","applications_request_button_text":"","hero_text":"","hero_video":"","hero_video_schema_markup":"","selling_points_title":"","selling_points_caption":"","selling_points":[],"selling_points_cta_text":"","features_title":"","features":"","ed_cta_examples_text":"","ed_cta_examples_hidden":"","ed_cta_demo_text":"","ed_cta_demo_hidden":"","why_caption":"","why_editor_title":"","why_editor_text":"","why_team_title":"","why_team_text":"","why_service_title":"","why_service_text":"","template_catalog_visible":"0","template_catalog_title":"","template_catalog_text":"","template_catalog_categories_visible":"","demo_title":"Utw\u00f3rz wtyczk\u0119 \u201eKliknij, aby po\u0142\u0105czy\u0107\u201d.","demo_caption":"Skonfiguruj us\u0142ug\u0119 Click to Call i dodaj j\u0105 do swojej witryny Squarespace za darmo!","default_faq_hidden":"","app_template_category":[],"platform":"7588","template_public_id":"","codecanyon_url":"","codecanyon_item_id":"","codecanyon_price":"","pricing_caption":"","pricing_elfsight_apps_hide_column":"","pricing_elfsight_apps_url":"","pricing_codecanyon_price_caption":"","integration_category":[],"integration_request_title":"","integration_request_cta":"","integration_platform":"","integrations":[],"platform_category":[],"video_schema_markup":"","price":"od 0 USD \/ miesi\u0105c","trial":"","benefits":[{"text":"Wsparcie premium"},{"text":"Bezp\u0142atna us\u0142uga monta\u017cu"},{"text":"14-dniowa gwarancja zwrotu pieni\u0119dzy"}],"button_url":"#demo","button_target_blank":"0","button_nofollow":"0","attributes":[{"name":"Instaluje"},{"name":"Czu\u0142y"},{"name":"Kompatybilne przegl\u0105darki"}],"tags":[],"tags_disable_links":"0","hide_more_platforms":"0","video_object":"","demo_hide_cta":"0","demo_hide_cloud_options":"0","pricing_title":"","pricing":[{"pricing_icon":"platform","pricing_title":"Elfsight Apps","pricing_title_caption":"Oprogramowanie wieloplatformowe, kt\u00f3re pasuje do ka\u017cdej witryny internetowej","pricing_price":"od 0 USD \/ miesi\u0105c","pricing_price_caption":"zacznij od bezp\u0142atnego planu","pricing_benefits":[{"text":"Nielimitowane strony internetowe"},{"text":"Szybkie wsparcie firmy"},{"text":"Bezp\u0142atna pomoc w instalacji"},{"text":"Elastyczny projekt"}],"pricing_button_text":"Dodaj do witryny","pricing_button_url":"#demo"}],"related_apps_title":"","related_apps_hidden":"0","author":"","image":[],"title":"","job":"","social_networks":[]},"_links":{"self":[{"href":"https:\/\/elfsight.com\/pl\/wp-json\/wp\/v2\/pages\/4631","targetHints":{"allow":["GET"]}}],"collection":[{"href":"https:\/\/elfsight.com\/pl\/wp-json\/wp\/v2\/pages"}],"about":[{"href":"https:\/\/elfsight.com\/pl\/wp-json\/wp\/v2\/types\/page"}],"author":[{"embeddable":true,"href":"https:\/\/elfsight.com\/pl\/wp-json\/wp\/v2\/users\/9"}],"replies":[{"embeddable":true,"href":"https:\/\/elfsight.com\/pl\/wp-json\/wp\/v2\/comments?post=4631"}],"version-history":[{"count":1,"href":"https:\/\/elfsight.com\/pl\/wp-json\/wp\/v2\/pages\/4631\/revisions"}],"predecessor-version":[{"id":4635,"href":"https:\/\/elfsight.com\/pl\/wp-json\/wp\/v2\/pages\/4631\/revisions\/4635"}],"up":[{"embeddable":true,"href":"https:\/\/elfsight.com\/pl\/wp-json\/wp\/v2\/pages\/2764"}],"wp:attachment":[{"href":"https:\/\/elfsight.com\/pl\/wp-json\/wp\/v2\/media?parent=4631"}],"curies":[{"name":"wp","href":"https:\/\/api.w.org\/{rel}","templated":true}]}}