{"id":4630,"date":"2024-05-03T06:32:25","date_gmt":"2024-05-03T06:32:25","guid":{"rendered":"https:\/\/elfsight.com\/pl\/?page_id=4630"},"modified":"2024-11-14T09:34:47","modified_gmt":"2024-11-14T09:34:47","slug":"webflow","status":"publish","type":"page","link":"https:\/\/elfsight.com\/pl\/click-to-call-widget\/webflow\/","title":{"rendered":"Click to Call &#8211; Webflow"},"content":{"rendered":"<div class=\"application-platform-content-item-description application-platform-content-item\" id=\"description\" data-nav-section=\"description\"> <h2>Osad\u017a opcj\u0119 Kliknij, aby po\u0142\u0105czy\u0107 w Webflow za pomoc\u0105 wid\u017cetu Elfsight<\/h2> <p>Przycisk Zadzwo\u0144 teraz Elfsight to prosty widget dla witryny internetowej, dzi\u0119ki czemu klienci szybciej zadzwoni\u0105 do Ciebie. Widget wy\u015bwietlany na telefonach kom\u00f3rkowych rozpoczyna wybieranie Twojego numeru, gdy tylko u\u017cytkownik kliknie dymek z numerem telefonu. W przypadku korzystania z komputer\u00f3w stacjonarnych klikni\u0119cie wy\u015bwietli Tw\u00f3j numer na stronie, dzi\u0119ki czemu u\u017cytkownicy b\u0119d\u0105 mogli od razu do Ciebie zadzwoni\u0107. Istnieje mo\u017cliwo\u015b\u0107 nie tylko dodania numeru telefonu, ale tak\u017ce skonfigurowania okna rozmowy, kt\u00f3re zawiera imi\u0119 i nazwisko oraz zdj\u0119cie osoby kontaktowej z klientem oraz podpis. Wszystkie cz\u0119\u015bci s\u0105 elastyczne i umo\u017cliwiaj\u0105 konfiguracj\u0119 w celu uzyskania dowolnego wariantu interfejsu. Istnieje r\u00f3wnie\u017c mo\u017cliwo\u015b\u0107 wybrania wyzwalacza, kt\u00f3ry spowoduje wy\u015bwietlenie dymka w telefonie, i zdecydowania, dla jakiej kategorii u\u017cytkownik\u00f3w b\u0119dzie on widoczny. <\/p> <div class=\"faq\" data-component=\"FAQ\"><div class=\"faq-item\">\r\n\t\t\t\t\t<div class=\"faq-item-question\">\r\n\t\t\t\t\t\t<h3 class=\"faq-item-question-text\">Gdzie mog\u0119 osadzi\u0107 wid\u017cet<\/h3>\r\n\r\n\t\t\t\t\t\t<div class=\"faq-item-question-icon\"><\/div>\r\n\t\t\t\t\t<\/div>\r\n\r\n\t\t\t\t\t<div class=\"faq-item-answer\">\r\n\t\t\t\t\t\t<div class=\"faq-item-answer-text\"> <p>Mo\u017cesz go doda\u0107 do dowolnej strony swojej witryny lub do wszystkich stron internetowych. W ustawieniach wid\u017cetu mo\u017cesz wpisa\u0107 adresy URL konkretnych stron, na kt\u00f3rych chcesz w\u0142\u0105czy\u0107 wid\u017cet. Mo\u017cesz te\u017c skorzysta\u0107 z funkcji Wyklucz i wprowadzi\u0107 adresy URL stron, na kt\u00f3rych chcesz zabroni\u0107 wy\u015bwietlania wid\u017cetu.<\/p> <\/div>\r\n\t\t\t\t\t<\/div>\r\n\t\t\t\t<\/div><div class=\"faq-item\">\r\n\t\t\t\t\t<div class=\"faq-item-question\">\r\n\t\t\t\t\t\t<h3 class=\"faq-item-question-text\">Jakie korzy\u015bci mo\u017ce mi to da\u0107?<\/h3>\r\n\r\n\t\t\t\t\t\t<div class=\"faq-item-question-icon\"><\/div>\r\n\t\t\t\t\t<\/div>\r\n\r\n\t\t\t\t\t<div class=\"faq-item-answer\">\r\n\t\t\t\t\t\t<div class=\"faq-item-answer-text\"> <p>Mo\u017cesz mie\u0107 wi\u0119cej po\u0142\u0105cze\u0144 od klient\u00f3w dzi\u0119ki szybkiemu i wygodnemu sposobowi skontaktowania si\u0119 z Tob\u0105 telefonicznie, bez konieczno\u015bci opuszczania strony internetowej. Mo\u017ce pom\u00f3c Ci uzyska\u0107 wi\u0119cej bezpo\u015bredniej komunikacji i przekszta\u0142ci\u0107 odwiedzaj\u0105cych w klient\u00f3w. Mo\u017cesz tak\u017ce stworzy\u0107 baz\u0119 potencjalnych klient\u00f3w. <\/p> <\/div>\r\n\t\t\t\t\t<\/div>\r\n\t\t\t\t<\/div> <div class=\"faq-item\">\r\n\t\t\t\t\t<div class=\"faq-item-question\">\r\n\t\t\t\t\t\t<h3 class=\"faq-item-question-text\">Jak osadzi\u0107 przycisk po\u0142\u0105czenia w mojej witrynie internetowej Webflow?<\/h3>\r\n\r\n\t\t\t\t\t\t<div class=\"faq-item-question-icon\"><\/div>\r\n\t\t\t\t\t<\/div>\r\n\r\n\t\t\t\t\t<div class=\"faq-item-answer\">\r\n\t\t\t\t\t\t<div class=\"faq-item-answer-text\"> <p>Na konfiguracj\u0119 potrzebujesz tylko minuty. Ten proces jest naprawd\u0119 szybki, bezp\u0142atny i nie wymaga kodowania. <\/p> <p>Mo\u017cesz doda\u0107 wid\u017cet po\u0142\u0105cze\u0144 do swojej witryny w naszym serwisie. W tym celu post\u0119puj zgodnie z instrukcjami poni\u017cej na tej stronie.<\/p> <\/div>\r\n\t\t\t\t\t<\/div>\r\n\t\t\t\t<\/div> <\/div> <\/div> <div class=\"application-platform-content-item-features application-platform-content-item\" id=\"features\" data-nav-section=\"features\"> <h2>G\u0142\u00f3wne funkcje wid\u017cetu Kliknij, aby po\u0142\u0105czy\u0107<\/h2> <p>Aby uzyska\u0107 pe\u0142n\u0105 wiedz\u0119 na temat wid\u017cetu, oto lista g\u0142\u00f3wnych cech. Dzi\u0119ki nim nasz widget jest niezwykle wydajny: <\/p> <ul><li>Szybkie rozmowy telefoniczne z telefon\u00f3w kom\u00f3rkowych; <\/li> <li>Wybierz jedn\u0105 z trzech opcji umieszczenia wid\u017cetu: p\u0142ywaj\u0105cy w lewo lub w prawo lub niestandardowy; <\/li> <li>Mo\u017cliwo\u015b\u0107 osadzania wid\u017cetu na poszczeg\u00f3lnych stronach lub wykluczania stron internetowych; <\/li> <li>Wybierz kategorie u\u017cytkownik\u00f3w, kt\u00f3rzy zobacz\u0105 wid\u017cet: wszyscy, nowi lub powracaj\u0105cy; <\/li> <li> Wbudowany widget wyzwala: czas sp\u0119dzony na stronie, czas sp\u0119dzony na stronie, procent przewijania oraz pr\u00f3b\u0119 opuszczenia strony. <\/li> <\/ul><p><a href=\"#demo\">W wersji demonstracyjnej dost\u0119pnych b\u0119dzie wi\u0119cej funkcji<\/a><\/p> <\/div> <div class=\"application-platform-content-item-installation application-platform-content-item\" id=\"installation\" data-nav-section=\"installation\"> <h2> Jak doda\u0107 przycisk \u201eKliknij, aby po\u0142\u0105czy\u0107\u201d do swojej witryny Webflow<\/h2> <p>Wystarczy te kilka czynno\u015bci, aby zainstalowa\u0107 wid\u017cet. <\/p> <ol><li><b>Wygeneruj sw\u00f3j unikalny widget po\u0142\u0105cze\u0144<\/b><br> Za pomoc\u0105 naszego bezp\u0142atnego edytora uzyskaj wtyczk\u0119 z wybranym wygl\u0105dem i funkcjami. <\/li><li><b>Otrzymaj indywidualny kod do zainstalowania wtyczki<\/b><br> Po skonfigurowaniu wid\u017cetu otrzymasz kod instalacyjny z powiadomienia, kt\u00f3re pojawi si\u0119 w aplikacji Elfsight. Skopiuj ten kod do dalszego wykorzystania. <\/li> <li><b>Wy\u015bwietl wtyczk\u0119 na swojej stronie Webflow<\/b><br> Przejd\u017a do miejsca, w kt\u00f3rym chcesz umie\u015bci\u0107 wtyczk\u0119 i tam dodaj skopiowany kod. Zastosuj zmiany.<\/li> <li><b>Gotowe! <\/b><br> Wejd\u017a do sklepu i obejrzyj sw\u00f3j przycisk po\u0142\u0105czenia. <\/li> <\/ol><p>Nadal nie mo\u017cesz si\u0119 zdecydowa\u0107? Lub masz pytania do zadania? Wystarczy skierowa\u0107 zapytanie do naszego dzia\u0142u obs\u0142ugi klienta, a pomo\u017cemy w przypadku wszelkich problem\u00f3w. <\/p> <\/div>","protected":false},"excerpt":{"rendered":"","protected":false},"author":9,"featured_media":0,"parent":2764,"menu_order":0,"comment_status":"closed","ping_status":"closed","template":"templates\/template-application-platform.php","meta":{"publish_to_discourse":"","publish_post_category":"","wpdc_auto_publish_overridden":"","wpdc_topic_tags":"","wpdc_pin_topic":"","wpdc_pin_until":"","discourse_post_id":"","discourse_permalink":"","wpdc_publishing_response":"","wpdc_publishing_error":"","footnotes":""},"class_list":["post-4630","page","type-page","status-publish","hentry"],"yoast_head":"<!-- This site is optimized with the Yoast SEO plugin v25.3.1 - https:\/\/yoast.com\/wordpress\/plugins\/seo\/ -->\n<title>Dodaj wid\u017cet przycisku \u201eKliknij, aby po\u0142\u0105czy\u0107\u201d do swojej witryny Webflow (w 2 minuty)<\/title>\n<meta name=\"description\" content=\"Utworzenie wid\u017cetu przycisku \u201eKliknij, aby po\u0142\u0105czy\u0107 teraz\u201d i dodanie go do witryny internetowej Webflow jest ca\u0142kowicie proste. Obs\u0142uga klienta Elfsight jest bezp\u0142atna i szybka.\" \/>\n<meta name=\"robots\" content=\"index, follow, max-snippet:-1, max-image-preview:large, max-video-preview:-1\" \/>\n<link rel=\"canonical\" href=\"https:\/\/elfsight.com\/pl\/click-to-call-widget\/webflow\/\" \/>\n<meta property=\"og:locale\" content=\"pl_PL\" \/>\n<meta property=\"og:type\" content=\"article\" \/>\n<meta property=\"og:title\" content=\"Dodaj wid\u017cet przycisku \u201eKliknij, aby po\u0142\u0105czy\u0107\u201d do swojej witryny Webflow (w 2 minuty)\" \/>\n<meta property=\"og:description\" content=\"Utworzenie wid\u017cetu przycisku \u201eKliknij, aby po\u0142\u0105czy\u0107 teraz\u201d i dodanie go do witryny internetowej Webflow jest ca\u0142kowicie proste. Obs\u0142uga klienta Elfsight jest bezp\u0142atna i szybka.\" \/>\n<meta property=\"og:url\" content=\"https:\/\/elfsight.com\/pl\/click-to-call-widget\/webflow\/\" \/>\n<meta property=\"og:site_name\" content=\"Elfsight PL\" \/>\n<meta property=\"article:modified_time\" content=\"2024-11-14T09:34:47+00:00\" \/>\n<meta name=\"twitter:card\" content=\"summary_large_image\" \/>\n<meta name=\"twitter:label1\" content=\"Szacowany czas czytania\" \/>\n\t<meta name=\"twitter:data1\" content=\"3 minuty\" \/>\n<!-- \/ Yoast SEO plugin. -->","yoast_head_json":{"title":"Dodaj wid\u017cet przycisku \u201eKliknij, aby po\u0142\u0105czy\u0107\u201d do swojej witryny Webflow (w 2 minuty)","description":"Utworzenie wid\u017cetu przycisku \u201eKliknij, aby po\u0142\u0105czy\u0107 teraz\u201d i dodanie go do witryny internetowej Webflow jest ca\u0142kowicie proste. Obs\u0142uga klienta Elfsight jest bezp\u0142atna i szybka.","robots":{"index":"index","follow":"follow","max-snippet":"max-snippet:-1","max-image-preview":"max-image-preview:large","max-video-preview":"max-video-preview:-1"},"canonical":"https:\/\/elfsight.com\/pl\/click-to-call-widget\/webflow\/","og_locale":"pl_PL","og_type":"article","og_title":"Dodaj wid\u017cet przycisku \u201eKliknij, aby po\u0142\u0105czy\u0107\u201d do swojej witryny Webflow (w 2 minuty)","og_description":"Utworzenie wid\u017cetu przycisku \u201eKliknij, aby po\u0142\u0105czy\u0107 teraz\u201d i dodanie go do witryny internetowej Webflow jest ca\u0142kowicie proste. Obs\u0142uga klienta Elfsight jest bezp\u0142atna i szybka.","og_url":"https:\/\/elfsight.com\/pl\/click-to-call-widget\/webflow\/","og_site_name":"Elfsight PL","article_modified_time":"2024-11-14T09:34:47+00:00","twitter_card":"summary_large_image","twitter_misc":{"Szacowany czas czytania":"3 minuty"},"schema":{"@context":"https:\/\/schema.org","@graph":[{"@type":"WebPage","@id":"https:\/\/elfsight.com\/pl\/click-to-call-widget\/webflow\/","url":"https:\/\/elfsight.com\/pl\/click-to-call-widget\/webflow\/","name":"Dodaj wid\u017cet przycisku \u201eKliknij, aby po\u0142\u0105czy\u0107\u201d do swojej witryny Webflow (w 2 minuty)","isPartOf":{"@id":"https:\/\/elfsight.com\/pl\/#website"},"datePublished":"2024-05-03T06:32:25+00:00","dateModified":"2024-11-14T09:34:47+00:00","description":"Utworzenie wid\u017cetu przycisku \u201eKliknij, aby po\u0142\u0105czy\u0107 teraz\u201d i dodanie go do witryny internetowej Webflow jest ca\u0142kowicie proste. Obs\u0142uga klienta Elfsight jest bezp\u0142atna i szybka.","breadcrumb":{"@id":"https:\/\/elfsight.com\/pl\/click-to-call-widget\/webflow\/#breadcrumb"},"inLanguage":"pl-PL","potentialAction":[{"@type":"ReadAction","target":["https:\/\/elfsight.com\/pl\/click-to-call-widget\/webflow\/"]}]},{"@type":"BreadcrumbList","@id":"https:\/\/elfsight.com\/pl\/click-to-call-widget\/webflow\/#breadcrumb","itemListElement":[{"@type":"ListItem","position":1,"name":"Home","item":"https:\/\/elfsight.com\/pl\/"},{"@type":"ListItem","position":2,"name":"Click to Call","item":"https:\/\/elfsight.com\/pl\/click-to-call-widget\/"},{"@type":"ListItem","position":3,"name":"Click to Call &#8211; Webflow"}]},{"@type":"WebSite","@id":"https:\/\/elfsight.com\/pl\/#website","url":"https:\/\/elfsight.com\/pl\/","name":"Elfsight PL","description":"Just another Elfsight Sites site","potentialAction":[{"@type":"SearchAction","target":{"@type":"EntryPoint","urlTemplate":"https:\/\/elfsight.com\/pl\/?s={search_term_string}"},"query-input":{"@type":"PropertyValueSpecification","valueRequired":true,"valueName":"search_term_string"}}],"inLanguage":"pl-PL"}]}},"meta_box":{"industry":"","seo_heading":"","heading":"","description":"","cta_heading":"","cta_description":"","application":"2763","h1":"Przycisk Webflow \u201eKliknij, aby po\u0142\u0105czy\u0107\u201d.","h1_caption":"Pozw\u00f3l u\u017cytkownikom na natychmiastowy kontakt z Tob\u0105 za pomoc\u0105 prostego przycisku \u201ekliknij, aby po\u0142\u0105czy\u0107\u201d, dzi\u0119ki czemu \u0142atwiej b\u0119dzie Ci skontaktowa\u0107 si\u0119 bezpo\u015brednio z Twoj\u0105 witryn\u0105 Webflow.","application_category":[],"applications_title":"","applications_request_title":"","applications_request_button_text":"","hero_text":"","hero_video":"","hero_video_schema_markup":"","selling_points_title":"","selling_points_caption":"","selling_points":[],"selling_points_cta_text":"","features_title":"","features":"","ed_cta_examples_text":"","ed_cta_examples_hidden":"","ed_cta_demo_text":"","ed_cta_demo_hidden":"","why_caption":"","why_editor_title":"","why_editor_text":"","why_team_title":"","why_team_text":"","why_service_title":"","why_service_text":"","template_catalog_visible":"","template_catalog_title":"","template_catalog_text":"","template_catalog_categories_visible":"","demo_title":"Utw\u00f3rz wid\u017cet \u201eKliknij, aby po\u0142\u0105czy\u0107\u201d.","demo_caption":"Skonfiguruj us\u0142ug\u0119 Click to Call i dodaj j\u0105 do swojej witryny Webflow za darmo!","default_faq_hidden":"","app_template_category":[],"platform":"127","template_public_id":"","codecanyon_url":"","codecanyon_item_id":"","codecanyon_price":"","pricing_caption":"","pricing_elfsight_apps_hide_column":"","pricing_elfsight_apps_url":"","pricing_codecanyon_price_caption":"","integration_category":[],"integration_request_title":"","integration_request_cta":"","integration_platform":"","integrations":[],"platform_category":[],"video_schema_markup":"","price":"od 0 USD \/ miesi\u0105c","trial":"","benefits":[{"text":"Bezp\u0142atna pomoc w monta\u017cu"},{"text":"Wsparcie premium"},{"text":"14-dniowa gwarancja zwrotu pieni\u0119dzy"}],"button_url":"#demo","button_target_blank":"","button_nofollow":"","attributes":[{"name":"Instaluje"},{"name":"Czu\u0142y"},{"name":"Kompatybilne przegl\u0105darki"}],"tags":[],"tags_disable_links":"","hide_more_platforms":"","video_object":"","demo_hide_cta":"","demo_hide_cloud_options":"","pricing_title":"","pricing":[{"pricing_icon":"platform","pricing_title":"Elfsight Apps","pricing_title_caption":"Oprogramowanie niezale\u017cne od platformy, kt\u00f3re pasuje do ka\u017cdej witryny internetowej","pricing_price":"od 0 USD \/ miesi\u0105c","pricing_price_caption":"zacznij od bezp\u0142atnego planu","pricing_benefits":[{"text":"Nielimitowane domeny"},{"text":"Bezp\u0142atna us\u0142uga monta\u017cu"},{"text":"Profesjonalna obs\u0142uga klienta"},{"text":"Specjalna oferta na wiele aplikacji"}],"pricing_button_text":"Dodaj do witryny","pricing_button_url":"#demo"}],"related_apps_title":"","related_apps_hidden":"","author":"","image":[],"title":"","job":"","social_networks":[]},"_links":{"self":[{"href":"https:\/\/elfsight.com\/pl\/wp-json\/wp\/v2\/pages\/4630","targetHints":{"allow":["GET"]}}],"collection":[{"href":"https:\/\/elfsight.com\/pl\/wp-json\/wp\/v2\/pages"}],"about":[{"href":"https:\/\/elfsight.com\/pl\/wp-json\/wp\/v2\/types\/page"}],"author":[{"embeddable":true,"href":"https:\/\/elfsight.com\/pl\/wp-json\/wp\/v2\/users\/9"}],"replies":[{"embeddable":true,"href":"https:\/\/elfsight.com\/pl\/wp-json\/wp\/v2\/comments?post=4630"}],"version-history":[{"count":1,"href":"https:\/\/elfsight.com\/pl\/wp-json\/wp\/v2\/pages\/4630\/revisions"}],"predecessor-version":[{"id":4634,"href":"https:\/\/elfsight.com\/pl\/wp-json\/wp\/v2\/pages\/4630\/revisions\/4634"}],"up":[{"embeddable":true,"href":"https:\/\/elfsight.com\/pl\/wp-json\/wp\/v2\/pages\/2764"}],"wp:attachment":[{"href":"https:\/\/elfsight.com\/pl\/wp-json\/wp\/v2\/media?parent=4630"}],"curies":[{"name":"wp","href":"https:\/\/api.w.org\/{rel}","templated":true}]}}