{"id":4629,"date":"2024-05-03T06:32:24","date_gmt":"2024-05-03T06:32:24","guid":{"rendered":"https:\/\/elfsight.com\/pl\/?page_id=4629"},"modified":"2024-11-14T09:34:47","modified_gmt":"2024-11-14T09:34:47","slug":"webnode","status":"publish","type":"page","link":"https:\/\/elfsight.com\/pl\/click-to-call-widget\/webnode\/","title":{"rendered":"Click to Call &#8211; Webnode"},"content":{"rendered":"<div class=\"application-platform-content-item-description application-platform-content-item\" id=\"description\" data-nav-section=\"description\"> <h2>Opis<\/h2> <p>Widget Elfsight Click To Call dla Webnode to skuteczne narz\u0119dzie umo\u017cliwiaj\u0105ce szybsze odwiedzanie Twojej witryny. Mog\u0105 do Ciebie zadzwoni\u0107, naciskaj\u0105c ikon\u0119 telefonu na telefonie kom\u00f3rkowym lub na komputerze. Tw\u00f3j numer b\u0119dzie przyci\u0105ga\u0142 wzrok, co u\u0142atwi nawi\u0105zanie po\u0142\u0105czenia. Ba\u0144ka i okno wywo\u0142ania s\u0105 w pe\u0142ni konfigurowalne i pozwalaj\u0105 na zbudowanie absolutnie unikalnego stylu Twojego wid\u017cetu. Mo\u017cesz dowolnie modyfikowa\u0107 wszystkie cz\u0119\u015bci wid\u017cetu, aby ca\u0142kowicie pasowa\u0142 do zakresu kolor\u00f3w witryny.<\/p> <div class=\"faq\" data-component=\"FAQ\"><div class=\"faq-item\">\r\n\t\t\t\t\t<div class=\"faq-item-question\">\r\n\t\t\t\t\t\t<h3 class=\"faq-item-question-text\">Gdzie na mojej stronie internetowej mog\u0119 go osadzi\u0107?<\/h3>\r\n\r\n\t\t\t\t\t\t<div class=\"faq-item-question-icon\"><\/div>\r\n\t\t\t\t\t<\/div>\r\n\r\n\t\t\t\t\t<div class=\"faq-item-answer\">\r\n\t\t\t\t\t\t<div class=\"faq-item-answer-text\"> <p>Jeste\u015b swobodnie wybiera\u0107 strony, kt\u00f3re chcesz wy\u015bwietli\u0107 dymek wybierania i pokaza\u0107 ich adresy URL w ustawieniach. Mo\u017cesz te\u017c wykluczy\u0107 okre\u015blone strony, tak\u017ce wed\u0142ug adresu URL.<\/p> <\/div>\r\n\t\t\t\t\t<\/div>\r\n\t\t\t\t<\/div><div class=\"faq-item\">\r\n\t\t\t\t\t<div class=\"faq-item-question\">\r\n\t\t\t\t\t\t<h3 class=\"faq-item-question-text\">Jakie daje mi to korzy\u015bci?<\/h3>\r\n\r\n\t\t\t\t\t\t<div class=\"faq-item-question-icon\"><\/div>\r\n\t\t\t\t\t<\/div>\r\n\r\n\t\t\t\t\t<div class=\"faq-item-answer\">\r\n\t\t\t\t\t\t<div class=\"faq-item-answer-text\"> <p>Bezpo\u015brednia komunikacja poprzez rozmow\u0119 telefoniczn\u0105 pomaga w rzeczywistym przekonaniu wi\u0119kszej liczby potencjalnych nabywc\u00f3w klienci. Ponadto proste wybieranie numeru i demonstracja numeru telefonu sprawi\u0105, \u017ce wybieranie numeru b\u0119dzie maksymalnie \u0142atwe.<\/p> <\/div>\r\n\t\t\t\t\t<\/div>\r\n\t\t\t\t<\/div> <div class=\"faq-item\">\r\n\t\t\t\t\t<div class=\"faq-item-question\">\r\n\t\t\t\t\t\t<h3 class=\"faq-item-question-text\">Jak uzyska\u0107 opcj\u0119 Kliknij, aby po\u0142\u0105czy\u0107 w mojej witrynie Webnode?<\/h3>\r\n\r\n\t\t\t\t\t\t<div class=\"faq-item-question-icon\"><\/div>\r\n\t\t\t\t\t<\/div>\r\n\r\n\t\t\t\t\t<div class=\"faq-item-answer\">\r\n\t\t\t\t\t\t<div class=\"faq-item-answer-text\"> <p>Wszystko, co musisz zrobi\u0107 zrobi\u0107, to utworzy\u0107 widget, wybra\u0107 kolory i wysoko\u015b\u0107, nast\u0119pnie zapisa\u0107 swoj\u0105 prac\u0119 i skopiowa\u0107 kod, kt\u00f3ry pojawi si\u0119 w wyskakuj\u0105cym oknie pod koniec procesu tworzenia. Wstaw ten kod do swojej witryny.<\/p> <\/div>\r\n\t\t\t\t\t<\/div>\r\n\t\t\t\t<\/div> <\/div> <\/div> <div class=\"application-platform-content-item-features application-platform-content-item\" id=\"features\" data-nav-section=\"features\"> <h2>Funkcje<\/h2> <p>Aby lepiej pozna\u0107 wid\u017cet przycisku po\u0142\u0105czenia , sp\u00f3jrz na list\u0119 jego najwybitniejszych funkcji. Dzi\u0119ki nim nasz widget jest niezwykle wydajny: <\/p> <ul><li>B\u0142yskawiczne wybieranie numer\u00f3w na telefonach kom\u00f3rkowych; <\/li> <li>Trzy wbudowane opcje pozycji wid\u017cetu: p\u0142ywaj\u0105ca w lewo, p\u0142ywaj\u0105ca w prawo lub niestandardowa; <\/li> <li>Opcja wy\u015bwietlania wid\u017cetu na niekt\u00f3rych stronach lub wykluczania stron; <\/li> <li>Wybierz kategorie odwiedzaj\u0105cych, kt\u00f3rym chcesz wy\u015bwietli\u0107 wid\u017cet: wszyscy, nowi lub powracaj\u0105cy; <\/li> <li> Wbudowane wyzwalacze otwarcia widgetu: czas sp\u0119dzony na stronie, czas sp\u0119dzony na stronie, procent przewijania lub pr\u00f3ba wyj\u015bcia. <\/li> <\/ul><p><a href=\"#demo\">Aby sprawdzi\u0107 wi\u0119cej funkcji, zobacz nasze demo<\/a><\/p> <\/div> <div class=\"application-platform-content-item-installation application-platform-content-item\" id=\"installation\" data-nav-section=\"installation\"> <h2>Jak doda\u0107 wid\u017cet przycisku \u201eKliknij, aby po\u0142\u0105czy\u0107\u201d do swojej strony Webnode<\/h2> <p>Poni\u017csze czynno\u015bci to jedyne, co musisz zrobi\u0107, aby zapewni\u0107 pomy\u015bln\u0105 izolacj\u0119. <\/p> <ol><li><b>Otw\u00f3rz nasz darmowy edytor i zacznij tworzy\u0107 w\u0142asn\u0105 wtyczk\u0119. <\/b><br> Okre\u015bl niestandardowy projekt i specyfikacje wid\u017cetu i zastosuj poprawki. <\/li> <li><b>Zdob\u0105d\u017a osobisty kod widoczny w pude\u0142ku w aplikacjach Elfsight. <\/b><br> Zaraz po zako\u0144czeniu instalacji narz\u0119dzia skopiuj indywidualny kod z wy\u015bwietlonego wyskakuj\u0105cego okienka i zachowaj go na p\u00f3\u017aniej. <\/li> <li><b>Rozpocznij korzystanie z narz\u0119dzia na stronie internetowej Webnode. <\/b><br> Wprowad\u017a skopiowany wcze\u015bniej kod na swoj\u0105 stron\u0119 internetow\u0105 i zapisz zmiany. <\/li> <li><b>Gotowe! Osadzanie zosta\u0142o pomy\u015blnie zako\u0144czone. <\/b><br> Przejd\u017a na swoj\u0105 stron\u0119 internetow\u0105 i zobacz, jak dzia\u0142a wtyczka. <\/li><\/ol> <p>Nadal nie jeste\u015b pewien? Albo masz k\u0142opoty? Po prostu napisz zapytanie do naszego dzia\u0142u obs\u0142ugi klienta, nasi specjali\u015bci rozwi\u0105\u017c\u0105 ka\u017cdy problem. <\/p> <\/div>","protected":false},"excerpt":{"rendered":"","protected":false},"author":9,"featured_media":0,"parent":2764,"menu_order":0,"comment_status":"closed","ping_status":"closed","template":"templates\/template-application-platform.php","meta":{"publish_to_discourse":"","publish_post_category":"","wpdc_auto_publish_overridden":"","wpdc_topic_tags":"","wpdc_pin_topic":"","wpdc_pin_until":"","discourse_post_id":"","discourse_permalink":"","wpdc_publishing_response":"","wpdc_publishing_error":"","footnotes":""},"class_list":["post-4629","page","type-page","status-publish","hentry"],"yoast_head":"<!-- This site is optimized with the Yoast SEO plugin v25.3.1 - https:\/\/yoast.com\/wordpress\/plugins\/seo\/ -->\n<title>Dodaj wid\u017cet przycisku \u201eKliknij, aby po\u0142\u0105czy\u0107\u201d do witryny Webnode (bezp\u0142atnie i szybko)<\/title>\n<meta name=\"description\" content=\"Umie\u015b\u0107 przydatn\u0105 wtyczk\u0119 \u201eKliknij, aby po\u0142\u0105czy\u0107\u201d na swojej witrynie Webnode. Skorzystaj z \u0142atwej w u\u017cyciu wersji demonstracyjnej Elfsight i ukszta\u0142tuj swoj\u0105 unikaln\u0105 wtyczk\u0119 w 1-2-3.\" \/>\n<meta name=\"robots\" content=\"index, follow, max-snippet:-1, max-image-preview:large, max-video-preview:-1\" \/>\n<link rel=\"canonical\" href=\"https:\/\/elfsight.com\/pl\/click-to-call-widget\/webnode\/\" \/>\n<meta property=\"og:locale\" content=\"pl_PL\" \/>\n<meta property=\"og:type\" content=\"article\" \/>\n<meta property=\"og:title\" content=\"Dodaj wid\u017cet przycisku \u201eKliknij, aby po\u0142\u0105czy\u0107\u201d do witryny Webnode (bezp\u0142atnie i szybko)\" \/>\n<meta property=\"og:description\" content=\"Umie\u015b\u0107 przydatn\u0105 wtyczk\u0119 \u201eKliknij, aby po\u0142\u0105czy\u0107\u201d na swojej witrynie Webnode. Skorzystaj z \u0142atwej w u\u017cyciu wersji demonstracyjnej Elfsight i ukszta\u0142tuj swoj\u0105 unikaln\u0105 wtyczk\u0119 w 1-2-3.\" \/>\n<meta property=\"og:url\" content=\"https:\/\/elfsight.com\/pl\/click-to-call-widget\/webnode\/\" \/>\n<meta property=\"og:site_name\" content=\"Elfsight PL\" \/>\n<meta property=\"article:modified_time\" content=\"2024-11-14T09:34:47+00:00\" \/>\n<meta name=\"twitter:card\" content=\"summary_large_image\" \/>\n<meta name=\"twitter:label1\" content=\"Szacowany czas czytania\" \/>\n\t<meta name=\"twitter:data1\" content=\"3 minuty\" \/>\n<!-- \/ Yoast SEO plugin. -->","yoast_head_json":{"title":"Dodaj wid\u017cet przycisku \u201eKliknij, aby po\u0142\u0105czy\u0107\u201d do witryny Webnode (bezp\u0142atnie i szybko)","description":"Umie\u015b\u0107 przydatn\u0105 wtyczk\u0119 \u201eKliknij, aby po\u0142\u0105czy\u0107\u201d na swojej witrynie Webnode. Skorzystaj z \u0142atwej w u\u017cyciu wersji demonstracyjnej Elfsight i ukszta\u0142tuj swoj\u0105 unikaln\u0105 wtyczk\u0119 w 1-2-3.","robots":{"index":"index","follow":"follow","max-snippet":"max-snippet:-1","max-image-preview":"max-image-preview:large","max-video-preview":"max-video-preview:-1"},"canonical":"https:\/\/elfsight.com\/pl\/click-to-call-widget\/webnode\/","og_locale":"pl_PL","og_type":"article","og_title":"Dodaj wid\u017cet przycisku \u201eKliknij, aby po\u0142\u0105czy\u0107\u201d do witryny Webnode (bezp\u0142atnie i szybko)","og_description":"Umie\u015b\u0107 przydatn\u0105 wtyczk\u0119 \u201eKliknij, aby po\u0142\u0105czy\u0107\u201d na swojej witrynie Webnode. Skorzystaj z \u0142atwej w u\u017cyciu wersji demonstracyjnej Elfsight i ukszta\u0142tuj swoj\u0105 unikaln\u0105 wtyczk\u0119 w 1-2-3.","og_url":"https:\/\/elfsight.com\/pl\/click-to-call-widget\/webnode\/","og_site_name":"Elfsight PL","article_modified_time":"2024-11-14T09:34:47+00:00","twitter_card":"summary_large_image","twitter_misc":{"Szacowany czas czytania":"3 minuty"},"schema":{"@context":"https:\/\/schema.org","@graph":[{"@type":"WebPage","@id":"https:\/\/elfsight.com\/pl\/click-to-call-widget\/webnode\/","url":"https:\/\/elfsight.com\/pl\/click-to-call-widget\/webnode\/","name":"Dodaj wid\u017cet przycisku \u201eKliknij, aby po\u0142\u0105czy\u0107\u201d do witryny Webnode (bezp\u0142atnie i szybko)","isPartOf":{"@id":"https:\/\/elfsight.com\/pl\/#website"},"datePublished":"2024-05-03T06:32:24+00:00","dateModified":"2024-11-14T09:34:47+00:00","description":"Umie\u015b\u0107 przydatn\u0105 wtyczk\u0119 \u201eKliknij, aby po\u0142\u0105czy\u0107\u201d na swojej witrynie Webnode. Skorzystaj z \u0142atwej w u\u017cyciu wersji demonstracyjnej Elfsight i ukszta\u0142tuj swoj\u0105 unikaln\u0105 wtyczk\u0119 w 1-2-3.","breadcrumb":{"@id":"https:\/\/elfsight.com\/pl\/click-to-call-widget\/webnode\/#breadcrumb"},"inLanguage":"pl-PL","potentialAction":[{"@type":"ReadAction","target":["https:\/\/elfsight.com\/pl\/click-to-call-widget\/webnode\/"]}]},{"@type":"BreadcrumbList","@id":"https:\/\/elfsight.com\/pl\/click-to-call-widget\/webnode\/#breadcrumb","itemListElement":[{"@type":"ListItem","position":1,"name":"Home","item":"https:\/\/elfsight.com\/pl\/"},{"@type":"ListItem","position":2,"name":"Click to Call","item":"https:\/\/elfsight.com\/pl\/click-to-call-widget\/"},{"@type":"ListItem","position":3,"name":"Click to Call &#8211; Webnode"}]},{"@type":"WebSite","@id":"https:\/\/elfsight.com\/pl\/#website","url":"https:\/\/elfsight.com\/pl\/","name":"Elfsight PL","description":"Just another Elfsight Sites site","potentialAction":[{"@type":"SearchAction","target":{"@type":"EntryPoint","urlTemplate":"https:\/\/elfsight.com\/pl\/?s={search_term_string}"},"query-input":{"@type":"PropertyValueSpecification","valueRequired":true,"valueName":"search_term_string"}}],"inLanguage":"pl-PL"}]}},"meta_box":{"industry":"","seo_heading":"","heading":"","description":"","cta_heading":"","cta_description":"","application":"2763","h1":"Kliknij, aby wywo\u0142a\u0107 Webnode","h1_caption":"Pozw\u00f3l u\u017cytkownikom na natychmiastowy kontakt z Tob\u0105 za pomoc\u0105 prostego przycisku \u201ekliknij, aby po\u0142\u0105czy\u0107\u201d, dzi\u0119ki czemu \u0142atwiej b\u0119dzie Ci skontaktowa\u0107 si\u0119 bezpo\u015brednio z Twoj\u0105 witryn\u0105 Webnode.","application_category":[],"applications_title":"","applications_request_title":"","applications_request_button_text":"","hero_text":"","hero_video":"","hero_video_schema_markup":"","selling_points_title":"","selling_points_caption":"","selling_points":[],"selling_points_cta_text":"","features_title":"","features":"","ed_cta_examples_text":"","ed_cta_examples_hidden":"","ed_cta_demo_text":"","ed_cta_demo_hidden":"","why_caption":"","why_editor_title":"","why_editor_text":"","why_team_title":"","why_team_text":"","why_service_title":"","why_service_text":"","template_catalog_visible":"","template_catalog_title":"","template_catalog_text":"","template_catalog_categories_visible":"","demo_title":"Utw\u00f3rz wid\u017cet \u201eKliknij, aby po\u0142\u0105czy\u0107\u201d.","demo_caption":"Skonfiguruj us\u0142ug\u0119 Click to Call i dodaj j\u0105 do swojej witryny Webnode za darmo!","default_faq_hidden":"","app_template_category":[],"platform":"138","template_public_id":"","codecanyon_url":"","codecanyon_item_id":"","codecanyon_price":"","pricing_caption":"","pricing_elfsight_apps_hide_column":"","pricing_elfsight_apps_url":"","pricing_codecanyon_price_caption":"","integration_category":[],"integration_request_title":"","integration_request_cta":"","integration_platform":"","integrations":[],"platform_category":[],"video_schema_markup":"","price":"od 0 USD \/ miesi\u0105c","trial":"","benefits":[{"text":"Bezp\u0142atna pomoc w monta\u017cu"},{"text":"Profesjonalna obs\u0142uga klienta"},{"text":"14-dniowa gwarancja zwrotu pieni\u0119dzy"}],"button_url":"#demo","button_target_blank":"","button_nofollow":"","attributes":[{"name":"Instaluje"},{"name":"Czu\u0142y"},{"name":"Kompatybilne przegl\u0105darki"}],"tags":[],"tags_disable_links":"","hide_more_platforms":"","video_object":"","demo_hide_cta":"","demo_hide_cloud_options":"","pricing_title":"","pricing":[{"pricing_icon":"platform","pricing_title":"Elfsight Apps","pricing_title_caption":"Rozwi\u0105zanie wieloplatformowe","pricing_price":"od 0 USD \/ miesi\u0105c","pricing_price_caption":"zacznij od bezp\u0142atnego planu","pricing_benefits":[{"text":"Nielimitowane strony internetowe"},{"text":"Obs\u0142uga klienta premium i dobrze udokumentowana"},{"text":"Bezp\u0142atne wsparcie przy instalacji"},{"text":"Specjalna cena za wiele aplikacji"}],"pricing_button_text":"Dodaj do witryny","pricing_button_url":"#demo"}],"related_apps_title":"","related_apps_hidden":"","author":"","image":[],"title":"","job":"","social_networks":[]},"_links":{"self":[{"href":"https:\/\/elfsight.com\/pl\/wp-json\/wp\/v2\/pages\/4629","targetHints":{"allow":["GET"]}}],"collection":[{"href":"https:\/\/elfsight.com\/pl\/wp-json\/wp\/v2\/pages"}],"about":[{"href":"https:\/\/elfsight.com\/pl\/wp-json\/wp\/v2\/types\/page"}],"author":[{"embeddable":true,"href":"https:\/\/elfsight.com\/pl\/wp-json\/wp\/v2\/users\/9"}],"replies":[{"embeddable":true,"href":"https:\/\/elfsight.com\/pl\/wp-json\/wp\/v2\/comments?post=4629"}],"version-history":[{"count":1,"href":"https:\/\/elfsight.com\/pl\/wp-json\/wp\/v2\/pages\/4629\/revisions"}],"predecessor-version":[{"id":4633,"href":"https:\/\/elfsight.com\/pl\/wp-json\/wp\/v2\/pages\/4629\/revisions\/4633"}],"up":[{"embeddable":true,"href":"https:\/\/elfsight.com\/pl\/wp-json\/wp\/v2\/pages\/2764"}],"wp:attachment":[{"href":"https:\/\/elfsight.com\/pl\/wp-json\/wp\/v2\/media?parent=4629"}],"curies":[{"name":"wp","href":"https:\/\/api.w.org\/{rel}","templated":true}]}}