{"id":4624,"date":"2024-05-03T06:32:23","date_gmt":"2024-05-03T06:32:23","guid":{"rendered":"https:\/\/elfsight.com\/pl\/?page_id=4624"},"modified":"2024-11-14T09:34:47","modified_gmt":"2024-11-14T09:34:47","slug":"weebly","status":"publish","type":"page","link":"https:\/\/elfsight.com\/pl\/click-to-call-widget\/weebly\/","title":{"rendered":"Click to Call &#8211; Weebly"},"content":{"rendered":"<div class=\"application-platform-content-item-description application-platform-content-item\" id=\"description\" data-nav-section=\"description\"> <h2>Opis<\/h2> <p>Wtyczka Kliknij, aby po\u0142\u0105czy\u0107 dla Weebly to \u0142atwe w u\u017cyciu narz\u0119dzie, dzi\u0119ki kt\u00f3remu odbiorcy Twojej witryny mog\u0105 \u0142atwiej dzwoni\u0107 do Ciebie szybciej. Twoi go\u015bcie mog\u0105 do Ciebie zadzwoni\u0107, naciskaj\u0105c obraz telefonu na urz\u0105dzeniach mobilnych, a na komputerze Tw\u00f3j numer b\u0119dzie przyci\u0105ga\u0142 wzrok i u\u0142atwi wybieranie. Ba\u0144ka i okno telefonu s\u0105 niezwykle konfigurowalne i pozwalaj\u0105 na stworzenie absolutnie ekskluzywnego stylu Twojego wid\u017cetu. Mo\u017cesz dowolnie pomalowa\u0107 wszystkie cz\u0119\u015bci narz\u0119dzia, aby ca\u0142kowicie dostosowa\u0107 je do zakresu kolor\u00f3w witryny.<\/p> <div class=\"faq\" data-component=\"FAQ\"><div class=\"faq-item\">\r\n\t\t\t\t\t<div class=\"faq-item-question\">\r\n\t\t\t\t\t\t<h3 class=\"faq-item-question-text\">Gdzie mog\u0119 opublikowa\u0107 opcj\u0119 Kliknij, aby po\u0142\u0105czy\u0107<\/h3>\r\n\r\n\t\t\t\t\t\t<div class=\"faq-item-question-icon\"><\/div>\r\n\t\t\t\t\t<\/div>\r\n\r\n\t\t\t\t\t<div class=\"faq-item-answer\">\r\n\t\t\t\t\t\t<div class=\"faq-item-answer-text\"> <p>Mo\u017cesz dowolnie wybierz strony, kt\u00f3rym chcesz wy\u015bwietli\u0107 dymek telefonu i poka\u017c ich adres URL w ustawieniach. Mo\u017cesz te\u017c blokowa\u0107 okre\u015blone strony wed\u0142ug adresu URL.<\/p> <\/div>\r\n\t\t\t\t\t<\/div>\r\n\t\t\t\t<\/div><div class=\"faq-item\">\r\n\t\t\t\t\t<div class=\"faq-item-question\">\r\n\t\t\t\t\t\t<h3 class=\"faq-item-question-text\">Jak mog\u0119 skorzysta\u0107 z przycisku po\u0142\u0105czenia?<\/h3>\r\n\r\n\t\t\t\t\t\t<div class=\"faq-item-question-icon\"><\/div>\r\n\t\t\t\t\t<\/div>\r\n\r\n\t\t\t\t\t<div class=\"faq-item-answer\">\r\n\t\t\t\t\t\t<div class=\"faq-item-answer-text\"> <p>Bezpo\u015brednia rozmowa przez telefon pomaga zamieni\u0107 wi\u0119ksz\u0105 liczb\u0119 potencjalnych nabywc\u00f3w w klient\u00f3w fizycznych . Ponadto proste wybieranie numeru i demonstracja numeru telefonu sprawi\u0105, \u017ce wybieranie numeru b\u0119dzie maksymalnie \u0142atwe.<\/p> <\/div>\r\n\t\t\t\t\t<\/div>\r\n\t\t\t\t<\/div> <div class=\"faq-item\">\r\n\t\t\t\t\t<div class=\"faq-item-question\">\r\n\t\t\t\t\t\t<h3 class=\"faq-item-question-text\">Jak osadzi\u0107 aplikacj\u0119 Call w mojej witrynie Weebly?<\/h3>\r\n\r\n\t\t\t\t\t\t<div class=\"faq-item-question-icon\"><\/div>\r\n\t\t\t\t\t<\/div>\r\n\r\n\t\t\t\t\t<div class=\"faq-item-answer\">\r\n\t\t\t\t\t\t<div class=\"faq-item-answer-text\"> <p>Jedyn\u0105 rzecz\u0105, kt\u00f3r\u0105 mo\u017cesz co musisz zrobi\u0107, to stworzy\u0107 narz\u0119dzie, wybra\u0107 kolory i rozmiar, nast\u0119pnie zapisa\u0107 je i skopiowa\u0107 kod, kt\u00f3ry pojawi si\u0119 w wyskakuj\u0105cym okienku po zako\u0144czeniu procesu tworzenia. Zaimplementuj kod w swojej witrynie.<\/p> <\/div>\r\n\t\t\t\t\t<\/div>\r\n\t\t\t\t<\/div> <\/div> <\/div> <div class=\"application-platform-content-item-features application-platform-content-item\" id=\"features\" data-nav-section=\"features\"> <h2>Funkcje<\/h2> <p>Aby uzyska\u0107 jasny obraz Kliknij, aby po\u0142\u0105czy\u0107. Oto lista podstawowych funkcji. Sprawiaj\u0105, \u017ce aplikacja jest dla Ciebie niezwykle skuteczna: <\/p> <ul><li>Szybkie wybieranie numer\u00f3w na telefonach kom\u00f3rkowych;<\/li> <li>Trzy opcje pozycji wid\u017cetu: p\u0142ywaj\u0105ca w lewo lub w prawo lub niestandardowa;<\/li> <li>Mo\u017cliwo\u015b\u0107 osadzenia wid\u017cetu na wybranych stronach internetowych lub wykluczenia stron internetowych;<\/li> <li>Trzy grupy odwiedzaj\u0105cych, kt\u00f3rym mo\u017cna pokaza\u0107 wid\u017cet: wszystkim, nowym lub tylko powracaj\u0105cym;<\/li> <li> 4 wid\u017cety aktywowanie wyzwalaczy: czas sp\u0119dzony na stronie, czas sp\u0119dzony na stronie, procent przewijania lub pr\u00f3ba wyj\u015bcia.<\/li> <\/ul><p><a href=\"#demo\">Odkryj pe\u0142n\u0105 list\u0119 funkcji w wersji demonstracyjnej <\/a><\/p> <\/div> <div class=\"application-platform-content-item-installation application-platform-content-item\" id=\"installation\" data-nav-section=\"installation\"> <h2>Jak doda\u0107 przycisk \u201eKliknij, aby po\u0142\u0105czy\u0107\u201d w witrynie Weebly<\/h2> <p>Jedyne, co mo\u017cesz zrobi\u0107, to wykona\u0107 nast\u0119puj\u0105ce czynno\u015bci musie\u0107 zrobi\u0107. <\/p> <ol><li><b>Skorzystaj z naszej bezp\u0142atnej wersji demonstracyjnej i zacznij tworzy\u0107 sw\u00f3j unikalny widget. <\/b><br> Okre\u015bl niestandardowy wygl\u0105d i funkcjonalno\u015b\u0107 narz\u0119dzia oraz zastosuj zmiany. <\/li> <li><b>Odbierz sw\u00f3j indywidualny kod, kt\u00f3ry pojawi si\u0119 w polu aplikacji Elfsight. <\/b><br> Zaraz po utworzeniu osobistej wtyczki skopiuj indywidualny kod z wy\u015bwietlonego wyskakuj\u0105cego okienka i zachowaj go na p\u00f3\u017aniej. <\/li> <li><b>Zaanga\u017cuj si\u0119 w korzystanie z narz\u0119dzia w witrynie Weebly. <\/b><br> Zintegruj ostatnio skopiowany kod ze swoj\u0105 witryn\u0105 i zastosuj zmiany. <\/li> <li><b>Gotowe! Osadzanie zosta\u0142o w pe\u0142ni wykonane. <\/b><br> Wejd\u017a na swoj\u0105 stron\u0119 i sprawd\u017a dzia\u0142anie narz\u0119dzia. <\/li><\/ol><p>Nadal nie mo\u017cesz si\u0119 zdecydowa\u0107? Albo masz problemy? Wystarczy napisa\u0107 pro\u015bb\u0119 do naszego dzia\u0142u obs\u0142ugi klienta. Rozwi\u0105\u017cemy ka\u017cdy problem.<\/p> <\/div>","protected":false},"excerpt":{"rendered":"","protected":false},"author":9,"featured_media":0,"parent":2764,"menu_order":0,"comment_status":"closed","ping_status":"closed","template":"templates\/template-application-platform.php","meta":{"publish_to_discourse":"","publish_post_category":"","wpdc_auto_publish_overridden":"","wpdc_topic_tags":"","wpdc_pin_topic":"","wpdc_pin_until":"","discourse_post_id":"","discourse_permalink":"","wpdc_publishing_response":"","wpdc_publishing_error":"","footnotes":""},"class_list":["post-4624","page","type-page","status-publish","hentry"],"yoast_head":"<!-- This site is optimized with the Yoast SEO plugin v25.3.1 - https:\/\/yoast.com\/wordpress\/plugins\/seo\/ -->\n<title>Przycisk po\u0142\u0105czenia Weebly | Dodaj aplikacj\u0119 \u201eKliknij, aby po\u0142\u0105czy\u0107\u201d do witryny internetowej (bezp\u0142atnie i szybko)<\/title>\n<meta name=\"description\" content=\"Dodaj przydatn\u0105 wtyczk\u0119 \u201eKliknij, aby po\u0142\u0105czy\u0107\u201d na swojej stronie internetowej Weebly. Zastosuj zarz\u0105dzalne demo Elfsight i utw\u00f3rz swoj\u0105 unikaln\u0105 wtyczk\u0119 w 1-2-3.\" \/>\n<meta name=\"robots\" content=\"index, follow, max-snippet:-1, max-image-preview:large, max-video-preview:-1\" \/>\n<link rel=\"canonical\" href=\"https:\/\/elfsight.com\/pl\/click-to-call-widget\/weebly\/\" \/>\n<meta property=\"og:locale\" content=\"pl_PL\" \/>\n<meta property=\"og:type\" content=\"article\" \/>\n<meta property=\"og:title\" content=\"Przycisk po\u0142\u0105czenia Weebly | Dodaj aplikacj\u0119 \u201eKliknij, aby po\u0142\u0105czy\u0107\u201d do witryny internetowej (bezp\u0142atnie i szybko)\" \/>\n<meta property=\"og:description\" content=\"Dodaj przydatn\u0105 wtyczk\u0119 \u201eKliknij, aby po\u0142\u0105czy\u0107\u201d na swojej stronie internetowej Weebly. Zastosuj zarz\u0105dzalne demo Elfsight i utw\u00f3rz swoj\u0105 unikaln\u0105 wtyczk\u0119 w 1-2-3.\" \/>\n<meta property=\"og:url\" content=\"https:\/\/elfsight.com\/pl\/click-to-call-widget\/weebly\/\" \/>\n<meta property=\"og:site_name\" content=\"Elfsight PL\" \/>\n<meta property=\"article:modified_time\" content=\"2024-11-14T09:34:47+00:00\" \/>\n<meta name=\"twitter:card\" content=\"summary_large_image\" \/>\n<meta name=\"twitter:label1\" content=\"Szacowany czas czytania\" \/>\n\t<meta name=\"twitter:data1\" content=\"3 minuty\" \/>\n<!-- \/ Yoast SEO plugin. -->","yoast_head_json":{"title":"Przycisk po\u0142\u0105czenia Weebly | Dodaj aplikacj\u0119 \u201eKliknij, aby po\u0142\u0105czy\u0107\u201d do witryny internetowej (bezp\u0142atnie i szybko)","description":"Dodaj przydatn\u0105 wtyczk\u0119 \u201eKliknij, aby po\u0142\u0105czy\u0107\u201d na swojej stronie internetowej Weebly. Zastosuj zarz\u0105dzalne demo Elfsight i utw\u00f3rz swoj\u0105 unikaln\u0105 wtyczk\u0119 w 1-2-3.","robots":{"index":"index","follow":"follow","max-snippet":"max-snippet:-1","max-image-preview":"max-image-preview:large","max-video-preview":"max-video-preview:-1"},"canonical":"https:\/\/elfsight.com\/pl\/click-to-call-widget\/weebly\/","og_locale":"pl_PL","og_type":"article","og_title":"Przycisk po\u0142\u0105czenia Weebly | Dodaj aplikacj\u0119 \u201eKliknij, aby po\u0142\u0105czy\u0107\u201d do witryny internetowej (bezp\u0142atnie i szybko)","og_description":"Dodaj przydatn\u0105 wtyczk\u0119 \u201eKliknij, aby po\u0142\u0105czy\u0107\u201d na swojej stronie internetowej Weebly. Zastosuj zarz\u0105dzalne demo Elfsight i utw\u00f3rz swoj\u0105 unikaln\u0105 wtyczk\u0119 w 1-2-3.","og_url":"https:\/\/elfsight.com\/pl\/click-to-call-widget\/weebly\/","og_site_name":"Elfsight PL","article_modified_time":"2024-11-14T09:34:47+00:00","twitter_card":"summary_large_image","twitter_misc":{"Szacowany czas czytania":"3 minuty"},"schema":{"@context":"https:\/\/schema.org","@graph":[{"@type":"WebPage","@id":"https:\/\/elfsight.com\/pl\/click-to-call-widget\/weebly\/","url":"https:\/\/elfsight.com\/pl\/click-to-call-widget\/weebly\/","name":"Przycisk po\u0142\u0105czenia Weebly | Dodaj aplikacj\u0119 \u201eKliknij, aby po\u0142\u0105czy\u0107\u201d do witryny internetowej (bezp\u0142atnie i szybko)","isPartOf":{"@id":"https:\/\/elfsight.com\/pl\/#website"},"datePublished":"2024-05-03T06:32:23+00:00","dateModified":"2024-11-14T09:34:47+00:00","description":"Dodaj przydatn\u0105 wtyczk\u0119 \u201eKliknij, aby po\u0142\u0105czy\u0107\u201d na swojej stronie internetowej Weebly. Zastosuj zarz\u0105dzalne demo Elfsight i utw\u00f3rz swoj\u0105 unikaln\u0105 wtyczk\u0119 w 1-2-3.","breadcrumb":{"@id":"https:\/\/elfsight.com\/pl\/click-to-call-widget\/weebly\/#breadcrumb"},"inLanguage":"pl-PL","potentialAction":[{"@type":"ReadAction","target":["https:\/\/elfsight.com\/pl\/click-to-call-widget\/weebly\/"]}]},{"@type":"BreadcrumbList","@id":"https:\/\/elfsight.com\/pl\/click-to-call-widget\/weebly\/#breadcrumb","itemListElement":[{"@type":"ListItem","position":1,"name":"Home","item":"https:\/\/elfsight.com\/pl\/"},{"@type":"ListItem","position":2,"name":"Click to Call","item":"https:\/\/elfsight.com\/pl\/click-to-call-widget\/"},{"@type":"ListItem","position":3,"name":"Click to Call &#8211; Weebly"}]},{"@type":"WebSite","@id":"https:\/\/elfsight.com\/pl\/#website","url":"https:\/\/elfsight.com\/pl\/","name":"Elfsight PL","description":"Just another Elfsight Sites site","potentialAction":[{"@type":"SearchAction","target":{"@type":"EntryPoint","urlTemplate":"https:\/\/elfsight.com\/pl\/?s={search_term_string}"},"query-input":{"@type":"PropertyValueSpecification","valueRequired":true,"valueName":"search_term_string"}}],"inLanguage":"pl-PL"}]}},"meta_box":{"industry":"","seo_heading":"","heading":"","description":"","cta_heading":"","cta_description":"","application":"2763","h1":"Aplikacja Weebly Kliknij, aby po\u0142\u0105czy\u0107","h1_caption":"Pozw\u00f3l u\u017cytkownikom na natychmiastowy kontakt z Tob\u0105 za pomoc\u0105 prostego przycisku \u201ekliknij, aby po\u0142\u0105czy\u0107\u201d, dzi\u0119ki czemu \u0142atwiej b\u0119dzie Ci dotrze\u0107 bezpo\u015brednio do Twojej witryny Weebly.","application_category":[],"applications_title":"","applications_request_title":"","applications_request_button_text":"","hero_text":"","hero_video":"","hero_video_schema_markup":"","selling_points_title":"","selling_points_caption":"","selling_points":[],"selling_points_cta_text":"","features_title":"","features":"","ed_cta_examples_text":"","ed_cta_examples_hidden":"","ed_cta_demo_text":"","ed_cta_demo_hidden":"","why_caption":"","why_editor_title":"","why_editor_text":"","why_team_title":"","why_team_text":"","why_service_title":"","why_service_text":"","template_catalog_visible":"","template_catalog_title":"","template_catalog_text":"","template_catalog_categories_visible":"","demo_title":"Utw\u00f3rz aplikacj\u0119 \u201ekliknij, aby po\u0142\u0105czy\u0107\u201d.","demo_caption":"Skonfiguruj us\u0142ug\u0119 Click to Call i dodaj j\u0105 do swojej witryny Weebly za darmo!","default_faq_hidden":"","app_template_category":[],"platform":"132","template_public_id":"","codecanyon_url":"","codecanyon_item_id":"","codecanyon_price":"","pricing_caption":"","pricing_elfsight_apps_hide_column":"","pricing_elfsight_apps_url":"","pricing_codecanyon_price_caption":"","integration_category":[],"integration_request_title":"","integration_request_cta":"","integration_platform":"","integrations":[],"platform_category":[],"video_schema_markup":"","price":"od 0 USD \/ miesi\u0105c","trial":"","benefits":[{"text":"Bezp\u0142atna pomoc w instalacji"},{"text":"Skuteczna obs\u0142uga klienta"},{"text":"14-dniowa gwarancja zwrotu pieni\u0119dzy"}],"button_url":"#demo","button_target_blank":"","button_nofollow":"","attributes":[{"name":"Instaluje"},{"name":"Czu\u0142y"},{"name":"Kompatybilne przegl\u0105darki"}],"tags":[],"tags_disable_links":"","hide_more_platforms":"","video_object":"","demo_hide_cta":"","demo_hide_cloud_options":"","pricing_title":"","pricing":[{"pricing_icon":"platform","pricing_title":"Elfsight Apps","pricing_title_caption":"Wieloplatformowe rozwi\u0105zanie cyfrowe, kt\u00f3re dzia\u0142a w dowolnej witrynie","pricing_price":"od 0 USD \/ miesi\u0105c","pricing_price_caption":"zacznij od bezp\u0142atnego planu","pricing_benefits":[{"text":"Nielimitowane strony internetowe"},{"text":"Wsparcie premium i dobrze udokumentowane"},{"text":"Bezp\u0142atna pomoc w monta\u017cu"},{"text":"W pe\u0142ni konfigurowalny"}],"pricing_button_text":"Dodaj do witryny","pricing_button_url":"#demo"}],"related_apps_title":"","related_apps_hidden":"","author":"","image":[],"title":"","job":"","social_networks":[]},"_links":{"self":[{"href":"https:\/\/elfsight.com\/pl\/wp-json\/wp\/v2\/pages\/4624","targetHints":{"allow":["GET"]}}],"collection":[{"href":"https:\/\/elfsight.com\/pl\/wp-json\/wp\/v2\/pages"}],"about":[{"href":"https:\/\/elfsight.com\/pl\/wp-json\/wp\/v2\/types\/page"}],"author":[{"embeddable":true,"href":"https:\/\/elfsight.com\/pl\/wp-json\/wp\/v2\/users\/9"}],"replies":[{"embeddable":true,"href":"https:\/\/elfsight.com\/pl\/wp-json\/wp\/v2\/comments?post=4624"}],"version-history":[{"count":1,"href":"https:\/\/elfsight.com\/pl\/wp-json\/wp\/v2\/pages\/4624\/revisions"}],"predecessor-version":[{"id":4628,"href":"https:\/\/elfsight.com\/pl\/wp-json\/wp\/v2\/pages\/4624\/revisions\/4628"}],"up":[{"embeddable":true,"href":"https:\/\/elfsight.com\/pl\/wp-json\/wp\/v2\/pages\/2764"}],"wp:attachment":[{"href":"https:\/\/elfsight.com\/pl\/wp-json\/wp\/v2\/media?parent=4624"}],"curies":[{"name":"wp","href":"https:\/\/api.w.org\/{rel}","templated":true}]}}