{"id":4623,"date":"2024-05-03T06:32:22","date_gmt":"2024-05-03T06:32:22","guid":{"rendered":"https:\/\/elfsight.com\/pl\/?page_id=4623"},"modified":"2025-06-25T15:48:56","modified_gmt":"2025-06-25T15:48:56","slug":"wix","status":"publish","type":"page","link":"https:\/\/elfsight.com\/pl\/click-to-call-widget\/wix\/","title":{"rendered":"Click to Call &#8211; Wix"},"content":{"rendered":"<div class=\"application-platform-content-item-description application-platform-content-item\" id=\"description\" data-nav-section=\"description\">\n<h2>Opis<\/h2>\n<p>Przycisk Zadzwo\u0144 teraz Elfsight to \u0142atwa aplikacja dla ka\u017cdej witryny internetowej, kt\u00f3ra u\u0142atwia odwiedzaj\u0105cym rozpocz\u0119cie telefon na Tw\u00f3j numer. Gdy u\u017cytkownicy przegl\u0105daj\u0105 Twoj\u0105 witryn\u0119 na telefonach kom\u00f3rkowych, aplikacja automatycznie wybierze przypisany numer, gdy kto\u015b kliknie ikon\u0119 telefonu. Klikni\u0119cie powoduje wy\u015bwietlenie Twojego numeru na stronie, dzi\u0119ki czemu u\u017cytkownicy mog\u0105 natychmiast do Ciebie zadzwoni\u0107. Mo\u017cesz nie tylko ujawni\u0107 numer, ale tak\u017ce wy\u015bwietli\u0107 okno po\u0142\u0105czenia, kt\u00f3re zawiera imi\u0119 i nazwisko oraz wizerunek osoby kontaktowej oraz podpis. Wszystkie elementy s\u0105 elastyczne, co pozwala na r\u00f3\u017cnorodny wygl\u0105d interfejsu. Istnieje r\u00f3wnie\u017c mo\u017cliwo\u015b\u0107 zdefiniowania wyzwalacza wy\u015bwietlaj\u0105cego ba\u0144k\u0119 na telefon i wybrania kategorii odwiedzaj\u0105cych, dla kt\u00f3rych b\u0119dzie ona wy\u015bwietlana.<\/p>\n<div class=\"faq\" data-component=\"FAQ\">\n    <div class=\"faq-item\">\r\n\t\t\t\t\t<div class=\"faq-item-question\">\r\n\t\t\t\t\t\t<h3 class=\"faq-item-question-text\">Gdzie mog\u0119 opublikowa\u0107 przycisk po\u0142\u0105czenia<\/h3>\r\n\r\n\t\t\t\t\t\t<div class=\"faq-item-question-icon\"><\/div>\r\n\t\t\t\t\t<\/div>\r\n\r\n\t\t\t\t\t<div class=\"faq-item-answer\">\r\n\t\t\t\t\t\t<div class=\"faq-item-answer-text\">\n    <p>Mo\u017cesz doda\u0107 aplikacj\u0119 na dowolnej stronie witryny lub na wszystkich stronach internetowych. W ustawieniach wid\u017cetu dost\u0119pna jest funkcja dodawania adres\u00f3w URL oddzielnych stron, na kt\u00f3rych nale\u017cy w\u0142\u0105czy\u0107 aplikacj\u0119. Lub zastosuj opcj\u0119 Wyklucz i wprowad\u017a adresy URL stron, na kt\u00f3rych chcesz ograniczy\u0107 wy\u015bwietlanie wid\u017cetu.<\/p>\n    <\/div>\r\n\t\t\t\t\t<\/div>\r\n\t\t\t\t<\/div>\n    <div class=\"faq-item\">\r\n\t\t\t\t\t<div class=\"faq-item-question\">\r\n\t\t\t\t\t\t<h3 class=\"faq-item-question-text\">Jakie korzy\u015bci odnios\u0119 z aplikacji?<\/h3>\r\n\r\n\t\t\t\t\t\t<div class=\"faq-item-question-icon\"><\/div>\r\n\t\t\t\t\t<\/div>\r\n\r\n\t\t\t\t\t<div class=\"faq-item-answer\">\r\n\t\t\t\t\t\t<div class=\"faq-item-answer-text\">\n    <p>Mo\u017cesz przyci\u0105gn\u0105\u0107 wi\u0119cej po\u0142\u0105cze\u0144 telefonicznych od os\u00f3b odwiedzaj\u0105cych witryn\u0119, korzystaj\u0105c z szybkiego i wygodnego sposobu dzwonienia do Ciebie przez telefon, bez opuszczania witryny. Mo\u017ce to przyczyni\u0107 si\u0119 do zwi\u0119kszenia liczby kontakt\u00f3w osobistych i sk\u0142oni\u0107 u\u017cytkownik\u00f3w do nowych zakup\u00f3w. Poza tym mo\u017cesz gromadzi\u0107 baz\u0119 danych potencjalnych klient\u00f3w.<\/p>\n    <\/div>\r\n\t\t\t\t\t<\/div>\r\n\t\t\t\t<\/div>\n    <div class=\"faq-item\">\r\n\t\t\t\t\t<div class=\"faq-item-question\">\r\n\t\t\t\t\t\t<h3 class=\"faq-item-question-text\">Jak mog\u0119 doda\u0107 aplikacj\u0119 Call do mojej witryny Wix?<\/h3>\r\n\r\n\t\t\t\t\t\t<div class=\"faq-item-question-icon\"><\/div>\r\n\t\t\t\t\t<\/div>\r\n\r\n\t\t\t\t\t<div class=\"faq-item-answer\">\r\n\t\t\t\t\t\t<div class=\"faq-item-answer-text\">\n    <p>Osadzanie wid\u017cetu zajmuje minut\u0119. Jest niezwykle szybki, darmowy i nie wymaga kodowania.<\/p>\n    <p>Mo\u017cesz wprowadzi\u0107 aplikacj\u0119 na swoj\u0105 stron\u0119 za po\u015brednictwem naszego serwisu. Wystarczy zastosowa\u0107 si\u0119 do poni\u017cszego przewodnika na tej stronie.<\/p>\n    <\/div>\r\n\t\t\t\t\t<\/div>\r\n\t\t\t\t<\/div>\n<\/div>\n<\/div>\n\n<div class=\"application-platform-content-item-features application-platform-content-item\" id=\"features\" data-nav-section=\"features\">\n<h2>Funkcje<\/h2>\n<p>Aby kszta\u0142towa\u0107 lepsz\u0105 znajomo\u015bci aplikacji, odkryj list\u0119 jej g\u0142\u00f3wnych funkcji. Sprawiaj\u0105, \u017ce ten widget jest maksymalnie wydajny dla Twojej firmy:<\/p>\n<ul>\n    <li>Szybkie wybieranie numer\u00f3w na urz\u0105dzeniach mobilnych;<\/li>\n    <li>Wybierz jedn\u0105 z opcji pozycji wid\u017cetu: p\u0142ywaj\u0105ca w lewo lub w prawo lub niestandardowa;<\/li>\n    <li>Mo\u017cliwo\u015b\u0107 umieszczenia wid\u017cetu na okre\u015blonych stronach internetowych lub wykluczenia stron;<\/li>\n    <li>3 grupy u\u017cytkownik\u00f3w, kt\u00f3rym mo\u017cna pokaza\u0107 wid\u017cet: wszystkim, nowym lub tylko powracaj\u0105cym;<\/li>\n    <li>Cztery wbudowane wyzwalacze widget\u00f3w: czas sp\u0119dzony na stronie, czas sp\u0119dzony na stronie, ilo\u015b\u0107 przewini\u0119\u0107 lub zamiar wyj\u015bcia.<\/li>\n<\/ul>\n<p><a href=\"#demo\">Aby pozna\u0107 wi\u0119cej funkcji, zobacz nasze demo na \u017cywo<\/a><\/p>\n<\/div>\n\n<div class=\"application-platform-content-item-installation application-platform-content-item\" id=\"installation\" data-nav-section=\"installation\">\n<h2>Jak doda\u0107 przycisk Kliknij, aby po\u0142\u0105czy\u0107 do swojej witryny Wix<\/h2>\n<p>Kilka \u0142atwych kroki to jedyne, czego potrzebujesz, aby aktywowa\u0107 aplikacj\u0119 Call.<\/p>\n<ol>\n    <li><b>Zaprojektuj w\u0142asny przycisk Zadzwo\u0144 teraz<\/b><br> Korzystaj\u0105c z naszej bezp\u0142atnej wersji demonstracyjnej, skonfiguruj aplikacj\u0119 o preferowanym wygl\u0105dzie i funkcjach. <\/li>\n    <li><b>Skopiuj kod osobisty, aby wy\u015bwietli\u0107 aplikacj\u0119<\/b><br> Po skonfigurowaniu wid\u017cetu otrzymasz indywidualny kod z wy\u015bwietlonego okna aplikacji Elfsight. Skopiuj go do p\u00f3\u017aniejszego wykorzystania.<\/li>\n    <li><b>Wy\u015bwietl aplikacj\u0119 na swojej stronie Wix<\/b><br>Znajd\u017a miejsce, w kt\u00f3rym chcesz wy\u015bwietli\u0107 wid\u017cet i wklej tam zapisany kod. Zastosuj zmiany.<\/li>\n    <li><b>Gotowe!<\/b><br>Odwied\u017a swoj\u0105 witryn\u0119, aby zobaczy\u0107 przycisk po\u0142\u0105czenia.<\/li>\n<\/ol>\n<p>Nadal co\u015b masz w\u0105tpliwo\u015bci? Albo natkn\u0105\u0142e\u015b si\u0119 na co\u015b? Wystarczy napisa\u0107 pro\u015bb\u0119 do naszego dzia\u0142u obs\u0142ugi klienta. Nasi specjali\u015bci rozwi\u0105\u017c\u0105 ka\u017cdy problem.<\/p>\n<\/div>","protected":false},"excerpt":{"rendered":"","protected":false},"author":9,"featured_media":0,"parent":2764,"menu_order":0,"comment_status":"closed","ping_status":"closed","template":"templates\/template-application-platform.php","meta":{"publish_to_discourse":"","publish_post_category":"","wpdc_auto_publish_overridden":"","wpdc_topic_tags":"","wpdc_pin_topic":"","wpdc_pin_until":"","discourse_post_id":"","discourse_permalink":"","wpdc_publishing_response":"","wpdc_publishing_error":"","footnotes":""},"class_list":["post-4623","page","type-page","status-publish","hentry"],"yoast_head":"<!-- This site is optimized with the Yoast SEO plugin v25.3.1 - https:\/\/yoast.com\/wordpress\/plugins\/seo\/ -->\n<title>Przycisk po\u0142\u0105czenia Wix | Dodaj aplikacj\u0119 \u201eKliknij, aby po\u0142\u0105czy\u0107\u201d do witryny internetowej [2025]<\/title>\n<meta name=\"description\" content=\"Kszta\u0142towanie aplikacji przycisku \u201eKliknij, aby po\u0142\u0105czy\u0107\u201d i dodanie jej do witryny Wix jest maksymalnie \u0142atwe. Obs\u0142uga klienta Elfsight jest bezp\u0142atna i szybka.\" \/>\n<meta name=\"robots\" content=\"index, follow, max-snippet:-1, max-image-preview:large, max-video-preview:-1\" \/>\n<link rel=\"canonical\" href=\"https:\/\/elfsight.com\/pl\/click-to-call-widget\/wix\/\" \/>\n<meta property=\"og:locale\" content=\"pl_PL\" \/>\n<meta property=\"og:type\" content=\"article\" \/>\n<meta property=\"og:title\" content=\"Przycisk po\u0142\u0105czenia Wix | Dodaj aplikacj\u0119 \u201eKliknij, aby po\u0142\u0105czy\u0107\u201d do witryny internetowej [2025]\" \/>\n<meta property=\"og:description\" content=\"Kszta\u0142towanie aplikacji przycisku \u201eKliknij, aby po\u0142\u0105czy\u0107\u201d i dodanie jej do witryny Wix jest maksymalnie \u0142atwe. Obs\u0142uga klienta Elfsight jest bezp\u0142atna i szybka.\" \/>\n<meta property=\"og:url\" content=\"https:\/\/elfsight.com\/pl\/click-to-call-widget\/wix\/\" \/>\n<meta property=\"og:site_name\" content=\"Elfsight PL\" \/>\n<meta property=\"article:modified_time\" content=\"2025-06-25T15:48:56+00:00\" \/>\n<meta name=\"twitter:card\" content=\"summary_large_image\" \/>\n<meta name=\"twitter:label1\" content=\"Szacowany czas czytania\" \/>\n\t<meta name=\"twitter:data1\" content=\"3 minuty\" \/>\n<!-- \/ Yoast SEO plugin. -->","yoast_head_json":{"title":"Przycisk po\u0142\u0105czenia Wix | Dodaj aplikacj\u0119 \u201eKliknij, aby po\u0142\u0105czy\u0107\u201d do witryny internetowej [2025]","description":"Kszta\u0142towanie aplikacji przycisku \u201eKliknij, aby po\u0142\u0105czy\u0107\u201d i dodanie jej do witryny Wix jest maksymalnie \u0142atwe. Obs\u0142uga klienta Elfsight jest bezp\u0142atna i szybka.","robots":{"index":"index","follow":"follow","max-snippet":"max-snippet:-1","max-image-preview":"max-image-preview:large","max-video-preview":"max-video-preview:-1"},"canonical":"https:\/\/elfsight.com\/pl\/click-to-call-widget\/wix\/","og_locale":"pl_PL","og_type":"article","og_title":"Przycisk po\u0142\u0105czenia Wix | Dodaj aplikacj\u0119 \u201eKliknij, aby po\u0142\u0105czy\u0107\u201d do witryny internetowej [2025]","og_description":"Kszta\u0142towanie aplikacji przycisku \u201eKliknij, aby po\u0142\u0105czy\u0107\u201d i dodanie jej do witryny Wix jest maksymalnie \u0142atwe. Obs\u0142uga klienta Elfsight jest bezp\u0142atna i szybka.","og_url":"https:\/\/elfsight.com\/pl\/click-to-call-widget\/wix\/","og_site_name":"Elfsight PL","article_modified_time":"2025-06-25T15:48:56+00:00","twitter_card":"summary_large_image","twitter_misc":{"Szacowany czas czytania":"3 minuty"},"schema":{"@context":"https:\/\/schema.org","@graph":[{"@type":"WebPage","@id":"https:\/\/elfsight.com\/pl\/click-to-call-widget\/wix\/","url":"https:\/\/elfsight.com\/pl\/click-to-call-widget\/wix\/","name":"Przycisk po\u0142\u0105czenia Wix | Dodaj aplikacj\u0119 \u201eKliknij, aby po\u0142\u0105czy\u0107\u201d do witryny internetowej [2025]","isPartOf":{"@id":"https:\/\/elfsight.com\/pl\/#website"},"datePublished":"2024-05-03T06:32:22+00:00","dateModified":"2025-06-25T15:48:56+00:00","description":"Kszta\u0142towanie aplikacji przycisku \u201eKliknij, aby po\u0142\u0105czy\u0107\u201d i dodanie jej do witryny Wix jest maksymalnie \u0142atwe. Obs\u0142uga klienta Elfsight jest bezp\u0142atna i szybka.","breadcrumb":{"@id":"https:\/\/elfsight.com\/pl\/click-to-call-widget\/wix\/#breadcrumb"},"inLanguage":"pl-PL","potentialAction":[{"@type":"ReadAction","target":["https:\/\/elfsight.com\/pl\/click-to-call-widget\/wix\/"]}]},{"@type":"BreadcrumbList","@id":"https:\/\/elfsight.com\/pl\/click-to-call-widget\/wix\/#breadcrumb","itemListElement":[{"@type":"ListItem","position":1,"name":"Home","item":"https:\/\/elfsight.com\/pl\/"},{"@type":"ListItem","position":2,"name":"Click to Call","item":"https:\/\/elfsight.com\/pl\/click-to-call-widget\/"},{"@type":"ListItem","position":3,"name":"Click to Call &#8211; Wix"}]},{"@type":"WebSite","@id":"https:\/\/elfsight.com\/pl\/#website","url":"https:\/\/elfsight.com\/pl\/","name":"Elfsight PL","description":"Just another Elfsight Sites site","potentialAction":[{"@type":"SearchAction","target":{"@type":"EntryPoint","urlTemplate":"https:\/\/elfsight.com\/pl\/?s={search_term_string}"},"query-input":{"@type":"PropertyValueSpecification","valueRequired":true,"valueName":"search_term_string"}}],"inLanguage":"pl-PL"}]}},"meta_box":{"industry":"","seo_heading":"","heading":"","description":"","cta_heading":"","cta_description":"","application":"2763","h1":"Przycisk \u201eKliknij, aby po\u0142\u0105czy\u0107\u201d Wix","h1_caption":"Pozw\u00f3l u\u017cytkownikom na natychmiastowy kontakt z Tob\u0105 za pomoc\u0105 prostego przycisku \u201ekliknij, aby po\u0142\u0105czy\u0107\u201d, dzi\u0119ki czemu \u0142atwiej b\u0119dzie Ci dotrze\u0107 bezpo\u015brednio do Twojej witryny Wix.","application_category":[],"applications_title":"","applications_request_title":"","applications_request_button_text":"","hero_text":"","hero_video":"","hero_video_schema_markup":"","selling_points_title":"","selling_points_caption":"","selling_points":[],"selling_points_cta_text":"","features_title":"","features":"","ed_cta_examples_text":"","ed_cta_examples_hidden":"","ed_cta_demo_text":"","ed_cta_demo_hidden":"","why_caption":"","why_editor_title":"","why_editor_text":"","why_team_title":"","why_team_text":"","why_service_title":"","why_service_text":"","template_catalog_visible":"0","template_catalog_title":"","template_catalog_text":"","template_catalog_categories_visible":"","demo_title":"Utw\u00f3rz aplikacj\u0119 \u201ekliknij, aby po\u0142\u0105czy\u0107\u201d.","demo_caption":"Skonfiguruj us\u0142ug\u0119 Click to Call i dodaj j\u0105 do swojej witryny Wix za darmo!","default_faq_hidden":"","app_template_category":[],"platform":"30","template_public_id":"","codecanyon_url":"","codecanyon_item_id":"","codecanyon_price":"","pricing_caption":"","pricing_elfsight_apps_hide_column":"","pricing_elfsight_apps_url":"","pricing_codecanyon_price_caption":"","integration_category":[],"integration_request_title":"","integration_request_cta":"","integration_platform":"","integrations":[],"platform_category":[],"video_schema_markup":"","price":"od 0 USD \/ miesi\u0105c","trial":"","benefits":[{"text":"Bezp\u0142atna pomoc w monta\u017cu"},{"text":"Profesjonalna obs\u0142uga klienta"},{"text":"14-dniowa gwarancja zwrotu pieni\u0119dzy"}],"button_url":"#demo","button_target_blank":"0","button_nofollow":"0","attributes":[{"name":"Instaluje"},{"name":"Czu\u0142y"},{"name":"Kompatybilne przegl\u0105darki"}],"tags":[],"tags_disable_links":"0","hide_more_platforms":"0","video_object":"","demo_hide_cta":"0","demo_hide_cloud_options":"0","pricing_title":"","pricing":[{"pricing_icon":"platform","pricing_title":"Elfsight Apps","pricing_title_caption":"Rozwi\u0105zanie wieloplatformowe","pricing_price":"od 0 USD \/ miesi\u0105c","pricing_price_caption":"zacznij od bezp\u0142atnego planu","pricing_benefits":[{"text":"Nielimitowane domeny"},{"text":"Profesjonalna obs\u0142uga klienta"},{"text":"Bezp\u0142atna pomoc w monta\u017cu"},{"text":"Specjalna cena za wiele aplikacji"}],"pricing_button_text":"Dodaj do witryny","pricing_button_url":"#demo"}],"related_apps_title":"","related_apps_hidden":"0","author":"","image":[],"title":"","job":"","social_networks":[]},"_links":{"self":[{"href":"https:\/\/elfsight.com\/pl\/wp-json\/wp\/v2\/pages\/4623","targetHints":{"allow":["GET"]}}],"collection":[{"href":"https:\/\/elfsight.com\/pl\/wp-json\/wp\/v2\/pages"}],"about":[{"href":"https:\/\/elfsight.com\/pl\/wp-json\/wp\/v2\/types\/page"}],"author":[{"embeddable":true,"href":"https:\/\/elfsight.com\/pl\/wp-json\/wp\/v2\/users\/9"}],"replies":[{"embeddable":true,"href":"https:\/\/elfsight.com\/pl\/wp-json\/wp\/v2\/comments?post=4623"}],"version-history":[{"count":2,"href":"https:\/\/elfsight.com\/pl\/wp-json\/wp\/v2\/pages\/4623\/revisions"}],"predecessor-version":[{"id":10506,"href":"https:\/\/elfsight.com\/pl\/wp-json\/wp\/v2\/pages\/4623\/revisions\/10506"}],"up":[{"embeddable":true,"href":"https:\/\/elfsight.com\/pl\/wp-json\/wp\/v2\/pages\/2764"}],"wp:attachment":[{"href":"https:\/\/elfsight.com\/pl\/wp-json\/wp\/v2\/media?parent=4623"}],"curies":[{"name":"wp","href":"https:\/\/api.w.org\/{rel}","templated":true}]}}